{"id":2071,"date":"2021-09-06T19:59:12","date_gmt":"2021-09-06T19:59:12","guid":{"rendered":"https:\/\/comparemyjet.com\/?page_id=2071"},"modified":"2025-09-04T09:58:23","modified_gmt":"2025-09-04T09:58:23","slug":"how-to-book-empty-leg-flights","status":"publish","type":"page","link":"https:\/\/comparemyjet.com\/da\/how-to-book-empty-leg-flights\/","title":{"rendered":"S\u00e5dan booker du flyvninger med tomme ben"},"content":{"rendered":"<p>Hvis du er passager i et privatfly eller har v\u00e6ret det mindst \u00e9n gang i dit liv, har du sikkert h\u00f8rt om udtrykket tomme ben. Mange mennesker kender til dette udtryk, men er usikre p\u00e5, hvad det egentlig betyder, og hvorfor det skulle betyde noget for dem.<\/p>\r\n\r\n\r\n\r\n<p>I denne artikel vil jeg forklare, hvad <em>Flyvninger med tomme ben<\/em> er med hensyn til private jetfly, hvor praktiske de er, og hvordan man finder og booker et, s\u00e5 lad os komme i gang.<\/p>\r\n\r\n\r\n\r\n<div id=\"ez-toc-container\" class=\"ez-toc-v2_0_76 counter-hierarchy ez-toc-counter ez-toc-grey ez-toc-container-direction\">\n<p class=\"ez-toc-title\" style=\"cursor:inherit\">Emner<\/p>\n<label for=\"ez-toc-cssicon-toggle-item-69de1e4f62e90\" class=\"ez-toc-cssicon-toggle-label\"><span class=\"\"><span class=\"eztoc-hide\" style=\"display:none;\">Toggle<\/span><span class=\"ez-toc-icon-toggle-span\"><svg style=\"fill: #999;color:#999\" xmlns=\"http:\/\/www.w3.org\/2000\/svg\" class=\"list-377408\" width=\"20px\" height=\"20px\" viewbox=\"0 0 24 24\" fill=\"none\"><path d=\"M6 6H4v2h2V6zm14 0H8v2h12V6zM4 11h2v2H4v-2zm16 0H8v2h12v-2zM4 16h2v2H4v-2zm16 0H8v2h12v-2z\" fill=\"currentColor\"><\/path><\/svg><svg style=\"fill: #999;color:#999\" class=\"arrow-unsorted-368013\" xmlns=\"http:\/\/www.w3.org\/2000\/svg\" width=\"10px\" height=\"10px\" viewbox=\"0 0 24 24\" version=\"1.2\" baseprofile=\"tiny\"><path d=\"M18.2 9.3l-6.2-6.3-6.2 6.3c-.2.2-.3.4-.3.7s.1.5.3.7c.2.2.4.3.7.3h11c.3 0 .5-.1.7-.3.2-.2.3-.5.3-.7s-.1-.5-.3-.7zM5.8 14.7l6.2 6.3 6.2-6.3c.2-.2.3-.5.3-.7s-.1-.5-.3-.7c-.2-.2-.4-.3-.7-.3h-11c-.3 0-.5.1-.7.3-.2.2-.3.5-.3.7s.1.5.3.7z\"\/><\/svg><\/span><\/span><\/label><input type=\"checkbox\"  id=\"ez-toc-cssicon-toggle-item-69de1e4f62e90\" checked aria-label=\"Toggle\" \/><nav><ul class='ez-toc-list ez-toc-list-level-1' ><li class='ez-toc-page-1 ez-toc-heading-level-2'><a class=\"ez-toc-link ez-toc-heading-1\" href=\"https:\/\/comparemyjet.com\/da\/how-to-book-empty-leg-flights\/#What_Are_Empty_Leg_Flights\" >Hvad er tomme ben-flyvninger?<\/a><ul class='ez-toc-list-level-3' ><li class='ez-toc-heading-level-3'><a class=\"ez-toc-link ez-toc-heading-2\" href=\"https:\/\/comparemyjet.com\/da\/how-to-book-empty-leg-flights\/#When_Do_Empty_Legs_Occur\" >Hvorn\u00e5r opst\u00e5r tomme ben?<\/a><\/li><li class='ez-toc-page-1 ez-toc-heading-level-3'><a class=\"ez-toc-link ez-toc-heading-3\" href=\"https:\/\/comparemyjet.com\/da\/how-to-book-empty-leg-flights\/#Is_Empty_Leg_Flying_Bad_For_The_Company\" >Er det d\u00e5rligt for virksomheden at flyve med tomme ben?<\/a><\/li><\/ul><\/li><li class='ez-toc-page-1 ez-toc-heading-level-2'><a class=\"ez-toc-link ez-toc-heading-4\" href=\"https:\/\/comparemyjet.com\/da\/how-to-book-empty-leg-flights\/#How_To_Book_Empty_Legs\" >Hvordan booker man Empty Legs?<\/a><ul class='ez-toc-list-level-3' ><li class='ez-toc-heading-level-3'><a class=\"ez-toc-link ez-toc-heading-5\" href=\"https:\/\/comparemyjet.com\/da\/how-to-book-empty-leg-flights\/#The_Old_School_Way\" >Den gamle skolevej<\/a><\/li><li class='ez-toc-page-1 ez-toc-heading-level-3'><a class=\"ez-toc-link ez-toc-heading-6\" href=\"https:\/\/comparemyjet.com\/da\/how-to-book-empty-leg-flights\/#Contact_a_Charter_Broker\" >Kontakt en charterm\u00e6gler<\/a><\/li><li class='ez-toc-page-1 ez-toc-heading-level-3'><a class=\"ez-toc-link ez-toc-heading-7\" href=\"https:\/\/comparemyjet.com\/da\/how-to-book-empty-leg-flights\/#Book_Online\" >Book online<\/a><\/li><li class='ez-toc-page-1 ez-toc-heading-level-3'><a class=\"ez-toc-link ez-toc-heading-8\" href=\"https:\/\/comparemyjet.com\/da\/how-to-book-empty-leg-flights\/#Become_a_Member\" >Bliv medlem<\/a><\/li><\/ul><\/li><li class='ez-toc-page-1 ez-toc-heading-level-2'><a class=\"ez-toc-link ez-toc-heading-9\" href=\"https:\/\/comparemyjet.com\/da\/how-to-book-empty-leg-flights\/#What_To_Expect\" >Hvad du kan forvente<\/a><\/li><li class='ez-toc-page-1 ez-toc-heading-level-2'><a class=\"ez-toc-link ez-toc-heading-10\" href=\"https:\/\/comparemyjet.com\/da\/how-to-book-empty-leg-flights\/#Empty_Legs_Downsides\" >Ulemper ved tomme ben<\/a><ul class='ez-toc-list-level-3' ><li class='ez-toc-heading-level-3'><a class=\"ez-toc-link ez-toc-heading-11\" href=\"https:\/\/comparemyjet.com\/da\/how-to-book-empty-leg-flights\/#One-Way_Only\" >Kun \u00e9n vej<\/a><\/li><li class='ez-toc-page-1 ez-toc-heading-level-3'><a class=\"ez-toc-link ez-toc-heading-12\" href=\"https:\/\/comparemyjet.com\/da\/how-to-book-empty-leg-flights\/#Short-Notice_Reservation\" >Reservation med kort varsel<\/a><\/li><li class='ez-toc-page-1 ez-toc-heading-level-3'><a class=\"ez-toc-link ez-toc-heading-13\" href=\"https:\/\/comparemyjet.com\/da\/how-to-book-empty-leg-flights\/#Last-Minute_Changes\" >\u00c6ndringer i sidste \u00f8jeblik<\/a><\/li><li class='ez-toc-page-1 ez-toc-heading-level-3'><a class=\"ez-toc-link ez-toc-heading-14\" href=\"https:\/\/comparemyjet.com\/da\/how-to-book-empty-leg-flights\/#Empty_Legs_Pros_and_Cons\" >Fordele og ulemper ved tomme ben<\/a><\/li><\/ul><\/li><li class='ez-toc-page-1 ez-toc-heading-level-2'><a class=\"ez-toc-link ez-toc-heading-15\" href=\"https:\/\/comparemyjet.com\/da\/how-to-book-empty-leg-flights\/#Summary\" >Resum\u00e9<\/a><\/li><\/ul><\/nav><\/div>\n<h2 class=\"wp-block-heading\"><span class=\"ez-toc-section\" id=\"What_Are_Empty_Leg_Flights\"><\/span>Hvad er tomme ben-flyvninger?<span class=\"ez-toc-section-end\"><\/span><\/h2>\r\n\r\n\r\n\r\n<p>Som navnet <em>lidt <\/em>foresl\u00e5r, flyvninger med tomme ben, eller bare <em>tomme ben<\/em>er private charterflyvninger, der er planlagt til at flyve uden passagerer. S\u00e5 n\u00e5r der ikke er nogen passagerer p\u00e5 flyet, har du et fly med tomme ben.<\/p>\r\n\r\n\r\n\r\n<p>Hvis du undrer dig over, hvordan det er muligt, at et privatfly er planlagt til at flyve, mens det er tomt, skal du huske p\u00e5, at passagerkapaciteten alligevel er begr\u00e6nset, og endnu vigtigere er det, at disse fly bliver booket lidt anderledes end resten.<\/p>\r\n\r\n\r\n\r\n<h3 class=\"wp-block-heading\"><span class=\"ez-toc-section\" id=\"When_Do_Empty_Legs_Occur\"><\/span>Hvorn\u00e5r opst\u00e5r tomme ben?<span class=\"ez-toc-section-end\"><\/span><\/h3>\r\n\r\n\r\n\r\n<p>Tomme ben opst\u00e5r typisk, n\u00e5r et fly er n\u00f8dt til at flytte sig fra en base til en anden af forskellige \u00e5rsager. Det kan v\u00e6re p\u00e5 grund af et andet fly, der venter, lad os sige i <a href=\"https:\/\/comparemyjet.com\/da\/private-tours\/new-york-city-private-tours\/\" data-internallinksmanager029f6b8e52c=\"427\" title=\"11 bedste private ture i New York City fra $48.00\">New York<\/a>, mens str\u00e5len er placeret i <a href=\"https:\/\/comparemyjet.com\/da\/private-tours\/miami-private-tours\/\" data-internallinksmanager029f6b8e52c=\"422\" title=\"De 11 bedste private ture i Miami fra $99.00\">Miami<\/a>. Eller hvis der er nogle juridiske grunde til, at jetflyet skal flyttes.<\/p>\r\n\r\n\r\n\r\n<p>I dette tilf\u00e6lde ville kaptajnen flyve et tomt jetfly, og den flyvning ville blive kaldt en <em>flyvning med tomme ben.<\/em> En anden grund til, at et fly kan blive \"tvunget\" til at flyve tomt, er, n\u00e5r det ikke beh\u00f8ver at vente p\u00e5 passagererne, n\u00e5r det s\u00e6tter dem af p\u00e5 en bestemt destination.&nbsp;<\/p>\r\n\r\n\r\n\r\n<p>Forestil dig for eksempel, at du er newyorker (eller m\u00e5ske er du), og du flyver med et privatfly til <a href=\"https:\/\/comparemyjet.com\/da\/private-tours\/paris-private-tours\/\" data-internallinksmanager029f6b8e52c=\"252\" title=\"De 11 bedste private ture i Paris fra $68.94\">Paris<\/a>. Det er bare dig og din \u00e6gtef\u00e6lle, og I skal tilbringe en hel uge i Frankrig.<\/p>\r\n\r\n\r\n\r\n<p>Du har kun bestilt en enkeltbillet, s\u00e5 kaptajnen har ikke t\u00e6nkt sig at vente p\u00e5, at din ferie er forbi. Selv hvis du havde planlagt en tovejsrejse, er der ingen grund til, at piloten skal tilbringe en uge i Paris, og derfor vil den flyve tomme ben tilbage til New York.<\/p>\r\n\r\n\r\n<div class=\"wp-block-image\">\r\n<figure class=\"aligncenter size-large\"><img loading=\"lazy\" decoding=\"async\" width=\"683\" height=\"1024\" src=\"https:\/\/comparemyjet.com\/wp-content\/uploads\/2021\/08\/How-To-Book-Empty-Leg-Flights-1-683x1024.jpg\" alt=\"Privatfly-vindue\" class=\"wp-image-2077\" srcset=\"https:\/\/comparemyjet.com\/wp-content\/uploads\/2021\/08\/How-To-Book-Empty-Leg-Flights-1-200x300.jpg 200w, https:\/\/comparemyjet.com\/wp-content\/uploads\/2021\/08\/How-To-Book-Empty-Leg-Flights-1-683x1024.jpg 683w, https:\/\/comparemyjet.com\/wp-content\/uploads\/2021\/08\/How-To-Book-Empty-Leg-Flights-1-768x1152.jpg 768w, https:\/\/comparemyjet.com\/wp-content\/uploads\/2021\/08\/How-To-Book-Empty-Leg-Flights-1-1024x1536.jpg 1024w, https:\/\/comparemyjet.com\/wp-content\/uploads\/2021\/08\/How-To-Book-Empty-Leg-Flights-1-1365x2048.jpg 1365w, https:\/\/comparemyjet.com\/wp-content\/uploads\/2021\/08\/How-To-Book-Empty-Leg-Flights-1-scaled.jpg 1707w\" sizes=\"auto, (max-width: 683px) 100vw, 683px\" \/><\/figure><\/div>\r\n\r\n\r\n<h3 class=\"wp-block-heading\"><span class=\"ez-toc-section\" id=\"Is_Empty_Leg_Flying_Bad_For_The_Company\"><\/span>Er det d\u00e5rligt for virksomheden at flyve med tomme ben?<span class=\"ez-toc-section-end\"><\/span><\/h3>\r\n\r\n\r\n\r\n<p>Flyselskabet eller den, der ejer flyet, mister mange penge, n\u00e5r det flyver tomt. Du og din \u00e6gtef\u00e6lle har sikkert betalt mange penge for at komme fra New York til Paris, hvilket sikkert har d\u00e6kket udgifterne til br\u00e6ndstof, men at flyve tom tilbage er at spilde penge ud af vinduet.<\/p>\r\n\r\n\r\n\r\n<p>Det er derfor, ejeren af flyet leder efter m\u00e5der at udfylde disse ben p\u00e5 ved at tilbyde gode tilbud til folk for at f\u00e5 dem om bord.<\/p>\r\n\r\n\r\n\r\n<h2 class=\"wp-block-heading\"><span class=\"ez-toc-section\" id=\"How_To_Book_Empty_Legs\"><\/span>Hvordan booker man Empty Legs?<span class=\"ez-toc-section-end\"><\/span><\/h2>\r\n\r\n\r\n\r\n<p>Nu hvor du ved, hvad empty leg-flyvninger er, kan vi g\u00e5 videre til den mere komplicerede del, som er bookingprocessen. Desv\u00e6rre er denne proces ikke s\u00e5 ligetil, fordi der ikke er et s\u00e6rligt sted p\u00e5 selskabets hjemmeside dedikeret til booking af empty leg-flyvninger, s\u00e5 du ved faktisk ikke, hvilke jetfly der flyver tomt og hvorn\u00e5r.<\/p>\r\n\r\n\r\n\r\n<p>Heldigvis er der andre m\u00e5der, hvorp\u00e5 du kan f\u00e5 fat i information om tomme ben.<\/p>\r\n\r\n\r\n\r\n<h3 class=\"wp-block-heading\"><span class=\"ez-toc-section\" id=\"The_Old_School_Way\"><\/span>Den gamle skolevej<span class=\"ez-toc-section-end\"><\/span><\/h3>\r\n\r\n\r\n\r\n<p>En m\u00e5de, som ogs\u00e5 er den <em>billigst <\/em>m\u00e5de at f\u00e5 oplysninger om tomflyvninger p\u00e5, er at g\u00e5 old school og sp\u00f8rge flyejere direkte.&nbsp;<\/p>\r\n\r\n\r\n\r\n<p>Hvis du for eksempel ofte flyver en bestemt rute, lad os sige, <a href=\"https:\/\/comparemyjet.com\/da\/ibiza-to-london-private-flight-jet\/\" data-internallinksmanager029f6b8e52c=\"12\" title=\"Ibiza til London med privatfly\">London til Ibiza<\/a>Hvis du er stamkunde, kan du bede kaptajnen om at give dig besked, n\u00e5r de har ledige ben.<\/p>\r\n\r\n\r\n\r\n<p><a href=\"https:\/\/www.exclusive-air.com\/contact.html\" target=\"_blank\" rel=\"noreferrer noopener nofollow\">Nogle operat\u00f8rer<\/a> har ogs\u00e5 mailsystemer til dette form\u00e5l. Det eneste, du skal g\u00f8re, er at g\u00e5 ind p\u00e5 deres hjemmesider, udfylde formularen og tilmelde dig et nyhedsbrev, s\u00e5 du f\u00e5r besked, n\u00e5r der dukker et fly med tomme ben op. Eller du kan bare ringe til dem og chatte direkte med en af deres repr\u00e6sentanter.<\/p>\r\n\r\n\r\n\r\n<h3 class=\"wp-block-heading\"><span class=\"ez-toc-section\" id=\"Contact_a_Charter_Broker\"><\/span>Kontakt en charterm\u00e6gler<span class=\"ez-toc-section-end\"><\/span><\/h3>\r\n\r\n\r\n\r\n<p>Hvis du ikke kan lide tanken om at bede flyejere om at give dig besked, er en anden mulighed at sp\u00f8rge charterm\u00e6glere, hvis job netop er dette.<\/p>\r\n\r\n\r\n\r\n<p>Disse fagfolk overv\u00e5ger konstant himlen for private jetfly og ved som regel, om der er et fly med tomme ben p\u00e5 et givent tidspunkt. Det er selvf\u00f8lgelig en dyrere l\u00f8sning end at g\u00e5 old school og tage en \u00e6rlig snak med kaptajnen eller ejeren af jetflyet.<\/p>\r\n\r\n\r\n\r\n<p>Men at kontakte en m\u00e6gler vil v\u00e6re meget mere tidseffektivt og pr\u00e6cist. Husk p\u00e5, at m\u00e6gleren vil have sit gebyr i forhold til den pris, du betaler for flyrejsen. S\u00e5 s\u00f8rg for at sp\u00f8rge om alle detaljer vedr\u00f8rende betaling, f\u00f8r du beder en m\u00e6gler om at hj\u00e6lpe dig.<\/p>\r\n\r\n\r\n\r\n<h3 class=\"wp-block-heading\"><span class=\"ez-toc-section\" id=\"Book_Online\"><\/span>Book online<span class=\"ez-toc-section-end\"><\/span><\/h3>\r\n\r\n\r\n<div class=\"wp-block-image\">\r\n<figure class=\"aligncenter size-large\"><img loading=\"lazy\" decoding=\"async\" width=\"1024\" height=\"425\" src=\"https:\/\/comparemyjet.com\/wp-content\/uploads\/2021\/08\/How-To-Book-Empty-Leg-Flights-4-1024x425.jpg\" alt=\"Plan sans\" class=\"wp-image-2075\" srcset=\"https:\/\/comparemyjet.com\/wp-content\/uploads\/2021\/08\/How-To-Book-Empty-Leg-Flights-4-300x125.jpg 300w, https:\/\/comparemyjet.com\/wp-content\/uploads\/2021\/08\/How-To-Book-Empty-Leg-Flights-4-768x319.jpg 768w, https:\/\/comparemyjet.com\/wp-content\/uploads\/2021\/08\/How-To-Book-Empty-Leg-Flights-4-1024x425.jpg 1024w, https:\/\/comparemyjet.com\/wp-content\/uploads\/2021\/08\/How-To-Book-Empty-Leg-Flights-4-1536x638.jpg 1536w, https:\/\/comparemyjet.com\/wp-content\/uploads\/2021\/08\/How-To-Book-Empty-Leg-Flights-4.jpg 1846w\" sizes=\"auto, (max-width: 1024px) 100vw, 1024px\" \/><\/figure><\/div>\r\n\r\n\r\n<p>Der er nogle hjemmesider som <a href=\"https:\/\/www.planesense.com\/\" target=\"_blank\" rel=\"noreferrer noopener nofollow\">PlaneSense<\/a> eller <a href=\"https:\/\/www.libertyjet.com\/\" target=\"_blank\" rel=\"noreferrer noopener nofollow\">LibertyJet<\/a> der fors\u00f8ger at samle information om tomme ben, s\u00e5 du nemt kan booke dem online. Nogle har mere succes med det, de g\u00f8r, mens andre ikke har s\u00e5 meget.<\/p>\r\n\r\n\r\n\r\n<p>Det er dog ikke en nem opgave, da der ikke er noget egentligt m\u00f8nster at f\u00f8lge, n\u00e5r man samler disse data. I mods\u00e6tning til kommercielle flyselskaber, der har deres flyplan klar m\u00e5neder eller endda et \u00e5r i forvejen eller l\u00e6ngere, er private jetfly lidt uforudsigelige, og derfor er processen med at finde og booke en privat flyvning lidt vanskelig.<\/p>\r\n\r\n\r\n\r\n<h3 class=\"wp-block-heading\"><span class=\"ez-toc-section\" id=\"Become_a_Member\"><\/span>Bliv medlem<span class=\"ez-toc-section-end\"><\/span><\/h3>\r\n\r\n\r\n\r\n<p>De fleste hjemmesider, hvor du kan booke <a href=\"https:\/\/comparemyjet.com\/da\/how-much-does-a-private-jet-cost-to-hire\/\" target=\"_blank\" rel=\"noreferrer noopener\">privat<\/a><a href=\"https:\/\/comparemyjet.com\/da\/how-much-does-a-private-jet-cost-to-hire\/\" target=\"_blank\" rel=\"noreferrer noopener nofollow\">e<\/a><a href=\"https:\/\/comparemyjet.com\/da\/how-much-does-a-private-jet-cost-to-hire\/\" target=\"_blank\" rel=\"noreferrer noopener\"> jetfly<\/a>, s\u00e5som <a href=\"https:\/\/www.exclusive-air.com\/contact.html\" target=\"_blank\" rel=\"noreferrer noopener nofollow\">Eksklusiv luft<\/a>, <a href=\"https:\/\/charterjetone.com\/\" target=\"_blank\" rel=\"noreferrer noopener nofollow\">Charterfly<\/a>, eller <a href=\"https:\/\/www.vistajet.com\/en\/empty-legs\/\" target=\"_blank\" rel=\"noreferrer noopener nofollow\">VistaJet<\/a>tilbyder forskellige medlemskabspakker. Hvis du bliver medlem, vil du, baseret p\u00e5 din status, have visse fordele, og en af dem kan v\u00e6re tilbud om rabatter eller advarsler om <em>tomme ben<\/em>.<\/p>\r\n\r\n\r\n\r\n<h2 class=\"wp-block-heading\"><span class=\"ez-toc-section\" id=\"What_To_Expect\"><\/span>Hvad du kan forvente<span class=\"ez-toc-section-end\"><\/span><\/h2>\r\n\r\n\r\n\r\n<p>Du kan f\u00e5 vanvittige tilbud p\u00e5 flyvninger med tomme ben, nogle gange endda op til 80% rabat p\u00e5 den reelle pris. Men i nogle tilf\u00e6lde er du n\u00f8dt til at g\u00e5 en ekstra mil for at f\u00e5 denne godbid.<\/p>\r\n\r\n\r\n\r\n<p>For eksempel skal du v\u00e6re virkelig fleksibel, fordi det er dig, der hopper p\u00e5 et \"n\u00e6sten gratis\" fly, og der er andre kunder, der faktisk venter p\u00e5, at flyet henter dem p\u00e5 destinationen. De andre passagerer har betalt fuld pris, og er de <em>de jure<\/em> og <em>de facto <\/em>kunder. Det betyder, at de har ret til at udskyde flyvningen, uanset om det er et par timer eller et par dage, afh\u00e6ngigt af selskabet og deres regler.<\/p>\r\n\r\n\r\n\r\n<p>Det er ikke overraskende, for du er sikkert klar over, at en passager i et privatfly bliver behandlet <em>virkelig p\u00e6nt<\/em>. S\u00e5 hvis du vil hoppe p\u00e5 et fly med en tom ben-pris, skal du v\u00e6re forberedt p\u00e5, at dine planer kan \u00e6ndre sig, i hvert fald en lille smule.&nbsp;<\/p>\r\n\r\n\r\n\r\n<figure class=\"wp-block-image size-large\"><img loading=\"lazy\" decoding=\"async\" width=\"1024\" height=\"421\" src=\"https:\/\/comparemyjet.com\/wp-content\/uploads\/2021\/08\/How-To-Book-Empty-Leg-Flights-3-1024x421.jpg\" alt=\"liberty jet\" class=\"wp-image-2074\" srcset=\"https:\/\/comparemyjet.com\/wp-content\/uploads\/2021\/08\/How-To-Book-Empty-Leg-Flights-3-300x123.jpg 300w, https:\/\/comparemyjet.com\/wp-content\/uploads\/2021\/08\/How-To-Book-Empty-Leg-Flights-3-768x316.jpg 768w, https:\/\/comparemyjet.com\/wp-content\/uploads\/2021\/08\/How-To-Book-Empty-Leg-Flights-3-1024x421.jpg 1024w, https:\/\/comparemyjet.com\/wp-content\/uploads\/2021\/08\/How-To-Book-Empty-Leg-Flights-3-1536x631.jpg 1536w, https:\/\/comparemyjet.com\/wp-content\/uploads\/2021\/08\/How-To-Book-Empty-Leg-Flights-3.jpg 1881w\" sizes=\"auto, (max-width: 1024px) 100vw, 1024px\" \/><\/figure>\r\n\r\n\r\n\r\n<h2 class=\"wp-block-heading\"><span class=\"ez-toc-section\" id=\"Empty_Legs_Downsides\"><\/span>Ulemper ved tomme ben<span class=\"ez-toc-section-end\"><\/span><\/h2>\r\n\r\n\r\n\r\n<p>Der er ikke noget, der kan g\u00e5 galt med en empty legs-aftale, men der er visse aspekter, der kan komme i vejen. S\u00e5danne flyvninger kr\u00e6ver, at du er fleksibel hele tiden, t\u00e5lmodig, og der er begr\u00e6nsede muligheder med hensyn til ruter.<\/p>\r\n\r\n\r\n\r\n<p>Selvom jeg er fan af tomme ben, og jeg konstant venter p\u00e5 at f\u00e5 besked om, at de er ledige, m\u00e5 jeg p\u00e5pege nogle ting, der kan v\u00e6re ret irriterende.<\/p>\r\n\r\n\r\n\r\n<h3 class=\"wp-block-heading\"><span class=\"ez-toc-section\" id=\"One-Way_Only\"><\/span>Kun \u00e9n vej<span class=\"ez-toc-section-end\"><\/span><\/h3>\r\n\r\n\r\n\r\n<p>Nu er du sikkert klar over, at du kun kan booke en empty leg-flyvning i \u00e9n retning. Med andre ord kan du ikke booke en flyrejse hjem, eller hvor som helst ellers, med en enkelt betaling.<\/p>\r\n\r\n\r\n\r\n<p>Selvom flyvninger med tomme ben kan spare dig for mange penge, da rabatterne ligger et sted mellem 50 og 70%, kan du ogs\u00e5 miste nogle, hvis du for eksempel ikke finder et passende fly til hjemrejsen.<\/p>\r\n\r\n\r\n\r\n<h3 class=\"wp-block-heading\"><span class=\"ez-toc-section\" id=\"Short-Notice_Reservation\"><\/span>Reservation med kort varsel<span class=\"ez-toc-section-end\"><\/span><\/h3>\r\n\r\n\r\n\r\n<p>En anden ting ved flyvninger med tomme ben er, at du ikke kan booke dem. <em>virkelig <\/em>p\u00e5 forh\u00e5nd, som du ville g\u00f8re, hvis du fulgte den almindelige procedure. Denne slags flyvninger er kun kendt et par dage f\u00f8r afgang, og det er op til dig at tr\u00e6ffe en hurtig beslutning.<\/p>\r\n\r\n\r\n\r\n<p>Det er derfor, at folk, der kan lide at planl\u00e6gge deres tid i forvejen og ikke er tilb\u00f8jelige til spontane beslutninger, har en tendens til at undg\u00e5 disse sidste \u00f8jebliks bookinger. Men med det prisfald er det m\u00e5ske alligevel stresset v\u00e6rd.&nbsp;<\/p>\r\n\r\n\r\n\r\n<h3 class=\"wp-block-heading\"><span class=\"ez-toc-section\" id=\"Last-Minute_Changes\"><\/span>\u00c6ndringer i sidste \u00f8jeblik<span class=\"ez-toc-section-end\"><\/span><\/h3>\r\n\r\n\r\n\r\n<p>Dette h\u00e6nger sammen med den sidste overskrift, hvor vi konkluderede, at flyvninger med tomme ben ikke er for dem, der planl\u00e6gger i forvejen. Med et tomt ben er du aldrig sikker p\u00e5, om og hvorn\u00e5r du letter.<\/p>\r\n\r\n\r\n\r\n<p>Husk p\u00e5, at en flyvning med tomme ben kun er en sidekomponent til en flyvning, der er <em>officielt <\/em>finder sted.&nbsp;<\/p>\r\n\r\n\r\n\r\n<p>Lad os sige, at et jetfly er parkeret i London, men har en flyvning fra <a href=\"https:\/\/comparemyjet.com\/da\/private-jet-charters-to-edinburgh\/\" data-internallinksmanager029f6b8e52c=\"143\" title=\"Charter med privatfly til Edinburgh\">Edinburgh<\/a> til <a href=\"https:\/\/comparemyjet.com\/da\/private-tours\/madrid-private-tours\/\" data-internallinksmanager029f6b8e52c=\"362\" title=\"11 bedste private ture i Madrid fra $32.60\">Madrid<\/a> den n\u00e6ste dag. Den skal jo til Skotland, s\u00e5 der bliver nok mulighed for en tom etape fra <a href=\"https:\/\/comparemyjet.com\/da\/london-to-edinburgh-private-jet-flight\/\" data-internallinksmanager029f6b8e52c=\"56\" title=\"London til Edinburgh med privatfly\">London til Edinburgh<\/a>. Men hvis de passagerer, der venter i Skotland, \u00f8nsker at udskyde deres afgang, eller endnu v\u00e6rre, aflyse den, vil dit tomme fly ogs\u00e5 blive aflyst.<\/p>\r\n\r\n\r\n\r\n<h3 class=\"wp-block-heading\"><span class=\"ez-toc-section\" id=\"Empty_Legs_Pros_and_Cons\"><\/span>Fordele og ulemper ved tomme ben<span class=\"ez-toc-section-end\"><\/span><\/h3>\r\n\r\n\r\n\r\n<p>Ligesom med alt andet i livet er der gode og d\u00e5rlige sider ved at flyve med tomme ben, s\u00e5 lad os se n\u00e6rmere p\u00e5 fordele og ulemper ved at booke en s\u00e5dan flyrejse.<\/p>\r\n\r\n\r\n\r\n<figure class=\"wp-block-table\"><table><tbody><tr><td><strong>Fordele<\/strong><\/td><td><strong>Ulemper<\/strong><\/td><\/tr><tr><td>F\u00e5 en k\u00e6mpe rabat (50 - 70% rabat)<\/td><td>Du skal v\u00e6re fleksibel og klar til at g\u00e5 i gang n\u00e5r som helst.<\/td><\/tr><tr><td>Hav hele flyet for dig selv<\/td><td>Det kan nemt udskydes eller aflyses.<\/td><\/tr><tr><td><\/td><td>Der er ingen mulighed for returrejse<\/td><\/tr><tr><td><\/td><td>Sv\u00e6r at finde<\/td><\/tr><\/tbody><\/table><\/figure>\r\n\r\n\r\n\r\n<h2 class=\"wp-block-heading\"><span class=\"ez-toc-section\" id=\"Summary\"><\/span>Resum\u00e9<span class=\"ez-toc-section-end\"><\/span><\/h2>\r\n\r\n\r\n\r\n<p>Jeg fors\u00f8gte at bringe dette emne t\u00e6ttere p\u00e5 dig med det m\u00e5l at g\u00f8re det mere forst\u00e5eligt. Som l\u00e6ser er jeg sikker p\u00e5, at du vil s\u00e6tte pris p\u00e5, hvis jeg samler det hele i et resum\u00e9, hvor alt er samlet p\u00e5 \u00e9t sted og let at l\u00e6se.<\/p>\r\n\r\n\r\n\r\n<p>Du kan booke en empty leg-flyvning p\u00e5 f\u00f8lgende m\u00e5der:<\/p>\r\n\r\n\r\n\r\n<ul class=\"wp-block-list\"><li>G\u00e5 old school og bed din kaptajn eller det bureau, du flyver med, om at ringe til dig eller sende dig en e-mail, n\u00e5r en s\u00e5dan mulighed dukker op.<\/li><li>Hyr en m\u00e6gler, som holder dig opdateret om tomme ben mod et vist gebyr.<\/li><li>Book dem online ved at f\u00f8lge op p\u00e5 <a href=\"https:\/\/comparemyjet.com\/da\/what-are-the-best-websites-to-find-private-jets-for-sale\/\" data-internallinksmanager029f6b8e52c=\"18\" title=\"Hvad er de bedste hjemmesider til at finde private jetfly til salg?\">hjemmesider med privatfly<\/a>.<\/li><li>Bliv medlem af et bureau eller en privatflyklub, og v\u00e6lg et program, der inkluderer notifikationer om tomflyvninger.<br><\/li><\/ul>\r\n\r\n\r\n\r\n<p>Jeg kender ikke en person, hvis dr\u00f8m ikke er at flyve privat. Det st\u00f8tter jeg st\u00e6rkt, og jeg vil r\u00e5de dig til at f\u00e5 mest muligt ud af det. Forh\u00e5bentlig vil denne artikel hj\u00e6lpe dig med at g\u00f8re din private flyveoplevelse unik og booke et <a href=\"https:\/\/comparemyjet.com\/da\/private-tours\/nice-private-tours\/\" data-internallinksmanager029f6b8e52c=\"249\" title=\"11 bedste private ture i Nice fra $37.66\">dejligt<\/a> lille flyvning med tomme ben!<\/p>","protected":false},"excerpt":{"rendered":"<p>Hvis du er passager i et privatfly eller har v\u00e6ret det mindst \u00e9n gang i dit liv, har du sikkert h\u00f8rt om udtrykket tomme ben. Mange mennesker kender til dette udtryk, men er usikre p\u00e5, hvad det egentlig betyder, og hvorfor det b\u00f8r betyde noget for dem. I denne artikel vil jeg forklare, hvad tomme ben ...<\/p>","protected":false},"author":1,"featured_media":2079,"parent":0,"menu_order":0,"comment_status":"closed","ping_status":"closed","template":"","meta":{"_acf_changed":false,"_genesis_hide_title":false,"_genesis_hide_breadcrumbs":false,"_genesis_hide_singular_image":false,"_genesis_hide_footer_widgets":false,"_genesis_custom_body_class":"","_genesis_custom_post_class":"","_genesis_layout":"","footnotes":""},"class_list":{"1":"page","2":"type-page","6":"entry"},"acf":[],"_links":{"self":[{"href":"https:\/\/comparemyjet.com\/da\/wp-json\/wp\/v2\/pages\/2071","targetHints":{"allow":["GET"]}}],"collection":[{"href":"https:\/\/comparemyjet.com\/da\/wp-json\/wp\/v2\/pages"}],"about":[{"href":"https:\/\/comparemyjet.com\/da\/wp-json\/wp\/v2\/types\/page"}],"author":[{"embeddable":true,"href":"https:\/\/comparemyjet.com\/da\/wp-json\/wp\/v2\/users\/1"}],"replies":[{"embeddable":true,"href":"https:\/\/comparemyjet.com\/da\/wp-json\/wp\/v2\/comments?post=2071"}],"version-history":[{"count":4,"href":"https:\/\/comparemyjet.com\/da\/wp-json\/wp\/v2\/pages\/2071\/revisions"}],"predecessor-version":[{"id":3273,"href":"https:\/\/comparemyjet.com\/da\/wp-json\/wp\/v2\/pages\/2071\/revisions\/3273"}],"wp:featuredmedia":[{"embeddable":true,"href":"https:\/\/comparemyjet.com\/da\/wp-json\/wp\/v2\/media\/2079"}],"wp:attachment":[{"href":"https:\/\/comparemyjet.com\/da\/wp-json\/wp\/v2\/media?parent=2071"}],"curies":[{"name":"wp","href":"https:\/\/api.w.org\/{rel}","templated":true}]}}