{"id":2092,"date":"2021-09-06T19:52:07","date_gmt":"2021-09-06T19:52:07","guid":{"rendered":"https:\/\/comparemyjet.com\/?page_id=2092"},"modified":"2025-09-04T09:58:23","modified_gmt":"2025-09-04T09:58:23","slug":"how-much-cost-hire-private-helicopter","status":"publish","type":"page","link":"https:\/\/comparemyjet.com\/da\/how-much-cost-hire-private-helicopter\/","title":{"rendered":"Hvor meget koster det at leje en privat helikopter?"},"content":{"rendered":"<p>At leje en privat helikopter er ikke l\u00e6ngere noget, kun de superrige har r\u00e5d til, og det kan man g\u00f8re af mange forskellige grunde. Luksusrejser og personlige rejseoplevelser er grund nok til at leje en helikopter, eller m\u00e5ske er du en god gavegiver og vil overraske dine k\u00e6re med en privat flyvning til din yndlingsdestination.<\/p>\r\n\r\n\r\n\r\n<p>Selvf\u00f8lgelig er verden af private jetfly og helikoptere stadig et mysterium for mange. Af den grund vil jeg fors\u00f8ge at give dig de vigtigste detaljer om at leje en privat helikopter. Efter denne l\u00e6sning b\u00f8r du vide, hvordan og hvor du kan leje en privat helikopter, og vigtigst af alt, om du har r\u00e5d til det.<\/p>\r\n\r\n\r\n\r\n<div id=\"ez-toc-container\" class=\"ez-toc-v2_0_76 counter-hierarchy ez-toc-counter ez-toc-grey ez-toc-container-direction\">\n<p class=\"ez-toc-title\" style=\"cursor:inherit\">Emner<\/p>\n<label for=\"ez-toc-cssicon-toggle-item-69e121ee55f5d\" class=\"ez-toc-cssicon-toggle-label\"><span class=\"\"><span class=\"eztoc-hide\" style=\"display:none;\">Toggle<\/span><span class=\"ez-toc-icon-toggle-span\"><svg style=\"fill: #999;color:#999\" xmlns=\"http:\/\/www.w3.org\/2000\/svg\" class=\"list-377408\" width=\"20px\" height=\"20px\" viewbox=\"0 0 24 24\" fill=\"none\"><path d=\"M6 6H4v2h2V6zm14 0H8v2h12V6zM4 11h2v2H4v-2zm16 0H8v2h12v-2zM4 16h2v2H4v-2zm16 0H8v2h12v-2z\" fill=\"currentColor\"><\/path><\/svg><svg style=\"fill: #999;color:#999\" class=\"arrow-unsorted-368013\" xmlns=\"http:\/\/www.w3.org\/2000\/svg\" width=\"10px\" height=\"10px\" viewbox=\"0 0 24 24\" version=\"1.2\" baseprofile=\"tiny\"><path d=\"M18.2 9.3l-6.2-6.3-6.2 6.3c-.2.2-.3.4-.3.7s.1.5.3.7c.2.2.4.3.7.3h11c.3 0 .5-.1.7-.3.2-.2.3-.5.3-.7s-.1-.5-.3-.7zM5.8 14.7l6.2 6.3 6.2-6.3c.2-.2.3-.5.3-.7s-.1-.5-.3-.7c-.2-.2-.4-.3-.7-.3h-11c-.3 0-.5.1-.7.3-.2.2-.3.5-.3.7s.1.5.3.7z\"\/><\/svg><\/span><\/span><\/label><input type=\"checkbox\"  id=\"ez-toc-cssicon-toggle-item-69e121ee55f5d\" checked aria-label=\"Toggle\" \/><nav><ul class='ez-toc-list ez-toc-list-level-1' ><li class='ez-toc-page-1 ez-toc-heading-level-2'><a class=\"ez-toc-link ez-toc-heading-1\" href=\"https:\/\/comparemyjet.com\/da\/how-much-cost-hire-private-helicopter\/#Why_Hire_a_Private_Helicopter\" >Hvorfor hyre en privat helikopter?<\/a><\/li><li class='ez-toc-page-1 ez-toc-heading-level-2'><a class=\"ez-toc-link ez-toc-heading-2\" href=\"https:\/\/comparemyjet.com\/da\/how-much-cost-hire-private-helicopter\/#Costs_To_Hire_a_Private_Helicopter\" >Omkostninger ved at hyre en privat helikopter<\/a><ul class='ez-toc-list-level-3' ><li class='ez-toc-heading-level-3'><a class=\"ez-toc-link ez-toc-heading-3\" href=\"https:\/\/comparemyjet.com\/da\/how-much-cost-hire-private-helicopter\/#Pricing_Per_Hour\" >Pris pr. time<\/a><\/li><li class='ez-toc-page-1 ez-toc-heading-level-3'><a class=\"ez-toc-link ez-toc-heading-4\" href=\"https:\/\/comparemyjet.com\/da\/how-much-cost-hire-private-helicopter\/#Pricing_Per_Hour_Including_Destinations\" >Pris pr. time (inkl. destinationer)<\/a><\/li><\/ul><\/li><li class='ez-toc-page-1 ez-toc-heading-level-2'><a class=\"ez-toc-link ez-toc-heading-5\" href=\"https:\/\/comparemyjet.com\/da\/how-much-cost-hire-private-helicopter\/#Conclusion\" >Konklusion<\/a><\/li><\/ul><\/nav><\/div>\n<h2 class=\"wp-block-heading\"><span class=\"ez-toc-section\" id=\"Why_Hire_a_Private_Helicopter\"><\/span>Hvorfor hyre en privat helikopter?<span class=\"ez-toc-section-end\"><\/span><\/h2>\r\n\r\n\r\n\r\n<p>Fordelene ved at leje en privat helikopter er uendelige. Udover at springe k\u00f8en over og kun m\u00f8de op 20 minutter f\u00f8r flyvningen, er der flere andre grunde til, at det er en god id\u00e9 at leje sin egen helikopter.<\/p>\r\n\r\n\r\n\r\n<ul class=\"wp-block-list\"><li>Spar tid ved hurtigt at g\u00e5 gennem check-in og paskontrol;<\/li><li>Imponer dine forretningspartnere eller din familie;<\/li><li>Oplev en intim atmosf\u00e6re, mens du flyver over de smukkeste byer;<\/li><li>Nyd udsigten til smukke landskaber fra luften;<\/li><li>Lettere at lande sammenlignet med et jetfly;<\/li><li>N\u00e5 utilg\u00e6ngelige steder p\u00e5 grund af den lodrette start og landing;<\/li><li>Billigere end et privatfly.<\/li><\/ul>\r\n\r\n\r\n\r\n<p>Som du kan se, har private helikoptere et utal af anvendelsesmuligheder, hvilket er grunden til, at det er blevet muligt for mange at leje en privat helikopter. Lad os nu tage et kig p\u00e5 omkostningerne og gennemg\u00e5 alle de faktorer, der p\u00e5virker prisen.<\/p>\r\n\r\n\r\n\r\n<div class=\"wp-block-image\"><figure class=\"aligncenter size-large\"><img loading=\"lazy\" decoding=\"async\" width=\"1024\" height=\"576\" src=\"https:\/\/comparemyjet.com\/wp-content\/uploads\/2021\/08\/How-Much-Does-It-Cost-to-Hire-a-Private-Helicopter-3-1024x576.jpg\" alt=\"penge i en krukke\" class=\"wp-image-2095\" srcset=\"https:\/\/comparemyjet.com\/wp-content\/uploads\/2021\/08\/How-Much-Does-It-Cost-to-Hire-a-Private-Helicopter-3-300x169.jpg 300w, https:\/\/comparemyjet.com\/wp-content\/uploads\/2021\/08\/How-Much-Does-It-Cost-to-Hire-a-Private-Helicopter-3-768x432.jpg 768w, https:\/\/comparemyjet.com\/wp-content\/uploads\/2021\/08\/How-Much-Does-It-Cost-to-Hire-a-Private-Helicopter-3-1024x576.jpg 1024w, https:\/\/comparemyjet.com\/wp-content\/uploads\/2021\/08\/How-Much-Does-It-Cost-to-Hire-a-Private-Helicopter-3.jpg 1152w\" sizes=\"auto, (max-width: 1024px) 100vw, 1024px\" \/><\/figure><\/div>\r\n\r\n\r\n\r\n<h2 class=\"wp-block-heading\"><span class=\"ez-toc-section\" id=\"Costs_To_Hire_a_Private_Helicopter\"><\/span>Omkostninger ved at hyre en privat helikopter<span class=\"ez-toc-section-end\"><\/span><\/h2>\r\n\r\n\r\n\r\n<p>Ligesom med jetfly afh\u00e6nger prisen for at leje en privat helikopter af mange variabler. En anden ting, man skal v\u00e6re opm\u00e6rksom p\u00e5, er, at selskaberne normalt kun opkr\u00e6ver betaling for <em>Lufttid<\/em>, som er forskellig fra <em>Flyvetid<\/em>.&nbsp;<\/p>\r\n\r\n\r\n\r\n<p>Lufttid betyder, at \"taxameteret\" begynder at tikke, n\u00e5r helikopteren letter, og stopper, n\u00e5r den lander, s\u00e5 du bliver kun opkr\u00e6vet for den tid, du tilbringer i luften. P\u00e5 den anden side vil flyvetiden omfatte hele servicen, fra ankomsttidspunktet, inklusive ventetiden, til det tidspunkt, hvor du lander.<\/p>\r\n\r\n\r\n\r\n<p>F\u00f8lgende punkter er afg\u00f8rende, n\u00e5r man skal fasts\u00e6tte prisen for at leje en privat helikopter.<\/p>\r\n\r\n\r\n\r\n<ul class=\"wp-block-list\"><li><strong>Afgang og destination<\/strong><\/li><\/ul>\r\n\r\n\r\n\r\n<p>Ikke alene varierer prisen for forskellige afgangs- og bestemmelsessteder, som fra <a href=\"https:\/\/comparemyjet.com\/da\/london-to-moscow-private-flight-jet\/\" data-internallinksmanager029f6b8e52c=\"46\" title=\"London til Moskva med privatfly\">London til Moskva<\/a>, eller fra <a href=\"https:\/\/comparemyjet.com\/da\/private-tours\/paris-private-tours\/\" data-internallinksmanager029f6b8e52c=\"252\" title=\"De 11 bedste private ture i Paris fra $68.94\">Paris<\/a> til <a href=\"https:\/\/comparemyjet.com\/da\/private-tours\/nice-private-tours\/\" data-internallinksmanager029f6b8e52c=\"249\" title=\"11 bedste private ture i Nice fra $37.66\">Dejligt<\/a>Men nogle gange afh\u00e6nger prisen ogs\u00e5 af den lufthavn, du letter fra (hvis du alts\u00e5 ikke har en stor plads i et ubefolket omr\u00e5de, hvor helikopteren kan lande og lette fra), samt den lufthavn, du lander p\u00e5.<\/p>\r\n\r\n\r\n\r\n<ul class=\"wp-block-list\"><li><strong>Antal passagerer<\/strong><\/li><\/ul>\r\n\r\n\r\n\r\n<p>N\u00e5r man lejer en helikopter, har man som regel hele flyet for sig selv. Der er normalt \u00e9n pris for helikopteren, som passagererne s\u00e5 deler. Hvis det kun er dig og en anden passager, vil det derfor v\u00e6re dyrere end at dele turen med f.eks. et andet par.<\/p>\r\n\r\n\r\n\r\n<ul class=\"wp-block-list\"><li><strong>Type af helikopter<\/strong><\/li><\/ul>\r\n\r\n\r\n\r\n<p>Ligesom med biludlejning vil en nyere og hurtigere model v\u00e6re dyrere end en brugt Toyota fra 1996. Det er ogs\u00e5 tilf\u00e6ldet med helikoptere, hvor en <em>Enmotoret stempel<\/em> fly er din ven, og en <em>gasturbine med to motorer<\/em> Helikopteren vil skade din pengepung ret meget.<\/p>\r\n\r\n\r\n\r\n<p>Lad os liste helikopterne efter motortype, begyndende med den billigste.<\/p>\r\n\r\n\r\n\r\n<ol class=\"wp-block-list\"><li>Stempel til enkeltmotor<\/li><li>Gasturbine med \u00e9n motor<\/li><li>Gasturbine med to motorer<\/li><\/ol>\r\n\r\n\r\n\r\n<p>Det er de tre kategorier, du skal huske, for at kunne afg\u00f8re, om det er dyrt eller billigt at leje en helikopter.<\/p>\r\n\r\n\r\n\r\n<ul class=\"wp-block-list\"><li><strong>Flyvningens\/turens varighed<\/strong><\/li><\/ul>\r\n\r\n\r\n\r\n<p>Igen er det indlysende, men der er ting, man let kan overse. Oftest lejer man en helikopter pr. time, men der er ogs\u00e5 daglige gebyrer, is\u00e6r hvis man planl\u00e6gger at overnatte i sin destinationsby.<\/p>\r\n\r\n\r\n\r\n<p>I s\u00e5danne tilf\u00e6lde vil prisen stige, da du vil v\u00e6re forpligtet til at betale for pilotens indkvartering og m\u00e5ltider. S\u00e5 husk dette, f\u00f8r du booker en tredages tur.<\/p>\r\n\r\n\r\n\r\n<p>Nogle gange kan der v\u00e6re to piloter og en cateringservice, og det skal du ogs\u00e5 betale for. S\u00e5 n\u00e5r du booker en helikopter, skal du s\u00f8rge for, at kun de tjenester, du har bedt om, er inkluderet.<\/p>\r\n\r\n\r\n\r\n<div class=\"wp-block-image\"><figure class=\"aligncenter size-large\"><img loading=\"lazy\" decoding=\"async\" width=\"1024\" height=\"594\" src=\"https:\/\/comparemyjet.com\/wp-content\/uploads\/2021\/08\/How-Much-Does-It-Cost-to-Hire-a-Private-Helicopter-5-1024x594.jpg\" alt=\"helikopter i luften\" class=\"wp-image-2097\" srcset=\"https:\/\/comparemyjet.com\/wp-content\/uploads\/2021\/08\/How-Much-Does-It-Cost-to-Hire-a-Private-Helicopter-5-300x174.jpg 300w, https:\/\/comparemyjet.com\/wp-content\/uploads\/2021\/08\/How-Much-Does-It-Cost-to-Hire-a-Private-Helicopter-5-768x445.jpg 768w, https:\/\/comparemyjet.com\/wp-content\/uploads\/2021\/08\/How-Much-Does-It-Cost-to-Hire-a-Private-Helicopter-5-1024x594.jpg 1024w, https:\/\/comparemyjet.com\/wp-content\/uploads\/2021\/08\/How-Much-Does-It-Cost-to-Hire-a-Private-Helicopter-5-1536x891.jpg 1536w, https:\/\/comparemyjet.com\/wp-content\/uploads\/2021\/08\/How-Much-Does-It-Cost-to-Hire-a-Private-Helicopter-5-2048x1188.jpg 2048w\" sizes=\"auto, (max-width: 1024px) 100vw, 1024px\" \/><\/figure><\/div>\r\n\r\n\r\n\r\n<h3 class=\"wp-block-heading\"><span class=\"ez-toc-section\" id=\"Pricing_Per_Hour\"><\/span>Pris pr. time<span class=\"ez-toc-section-end\"><\/span><\/h3>\r\n\r\n\r\n\r\n<p>Uanset om helikopteren har en eller to motorer, en eller to piloter eller en cateringservice, er den mest bekvemme og s\u00e6dvanlige m\u00e5de at leje p\u00e5 pr. time. Jeg n\u00e6vnte ogs\u00e5, at tjenesten ogs\u00e5 kan lejes pr. dag, men de lejligheder er meget sj\u00e6ldne.<\/p>\r\n\r\n\r\n\r\n<p>Lad os alligevel g\u00f8re tingene mere overskuelige med en generel prisliste. I den f\u00f8lgende tabel kan du se priserne baseret p\u00e5 antallet af passagerer og helikopterens motor. Disse priser er meget generelle, men i vores anden tabel kan du ogs\u00e5 se priserne baseret p\u00e5 destination og timer.<\/p>\r\n\r\n\r\n\r\n<p>Hvert tal omfatter omkostningerne til <em>a<\/em> ogs\u00e5 pilot.<\/p>\r\n\r\n\r\n\r\n<figure class=\"wp-block-table\"><table><tbody><tr><td>Antal passagerer<\/td><td>Helikoptertype\/antal motorer<\/td><td><a href=\"https:\/\/comparemyjet.com\/da\/what-are-typical-jet-costs-per-hour\/\" data-internallinksmanager029f6b8e52c=\"29\" title=\"Hvad koster en privat jetfly typisk pr. time?\">Pris pr. time<\/a> i USD ($)<\/td><\/tr><tr><td>1<\/td><td>Stempel til enkeltmotor<\/td><td>250 &#8211; 300<\/td><\/tr><tr><td>3<\/td><td>Stempel til enkeltmotor<\/td><td>450 &#8211; 550<\/td><\/tr><tr><td>4<\/td><td>Stempel til enkeltmotor<\/td><td>950 &#8211; 1,200<\/td><\/tr><tr><td>4<\/td><td>Gasturbine med \u00e9n motor<\/td><td>1,200 &#8211; 1,500<\/td><\/tr><tr><td>6<\/td><td>Gasturbine med \u00e9n motor<\/td><td>1,800 &#8211; 2,200<\/td><\/tr><tr><td>6<\/td><td>Gasturbine med to motorer<\/td><td>2,000 &#8211; 3,000<\/td><\/tr><tr><td>12<\/td><td>Gasturbine med to motorer<\/td><td>5,000 &#8211; 6,000<\/td><\/tr><\/tbody><\/table><\/figure>\r\n\r\n\r\n\r\n<p>Nogle gange kan det ske, at en helikopter med en to-motoret gasturbine er billigere end en en-motoret gasturbine. Det betyder som regel, at helikoptermodellen er bedre, nyere eller simpelthen mere komfortabel.<\/p>\r\n\r\n\r\n\r\n<p>For eksempel kan en <a href=\"https:\/\/www.airbus.com\/helicopters\/civil-helicopters\/intermediate-single\/h130.html\" target=\"_blank\" rel=\"noreferrer noopener nofollow\">Airbus EC130\/H130<\/a> helikopter, der k\u00f8rer p\u00e5 \u00e9n motor, kan koste mere end en <a href=\"https:\/\/www.leonardocompany.com\/en\/products\/aw109-trekker\" target=\"_blank\" rel=\"noreferrer noopener nofollow\">Leonardo AW109<\/a>som har to motorer \"under motorhjelmen\". S\u00e5 l\u00e6r om helikoptere, f\u00f8r du booker en flyvetur.<\/p>\r\n\r\n\r\n\r\n<h3 class=\"wp-block-heading\"><span class=\"ez-toc-section\" id=\"Pricing_Per_Hour_Including_Destinations\"><\/span>Pris pr. time (inkl. destinationer)<span class=\"ez-toc-section-end\"><\/span><\/h3>\r\n\r\n\r\n\r\n<div class=\"wp-block-image\"><figure class=\"aligncenter size-full\"><img loading=\"lazy\" decoding=\"async\" width=\"1024\" height=\"698\" src=\"https:\/\/comparemyjet.com\/wp-content\/uploads\/2021\/08\/How-Much-Does-It-Cost-to-Hire-a-Private-Helicopter-2.jpg\" alt=\"punkt a til punkt b\" class=\"wp-image-2094\" srcset=\"https:\/\/comparemyjet.com\/wp-content\/uploads\/2021\/08\/How-Much-Does-It-Cost-to-Hire-a-Private-Helicopter-2-300x204.jpg 300w, https:\/\/comparemyjet.com\/wp-content\/uploads\/2021\/08\/How-Much-Does-It-Cost-to-Hire-a-Private-Helicopter-2-768x524.jpg 768w, https:\/\/comparemyjet.com\/wp-content\/uploads\/2021\/08\/How-Much-Does-It-Cost-to-Hire-a-Private-Helicopter-2.jpg 1024w\" sizes=\"auto, (max-width: 1024px) 100vw, 1024px\" \/><\/figure><\/div>\r\n\r\n\r\n\r\n<p>Jeg vil bruge denne tabel til at vise, hvordan priserne \u00e6ndrer sig, n\u00e5r man tilf\u00f8jer eller udelukker en passager, og n\u00e5r man g\u00e5r fra en kortvarig rejse til en l\u00e6ngere. Eksemplerne omfatter nogle af de mest popul\u00e6re destinationer, s\u00e5 du kan m\u00e5ske finde din egen.<\/p>\r\n\r\n\r\n\r\n<p>Normalt er prisen den samme for en til fire passagerer. Det skyldes, som vi allerede har n\u00e6vnt, at du lejer hele helikopteren, der kan rumme fire personer. S\u00e5 du skal betale for hele flyet, selv n\u00e5r du er den eneste passager.<\/p>\r\n\r\n\r\n\r\n<p>Hvis du planl\u00e6gger at tage en st\u00f8rre gruppe med, eller mere end fire personer, b\u00f8r du ringe til <a href=\"https:\/\/www.fairlifts.com\/\" target=\"_blank\" rel=\"noreferrer noopener nofollow\">en virksomhed<\/a> der tilbyder disse tjenester, fordi der g\u00e6lder forskellige regler for forskellige virksomheder.<\/p>\r\n\r\n\r\n\r\n<p><strong>Rute: London, Storbritannien til Paris, Frankrig<\/strong><\/p>\r\n\r\n\r\n\r\n<figure class=\"wp-block-table\"><table><tbody><tr><td><strong>Antal passagerer<\/strong><\/td><td><strong>Envejs<\/strong><\/td><td><strong>To-vejs<\/strong><\/td><\/tr><tr><td>1-4<\/td><td>$8,000<\/td><td>$11,500<\/td><\/tr><\/tbody><\/table><\/figure>\r\n\r\n\r\n\r\n<p><strong>Rute: London, Storbritannien til <a href=\"https:\/\/comparemyjet.com\/da\/private-tours\/rome-private-tours\/\" data-internallinksmanager029f6b8e52c=\"304\" title=\"11 bedste private ture til Rom fra $23.77\">Rom<\/a>, Italien<\/strong><\/p>\r\n\r\n\r\n\r\n<figure class=\"wp-block-table\"><table><tbody><tr><td><strong>Antal passagerer<\/strong><\/td><td><strong>Envejs<\/strong><\/td><td><strong>To-vejs<\/strong><\/td><\/tr><tr><td>1-4<\/td><td>$7,900<\/td><td>$11,400<\/td><\/tr><\/tbody><\/table><\/figure>\r\n\r\n\r\n\r\n<p><strong>Rute: London, Storbritannien til <a href=\"https:\/\/comparemyjet.com\/da\/private-jet-charters-to-geneva\/\" data-internallinksmanager029f6b8e52c=\"156\" title=\"Charter med privatfly til Gen\u00e8ve\">Gen\u00e8ve<\/a>, Schweiz<\/strong><\/p>\r\n\r\n\r\n\r\n<figure class=\"wp-block-table\"><table><tbody><tr><td><strong>Antal passagerer<\/strong><\/td><td><strong>Envejs<\/strong><\/td><td><strong>To-vejs<\/strong><\/td><\/tr><tr><td>1-4<\/td><td>$14,000<\/td><td>$20,500<\/td><\/tr><\/tbody><\/table><\/figure>\r\n\r\n\r\n\r\n<p><strong>Rute: <a href=\"https:\/\/comparemyjet.com\/da\/private-tours\/new-york-city-private-tours\/\" data-internallinksmanager029f6b8e52c=\"427\" title=\"11 bedste private ture i New York City fra $48.00\">New York<\/a>, USA til <a href=\"https:\/\/comparemyjet.com\/da\/private-tours\/los-angeles-private-tours\/\" data-internallinksmanager029f6b8e52c=\"421\" title=\"De 11 bedste private ture i Los Angeles fra $55.00\">Los Angeles<\/a>, USA<\/strong><\/p>\r\n\r\n\r\n\r\n<figure class=\"wp-block-table\"><table><tbody><tr><td><strong>Antal passagerer<\/strong><\/td><td><strong>Envejs<\/strong><\/td><td><strong>To-vejs<\/strong><\/td><\/tr><tr><td>1-4<\/td><td>$43,700<\/td><td>$45,000<\/td><\/tr><\/tbody><\/table><\/figure>\r\n\r\n\r\n\r\n<p><strong>Rute: <a href=\"https:\/\/comparemyjet.com\/da\/private-tours\/singapore-private-tours\/\" data-internallinksmanager029f6b8e52c=\"348\" title=\"11 bedste private ture i Singapore fra $75.55\">Singapore<\/a>, <a href=\"https:\/\/comparemyjet.com\/da\/singapore-to-bangkok-private-flight-jet\/\" data-internallinksmanager029f6b8e52c=\"52\" title=\"Singapore til Bangkok med privatfly\">Singapore til Bangkok<\/a>Thailand<\/strong><\/p>\r\n\r\n\r\n\r\n<figure class=\"wp-block-table\"><table><tbody><tr><td><strong>Antal passagerer<\/strong><\/td><td><strong>Envejs<\/strong><\/td><td><strong>To-vejs<\/strong><\/td><\/tr><tr><td>1-4<\/td><td>$28,800<\/td><td>$45,000<\/td><\/tr><\/tbody><\/table><\/figure>\r\n\r\n\r\n\r\n<p><strong>Rute: Los Angeles, USA til <a href=\"https:\/\/comparemyjet.com\/da\/private-tours\/las-vegas-private-tours\/\" data-internallinksmanager029f6b8e52c=\"419\" title=\"De 11 bedste private ture i Las Vegas fra $90.00\">Las Vegas<\/a>, USA<\/strong><\/p>\r\n\r\n\r\n\r\n<figure class=\"wp-block-table\"><table><tbody><tr><td><strong>Antal passagerer<\/strong><\/td><td><strong>Envejs<\/strong><\/td><td><strong>To-vejs<\/strong><\/td><\/tr><tr><td>1-4<\/td><td>$7,300<\/td><td>$9,500<\/td><\/tr><\/tbody><\/table><\/figure>\r\n\r\n\r\n\r\n<p><strong>Rute: <a href=\"https:\/\/comparemyjet.com\/da\/private-tours\/johannesburg-private-tours\/\" data-internallinksmanager029f6b8e52c=\"351\" title=\"11 bedste private ture til Johannesburg fra $36.48\">Johannesburg<\/a>, Sydafrika til <a href=\"https:\/\/comparemyjet.com\/da\/private-tours\/cape-town-private-tours\/\" data-internallinksmanager029f6b8e52c=\"349\" title=\"11 bedste private ture i Cape Town fra $41.03\">Cape Town<\/a>, Sydafrika<\/strong><\/p>\r\n\r\n\r\n\r\n<figure class=\"wp-block-table\"><table><tbody><tr><td><strong>Antal passagerer<\/strong><\/td><td><strong>Envejs<\/strong><\/td><td><strong>To-vejs<\/strong><\/td><\/tr><tr><td>1-4<\/td><td>$18,700<\/td><td>$21,500<\/td><\/tr><\/tbody><\/table><\/figure>\r\n\r\n\r\n\r\n<p><strong>Rute: <a href=\"https:\/\/comparemyjet.com\/da\/private-jet-charters-to-milan\/\" data-internallinksmanager029f6b8e52c=\"122\" title=\"Charter med privatfly til Milano\">Milano<\/a>, Italien til <a href=\"https:\/\/comparemyjet.com\/da\/private-jet-charters-to-ibiza\/\" data-internallinksmanager029f6b8e52c=\"133\" title=\"Privat jetcharter til Ibiza\">Ibiza<\/a>, Spanien<\/strong><\/p>\r\n\r\n\r\n\r\n<figure class=\"wp-block-table\"><table><tbody><tr><td><strong>Antal passagerer<\/strong><\/td><td><strong>Envejs<\/strong><\/td><td><strong>To-vejs<\/strong><\/td><\/tr><tr><td>1-4<\/td><td>$14,600<\/td><td>$17,000<\/td><\/tr><\/tbody><\/table><\/figure>\r\n\r\n\r\n\r\n<p><strong>Rute: Birmingham, Storbritannien til Paris, Frankrig<\/strong><\/p>\r\n\r\n\r\n\r\n<figure class=\"wp-block-table\"><table><tbody><tr><td><strong>Antal passagerer<\/strong><\/td><td><strong>Envejs<\/strong><\/td><td><strong>To-vejs<\/strong><\/td><\/tr><tr><td>1-4<\/td><td>$8,200<\/td><td>$10,100<\/td><\/tr><\/tbody><\/table><\/figure>\r\n\r\n\r\n\r\n<p><strong>Rute: London, Storbritannien til Amsterdan, Holland<\/strong><\/p>\r\n\r\n\r\n\r\n<figure class=\"wp-block-table\"><table><tbody><tr><td><strong>Antal passagerer<\/strong><\/td><td><strong>Envejs<\/strong><\/td><td><strong>To-vejs<\/strong><\/td><\/tr><tr><td>1-4<\/td><td>$5,900<\/td><td>$7,100<\/td><\/tr><\/tbody><\/table><\/figure>\r\n\r\n\r\n\r\n<p><strong>Rute: <a href=\"https:\/\/comparemyjet.com\/da\/private-tours\/toronto-private-tours\/\" data-internallinksmanager029f6b8e52c=\"218\" title=\"11 bedste private ture i Toronto fra $35.81\">Toronto<\/a>Canada til New York, USA<\/strong><\/p>\r\n\r\n\r\n\r\n<figure class=\"wp-block-table\"><table><tbody><tr><td><strong>Antal passagerer<\/strong><\/td><td><strong>Envejs<\/strong><\/td><td><strong>To-vejs<\/strong><\/td><\/tr><tr><td>1-4<\/td><td>$7,800<\/td><td>$9,000<\/td><\/tr><\/tbody><\/table><\/figure>\r\n\r\n\r\n\r\n<p><strong>Rute: <a href=\"https:\/\/comparemyjet.com\/da\/private-tours\/atlanta-private-tours\/\" data-internallinksmanager029f6b8e52c=\"403\" title=\"De 11 bedste private ture i Atlanta fra $89.99\">Atlanta<\/a>, USA til <a href=\"https:\/\/comparemyjet.com\/da\/private-tours\/miami-private-tours\/\" data-internallinksmanager029f6b8e52c=\"422\" title=\"De 11 bedste private ture i Miami fra $99.00\">Miami<\/a>, USA<\/strong><\/p>\r\n\r\n\r\n\r\n<figure class=\"wp-block-table\"><table><tbody><tr><td><strong>Antal passagerer<\/strong><\/td><td><strong>Envejs<\/strong><\/td><td><strong>To-vejs<\/strong><\/td><\/tr><tr><td>1-4<\/td><td>$10,400<\/td><td>$13,700<\/td><\/tr><\/tbody><\/table><\/figure>\r\n\r\n\r\n\r\n<p><strong>Rute: London, Storbritannien til Moskva, Den Russiske F\u00f8deration<\/strong><\/p>\r\n\r\n\r\n\r\n<figure class=\"wp-block-table\"><table><tbody><tr><td><strong>Antal passagerer<\/strong><\/td><td><strong>Envejs<\/strong><\/td><td><strong>To-vejs<\/strong><\/td><\/tr><tr><td>1-4<\/td><td>$28,300<\/td><td>$31,200<\/td><\/tr><\/tbody><\/table><\/figure>\r\n\r\n\r\n\r\n<h2 class=\"wp-block-heading\"><span class=\"ez-toc-section\" id=\"Conclusion\"><\/span>Konklusion<span class=\"ez-toc-section-end\"><\/span><\/h2>\r\n\r\n\r\n\r\n<div class=\"wp-block-image\"><figure class=\"aligncenter size-full\"><img loading=\"lazy\" decoding=\"async\" width=\"1024\" height=\"768\" src=\"https:\/\/comparemyjet.com\/wp-content\/uploads\/2021\/08\/How-Much-Does-It-Cost-to-Hire-a-Private-Helicopter-1.jpg\" alt=\"\" class=\"wp-image-2093\" srcset=\"https:\/\/comparemyjet.com\/wp-content\/uploads\/2021\/08\/How-Much-Does-It-Cost-to-Hire-a-Private-Helicopter-1-300x225.jpg 300w, https:\/\/comparemyjet.com\/wp-content\/uploads\/2021\/08\/How-Much-Does-It-Cost-to-Hire-a-Private-Helicopter-1-400x300.jpg 400w, https:\/\/comparemyjet.com\/wp-content\/uploads\/2021\/08\/How-Much-Does-It-Cost-to-Hire-a-Private-Helicopter-1-768x576.jpg 768w, https:\/\/comparemyjet.com\/wp-content\/uploads\/2021\/08\/How-Much-Does-It-Cost-to-Hire-a-Private-Helicopter-1-800x600.jpg 800w, https:\/\/comparemyjet.com\/wp-content\/uploads\/2021\/08\/How-Much-Does-It-Cost-to-Hire-a-Private-Helicopter-1.jpg 1024w\" sizes=\"auto, (max-width: 1024px) 100vw, 1024px\" \/><\/figure><\/div>\r\n\r\n\r\n\r\n<p>Som jeg sagde f\u00f8r, kan det v\u00e6re ret dyrt at leje en privat helikopter, men ogs\u00e5 meget overkommeligt, hvis du f\u00f8lger vores tips.<\/p>\r\n\r\n\r\n\r\n<p>For at undg\u00e5 at betale latterligt h\u00f8je bel\u00f8b, skal du s\u00f8rge for at tage s\u00e5 mange mennesker med om bord som muligt, selvf\u00f8lgelig baseret p\u00e5 helikopterens kapacitet. Du betaler for hele flyet, s\u00e5 jo flere passagerer der er, jo mindre bliver din andel.<\/p>\r\n\r\n\r\n\r\n<p>Antallet af passagerer er ikke det eneste parameter, man skal holde \u00f8je med. For eksempel spiller helikoptertypen ogs\u00e5 en stor rolle. En enmotoret stempelhelikopter er den billigste at leje, mens en enmotoret gasturbinehelikopter vil l\u00e6gge nogle dollars til flyvningen. Den dyreste l\u00f8sning er dog at leje en helikopter med en tomotoret gasturbine.<\/p>\r\n\r\n\r\n\r\n<p>Andre parametre, der kan \u00f8ge prisen, er en ekstra pilot eller en overnatning f\u00f8r hjemrejsen. Husk, at du ogs\u00e5 er forpligtet til at betale for bes\u00e6tningens indkvartering og m\u00e5ltider under turen.<\/p>\r\n\r\n\r\n\r\n<p>If\u00f8lge denne logik kan det koste s\u00e5 lidt som $300 at leje en privat helikopter til korte ture i en mindre kraftig helikopter, men det kan n\u00e5 meget h\u00f8je tal og t\u00e6lle tusindvis af dollars, hvis destinationen og flytypen kr\u00e6ver det.<\/p>","protected":false},"excerpt":{"rendered":"<p>At leje en privat helikopter er ikke l\u00e6ngere noget, som kun de superrige har r\u00e5d til, og det kan man g\u00f8re af mange forskellige grunde. Luksusrejser og personlige rejseoplevelser er grund nok til at leje en helikopter, eller m\u00e5ske er du en god gavegiver og vil overraske dine k\u00e6re med en privat flyvning til...<\/p>","protected":false},"author":1,"featured_media":2096,"parent":0,"menu_order":0,"comment_status":"closed","ping_status":"closed","template":"","meta":{"_acf_changed":false,"_genesis_hide_title":false,"_genesis_hide_breadcrumbs":false,"_genesis_hide_singular_image":false,"_genesis_hide_footer_widgets":false,"_genesis_custom_body_class":"","_genesis_custom_post_class":"","_genesis_layout":"","footnotes":""},"class_list":{"1":"page","2":"type-page","6":"entry"},"acf":[],"_links":{"self":[{"href":"https:\/\/comparemyjet.com\/da\/wp-json\/wp\/v2\/pages\/2092","targetHints":{"allow":["GET"]}}],"collection":[{"href":"https:\/\/comparemyjet.com\/da\/wp-json\/wp\/v2\/pages"}],"about":[{"href":"https:\/\/comparemyjet.com\/da\/wp-json\/wp\/v2\/types\/page"}],"author":[{"embeddable":true,"href":"https:\/\/comparemyjet.com\/da\/wp-json\/wp\/v2\/users\/1"}],"replies":[{"embeddable":true,"href":"https:\/\/comparemyjet.com\/da\/wp-json\/wp\/v2\/comments?post=2092"}],"version-history":[{"count":5,"href":"https:\/\/comparemyjet.com\/da\/wp-json\/wp\/v2\/pages\/2092\/revisions"}],"predecessor-version":[{"id":3274,"href":"https:\/\/comparemyjet.com\/da\/wp-json\/wp\/v2\/pages\/2092\/revisions\/3274"}],"wp:featuredmedia":[{"embeddable":true,"href":"https:\/\/comparemyjet.com\/da\/wp-json\/wp\/v2\/media\/2096"}],"wp:attachment":[{"href":"https:\/\/comparemyjet.com\/da\/wp-json\/wp\/v2\/media?parent=2092"}],"curies":[{"name":"wp","href":"https:\/\/api.w.org\/{rel}","templated":true}]}}