{"id":2132,"date":"2021-09-10T21:15:43","date_gmt":"2021-09-10T21:15:43","guid":{"rendered":"https:\/\/comparemyjet.com\/?page_id=2132"},"modified":"2025-09-04T09:58:22","modified_gmt":"2025-09-04T09:58:22","slug":"how-much-medical-flights-medevac-air-ambulance-cost","status":"publish","type":"page","link":"https:\/\/comparemyjet.com\/da\/how-much-medical-flights-medevac-air-ambulance-cost\/","title":{"rendered":"Hvor meget koster medicinske flyvninger, Medevac og luftambulancetjenester?"},"content":{"rendered":"<p>Lufttransport til medicinske form\u00e5l har v\u00e6ret med til at redde mange liv i l\u00f8bet af de seneste \u00e5rtier. Disse transportformer er s\u00e6rligt effektive under dramatiske omst\u00e6ndigheder og i landlige og vilde omr\u00e5der, da de kan bringe den tilskadekomne til det n\u00e6rmeste hospital p\u00e5 mindre end en time.<\/p>\n\n\n\n<p>P\u00e5 den anden side kan disse ydelser f\u00f8re til enorme l\u00e6geregninger, som patienterne ikke er forberedt p\u00e5, da de fleste sygeforsikringer ikke d\u00e6kker dem.<\/p>\n\n\n\n<p>N\u00e5r behandlingen er overst\u00e5et, st\u00e5r patienterne tilbage og undrer sig over, hvordan og hvorfor en flyvetur p\u00e5 (mindre end) en time koster s\u00e5 meget.<\/p>\n\n\n\n<p>I denne artikel vil vi give dig et overblik over priserne p\u00e5 medicinske flyvninger, medevac og luftambulancetjenester og fors\u00f8ge at forklare de variabler, der p\u00e5virker den endelige pris.<\/p>\n\n\n\n<p>Jeg vil ikke have, at du bliver helt forvirret lige fra starten, s\u00e5 husk, at en medicinsk flyvning er enhver flyvning, der har noget at g\u00f8re med medicinsk behandling. Medevac er et udtryk, der bruges til at \"redde nogen med et fly\", og en luftambulance er et egentligt fly, der flyver til stedet.<\/p>\n\n\n\n<div id=\"ez-toc-container\" class=\"ez-toc-v2_0_76 counter-hierarchy ez-toc-counter ez-toc-grey ez-toc-container-direction\">\n<p class=\"ez-toc-title\" style=\"cursor:inherit\">Emner<\/p>\n<label for=\"ez-toc-cssicon-toggle-item-69e2c08e0418f\" class=\"ez-toc-cssicon-toggle-label\"><span class=\"\"><span class=\"eztoc-hide\" style=\"display:none;\">Toggle<\/span><span class=\"ez-toc-icon-toggle-span\"><svg style=\"fill: #999;color:#999\" xmlns=\"http:\/\/www.w3.org\/2000\/svg\" class=\"list-377408\" width=\"20px\" height=\"20px\" viewbox=\"0 0 24 24\" fill=\"none\"><path d=\"M6 6H4v2h2V6zm14 0H8v2h12V6zM4 11h2v2H4v-2zm16 0H8v2h12v-2zM4 16h2v2H4v-2zm16 0H8v2h12v-2z\" fill=\"currentColor\"><\/path><\/svg><svg style=\"fill: #999;color:#999\" class=\"arrow-unsorted-368013\" xmlns=\"http:\/\/www.w3.org\/2000\/svg\" width=\"10px\" height=\"10px\" viewbox=\"0 0 24 24\" version=\"1.2\" baseprofile=\"tiny\"><path d=\"M18.2 9.3l-6.2-6.3-6.2 6.3c-.2.2-.3.4-.3.7s.1.5.3.7c.2.2.4.3.7.3h11c.3 0 .5-.1.7-.3.2-.2.3-.5.3-.7s-.1-.5-.3-.7zM5.8 14.7l6.2 6.3 6.2-6.3c.2-.2.3-.5.3-.7s-.1-.5-.3-.7c-.2-.2-.4-.3-.7-.3h-11c-.3 0-.5.1-.7.3-.2.2-.3.5-.3.7s.1.5.3.7z\"\/><\/svg><\/span><\/span><\/label><input type=\"checkbox\"  id=\"ez-toc-cssicon-toggle-item-69e2c08e0418f\" checked aria-label=\"Toggle\" \/><nav><ul class='ez-toc-list ez-toc-list-level-1' ><li class='ez-toc-page-1 ez-toc-heading-level-2'><a class=\"ez-toc-link ez-toc-heading-1\" href=\"https:\/\/comparemyjet.com\/da\/how-much-medical-flights-medevac-air-ambulance-cost\/#What_Are_Medical_Flights\" >Hvad er medicinske flyvninger?<\/a><ul class='ez-toc-list-level-3' ><li class='ez-toc-heading-level-3'><a class=\"ez-toc-link ez-toc-heading-2\" href=\"https:\/\/comparemyjet.com\/da\/how-much-medical-flights-medevac-air-ambulance-cost\/#Medical_Flights_Costs\" >Udgifter til medicinske flyvninger<\/a><ul class='ez-toc-list-level-4' ><li class='ez-toc-heading-level-4'><a class=\"ez-toc-link ez-toc-heading-3\" href=\"https:\/\/comparemyjet.com\/da\/how-much-medical-flights-medevac-air-ambulance-cost\/#Medical_Flights_Membership_Programs\" >Medlemskab af Medical Flights<\/a><\/li><\/ul><\/li><\/ul><\/li><li class='ez-toc-page-1 ez-toc-heading-level-2'><a class=\"ez-toc-link ez-toc-heading-4\" href=\"https:\/\/comparemyjet.com\/da\/how-much-medical-flights-medevac-air-ambulance-cost\/#What_Is_Medevac\" >Hvad er Medevac?<\/a><ul class='ez-toc-list-level-3' ><li class='ez-toc-heading-level-3'><a class=\"ez-toc-link ez-toc-heading-5\" href=\"https:\/\/comparemyjet.com\/da\/how-much-medical-flights-medevac-air-ambulance-cost\/#Air_Ambulance\" >Luftambulance<\/a><\/li><li class='ez-toc-page-1 ez-toc-heading-level-3'><a class=\"ez-toc-link ez-toc-heading-6\" href=\"https:\/\/comparemyjet.com\/da\/how-much-medical-flights-medevac-air-ambulance-cost\/#Medevac_Costs_Air_Ambulance\" >Medevac-omkostninger (luftambulance)<\/a><ul class='ez-toc-list-level-4' ><li class='ez-toc-heading-level-4'><a class=\"ez-toc-link ez-toc-heading-7\" href=\"https:\/\/comparemyjet.com\/da\/how-much-medical-flights-medevac-air-ambulance-cost\/#Medevac_Insurance\" >Medevac-forsikring<\/a><\/li><\/ul><\/li><\/ul><\/li><li class='ez-toc-page-1 ez-toc-heading-level-2'><a class=\"ez-toc-link ez-toc-heading-8\" href=\"https:\/\/comparemyjet.com\/da\/how-much-medical-flights-medevac-air-ambulance-cost\/#Types_Of_Air_Ambulances\" >Typer af luftambulancer<\/a><ul class='ez-toc-list-level-3' ><li class='ez-toc-heading-level-3'><a class=\"ez-toc-link ez-toc-heading-9\" href=\"https:\/\/comparemyjet.com\/da\/how-much-medical-flights-medevac-air-ambulance-cost\/#Turboprop_Air_Ambulances\" >Turboprop-luftambulancer<\/a><\/li><li class='ez-toc-page-1 ez-toc-heading-level-3'><a class=\"ez-toc-link ez-toc-heading-10\" href=\"https:\/\/comparemyjet.com\/da\/how-much-medical-flights-medevac-air-ambulance-cost\/#Jet_Plane_Ambulances\" >Ambulancer med jetfly<\/a><\/li><\/ul><\/li><li class='ez-toc-page-1 ez-toc-heading-level-2'><a class=\"ez-toc-link ez-toc-heading-11\" href=\"https:\/\/comparemyjet.com\/da\/how-much-medical-flights-medevac-air-ambulance-cost\/#Summary\" >Resum\u00e9<\/a><\/li><\/ul><\/nav><\/div>\n<h2 class=\"wp-block-heading\"><span class=\"ez-toc-section\" id=\"What_Are_Medical_Flights\"><\/span>Hvad er medicinske flyvninger?<span class=\"ez-toc-section-end\"><\/span><\/h2>\n\n\n\n<p>En medicinsk flyvning er flytransport af syge eller tilskadekomne mennesker, der har brug for \u00f8jeblikkelig l\u00e6gehj\u00e6lp, som udf\u00f8res under flyvningen. Disse flyvninger er meget medicinsk udstyret med n\u00f8dvendige maskiner og medicin, da flyet er designet til at sikre den sikrest mulige patienttransport.<\/p>\n\n\n\n<p>Denne transport er normalt n\u00f8dvendig under ekstreme omst\u00e6ndigheder, s\u00e5som skader i landlige eller vilde omr\u00e5der, sj\u00e6ldne sygdomme, sygdomme eller skader, der er opst\u00e5et i udlandet, og som skal behandles i patientens hjemland med det samme.<\/p>\n\n\n\n<h3 class=\"wp-block-heading\"><span class=\"ez-toc-section\" id=\"Medical_Flights_Costs\"><\/span>Udgifter til medicinske flyvninger<span class=\"ez-toc-section-end\"><\/span><\/h3>\n\n\n\n<p>I lighed med almindelig booking kan medicinske flyvninger variere afh\u00e6ngigt af en r\u00e6kke variabler.<\/p>\n\n\n\n<p>I henhold til <a href=\"https:\/\/content.naic.org\/cipr_topics\/topic_air_ambulances.htm\" target=\"_blank\" rel=\"noreferrer noopener nofollow\">National Association of Insurance Commissioners fra USA<\/a>Gennemsnitsprisen for en luftambulanceflyvning er p\u00e5 titusindvis af dollars, men den kan ogs\u00e5 n\u00e5 ekstreme tal, afh\u00e6ngigt af omst\u00e6ndighederne.<\/p>\n\n\n\n<p>Der er flere grunde til, at denne type transport er s\u00e5 dyr. For det f\u00f8rste er der selve jetflyet, som kan koste millioner af <a href=\"https:\/\/www.doi.sc.gov\/DocumentCenter\/View\/7877\/Consumer-Alert-Understanding-Air-Ambulance-Insurance\" target=\"_blank\" rel=\"noreferrer noopener nofollow\">dollars<\/a>Dertil kommer udgifter til vedligeholdelse og medicinsk udstyr, der skal sikre sikkerhed og funktionsdygtighed hele \u00e5ret rundt. Dertil kommer udgifter til medicinsk personale, hvis l\u00f8nninger normalt overstiger l\u00f8nningerne for almindeligt medicinsk personale, og afh\u00e6ngigt af omst\u00e6ndighederne kan antallet af bes\u00e6tningsmedlemmer om bord variere, s\u00e5 denne variabel p\u00e5virker ogs\u00e5 den endelige pris for tjenesten.<\/p>\n\n\n\n<p>Alvoren af skaden eller tilstanden er en anden vigtig faktor, der p\u00e5virker serviceprisen, fordi det medf\u00f8rer en r\u00e6kke andre omkostninger, s\u00e5som den type behandling, der anvendes p\u00e5 flyvningen, udstyr og medicin, der anvendes osv.<\/p>\n\n\n\n<p>Hvis flyrejsen foreg\u00e5r lokalt, f.eks. i USA, vil prisen v\u00e6re meget lavere, end hvis patienten skal transporteres hjem fra et andet land.<\/p>\n\n\n\n<p>If\u00f8lge <a href=\"https:\/\/leg.mt.gov\/content\/Committees\/Interim\/2015-2016\/Economic-Affairs\/Meetings\/Dec-2015\/hjr29-survey-responses.pdf\" target=\"_blank\" rel=\"noreferrer noopener nofollow\">Montanas lovgivende forsamling<\/a> Unders\u00f8gelsen viser, at prisen for en medicinsk flyvning er opdelt i startgebyret, der ligger mellem $8.500 og $15.200, og gebyret pr. kilometer, der ligger mellem $26 og $133 pr. kilometer.<\/p>\n\n\n\n<h4 class=\"wp-block-heading\"><span class=\"ez-toc-section\" id=\"Medical_Flights_Membership_Programs\"><\/span>Medlemskab af Medical Flights<span class=\"ez-toc-section-end\"><\/span><\/h4>\n\n\n\n<p>For dem, der af en eller anden grund har mistanke om, at de kan f\u00e5 brug for denne service, kan de tilmelde sig medlemsprogrammer, som forskellige flymedicinske selskaber tilbyder. S\u00e5danne programmer er designet til ikke at overstige de omkostninger, der d\u00e6kkes af brugerens sygesikringsselskab.&nbsp;<\/p>\n\n\n\n<p>For eksempel kan <a href=\"https:\/\/www.airmedcarenetwork.com\/\" target=\"_blank\" rel=\"noreferrer noopener nofollow\">AirMed-netv\u00e6rk<\/a> medlemskab koster kun $85 om \u00e5ret pr. husstand, mens <a href=\"https:\/\/airmed.com\/Membership\/All-Plans\" target=\"_blank\" rel=\"noreferrer noopener nofollow\">AirMed<\/a> tilbyder individuelle og familiemedlemsskaber p\u00e5 et, tre og fem \u00e5r.<\/p>\n\n\n\n<p>Nu, hvor vi har forklaret, hvad medicinske flyvninger er, s\u00e5 lad os se, hvad medivac er.<\/p>\n\n\n\n<h2 class=\"wp-block-heading\"><span class=\"ez-toc-section\" id=\"What_Is_Medevac\"><\/span>Hvad er Medevac?<span class=\"ez-toc-section-end\"><\/span><\/h2>\n\n\n\n<p>Medevac er et akronym, der st\u00e5r for Medical Evacuation Coverage, og det henviser til fly- eller helikoptertransport af milit\u00e6rfolk eller andre tilskadekomne til det n\u00e6rmeste hospital eller l\u00e6gecenter.<\/p>\n\n\n\n<div class=\"wp-block-image\"><figure class=\"aligncenter size-large\"><img loading=\"lazy\" decoding=\"async\" width=\"1024\" height=\"690\" src=\"https:\/\/comparemyjet.com\/wp-content\/uploads\/2021\/09\/How-Much-Do-medical-Flights-Medevac-and-Air-Ambulance-Services-Cost-4-1024x690.jpg\" alt=\"h\u00e6rens helikopter\" class=\"wp-image-2137\" srcset=\"https:\/\/comparemyjet.com\/wp-content\/uploads\/2021\/09\/How-Much-Do-medical-Flights-Medevac-and-Air-Ambulance-Services-Cost-4-300x202.jpg 300w, https:\/\/comparemyjet.com\/wp-content\/uploads\/2021\/09\/How-Much-Do-medical-Flights-Medevac-and-Air-Ambulance-Services-Cost-4-768x517.jpg 768w, https:\/\/comparemyjet.com\/wp-content\/uploads\/2021\/09\/How-Much-Do-medical-Flights-Medevac-and-Air-Ambulance-Services-Cost-4-1024x690.jpg 1024w, https:\/\/comparemyjet.com\/wp-content\/uploads\/2021\/09\/How-Much-Do-medical-Flights-Medevac-and-Air-Ambulance-Services-Cost-4-1536x1035.jpg 1536w, https:\/\/comparemyjet.com\/wp-content\/uploads\/2021\/09\/How-Much-Do-medical-Flights-Medevac-and-Air-Ambulance-Services-Cost-4.jpg 1600w\" sizes=\"auto, (max-width: 1024px) 100vw, 1024px\" \/><\/figure><\/div>\n\n\n\n<p>Det er en effektiv form for transport med professionel l\u00e6gehj\u00e6lp under flyvningen til personer, der er kommet til skade og har brug for \u00f8jeblikkelig og hurtig l\u00e6gehj\u00e6lp. Det bruges oftest p\u00e5 slagmarker til at transportere s\u00e5rede civile eller medlemmer af h\u00e6ren, men det bruges ogs\u00e5 i landomr\u00e5der i tilf\u00e6lde, hvor patienter har brug for akut hospitalsbehandling.<\/p>\n\n\n\n<p>Eksempler p\u00e5 medevac er EMS-k\u00f8ret\u00f8jer, milit\u00e6re luftambulancer eller flymedicinske tjenester for civile samt fly, der transporterer s\u00e5rede fra slagmarken til hospitalet eller traumecentret.<\/p>\n\n\n\n<h3 class=\"wp-block-heading\"><span class=\"ez-toc-section\" id=\"Air_Ambulance\"><\/span>Luftambulance<span class=\"ez-toc-section-end\"><\/span><\/h3>\n\n\n\n<p>I virkeligheden kaldes alle helikoptere og fly, der tilbyder \u00f8jeblikkelig eller regelm\u00e6ssig transport til et hospital eller traumecenter, luftambulancer. Det vigtigste, du har brug for til at udf\u00f8re en medicinsk evakueringsd\u00e6kning (Medevac), er en luftambulance.<\/p>\n\n\n\n<p>Patienter, der bruger luftambulancerne, beh\u00f8ver ikke n\u00f8dvendigvis at v\u00e6re \"et akut tilf\u00e6lde\" - de kan simpelthen v\u00e6re for svage til at rejse med et kommercielt fly.&nbsp;<\/p>\n\n\n\n<p>En luftambulance er et veludstyret forretningsfly, der giver ekstrem komfort og pleje. Naturligvis er det ingens dr\u00f8m at flyve med en luftambulance. <em>ambulance<\/em>.<\/p>\n\n\n\n<p>Nogle gange vil du h\u00f8re folk bruge udtrykket <em>Redningsfly<\/em> n\u00e5r de faktisk mener luftambulance.<\/p>\n\n\n\n<div class=\"wp-block-image\"><figure class=\"aligncenter size-full\"><img loading=\"lazy\" decoding=\"async\" width=\"1024\" height=\"682\" src=\"https:\/\/comparemyjet.com\/wp-content\/uploads\/2021\/09\/How-Much-Do-medical-Flights-Medevac-and-Air-Ambulance-Services-Cost-2.jpg\" alt=\"Gul l\u00e6gehelikopter\" class=\"wp-image-2135\" srcset=\"https:\/\/comparemyjet.com\/wp-content\/uploads\/2021\/09\/How-Much-Do-medical-Flights-Medevac-and-Air-Ambulance-Services-Cost-2-300x200.jpg 300w, https:\/\/comparemyjet.com\/wp-content\/uploads\/2021\/09\/How-Much-Do-medical-Flights-Medevac-and-Air-Ambulance-Services-Cost-2-768x512.jpg 768w, https:\/\/comparemyjet.com\/wp-content\/uploads\/2021\/09\/How-Much-Do-medical-Flights-Medevac-and-Air-Ambulance-Services-Cost-2.jpg 1024w\" sizes=\"auto, (max-width: 1024px) 100vw, 1024px\" \/><\/figure><\/div>\n\n\n\n<p>Det er ikke en regel, men hvis sagen ikke er presserende, og der kun er behov for at transportere en person fra punkt A til punkt B, hvor <em>B <\/em>er en medicinsk facilitet, vil der blive brugt et fly. Men et jetfly vil ogs\u00e5 blive brugt, hvis sagen haster, men behandlingsstedet er langt v\u00e6k, over 1.000 miles for eksempel.<\/p>\n\n\n\n<p>P\u00e5 den anden side bruges en helikopter til mere presserende tilf\u00e6lde, hvor der er et \u00f8jeblikkeligt behov for at transportere personen til et hospital eller traumecenter. Helikoptere bruges ogs\u00e5 til ikke-akutte, kortere str\u00e6kninger, hvor det ikke kan betale sig for et fly at lette.<\/p>\n\n\n\n<h3 class=\"wp-block-heading\"><span class=\"ez-toc-section\" id=\"Medevac_Costs_Air_Ambulance\"><\/span>Medevac-omkostninger (luftambulance)<span class=\"ez-toc-section-end\"><\/span><\/h3>\n\n\n\n<p>Ligesom medicinske flyvninger er medevac ogs\u00e5 ret dyrt, og l\u00e6geregningen kan efterlade modtageren i noget af et chok.<\/p>\n\n\n\n<p>N\u00e5r det g\u00e6lder prisdannelsen, g\u00e6lder de samme variabler som i det foreg\u00e5ende eksempel: afstand, lokal eller international flyvning, skadens alvor, antallet af ansatte, den anvendte flytype, den anvendte behandlingstype osv. Gennemsnittet og den laveste pris er dog stadig lavere end for medicinske flyvninger.<\/p>\n\n\n\n<p>I Nordamerika koster Medevac i gennemsnit ca. $25.000, mens evakuering fra Europa til Nordamerika i gennemsnit kan koste ca. $100.000. Den gennemsnitlige pris for evakuering fra andre steder er ca. $250.000.<\/p>\n\n\n\n<p>Yderligere $11.000 for lokale flyvninger og op til $25.000 kan v\u00e6re n\u00f8dvendigt, hvis der er behov for sygeplejerskeeskorte.<\/p>\n\n\n\n<p>Omkostningerne ved hjemtransport kan i alt n\u00e5 op p\u00e5 $1 million, hvis patienten er alvorligt skadet, det er et sv\u00e6rt tilg\u00e6ngeligt sted, eller det er meget langt v\u00e6k.<\/p>\n\n\n\n<h4 class=\"wp-block-heading\"><span class=\"ez-toc-section\" id=\"Medevac_Insurance\"><\/span>Medevac-forsikring<span class=\"ez-toc-section-end\"><\/span><\/h4>\n\n\n\n<p>Men det kan ogs\u00e5 l\u00f8ses med en forsikring for medicinsk evakuering, som tilbydes af de fleste rejseforsikringsselskaber samt nogle kreditkort. Det er ogs\u00e5 muligt udelukkende at k\u00f8be medevac, som vil d\u00e6kke flere omkostninger end den almindelige rejseforsikring. Eksempler p\u00e5 selskaber, der tilbyder medevac, er <a href=\"https:\/\/www.travelguard.com\/travel-insurance\/benefits\/medevac\" target=\"_blank\" rel=\"noreferrer noopener nofollow\">Rejsegarden<\/a>, <a href=\"https:\/\/medjetassist.com\/\" target=\"_blank\" rel=\"noreferrer noopener nofollow\">MedJet<\/a>, <a href=\"https:\/\/www.allianzcare.com\/en\/about-us\/blog\/2015\/09\/medical-evacuation-and-repatriation-insurance-cover.html\" target=\"_blank\" rel=\"noreferrer noopener nofollow\">Allianzcare<\/a>, <a href=\"https:\/\/www.travelmedevac.com\/\" target=\"_blank\" rel=\"noreferrer noopener nofollow\">Medicinsk evakuering af rejsende<\/a>, eller <a href=\"https:\/\/medjetassist.com\/resources\/medical-evacuation-insurance\" target=\"_blank\" rel=\"noreferrer noopener nofollow\">Med Jet Assist<\/a>.<\/p>\n\n\n\n<p>Medevac-forsikring anbefales p\u00e5 det kraftigste, hvis du tager p\u00e5 krydstogt, eller hvis du bes\u00f8ger et udviklingsland meget langt v\u00e6k, hvor du ved, at du ikke vil kunne f\u00e5 ordentlig l\u00e6gehj\u00e6lp.<\/p>\n\n\n\n<p>Hvis du beslutter dig for at tegne en evakueringsforsikring, skal du beslutte dig for, hvilken d\u00e6kning der passer til dine behov. Dette b\u00f8r afg\u00f8res ved at tage hensyn til f\u00f8lgende faktorer:<br><\/p>\n\n\n\n<ul class=\"wp-block-list\"><li>Flyver du lokalt eller internationalt?<\/li><li>Skal du p\u00e5 en kort eller en lang tur?<\/li><li>Hvad er stedet for din rejse?<\/li><li>Hvad er form\u00e5let med din rejse?<\/li><\/ul>\n\n\n\n<p>Disse sp\u00f8rgsm\u00e5l skal hj\u00e6lpe dig med at foretage en pr\u00e6cis risikovurdering og analysere n\u00f8dvendigheden af at betale for en medevac-forsikring.<\/p>\n\n\n\n<h2 class=\"wp-block-heading\"><span class=\"ez-toc-section\" id=\"Types_Of_Air_Ambulances\"><\/span>Typer af luftambulancer<span class=\"ez-toc-section-end\"><\/span><\/h2>\n\n\n\n<p>Som avgeek var det f\u00f8rste, jeg t\u00e6nkte p\u00e5, da jeg h\u00f8rte om medicinske flyvninger, hvilke typer fly de bruger. Er det de samme jetfly, som bruges til private flyvninger, eller som man kan finde p\u00e5 flydelingsapps?<\/p>\n\n\n\n<div class=\"wp-block-image\"><figure class=\"aligncenter size-full\"><img loading=\"lazy\" decoding=\"async\" width=\"1024\" height=\"684\" src=\"https:\/\/comparemyjet.com\/wp-content\/uploads\/2021\/09\/How-Much-Do-medical-Flights-Medevac-and-Air-Ambulance-Services-Cost-3.jpg\" alt=\"let medicinsk jetfly\" class=\"wp-image-2136\" srcset=\"https:\/\/comparemyjet.com\/wp-content\/uploads\/2021\/09\/How-Much-Do-medical-Flights-Medevac-and-Air-Ambulance-Services-Cost-3-300x200.jpg 300w, https:\/\/comparemyjet.com\/wp-content\/uploads\/2021\/09\/How-Much-Do-medical-Flights-Medevac-and-Air-Ambulance-Services-Cost-3-768x513.jpg 768w, https:\/\/comparemyjet.com\/wp-content\/uploads\/2021\/09\/How-Much-Do-medical-Flights-Medevac-and-Air-Ambulance-Services-Cost-3.jpg 1024w\" sizes=\"auto, (max-width: 1024px) 100vw, 1024px\" \/><\/figure><\/div>\n\n\n\n<p>Det viser sig, at der er s\u00e6rlige modeller, der er <em>for det meste <\/em>bruges som luftambulancer, dvs. til evakueringsform\u00e5l. To hovedtyper af fly er turboprop- og jetfly. Begge typer har deres form\u00e5l, tid og sted, hvor de bruges.<\/p>\n\n\n\n<p>Bare s\u00e5 du ved det, s\u00e5 er der mange <a href=\"https:\/\/greatflight.com\/blog\/turboprop-vs-jet\/\" target=\"_blank\" rel=\"noreferrer noopener nofollow\">forskelle<\/a> mellem et turboprop- og et jetfly. Den st\u00f8rste er, at et turbopropfly har en hybridmotor, der kombinerer en jetmotor, som driver propellen p\u00e5 flyet, ligesom i gamle dage, mens et jetfly naturligvis kun har en jetmotor.&nbsp;&nbsp;<\/p>\n\n\n\n<h3 class=\"wp-block-heading\"><span class=\"ez-toc-section\" id=\"Turboprop_Air_Ambulances\"><\/span>Turboprop-luftambulancer<span class=\"ez-toc-section-end\"><\/span><\/h3>\n\n\n\n<p>N\u00e5r sandheden skal frem, er turbopropfly en smule langsommere end jetfly, men de har deres egne fordele. Et turbopropfly kan lande i mindre regionale lufthavne, lette fra kortere landingsbaner og er meget billigere at vedligeholde og drive.<\/p>\n\n\n\n<p>Turbopropfly kan lande meget t\u00e6ttere p\u00e5 m\u00e5let, hvilket betyder, at den n\u00f8dstedte person kommer hurtigere ind i flyet. Nogle typiske turboprop-luftambulancer er <a href=\"https:\/\/www.aopa.org\/go-fly\/aircraft-and-ownership\/aircraft-fact-sheets\/beechcraft-king-air-90\" target=\"_blank\" rel=\"noreferrer noopener nofollow\">Beechcraft King Air 90<\/a>, <a href=\"https:\/\/www.medical-air-service.com\/aircrafts\/beechcraft-king-air-200_79.html\" target=\"_blank\" rel=\"noreferrer noopener nofollow\">Beechcraft King Air 200<\/a>, eller den <a href=\"https:\/\/www.medical-air-service.com\/aircrafts\/piper-pa-42-720-cheyenne-iiia_260.html\" target=\"_blank\" rel=\"noreferrer noopener nofollow\">Piper PA-42-720 Cheyenne<\/a>.<\/p>\n\n\n\n<h3 class=\"wp-block-heading\"><span class=\"ez-toc-section\" id=\"Jet_Plane_Ambulances\"><\/span>Ambulancer med jetfly<span class=\"ez-toc-section-end\"><\/span><\/h3>\n\n\n\n<p>I mods\u00e6tning til turbopropfly er jetambulancer meget hurtigere. De bruges, hvis patienten befinder sig i en alvorlig og presserende situation. En jetambulance kan hurtigt tage en patient fra et kontinent og transportere dem til et andet.<\/p>\n\n\n\n<p>Selvf\u00f8lgelig er der andre komplikationer forbundet med jetfly-ambulancer, og det er terr\u00e6net, som ikke altid er egnet, samt h\u00f8je vedligeholdelsesomkostninger. Nogle typiske jetambulancer ville v\u00e6re <a href=\"https:\/\/cessna.txtav.com\/en\/citation\/m2\" target=\"_blank\" rel=\"noreferrer noopener nofollow\">Citation Mustang<\/a>, den <a href=\"https:\/\/www.aso.com\/listings\/spec\/ViewAd.aspx?id=187127&amp;listingType=true&amp;\" target=\"_blank\" rel=\"noreferrer noopener nofollow\">Hawker<\/a>, <a href=\"https:\/\/www.boeing.com\/commercial\/bbj\/\" target=\"_blank\" rel=\"noreferrer noopener nofollow\">Boeing Business<\/a>, eller den <a href=\"https:\/\/businessaircraft.bombardier.com\/en\/challenger-family\" target=\"_blank\" rel=\"noreferrer noopener nofollow\">Bombardier Challenger<\/a>.<\/p>\n\n\n\n<h2 class=\"wp-block-heading\"><span class=\"ez-toc-section\" id=\"Summary\"><\/span>Resum\u00e9<span class=\"ez-toc-section-end\"><\/span><\/h2>\n\n\n\n<p>Medicinske flyvninger er et alvorligt emne, som kr\u00e6ver en omhyggelig tilgang. I denne tekst har du bem\u00e6rket, at begreberne <em>medicinske flyvninger<\/em>,<em> Medevac<\/em>, og <em>Luftambulancetjenester<\/em> bliver ofte n\u00e6vnt. Disse termer er ikke helt udskiftelige, men er afh\u00e6ngige af hinanden.<\/p>\n\n\n\n<p>Den f\u00f8rste, medicinske flyvninger, er en paraplybetegnelse for b\u00e5de medevac og luftambulancer. For at v\u00e6re mere pr\u00e6cis er enhver flyvning, der har noget at g\u00f8re med medicinsk behandling, en medicinsk flyvning. P\u00e5 samme tid har medevac og luftambulancer alt at g\u00f8re med medicinsk behandling.<\/p>\n\n\n\n<p>Medevac er p\u00e5 den anden side et udtryk, der beskriver medicinsk evakuering. Med andre ord handler det om at \"redde\" mennesker i n\u00f8d, som er langt v\u00e6k fra et byomr\u00e5de og har brug for en udskudt eller \u00f8jeblikkelig behandling p\u00e5 et hospital eller traumecenter.<\/p>\n\n\n\n<p>For at kunne evakuere nogen fra et u\u00f8nsket scenarie har man brug for en luftambulance. Det er her, det tredje begreb kommer ind i billedet. En luftambulance kan v\u00e6re en helikopter eller et fly.<\/p>\n\n\n\n<p>En helikopter bruges mest til kortere str\u00e6kninger, eller n\u00e5r situationen er meget akut. Fordelen ved helikopteren er, at den kan lande n\u00e6sten hvor som helst og kan bruge mere bekvemme baner for at n\u00e5 frem til l\u00e6gehuset.<\/p>\n\n\n\n<p>Samtidig er der ogs\u00e5 en opdeling med flyene, hvor der b\u00e5de bruges turbopropfly og jetambulancer. Turbopropflyene er lidt langsommere, men kan lande t\u00e6ttere p\u00e5 patienten og er billigere i drift. Jetambulancer, p\u00e5 den anden side, g\u00f8r arbejdet hurtigere og kan k\u00f8re flere kilometer.<\/p>\n\n\n\n<p>Forh\u00e5bentlig st\u00e5r tingene lidt klarere for dig nu. Jeg \u00f8nsker ikke, at du har brug for en medicinsk flyvning, men det er en fordel at vide disse ting, for man ved aldrig. S\u00f8rg for at l\u00e6se teksten en gang til, hvis det er n\u00f8dvendigt, for det er et meget vigtigt emne, der fortjener vores opm\u00e6rksomhed.<\/p>","protected":false},"excerpt":{"rendered":"<p>Lufttransport til medicinske form\u00e5l har v\u00e6ret med til at redde mange liv i l\u00f8bet af de seneste \u00e5rtier. Disse former for transport er s\u00e6rligt effektive under dramatiske omst\u00e6ndigheder og i landlige og vilde omr\u00e5der, da de kan bringe den tilskadekomne til det n\u00e6rmeste hospital p\u00e5 mindre end en time. P\u00e5 den anden side kan disse tjenester ...<\/p>","protected":false},"author":1,"featured_media":2134,"parent":0,"menu_order":0,"comment_status":"closed","ping_status":"closed","template":"","meta":{"_acf_changed":false,"_genesis_hide_title":false,"_genesis_hide_breadcrumbs":false,"_genesis_hide_singular_image":false,"_genesis_hide_footer_widgets":false,"_genesis_custom_body_class":"","_genesis_custom_post_class":"","_genesis_layout":"","footnotes":""},"class_list":{"1":"page","2":"type-page","6":"entry"},"acf":[],"_links":{"self":[{"href":"https:\/\/comparemyjet.com\/da\/wp-json\/wp\/v2\/pages\/2132","targetHints":{"allow":["GET"]}}],"collection":[{"href":"https:\/\/comparemyjet.com\/da\/wp-json\/wp\/v2\/pages"}],"about":[{"href":"https:\/\/comparemyjet.com\/da\/wp-json\/wp\/v2\/types\/page"}],"author":[{"embeddable":true,"href":"https:\/\/comparemyjet.com\/da\/wp-json\/wp\/v2\/users\/1"}],"replies":[{"embeddable":true,"href":"https:\/\/comparemyjet.com\/da\/wp-json\/wp\/v2\/comments?post=2132"}],"version-history":[{"count":2,"href":"https:\/\/comparemyjet.com\/da\/wp-json\/wp\/v2\/pages\/2132\/revisions"}],"predecessor-version":[{"id":2186,"href":"https:\/\/comparemyjet.com\/da\/wp-json\/wp\/v2\/pages\/2132\/revisions\/2186"}],"wp:featuredmedia":[{"embeddable":true,"href":"https:\/\/comparemyjet.com\/da\/wp-json\/wp\/v2\/media\/2134"}],"wp:attachment":[{"href":"https:\/\/comparemyjet.com\/da\/wp-json\/wp\/v2\/media?parent=2132"}],"curies":[{"name":"wp","href":"https:\/\/api.w.org\/{rel}","templated":true}]}}