{"id":2163,"date":"2021-09-14T21:46:17","date_gmt":"2021-09-14T21:46:17","guid":{"rendered":"https:\/\/comparemyjet.com\/?page_id=2163"},"modified":"2025-09-04T09:59:26","modified_gmt":"2025-09-04T09:59:26","slug":"london-to-milan-private-flight-jet","status":"publish","type":"page","link":"https:\/\/comparemyjet.com\/da\/london-to-milan-private-flight-jet\/","title":{"rendered":"London til Milano med privatfly"},"content":{"rendered":"<p>Italiens n\u00e6stmest folkerige by efter <a href=\"https:\/\/comparemyjet.com\/da\/private-tours\/rome-private-tours\/\" data-internallinksmanager029f6b8e52c=\"304\" title=\"11 bedste private ture til Rom fra $23.77\">Rom<\/a> er en destination, der er v\u00e6rd at bes\u00f8ge, hvilket bevises af de millioner af \u00e5rlige turister og andre bes\u00f8gende, den f\u00e5r. Du kender helt sikkert dit spil, hvis du planl\u00e6gger at bes\u00f8ge <a href=\"https:\/\/comparemyjet.com\/da\/private-jet-charters-to-milan\/\" data-internallinksmanager029f6b8e52c=\"122\" title=\"Charter med privatfly til Milano\">Milano<\/a>Byen er fuld af vidunderlige udsigter og caf\u00e9er fyldt med smukke og glade ansigter.&nbsp;<\/p>\r\n\r\n\r\n\r\n<p>Milano fungerer ogs\u00e5 som hovedstad i provinsen Lombardiet og anses for at v\u00e6re en af verdens mest fashionable byer. Og hvilken bedre m\u00e5de at rejse til denne storsl\u00e5ede by p\u00e5 end med privatfly.<\/p>\r\n\r\n\r\n\r\n<p>Den gode nyhed er, at <a href=\"https:\/\/comparemyjet.com\/da\/private-tours\/london-private-tours\/\" data-internallinksmanager029f6b8e52c=\"396\" title=\"11 bedste private ture i London fra $104.69\">London<\/a> og Milano er ikke s\u00e5 langt v\u00e6k. De to byer ligger omkring 800 miles fra hinanden, og den ansl\u00e5ede flyvetid er omkring 2 timer.&nbsp;<\/p>\r\n\r\n\r\n\r\n<p>Hvis du ikke ved, hvor du skal starte med at leje et jetfly til Milano og gerne vil vide mere om forskellige jetst\u00f8rrelser, priser, lufthavne og deres FBO'er med mere, forklarer vi alt i afsnittene nedenfor.<\/p>\r\n\r\n\r\n\r\n<div id=\"ez-toc-container\" class=\"ez-toc-v2_0_76 counter-hierarchy ez-toc-counter ez-toc-grey ez-toc-container-direction\">\n<p class=\"ez-toc-title\" style=\"cursor:inherit\">Emner<\/p>\n<label for=\"ez-toc-cssicon-toggle-item-69e0d6a4a4979\" class=\"ez-toc-cssicon-toggle-label\"><span class=\"\"><span class=\"eztoc-hide\" style=\"display:none;\">Toggle<\/span><span class=\"ez-toc-icon-toggle-span\"><svg style=\"fill: #999;color:#999\" xmlns=\"http:\/\/www.w3.org\/2000\/svg\" class=\"list-377408\" width=\"20px\" height=\"20px\" viewbox=\"0 0 24 24\" fill=\"none\"><path d=\"M6 6H4v2h2V6zm14 0H8v2h12V6zM4 11h2v2H4v-2zm16 0H8v2h12v-2zM4 16h2v2H4v-2zm16 0H8v2h12v-2z\" fill=\"currentColor\"><\/path><\/svg><svg style=\"fill: #999;color:#999\" class=\"arrow-unsorted-368013\" xmlns=\"http:\/\/www.w3.org\/2000\/svg\" width=\"10px\" height=\"10px\" viewbox=\"0 0 24 24\" version=\"1.2\" baseprofile=\"tiny\"><path d=\"M18.2 9.3l-6.2-6.3-6.2 6.3c-.2.2-.3.4-.3.7s.1.5.3.7c.2.2.4.3.7.3h11c.3 0 .5-.1.7-.3.2-.2.3-.5.3-.7s-.1-.5-.3-.7zM5.8 14.7l6.2 6.3 6.2-6.3c.2-.2.3-.5.3-.7s-.1-.5-.3-.7c-.2-.2-.4-.3-.7-.3h-11c-.3 0-.5.1-.7.3-.2.2-.3.5-.3.7s.1.5.3.7z\"\/><\/svg><\/span><\/span><\/label><input type=\"checkbox\"  id=\"ez-toc-cssicon-toggle-item-69e0d6a4a4979\" checked aria-label=\"Toggle\" \/><nav><ul class='ez-toc-list ez-toc-list-level-1' ><li class='ez-toc-page-1 ez-toc-heading-level-2'><a class=\"ez-toc-link ez-toc-heading-1\" href=\"https:\/\/comparemyjet.com\/da\/london-to-milan-private-flight-jet\/#London_to_Milan_Airports\" >London til Milanos lufthavne<\/a><ul class='ez-toc-list-level-3' ><li class='ez-toc-heading-level-3'><a class=\"ez-toc-link ez-toc-heading-2\" href=\"https:\/\/comparemyjet.com\/da\/london-to-milan-private-flight-jet\/#From_London_Luton_to_Milan_Linate\" >Fra London Luton til Milano Linate<\/a><ul class='ez-toc-list-level-4' ><li class='ez-toc-heading-level-4'><a class=\"ez-toc-link ez-toc-heading-3\" href=\"https:\/\/comparemyjet.com\/da\/london-to-milan-private-flight-jet\/#About_The_Airports\" >Om lufthavnene<\/a><\/li><\/ul><\/li><li class='ez-toc-page-1 ez-toc-heading-level-3'><a class=\"ez-toc-link ez-toc-heading-4\" href=\"https:\/\/comparemyjet.com\/da\/london-to-milan-private-flight-jet\/#From_London_Stansted_to_Milan_Malpensa\" >Fra London Stansted til Milano Malpensa<\/a><ul class='ez-toc-list-level-4' ><li class='ez-toc-heading-level-4'><a class=\"ez-toc-link ez-toc-heading-5\" href=\"https:\/\/comparemyjet.com\/da\/london-to-milan-private-flight-jet\/#About_The_Airports-2\" >Om lufthavnene<\/a><\/li><\/ul><\/li><\/ul><\/li><li class='ez-toc-page-1 ez-toc-heading-level-2'><a class=\"ez-toc-link ez-toc-heading-6\" href=\"https:\/\/comparemyjet.com\/da\/london-to-milan-private-flight-jet\/#Kinds_of_Jets_to_Take_From_London_To_Milan\" >Typer af fly at tage fra London til Milano<\/a><ul class='ez-toc-list-level-3' ><li class='ez-toc-heading-level-3'><a class=\"ez-toc-link ez-toc-heading-7\" href=\"https:\/\/comparemyjet.com\/da\/london-to-milan-private-flight-jet\/#Piper_M_600\" >Piper M 600<\/a><\/li><li class='ez-toc-page-1 ez-toc-heading-level-3'><a class=\"ez-toc-link ez-toc-heading-8\" href=\"https:\/\/comparemyjet.com\/da\/london-to-milan-private-flight-jet\/#Eclipse_500\" >Eclipse 500<\/a><\/li><li class='ez-toc-page-1 ez-toc-heading-level-3'><a class=\"ez-toc-link ez-toc-heading-9\" href=\"https:\/\/comparemyjet.com\/da\/london-to-milan-private-flight-jet\/#King_Air_200\" >King Air 200<\/a><\/li><\/ul><\/li><li class='ez-toc-page-1 ez-toc-heading-level-2'><a class=\"ez-toc-link ez-toc-heading-10\" href=\"https:\/\/comparemyjet.com\/da\/london-to-milan-private-flight-jet\/#Conclusion\" >Konklusion<\/a><\/li><\/ul><\/nav><\/div>\n<h2 class=\"wp-block-heading\"><span class=\"ez-toc-section\" id=\"London_to_Milan_Airports\"><\/span>London til Milanos lufthavne<span class=\"ez-toc-section-end\"><\/span><\/h2>\r\n\r\n\r\n\r\n<p>I gennemsnit skal du regne med at bruge omkring \u00a36.500 (7.500 EUR) p\u00e5 at flyve til Milano fra London + ekstra gebyrer. Husk, at den endelige pris afh\u00e6nger af flyets st\u00f8rrelse og model, antallet af passagerer samt de lufthavne, du vil bruge til start og landing, og det selskab, der opererer flyet. V\u00e6r opm\u00e6rksom p\u00e5, at du i denne artikel vil se gennemsnitspriserne fra forskellige kilder, som f.eks. <a href=\"https:\/\/www.privatefly.com\/private-jet-hire\/private-jet-shuttle-between-london-and-milan.html\" target=\"_blank\" rel=\"noreferrer noopener nofollow\">Privatefly.com<\/a>, <a href=\"https:\/\/www.evojets.com\/private-jet-london-milan\/\" target=\"_blank\" rel=\"noreferrer noopener nofollow\">Evojets.com<\/a>, eller <a href=\"https:\/\/www.lunajets.com\/en\/private-jet-charter\/fly-to-milan\" target=\"_blank\" rel=\"noreferrer noopener nofollow\">Lunajets.com<\/a>.&nbsp;<\/p>\r\n\r\n\r\n\r\n<p>De muligheder, du f\u00e5r med hensyn til jetst\u00f8rrelse, er turboprop, let, mellemstor eller tung jet. Og med det af vejen, s\u00e5 lad os starte med Londons og Milanos mest ber\u00f8mte lufthavne.<\/p>\r\n\r\n\r\n\r\n<div class=\"wp-block-image\"><figure class=\"aligncenter size-large\"><img loading=\"lazy\" decoding=\"async\" width=\"683\" height=\"1024\" src=\"https:\/\/comparemyjet.com\/wp-content\/uploads\/2021\/09\/London-to-Milan-3-683x1024.jpg\" alt=\"Kvinde p\u00e5 indk\u00f8b i Milano\" class=\"wp-image-2166\" srcset=\"https:\/\/comparemyjet.com\/wp-content\/uploads\/2021\/09\/London-to-Milan-3-200x300.jpg 200w, https:\/\/comparemyjet.com\/wp-content\/uploads\/2021\/09\/London-to-Milan-3-683x1024.jpg 683w, https:\/\/comparemyjet.com\/wp-content\/uploads\/2021\/09\/London-to-Milan-3-768x1152.jpg 768w, https:\/\/comparemyjet.com\/wp-content\/uploads\/2021\/09\/London-to-Milan-3-1024x1536.jpg 1024w, https:\/\/comparemyjet.com\/wp-content\/uploads\/2021\/09\/London-to-Milan-3-1366x2048.jpg 1366w, https:\/\/comparemyjet.com\/wp-content\/uploads\/2021\/09\/London-to-Milan-3-scaled.jpg 1707w\" sizes=\"auto, (max-width: 683px) 100vw, 683px\" \/><\/figure><\/div>\r\n\r\n\r\n\r\n<h3 class=\"wp-block-heading\"><span class=\"ez-toc-section\" id=\"From_London_Luton_to_Milan_Linate\"><\/span>Fra London Luton til Milano Linate<span class=\"ez-toc-section-end\"><\/span><\/h3>\r\n\r\n\r\n\r\n<p>Hvis du rejser alene eller med en lille gruppe, vil den mest enkle l\u00f8sning v\u00e6re at leje et turbopropfly, som vil bringe dig fra Luton til Linate p\u00e5 to timer og tyve minutter. Den pris, du skal betale, er 6.500 pund, og du kan have op til 19 personer om bord.<\/p>\r\n\r\n\r\n\r\n<p>Den n\u00e6ste er et let jetfly, som tager prisen et hak h\u00f8jere, men helt sikkert tilf\u00f8jer komfort og stil. Dette fly giver dig plads til op til ni passagerer for 5.200 pund. Den ansl\u00e5ede flyvetid er noget kortere end turbopropflyet, da du vil ankomme om 1 time og 50 minutter.<\/p>\r\n\r\n\r\n\r\n<p>Et mellemstort jetfly vil ikke g\u00f8re den store forskel i dette tilf\u00e6lde med hensyn til s\u00e6dekapacitet, men det vil bringe dig ret hurtigt til Milano Linate. Dette jetfly kan tage op til 10 personer og vil ankomme til din destination om 1 time og 40 minutter. Denne type jetfly vil dog koste dig en del over gennemsnittet - 10.600 pund.<\/p>\r\n\r\n\r\n\r\n<p>Endelig har du ogs\u00e5 mulighed for at leje en tung jet. Dette er en god mulighed, hvis du har en <em>virkelig<\/em> stort selskab med p\u00e5 turen. Dette er en almindelig mulighed for bryllupsg\u00e6ster eller en virksomheds personale, der skal til en fancy destination for teambuilding. Jetflyet har plads til 96 personer og koster 15.100 pund for at n\u00e5 Milano p\u00e5 1 time og 40 minutter, ligesom et mellemstort jetfly.<\/p>\r\n\r\n\r\n\r\n<figure class=\"wp-block-table\"><table><tbody><tr><td>Type af jet<\/td><td>Ansl\u00e5et tid<\/td><td>Antal passagerer<\/td><td>Pris (envejs)<\/td><\/tr><tr><td>Turboprop-jetfly<\/td><td>2 timer og 20 minutter<\/td><td>4 &#8211; 19<\/td><td>\u00a36,500\/7,500 EUR<\/td><\/tr><tr><td>Let jet<\/td><td>1 time og 50 minutter<\/td><td>2 &#8211; 9<\/td><td>\u00a35,200\/6,000 EUR<\/td><\/tr><tr><td>Mellemstort jetfly<\/td><td>1 time og 40 minutter<\/td><td>7 &#8211; 10<\/td><td>\u00a310.600\/12.300 EURO<\/td><\/tr><tr><td>Tung jet<\/td><td>1 time og 40 minutter<\/td><td>4 &#8211; 96<\/td><td>\u00a315,100\/17,550 EUR<\/td><\/tr><\/tbody><\/table><\/figure>\r\n\r\n\r\n\r\n<h4 class=\"wp-block-heading\"><span class=\"ez-toc-section\" id=\"About_The_Airports\"><\/span>Om lufthavnene<span class=\"ez-toc-section-end\"><\/span><\/h4>\r\n\r\n\r\n\r\n<p>N\u00e5r du flyver privat fra en bestemt lufthavn, vil dit private jetfly ikke v\u00e6re i samme terminal som de kommercielle fly. I stedet letter du fra en af de faste baseoperat\u00f8rer (FBO'er) omkring lufthavnen, som er v\u00e6rt for din flyvning.<\/p>\r\n\r\n\r\n\r\n<p>London Luton er en af Storbritanniens <a href=\"https:\/\/comparemyjet.com\/da\/worlds-biggest-airports\/\" data-internallinksmanager029f6b8e52c=\"173\" title=\"Verdens 10 st\u00f8rste og travleste lufthavne [med billeder].\">travleste lufthavne<\/a> og ligger ca. 35 km uden for London. Det tager omkring en time at komme til lufthavnen i bil, mens offentlig transport som tog eller bus tager en halv time l\u00e6ngere.<\/p>\r\n\r\n\r\n\r\n<p>Der er flere ber\u00f8mte FBO'er omkring London Luton. En af dem, som drives af <a href=\"https:\/\/www.signatureflight.com\/\" target=\"_blank\" rel=\"noreferrer noopener nofollow\">Signature Flight Support<\/a>er meget rost blandt rejsende, mest p\u00e5 grund af den gode service sammen med den pragtfulde indretning, der f\u00e5r dig til at f\u00f8le dig varm og velkommen.&nbsp;<\/p>\r\n\r\n\r\n\r\n<p>Desuden kan du v\u00e6lge at bruge <a href=\"https:\/\/comparemyjet.com\/da\/what-is-a-private-jet-fixed-base-operator-fbo\/\" data-internallinksmanager029f6b8e52c=\"19\" title=\"Hvad er en fastbaseoperat\u00f8r (FBO) for privatfly?\">FBO<\/a> drives af Harrods Aviation, som ogs\u00e5 er kendt for at levere storsl\u00e5et service og luksuri\u00f8st interi\u00f8r, der f\u00e5r passagererne til at f\u00f8le sig som kongelige. Du er altid velkommen til at bede om en drink eller en snack eller noget lignende f\u00f8r flyveturen, hvis det vil g\u00f8re din tur sjovere.<\/p>\r\n\r\n\r\n\r\n<p>Milano Linate har ogs\u00e5 en hel del FBO'er i n\u00e6rheden. Ligesom i Luton kan du nemt f\u00e5 \u00f8je p\u00e5 terminalen, der drives af <a href=\"https:\/\/www.signatureflight.com\/locations\/lin\" target=\"_blank\" rel=\"noreferrer noopener nofollow\">Signature Flight Support<\/a>. Anl\u00e6gget er helt uafh\u00e6ngigt af Linate-lufthavnen, og det tager kun 15 minutter fra Milanos centrum at n\u00e5 det.<\/p>\r\n\r\n\r\n\r\n<p>En anden ber\u00f8mt FBO, som er en af de \u00e6ldste private terminaler i Milano, drives af <a href=\"https:\/\/www.universalaviation.aero\/locations\/italy\/milan-liml\/\" target=\"_blank\" rel=\"noreferrer noopener nofollow\">Universal Aviation<\/a>. Som du kan forvente, leverer fastbaseoperat\u00f8ren kun de bedste tjenester, og de ved, hvordan de g\u00f8r din flyvning s\u00e5 behagelig som muligt.<\/p>\r\n\r\n\r\n\r\n<p>En anden mulighed kan altid v\u00e6re <a href=\"https:\/\/www.fboexperience.com\/milano-linate-prime\" target=\"_blank\" rel=\"noreferrer noopener nofollow\">Milano Linate Prime<\/a>som har en tradition p\u00e5 over 50 \u00e5r og sandsynligvis er den \u00e6ldste i det omkringliggende omr\u00e5de. Et smart valg til en privat terminal, da den ligger mindre end 10 km fra Milanos centrum.&nbsp;<\/p>\r\n\r\n\r\n\r\n<div class=\"wp-block-image\"><figure class=\"aligncenter size-large\"><img loading=\"lazy\" decoding=\"async\" width=\"683\" height=\"1024\" src=\"https:\/\/comparemyjet.com\/wp-content\/uploads\/2021\/09\/London-to-Milan-4-683x1024.jpg\" alt=\"London big ben\" class=\"wp-image-2167\" srcset=\"https:\/\/comparemyjet.com\/wp-content\/uploads\/2021\/09\/London-to-Milan-4-200x300.jpg 200w, https:\/\/comparemyjet.com\/wp-content\/uploads\/2021\/09\/London-to-Milan-4-683x1024.jpg 683w, https:\/\/comparemyjet.com\/wp-content\/uploads\/2021\/09\/London-to-Milan-4-768x1152.jpg 768w, https:\/\/comparemyjet.com\/wp-content\/uploads\/2021\/09\/London-to-Milan-4-1024x1536.jpg 1024w, https:\/\/comparemyjet.com\/wp-content\/uploads\/2021\/09\/London-to-Milan-4-1365x2048.jpg 1365w, https:\/\/comparemyjet.com\/wp-content\/uploads\/2021\/09\/London-to-Milan-4-scaled.jpg 1707w\" sizes=\"auto, (max-width: 683px) 100vw, 683px\" \/><\/figure><\/div>\r\n\r\n\r\n\r\n<h3 class=\"wp-block-heading\"><span class=\"ez-toc-section\" id=\"From_London_Stansted_to_Milan_Malpensa\"><\/span>Fra London Stansted til Milano Malpensa<span class=\"ez-toc-section-end\"><\/span><\/h3>\r\n\r\n\r\n\r\n<p>At flyve fra London Stansted til Milano Malpensa, den st\u00f8rste lufthavn i Milano-omr\u00e5det, vil v\u00e6re en smule billigere end at flyve fra Luton til Linate. Det skyldes de lave gebyrer, som lufthavnen opkr\u00e6ver af selskaber for at huse flyvninger p\u00e5 deres omr\u00e5de.<\/p>\r\n\r\n\r\n\r\n<p>Ligesom i enhver anden lufthavn vil prisen blive bestemt, n\u00e5r du har anvendt variabler som flytype, antal passagerer og selvf\u00f8lgelig dato og tidspunkt for rejsen.&nbsp;<\/p>\r\n\r\n\r\n\r\n<p>I dette tilf\u00e6lde vil et turbopropfly fra London til Milano koste dig 6.350 pund. Dette fly kan rumme op til 19 personer, hvilket g\u00e5r lidt ud over komforten, og det vil bringe dig til Malpensa p\u00e5 2 timer og 10 minutter. Den eneste ulempe er, at du ikke har den benplads og komfort, som du ville have haft med et let jetfly.<\/p>\r\n\r\n\r\n\r\n<p>Apropos lette jetfly, s\u00e5 vil en tur til Milano koste dig endnu mindre for selve flyet, men det bliver dyrere, hvis du tager i betragtning, at f\u00e6rre mennesker vil rejse, hvilket g\u00f8r den individuelle billet dyrere. At leje et let jetfly fra Stansted til Malpensa vil koste dig \u00a35.800, og flyvetiden er beregnet til 1 time og 45 minutter. Op til ni personer kan komme om bord.<\/p>\r\n\r\n\r\n\r\n<p>Hvis vi bev\u00e6ger os fremad, har vi den mellemstore jet som den n\u00e6ste. Denne flytype er normalt hurtigere end de tidligere n\u00e6vnte, da den kan bringe dig fra Stansted til Malpensa p\u00e5 halvanden time. P\u00e5 grund af sin st\u00f8rrelse har den private toiletter og er meget velegnet til forretningsrejser. For at leje s\u00e5dan et jetfly skal du betale 10.200 pund for at rejse med maksimalt ti personer.<\/p>\r\n\r\n\r\n\r\n<p>Hvis du planl\u00e6gger at tage <em>en masse <\/em>af mennesker om bord, som til en stor familiesammenkomst eller en forretningskonference, kan du overveje at leje et tungt jetfly. Tunge jetfly er normalt designet til VIP-form\u00e5l. De kan tage op til 96 passagerer, hvoraf halvdelen vil sidde i et VIP-omr\u00e5de.<\/p>\r\n\r\n\r\n\r\n<p>Prisen for et s\u00e5dant fly er \u00a314.200, og det tager 1 time og 35 minutter at n\u00e5 Milano Malpensa fra London Stansted.<\/p>\r\n\r\n\r\n\r\n<figure class=\"wp-block-table\"><table><tbody><tr><td>Type af jet<\/td><td>Ansl\u00e5et tid<\/td><td>Antal passagerer<\/td><td>Pris (envejs)<\/td><\/tr><tr><td>Turboprop-jetfly<\/td><td>2 timer og 10 minutter<\/td><td>4 &#8211; 19<\/td><td>\u00a36,350\/7,350 EUR<\/td><\/tr><tr><td>Let jet<\/td><td>1 time og 45 minutter<\/td><td>2 &#8211; 9<\/td><td>\u00a35,800\/6,750 EUR<\/td><\/tr><tr><td>Mellemstort jetfly<\/td><td>1 time og 30 minutter<\/td><td>7 &#8211; 10<\/td><td>\u00a310,200\/11,850 EUR<\/td><\/tr><tr><td>Tung jet<\/td><td>1 time og 35 minutter<\/td><td>8 &#8211; 96<\/td><td>\u00a314,200\/16,500 EUR<\/td><\/tr><\/tbody><\/table><\/figure>\r\n\r\n\r\n\r\n<h4 class=\"wp-block-heading\"><span class=\"ez-toc-section\" id=\"About_The_Airports-2\"><\/span>Om lufthavnene<span class=\"ez-toc-section-end\"><\/span><\/h4>\r\n\r\n\r\n\r\n<p><a href=\"https:\/\/comparemyjet.com\/da\/hotels\/stn-hotels\/\" data-internallinksmanager029f6b8e52c=\"529\" title=\"De 11 bedste hoteller n\u00e6r London Stansted Airport\">London Stansted Lufthavn<\/a> er en af Storbritanniens travleste lufthavne og ligger ca. 35 km nordvest for Londons centrum. Ligesom i Luton tager det h\u00f8jst en time at komme til lufthavnen i bil, og m\u00e5ske en halv time mere, hvis du tager offentlig transport.<\/p>\r\n\r\n\r\n\r\n<p>I Stansteds omgivelser finder du mange private terminaler eller FBO'er, der kan v\u00e6re v\u00e6rt for take-off til din \u00f8nskede destination. En af dem, der springer i \u00f8jnene, er terminalen, der drives af <a href=\"https:\/\/www.universalaviation.aero\/\" target=\"_blank\" rel=\"noreferrer noopener nofollow\">Universal Aviation<\/a>, en verdensber\u00f8mt fastbaseoperat\u00f8r.<\/p>\r\n\r\n\r\n\r\n<p>Bortset fra det er lufthavnen v\u00e6rt for FBO'er drevet af <a href=\"http:\/\/www.inflitejetcentre.co.uk\/\" target=\"_blank\" rel=\"noreferrer noopener nofollow\">Infinite Jet Center<\/a> og <a href=\"https:\/\/northair.co.uk\/\" target=\"_blank\" rel=\"noreferrer noopener nofollow\">North Air Limited<\/a>. Jeg er sikker p\u00e5, at du allerede genkender navnene, da disse to udg\u00f8r en af de bedst udstyrede faciliteter med luksuri\u00f8st interi\u00f8r og skinnende rene lounges til passagererne og personalet.<\/p>\r\n\r\n\r\n\r\n<p>Malpensa-lufthavnen i Milano er p\u00e5 den anden side den st\u00f8rste lufthavn i byens hovedstadsomr\u00e5de og betjener omkring 17 millioner mennesker fra det omkringliggende omr\u00e5de. Den er let at n\u00e5 fra Milanos centrum, da det tager omkring 50 minutter med offentlig transport som metro eller tog.<\/p>\r\n\r\n\r\n\r\n<p>Som hovedstad for forretning og mode i denne del af Europa er Milano rig p\u00e5 FBO'er. Omkring Malpensa-lufthavnen finder du nogle fantastiske faciliteter, der drives af <a href=\"https:\/\/www.universalaviation.aero\/locations\/italy\/milan-liml\/\" target=\"_blank\" rel=\"noreferrer noopener nofollow\">Universal Aviation<\/a>, men ogs\u00e5 fra andre tjenesteudbydere som f.eks. <a href=\"http:\/\/www.skyservices.it\/\" target=\"_blank\" rel=\"noreferrer noopener nofollow\">Sky Services<\/a>, <a href=\"https:\/\/www.signatureflight.com\/locations\/MXP\" target=\"_blank\" rel=\"noreferrer noopener nofollow\">Signature Flight Support<\/a>, eller <a href=\"https:\/\/www.wfs.aero\/\" target=\"_blank\" rel=\"noreferrer noopener nofollow\">Verdensomsp\u00e6ndende flyservice<\/a>.<\/p>\r\n\r\n\r\n\r\n<div class=\"wp-block-image\"><figure class=\"aligncenter size-large\"><img loading=\"lazy\" decoding=\"async\" width=\"683\" height=\"1024\" src=\"https:\/\/comparemyjet.com\/wp-content\/uploads\/2021\/09\/London-to-Milan-2-683x1024.jpg\" alt=\"flypropel og -vinge set gennem et vindue\" class=\"wp-image-2165\" srcset=\"https:\/\/comparemyjet.com\/wp-content\/uploads\/2021\/09\/London-to-Milan-2-200x300.jpg 200w, https:\/\/comparemyjet.com\/wp-content\/uploads\/2021\/09\/London-to-Milan-2-683x1024.jpg 683w, https:\/\/comparemyjet.com\/wp-content\/uploads\/2021\/09\/London-to-Milan-2-768x1152.jpg 768w, https:\/\/comparemyjet.com\/wp-content\/uploads\/2021\/09\/London-to-Milan-2-1024x1536.jpg 1024w, https:\/\/comparemyjet.com\/wp-content\/uploads\/2021\/09\/London-to-Milan-2-1365x2048.jpg 1365w, https:\/\/comparemyjet.com\/wp-content\/uploads\/2021\/09\/London-to-Milan-2-scaled.jpg 1707w\" sizes=\"auto, (max-width: 683px) 100vw, 683px\" \/><\/figure><\/div>\r\n\r\n\r\n\r\n<h2 class=\"wp-block-heading\"><span class=\"ez-toc-section\" id=\"Kinds_of_Jets_to_Take_From_London_To_Milan\"><\/span>Typer af fly at tage fra London til Milano<span class=\"ez-toc-section-end\"><\/span><\/h2>\r\n\r\n\r\n\r\n<p>Jeg har allerede n\u00e6vnt, at du kan v\u00e6lge at rejse med et let, mellemstort eller tungt jetfly sammen med et turbopropfly. Men de forskellige modeller adskiller sig fra hinanden, s\u00e5 lad os kort gennemg\u00e5 de faktiske jetfly for at vise dig dem.<\/p>\r\n\r\n\r\n\r\n<p>Forskellige virksomheder tilbyder forskellige jetfly, s\u00e5 jeg har taget dem, der overlapper hinanden, og giver dig en gennemsnitlig pris for den p\u00e5g\u00e6ldende model.<\/p>\r\n\r\n\r\n\r\n<h3 class=\"wp-block-heading\"><span class=\"ez-toc-section\" id=\"Piper_M_600\"><\/span>Piper M 600<span class=\"ez-toc-section-end\"><\/span><\/h3>\r\n\r\n\r\n\r\n<p>Piper M600-jetflyet er en <a href=\"https:\/\/comparemyjet.com\/da\/private-tours\/nice-private-tours\/\" data-internallinksmanager029f6b8e52c=\"249\" title=\"11 bedste private ture i Nice fra $37.66\">dejligt<\/a>-Et flot, elegant turbopropfly med gode pr\u00e6stationer. Det er helt sikkert og ser ret luksuri\u00f8st ud. Det tilbyder overlegen komfort med store l\u00e6ders\u00e6der og masser af benplads.&nbsp;<\/p>\r\n\r\n\r\n\r\n<p>Det er ret hurtigt, da det kan udvikle en maksimal hastighed p\u00e5 274 ktas (knots true airspeed) \/ 315 miles i timen i en h\u00f8jde af 30.000 fod. Der kan v\u00e6re op til fem personer om bord, og det tager cirka to timer at flyve fra London til Milano. Bel\u00f8bet, du skal betale for denne, er 7.450 pund.<\/p>\r\n\r\n\r\n\r\n<h3 class=\"wp-block-heading\"><span class=\"ez-toc-section\" id=\"Eclipse_500\"><\/span>Eclipse 500<span class=\"ez-toc-section-end\"><\/span><\/h3>\r\n\r\n\r\n\r\n<p>Eclipse 500 er en perfekt let jet, hvis du vil have lidt intimitet. Det er perfekt til at tage din elskede med p\u00e5 en hurtig tur til Milano, da der kun er plads til to personer, og det tager mindre end to timer at komme til Milano fra London. Prisen, man skal betale for denne tur, er 6.550 pund.<\/p>\r\n\r\n\r\n\r\n<p>Den maksimale hastighed, dette fly kan udvikle, er 425 mph, hvilket placerer det i <em>hurtig kategori<\/em>.<\/p>\r\n\r\n\r\n\r\n<h3 class=\"wp-block-heading\"><span class=\"ez-toc-section\" id=\"King_Air_200\"><\/span>King Air 200<span class=\"ez-toc-section-end\"><\/span><\/h3>\r\n\r\n\r\n\r\n<p>King Air 200 er noget st\u00f8rre og kan rumme op til 12 personer. Interi\u00f8ret er meget flot med l\u00e6ders\u00e6der, der vender mod hinanden. Turen vil uden tvivl v\u00e6re tilfredsstillende, men du skal betale lidt mere for den - 7.650 pund.<\/p>\r\n\r\n\r\n\r\n<h2 class=\"wp-block-heading\"><span class=\"ez-toc-section\" id=\"Conclusion\"><\/span>Konklusion<span class=\"ez-toc-section-end\"><\/span><\/h2>\r\n\r\n\r\n\r\n<p>Efter alt det, der er blevet sagt, lad os kort opsummere det hele. En gennemsnitlig privatflyvning fra London til Milano tager cirka to timer og koster i gennemsnit 6.500 pund (7.500 euro).<\/p>\r\n\r\n\r\n\r\n<p>Prisen kan variere en smule, is\u00e6r hvis du vil have et mere moderne eller tungere jetfly til at flyve dig derhen. Det er klart, at valget af serviceudbyder ogs\u00e5 vil p\u00e5virke prisen. Heldigvis er der et stort udvalg, n\u00e5r det g\u00e6lder disse to byer, og der er masser af private terminaler at lette og lande p\u00e5. Hav en sikker flyvetur!<\/p>","protected":false},"excerpt":{"rendered":"<p>Italiens n\u00e6stst\u00f8rste by efter Rom er en destination, der er v\u00e6rd at bes\u00f8ge, hvilket de millioner af turister og andre bes\u00f8gende, den f\u00e5r hvert \u00e5r, beviser. Du ved helt sikkert, hvad du vil, hvis du planl\u00e6gger at bes\u00f8ge Milano, byen fuld af vidunderlige udsigter og caf\u00e9er fyldt med smukke og glade ansigter.  Milano fungerer ogs\u00e5 som hovedstad i ...<\/p>","protected":false},"author":1,"featured_media":2164,"parent":0,"menu_order":0,"comment_status":"closed","ping_status":"closed","template":"","meta":{"_acf_changed":false,"_genesis_hide_title":false,"_genesis_hide_breadcrumbs":false,"_genesis_hide_singular_image":false,"_genesis_hide_footer_widgets":false,"_genesis_custom_body_class":"","_genesis_custom_post_class":"","_genesis_layout":"","footnotes":""},"class_list":{"1":"page","2":"type-page","6":"entry"},"acf":[],"_links":{"self":[{"href":"https:\/\/comparemyjet.com\/da\/wp-json\/wp\/v2\/pages\/2163","targetHints":{"allow":["GET"]}}],"collection":[{"href":"https:\/\/comparemyjet.com\/da\/wp-json\/wp\/v2\/pages"}],"about":[{"href":"https:\/\/comparemyjet.com\/da\/wp-json\/wp\/v2\/types\/page"}],"author":[{"embeddable":true,"href":"https:\/\/comparemyjet.com\/da\/wp-json\/wp\/v2\/users\/1"}],"replies":[{"embeddable":true,"href":"https:\/\/comparemyjet.com\/da\/wp-json\/wp\/v2\/comments?post=2163"}],"version-history":[{"count":4,"href":"https:\/\/comparemyjet.com\/da\/wp-json\/wp\/v2\/pages\/2163\/revisions"}],"predecessor-version":[{"id":2789,"href":"https:\/\/comparemyjet.com\/da\/wp-json\/wp\/v2\/pages\/2163\/revisions\/2789"}],"wp:featuredmedia":[{"embeddable":true,"href":"https:\/\/comparemyjet.com\/da\/wp-json\/wp\/v2\/media\/2164"}],"wp:attachment":[{"href":"https:\/\/comparemyjet.com\/da\/wp-json\/wp\/v2\/media?parent=2163"}],"curies":[{"name":"wp","href":"https:\/\/api.w.org\/{rel}","templated":true}]}}