{"id":2553,"date":"2021-12-30T21:43:20","date_gmt":"2021-12-30T21:43:20","guid":{"rendered":"https:\/\/comparemyjet.com\/?page_id=2553"},"modified":"2025-09-04T09:58:14","modified_gmt":"2025-09-04T09:58:14","slug":"barcelona-to-ibiza","status":"publish","type":"page","link":"https:\/\/comparemyjet.com\/da\/barcelona-to-ibiza\/","title":{"rendered":"Barcelona til Ibiza med privatfly"},"content":{"rendered":"<p>Spanien har mange vidunderlige steder, som er v\u00e6rd at bes\u00f8ge, <a href=\"https:\/\/comparemyjet.com\/da\/private-jet-charters-to-barcelona\/\" data-internallinksmanager029f6b8e52c=\"141\" title=\"Charter med privatfly til Barcelona\">Barcelona<\/a> og <a href=\"https:\/\/comparemyjet.com\/da\/private-jet-charters-to-ibiza\/\" data-internallinksmanager029f6b8e52c=\"133\" title=\"Privat jetcharter til Ibiza\">Ibiza<\/a> er helt sikkert \u00f8verst p\u00e5 listen. At kombinere de to vil give din rejse en s\u00e6rlig note, og der er ikke noget nemmere end at rejse fra kystbyen Barcelona til Ibiza, da disse to steder er godt forbundet.<\/p>\r\n\r\n\r\n\r\n<p>De to byer ligger meget t\u00e6t p\u00e5 hinanden, og selv en biltur er v\u00e6rd at tage. Men at leje et privatfly er helt sikkert den hurtigste og mest komfortable m\u00e5de at komme dertil p\u00e5. I denne artikel vil jeg d\u00e6kke de vigtigste aspekter ved at leje et jetfly, s\u00e5som priser, ansl\u00e5et flyvetid, typer af jetfly og s\u00e5 videre, s\u00e5 l\u00e6s videre.<\/p>\r\n\r\n\r\n\r\n<div id=\"ez-toc-container\" class=\"ez-toc-v2_0_76 counter-hierarchy ez-toc-counter ez-toc-grey ez-toc-container-direction\">\n<p class=\"ez-toc-title\" style=\"cursor:inherit\">Emner<\/p>\n<label for=\"ez-toc-cssicon-toggle-item-69e503dca0c1b\" class=\"ez-toc-cssicon-toggle-label\"><span class=\"\"><span class=\"eztoc-hide\" style=\"display:none;\">Toggle<\/span><span class=\"ez-toc-icon-toggle-span\"><svg style=\"fill: #999;color:#999\" xmlns=\"http:\/\/www.w3.org\/2000\/svg\" class=\"list-377408\" width=\"20px\" height=\"20px\" viewbox=\"0 0 24 24\" fill=\"none\"><path d=\"M6 6H4v2h2V6zm14 0H8v2h12V6zM4 11h2v2H4v-2zm16 0H8v2h12v-2zM4 16h2v2H4v-2zm16 0H8v2h12v-2z\" fill=\"currentColor\"><\/path><\/svg><svg style=\"fill: #999;color:#999\" class=\"arrow-unsorted-368013\" xmlns=\"http:\/\/www.w3.org\/2000\/svg\" width=\"10px\" height=\"10px\" viewbox=\"0 0 24 24\" version=\"1.2\" baseprofile=\"tiny\"><path d=\"M18.2 9.3l-6.2-6.3-6.2 6.3c-.2.2-.3.4-.3.7s.1.5.3.7c.2.2.4.3.7.3h11c.3 0 .5-.1.7-.3.2-.2.3-.5.3-.7s-.1-.5-.3-.7zM5.8 14.7l6.2 6.3 6.2-6.3c.2-.2.3-.5.3-.7s-.1-.5-.3-.7c-.2-.2-.4-.3-.7-.3h-11c-.3 0-.5.1-.7.3-.2.2-.3.5-.3.7s.1.5.3.7z\"\/><\/svg><\/span><\/span><\/label><input type=\"checkbox\"  id=\"ez-toc-cssicon-toggle-item-69e503dca0c1b\" checked aria-label=\"Toggle\" \/><nav><ul class='ez-toc-list ez-toc-list-level-1' ><li class='ez-toc-page-1 ez-toc-heading-level-2'><a class=\"ez-toc-link ez-toc-heading-1\" href=\"https:\/\/comparemyjet.com\/da\/barcelona-to-ibiza\/#Barcelona_to_Ibiza_Overview\" >Barcelona til Ibiza: Oversigt<\/a><\/li><li class='ez-toc-page-1 ez-toc-heading-level-2'><a class=\"ez-toc-link ez-toc-heading-2\" href=\"https:\/\/comparemyjet.com\/da\/barcelona-to-ibiza\/#Pricing_Options\" >Muligheder for prisfasts\u00e6ttelse<\/a><ul class='ez-toc-list-level-3' ><li class='ez-toc-heading-level-3'><a class=\"ez-toc-link ez-toc-heading-3\" href=\"https:\/\/comparemyjet.com\/da\/barcelona-to-ibiza\/#Average_Prices_From_Barcelona_to_Ibiza\" >Gennemsnitspriser fra Barcelona til Ibiza<\/a><\/li><\/ul><\/li><li class='ez-toc-page-1 ez-toc-heading-level-2'><a class=\"ez-toc-link ez-toc-heading-4\" href=\"https:\/\/comparemyjet.com\/da\/barcelona-to-ibiza\/#Barcelona_to_Ibiza_Airports\" >Lufthavne fra Barcelona til Ibiza<\/a><ul class='ez-toc-list-level-3' ><li class='ez-toc-heading-level-3'><a class=\"ez-toc-link ez-toc-heading-5\" href=\"https:\/\/comparemyjet.com\/da\/barcelona-to-ibiza\/#Barcelona_Airport_El_Prat\" >Barcelona Lufthavn (El Prat)<\/a><\/li><\/ul><\/li><li class='ez-toc-page-1 ez-toc-heading-level-2'><a class=\"ez-toc-link ez-toc-heading-6\" href=\"https:\/\/comparemyjet.com\/da\/barcelona-to-ibiza\/#Ibiza_Airports\" >Ibiza Lufthavne<\/a><\/li><li class='ez-toc-page-1 ez-toc-heading-level-2'><a class=\"ez-toc-link ez-toc-heading-7\" href=\"https:\/\/comparemyjet.com\/da\/barcelona-to-ibiza\/#Which_Jet_Models_Can_Fly_You_to_Ibiza_From_Barcelona\" >Hvilke jetmodeller kan flyve dig til Ibiza fra Barcelona?<\/a><ul class='ez-toc-list-level-3' ><li class='ez-toc-heading-level-3'><a class=\"ez-toc-link ez-toc-heading-8\" href=\"https:\/\/comparemyjet.com\/da\/barcelona-to-ibiza\/#Small_Turboprops_Light_Jets_and_Midsize_Jets\" >Sm\u00e5 (turboprops, lette jetfly) og mellemstore jetfly<\/a><\/li><li class='ez-toc-page-1 ez-toc-heading-level-3'><a class=\"ez-toc-link ez-toc-heading-9\" href=\"https:\/\/comparemyjet.com\/da\/barcelona-to-ibiza\/#Heavy_Jets\" >Tunge jetfly<\/a><\/li><li class='ez-toc-page-1 ez-toc-heading-level-3'><a class=\"ez-toc-link ez-toc-heading-10\" href=\"https:\/\/comparemyjet.com\/da\/barcelona-to-ibiza\/#Prices_Per_Plane_Type_Overview\" >Priser pr. flytype: Oversigt<\/a><\/li><\/ul><\/li><li class='ez-toc-page-1 ez-toc-heading-level-2'><a class=\"ez-toc-link ez-toc-heading-11\" href=\"https:\/\/comparemyjet.com\/da\/barcelona-to-ibiza\/#Conclusion\" >Konklusion<\/a><\/li><\/ul><\/nav><\/div>\n<h2 class=\"wp-block-heading\"><span class=\"ez-toc-section\" id=\"Barcelona_to_Ibiza_Overview\"><\/span>Barcelona til Ibiza: Oversigt<span class=\"ez-toc-section-end\"><\/span><\/h2>\r\n\r\n\r\n\r\n<figure class=\"wp-block-image size-large\"><img loading=\"lazy\" decoding=\"async\" width=\"1024\" height=\"683\" src=\"https:\/\/comparemyjet.com\/wp-content\/uploads\/2021\/12\/ibiza-1-1024x683.jpg\" alt=\"Ibiza\" class=\"wp-image-2562\" srcset=\"https:\/\/comparemyjet.com\/wp-content\/uploads\/2021\/12\/ibiza-1-300x200.jpg 300w, https:\/\/comparemyjet.com\/wp-content\/uploads\/2021\/12\/ibiza-1-768x512.jpg 768w, https:\/\/comparemyjet.com\/wp-content\/uploads\/2021\/12\/ibiza-1-1024x683.jpg 1024w, https:\/\/comparemyjet.com\/wp-content\/uploads\/2021\/12\/ibiza-1-1536x1024.jpg 1536w, https:\/\/comparemyjet.com\/wp-content\/uploads\/2021\/12\/ibiza-1.jpg 1920w\" sizes=\"auto, (max-width: 1024px) 100vw, 1024px\" \/><\/figure>\r\n\r\n\r\n\r\n<p>Der er omkring 350 miles mellem de to steder, hvilket betyder, at en 7-timers biltur vil f\u00e5 dig derhen.  Men hvis du vil v\u00e6re der p\u00e5 omkring 40 minutter, mere eller mindre, og samtidig v\u00e6re ganske komfortabel, er et privatfly vejen frem.&nbsp;<\/p>\r\n\r\n\r\n\r\n<p>Det gode her er, at de to byer ligger s\u00e5 t\u00e6t p\u00e5 hinanden, at hastigheden ikke spiller den store rolle for, hvilket fly du skal leje. Turboprops er normalt meget langsommere end andre jetfly, men i dette tilf\u00e6lde vil det m\u00e5ske tage dig 20 minutter mere at n\u00e5 Ibiza med s\u00e5dan et fly.<\/p>\r\n\r\n\r\n\r\n<p>Prisen for at leje et privatfly p\u00e5 ruten Barcelona - Ibiza sp\u00e6nder fra 3.000 EUR til 18.000 EUR, eller mere, hvis du \u00f8nsker ekstra service eller ekstra plads i kabinen. Priserne er sv\u00e6re at fasts\u00e6tte, n\u00e5r man flyver privat, fordi der er uendeligt mange faktorer, der p\u00e5virker det endelige tal, s\u00e5som dato og tidspunkt for flyvningen, flyets st\u00f8rrelse og model, planlagte overnatninger osv.<\/p>\r\n\r\n\r\n\r\n<p>En positiv ting ved de to byer er, at de begge er vant til at byde VIP'er velkommen, s\u00e5 der er en infrastruktur, der egner sig til privatflyvning. Du kan finde fantastiske FBO'er (fixed base operators) eller private terminaler begge steder.<\/p>\r\n\r\n\r\n\r\n<h2 class=\"wp-block-heading\"><span class=\"ez-toc-section\" id=\"Pricing_Options\"><\/span>Muligheder for prisfasts\u00e6ttelse<span class=\"ez-toc-section-end\"><\/span><\/h2>\r\n\r\n\r\n\r\n<p>Som kort n\u00e6vnt ovenfor er priserne ret sv\u00e6re at bestemme, da de afh\u00e6nger af mange faktorer, som f.eks. det firma, du booker hos, da de fleste kun vil give dig deres ansl\u00e5ede priser, n\u00e5r du specifikt har kontaktet dem og bedt om et tilbud.<\/p>\r\n\r\n\r\n\r\n<p>De priser, der er afbildet nedenfor, er skrevet set fra <a href=\"https:\/\/www.the-aviation-factory.com\/en\/\" target=\"_blank\" rel=\"noopener\">Luftfartsfabrikken<\/a>.<\/p>\r\n\r\n\r\n\r\n<h3 class=\"wp-block-heading\"><span class=\"ez-toc-section\" id=\"Average_Prices_From_Barcelona_to_Ibiza\"><\/span>Gennemsnitspriser fra Barcelona til Ibiza<span class=\"ez-toc-section-end\"><\/span><\/h3>\r\n\r\n\r\n\r\n<figure class=\"wp-block-table\"><table><tbody><tr><td><strong>Flytype<\/strong><\/td><td><strong>Antal passagerer<\/strong><\/td><td><strong>Pris p\u00e5 ruten fra Barcelona til Ibiza<\/strong><\/td><td><strong>Ansl\u00e5et flyvetid<\/strong><\/td><\/tr><tr><td>Turboprop&nbsp;<\/td><td>4 &#8211; 19<\/td><td>7.000 EUR<\/td><td>55 minutter<\/td><\/tr><tr><td>Let jet<\/td><td>4 &#8211; 11<\/td><td>3.500 EUR<\/td><td>45 minutter<\/td><\/tr><tr><td>Mellemstort jetfly<\/td><td>6 &#8211; 10<\/td><td>7.000 EUR<\/td><td>40 minutter<\/td><\/tr><tr><td>Tung jet<\/td><td>4 &#8211; 72<\/td><td>8.500 EUR<\/td><td>40 minutter<\/td><\/tr><\/tbody><\/table><\/figure>\r\n\r\n\r\n\r\n<p>Som du sikkert har bem\u00e6rket i tabellen, er et let jetfly en ret god mulighed til denne rute, hvis du flyver med dette selskab, men det hele afh\u00e6nger af den model, du v\u00e6lger. Jeg vil tale mere om specifikke m\u00e6rker i afsnittene nedenfor, men lad os f\u00f8rst se, hvilke FBO'er der tilbydes.<\/p>\r\n\r\n\r\n\r\n<h2 class=\"wp-block-heading\"><span class=\"ez-toc-section\" id=\"Barcelona_to_Ibiza_Airports\"><\/span>Lufthavne fra Barcelona til Ibiza<span class=\"ez-toc-section-end\"><\/span><\/h2>\r\n\r\n\r\n\r\n<figure class=\"wp-block-image size-large\"><img loading=\"lazy\" decoding=\"async\" width=\"1024\" height=\"683\" src=\"https:\/\/comparemyjet.com\/wp-content\/uploads\/2021\/12\/london-to-ibiza-airports-2-1024x683.jpg\" alt=\"Lufthavne fra London til Ibiza\" class=\"wp-image-2571\" srcset=\"https:\/\/comparemyjet.com\/wp-content\/uploads\/2021\/12\/london-to-ibiza-airports-2-300x200.jpg 300w, https:\/\/comparemyjet.com\/wp-content\/uploads\/2021\/12\/london-to-ibiza-airports-2-768x512.jpg 768w, https:\/\/comparemyjet.com\/wp-content\/uploads\/2021\/12\/london-to-ibiza-airports-2-1024x683.jpg 1024w, https:\/\/comparemyjet.com\/wp-content\/uploads\/2021\/12\/london-to-ibiza-airports-2-1536x1024.jpg 1536w, https:\/\/comparemyjet.com\/wp-content\/uploads\/2021\/12\/london-to-ibiza-airports-2.jpg 1920w\" sizes=\"auto, (max-width: 1024px) 100vw, 1024px\" \/><\/figure>\r\n\r\n\r\n\r\n<p>Barcelona er en verdenskendt turistdestination med millioner af bes\u00f8gende hvert \u00e5r. Der er dog kun \u00e9n lufthavn i Barcelona, nemlig <em>El Prat de Llobregat Aeropuerto<\/em>eller bare kaldet Barcelona Lufthavn.<\/p>\r\n\r\n\r\n\r\n<h3 class=\"wp-block-heading\"><span class=\"ez-toc-section\" id=\"Barcelona_Airport_El_Prat\"><\/span>Barcelona Lufthavn (El Prat)<span class=\"ez-toc-section-end\"><\/span><\/h3>\r\n\r\n\r\n\r\n<p>El Prat har en ret god beliggenhed, kun 8 km v\u00e6k fra byens centrum. Med hensyn til transport tager det ca. 25 minutter at komme dertil i bil, men n\u00e6sten dobbelt s\u00e5 lang tid, hvis man v\u00e6lger privat transport.<\/p>\r\n\r\n\r\n\r\n<p>Men privatflyvning er veludviklet i denne lufthavn med mange FBO'er i drift. <a href=\"https:\/\/www.jetex.com\/network\/barcelona-spain\/\" target=\"_blank\" rel=\"noopener\">Jetex<\/a> er en af dem, med en <a href=\"https:\/\/comparemyjet.com\/da\/what-is-a-private-jet-fixed-base-operator-fbo\/\" data-internallinksmanager029f6b8e52c=\"19\" title=\"Hvad er en fastbaseoperat\u00f8r (FBO) for privatfly?\">FBO<\/a> som vil opfylde alle dine forventninger. Du finder smukke lounges og brusere, men ogs\u00e5 services under vingerne som br\u00e6ndstofp\u00e5fyldning, vedligeholdelse eller opbevaring.<\/p>\r\n\r\n\r\n\r\n<p>Du kunne ogs\u00e5 overveje den FBO, der drives af <a href=\"https:\/\/www.execujet.com\/en\/service\/fbo\/locations\/locations-worldwide\/barcelona\/\" target=\"_blank\" rel=\"noopener\">ExecuJet<\/a>. Ligesom du sikkert forventer, vil du blive behandlet godt i denne terminal. Is\u00e6r denne har den s\u00e5kaldte \"VIP-catering on-demand\", hvilket betyder, at alt, hvad du skal g\u00f8re, er at informere personalet i tide om, hvad dine \u00f8nsker er, og de vil helt sikkert blive opfyldt.<\/p>\r\n\r\n\r\n\r\n<p><a href=\"https:\/\/generalaviation.es\/\" target=\"_blank\" rel=\"noopener\">Generelle luftfartstjenester<\/a> er et veludviklet FBO-netv\u00e6rk, og du kan ogs\u00e5 finde dem i hele Spanien. De tilbyder 5-stjernet service og har ogs\u00e5 en privat terminal p\u00e5 Ibiza, hvilket g\u00f8r denne FBO til endnu et godt valg.<\/p>\r\n\r\n\r\n\r\n<p>En anden fantastisk FBO er den, der drives af <a href=\"https:\/\/www.universalaviation.aero\/locations\/spain\/barcelona-lebl\/\" target=\"_blank\" rel=\"noopener\">Universal Aviation<\/a>. Denne fastbaseoperat\u00f8r har store VIP-lounger, adskilt for bes\u00e6tning og passagerer, s\u00e5 du kan have dit privatliv. Du kan bestille catering eller transport, hvis du \u00f8nsker det, og bes\u00e6tningen er der til at hj\u00e6lpe dig med alt, hvad du har brug for.<\/p>\r\n\r\n\r\n\r\n<p>Vores sidste anbefaling er FBO'en, der drives af <a href=\"https:\/\/www.skyvalet.com\/\" target=\"_blank\" rel=\"noopener\">Skyvalet<\/a>. De, der rejser privat regelm\u00e6ssigt, ved, at denne private terminal kun tilbyder de bedste high-end services til sit VIP-klientel. Virksomheden er ogs\u00e5 til stede i Ibiza Lufthavn.<\/p>\r\n\r\n\r\n\r\n<h2 class=\"wp-block-heading\"><span class=\"ez-toc-section\" id=\"Ibiza_Airports\"><\/span>Ibiza Lufthavne<span class=\"ez-toc-section-end\"><\/span><\/h2>\r\n\r\n\r\n\r\n<p>Jeg n\u00e6vnte i begyndelsen af denne artikel, at Ibiza, ligesom Barcelona, har \u00e9n lufthavn til at betjene dem, der flyver ind og ud af \u00f8en. Den hedder <em>Aeropuerto de Ibiza<\/em>kendt som Ibiza Lufthavn (IBZ).<\/p>\r\n\r\n\r\n\r\n<p>Lufthavnen ligger kun 10 km fra det centrale Ibiza, hvilket g\u00f8r den endnu t\u00e6ttere p\u00e5 centrum end Barcelona lufthavn. Det tager ca. 20 minutter at komme til lufthavnen i bil, og der er lige nok FBO'er i lufthavnen, som du kan bruge til at flyve privat.<\/p>\r\n\r\n\r\n\r\n<p><a href=\"https:\/\/www.skyvalet.com\/\" target=\"_blank\" rel=\"noopener\">Sky Valet<\/a> er et af dem, og det har sandsynligvis den bedste concierge-service, da de har en skr\u00e6ddersyet VIP-velkomst. Du kan fort\u00e6lle dem p\u00e5 forh\u00e5nd, hvad dine \u00f8nsker er, hvad din yndlingsmad, -drinks eller -aktiviteter er, og baseret p\u00e5 disse data vil personalet skr\u00e6ddersy dit ophold.&nbsp;<\/p>\r\n\r\n\r\n\r\n<p>Desuden er du velkommen til at bede personalet om at hj\u00e6lpe dig med noget, s\u00e5som at leje et lift, en helikopter eller en limousine, eller bestille et bord p\u00e5 restauranten.<\/p>\r\n\r\n\r\n\r\n<p><a href=\"https:\/\/www.aviapartnerexecutive.com\/ibiza\" target=\"_blank\" rel=\"noopener\">Avia Partner<\/a> kan ogs\u00e5 v\u00e6re din foretrukne FBO, n\u00e5r du bes\u00f8ger \u00f8en. Personalet her vil hj\u00e6lpe dig med alt, inklusive assistance vedr\u00f8rende dit jetfly. Det kan v\u00e6re tankning, vedligeholdelse eller reparation af dit jetfly, hvis det er n\u00f8dvendigt, samt opbevaring i nogle af hangarerne.&nbsp;<\/p>\r\n\r\n\r\n\r\n<p>Selve anl\u00e6gget har overraskende store lounges med hensyn til overfladeareal, et skinnende k\u00f8kken, brusere, konferencelokaler, og listen forts\u00e6tter.<\/p>\r\n\r\n\r\n\r\n<h2 class=\"wp-block-heading\"><span class=\"ez-toc-section\" id=\"Which_Jet_Models_Can_Fly_You_to_Ibiza_From_Barcelona\"><\/span>Hvilke jetmodeller kan flyve dig til Ibiza fra Barcelona?<span class=\"ez-toc-section-end\"><\/span><\/h2>\r\n\r\n\r\n\r\n<p>Jetst\u00f8rrelser og jetmodeller er ikke det samme. En bestemt model fra kategorien lette jetfly kan v\u00e6re et bedre, hurtigere eller endda dyrere valg end en bestemt model fra kategorien midsize jetfly.<\/p>\r\n\r\n\r\n\r\n<p>Til denne rute kan enhver jetst\u00f8rrelse eller model bruges. Men ligesom med alt andet i livet er der nogle ting, der er bedre og mere tiltalende end andre. Lad os se, hvilke muligheder du har med hensyn til jetmodeller til ruten Barcelona - Ibiza.<\/p>\r\n\r\n\r\n\r\n<h3 class=\"wp-block-heading\"><span class=\"ez-toc-section\" id=\"Small_Turboprops_Light_Jets_and_Midsize_Jets\"><\/span>Sm\u00e5 (turboprops, lette jetfly) og mellemstore jetfly<span class=\"ez-toc-section-end\"><\/span><\/h3>\r\n\r\n\r\n\r\n<p>Sm\u00e5 fly omfatter turbopropfly og lette jetfly. Turboprops kan v\u00e6re et godt tilbud ved mange lejligheder, fordi de normalt er billigere, selvom de er lidt langsommere end de andre. I dette tilf\u00e6lde betyder deres hastighed ikke noget, da ruten er for kort til at bem\u00e6rke den lille forskel i flyvetid. Jeg har kigget p\u00e5 priserne p\u00e5 <a href=\"https:\/\/www.aircharterservice.com\/\" target=\"_blank\" rel=\"noopener\">Air Charter Service<\/a>Og her er, hvad vi har.<\/p>\r\n\r\n\r\n\r\n<p>Den <em>Piaggio Avanti II <\/em>er en turboprop, der har fantastiske funktioner og er ret hurtig af en turboprop at v\u00e6re. Den har en kabine, der komfortabelt kan rumme 7 personer, den har ventilation, s\u00e5 rygere kan nyde flyveturen p\u00e5 deres egen m\u00e5de, og den er k\u00e6ledyrsvenlig. Den kan n\u00e5 Ibiza p\u00e5 45 minutter og koster omkring 8.000 euro at leje.<\/p>\r\n\r\n\r\n\r\n<p>En anden turboprop-mulighed ville v\u00e6re <em>King Air 250GT <\/em>som har mere eller mindre de samme egenskaber som <em>Avanti<\/em>. Dette fly bruger ti minutter mere p\u00e5 at n\u00e5 frem til destinationen og koster 1.000 euro mere at leje. Kabinen er omtrent lige s\u00e5 stor, s\u00e5 7 personer kan rejse i fuld komfort.<\/p>\r\n\r\n\r\n\r\n<p><em>Luftcharter <\/em>har faktisk nogle gode tilbud p\u00e5 lette jetfly, som f.eks. <em>Citation Mustang<\/em>En ekstremt elegant jet, der er lavet til fire personer. Det er ogs\u00e5 ryger- og k\u00e6ledyrsvenligt. Den tager dig fra Barcelona til Ibiza p\u00e5 45 minutter, og det koster omkring 4.000 euro at leje den.<\/p>\r\n\r\n\r\n\r\n<p>Mit andet valg til en let jet ville v\u00e6re <em>Citation CJ1+. <\/em>Dette jetfly har en meget komfortabel kabine med plads til i alt seks personer. Det er en smule hurtigere end Mustang, s\u00e5 du vil v\u00e6re i Ibiza lufthavn p\u00e5 40 minutter. Det er ogs\u00e5 lidt billigere, da du skal bruge ca. 3.500 EUR for at leje dette fly.<\/p>\r\n\r\n\r\n\r\n<p>Men hvis du v\u00e6lger et mellemstort jetfly, betyder det, at I enten er et st\u00f8rre selskab, eller at I simpelthen \u00f8nsker mere komfort. Den <em><a href=\"https:\/\/comparemyjet.com\/da\/gulfstream\/\" data-internallinksmanager029f6b8e52c=\"175\" title=\"Den ultimative guide til Gulfstream privatfly og -flyvemaskiner\">Gulfstream<\/a> G-200, <\/em>i sig selv, har en meget <a href=\"https:\/\/comparemyjet.com\/da\/private-tours\/nice-private-tours\/\" data-internallinksmanager029f6b8e52c=\"249\" title=\"11 bedste private ture i Nice fra $37.66\">dejligt<\/a> Kabine til 10 personer med komfortable s\u00e6der og et bord, som du kan bruge til middag oppe i luften. Det tager 40 minutter at n\u00e5 Ibiza fra Barcelona, og det koster omkring 8.000 euro at leje den.<\/p>\r\n\r\n\r\n\r\n<p>Den <em>Citation Breddegrad <\/em>ville ogs\u00e5 v\u00e6re et godt valg til et mellemstort jetfly, da det har en bred kabine med faciliteter, der giver dig mulighed for at slappe af, spise frokost eller bare chatte med dine medrejsende. Kabinen er stor nok til at rumme ni personer, og der er internetadgang. Det tager 40 minutter at flyve fra Barcelona til Ibiza, og det vil koste omkring 10.000 euro at leje det til denne tur.<\/p>\r\n\r\n\r\n\r\n<h3 class=\"wp-block-heading\"><span class=\"ez-toc-section\" id=\"Heavy_Jets\"><\/span>Tunge jetfly<span class=\"ez-toc-section-end\"><\/span><\/h3>\r\n\r\n\r\n\r\n<figure class=\"wp-block-image size-large\"><img loading=\"lazy\" decoding=\"async\" width=\"1024\" height=\"683\" src=\"https:\/\/comparemyjet.com\/wp-content\/uploads\/2021\/12\/london-to-ibiza-airports-1024x683.jpg\" alt=\"Jet-modeller\" class=\"wp-image-2572\" srcset=\"https:\/\/comparemyjet.com\/wp-content\/uploads\/2021\/12\/london-to-ibiza-airports-300x200.jpg 300w, https:\/\/comparemyjet.com\/wp-content\/uploads\/2021\/12\/london-to-ibiza-airports-768x512.jpg 768w, https:\/\/comparemyjet.com\/wp-content\/uploads\/2021\/12\/london-to-ibiza-airports-1024x683.jpg 1024w, https:\/\/comparemyjet.com\/wp-content\/uploads\/2021\/12\/london-to-ibiza-airports-1536x1025.jpg 1536w, https:\/\/comparemyjet.com\/wp-content\/uploads\/2021\/12\/london-to-ibiza-airports.jpg 1920w\" sizes=\"auto, (max-width: 1024px) 100vw, 1024px\" \/><\/figure>\r\n\r\n\r\n\r\n<p>Du h\u00f8rer m\u00e5ske folk sige, at det er \"for meget\" at tage et tungt jetfly til en tur p\u00e5 under en time, men hvem kan sige det? At leje et tungt jetfly betyder kun, at komfortniveauet stiger, og at du kommer hurtigere frem.&nbsp;<\/p>\r\n\r\n\r\n\r\n<p>Den <em>Falcon 2000 <\/em>er en ret god tung jet, der er beregnet til at tage lige nok mennesker, der vil nyde turen fuldt ud. Kabinen er designet til 10 personer, men i teorien er der plads til flere. Det er meget moderne og hyggeligt, og det tager 45 minutter at n\u00e5 Ibiza. Prisen for at leje dette jetfly er omkring 16.000 EUR.<\/p>\r\n\r\n\r\n\r\n<p>En anden tung jet, der kunne v\u00e6re et godt valg til en st\u00f8rre gruppe, er <em>Gulfstream G-V<\/em>. Dette jetfly har en kabine med plads til 16 personer, meget komfortable s\u00e6der og WiFi. Det tager 40 minutter at passere ruten, og lejeprisen er omkring 17.000 EUR.<\/p>\r\n\r\n\r\n\r\n<p>Du kan ogs\u00e5 overveje <em>Challenger 605 <\/em>til din rejse, hvis du er villig til at betale omkring 18.000 EUR. Det er et ber\u00f8mt jetfly med en walk-around-kabine til 12 personer. Den ansl\u00e5ede flyvetid er 40 minutter, ligesom med <em>G-V<\/em>.<\/p>\r\n\r\n\r\n\r\n<h3 class=\"wp-block-heading\"><span class=\"ez-toc-section\" id=\"Prices_Per_Plane_Type_Overview\"><\/span>Priser pr. flytype: Oversigt<span class=\"ez-toc-section-end\"><\/span><\/h3>\r\n\r\n\r\n\r\n<p>Nedenfor finder du priserne pr. flytype og model.<\/p>\r\n\r\n\r\n\r\n<figure class=\"wp-block-table\"><table><tbody><tr><td><strong>Flytype<\/strong><\/td><td><\/td><td><\/td><td><\/td><\/tr><tr><td><strong>Lette og mellemstore jetfly<\/strong><\/td><td><strong>Antal passagerer<\/strong><\/td><td><strong>Flyvetid<\/strong><\/td><td><strong>Pris<\/strong><\/td><\/tr><tr><td><em>Piaggio Avanti II<\/em><\/td><td>7<\/td><td>45 minutter<\/td><td>8.000 EUR<\/td><\/tr><tr><td><em>King Air 250GT<\/em><\/td><td>7<\/td><td>55 minutter&nbsp;<\/td><td>9.000 EUR<\/td><\/tr><tr><td><em>Citation Mustang<\/em><\/td><td>4<\/td><td>45 minutter<\/td><td>4.000 EUR<\/td><\/tr><tr><td><em>Citation CJ1+<\/em><\/td><td>6<\/td><td>40 minutter<\/td><td>3.500 EUR<\/td><\/tr><tr><td><em>Gulfstream G-200<\/em><\/td><td>10<\/td><td>40 minutter<\/td><td>8.000 EUR<\/td><\/tr><tr><td><em>Citation Breddegrad&nbsp;<\/em><\/td><td>9<\/td><td>40 minutter<\/td><td>10.000 EUR<\/td><\/tr><tr><td><strong>Tunge jetfly<\/strong><\/td><td><\/td><td><\/td><td><\/td><\/tr><tr><td><em>Falcon 2000<\/em><\/td><td>10<\/td><td>45 minutter<\/td><td>16.000 EUR<\/td><\/tr><tr><td><em>Gulfstream G-V<\/em><\/td><td>16<\/td><td>40 minutter<\/td><td>17.000 EUR<\/td><\/tr><tr><td><em>Challenger 605<\/em><\/td><td>12<\/td><td>40 minutter<\/td><td>18.000 EUR<\/td><\/tr><\/tbody><\/table><\/figure>\r\n\r\n\r\n\r\n<h2 class=\"wp-block-heading\"><span class=\"ez-toc-section\" id=\"Conclusion\"><\/span>Konklusion<span class=\"ez-toc-section-end\"><\/span><\/h2>\r\n\r\n\r\n\r\n<p>Der er f\u00e5 ting i verden, der giver s\u00e5 meget tilfredsstillelse som at bes\u00f8ge Ibiza efter Barcelona. Da du vil nyde denne rute, er der et par ting, du skal huske, s\u00e5 din tur forl\u00f8ber p\u00e5 den bedst mulige m\u00e5de.<\/p>\r\n\r\n\r\n\r\n<p>At leje det rigtige jetfly betyder, at du skal finde et fly, der har den rigtige st\u00f8rrelse til dit selskab, og som lever op til dine budgetforventninger. I dette tilf\u00e6lde beh\u00f8ver du ikke bekymre dig, hvis du er klar til at bruge op til 18.000 EUR. Flyveturen tager ca. 40 minutter, eller ca. 10 minutter mere med de fleste turbopropfly. Barcelona og Ibiza er byer, der ofte bes\u00f8ges af ber\u00f8mtheder og andre VIP'er, s\u00e5 det burde ikke v\u00e6re noget problem at finde en FBO, som du kan lide.&nbsp;<\/p>\r\n\r\n\r\n\r\n<p>Nu hvor du har alle de vigtige oplysninger, er der kun tilbage at sige god rejse!<\/p>","protected":false},"excerpt":{"rendered":"<p>Spanien har mange vidunderlige steder, som er v\u00e6rd at bes\u00f8ge, og Barcelona og Ibiza st\u00e5r helt sikkert \u00f8verst p\u00e5 listen. At kombinere de to vil give din rejse et s\u00e6rligt pr\u00e6g, og der er ikke noget nemmere end at rejse fra kystbyen Barcelona til Ibiza, da disse to steder er godt forbundet. De to byer er meget ...<\/p>","protected":false},"author":2,"featured_media":2561,"parent":0,"menu_order":0,"comment_status":"closed","ping_status":"closed","template":"","meta":{"_acf_changed":false,"_genesis_hide_title":false,"_genesis_hide_breadcrumbs":false,"_genesis_hide_singular_image":false,"_genesis_hide_footer_widgets":false,"_genesis_custom_body_class":"","_genesis_custom_post_class":"","_genesis_layout":"","footnotes":""},"class_list":{"1":"page","2":"type-page","6":"entry"},"acf":[],"_links":{"self":[{"href":"https:\/\/comparemyjet.com\/da\/wp-json\/wp\/v2\/pages\/2553","targetHints":{"allow":["GET"]}}],"collection":[{"href":"https:\/\/comparemyjet.com\/da\/wp-json\/wp\/v2\/pages"}],"about":[{"href":"https:\/\/comparemyjet.com\/da\/wp-json\/wp\/v2\/types\/page"}],"author":[{"embeddable":true,"href":"https:\/\/comparemyjet.com\/da\/wp-json\/wp\/v2\/users\/2"}],"replies":[{"embeddable":true,"href":"https:\/\/comparemyjet.com\/da\/wp-json\/wp\/v2\/comments?post=2553"}],"version-history":[{"count":3,"href":"https:\/\/comparemyjet.com\/da\/wp-json\/wp\/v2\/pages\/2553\/revisions"}],"predecessor-version":[{"id":2761,"href":"https:\/\/comparemyjet.com\/da\/wp-json\/wp\/v2\/pages\/2553\/revisions\/2761"}],"wp:featuredmedia":[{"embeddable":true,"href":"https:\/\/comparemyjet.com\/da\/wp-json\/wp\/v2\/media\/2561"}],"wp:attachment":[{"href":"https:\/\/comparemyjet.com\/da\/wp-json\/wp\/v2\/media?parent=2553"}],"curies":[{"name":"wp","href":"https:\/\/api.w.org\/{rel}","templated":true}]}}