{"id":2682,"date":"2022-03-17T15:52:07","date_gmt":"2022-03-17T15:52:07","guid":{"rendered":"https:\/\/comparemyjet.com\/?page_id=2682"},"modified":"2025-09-04T09:58:11","modified_gmt":"2025-09-04T09:58:11","slug":"about","status":"publish","type":"page","link":"https:\/\/comparemyjet.com\/da\/about\/","title":{"rendered":"Om"},"content":{"rendered":"<p>Compare My Jet blev oprettet af serieiv\u00e6rks\u00e6tteren Ian Wright som en m\u00e5de at finde fair, upartisk information om <a href=\"https:\/\/comparemyjet.com\/da\/how-do-you-rent-or-charter-a-private-jet\/\" data-internallinksmanager029f6b8e52c=\"15\" title=\"Hvordan lejer eller chartrer man en privat jet?\">privat jet charter<\/a> og lejemuligheder. <\/p>\n<p>Vi elsker high-end luksusrejser. S\u00e5 vi \u00f8nskede at skabe den bedste ressource p\u00e5 internettet til at fremvise dine muligheder. <\/p>\n<p>Vi g\u00f8r vores bedste for at udgive velresearchede, dybdeg\u00e5ende guides om en r\u00e6kke emner relateret til privatflyvning. Alt fra <a href=\"https:\/\/comparemyjet.com\/da\/how-do-you-rent-or-charter-a-private-jet\/\">Hvordan lejer eller chartrer man en privat jet?<\/a> til <a href=\"https:\/\/comparemyjet.com\/da\/how-much-medical-flights-medevac-air-ambulance-cost\/\">Udgifter til medicinsk flyvning<\/a> til <a href=\"https:\/\/comparemyjet.com\/da\/what-are-the-best-websites-to-find-private-jets-for-sale\/\">De bedste hjemmesider til at finde private jetfly til salg<\/a>.<\/p>\n<p>Private Jet-rejser er ikke en billig luksus. Og derfor er vi ogs\u00e5 n\u00f8dt til at tjene penge. I \u00f8jeblikket g\u00f8r vi det via affiliate-aftaler. Grundl\u00e6ggende fungerer disse ved at betale os en provision, hvis du chartrer et privatfly via en af vores partnere. Det koster dig ikke noget, men det hj\u00e6lper os med at holde denne hjemmeside gratis. <\/p>\n<p>Hvis du vil have os til at d\u00e6kke noget andet, eller hvis du mener, at vi har beg\u00e5et en fejl, s\u00e5 t\u00f8v ikke med at kontakte os her. <\/p>","protected":false},"excerpt":{"rendered":"<p>Compare My Jet blev grundlagt af serieiv\u00e6rks\u00e6tteren Ian Wright som en m\u00e5de at finde fair, upartisk information om private jetcharter- og lejemuligheder. Vi elsker luksusrejser i den eksklusive ende af verden. S\u00e5 vi \u00f8nskede at skabe den bedste ressource p\u00e5 internettet til at fremvise dine muligheder. Vi g\u00f8r vores bedste for at udgive velunders\u00f8gte ...<\/p>","protected":false},"author":1,"featured_media":0,"parent":0,"menu_order":0,"comment_status":"closed","ping_status":"closed","template":"","meta":{"_acf_changed":false,"_genesis_hide_title":false,"_genesis_hide_breadcrumbs":false,"_genesis_hide_singular_image":false,"_genesis_hide_footer_widgets":false,"_genesis_custom_body_class":"","_genesis_custom_post_class":"","_genesis_layout":"","footnotes":""},"class_list":{"1":"page","2":"type-page","5":"entry"},"acf":[],"_links":{"self":[{"href":"https:\/\/comparemyjet.com\/da\/wp-json\/wp\/v2\/pages\/2682","targetHints":{"allow":["GET"]}}],"collection":[{"href":"https:\/\/comparemyjet.com\/da\/wp-json\/wp\/v2\/pages"}],"about":[{"href":"https:\/\/comparemyjet.com\/da\/wp-json\/wp\/v2\/types\/page"}],"author":[{"embeddable":true,"href":"https:\/\/comparemyjet.com\/da\/wp-json\/wp\/v2\/users\/1"}],"replies":[{"embeddable":true,"href":"https:\/\/comparemyjet.com\/da\/wp-json\/wp\/v2\/comments?post=2682"}],"version-history":[{"count":3,"href":"https:\/\/comparemyjet.com\/da\/wp-json\/wp\/v2\/pages\/2682\/revisions"}],"predecessor-version":[{"id":2685,"href":"https:\/\/comparemyjet.com\/da\/wp-json\/wp\/v2\/pages\/2682\/revisions\/2685"}],"wp:attachment":[{"href":"https:\/\/comparemyjet.com\/da\/wp-json\/wp\/v2\/media?parent=2682"}],"curies":[{"name":"wp","href":"https:\/\/api.w.org\/{rel}","templated":true}]}}