{"id":2825,"date":"2022-04-06T14:20:11","date_gmt":"2022-04-06T14:20:11","guid":{"rendered":"https:\/\/comparemyjet.com\/?page_id=2825"},"modified":"2025-09-04T09:59:35","modified_gmt":"2025-09-04T09:59:35","slug":"privacy-policy","status":"publish","type":"page","link":"https:\/\/comparemyjet.com\/da\/privacy-policy\/","title":{"rendered":"Privatlivspolitik"},"content":{"rendered":"<p>Denne privatlivspolitik g\u00e6lder for denne hjemmeside [<a href=\"https:\/\/comparemyjet.com\/da\/\">CompareMyJet.com\/<\/a>]. (Ejet af Brilliant British Ltd, virksomhedsnummer 10490224 (registreret i England og Wales), ICO-registreringsreference: ZA286128, Registreret kontoradresse: 3rd Floor Great Titchfield House, 14-18 Great Titchfield Street, <a href=\"https:\/\/comparemyjet.com\/da\/private-tours\/london-private-tours\/\" data-internallinksmanager029f6b8e52c=\"396\" title=\"11 bedste private ture i London fra $104.69\">London<\/a>, Storbritannien, W1W 8BD). Den beskriver, hvordan CompareMyJet.com bruger og beskytter alle oplysninger, som du giver CompareMyJet.com, n\u00e5r du bruger denne hjemmeside.<\/p>\n<p>CompareMyJet.com er forpligtet til at sikre, at dit privatliv er beskyttet. Hvis vi beder dig om at give visse oplysninger, hvormed du kan identificeres, n\u00e5r du bruger denne hjemmeside, s\u00e5 kan du v\u00e6re sikker p\u00e5, at de kun vil blive brugt i overensstemmelse med denne fortrolighedserkl\u00e6ring.<\/p>\n<p>CompareMyJet.com kan \u00e6ndre denne politik fra tid til anden ved at opdatere denne side. Du b\u00f8r tjekke denne side fra tid til anden for at sikre, at du er tilfreds med eventuelle \u00e6ndringer. Denne politik er g\u00e6ldende fra <em>09\/03\/2022<\/em>.<\/p>\n<p><strong>Bem\u00e6rk venligst:<\/strong> I henhold til den generelle forordning om databeskyttelse (GDPR) fungerer CompareMyJet.com b\u00e5de som dataansvarlig og databehandler for alle tilbud.<\/p>\n<p><strong>Sikkerhed<\/strong><\/p>\n<p>Vi er forpligtet til at sikre, at dine oplysninger er sikre. For at forhindre uautoriseret adgang eller videregivelse har vi indf\u00f8rt passende fysiske, elektroniske og ledelsesm\u00e6ssige procedurer for at beskytte og sikre de oplysninger, vi indsamler online. Alle webstedsdata transmitteres ved hj\u00e6lp af sikker SSL-teknologi.<\/p>\n<p>Brugere, der kontakter og\/eller indsender oplysninger til dette websted og\/eller dets ejere, g\u00f8r det efter eget sk\u00f8n og giver s\u00e5danne personlige oplysninger, der anmodes om, p\u00e5 egen risiko. Dine personlige oplysninger holdes private og opbevares sikkert, indtil de ikke l\u00e6ngere er n\u00f8dvendige eller ikke kan bruges, som beskrevet i den generelle forordning om databeskyttelse 2018. Der er gjort alt for at sikre en tryg og sikker proces for indsendelse af tilbud, men brugere, der anvender s\u00e5danne tilbudsprocesser, r\u00e5des til at g\u00f8re det p\u00e5 eget ansvar.<\/p>\n<p><strong>S\u00e5dan bruger vi cookies<\/strong><\/p>\n<p>En cookie er en lille fil, som beder om tilladelse til at blive placeret p\u00e5 din computers harddisk. N\u00e5r du accepterer, tilf\u00f8jes filen, og cookien hj\u00e6lper med at analysere webtrafik eller fort\u00e6ller dig, hvorn\u00e5r du bes\u00f8ger en bestemt side. Cookies g\u00f8r det muligt for webapplikationer at reagere p\u00e5 dig som individ. Webapplikationen kan skr\u00e6ddersy sine funktioner til dine behov og dine pr\u00e6ferencer ved at indsamle og huske oplysninger om dine pr\u00e6ferencer.<\/p>\n<p>Vi bruger trafiklog-cookies til at identificere, hvilke sider der bliver brugt. Det hj\u00e6lper os med at analysere data om trafikken p\u00e5 websiden og forbedre vores hjemmeside, s\u00e5 den kan skr\u00e6ddersys til kundernes behov. Vi bruger kun disse oplysninger til statistiske analyseform\u00e5l, og derefter fjernes dataene fra systemet. Vi bruger dem ikke til at spore individuelle brugere, kun samlet brug af hjemmesiden.<\/p>\n<p>Overordnet set hj\u00e6lper cookies os med at give dig en bedre hjemmeside ved at g\u00f8re det muligt for os at overv\u00e5ge, hvilke sider du finder nyttige, og hvilke du ikke g\u00f8r. En cookie giver os p\u00e5 ingen m\u00e5de adgang til din computer eller nogen oplysninger om dig, bortset fra de data, du v\u00e6lger at dele med os.<\/p>\n<p>Du kan v\u00e6lge at acceptere eller afvise cookies. De fleste webbrowsere accepterer automatisk cookies, men du kan normalt \u00e6ndre din browserindstilling til at afvise cookies, hvis du foretr\u00e6kker det. Dette kan forhindre dig i at f\u00e5 fuldt udbytte af hjemmesiden.<\/p>\n<p>Brugere r\u00e5des til, at hvis de \u00f8nsker at n\u00e6gte brug og lagring af cookies fra dette websted p\u00e5 deres computers harddisk, skal de tage de n\u00f8dvendige skridt i deres webbrowsers sikkerhedsindstillinger for at blokere alle cookies fra dette websted og dets eksterne leverand\u00f8rer.<\/p>\n<p>Dette websted bruger sporingssoftware til at overv\u00e5ge sine bes\u00f8gende for bedre at forst\u00e5, hvordan de bruger det. Denne software leveres af Google Analytics, som bruger cookies til at spore bes\u00f8gendes brug. Softwaren gemmer en cookie p\u00e5 din computers harddisk for at spore og overv\u00e5ge dit engagement og din brug af hjemmesiden, men gemmer eller indsamler ikke personlige oplysninger. Du kan l\u00e6se Googles privatlivspolitik her for yderligere information [ http:\/\/www.google.com\/privacy.html ].<\/p>\n<p><strong>Links til andre hjemmesider<\/strong><\/p>\n<p>Vores hjemmeside kan indeholde links til andre hjemmesider af interesse. Men n\u00e5r du har brugt disse links til at forlade vores websted, skal du v\u00e6re opm\u00e6rksom p\u00e5, at vi ikke har nogen kontrol over det andet websted. <\/p>\n<p>Derfor kan vi ikke v\u00e6re ansvarlige for beskyttelsen og fortroligheden af oplysninger, som du giver, n\u00e5r du bes\u00f8ger s\u00e5danne websteder, og s\u00e5danne websteder er ikke omfattet af denne fortrolighedserkl\u00e6ring. Du b\u00f8r udvise forsigtighed og se p\u00e5 den fortrolighedserkl\u00e6ring, der g\u00e6lder for det p\u00e5g\u00e6ldende websted.<\/p>\n<p><strong>Tilknyttede links<\/strong><\/p>\n<p>Denne hjemmeside g\u00f8r ogs\u00e5 brug af affiliate links. Det er links til andre hjemmesider, som kan spore din adf\u00e6rd, n\u00e5r du er p\u00e5 den p\u00e5g\u00e6ldende hjemmeside. De kan resultere i, at vi f\u00e5r en provision, hvis du gennemf\u00f8rer en bestemt handling og\/eller foretager et k\u00f8b. Disse links betaler for vores forskning og hjemmeside, og det er dem, der g\u00f8r det muligt for os at tilbyde alt vores indhold gratis. <\/p>\n<p>Hvis du er bekymret for dette, bedes du tjekke privatlivspolitikken p\u00e5 enhver anden hjemmeside, du bes\u00f8ger via et link fra denne.   <\/p>\n<p><strong>Sociale medier<\/strong><\/p>\n<p>Denne hjemmeside kan bruge sociale delingsknapper, som hj\u00e6lper med at dele webindhold direkte fra websider til den p\u00e5g\u00e6ldende sociale medieplatform. Brugere r\u00e5des til, f\u00f8r de bruger s\u00e5danne sociale delingsknapper, at de g\u00f8r det efter eget sk\u00f8n og bem\u00e6rker, at den sociale medieplatform kan spore og gemme din anmodning om at dele en webside henholdsvis gennem din sociale medieplatformkonto.<\/p>\n<p>Brugere r\u00e5des til at udvise forsigtighed og god d\u00f8mmekraft, f\u00f8r de klikker p\u00e5 forkortede url'er, der er offentliggjort p\u00e5 sociale medieplatforme af denne hjemmeside og dens ejere. P\u00e5 trods af den bedste indsats for at sikre, at kun \u00e6gte url'er offentligg\u00f8res, er mange sociale medieplatforme tilb\u00f8jelige til spam og hacking, og derfor kan dette websted og dets ejere ikke holdes ansvarlige for skader eller konsekvenser for\u00e5rsaget af at bes\u00f8ge forkortede links.<\/p>\n<p><strong>Kontrol af dine personlige oplysninger<\/strong><\/p>\n<p>Hvis du mener, at nogen af de oplysninger, vi har om dig, er forkerte eller ufuldst\u00e6ndige, bedes du venligst <a href=\"https:\/\/CompareMyJet.com\/contact-us\/\" data-lasso-id=\"8809\" target=\"_blank\" rel=\"noopener\">Kontakt os<\/a> s\u00e5 hurtigt som muligt p\u00e5 ovenst\u00e5ende adresse. Vi vil straks rette alle oplysninger, der viser sig at v\u00e6re forkerte.<\/p>\n<p><em>v.1.0 - 9. marts, 2022 Redigeret og tilpasset af: CompareMyJet.com<\/em><\/p>","protected":false},"excerpt":{"rendered":"<p>Denne privatlivspolitik g\u00e6lder for denne hjemmeside [CompareMyJet.com\/]. (Ejet af Brilliant British Ltd, Firmanummer 10490224 (Registreret i England og Wales), ICO Registreringsreference: ZA286128, Registreret kontoradresse: 3rd Floor Great Titchfield House, 14-18 Great Titchfield Street, London, United Kingdom, W1W 8BD). Den beskriver, hvordan CompareMyJet.com bruger og beskytter alle oplysninger, som du giver ...<\/p>","protected":false},"author":1,"featured_media":0,"parent":0,"menu_order":0,"comment_status":"closed","ping_status":"closed","template":"","meta":{"_acf_changed":false,"_genesis_hide_title":false,"_genesis_hide_breadcrumbs":false,"_genesis_hide_singular_image":false,"_genesis_hide_footer_widgets":false,"_genesis_custom_body_class":"","_genesis_custom_post_class":"","_genesis_layout":"","footnotes":""},"class_list":{"1":"page","2":"type-page","5":"entry"},"acf":[],"_links":{"self":[{"href":"https:\/\/comparemyjet.com\/da\/wp-json\/wp\/v2\/pages\/2825","targetHints":{"allow":["GET"]}}],"collection":[{"href":"https:\/\/comparemyjet.com\/da\/wp-json\/wp\/v2\/pages"}],"about":[{"href":"https:\/\/comparemyjet.com\/da\/wp-json\/wp\/v2\/types\/page"}],"author":[{"embeddable":true,"href":"https:\/\/comparemyjet.com\/da\/wp-json\/wp\/v2\/users\/1"}],"replies":[{"embeddable":true,"href":"https:\/\/comparemyjet.com\/da\/wp-json\/wp\/v2\/comments?post=2825"}],"version-history":[{"count":2,"href":"https:\/\/comparemyjet.com\/da\/wp-json\/wp\/v2\/pages\/2825\/revisions"}],"predecessor-version":[{"id":2827,"href":"https:\/\/comparemyjet.com\/da\/wp-json\/wp\/v2\/pages\/2825\/revisions\/2827"}],"wp:attachment":[{"href":"https:\/\/comparemyjet.com\/da\/wp-json\/wp\/v2\/media?parent=2825"}],"curies":[{"name":"wp","href":"https:\/\/api.w.org\/{rel}","templated":true}]}}