{"id":3061,"date":"2022-07-11T23:51:35","date_gmt":"2022-07-11T23:51:35","guid":{"rendered":"https:\/\/comparemyjet.com\/?page_id=3061"},"modified":"2025-09-04T09:58:14","modified_gmt":"2025-09-04T09:58:14","slug":"amalfi-jets","status":"publish","type":"page","link":"https:\/\/comparemyjet.com\/da\/amalfi-jets\/","title":{"rendered":"Priser p\u00e5 Amalfi Jets-flyvninger"},"content":{"rendered":"<p>Intet sl\u00e5r at rejse verden rundt i et privatfly. For at g\u00f8re oplevelsen af at flyve privat endnu bedre, sender Amalfi Jets en af deres repr\u00e6sentanter til lufthavnen for at hilse p\u00e5 hver enkelt kunde f\u00f8r afgang og sikre, at der er taget h\u00e5nd om alle detaljer, s\u00e5 flyveturen bliver s\u00e5 behagelig som muligt.&nbsp;<\/p>\r\n\r\n\r\n\r\n<p>Virksomheden tilbyder tjenester som on-demand charter og jetkort-medlemskabsprogrammer. De lover ogs\u00e5 garanteret tilg\u00e6ngelighed med kun 18 timers varsel, og du kan drage fordel af gratis flyopgraderinger og mange andre fordele. Lad os udforske fordelene ved at flyve med Amalfi jets mere detaljeret.<\/p>\r\n\r\n\r\n\r\n<div id=\"ez-toc-container\" class=\"ez-toc-v2_0_76 counter-hierarchy ez-toc-counter ez-toc-grey ez-toc-container-direction\">\n<p class=\"ez-toc-title\" style=\"cursor:inherit\">Emner<\/p>\n<label for=\"ez-toc-cssicon-toggle-item-69f038b6a5633\" class=\"ez-toc-cssicon-toggle-label\"><span class=\"\"><span class=\"eztoc-hide\" style=\"display:none;\">Toggle<\/span><span class=\"ez-toc-icon-toggle-span\"><svg style=\"fill: #999;color:#999\" xmlns=\"http:\/\/www.w3.org\/2000\/svg\" class=\"list-377408\" width=\"20px\" height=\"20px\" viewbox=\"0 0 24 24\" fill=\"none\"><path d=\"M6 6H4v2h2V6zm14 0H8v2h12V6zM4 11h2v2H4v-2zm16 0H8v2h12v-2zM4 16h2v2H4v-2zm16 0H8v2h12v-2z\" fill=\"currentColor\"><\/path><\/svg><svg style=\"fill: #999;color:#999\" class=\"arrow-unsorted-368013\" xmlns=\"http:\/\/www.w3.org\/2000\/svg\" width=\"10px\" height=\"10px\" viewbox=\"0 0 24 24\" version=\"1.2\" baseprofile=\"tiny\"><path d=\"M18.2 9.3l-6.2-6.3-6.2 6.3c-.2.2-.3.4-.3.7s.1.5.3.7c.2.2.4.3.7.3h11c.3 0 .5-.1.7-.3.2-.2.3-.5.3-.7s-.1-.5-.3-.7zM5.8 14.7l6.2 6.3 6.2-6.3c.2-.2.3-.5.3-.7s-.1-.5-.3-.7c-.2-.2-.4-.3-.7-.3h-11c-.3 0-.5.1-.7.3-.2.2-.3.5-.3.7s.1.5.3.7z\"\/><\/svg><\/span><\/span><\/label><input type=\"checkbox\"  id=\"ez-toc-cssicon-toggle-item-69f038b6a5633\" checked aria-label=\"Toggle\" \/><nav><ul class='ez-toc-list ez-toc-list-level-1' ><li class='ez-toc-page-1 ez-toc-heading-level-2'><a class=\"ez-toc-link ez-toc-heading-1\" href=\"https:\/\/comparemyjet.com\/da\/amalfi-jets\/#Company_History\" >Virksomhedens historie<\/a><ul class='ez-toc-list-level-3' ><li class='ez-toc-heading-level-3'><a class=\"ez-toc-link ez-toc-heading-2\" href=\"https:\/\/comparemyjet.com\/da\/amalfi-jets\/#Why_Choose_Amalfi_Jets\" >Hvorfor v\u00e6lge Amalfi Jets?<\/a><\/li><\/ul><\/li><li class='ez-toc-page-1 ez-toc-heading-level-2'><a class=\"ez-toc-link ez-toc-heading-3\" href=\"https:\/\/comparemyjet.com\/da\/amalfi-jets\/#Ways_to_Fly\" >M\u00e5der at flyve p\u00e5<\/a><\/li><li class='ez-toc-page-1 ez-toc-heading-level-2'><a class=\"ez-toc-link ez-toc-heading-4\" href=\"https:\/\/comparemyjet.com\/da\/amalfi-jets\/#The_Company_Card_Program\" >Virksomhedens kortprogram<\/a><\/li><li class='ez-toc-page-1 ez-toc-heading-level-2'><a class=\"ez-toc-link ez-toc-heading-5\" href=\"https:\/\/comparemyjet.com\/da\/amalfi-jets\/#Pricing\" >Prisfasts\u00e6ttelse<\/a><\/li><li class='ez-toc-page-1 ez-toc-heading-level-2'><a class=\"ez-toc-link ez-toc-heading-6\" href=\"https:\/\/comparemyjet.com\/da\/amalfi-jets\/#The_Fleet\" >Fl\u00e5den&nbsp;<\/a><ul class='ez-toc-list-level-3' ><li class='ez-toc-heading-level-3'><a class=\"ez-toc-link ez-toc-heading-7\" href=\"https:\/\/comparemyjet.com\/da\/amalfi-jets\/#1_Light_Private_Jets\" >1. Lette private jetfly<\/a><\/li><li class='ez-toc-page-1 ez-toc-heading-level-3'><a class=\"ez-toc-link ez-toc-heading-8\" href=\"https:\/\/comparemyjet.com\/da\/amalfi-jets\/#2_Midsize_and_Super-Midsize_Private_Jets\" >2. Private jetfly i mellemst\u00f8rrelse og supermellemst\u00f8rrelse&nbsp;<\/a><\/li><li class='ez-toc-page-1 ez-toc-heading-level-3'><a class=\"ez-toc-link ez-toc-heading-9\" href=\"https:\/\/comparemyjet.com\/da\/amalfi-jets\/#3_Large_Private_Jets\" >3. Store private jetfly<\/a><\/li><li class='ez-toc-page-1 ez-toc-heading-level-3'><a class=\"ez-toc-link ez-toc-heading-10\" href=\"https:\/\/comparemyjet.com\/da\/amalfi-jets\/#4_Ultra-Long-Range_Private_Jets\" >4. Private jetfly med ultralang r\u00e6kkevidde<\/a><\/li><\/ul><\/li><li class='ez-toc-page-1 ez-toc-heading-level-2'><a class=\"ez-toc-link ez-toc-heading-11\" href=\"https:\/\/comparemyjet.com\/da\/amalfi-jets\/#Company_Safety_Policy_and_Standards\" >Virksomhedens sikkerhedspolitik og -standarder<\/a><\/li><li class='ez-toc-page-1 ez-toc-heading-level-2'><a class=\"ez-toc-link ez-toc-heading-12\" href=\"https:\/\/comparemyjet.com\/da\/amalfi-jets\/#Partnerships\" >Partnerskaber<\/a><\/li><li class='ez-toc-page-1 ez-toc-heading-level-2'><a class=\"ez-toc-link ez-toc-heading-13\" href=\"https:\/\/comparemyjet.com\/da\/amalfi-jets\/#Conclusion\" >Konklusion<\/a><\/li><\/ul><\/nav><\/div>\n<h2 class=\"wp-block-heading\"><span class=\"ez-toc-section\" id=\"Company_History\"><\/span>Virksomhedens historie<span class=\"ez-toc-section-end\"><\/span><\/h2>\r\n\r\n\r\n\r\n<p>Amalfi Jets er en <a href=\"https:\/\/comparemyjet.com\/da\/how-do-you-rent-or-charter-a-private-jet\/\" data-internallinksmanager029f6b8e52c=\"15\" title=\"Hvordan lejer eller chartrer man en privat jet?\">privat jet charter<\/a> bureau, der blev grundlagt af Kolin Jones i 2020. Med base i <a href=\"https:\/\/comparemyjet.com\/da\/private-tours\/los-angeles-private-tours\/\" data-internallinksmanager029f6b8e52c=\"421\" title=\"De 11 bedste private ture i Los Angeles fra $55.00\">Los Angeles<\/a>Amalfi tilbyder rejsende b\u00e5de on-demand leasing og et medlemskab for dem, der flyver ofte. Enkeltpersoner, virksomheder og familier har alle nydt godt af virksomhedens specialiserede flyservices, som personlig catering og en supplerende sort bilservice.&nbsp;<\/p>\r\n\r\n\r\n\r\n<p>Amalfi Jets, LLC er en af de hurtigst voksende virksomheder i luftfartssektoren under Kolins ledelse. Lige fra piloternes og personalets hurtighed til deres kunders sikkerhed tager Amalfi Jets alle forholdsregler for at sikre, at din rejse forl\u00f8ber gnidningsl\u00f8st, s\u00e5 du ikke har noget at bekymre dig om ud over at have det sjovt p\u00e5 et privatfly.<\/p>\r\n\r\n\r\n\r\n<p>Amalfi Jets har et omfattende netv\u00e6rk af ca. 2.000 fly placeret over hele verden. Alle flyvninger udf\u00f8res af <a href=\"https:\/\/www.faa.gov\/\" target=\"_blank\" rel=\"noopener\">FAA<\/a>-certificerede Part 135-flyoperat\u00f8rer eller deres \u00e6kvivalenter i andre lande.&nbsp;<\/p>\r\n\r\n\r\n\r\n<h3 class=\"wp-block-heading\"><span class=\"ez-toc-section\" id=\"Why_Choose_Amalfi_Jets\"><\/span>Hvorfor v\u00e6lge Amalfi Jets?<span class=\"ez-toc-section-end\"><\/span><\/h3>\r\n\r\n\r\n\r\n<p>Amalfi Jets str\u00e6ber efter at levere den bedste kvalitet af kundeservice. En ting, der f\u00e5r dem til at skille sig ud fra andre private charterselskaber, er deres globale team af Amalfi-repr\u00e6sentanter, der flyver ud for at hilse p\u00e5 passagererne ved hvert eneste afgangssted.&nbsp;<\/p>\r\n\r\n\r\n\r\n<p>Virksomheden tilbyder ogs\u00e5 gratis afhentning fra dit hjem eller fra startstedet for din rejse og tilbyder sort bilservice i SUV'er til alle rejsende. Du f\u00e5r taxiservice fra dit afrejsested til din ankomstlufthavn p\u00e5 enhver rejse, som du planl\u00e6gger og gennemf\u00f8rer med Amalfi Jets. De vil v\u00e6re din ledsager p\u00e5 hele din rejse.<\/p>\r\n\r\n\r\n\r\n<p>N\u00e5r det g\u00e6lder catering om bord, samarbejder Amalfi Jets gerne med nogle af verdens mest anerkendte kokke. Forud for hver rejse arrangerer kundeservicepersonalet menuer, som du kan v\u00e6lge imellem, afh\u00e6ngigt af dine pr\u00e6ferencer og din kost.<\/p>\r\n\r\n\r\n\r\n<p>Desuden hj\u00e6lper deres luftfartskonsulenter dig med at v\u00e6lge det rigtige og mest prisvenlige fly til din specifikke rejse fra over 2.000 fly. Hver rejse overv\u00e5ges af luftfartsspecialister for at sikre kvalitetsservice og kundetilfredshed.<\/p>\r\n\r\n\r\n\r\n<h2 class=\"wp-block-heading\"><span class=\"ez-toc-section\" id=\"Ways_to_Fly\"><\/span>M\u00e5der at flyve p\u00e5<span class=\"ez-toc-section-end\"><\/span><\/h2>\r\n\r\n\r\n\r\n<p>Der er to m\u00e5der at flyve med Amalfi Jets p\u00e5:<\/p>\r\n\r\n\r\n\r\n<ol class=\"wp-block-list\"><li>Anmod om tilg\u00e6ngelige flyalternativer p\u00e5 en tur-for-tur basis gennem <a href=\"https:\/\/amalfijets.com\/on-demand-charter\/\" target=\"_blank\" rel=\"noopener\">on-demand<\/a> charter-aspekt.&nbsp;<\/li><li>Bliv en <a href=\"https:\/\/amalfijets.com\/the-amalfi-one-jet-card-program\/\" target=\"_blank\" rel=\"noopener\">Et Jet-kort<\/a> medlem, hvis du er en hyppig flyver, der \u00f8nsker at eje et fly uden at betale de gebyrer, der f\u00f8lger med.<\/li><\/ol>\r\n\r\n\r\n\r\n<p>Lad os se n\u00e6rmere p\u00e5 medlemsprogrammet.<\/p>\r\n\r\n\r\n\r\n<h2 class=\"wp-block-heading\"><span class=\"ez-toc-section\" id=\"The_Company_Card_Program\"><\/span>Virksomhedens kortprogram<span class=\"ez-toc-section-end\"><\/span><\/h2>\r\n\r\n\r\n\r\n<p>Form\u00e5let med Amalfi One Jet Card-programmet er at tilbyde dig et servicenetv\u00e6rk, hvor du kan nyde det bedste, branchen har at byde p\u00e5 - en verdensomsp\u00e6ndende rejse.<\/p>\r\n\r\n\r\n\r\n<p>Amalfi One Jet Card er det eneste jetkort i branchen, der kan bruges i mere end 30 forskellige lande. Som kortholder kan du flyve og betale pr. time, s\u00e5 l\u00e6nge du rejser inden for eller mellem landene i selskabets prim\u00e6re serviceomr\u00e5de. Uanset hvor din rejse f\u00f8rer dig hen, kan du v\u00e6re sikker p\u00e5, at en fl\u00e5de af fly venter p\u00e5 at transportere dig til din destination.<\/p>\r\n\r\n\r\n\r\n<p>En anden fordel ved at v\u00e6re kortholder er, at du kun kan chartre et fly med 18 timers varsel inden for USA, eller 72 timer for resten af stederne inden for Amalfis' prim\u00e6re serviceomr\u00e5de.<\/p>\r\n\r\n\r\n\r\n<p>Sidst, men ikke mindst, vil du som kortholder modtage gratis sort bilservice, personlig catering p\u00e5 hver flyvning og din foretrukne alkohol og drikkevarer. En repr\u00e6sentant fra Amalfi Jets vil tage imod dig i hver eneste afrejselufthavn for at sikre, at du f\u00e5r den bedste service.<\/p>\r\n\r\n\r\n\r\n<h2 class=\"wp-block-heading\"><span class=\"ez-toc-section\" id=\"Pricing\"><\/span>Prisfasts\u00e6ttelse<span class=\"ez-toc-section-end\"><\/span><\/h2>\r\n\r\n\r\n\r\n<p>Et minimumsindskud p\u00e5 $50.000 USD er p\u00e5kr\u00e6vet for One-programmet, og hele bel\u00f8bet p\u00e5 $50.000 USD g\u00e5r straks ind p\u00e5 din flykonto til rejseform\u00e5l, og der er ingen medlemsgebyrer, \u00e5rlige gebyrer, kontingenter eller opstartsomkostninger.<\/p>\r\n\r\n\r\n\r\n<p>Som medlem af One Jet Card-programmet betaler du f\u00f8lgende timepriser:<\/p>\r\n\r\n\r\n\r\n<ul class=\"wp-block-list\"><li>$5.800 til lette jetfly;&nbsp;<\/li><li>$7.800 for mellemstore jetfly;&nbsp;<\/li><li>$9.800 for super-mellemstore jetfly;&nbsp;<\/li><li>$10.800 til store kabinefly;&nbsp;<\/li><li>$13.500 til jetfly med ultralang r\u00e6kkevidde.<\/li><\/ul>\r\n\r\n\r\n\r\n<h2 class=\"wp-block-heading\"><span class=\"ez-toc-section\" id=\"The_Fleet\"><\/span>Fl\u00e5den&nbsp;<span class=\"ez-toc-section-end\"><\/span><\/h2>\r\n\r\n\r\n\r\n<figure class=\"wp-block-image size-full is-style-default\"><img loading=\"lazy\" decoding=\"async\" width=\"1000\" height=\"667\" src=\"https:\/\/comparemyjet.com\/wp-content\/uploads\/2022\/07\/amalfi.jets_.white_.private.jet_.on_.the_.runway.jpg\" alt=\"amalfi.jets.hvide.privatfly.p\u00e5.landingsbanen\" class=\"wp-image-3067\" srcset=\"https:\/\/comparemyjet.com\/wp-content\/uploads\/2022\/07\/amalfi.jets_.white_.private.jet_.on_.the_.runway-18x12.jpg 18w, https:\/\/comparemyjet.com\/wp-content\/uploads\/2022\/07\/amalfi.jets_.white_.private.jet_.on_.the_.runway-300x200.jpg 300w, https:\/\/comparemyjet.com\/wp-content\/uploads\/2022\/07\/amalfi.jets_.white_.private.jet_.on_.the_.runway-768x512.jpg 768w, https:\/\/comparemyjet.com\/wp-content\/uploads\/2022\/07\/amalfi.jets_.white_.private.jet_.on_.the_.runway.jpg 1000w\" sizes=\"auto, (max-width: 1000px) 100vw, 1000px\" \/><\/figure>\r\n\r\n\r\n\r\n<p>Tag et kig p\u00e5 de f\u00f8lgende jetkategorier, og brug vores forklaringer til at v\u00e6lge det ideelle fly til din kommende rejse.<\/p>\r\n\r\n\r\n\r\n<h3 class=\"wp-block-heading\"><span class=\"ez-toc-section\" id=\"1_Light_Private_Jets\"><\/span>1. Lette private jetfly<span class=\"ez-toc-section-end\"><\/span><\/h3>\r\n\r\n\r\n\r\n<p>Hvis din rejse er op til tre timer lang med et lille selskab p\u00e5 4-6 passagerer, er jetfly i kategorien lette fly et praktisk valg.&nbsp;<\/p>\r\n\r\n\r\n\r\n<p>Lette jetfly er et almindeligt valg p\u00e5 grund af deres lave driftsomkostninger og h\u00f8je effektivitet. Nogle light jets kan v\u00e6re relativt sm\u00e5, mens andre er st\u00f8rre, end du ville forvente, s\u00e5 det hele afh\u00e6nger af flymodellen. Der er m\u00e5ske ingen borde eller toiletter, og der er normalt ikke plads til at st\u00e5 op, hvilket er grunden til, at stewardesser normalt ikke ledsager passagererne i disse jetfly. De giver dog mere fredelige flyvninger end turboprops til en lav pris, og de er perfekte til mindre landingsbaner.&nbsp;<\/p>\r\n\r\n\r\n\r\n<h3 class=\"wp-block-heading\"><span class=\"ez-toc-section\" id=\"2_Midsize_and_Super-Midsize_Private_Jets\"><\/span>2. Private jetfly i mellemst\u00f8rrelse og supermellemst\u00f8rrelse&nbsp;<span class=\"ez-toc-section-end\"><\/span><\/h3>\r\n\r\n\r\n\r\n<p>Den mellemstore kategori, som har plads til op til 9 passagerer, er popul\u00e6r til ture p\u00e5 op til 4 timer og til passagerer, der \u00f8nsker ekstra bagagekapacitet, en rummelig kabine og sofistikeret indkvartering. I mods\u00e6tning til lette jetfly har fly i mellemst\u00f8rrelseskategorien st\u00f8rre forfriskningsrum, s\u00e5 der kan medbringes ekstra mad og snacks samt drikkevarer om bord. Super midsize-flykategorien er ogs\u00e5 en favorit blandt kunderne. Disse private jetfly har stand-up-kabiner, plads til op til 9 passagerer og mulighed for at rejse p\u00e5 tv\u00e6rs af kontinenter.<\/p>\r\n\r\n\r\n\r\n<h3 class=\"wp-block-heading\"><span class=\"ez-toc-section\" id=\"3_Large_Private_Jets\"><\/span>3. Store private jetfly<span class=\"ez-toc-section-end\"><\/span><\/h3>\r\n\r\n\r\n\r\n<p>Den store private jet-klasse er bedst egnet til interkontinentale flyvninger eller store fester, takket v\u00e6re de rummelige kabiner - uanset rejsens l\u00e6ngde. Denne private jetklasse har ogs\u00e5 fremragende landingsbaneegenskaber, stigningshastighed og hastighed, st\u00f8rre passager- og bagagekapacitet og en l\u00e6ngere r\u00e6kkevidde.&nbsp;<\/p>\r\n\r\n\r\n\r\n<p>Tunge fly kan transportere omkring femten passagerer, med soveplads til seks. Sovepladser, madopbevaring, badev\u00e6relser og moderne underholdningssystemer er tilg\u00e6ngelige p\u00e5 n\u00e6sten alle tunge fly, og der er mindst \u00e9n stewardesse under flyvningen.&nbsp;<\/p>\r\n\r\n\r\n\r\n<p>Med en hastighed p\u00e5 ca. 500 miles i timen har tunge jetfly en r\u00e6kkevidde p\u00e5 ca. 6.000 miles. De er mindre end kommercielle fly og tilbyder en bredere vifte af landingsmuligheder.&nbsp;<\/p>\r\n\r\n\r\n\r\n<h3 class=\"wp-block-heading\"><span class=\"ez-toc-section\" id=\"4_Ultra-Long-Range_Private_Jets\"><\/span>4. Private jetfly med ultralang r\u00e6kkevidde<span class=\"ez-toc-section-end\"><\/span><\/h3>\r\n\r\n\r\n\r\n<p>Hvis du har brug for at v\u00e6re p\u00e5 den anden side af jorden p\u00e5 meget kort tid, er ultralangtr\u00e6kkende jetfly der for dig. Denne kategori omfatter jetfly, der kan flyve mellem 8.500 og 12.900 kilometer uden at stoppe for at tanke br\u00e6ndstof. Disse privatfly er rummelige og behagelige med tre indrettede zoner til at arbejde, sidde og hvile. Kabineh\u00f8jden sp\u00e6nder fra 1,85 til 1,95 meter.&nbsp;<\/p>\r\n\r\n\r\n\r\n<h2 class=\"wp-block-heading\"><span class=\"ez-toc-section\" id=\"Company_Safety_Policy_and_Standards\"><\/span>Virksomhedens sikkerhedspolitik og -standarder<span class=\"ez-toc-section-end\"><\/span><\/h2>\r\n\r\n\r\n\r\n<p>Alle flyvninger udf\u00f8res af FAA Part 135 Air Carriers, der er certificeret for sikkerhed. Alle fly er udstyret med banebrydende udstyr og piloter med omfattende ekspertise. To piloter styrer hver Jet Card-flyvning, og der bruges kun fly og bes\u00e6tning, der har gennemg\u00e5et en omfattende tredjeparts sikkerhedsrevision fra ARG\/US, Wyvern eller IS-BAO.<\/p>\r\n\r\n\r\n\r\n<h2 class=\"wp-block-heading\"><span class=\"ez-toc-section\" id=\"Partnerships\"><\/span>Partnerskaber<span class=\"ez-toc-section-end\"><\/span><\/h2>\r\n\r\n\r\n\r\n<figure class=\"wp-block-image size-full is-style-default\"><img loading=\"lazy\" decoding=\"async\" width=\"1000\" height=\"667\" src=\"https:\/\/comparemyjet.com\/wp-content\/uploads\/2022\/07\/white.plane_.flying.over_.buildings.jpg\" alt=\"\" class=\"wp-image-3064\" srcset=\"https:\/\/comparemyjet.com\/wp-content\/uploads\/2022\/07\/white.plane_.flying.over_.buildings-18x12.jpg 18w, https:\/\/comparemyjet.com\/wp-content\/uploads\/2022\/07\/white.plane_.flying.over_.buildings-300x200.jpg 300w, https:\/\/comparemyjet.com\/wp-content\/uploads\/2022\/07\/white.plane_.flying.over_.buildings-768x512.jpg 768w, https:\/\/comparemyjet.com\/wp-content\/uploads\/2022\/07\/white.plane_.flying.over_.buildings.jpg 1000w\" sizes=\"auto, (max-width: 1000px) 100vw, 1000px\" \/><\/figure>\r\n\r\n\r\n\r\n<p>Ud over at tilbyde deres kunder charterservice og Jet Card-medlemskab har Amalfi Jet ogs\u00e5 et globalt netv\u00e6rk af partnere spredt over fem kontinenter. Virksomhedens kortholdere f\u00e5r adgang til unikke steder og fordele takket v\u00e6re deres partnere, som privilegier i nogle af de fineste <a href=\"https:\/\/comparemyjet.com\/da\/hotels\/\" data-internallinksmanager029f6b8e52c=\"470\" title=\"De 100 bedste hoteller n\u00e6r lufthavne fra hele verden\">hoteller<\/a>, gastronomiklubber og andre kultur- og underholdningssteder.&nbsp;<\/p>\r\n\r\n\r\n\r\n<p>Amalfi One Jet Card accepteres i 32 lande, s\u00e5 du kan rejse i de fleste dele af verden.&nbsp;<\/p>\r\n\r\n\r\n\r\n<p>Amalfi Jets er be\u00e6ret over at arbejde sammen med og blive st\u00f8ttet af nogle af verdens mest prestigefyldte virksomheder, s\u00e5som The Ritz-Carlton Residences, The Langham <a href=\"https:\/\/comparemyjet.com\/da\/private-tours\/sydney-private-tours\/\" data-internallinksmanager029f6b8e52c=\"208\" title=\"11 bedste private ture til Sydney fra $31.99\">Sydney<\/a>, Palace Hotel - <a href=\"https:\/\/comparemyjet.com\/da\/private-jet-charters-to-tokyo\/\" data-internallinksmanager029f6b8e52c=\"121\" title=\"Charter med privatfly til Tokyo\">Tokyo<\/a>, Castello di Amorosa - <a href=\"https:\/\/comparemyjet.com\/da\/private-tours\/napa-private-tours\/\" data-internallinksmanager029f6b8e52c=\"424\" title=\"De 11 bedste private Napa-ture fra $99.00\">Napa<\/a> Valley, Stein Eriksen Lodge og mange andre.<\/p>\r\n\r\n\r\n\r\n<h2 class=\"wp-block-heading\"><span class=\"ez-toc-section\" id=\"Conclusion\"><\/span>Konklusion<span class=\"ez-toc-section-end\"><\/span><\/h2>\r\n\r\n\r\n\r\n<p>Det er vigtigt at stole p\u00e5 et p\u00e5lideligt charterselskab af hensyn til din og din families sikkerhed. Hvis du undrer dig over, hvor du skal henvende dig, n\u00e5r charterafgifter og jetbr\u00e6ndstof vokser sekund for sekund, skal du henvende dig til Amalfi Jets. Deres opm\u00e6rksomhed p\u00e5 detaljer og kundeservice garanterer en sikker og tilfredsstillende rejse. One Jet Card-programmet giver dig lave timepriser, adgang til dit foretrukne jetfly p\u00e5 kun 18 timer, uden ekstra gebyrer eller utilg\u00e6ngelige datoer.&nbsp;<\/p>","protected":false},"excerpt":{"rendered":"<p>Intet sl\u00e5r at rejse verden rundt i et privatfly. For at g\u00f8re oplevelsen af at flyve privat mere behagelig sender Amalfi Jets en af deres repr\u00e6sentanter til lufthavnen for at hilse p\u00e5 hver kunde f\u00f8r afgang og sikre, at der er taget h\u00e5nd om alle detaljer for en behagelig flyvning.  Virksomheden tilbyder tjenester som ...<\/p>","protected":false},"author":2,"featured_media":3063,"parent":0,"menu_order":0,"comment_status":"closed","ping_status":"closed","template":"","meta":{"_acf_changed":false,"_genesis_hide_title":false,"_genesis_hide_breadcrumbs":false,"_genesis_hide_singular_image":false,"_genesis_hide_footer_widgets":false,"_genesis_custom_body_class":"","_genesis_custom_post_class":"","_genesis_layout":"","footnotes":""},"class_list":{"1":"page","2":"type-page","6":"entry"},"acf":[],"_links":{"self":[{"href":"https:\/\/comparemyjet.com\/da\/wp-json\/wp\/v2\/pages\/3061","targetHints":{"allow":["GET"]}}],"collection":[{"href":"https:\/\/comparemyjet.com\/da\/wp-json\/wp\/v2\/pages"}],"about":[{"href":"https:\/\/comparemyjet.com\/da\/wp-json\/wp\/v2\/types\/page"}],"author":[{"embeddable":true,"href":"https:\/\/comparemyjet.com\/da\/wp-json\/wp\/v2\/users\/2"}],"replies":[{"embeddable":true,"href":"https:\/\/comparemyjet.com\/da\/wp-json\/wp\/v2\/comments?post=3061"}],"version-history":[{"count":3,"href":"https:\/\/comparemyjet.com\/da\/wp-json\/wp\/v2\/pages\/3061\/revisions"}],"predecessor-version":[{"id":3437,"href":"https:\/\/comparemyjet.com\/da\/wp-json\/wp\/v2\/pages\/3061\/revisions\/3437"}],"wp:featuredmedia":[{"embeddable":true,"href":"https:\/\/comparemyjet.com\/da\/wp-json\/wp\/v2\/media\/3063"}],"wp:attachment":[{"href":"https:\/\/comparemyjet.com\/da\/wp-json\/wp\/v2\/media?parent=3061"}],"curies":[{"name":"wp","href":"https:\/\/api.w.org\/{rel}","templated":true}]}}