{"id":3070,"date":"2022-07-11T23:51:45","date_gmt":"2022-07-11T23:51:45","guid":{"rendered":"https:\/\/comparemyjet.com\/?page_id=3070"},"modified":"2025-09-04T09:58:16","modified_gmt":"2025-09-04T09:58:16","slug":"concord-private-jet","status":"publish","type":"page","link":"https:\/\/comparemyjet.com\/da\/concord-private-jet\/","title":{"rendered":"Priser p\u00e5 private jetfly i Concord"},"content":{"rendered":"<p>Concord Private Jet blev grundlagt p\u00e5 princippet om at levere de bedste fly til de lavest mulige priser. Virksomheden fungerer som en charterm\u00e6gler, der leaser private charterfly til deres kunder.<\/p>\r\n\r\n\r\n\r\n<p>Ejeren, Neal Impellizzeri, f\u00f8rer tilsyn med hvert Fleet Access Card og s\u00f8rger for, at alt fra planl\u00e6gning til catering eller transfer er perfekt for dig. Impellizzeri v\u00e6rds\u00e6tter v\u00e6rdien af at overholde tidsplanen, og han og hans team er tilg\u00e6ngelige 24 timer i d\u00f8gnet, 7 dage om ugen for at sikre, at alle tidsplaner bliver fulgt til punkt og prikke. Lad os se n\u00e6rmere p\u00e5, hvad Concord Private ellers har at byde p\u00e5.<\/p>\r\n\r\n\r\n\r\n<div id=\"ez-toc-container\" class=\"ez-toc-v2_0_76 counter-hierarchy ez-toc-counter ez-toc-grey ez-toc-container-direction\">\n<p class=\"ez-toc-title\" style=\"cursor:inherit\">Emner<\/p>\n<label for=\"ez-toc-cssicon-toggle-item-69f1970a475b3\" class=\"ez-toc-cssicon-toggle-label\"><span class=\"\"><span class=\"eztoc-hide\" style=\"display:none;\">Toggle<\/span><span class=\"ez-toc-icon-toggle-span\"><svg style=\"fill: #999;color:#999\" xmlns=\"http:\/\/www.w3.org\/2000\/svg\" class=\"list-377408\" width=\"20px\" height=\"20px\" viewbox=\"0 0 24 24\" fill=\"none\"><path d=\"M6 6H4v2h2V6zm14 0H8v2h12V6zM4 11h2v2H4v-2zm16 0H8v2h12v-2zM4 16h2v2H4v-2zm16 0H8v2h12v-2z\" fill=\"currentColor\"><\/path><\/svg><svg style=\"fill: #999;color:#999\" class=\"arrow-unsorted-368013\" xmlns=\"http:\/\/www.w3.org\/2000\/svg\" width=\"10px\" height=\"10px\" viewbox=\"0 0 24 24\" version=\"1.2\" baseprofile=\"tiny\"><path d=\"M18.2 9.3l-6.2-6.3-6.2 6.3c-.2.2-.3.4-.3.7s.1.5.3.7c.2.2.4.3.7.3h11c.3 0 .5-.1.7-.3.2-.2.3-.5.3-.7s-.1-.5-.3-.7zM5.8 14.7l6.2 6.3 6.2-6.3c.2-.2.3-.5.3-.7s-.1-.5-.3-.7c-.2-.2-.4-.3-.7-.3h-11c-.3 0-.5.1-.7.3-.2.2-.3.5-.3.7s.1.5.3.7z\"\/><\/svg><\/span><\/span><\/label><input type=\"checkbox\"  id=\"ez-toc-cssicon-toggle-item-69f1970a475b3\" checked aria-label=\"Toggle\" \/><nav><ul class='ez-toc-list ez-toc-list-level-1' ><li class='ez-toc-page-1 ez-toc-heading-level-2'><a class=\"ez-toc-link ez-toc-heading-1\" href=\"https:\/\/comparemyjet.com\/da\/concord-private-jet\/#Company_History\" >Virksomhedens historie<\/a><\/li><li class='ez-toc-page-1 ez-toc-heading-level-2'><a class=\"ez-toc-link ez-toc-heading-2\" href=\"https:\/\/comparemyjet.com\/da\/concord-private-jet\/#Company_Jet_Card_Program\" >Virksomhedens Jet Card-program<\/a><\/li><li class='ez-toc-page-1 ez-toc-heading-level-2'><a class=\"ez-toc-link ez-toc-heading-3\" href=\"https:\/\/comparemyjet.com\/da\/concord-private-jet\/#The_Fleet\" >Fl\u00e5den&nbsp;<\/a><ul class='ez-toc-list-level-3' ><li class='ez-toc-heading-level-3'><a class=\"ez-toc-link ez-toc-heading-4\" href=\"https:\/\/comparemyjet.com\/da\/concord-private-jet\/#1_Light_Private_Jets\" >1. Lette private jetfly<\/a><ul class='ez-toc-list-level-4' ><li class='ez-toc-heading-level-4'><a class=\"ez-toc-link ez-toc-heading-5\" href=\"https:\/\/comparemyjet.com\/da\/concord-private-jet\/#Our_Recommendation_Premier_I\" >Vores anbefaling: Premier I<\/a><\/li><\/ul><\/li><li class='ez-toc-page-1 ez-toc-heading-level-3'><a class=\"ez-toc-link ez-toc-heading-6\" href=\"https:\/\/comparemyjet.com\/da\/concord-private-jet\/#2_Midsize_Private_Jets\" >2. Mellemstore private jetfly<\/a><ul class='ez-toc-list-level-4' ><li class='ez-toc-heading-level-4'><a class=\"ez-toc-link ez-toc-heading-7\" href=\"https:\/\/comparemyjet.com\/da\/concord-private-jet\/#Our_Recommendation_Astra_SPX\" >Vores anbefaling: Astra SPX<\/a><\/li><\/ul><\/li><li class='ez-toc-page-1 ez-toc-heading-level-3'><a class=\"ez-toc-link ez-toc-heading-8\" href=\"https:\/\/comparemyjet.com\/da\/concord-private-jet\/#3_Super-Midsize_Private_Jets\" >3. Super-mellemstore private jetfly&nbsp;<\/a><ul class='ez-toc-list-level-4' ><li class='ez-toc-heading-level-4'><a class=\"ez-toc-link ez-toc-heading-9\" href=\"https:\/\/comparemyjet.com\/da\/concord-private-jet\/#Our_Recommendation_The_Citation_Sovereign\" >Vores anbefaling: Citation Sovereign<\/a><\/li><\/ul><\/li><li class='ez-toc-page-1 ez-toc-heading-level-3'><a class=\"ez-toc-link ez-toc-heading-10\" href=\"https:\/\/comparemyjet.com\/da\/concord-private-jet\/#4_Large_Private_Jets\" >4. Store private jetfly<\/a><ul class='ez-toc-list-level-4' ><li class='ez-toc-heading-level-4'><a class=\"ez-toc-link ez-toc-heading-11\" href=\"https:\/\/comparemyjet.com\/da\/concord-private-jet\/#Our_Recommendation_The_Falcon_900EX\" >Vores anbefaling: Falcon 900EX<\/a><\/li><\/ul><\/li><\/ul><\/li><li class='ez-toc-page-1 ez-toc-heading-level-2'><a class=\"ez-toc-link ez-toc-heading-12\" href=\"https:\/\/comparemyjet.com\/da\/concord-private-jet\/#Company_Safety_Policy_and_Standards\" >Virksomhedens sikkerhedspolitik og -standarder<\/a><\/li><li class='ez-toc-page-1 ez-toc-heading-level-2'><a class=\"ez-toc-link ez-toc-heading-13\" href=\"https:\/\/comparemyjet.com\/da\/concord-private-jet\/#Conclusion\" >Konklusion<\/a><\/li><\/ul><\/nav><\/div>\n<h2 class=\"wp-block-heading\"><span class=\"ez-toc-section\" id=\"Company_History\"><\/span>Virksomhedens historie<span class=\"ez-toc-section-end\"><\/span><\/h2>\r\n\r\n\r\n\r\n<p>Concord Private Jet blev grundlagt i 2008 som et familieforetagende af Neal Impellizzeri, hans kone Michelle Impellizzeri og deres s\u00f8n AJ i New York, <a href=\"https:\/\/comparemyjet.com\/da\/private-tours\/new-york-city-private-tours\/\" data-internallinksmanager029f6b8e52c=\"427\" title=\"11 bedste private ture i New York City fra $48.00\">New York<\/a>.&nbsp;<\/p>\r\n\r\n\r\n\r\n<p>Concord er en lille, familiedrevet virksomhed, der ikke har den robuste organisation, som st\u00f8rre virksomheder har. Og grunden til, at de kan tilbyde overkommelige og lave priser, er netop, at de ikke bruger titusindvis af dollars p\u00e5 markedsf\u00f8ring og salg.<\/p>\r\n\r\n\r\n\r\n<p>Concord Private Jet opererer med tredjepartscharter. Der er ingen opstarts- eller medlemsgebyrer, og startprogrammet inkluderer 25 timer p\u00e5 et let jetfly eller turbopropfly. Timeprisen er fast og garanteret, og kortholdere kan bruge mange fly samtidigt.&nbsp;<\/p>\r\n\r\n\r\n\r\n<p>Impellizzeri har skabt en enest\u00e5ende ordning, der giver dig mulighed for at flyve fra punkt A til punkt B for %0 til 40% mindre, end hvad andre private charterselskaber tager. De leaser kun Platinum Argus-certificerede fly for at opfylde de h\u00f8jeste kriterier. For at s\u00e6tte det i perspektiv er der kun 31 Platinum Argus-certificerede selskaber ud af ca. 3.500 kommercielle operat\u00f8rer i hele landet.<\/p>\r\n\r\n\r\n\r\n<h2 class=\"wp-block-heading\"><span class=\"ez-toc-section\" id=\"Company_Jet_Card_Program\"><\/span>Virksomhedens Jet Card-program<span class=\"ez-toc-section-end\"><\/span><\/h2>\r\n\r\n\r\n\r\n<figure class=\"wp-block-image size-full is-style-default\"><img loading=\"lazy\" decoding=\"async\" width=\"1000\" height=\"667\" src=\"https:\/\/comparemyjet.com\/wp-content\/uploads\/2022\/07\/private.jet_.pilots.in_.cockpit.jpg\" alt=\"Concord,Private,Jet,piloter,i,cockpit,klar,til,at,flyve\" class=\"wp-image-3072\" srcset=\"https:\/\/comparemyjet.com\/wp-content\/uploads\/2022\/07\/private.jet_.pilots.in_.cockpit-18x12.jpg 18w, https:\/\/comparemyjet.com\/wp-content\/uploads\/2022\/07\/private.jet_.pilots.in_.cockpit-300x200.jpg 300w, https:\/\/comparemyjet.com\/wp-content\/uploads\/2022\/07\/private.jet_.pilots.in_.cockpit-768x512.jpg 768w, https:\/\/comparemyjet.com\/wp-content\/uploads\/2022\/07\/private.jet_.pilots.in_.cockpit.jpg 1000w\" sizes=\"auto, (max-width: 1000px) 100vw, 1000px\" \/><\/figure>\r\n\r\n\r\n\r\n<p>Concord Private 25-hour Jet Card giver dig mulighed for at v\u00e6lge den jetmodel og kategori, der passer bedst til dine specifikke rejsebehov. Concord tilbyder det h\u00f8jeste sikkerhedsniveau til den mest overkommelige timel\u00f8n, som er garanteret i 24 m\u00e5neder. Hvert kort kan deles op i op til fire betalinger i l\u00f8bet af fire m\u00e5neder.<\/p>\r\n\r\n\r\n\r\n<p>Hvis du beslutter dig for at blive kortholder i Concord Private Jets medlemsprogram, f\u00e5r du fordele som f.eks. ingen overnatningsgebyrer, ingen landings-, repositionerings- eller br\u00e6ndstoftill\u00e6g og ingen administrationsgebyrer. Det er gratis at opgradere (eller nedgradere) din jetklasse, og du f\u00e5r garanteret tilg\u00e6ngelighed 365 dage om \u00e5ret.<\/p>\r\n\r\n\r\n\r\n<p>Medlemmer f\u00e5r ogs\u00e5 adgang til en personlig rejseconcierge, der er kvalificeret til at besvare foresp\u00f8rgsler og tilbyde information d\u00f8gnet rundt.<\/p>\r\n\r\n\r\n\r\n<p>25 Hour Jet Card-programmet er prissat pr. time med alle afgifter inkluderet. Hvis du for eksempel vil flyve med et mellemstort jetfly, betaler du $5,750 i timen, mens det koster $4,750 i timen at flyve med et jetfly i den lette kategori.<\/p>\r\n\r\n\r\n\r\n<p>Virksomheden opkr\u00e6ver ikke br\u00e6ndstofgebyr for Jet Card-ejere og tilbyder deres kunder menuvalg p\u00e5 hver rejse. Som kunde bliver du kun opkr\u00e6vet for de timer, du rent faktisk flyver.<\/p>\r\n\r\n\r\n\r\n<h2 class=\"wp-block-heading\"><span class=\"ez-toc-section\" id=\"The_Fleet\"><\/span>Fl\u00e5den&nbsp;<span class=\"ez-toc-section-end\"><\/span><\/h2>\r\n\r\n\r\n\r\n<p>Concord har et privatfly til alle, uanset om du leder efter et lille eller et stort jetfly. Som charterm\u00e6gler har de adgang til mange flyselskaber, hvilket er en god nyhed for dig - du er garanteret at f\u00e5 din \u00f8nskede jetmodel med meget kort varsel.<\/p>\r\n\r\n\r\n\r\n<p>Lad os tage et kig p\u00e5 de jetkategorier og modeller, som Concord Private Jet har at tilbyde.<\/p>\r\n\r\n\r\n\r\n<h3 class=\"wp-block-heading\"><span class=\"ez-toc-section\" id=\"1_Light_Private_Jets\"><\/span>1. Lette private jetfly<span class=\"ez-toc-section-end\"><\/span><\/h3>\r\n\r\n\r\n\r\n<p>Lette jetfly er et popul\u00e6rt valg takket v\u00e6re deres lave priser og h\u00f8je effektivitet. De giver adgang til sv\u00e6rt tilg\u00e6ngelige destinationer, hvor kun sm\u00e5 jetfly kan lande p\u00e5 grund af de kortere landingsbaner. Et let flys r\u00e6kkevidde er mindre end fire timer, hvilket g\u00f8r dem perfekte til korte indenrigsture. Disse fly er ret hurtige og bringer dig til din destination p\u00e5 ingen tid.<\/p>\r\n\r\n\r\n\r\n<h4 class=\"wp-block-heading\"><span class=\"ez-toc-section\" id=\"Our_Recommendation_Premier_I\"><\/span>Vores anbefaling: Premier I<span class=\"ez-toc-section-end\"><\/span><\/h4>\r\n\r\n\r\n\r\n<p>Beechcraft Premier I er et medlem af kategorien lette jetfly, produceret af <a href=\"https:\/\/comparemyjet.com\/da\/hawker-beechcraft\/\" data-internallinksmanager029f6b8e52c=\"153\" title=\"Den ultimative guide til Hawker Beechcraft private jetfly og fly\">Hawker Beechcraft<\/a>. Flyet blev skabt i 1996 for at konkurrere med <a href=\"https:\/\/comparemyjet.com\/da\/cessna\/\" data-internallinksmanager029f6b8e52c=\"145\" title=\"Ultimativ guide til Cessnas private jetfly og flyvemaskiner\">Cessna<\/a> Citation familie.<\/p>\r\n\r\n\r\n\r\n<p>Specifikationer:<\/p>\r\n\r\n\r\n\r\n<ul class=\"wp-block-list\"><li>Kabinevolumen er 285 kubikfod;<\/li><li>Indvendig bagageplads p\u00e5 23 kubikfod;<\/li><li>Eksternt bagagerum p\u00e5 55 kubikfod;<\/li><li>En maksimal marchhastighed p\u00e5 461 knob;<\/li><li>En normal marchhastighed p\u00e5 426 knob;<\/li><li>Kan betjenes af en eller to piloter;<\/li><li>Der er plads til seks passagerer;<\/li><li>En normal flyver\u00e6kkevidde p\u00e5 850 nm;<\/li><li>En maksimal flyver\u00e6kkevidde p\u00e5 1430 nm.<\/li><\/ul>\r\n\r\n\r\n\r\n<p>Concord Private Jet tilbyder et udvalg af lette jetmodeller, s\u00e5som <em>Citation Jet \/CJ1\/CJ2\/CJ3, Nextant 400XT, Citation II\/V\/Bravo\/Encore\/Ultra, Beechjet 400\/400A, <a href=\"https:\/\/comparemyjet.com\/da\/learjet\/\" data-internallinksmanager029f6b8e52c=\"149\" title=\"Ultimativ guide til Learjet privatfly og flyvemaskiner\">Learjet<\/a> 40, Hawker 400XP, <\/em>og vores anbefalede <em>Premier<\/em>.<\/p>\r\n\r\n\r\n\r\n<h3 class=\"wp-block-heading\"><span class=\"ez-toc-section\" id=\"2_Midsize_Private_Jets\"><\/span>2. Mellemstore private jetfly<span class=\"ez-toc-section-end\"><\/span><\/h3>\r\n\r\n\r\n\r\n<p>R\u00e6kkevidden for et mellemstort jetfly varierer, men overstiger ikke seks timer. Disse fly er mere rummelige end lette fly og giver mere komfort. De kan tage dig p\u00e5 korte og l\u00e6ngere ture, hvilket g\u00f8r dem ret alsidige og altid et godt valg, n\u00e5r du er i tvivl om, hvilken jetklasse du skal chartre. De kommer normalt med et lukket badev\u00e6relse, tek\u00f8kken og mere bagageplads.<\/p>\r\n\r\n\r\n\r\n<h4 class=\"wp-block-heading\"><span class=\"ez-toc-section\" id=\"Our_Recommendation_Astra_SPX\"><\/span>Vores anbefaling: Astra SPX<span class=\"ez-toc-section-end\"><\/span><\/h4>\r\n\r\n\r\n\r\n<p>Israel Aircraft Industries udviklede Astra SPX i 90'erne. I begyndelsen af 2000'erne, <a href=\"https:\/\/comparemyjet.com\/da\/gulfstream\/\" data-internallinksmanager029f6b8e52c=\"175\" title=\"Den ultimative guide til Gulfstream privatfly og -flyvemaskiner\">Gulfstream<\/a> k\u00f8bte designet og kaldte det G-100.&nbsp;<\/p>\r\n\r\n\r\n\r\n<p>Astra SPX har plads til syv rejsende. Kabinen har en trepersoners divan, hvor man kan str\u00e6kke sig ud og hvile sig, og et toilets\u00e6de med b\u00e6lte.&nbsp;<\/p>\r\n\r\n\r\n\r\n<p>Specifikationer og faciliteter:<\/p>\r\n\r\n\r\n\r\n<ul class=\"wp-block-list\"><li>Der er plads til syv passagerer;<\/li><li>Den maksimale flyver\u00e6kkevidde er 2790 nm;<\/li><li>En maksimal hastighed p\u00e5 470 knob;<\/li><li>Et lukket toilet i fuld st\u00f8rrelse;&nbsp;<\/li><li>En stor kabys foran;<\/li><li>GoGo 5G h\u00f8jhastighedsinternet;&nbsp;<\/li><li>LCD-lys og satellittelefon;&nbsp;<\/li><li>Et underholdningssystem om bord;<\/li><li>Kabineh\u00f8jden er 1,75 m;<\/li><li>Kabinel\u00e6ngden er 17' 1\";<\/li><li>Det indvendige bagagerum er 9 kubikfod;<\/li><li>Den udvendige bagageplads er 42 kubikfod;<\/li><li>Kan betjenes af to piloter.<\/li><\/ul>\r\n\r\n\r\n\r\n<p>Concord Private Jet tilbyder en r\u00e6kke jetmodeller i denne mellemstore private flyklasse, s\u00e5som <em>Falcon 20\/200, Citation III\/VI\/VII, G150, Citation Excel\/XLS, Hawker 800\/800XP\/900, Learjet 45\/55\/60, <\/em>og vores anbefalede <em>Astra SPX<\/em>.<\/p>\r\n\r\n\r\n\r\n<h3 class=\"wp-block-heading\"><span class=\"ez-toc-section\" id=\"3_Super-Midsize_Private_Jets\"><\/span>3. Super-mellemstore private jetfly&nbsp;<span class=\"ez-toc-section-end\"><\/span><\/h3>\r\n\r\n\r\n\r\n<p>Med brede kabiner, hvor du komfortabelt kan st\u00e5 op, og kapacitet til at flyve mellem kontinenter, vil du opdage, hvorfor det at flyve med privatfly er den bedste m\u00e5de at rejse p\u00e5. Super-midsize jetfly har st\u00f8rre udholdenhed end midsize jetfly og kan flyve mere end 7 timer uden at stoppe for at tanke.&nbsp;<\/p>\r\n\r\n\r\n\r\n<h4 class=\"wp-block-heading\"><span class=\"ez-toc-section\" id=\"Our_Recommendation_The_Citation_Sovereign\"><\/span>Vores anbefaling: Citation Sovereign<span class=\"ez-toc-section-end\"><\/span><\/h4>\r\n\r\n\r\n\r\n<p>Cessna Citation Sovereign kombinerer enest\u00e5ende ydeevne med luksus. Den kan prale af stor udholdenhed p\u00e5 kort afstand og en bred flyver\u00e6kkevidde, hvilket g\u00f8r den til en alsidig mulighed.&nbsp;<\/p>\r\n\r\n\r\n\r\n<p>Citation Sovereigns rummelige kabine omfatter et komplet drikkevareomr\u00e5de samt dobbeltklubs\u00e6der. Rejs med stil i en af de mest luksuri\u00f8se mellemstore private jetfly i branchen.<\/p>\r\n\r\n\r\n\r\n<p>Specifikationer:<\/p>\r\n\r\n\r\n\r\n<ul class=\"wp-block-list\"><li>Der er plads til ni passagerer;<\/li><li>Kan flyve 7:15 timer non-stop;<\/li><li>En maksimal flyver\u00e6kkevidde p\u00e5 3010 nm;<\/li><li>Kabineh\u00f8jden er 1,80 m;<\/li><li>Kabinebredden er 5' 6\";<\/li><li>Kabinel\u00e6ngden er 25' 3\";<\/li><li>Et indvendigt bagagerum p\u00e5 35 kubikfod;<\/li><li>En maksimal marchhastighed p\u00e5 459 km\/t.<\/li><\/ul>\r\n\r\n\r\n\r\n<p>Concord Private Jet tilbyder en r\u00e6kke super-mellemstore privatfly, s\u00e5som <em>Citation X, Gulfstream G200\/G280, Falcon 50\/50EX, Challenger 300, <\/em>og vores anbefalede <em>Citat Suver\u00e6n.<\/em><\/p>\r\n\r\n\r\n\r\n<h3 class=\"wp-block-heading\"><span class=\"ez-toc-section\" id=\"4_Large_Private_Jets\"><\/span>4. Store private jetfly<span class=\"ez-toc-section-end\"><\/span><\/h3>\r\n\r\n\r\n\r\n<p>Hvis din n\u00e6ste rejse involverer en tur p\u00e5 tv\u00e6rs af landet eller en interkontinental rejse, er det det rigtige valg at v\u00e6lge et jetfly fra denne flyklasse. Du f\u00e5r en <a href=\"https:\/\/comparemyjet.com\/da\/fastest-private-jets\/\" data-internallinksmanager029f6b8e52c=\"183\" title=\"De 11 hurtigste private jetfly i verden [med billeder].\">hurtig jet<\/a> som i de fleste tilf\u00e6lde ikke beh\u00f8ver at stoppe for at tanke br\u00e6ndstof. Med et tungt jetfly f\u00e5r du den ultimative rejseoplevelse med privatfly og et andet niveau af luksus.<\/p>\r\n\r\n\r\n\r\n<h4 class=\"wp-block-heading\"><span class=\"ez-toc-section\" id=\"Our_Recommendation_The_Falcon_900EX\"><\/span>Vores anbefaling: Falcon 900EX<span class=\"ez-toc-section-end\"><\/span><\/h4>\r\n\r\n\r\n\r\n<p>Med en r\u00e6kkevidde p\u00e5 5.000 miles, en ekstraordin\u00e6r behagelig kabine og et revolutionerende design med tre motorer er Falcon 900EX perfekt til transoceaniske flyvninger og tilbyder enorm fleksibilitet.&nbsp;<\/p>\r\n\r\n\r\n\r\n<p>Specifikationer og faciliteter:<\/p>\r\n\r\n\r\n\r\n<ul class=\"wp-block-list\"><li>Betjenes af to piloter;<\/li><li>Der er plads til tolv passagerer;<\/li><li>En maksimal marchhastighed p\u00e5 870 km\/t (470 kt);<\/li><li>En maksimal flyver\u00e6kkevidde p\u00e5 5.180 miles;<\/li><li>Kabineh\u00f8jden er 6 fod 2 tommer;<\/li><li>Kabinens indvendige l\u00e6ngde er 33 ft 2 in;<\/li><li>Bagagerummets volumen er 127 kubikfod;<\/li><li>En kabys;<\/li><li>Satellittelefon, fax, underholdningssystem;<\/li><li>To toiletter og et makeup-rum.<\/li><\/ul>\r\n\r\n\r\n\r\n<p>Concord Private Jet tilbyder en r\u00e6kke tunge privatfly, s\u00e5som<em> Falcon 2000-serien, Challenger 600\/601\/604, Global Express, Gulfstream-serien, <\/em>og vores anbefalede <em>Falcon 900EX.<\/em><\/p>\r\n\r\n\r\n\r\n<h2 class=\"wp-block-heading\"><span class=\"ez-toc-section\" id=\"Company_Safety_Policy_and_Standards\"><\/span>Virksomhedens sikkerhedspolitik og -standarder<span class=\"ez-toc-section-end\"><\/span><\/h2>\r\n\r\n\r\n\r\n<figure class=\"wp-block-image size-full is-style-default\"><img loading=\"lazy\" decoding=\"async\" width=\"1000\" height=\"707\" src=\"https:\/\/comparemyjet.com\/wp-content\/uploads\/2022\/07\/safejourney.jpg\" alt=\"\" class=\"wp-image-3073\" srcset=\"https:\/\/comparemyjet.com\/wp-content\/uploads\/2022\/07\/safejourney-18x12.jpg 18w, https:\/\/comparemyjet.com\/wp-content\/uploads\/2022\/07\/safejourney-300x212.jpg 300w, https:\/\/comparemyjet.com\/wp-content\/uploads\/2022\/07\/safejourney-768x543.jpg 768w, https:\/\/comparemyjet.com\/wp-content\/uploads\/2022\/07\/safejourney.jpg 1000w\" sizes=\"auto, (max-width: 1000px) 100vw, 1000px\" \/><\/figure>\r\n\r\n\r\n\r\n<p>Concord Private Jet s\u00e6tter deres kunders sikkerhed f\u00f8rst og bruger kun Platinum <a href=\"https:\/\/www.argus.aero\/\" target=\"_blank\" rel=\"noopener\">Argus<\/a> Sikkerhedscertificerede operat\u00f8rer. Platinum grade kr\u00e6ver, at man best\u00e5r en streng evaluering p\u00e5 stedet udf\u00f8rt af kvalificerede inspekt\u00f8rer, s\u00e5 at flyve med certificerede operat\u00f8rer er meget mere sikkert end at flyve med et kommercielt fly.<\/p>\r\n\r\n\r\n\r\n<p>Hvis et fly ikke lever op til sikkerhedskriterierne, tildeler selskabet dig straks et nyt fly til din rejse.<\/p>\r\n\r\n\r\n\r\n<h2 class=\"wp-block-heading\"><span class=\"ez-toc-section\" id=\"Conclusion\"><\/span>Konklusion<span class=\"ez-toc-section-end\"><\/span><\/h2>\r\n\r\n\r\n\r\n<p>En-til-en-servicen adskiller Concord Private Jet fra konkurrenterne. Virksomheden arbejder for at sikre, at alle dine sp\u00f8rgsm\u00e5l, bekymringer og behov bliver behandlet. Ejeren overv\u00e5ger personligt hver tur og s\u00f8rger for, at den f\u00f8lger tidsplanen, at forplejningen er p\u00e5 plads, og at der er landtransport til r\u00e5dighed p\u00e5 destinationen. Mens andre firmaer opkr\u00e6ver et gebyr for denne type tjenester, er Concord stolte af deres all-inclusive Jet Card.&nbsp;<\/p>\r\n\r\n\r\n\r\n<p>Du kan blive kunde og pr\u00f8ve deres tjenester med en lille eller ingen forpligtelse.&nbsp;<\/p>","protected":false},"excerpt":{"rendered":"<p>Concord Private Jet blev grundlagt p\u00e5 princippet om at levere de bedste fly til de lavest mulige priser. Virksomheden fungerer som en charterm\u00e6gler, der leaser private charterfly til deres kunder. Ejeren, Neal Impellizzeri, f\u00f8rer tilsyn med hvert Fleet Access Card og s\u00f8rger for, at alt fra planl\u00e6gning til catering eller transfer er perfekt ...<\/p>","protected":false},"author":2,"featured_media":3071,"parent":0,"menu_order":0,"comment_status":"closed","ping_status":"closed","template":"","meta":{"_acf_changed":false,"_genesis_hide_title":false,"_genesis_hide_breadcrumbs":false,"_genesis_hide_singular_image":false,"_genesis_hide_footer_widgets":false,"_genesis_custom_body_class":"","_genesis_custom_post_class":"","_genesis_layout":"","footnotes":""},"class_list":{"1":"page","2":"type-page","6":"entry"},"acf":[],"_links":{"self":[{"href":"https:\/\/comparemyjet.com\/da\/wp-json\/wp\/v2\/pages\/3070","targetHints":{"allow":["GET"]}}],"collection":[{"href":"https:\/\/comparemyjet.com\/da\/wp-json\/wp\/v2\/pages"}],"about":[{"href":"https:\/\/comparemyjet.com\/da\/wp-json\/wp\/v2\/types\/page"}],"author":[{"embeddable":true,"href":"https:\/\/comparemyjet.com\/da\/wp-json\/wp\/v2\/users\/2"}],"replies":[{"embeddable":true,"href":"https:\/\/comparemyjet.com\/da\/wp-json\/wp\/v2\/comments?post=3070"}],"version-history":[{"count":2,"href":"https:\/\/comparemyjet.com\/da\/wp-json\/wp\/v2\/pages\/3070\/revisions"}],"predecessor-version":[{"id":3438,"href":"https:\/\/comparemyjet.com\/da\/wp-json\/wp\/v2\/pages\/3070\/revisions\/3438"}],"wp:featuredmedia":[{"embeddable":true,"href":"https:\/\/comparemyjet.com\/da\/wp-json\/wp\/v2\/media\/3071"}],"wp:attachment":[{"href":"https:\/\/comparemyjet.com\/da\/wp-json\/wp\/v2\/media?parent=3070"}],"curies":[{"name":"wp","href":"https:\/\/api.w.org\/{rel}","templated":true}]}}