{"id":3108,"date":"2022-08-13T21:19:31","date_gmt":"2022-08-13T21:19:31","guid":{"rendered":"https:\/\/comparemyjet.com\/?page_id=3108"},"modified":"2025-09-04T09:58:17","modified_gmt":"2025-09-04T09:58:17","slug":"dumont-aviation-group","status":"publish","type":"page","link":"https:\/\/comparemyjet.com\/da\/dumont-aviation-group\/","title":{"rendered":"Dumont Aviation Group Flypriser"},"content":{"rendered":"<p>Dumont Aviation Group er en etableret leder inden for executive- og corporate jetfly. Deres luftfartsprofessionelle har erfaring med flyk\u00f8b, flyleasing, jetstyring, vedligeholdelse af fly og salg af flyudstyr. Lad os udforske deres tjenester og se, hvad Dumont Aviation handler om.<\/p>\r\n\r\n\r\n\r\n<div id=\"ez-toc-container\" class=\"ez-toc-v2_0_76 counter-hierarchy ez-toc-counter ez-toc-grey ez-toc-container-direction\">\n<p class=\"ez-toc-title\" style=\"cursor:inherit\">Emner<\/p>\n<label for=\"ez-toc-cssicon-toggle-item-69d2beedebf95\" class=\"ez-toc-cssicon-toggle-label\"><span class=\"\"><span class=\"eztoc-hide\" style=\"display:none;\">Toggle<\/span><span class=\"ez-toc-icon-toggle-span\"><svg style=\"fill: #999;color:#999\" xmlns=\"http:\/\/www.w3.org\/2000\/svg\" class=\"list-377408\" width=\"20px\" height=\"20px\" viewbox=\"0 0 24 24\" fill=\"none\"><path d=\"M6 6H4v2h2V6zm14 0H8v2h12V6zM4 11h2v2H4v-2zm16 0H8v2h12v-2zM4 16h2v2H4v-2zm16 0H8v2h12v-2z\" fill=\"currentColor\"><\/path><\/svg><svg style=\"fill: #999;color:#999\" class=\"arrow-unsorted-368013\" xmlns=\"http:\/\/www.w3.org\/2000\/svg\" width=\"10px\" height=\"10px\" viewbox=\"0 0 24 24\" version=\"1.2\" baseprofile=\"tiny\"><path d=\"M18.2 9.3l-6.2-6.3-6.2 6.3c-.2.2-.3.4-.3.7s.1.5.3.7c.2.2.4.3.7.3h11c.3 0 .5-.1.7-.3.2-.2.3-.5.3-.7s-.1-.5-.3-.7zM5.8 14.7l6.2 6.3 6.2-6.3c.2-.2.3-.5.3-.7s-.1-.5-.3-.7c-.2-.2-.4-.3-.7-.3h-11c-.3 0-.5.1-.7.3-.2.2-.3.5-.3.7s.1.5.3.7z\"\/><\/svg><\/span><\/span><\/label><input type=\"checkbox\"  id=\"ez-toc-cssicon-toggle-item-69d2beedebf95\" checked aria-label=\"Toggle\" \/><nav><ul class='ez-toc-list ez-toc-list-level-1' ><li class='ez-toc-page-1 ez-toc-heading-level-2'><a class=\"ez-toc-link ez-toc-heading-1\" href=\"https:\/\/comparemyjet.com\/da\/dumont-aviation-group\/#Company_History\" >Virksomhedens historie<\/a><\/li><li class='ez-toc-page-1 ez-toc-heading-level-2'><a class=\"ez-toc-link ez-toc-heading-2\" href=\"https:\/\/comparemyjet.com\/da\/dumont-aviation-group\/#Dumont_Jet_Charter\" >Dumont Jet Charter<\/a><ul class='ez-toc-list-level-3' ><li class='ez-toc-heading-level-3'><a class=\"ez-toc-link ez-toc-heading-3\" href=\"https:\/\/comparemyjet.com\/da\/dumont-aviation-group\/#The_Fractional_Ownership_Experience\" >Oplevelsen af fraktioneret ejerskab<\/a><\/li><li class='ez-toc-page-1 ez-toc-heading-level-3'><a class=\"ez-toc-link ez-toc-heading-4\" href=\"https:\/\/comparemyjet.com\/da\/dumont-aviation-group\/#Jet_Sales\" >Salg af jetfly<\/a><\/li><\/ul><\/li><li class='ez-toc-page-1 ez-toc-heading-level-2'><a class=\"ez-toc-link ez-toc-heading-5\" href=\"https:\/\/comparemyjet.com\/da\/dumont-aviation-group\/#Maintenance\" >Vedligeholdelse&nbsp;<\/a><\/li><li class='ez-toc-page-1 ez-toc-heading-level-2'><a class=\"ez-toc-link ez-toc-heading-6\" href=\"https:\/\/comparemyjet.com\/da\/dumont-aviation-group\/#Dumont_PARTS\" >Dumont PARTS<\/a><\/li><li class='ez-toc-page-1 ez-toc-heading-level-2'><a class=\"ez-toc-link ez-toc-heading-7\" href=\"https:\/\/comparemyjet.com\/da\/dumont-aviation-group\/#Membership_Programs\" >Medlemskabsprogrammer<\/a><ul class='ez-toc-list-level-3' ><li class='ez-toc-heading-level-3'><a class=\"ez-toc-link ez-toc-heading-8\" href=\"https:\/\/comparemyjet.com\/da\/dumont-aviation-group\/#Santos_Jet_Card_Program\" >Santos Jet Card-program<\/a><ul class='ez-toc-list-level-4' ><li class='ez-toc-heading-level-4'><a class=\"ez-toc-link ez-toc-heading-9\" href=\"https:\/\/comparemyjet.com\/da\/dumont-aviation-group\/#1_Light_Jet_Category\" >1. Light Jet Kategori<\/a><\/li><li class='ez-toc-page-1 ez-toc-heading-level-4'><a class=\"ez-toc-link ez-toc-heading-10\" href=\"https:\/\/comparemyjet.com\/da\/dumont-aviation-group\/#2_Mid_Jet_Category\" >2. Mid Jet-kategori<\/a><\/li><li class='ez-toc-page-1 ez-toc-heading-level-4'><a class=\"ez-toc-link ez-toc-heading-11\" href=\"https:\/\/comparemyjet.com\/da\/dumont-aviation-group\/#3_Super-mid_Jet_Category\" >3. Super-mid Jet-kategori<\/a><\/li><li class='ez-toc-page-1 ez-toc-heading-level-4'><a class=\"ez-toc-link ez-toc-heading-12\" href=\"https:\/\/comparemyjet.com\/da\/dumont-aviation-group\/#4_Heavy_Jet_Category\" >4. Kategori for tunge jetfly<\/a><\/li><\/ul><\/li><\/ul><\/li><li class='ez-toc-page-1 ez-toc-heading-level-2'><a class=\"ez-toc-link ez-toc-heading-13\" href=\"https:\/\/comparemyjet.com\/da\/dumont-aviation-group\/#The_Fleet\" >Fl\u00e5den&nbsp;<\/a><ul class='ez-toc-list-level-3' ><li class='ez-toc-heading-level-3'><a class=\"ez-toc-link ez-toc-heading-14\" href=\"https:\/\/comparemyjet.com\/da\/dumont-aviation-group\/#1_Super-Midsize_Private_Jets\" >1. Super-mellemstore private jetfly&nbsp;<\/a><ul class='ez-toc-list-level-4' ><li class='ez-toc-heading-level-4'><a class=\"ez-toc-link ez-toc-heading-15\" href=\"https:\/\/comparemyjet.com\/da\/dumont-aviation-group\/#Our_Recommendation_Falcon_50\" >Vores anbefaling: Falcon 50<\/a><\/li><\/ul><\/li><li class='ez-toc-page-1 ez-toc-heading-level-3'><a class=\"ez-toc-link ez-toc-heading-16\" href=\"https:\/\/comparemyjet.com\/da\/dumont-aviation-group\/#2_Heavy_Private_Jets\" >2. Tunge private jetfly<\/a><ul class='ez-toc-list-level-4' ><li class='ez-toc-heading-level-4'><a class=\"ez-toc-link ez-toc-heading-17\" href=\"https:\/\/comparemyjet.com\/da\/dumont-aviation-group\/#Our_Recommendation_The_Gulfstream_V\" >Vores anbefaling: Gulfstream V&nbsp;<\/a><\/li><\/ul><\/li><\/ul><\/li><li class='ez-toc-page-1 ez-toc-heading-level-2'><a class=\"ez-toc-link ez-toc-heading-18\" href=\"https:\/\/comparemyjet.com\/da\/dumont-aviation-group\/#Company_Safety_Policy_and_Standards\" >Virksomhedens sikkerhedspolitik og -standarder<\/a><\/li><li class='ez-toc-page-1 ez-toc-heading-level-2'><a class=\"ez-toc-link ez-toc-heading-19\" href=\"https:\/\/comparemyjet.com\/da\/dumont-aviation-group\/#Conclusion\" >Konklusion<\/a><\/li><\/ul><\/nav><\/div>\n<h2 class=\"wp-block-heading\"><span class=\"ez-toc-section\" id=\"Company_History\"><\/span>Virksomhedens historie<span class=\"ez-toc-section-end\"><\/span><\/h2>\r\n\r\n\r\n\r\n<p>Dumont Group er et privatejet luftfartsselskab, der blev etableret i 2013. Inspirationen til virksomhedens navn og logo kommer fra Alberto Santos-Dumont, en brasiliansk luftfartspioner (1873-1932), som fl\u00f8j den f\u00f8rste maskine, der var tungere end luft, i Europa i oktober 1906.<\/p>\r\n\r\n\r\n\r\n<p>Dan Piraino, virksomhedens CEO, er ansvarlig for tre underafdelinger af virksomheden, der omfatter:<\/p>\r\n\r\n\r\n\r\n<ul class=\"wp-block-list\"><li>Dumont JETS (med fokus p\u00e5 charter, salg af fly og <a href=\"https:\/\/comparemyjet.com\/da\/what-are-some-aircraft-management-companies\/\" data-internallinksmanager029f6b8e52c=\"21\" title=\"Serviceydelser og virksomheder inden for flyadministration\">Flyadministration<\/a>)<\/li><li>Dumont PARTS (fokuseret p\u00e5 at vedligeholde og s\u00e6lge et stort lager af flydele)<\/li><li>Dumont MRO (fokuseret p\u00e5 flyvedligeholdelse, herunder maling og indvendig renovering)<\/li><\/ul>\r\n\r\n\r\n\r\n<p>Som du kan se, er hver sektion dedikeret til at opfylde kundernes unikke krav. Lad os udforske dem mere detaljeret.<\/p>\r\n\r\n\r\n\r\n<h2 class=\"wp-block-heading\"><span class=\"ez-toc-section\" id=\"Dumont_Jet_Charter\"><\/span>Dumont Jet Charter<span class=\"ez-toc-section-end\"><\/span><\/h2>\r\n\r\n\r\n\r\n<figure class=\"wp-block-image size-full is-style-default\"><img loading=\"lazy\" decoding=\"async\" width=\"1000\" height=\"750\" src=\"https:\/\/comparemyjet.com\/wp-content\/uploads\/2022\/07\/privatejetmoderninterior.jpg\" alt=\"DumontAviationGroup\" class=\"wp-image-3110\" srcset=\"https:\/\/comparemyjet.com\/wp-content\/uploads\/2022\/07\/privatejetmoderninterior-16x12.jpg 16w, https:\/\/comparemyjet.com\/wp-content\/uploads\/2022\/07\/privatejetmoderninterior-300x225.jpg 300w, https:\/\/comparemyjet.com\/wp-content\/uploads\/2022\/07\/privatejetmoderninterior-400x300.jpg 400w, https:\/\/comparemyjet.com\/wp-content\/uploads\/2022\/07\/privatejetmoderninterior-768x576.jpg 768w, https:\/\/comparemyjet.com\/wp-content\/uploads\/2022\/07\/privatejetmoderninterior-800x600.jpg 800w, https:\/\/comparemyjet.com\/wp-content\/uploads\/2022\/07\/privatejetmoderninterior.jpg 1000w\" sizes=\"auto, (max-width: 1000px) 100vw, 1000px\" \/><\/figure>\r\n\r\n\r\n\r\n<p>Dumont JETS administreres af et team af eksperter, der identificerer det ideelle fly til at opfylde dine rejsebehov, samtidig med at du f\u00e5r fuld fleksibilitet over din rejse. De leverer en komplet service med fokus p\u00e5 din sikkerhed og bekvemmelighed.&nbsp;<\/p>\r\n\r\n\r\n\r\n<h3 class=\"wp-block-heading\"><span class=\"ez-toc-section\" id=\"The_Fractional_Ownership_Experience\"><\/span>Oplevelsen af fraktioneret ejerskab<span class=\"ez-toc-section-end\"><\/span><\/h3>\r\n\r\n\r\n\r\n<p>Virksomheden tilbyder sine kunder fuld ejerskabsoplevelse til en br\u00f8kdel af markedspriserne. De tilbyder management services, s\u00e5som fuld management, charter management og Part 91 support. Med deres omfattende luftfartsekspertise vil dit jetfly v\u00e6re i sikre h\u00e6nder.&nbsp;<\/p>\r\n\r\n\r\n\r\n<h3 class=\"wp-block-heading\"><span class=\"ez-toc-section\" id=\"Jet_Sales\"><\/span>Salg af jetfly<span class=\"ez-toc-section-end\"><\/span><\/h3>\r\n\r\n\r\n\r\n<p>Dumont JETS har et kompetent flysalgspersonale og en etableret track record som kvalificeret k\u00f8ber og s\u00e6lger af jetfly. Deres personale vil guide dig gennem hele salgsprocessen. De fleste forbrugere er s\u00e5 tilfredse med servicen, at de vender tilbage for at f\u00e5 flere tilbud.<\/p>\r\n\r\n\r\n\r\n<h2 class=\"wp-block-heading\"><span class=\"ez-toc-section\" id=\"Maintenance\"><\/span>Vedligeholdelse&nbsp;<span class=\"ez-toc-section-end\"><\/span><\/h2>\r\n\r\n\r\n\r\n<p>Dumont MRO (Aviation Maintenance, Repair, and Overhaul) er en FAA Part 145-reparationsstation med afdelinger i Delaware, Illinois og Texas. Disse stationer leverer hurtig vedligeholdelse, h\u00e5ndv\u00e6rk og skr\u00e6ddersyet service til dit fly. De vedligeholder jetfly fra producenter som <a href=\"https:\/\/comparemyjet.com\/da\/bombardier\/\" data-internallinksmanager029f6b8e52c=\"159\" title=\"Den ultimative guide til Bombardiers private jetfly og fly\">Bombardier<\/a>, <a href=\"https:\/\/comparemyjet.com\/da\/cessna\/\" data-internallinksmanager029f6b8e52c=\"145\" title=\"Ultimativ guide til Cessnas private jetfly og flyvemaskiner\">Cessna<\/a>Challenger, <a href=\"https:\/\/comparemyjet.com\/da\/dassault\/\" data-internallinksmanager029f6b8e52c=\"174\" title=\"Ultimativ guide til Dassault privatfly og -flyvemaskiner\">Dassault<\/a> Falcon, Dornier.<a href=\"https:\/\/comparemyjet.com\/da\/embraer\/\" data-internallinksmanager029f6b8e52c=\"151\" title=\"Den ultimative guide til Embraers private jetfly og fly\">Embraer<\/a>, <a href=\"https:\/\/comparemyjet.com\/da\/gulfstream\/\" data-internallinksmanager029f6b8e52c=\"175\" title=\"Den ultimative guide til Gulfstream privatfly og -flyvemaskiner\">Gulfstream<\/a>Hawker\/Beechcraft, <a href=\"https:\/\/comparemyjet.com\/da\/learjet\/\" data-internallinksmanager029f6b8e52c=\"149\" title=\"Ultimativ guide til Learjet privatfly og flyvemaskiner\">Learjet<\/a>og andre.<\/p>\r\n\r\n\r\n\r\n<h2 class=\"wp-block-heading\"><span class=\"ez-toc-section\" id=\"Dumont_PARTS\"><\/span>Dumont PARTS<span class=\"ez-toc-section-end\"><\/span><\/h2>\r\n\r\n\r\n\r\n<p>Dumont PARTS har et stort udvalg af nye og brugte dele til en lang r\u00e6kke f\u00f8rende fly. P\u00e5 grund af deres store lagerbeholdning sender de allerede samme dag, som ordren afgives.<\/p>\r\n\r\n\r\n\r\n<h2 class=\"wp-block-heading\"><span class=\"ez-toc-section\" id=\"Membership_Programs\"><\/span>Medlemskabsprogrammer<span class=\"ez-toc-section-end\"><\/span><\/h2>\r\n\r\n\r\n\r\n<figure class=\"wp-block-image size-full is-style-default\"><img loading=\"lazy\" decoding=\"async\" width=\"1000\" height=\"667\" src=\"https:\/\/comparemyjet.com\/wp-content\/uploads\/2022\/07\/workingonalaptotonaprivatejetviewfromwindow.jpg\" alt=\"\" class=\"wp-image-3111\" srcset=\"https:\/\/comparemyjet.com\/wp-content\/uploads\/2022\/07\/workingonalaptotonaprivatejetviewfromwindow-18x12.jpg 18w, https:\/\/comparemyjet.com\/wp-content\/uploads\/2022\/07\/workingonalaptotonaprivatejetviewfromwindow-300x200.jpg 300w, https:\/\/comparemyjet.com\/wp-content\/uploads\/2022\/07\/workingonalaptotonaprivatejetviewfromwindow-768x512.jpg 768w, https:\/\/comparemyjet.com\/wp-content\/uploads\/2022\/07\/workingonalaptotonaprivatejetviewfromwindow.jpg 1000w\" sizes=\"auto, (max-width: 1000px) 100vw, 1000px\" \/><\/figure>\r\n\r\n\r\n\r\n<p>Dumont JETS ejer og driver deres egen fl\u00e5de. De har et jetkortprogram uden medlems- og startgebyrer, men der skal betales et depositum, hvis pris varierer afh\u00e6ngigt af jetflyet.&nbsp;<\/p>\r\n\r\n\r\n\r\n<p>Der er en garanti for tilg\u00e6ngelighed med en fast timepris. Kortholdere kan bruge mange fly p\u00e5 samme tid, undtagen p\u00e5 travle dage, hvor udbuddet er begr\u00e6nset.<\/p>\r\n\r\n\r\n\r\n<h3 class=\"wp-block-heading\"><span class=\"ez-toc-section\" id=\"Santos_Jet_Card_Program\"><\/span>Santos Jet Card-program<span class=\"ez-toc-section-end\"><\/span><\/h3>\r\n\r\n\r\n\r\n<p>Virksomheden tilbyder <strong>Santos Jet Card,<\/strong> et forudbetalt kort, der giver dig mulighed for at bruge Dumont Groups fl\u00e5de samt fly fra tredjepartsoperat\u00f8rer.&nbsp;<\/p>\r\n\r\n\r\n\r\n<p>Medlemsniveauerne bestemmes af st\u00f8rrelsen p\u00e5 det fly, du v\u00e6lger til dine rejsebehov. Som Santos Jet Card-bruger har du mulighed for at op- eller nedgradere dine flyvninger i henhold til dine unikke rejseplaner.<\/p>\r\n\r\n\r\n\r\n<p>Santos Jet Cards findes i fire forskellige kategorier og prisklasser, som f\u00f8lger:&nbsp;<\/p>\r\n\r\n\r\n\r\n<h4 class=\"wp-block-heading\"><span class=\"ez-toc-section\" id=\"1_Light_Jet_Category\"><\/span>1. Light Jet Kategori<span class=\"ez-toc-section-end\"><\/span><\/h4>\r\n\r\n\r\n\r\n<p>Du kan chartre et let jetfly til op til seks passagerer (afh\u00e6ngigt af jetmodel og s\u00e6dekapacitet). Den <strong>25 timer<\/strong> jetkort koster lidt mindre end $175.000, hvilket betyder, at du betaler n\u00e6sten $7.000 pr. time. Hvis du k\u00f8ber <strong>50 timer<\/strong> jet-kort, betaler du lidt mere end $330.000, hvilket bringer timeprisen ned p\u00e5 $6.800.&nbsp;<\/p>\r\n\r\n\r\n\r\n<h4 class=\"wp-block-heading\"><span class=\"ez-toc-section\" id=\"2_Mid_Jet_Category\"><\/span>2. Mid Jet-kategori<span class=\"ez-toc-section-end\"><\/span><\/h4>\r\n\r\n\r\n\r\n<p>Du kan chartre et mellemstort jetfly til op til syv passagerer (afh\u00e6ngigt af jetmodel og s\u00e6dekapacitet). Den <strong>25 timer<\/strong> jetkort koster lidt mere end $206.000, hvilket betyder, at du betaler $8.250 pr. time. Hvis du k\u00f8ber <strong>50 timer <\/strong>jet-kort, betaler du pr\u00e6cis $400.000, hvilket bringer timeprisen ned p\u00e5 $8.000.&nbsp;<\/p>\r\n\r\n\r\n\r\n<h4 class=\"wp-block-heading\"><span class=\"ez-toc-section\" id=\"3_Super-mid_Jet_Category\"><\/span>3. Super-mid Jet-kategori<span class=\"ez-toc-section-end\"><\/span><\/h4>\r\n\r\n\r\n\r\n<p>Du kan chartre en super-midsize jet til op til otte passagerer (afh\u00e6ngigt af jetmodel og s\u00e6dekapacitet). Den <strong>25 timer<\/strong> jetkort koster lidt mere end $230.000, hvilket betyder, at du betaler n\u00e6sten $9.250 pr. time. Hvis du k\u00f8ber <strong>50 timer<\/strong> jetkort, betaler du pr\u00e6cis $450.000, hvilket bringer timeprisen ned p\u00e5 $9.000.&nbsp;<\/p>\r\n\r\n\r\n\r\n<h4 class=\"wp-block-heading\"><span class=\"ez-toc-section\" id=\"4_Heavy_Jet_Category\"><\/span>4. Kategori for tunge jetfly<span class=\"ez-toc-section-end\"><\/span><\/h4>\r\n\r\n\r\n\r\n<p>Og endelig kan du chartre et tungt jetfly til elleve eller flere passagerer (afh\u00e6ngigt af jetmodel og s\u00e6dekapacitet). Den <strong>25 timer<\/strong> jetkort koster $300.000, hvilket betyder, at du betaler $12.000 pr. time. Hvis du k\u00f8ber <strong>50 timer<\/strong> jet-kort, betaler du lidt mere end $587.000, hvilket bringer timeprisen ned p\u00e5 n\u00e6sten $11.800.&nbsp;<\/p>\r\n\r\n\r\n\r\n<p>De anf\u00f8rte priser ovenfor inkluderer ikke den f\u00f8derale punktafgift eller br\u00e6ndstofafgiften. Du kan kontakte DAG p\u00e5 f\u00f8lgende <a href=\"https:\/\/www.dumontaviation.com\/jet-card.html\" target=\"_blank\" rel=\"noopener\">link<\/a> for yderligere oplysninger om br\u00e6ndstofgebyret eller for at ans\u00f8ge om et Santos Jet Card.<\/p>\r\n\r\n\r\n\r\n<h2 class=\"wp-block-heading\"><span class=\"ez-toc-section\" id=\"The_Fleet\"><\/span>Fl\u00e5den&nbsp;<span class=\"ez-toc-section-end\"><\/span><\/h2>\r\n\r\n\r\n\r\n<figure class=\"wp-block-image size-full is-style-default\"><img loading=\"lazy\" decoding=\"async\" width=\"1000\" height=\"500\" src=\"https:\/\/comparemyjet.com\/wp-content\/uploads\/2022\/07\/privatejetflyingwithspeed.jpg\" alt=\"\" class=\"wp-image-3112\" srcset=\"https:\/\/comparemyjet.com\/wp-content\/uploads\/2022\/07\/privatejetflyingwithspeed-18x9.jpg 18w, https:\/\/comparemyjet.com\/wp-content\/uploads\/2022\/07\/privatejetflyingwithspeed-300x150.jpg 300w, https:\/\/comparemyjet.com\/wp-content\/uploads\/2022\/07\/privatejetflyingwithspeed-768x384.jpg 768w, https:\/\/comparemyjet.com\/wp-content\/uploads\/2022\/07\/privatejetflyingwithspeed.jpg 1000w\" sizes=\"auto, (max-width: 1000px) 100vw, 1000px\" \/><\/figure>\r\n\r\n\r\n\r\n<p>Alle tredjepartsflyvninger flyves af FAR Part 135 direct air carriers, der er godkendt til at betjene Dumont JETS' kunder og opfylder alle FAA's sikkerhedskrav. Deres eksperter vil identificere det ideelle fly til at opfylde dine rejsebehov.&nbsp;<\/p>\r\n\r\n\r\n\r\n<p>Lad os udforske deres flyfl\u00e5de og se, hvad de har at byde p\u00e5.<\/p>\r\n\r\n\r\n\r\n<h3 class=\"wp-block-heading\"><span class=\"ez-toc-section\" id=\"1_Super-Midsize_Private_Jets\"><\/span>1. Super-mellemstore private jetfly&nbsp;<span class=\"ez-toc-section-end\"><\/span><\/h3>\r\n\r\n\r\n\r\n<p>Super mid-size jetfly kombinerer effektiviteten og r\u00e6kkevidden af et mid-size jetfly med komforten af et tungt jetfly. Super mid-size jetfly har fuldt udstyrede kabysser, badev\u00e6relser og sammenklappelige arbejdsborde.<\/p>\r\n\r\n\r\n\r\n<h4 class=\"wp-block-heading\"><span class=\"ez-toc-section\" id=\"Our_Recommendation_Falcon_50\"><\/span>Vores anbefaling: Falcon 50<span class=\"ez-toc-section-end\"><\/span><\/h4>\r\n\r\n\r\n\r\n<p>Dassault Aviation fremstiller Falcon 50, et medlem af den super-mellemstore flyklasse.   Den f\u00f8rste Falcon 50 blev leveret i 1980, og produktionen sluttede i 1996 med introduktionen af Falcon 50EX.<\/p>\r\n\r\n\r\n\r\n<p>Specifikationer og faciliteter:<\/p>\r\n\r\n\r\n\r\n<ul class=\"wp-block-list\"><li>Passagerer: 8;<\/li><li>Kabineh\u00f8jde: 5 fod 9 tommer;<\/li><li>Kabinebredde: 6 ft 1 in;<\/li><li>Kabinel\u00e6ngde: 22 fod 11 tommer;<\/li><li>Indvendig bagageplads: 25 cu ft;<\/li><li>Maksimal flyvehastighed: 480 km\/t;<\/li><li>Maksimal flyver\u00e6kkevidde: 3200 nm;<\/li><li>Et toilet;<\/li><li>En kabys;<\/li><li>Renoveret i 2016;<\/li><li>Wi-Fi til r\u00e5dighed.<\/li><\/ul>\r\n\r\n\r\n\r\n<p>Dumont Aviation Group tilbyder en <em>Falcon 50<\/em> som en del af deres fl\u00e5de af super-mellemstore fly.<\/p>\r\n\r\n\r\n\r\n<h3 class=\"wp-block-heading\"><span class=\"ez-toc-section\" id=\"2_Heavy_Private_Jets\"><\/span>2. Tunge private jetfly<span class=\"ez-toc-section-end\"><\/span><\/h3>\r\n\r\n\r\n\r\n<p>Med en r\u00e6kkevidde p\u00e5 n\u00e6sten 4.000 miles uden optankning leverer de tunge jetfly det h\u00f8jeste serviceniveau. De kan komfortabelt transportere op til femten passagerer og er udstyret med avancerede faciliteter og underholdningssystemer. De kommer med en dedikeret flybes\u00e6tning og er mest modstandsdygtige over for turbulens p\u00e5 grund af deres st\u00f8rrelse.<\/p>\r\n\r\n\r\n\r\n<h4 class=\"wp-block-heading\"><span class=\"ez-toc-section\" id=\"Our_Recommendation_The_Gulfstream_V\"><\/span>Vores anbefaling: Gulfstream V&nbsp;<span class=\"ez-toc-section-end\"><\/span><\/h4>\r\n\r\n\r\n\r\n<p>Med en r\u00e6kkevidde p\u00e5 n\u00e6sten 6.000 miles var GV det forretningsfly med den l\u00e6ngste r\u00e6kkevidde, der fandtes, da det blev lanceret i 1997. Det er stadig et popul\u00e6rt valg i dag.<\/p>\r\n\r\n\r\n\r\n<p>Det mest almindelige s\u00e6delayout har plads til 14 passagerer. Et komplet tek\u00f8kken, toilet, stikkontakter, udfoldelige skriveborde, satellit-tv og underholdningssystemer er blandt kabinens faciliteter.&nbsp;<\/p>\r\n\r\n\r\n\r\n<p>Specifikationer:<\/p>\r\n\r\n\r\n\r\n<ul class=\"wp-block-list\"><li>Passagerer: 14;<\/li><li>Kabineh\u00f8jde: 6 fod;<\/li><li>Kabinebredde: 7 fod 3 tommer;<\/li><li>Kabinel\u00e6ngde: 50 fod 10 tommer;<\/li><li>Indvendig bagageplads: 226 cu ft;<\/li><li>Max hastighed: 508 kts;<\/li><li>Maksimal r\u00e6kkevidde: 6675 nm;<\/li><li>Et toilet;<\/li><li>En fuld kabys;<\/li><li>Wi-Fi til r\u00e5dighed;&nbsp;<\/li><li>Ovn og mikrob\u00f8lgeovn;<\/li><li>Opladningsudtag.<\/li><\/ul>\r\n\r\n\r\n\r\n<p>Dumont Aviation Group tilbyder et par <em>Gulfstream <\/em>jetfly som en del af deres fl\u00e5de af tunge fly, samt to <em>Falcon 2000.<\/em> Du kan se dem p\u00e5 deres <a href=\"https:\/\/www.dumontaviation.com\/charter.html\" target=\"_blank\" rel=\"noopener\">hjemmeside<\/a>.<\/p>\r\n\r\n\r\n\r\n<h2 class=\"wp-block-heading\"><span class=\"ez-toc-section\" id=\"Company_Safety_Policy_and_Standards\"><\/span>Virksomhedens sikkerhedspolitik og -standarder<span class=\"ez-toc-section-end\"><\/span><\/h2>\r\n\r\n\r\n\r\n<figure class=\"wp-block-image size-full is-style-default\"><img loading=\"lazy\" decoding=\"async\" width=\"1000\" height=\"665\" src=\"https:\/\/comparemyjet.com\/wp-content\/uploads\/2022\/07\/privatejetinterior.jpg\" alt=\"\" class=\"wp-image-3113\" srcset=\"https:\/\/comparemyjet.com\/wp-content\/uploads\/2022\/07\/privatejetinterior-18x12.jpg 18w, https:\/\/comparemyjet.com\/wp-content\/uploads\/2022\/07\/privatejetinterior-300x200.jpg 300w, https:\/\/comparemyjet.com\/wp-content\/uploads\/2022\/07\/privatejetinterior-768x511.jpg 768w, https:\/\/comparemyjet.com\/wp-content\/uploads\/2022\/07\/privatejetinterior.jpg 1000w\" sizes=\"auto, (max-width: 1000px) 100vw, 1000px\" \/><\/figure>\r\n\r\n\r\n\r\n<p>Dumont Aviation Group er et certificeret og veletableret luftfartsselskab med f\u00f8lgende akkrediteringer:<\/p>\r\n\r\n\r\n\r\n<ul class=\"wp-block-list\"><li>Dumont Air Carrier Certificate;<\/li><li>Wingman Operator Certificate;<\/li><li>IS-BAO-certifikat;<\/li><li>ARGUS Platinum-certifikat.<\/li><\/ul>\r\n\r\n\r\n\r\n<h2 class=\"wp-block-heading\"><span class=\"ez-toc-section\" id=\"Conclusion\"><\/span>Konklusion<span class=\"ez-toc-section-end\"><\/span><\/h2>\r\n\r\n\r\n\r\n<p>Dumont Aviation Group h\u00e5ndterer alle aspekter af din rejse for at hj\u00e6lpe dig med at komme sikkert frem til din destination og sikre, at du f\u00e5r en behagelig flyvetur undervejs.&nbsp;<\/p>\r\n\r\n\r\n\r\n<p>De er en etableret virksomhed i luftfartsindustrien, der specialiserer sig i charter, salg og vedligeholdelse af fly samt management og salg af reservedele.<\/p>\r\n\r\n\r\n\r\n<p><\/p>","protected":false},"excerpt":{"rendered":"<p>Dumont Aviation Group er en etableret leder inden for executive- og corporate jetfly. Deres luftfartsprofessionelle har erfaring med flyk\u00f8b, flyleasing, jetstyring, vedligeholdelse af fly og salg af flyudstyr. Lad os udforske deres tjenester og se, hvad Dumont Aviation handler om. Virksomhedens historie Dumont Group er et privatejet luftfartsselskab, der blev ...<\/p>","protected":false},"author":2,"featured_media":3109,"parent":0,"menu_order":0,"comment_status":"closed","ping_status":"closed","template":"","meta":{"_acf_changed":false,"_genesis_hide_title":false,"_genesis_hide_breadcrumbs":false,"_genesis_hide_singular_image":false,"_genesis_hide_footer_widgets":false,"_genesis_custom_body_class":"","_genesis_custom_post_class":"","_genesis_layout":"","footnotes":""},"class_list":{"1":"page","2":"type-page","6":"entry"},"acf":[],"_links":{"self":[{"href":"https:\/\/comparemyjet.com\/da\/wp-json\/wp\/v2\/pages\/3108","targetHints":{"allow":["GET"]}}],"collection":[{"href":"https:\/\/comparemyjet.com\/da\/wp-json\/wp\/v2\/pages"}],"about":[{"href":"https:\/\/comparemyjet.com\/da\/wp-json\/wp\/v2\/types\/page"}],"author":[{"embeddable":true,"href":"https:\/\/comparemyjet.com\/da\/wp-json\/wp\/v2\/users\/2"}],"replies":[{"embeddable":true,"href":"https:\/\/comparemyjet.com\/da\/wp-json\/wp\/v2\/comments?post=3108"}],"version-history":[{"count":2,"href":"https:\/\/comparemyjet.com\/da\/wp-json\/wp\/v2\/pages\/3108\/revisions"}],"predecessor-version":[{"id":3457,"href":"https:\/\/comparemyjet.com\/da\/wp-json\/wp\/v2\/pages\/3108\/revisions\/3457"}],"wp:featuredmedia":[{"embeddable":true,"href":"https:\/\/comparemyjet.com\/da\/wp-json\/wp\/v2\/media\/3109"}],"wp:attachment":[{"href":"https:\/\/comparemyjet.com\/da\/wp-json\/wp\/v2\/media?parent=3108"}],"curies":[{"name":"wp","href":"https:\/\/api.w.org\/{rel}","templated":true}]}}