{"id":3136,"date":"2022-07-23T00:30:13","date_gmt":"2022-07-23T00:30:13","guid":{"rendered":"https:\/\/comparemyjet.com\/?page_id=3136"},"modified":"2025-09-04T09:58:18","modified_gmt":"2025-09-04T09:58:18","slug":"exec-1-aviation","status":"publish","type":"page","link":"https:\/\/comparemyjet.com\/da\/exec-1-aviation\/","title":{"rendered":"Exec 1 Aviation Flypriser"},"content":{"rendered":"<p>Hver rejse, du tager med Exec 1 Aviation, uanset om det er forretning eller forn\u00f8jelse, er designet til at passe til dine behov og pr\u00e6ferencer, takket v\u00e6re deres flyveoperationer og kundeoplevelsesteams. Hvis du er i tvivl om, hvad du pr\u00e6cist har brug for, hj\u00e6lper de dig med r\u00e5dgivning og muligheder under flyvningen. Lad os se, hvad Exec 1 Aviation ellers har at tilbyde.&nbsp;<\/p>\r\n\r\n\r\n\r\n<div id=\"ez-toc-container\" class=\"ez-toc-v2_0_76 counter-hierarchy ez-toc-counter ez-toc-grey ez-toc-container-direction\">\n<p class=\"ez-toc-title\" style=\"cursor:inherit\">Emner<\/p>\n<label for=\"ez-toc-cssicon-toggle-item-69f4b7d7f40d3\" class=\"ez-toc-cssicon-toggle-label\"><span class=\"\"><span class=\"eztoc-hide\" style=\"display:none;\">Toggle<\/span><span class=\"ez-toc-icon-toggle-span\"><svg style=\"fill: #999;color:#999\" xmlns=\"http:\/\/www.w3.org\/2000\/svg\" class=\"list-377408\" width=\"20px\" height=\"20px\" viewbox=\"0 0 24 24\" fill=\"none\"><path d=\"M6 6H4v2h2V6zm14 0H8v2h12V6zM4 11h2v2H4v-2zm16 0H8v2h12v-2zM4 16h2v2H4v-2zm16 0H8v2h12v-2z\" fill=\"currentColor\"><\/path><\/svg><svg style=\"fill: #999;color:#999\" class=\"arrow-unsorted-368013\" xmlns=\"http:\/\/www.w3.org\/2000\/svg\" width=\"10px\" height=\"10px\" viewbox=\"0 0 24 24\" version=\"1.2\" baseprofile=\"tiny\"><path d=\"M18.2 9.3l-6.2-6.3-6.2 6.3c-.2.2-.3.4-.3.7s.1.5.3.7c.2.2.4.3.7.3h11c.3 0 .5-.1.7-.3.2-.2.3-.5.3-.7s-.1-.5-.3-.7zM5.8 14.7l6.2 6.3 6.2-6.3c.2-.2.3-.5.3-.7s-.1-.5-.3-.7c-.2-.2-.4-.3-.7-.3h-11c-.3 0-.5.1-.7.3-.2.2-.3.5-.3.7s.1.5.3.7z\"\/><\/svg><\/span><\/span><\/label><input type=\"checkbox\"  id=\"ez-toc-cssicon-toggle-item-69f4b7d7f40d3\" checked aria-label=\"Toggle\" \/><nav><ul class='ez-toc-list ez-toc-list-level-1' ><li class='ez-toc-page-1 ez-toc-heading-level-2'><a class=\"ez-toc-link ez-toc-heading-1\" href=\"https:\/\/comparemyjet.com\/da\/exec-1-aviation\/#Company_History\" >Virksomhedens historie<\/a><\/li><li class='ez-toc-page-1 ez-toc-heading-level-2'><a class=\"ez-toc-link ez-toc-heading-2\" href=\"https:\/\/comparemyjet.com\/da\/exec-1-aviation\/#Jet_Card_Program\" >Jet Card-program<\/a><\/li><li class='ez-toc-page-1 ez-toc-heading-level-2'><a class=\"ez-toc-link ez-toc-heading-3\" href=\"https:\/\/comparemyjet.com\/da\/exec-1-aviation\/#On-Demand_Charter\" >Charter p\u00e5 bestilling<\/a><\/li><li class='ez-toc-page-1 ez-toc-heading-level-2'><a class=\"ez-toc-link ez-toc-heading-4\" href=\"https:\/\/comparemyjet.com\/da\/exec-1-aviation\/#The_Fleet\" >Fl\u00e5den&nbsp;<\/a><ul class='ez-toc-list-level-3' ><li class='ez-toc-heading-level-3'><a class=\"ez-toc-link ez-toc-heading-5\" href=\"https:\/\/comparemyjet.com\/da\/exec-1-aviation\/#1_Light_Private_Jets\" >1. Lette private jetfly<\/a><ul class='ez-toc-list-level-4' ><li class='ez-toc-heading-level-4'><a class=\"ez-toc-link ez-toc-heading-6\" href=\"https:\/\/comparemyjet.com\/da\/exec-1-aviation\/#Our_Recommendation_Learjet_40\" >Vores anbefaling: Learjet 40<\/a><\/li><\/ul><\/li><li class='ez-toc-page-1 ez-toc-heading-level-3'><a class=\"ez-toc-link ez-toc-heading-7\" href=\"https:\/\/comparemyjet.com\/da\/exec-1-aviation\/#2_Midsize_Private_Jets\" >2. Mellemstore private jetfly<\/a><ul class='ez-toc-list-level-4' ><li class='ez-toc-heading-level-4'><a class=\"ez-toc-link ez-toc-heading-8\" href=\"https:\/\/comparemyjet.com\/da\/exec-1-aviation\/#Our_Recommendation_Gulfstream_G150\" >Vores anbefaling: Gulfstream G150<\/a><\/li><\/ul><\/li><li class='ez-toc-page-1 ez-toc-heading-level-3'><a class=\"ez-toc-link ez-toc-heading-9\" href=\"https:\/\/comparemyjet.com\/da\/exec-1-aviation\/#3_Super-Midsize_Private_Jets\" >3. Super-mellemstore private jetfly&nbsp;<\/a><ul class='ez-toc-list-level-4' ><li class='ez-toc-heading-level-4'><a class=\"ez-toc-link ez-toc-heading-10\" href=\"https:\/\/comparemyjet.com\/da\/exec-1-aviation\/#Our_Recommendation_The_Bombardier_Challenger_300\" >Vores anbefaling: Bombardier Challenger 300<\/a><\/li><\/ul><\/li><li class='ez-toc-page-1 ez-toc-heading-level-3'><a class=\"ez-toc-link ez-toc-heading-11\" href=\"https:\/\/comparemyjet.com\/da\/exec-1-aviation\/#4_Large_Private_Jets\" >4. Store private jetfly<\/a><ul class='ez-toc-list-level-4' ><li class='ez-toc-heading-level-4'><a class=\"ez-toc-link ez-toc-heading-12\" href=\"https:\/\/comparemyjet.com\/da\/exec-1-aviation\/#Our_Recommendation_The_Embraer_Legacy_650E\" >Vores anbefaling: Embraer Legacy 650E<\/a><\/li><\/ul><\/li><\/ul><\/li><li class='ez-toc-page-1 ez-toc-heading-level-2'><a class=\"ez-toc-link ez-toc-heading-13\" href=\"https:\/\/comparemyjet.com\/da\/exec-1-aviation\/#Company_Safety_Policy_and_Standards\" >Virksomhedens sikkerhedspolitik og -standarder<\/a><\/li><li class='ez-toc-page-1 ez-toc-heading-level-2'><a class=\"ez-toc-link ez-toc-heading-14\" href=\"https:\/\/comparemyjet.com\/da\/exec-1-aviation\/#Pilots\" >Piloter<\/a><\/li><li class='ez-toc-page-1 ez-toc-heading-level-2'><a class=\"ez-toc-link ez-toc-heading-15\" href=\"https:\/\/comparemyjet.com\/da\/exec-1-aviation\/#FBO_Services\" >FBO-tjenester&nbsp;<\/a><\/li><li class='ez-toc-page-1 ez-toc-heading-level-2'><a class=\"ez-toc-link ez-toc-heading-16\" href=\"https:\/\/comparemyjet.com\/da\/exec-1-aviation\/#Additional_Services\" >Yderligere tjenester<\/a><\/li><li class='ez-toc-page-1 ez-toc-heading-level-2'><a class=\"ez-toc-link ez-toc-heading-17\" href=\"https:\/\/comparemyjet.com\/da\/exec-1-aviation\/#Conclusion\" >Konklusion<\/a><\/li><\/ul><\/nav><\/div>\n<h2 class=\"wp-block-heading\"><span class=\"ez-toc-section\" id=\"Company_History\"><\/span>Virksomhedens historie<span class=\"ez-toc-section-end\"><\/span><\/h2>\r\n\r\n\r\n\r\n<p>Exec 1 Aviation (tidligere etableret som DashJet) er en Iowa-baseret flycharteroperat\u00f8r med JR Boesen som selskabets CEO.&nbsp;<\/p>\r\n\r\n\r\n\r\n<p>Virksomheden blev grundlagt i 2009 med en fl\u00e5de af renoverede Hawker 400XP'ere. Nu tilbyder de faste priser og et jetcard-medlemskab til hyppigt rejsende. De har ogs\u00e5 en fl\u00e5de af Beechjet 400-fly og k\u00f8ber andre fly fra forskellige operat\u00f8rer.<\/p>\r\n\r\n\r\n\r\n<p>Mere hyppige rejsende kan blive medlemmer af et entry-level program, der starter ved 25 timer, eller pr\u00f8ve det med et 10-timers introduktions-jetkort, som vi vil uddybe yderligere nedenfor.<\/p>\r\n\r\n\r\n\r\n<h2 class=\"wp-block-heading\"><span class=\"ez-toc-section\" id=\"Jet_Card_Program\"><\/span>Jet Card-program<span class=\"ez-toc-section-end\"><\/span><\/h2>\r\n\r\n\r\n\r\n<p>Exec 1 Aviation Jet-kortet er designet til almindelige rejsende, der kan deltage i et startprogram, der begynder ved 25 timer, eller teste det med et 10-timers pr\u00f8vejetkort. Der er ingen skjulte omkostninger eller overraskelser med dette jetkortprogram. Du f\u00e5r faste timepriser og en flyvning, der er skr\u00e6ddersyet til dine pr\u00e6ferencer, fra din foretrukne flykabine til inflight services og faciliteter.<\/p>\r\n\r\n\r\n\r\n<p>Medlemmer nyder godt af fordele som f.eks. invitationer til de billige Empty Flights.<\/p>\r\n\r\n\r\n\r\n<p>Den gennemsnitlige investering, du skal foretage for at blive kortholder, er mellem $60.000 og $100.000, og bel\u00f8bet vil blive brugt som depositum til at d\u00e6kke de timer, du flyver.<\/p>\r\n\r\n\r\n\r\n<p>Der er ingen garanti for tilg\u00e6ngelighed, men timeprisen er fast, og jetkortmedlemmer kan f\u00e5 adgang til flere fly samtidig. Der er ingen medlems- eller startomkostninger ud over depositummet.<\/p>\r\n\r\n\r\n\r\n<p>Kontakt dem p\u00e5 f\u00f8lgende <a href=\"https:\/\/exec1aviation.com\/fly\/card\/\" target=\"_blank\" rel=\"noopener\">link<\/a> for at f\u00e5 et personligt jetkort-tilbud og prisoplysninger.<\/p>\r\n\r\n\r\n\r\n<h2 class=\"wp-block-heading\"><span class=\"ez-toc-section\" id=\"On-Demand_Charter\"><\/span>Charter p\u00e5 bestilling<span class=\"ez-toc-section-end\"><\/span><\/h2>\r\n\r\n\r\n\r\n<p>Fordelene ved at chartre med Exec 1 Aviation omfatter catering, landtransport og service og faciliteter om bord.&nbsp;<\/p>\r\n\r\n\r\n\r\n<p>Du kan f\u00e5 det fly, du har brug for, med 6 timers varsel under ideelle omst\u00e6ndigheder. At booke et charter er s\u00e5 enkelt, som det kan v\u00e6re; du skal bare informere deres team om, hvorn\u00e5r og hvor du skal hen, og s\u00e5 tager de sig af resten.&nbsp;<\/p>\r\n\r\n\r\n\r\n<p>Flyveoperationsteamet er tilg\u00e6ngeligt 24 timer i d\u00f8gnet, syv dage om ugen. Hvis dine planer \u00e6ndrer sig, s\u00e5 giv dem besked, s\u00e5 kan de hj\u00e6lpe dig med at lave din rejseplan.<\/p>\r\n\r\n\r\n\r\n<h2 class=\"wp-block-heading\"><span class=\"ez-toc-section\" id=\"The_Fleet\"><\/span>Fl\u00e5den&nbsp;<span class=\"ez-toc-section-end\"><\/span><\/h2>\r\n\r\n\r\n\r\n<figure class=\"wp-block-image size-full is-style-default\"><img loading=\"lazy\" decoding=\"async\" width=\"1000\" height=\"667\" src=\"https:\/\/comparemyjet.com\/wp-content\/uploads\/2022\/07\/white.private.jet_.upclose.jpg\" alt=\"Vinge,Af,Fly,Med,Vinduer,P\u00e5,Landingsbane,Forberedelse,Til,Take\" class=\"wp-image-3098\" srcset=\"https:\/\/comparemyjet.com\/wp-content\/uploads\/2022\/07\/white.private.jet_.upclose-18x12.jpg 18w, https:\/\/comparemyjet.com\/wp-content\/uploads\/2022\/07\/white.private.jet_.upclose-300x200.jpg 300w, https:\/\/comparemyjet.com\/wp-content\/uploads\/2022\/07\/white.private.jet_.upclose-768x512.jpg 768w, https:\/\/comparemyjet.com\/wp-content\/uploads\/2022\/07\/white.private.jet_.upclose.jpg 1000w\" sizes=\"auto, (max-width: 1000px) 100vw, 1000px\" \/><\/figure>\r\n\r\n\r\n\r\n<p>Exec 1 Aviation giver dig adgang til en bred vifte af fly, fra lette jetfly til passagerfly. Uanset hvilken type fly, du \u00f8nsker, kan flyveoperationsteamet sikre dig det fly, du har brug for.<\/p>\r\n\r\n\r\n\r\n<h3 class=\"wp-block-heading\"><span class=\"ez-toc-section\" id=\"1_Light_Private_Jets\"><\/span>1. Lette private jetfly<span class=\"ez-toc-section-end\"><\/span><\/h3>\r\n\r\n\r\n\r\n<p>Hvis du har brug for at rejse til en n\u00e6rliggende by, er det en klog beslutning at lease et let jetfly. Selv om de fleste lette fly ikke har en stewardesse, kan de rumme op til otte personer, og de fleste har et toilet om bord. P\u00e5 trods af deres lille st\u00f8rrelse har light jets en r\u00e6kkevidde p\u00e5 over 1.400 miles, og de kan flyve hurtigere end 500 mph.<\/p>\r\n\r\n\r\n\r\n<h4 class=\"wp-block-heading\"><span class=\"ez-toc-section\" id=\"Our_Recommendation_Learjet_40\"><\/span>Vores anbefaling: Learjet 40<span class=\"ez-toc-section-end\"><\/span><\/h4>\r\n\r\n\r\n\r\n<p>Den <a href=\"https:\/\/comparemyjet.com\/da\/learjet\/\" data-internallinksmanager029f6b8e52c=\"149\" title=\"Ultimativ guide til Learjet privatfly og flyvemaskiner\">Learjet<\/a> 40 er et lille forretningsfly produceret af <a href=\"https:\/\/comparemyjet.com\/da\/bombardier\/\" data-internallinksmanager029f6b8e52c=\"159\" title=\"Den ultimative guide til Bombardiers private jetfly og fly\">Bombardier<\/a> Learjet. Den debuterede i januar 2004 som afl\u00f8ser for Learjet 45. Selvom den har samme generelle design som Learjet 45, er kroppen to fod smallere, og benzintanken er 100 gallons lettere. Desuden er interi\u00f8ret st\u00f8rre end konkurrenternes med en kabineplads p\u00e5 mere end 350 kubikfod. Learjet 40 blev produceret indtil 2009.<\/p>\r\n\r\n\r\n\r\n<p>Specifikationer:<\/p>\r\n\r\n\r\n\r\n<ul class=\"wp-block-list\"><li>Passagerer: 7;<\/li><li>Kabineh\u00f8jde: 4 fod 11 tommer;<\/li><li>Kabinel\u00e6ngde: 17 fod 8 tommer;<\/li><li>Kabinebredde: 5 ft 1 in;<\/li><li>Ekstern bagage: 50 kubikfod;<\/li><li>Indvendig bagage: 15 kubikfod;<\/li><li>Maksimal r\u00e6kkevidde: 1707 nm;<\/li><li>Max hastighed: 465 kts;<\/li><li>Bes\u00e6tning: 2<\/li><\/ul>\r\n\r\n\r\n\r\n<p>Exec 1 Aviation tilbyder f\u00f8lgende lette jetfly som en del af deres fl\u00e5de: <em>Premier 1 Series, Phenom 300, Nextant 400XTi, Learjet 31A, Beechjet 400A, <a href=\"https:\/\/comparemyjet.com\/da\/cessna\/\" data-internallinksmanager029f6b8e52c=\"145\" title=\"Ultimativ guide til Cessnas private jetfly og flyvemaskiner\">Cessna<\/a> Citation CJ3<\/em>, og <em>CJ2<\/em>.<\/p>\r\n\r\n\r\n\r\n<h3 class=\"wp-block-heading\"><span class=\"ez-toc-section\" id=\"2_Midsize_Private_Jets\"><\/span>2. Mellemstore private jetfly<span class=\"ez-toc-section-end\"><\/span><\/h3>\r\n\r\n\r\n\r\n<p>Hvis et lille fly ikke kan f\u00e5 dig langt nok eller ikke er stort nok til at opfylde dine behov, vil et mellemstort jetfly sandsynligvis v\u00e6re i stand til at rumme dig. Mellemstore jetfly balancerer luksus og effektivitet, giver en lang r\u00e6kkevidde og bedre ydeevne, hvilket g\u00f8r dem fremragende til b\u00e5de korte og lange ture. Midsize-jetfly giver st\u00f8rre komfort og flere faciliteter, herunder et stort bagagerum, udfoldelige divaner og et toilet, alt sammen i en kabine, hvor der er plads nok til at st\u00e5 op.<\/p>\r\n\r\n\r\n\r\n<h4 class=\"wp-block-heading\"><span class=\"ez-toc-section\" id=\"Our_Recommendation_Gulfstream_G150\"><\/span>Vores anbefaling: Gulfstream G150<span class=\"ez-toc-section-end\"><\/span><\/h4>\r\n\r\n\r\n\r\n<p>Den <a href=\"https:\/\/comparemyjet.com\/da\/gulfstream\/\" data-internallinksmanager029f6b8e52c=\"175\" title=\"Den ultimative guide til Gulfstream privatfly og -flyvemaskiner\">Gulfstream<\/a> G150 blev bygget af Israel Aircraft Industries i 2005 og blev hurtigt et popul\u00e6rt valg. G150 tilbyder den bedste v\u00e6rdi i sin klasse med en lang r\u00e6kkevidde, hurtig hastighed og en kraftfuld avionikpakke. Gulfstream G150 er en af de hurtigste mellemstore business jets.&nbsp;<\/p>\r\n\r\n\r\n\r\n<p>Specifikationer:<\/p>\r\n\r\n\r\n\r\n<ul class=\"wp-block-list\"><li>Passagerer: 7<\/li><li>Udvendig h\u00f8jde: 19 ft 1 in;<\/li><li>L\u00e6ngde: 56 fod 9 tommer;<\/li><li>Udvendig bagage: 55 kubikfod;<\/li><li>Indvendig bagage: 25 kubikfod;<\/li><li>Max hastighed: 470 kts;<\/li><li>Maksimal r\u00e6kkevidde: 3130 nm;<\/li><li>Bes\u00e6tning: 2<\/li><\/ul>\r\n\r\n\r\n\r\n<p>Exec 1 Aviation tilbyder f\u00f8lgende mellemstore jetfly som en del af deres fl\u00e5de:<em> Learjet 45-serien, Learjet 60-serien, Hawker 800\/850\/900 XP, Citation XLS-serien, CJ4, <\/em>og<em> Citation Excel<\/em>.&nbsp;<\/p>\r\n\r\n\r\n\r\n<h3 class=\"wp-block-heading\"><span class=\"ez-toc-section\" id=\"3_Super-Midsize_Private_Jets\"><\/span>3. Super-mellemstore private jetfly&nbsp;<span class=\"ez-toc-section-end\"><\/span><\/h3>\r\n\r\n\r\n\r\n<p>Super-mid-size fly overg\u00e5r de fleste almindelige mellemstore jetfly med hensyn til r\u00e6kkevidde, st\u00f8rrelse og ekstra bekvemmeligheder, samtidig med at de giver v\u00e6rdi for pengene. Wi-Fi ombord, en rummelig kabine og opgraderede instrumenter er en del af opgraderingen fra et typisk mellemstort fly, hvilket resulterer i en j\u00e6vnere og mere behagelig rejse.<\/p>\r\n\r\n\r\n\r\n<h4 class=\"wp-block-heading\"><span class=\"ez-toc-section\" id=\"Our_Recommendation_The_Bombardier_Challenger_300\"><\/span>Vores anbefaling: Bombardier Challenger 300<span class=\"ez-toc-section-end\"><\/span><\/h4>\r\n\r\n\r\n\r\n<p>Bombardier Aerospace designede forretningsflyet Challenger 300 og producerede det indtil 2014. Interi\u00f8ret er omkring 40% mere rummeligt end sammenlignelige mellemstore forretningsfly.<\/p>\r\n\r\n\r\n\r\n<p>Specifikationer:&nbsp;<\/p>\r\n\r\n\r\n\r\n<ul class=\"wp-block-list\"><li>Passagerer: 8-16;<\/li><li>Kabinel\u00e6ngde: 28 fod 7 tommer;<\/li><li>Kabineh\u00f8jde: 6 ft 1 in;<\/li><li>Kabinebredde: 7 ft 2 in;<\/li><li>Indvendig bagage: 106 kubikfod;<\/li><li>Max hastighed: 476 kts;<\/li><li>Maksimal r\u00e6kkevidde: 3340 nm;<\/li><li>Bes\u00e6tning: 2.<\/li><\/ul>\r\n\r\n\r\n\r\n<p>Exec 1 Aviation tilbyder f\u00f8lgende super-midsize jetfly som en del af deres fl\u00e5de: <em>Hawker 4000, Hawker 1000, Gulfstream 200, Falcon 50EX, Falcon 2000-serien, Citation X <\/em>og <em>Citation Sovereign<\/em>.<\/p>\r\n\r\n\r\n\r\n<h3 class=\"wp-block-heading\"><span class=\"ez-toc-section\" id=\"4_Large_Private_Jets\"><\/span>4. Store private jetfly<span class=\"ez-toc-section-end\"><\/span><\/h3>\r\n\r\n\r\n\r\n<p>De tunge jetfly er overd\u00e5dige fly med masser af plads til komfortabelt at rumme rejsende og ekstra bagage. Store, behagelige s\u00e6der, private badev\u00e6relser, madrasser, de bedste underholdningsmuligheder, telefon, Wi-Fi og et fuldt udstyret k\u00f8kken er standard i heavy jets. Du vil ogs\u00e5 have en eller to stewardesser til at hj\u00e6lpe med catering og andre tjenester.&nbsp;<\/p>\r\n\r\n\r\n\r\n<h4 class=\"wp-block-heading\"><span class=\"ez-toc-section\" id=\"Our_Recommendation_The_Embraer_Legacy_650E\"><\/span>Vores anbefaling: Embraer Legacy 650E<span class=\"ez-toc-section-end\"><\/span><\/h4>\r\n\r\n\r\n\r\n<p>Den <a href=\"https:\/\/comparemyjet.com\/da\/embraer\/\" data-internallinksmanager029f6b8e52c=\"151\" title=\"Den ultimative guide til Embraers private jetfly og fly\">Embraer<\/a> Legacy 650E har den st\u00f8rste kabine i sin klasse med komfortable siddepladser til 14 passagerer, tre kabinezoner, internetadgang og international telefonservice. Den fredelige kabine giver dig mulighed for at arbejde, spise eller slappe af i perfekt komfort. Faciliteterne omfatter en rummelig kabys, toilet og masser af bagageopbevaring. Embraer Legacy 650E har ogs\u00e5 l\u00e6ders\u00e6der og lav kabinest\u00f8j.<\/p>\r\n\r\n\r\n\r\n<p>Specifikationer:<\/p>\r\n\r\n\r\n\r\n<ul class=\"wp-block-list\"><li>Passagerer: 14;<\/li><li>Kabinebredde: 6 fod 11 tommer;<\/li><li>Kabineh\u00f8jde: 6 fod;<\/li><li>Flyets l\u00e6ngde: 86 ft 5 in;<\/li><li>Maks. marchhastighed: 460 ktas;<\/li><li>Indvendig bagage: 286 kubikfod;<\/li><li>Bes\u00e6tning: 2.<\/li><\/ul>\r\n\r\n\r\n\r\n<p>Exec 1 Aviation tilbyder f\u00f8lgende store jetfly som en del af deres fl\u00e5de: <em>Gulfstream V, Gulfstream IV, Gulfstream 500-serien, Bombardier Global 5000\/6000, Falcon 900-serien, Embraer Legacy 500, Challenger 605, <\/em>og<em> Challenger 604<\/em>.&nbsp;<\/p>\r\n\r\n\r\n\r\n<h2 class=\"wp-block-heading\"><span class=\"ez-toc-section\" id=\"Company_Safety_Policy_and_Standards\"><\/span>Virksomhedens sikkerhedspolitik og -standarder<span class=\"ez-toc-section-end\"><\/span><\/h2>\r\n\r\n\r\n\r\n<figure class=\"wp-block-image size-full is-style-default\"><img loading=\"lazy\" decoding=\"async\" width=\"1000\" height=\"563\" src=\"https:\/\/comparemyjet.com\/wp-content\/uploads\/2022\/06\/safety.check_.for_.a.plane_.jpg\" alt=\"\" class=\"wp-image-3014\" srcset=\"https:\/\/comparemyjet.com\/wp-content\/uploads\/2022\/06\/safety.check_.for_.a.plane_-18x10.jpg 18w, https:\/\/comparemyjet.com\/wp-content\/uploads\/2022\/06\/safety.check_.for_.a.plane_-300x169.jpg 300w, https:\/\/comparemyjet.com\/wp-content\/uploads\/2022\/06\/safety.check_.for_.a.plane_-768x432.jpg 768w, https:\/\/comparemyjet.com\/wp-content\/uploads\/2022\/06\/safety.check_.for_.a.plane_.jpg 1000w\" sizes=\"auto, (max-width: 1000px) 100vw, 1000px\" \/><\/figure>\r\n\r\n\r\n\r\n<p>For at opn\u00e5 det maksimale sikkerhedsniveau opererer alle flyvninger under deres 5-punkts sikkerhedsregler. De <a href=\"https:\/\/ibac.org\/is-bao\" target=\"_blank\" rel=\"noopener\">IS-BAO<\/a> sikkerhedsledelsessystem, som omfatter alle Exec1's fly s\u00e5vel som <a href=\"https:\/\/comparemyjet.com\/da\/what-is-a-private-jet-fixed-base-operator-fbo\/\" data-internallinksmanager029f6b8e52c=\"19\" title=\"Hvad er en fastbaseoperat\u00f8r (FBO) for privatfly?\">FBO<\/a>er det f\u00f8rste trin i processen. IS-BAO-certificeringen er den strengeste i sektoren og kr\u00e6ver to \u00e5r til at gennemf\u00f8re processen og mere end 800 evalueringer.<\/p>\r\n\r\n\r\n\r\n<p>Desuden skal alle tredjepartsoperat\u00f8rer, som Exec1Aviation bruger, have mindst \u00e9n sikkerhedsakkreditering fra <a href=\"https:\/\/www.argus.aero\/\" target=\"_blank\" rel=\"noopener\">AR\/GUS<\/a>, IS-BAO, eller <a href=\"https:\/\/www.wyvernltd.com\/\" target=\"_blank\" rel=\"noopener\">Wyvern<\/a>.&nbsp;<\/p>\r\n\r\n\r\n\r\n<p>Exec 1 Aviations Trip Operations-afdeling overv\u00e5ger alle lufthavne og FBO'er f\u00f8r og under din flyvning. Piloterne giver ogs\u00e5 information i realtid om de aktuelle driftsforhold.<\/p>\r\n\r\n\r\n\r\n<h2 class=\"wp-block-heading\"><span class=\"ez-toc-section\" id=\"Pilots\"><\/span>Piloter<span class=\"ez-toc-section-end\"><\/span><\/h2>\r\n\r\n\r\n\r\n<p>Alle piloter overskrider enten de strenge flyvetidsstandarder, der er fastsat af WYVERN, AR\/GUS, IS-BAO, eller er Exec 1 Aviation-certificerede.<\/p>\r\n\r\n\r\n\r\n<p>Exec 1 Aviation kr\u00e6ver, at alle piloter har en gyldig FAA-licens og et sundhedscertifikat. Det betyder ogs\u00e5, at vi skal holde os ajour med de nyeste tr\u00e6ningscertifikater, herunder en flyvegennemgang hvert \u00e5r og et tjek af udstyrets f\u00e6rdigheder hvert halve \u00e5r.<\/p>\r\n\r\n\r\n\r\n<p>Desuden anvender Exec 1 Aviation en streng protokol med to piloter. Forst\u00e5eligt nok har alle fly brug for en reservepilot i n\u00f8dstilf\u00e6lde, eller hvis der sker noget med kaptajnen. Sikkerhed er hovedform\u00e5let med at have to piloter til at styre et jetfly.<\/p>\r\n\r\n\r\n\r\n<h2 class=\"wp-block-heading\"><span class=\"ez-toc-section\" id=\"FBO_Services\"><\/span>FBO-tjenester&nbsp;<span class=\"ez-toc-section-end\"><\/span><\/h2>\r\n\r\n\r\n\r\n<p>En fixed base operator (FBO) er en privat lufthavnsterminal, der leverer premium services til fly og passagerer, herunder tankning og linjetjenester, lokal transport, catering, lagerplads og udlejning af rampeplads. Exec 1 FBO er den eneste lokale private terminal i Des Moines, Iowa.<\/p>\r\n\r\n\r\n\r\n<p>Denne FBO tilbyder service p\u00e5 stedet, afisning og opvarmede hangarer til stempel-, jet- og turbinefly. Her kan passagerer og bes\u00e6tningsmedlemmer bestille lejebil og catering.<\/p>\r\n\r\n\r\n\r\n<h2 class=\"wp-block-heading\"><span class=\"ez-toc-section\" id=\"Additional_Services\"><\/span>Yderligere tjenester<span class=\"ez-toc-section-end\"><\/span><\/h2>\r\n\r\n\r\n\r\n<figure class=\"wp-block-image size-full is-style-default\"><img loading=\"lazy\" decoding=\"async\" width=\"1000\" height=\"612\" src=\"https:\/\/comparemyjet.com\/wp-content\/uploads\/2022\/06\/lady.in_.red_.getting.out_.of_.a.car_.to_.board_.a.private.jet_.jpg\" alt=\"Exec 1 Luftfart\" class=\"wp-image-3009\" srcset=\"https:\/\/comparemyjet.com\/wp-content\/uploads\/2022\/06\/lady.in_.red_.getting.out_.of_.a.car_.to_.board_.a.private.jet_-18x12.jpg 18w, https:\/\/comparemyjet.com\/wp-content\/uploads\/2022\/06\/lady.in_.red_.getting.out_.of_.a.car_.to_.board_.a.private.jet_-300x184.jpg 300w, https:\/\/comparemyjet.com\/wp-content\/uploads\/2022\/06\/lady.in_.red_.getting.out_.of_.a.car_.to_.board_.a.private.jet_-768x470.jpg 768w, https:\/\/comparemyjet.com\/wp-content\/uploads\/2022\/06\/lady.in_.red_.getting.out_.of_.a.car_.to_.board_.a.private.jet_.jpg 1000w\" sizes=\"auto, (max-width: 1000px) 100vw, 1000px\" \/><\/figure>\r\n\r\n\r\n\r\n<p>Men det er ikke alt! Exec 1 Aviations im\u00f8dekommer deres kunder p\u00e5 mange andre m\u00e5der, selv efter flyvningen er slut.<\/p>\r\n\r\n\r\n\r\n<p>Du kan anmode om landtransport med et telefonopkald til din agent eller via en serviceanmodning, uanset om du leder efter noget enkelt eller en mere luksuri\u00f8s mulighed, som en limousine.<\/p>\r\n\r\n\r\n\r\n<p>Desuden kan de tilpasse din service og dine m\u00e5ltider under flyvningen til dine specifikke behov. Hvis du f.eks. flyver med dit k\u00e6ledyr, s\u00e5 fort\u00e6l dem det p\u00e5 forh\u00e5nd, s\u00e5 de kan g\u00f8re alle de n\u00f8dvendige forberedelser for at im\u00f8dekomme det.&nbsp;<\/p>\r\n\r\n\r\n\r\n<p>Exec 1 vil samarbejde med dig om at skabe en unik oplevelse, der vil efterlade et varigt indtryk. Hvis du planl\u00e6gger en overraskelse eller en fest, s\u00e5 lav en s\u00e6rlig anmodning om f\u00f8lgende <a href=\"https:\/\/exec1aviation.com\/fly\/accommodations\/\" target=\"_blank\" rel=\"noopener\">link<\/a> og virksomheden vil med gl\u00e6de hj\u00e6lpe dig.<\/p>\r\n\r\n\r\n\r\n<h2 class=\"wp-block-heading\"><span class=\"ez-toc-section\" id=\"Conclusion\"><\/span>Konklusion<span class=\"ez-toc-section-end\"><\/span><\/h2>\r\n\r\n\r\n\r\n<p>Exec 1 f\u00e5r dig hurtigt og sikkert frem til din destination. Deres jetkortprogram giver skr\u00e6ddersyet service og giver dig ret til FBO-tjenester i deres lokale lufthavn. Du kan nemt booke din n\u00e6ste flyvning med hj\u00e6lp fra deres 24\/7 tilg\u00e6ngelige team.&nbsp;<\/p>","protected":false},"excerpt":{"rendered":"<p>Hver rejse, du tager med Exec 1 Aviation, uanset om det er forretning eller forn\u00f8jelse, er designet til at passe til dine behov og pr\u00e6ferencer, takket v\u00e6re deres flyveoperationer og kundeoplevelsesteams. Hvis du er i tvivl om, hvad du pr\u00e6cis har brug for, hj\u00e6lper de dig med r\u00e5dgivning og muligheder under flyvningen. Lad os se, hvad Exec 1 Aviation ellers har ...<\/p>","protected":false},"author":2,"featured_media":3118,"parent":0,"menu_order":0,"comment_status":"closed","ping_status":"closed","template":"","meta":{"_acf_changed":false,"_genesis_hide_title":false,"_genesis_hide_breadcrumbs":false,"_genesis_hide_singular_image":false,"_genesis_hide_footer_widgets":false,"_genesis_custom_body_class":"","_genesis_custom_post_class":"","_genesis_layout":"","footnotes":""},"class_list":{"1":"page","2":"type-page","6":"entry"},"acf":[],"_links":{"self":[{"href":"https:\/\/comparemyjet.com\/da\/wp-json\/wp\/v2\/pages\/3136","targetHints":{"allow":["GET"]}}],"collection":[{"href":"https:\/\/comparemyjet.com\/da\/wp-json\/wp\/v2\/pages"}],"about":[{"href":"https:\/\/comparemyjet.com\/da\/wp-json\/wp\/v2\/types\/page"}],"author":[{"embeddable":true,"href":"https:\/\/comparemyjet.com\/da\/wp-json\/wp\/v2\/users\/2"}],"replies":[{"embeddable":true,"href":"https:\/\/comparemyjet.com\/da\/wp-json\/wp\/v2\/comments?post=3136"}],"version-history":[{"count":2,"href":"https:\/\/comparemyjet.com\/da\/wp-json\/wp\/v2\/pages\/3136\/revisions"}],"predecessor-version":[{"id":3443,"href":"https:\/\/comparemyjet.com\/da\/wp-json\/wp\/v2\/pages\/3136\/revisions\/3443"}],"wp:featuredmedia":[{"embeddable":true,"href":"https:\/\/comparemyjet.com\/da\/wp-json\/wp\/v2\/media\/3118"}],"wp:attachment":[{"href":"https:\/\/comparemyjet.com\/da\/wp-json\/wp\/v2\/media?parent=3136"}],"curies":[{"name":"wp","href":"https:\/\/api.w.org\/{rel}","templated":true}]}}