{"id":3144,"date":"2022-07-23T00:30:19","date_gmt":"2022-07-23T00:30:19","guid":{"rendered":"https:\/\/comparemyjet.com\/?page_id=3144"},"modified":"2025-09-04T09:58:20","modified_gmt":"2025-09-04T09:58:20","slug":"fly-aeolus","status":"publish","type":"page","link":"https:\/\/comparemyjet.com\/da\/fly-aeolus\/","title":{"rendered":"Fly Aeolus flypriser"},"content":{"rendered":"<p>Fly Aeolus er en belgisk <a href=\"https:\/\/comparemyjet.com\/da\/how-much-does-air-taxi-cost\/\" data-internallinksmanager029f6b8e52c=\"23\" title=\"Hvor meget koster en flytaxa?\">Lufttaxi<\/a> (privat charter), der har opereret i Europa siden 2009. Virksomheden er baseret i Antwerpen med kontorer i <a href=\"https:\/\/comparemyjet.com\/da\/private-tours\/berlin-private-tours\/\" data-internallinksmanager029f6b8e52c=\"254\" title=\"11 bedste private ture i Berlin fra $68.86\">Berlin<\/a> og Rotterdam.&nbsp;<\/p>\r\n\r\n\r\n\r\n<p>Du kan flyve fra over 1.500 lufthavne p\u00e5 tv\u00e6rs af det europ\u00e6iske kontinent i et af deres Cirrus SR-22-fly, der anses for at v\u00e6re et af de sikreste enmotorede jetfly i luftfartsindustrien. Lad os se, hvad selskabet ellers har at byde p\u00e5.<\/p>\r\n\r\n\r\n\r\n<div id=\"ez-toc-container\" class=\"ez-toc-v2_0_76 counter-hierarchy ez-toc-counter ez-toc-grey ez-toc-container-direction\">\n<p class=\"ez-toc-title\" style=\"cursor:inherit\">Emner<\/p>\n<label for=\"ez-toc-cssicon-toggle-item-69f226a322e52\" class=\"ez-toc-cssicon-toggle-label\"><span class=\"\"><span class=\"eztoc-hide\" style=\"display:none;\">Toggle<\/span><span class=\"ez-toc-icon-toggle-span\"><svg style=\"fill: #999;color:#999\" xmlns=\"http:\/\/www.w3.org\/2000\/svg\" class=\"list-377408\" width=\"20px\" height=\"20px\" viewbox=\"0 0 24 24\" fill=\"none\"><path d=\"M6 6H4v2h2V6zm14 0H8v2h12V6zM4 11h2v2H4v-2zm16 0H8v2h12v-2zM4 16h2v2H4v-2zm16 0H8v2h12v-2z\" fill=\"currentColor\"><\/path><\/svg><svg style=\"fill: #999;color:#999\" class=\"arrow-unsorted-368013\" xmlns=\"http:\/\/www.w3.org\/2000\/svg\" width=\"10px\" height=\"10px\" viewbox=\"0 0 24 24\" version=\"1.2\" baseprofile=\"tiny\"><path d=\"M18.2 9.3l-6.2-6.3-6.2 6.3c-.2.2-.3.4-.3.7s.1.5.3.7c.2.2.4.3.7.3h11c.3 0 .5-.1.7-.3.2-.2.3-.5.3-.7s-.1-.5-.3-.7zM5.8 14.7l6.2 6.3 6.2-6.3c.2-.2.3-.5.3-.7s-.1-.5-.3-.7c-.2-.2-.4-.3-.7-.3h-11c-.3 0-.5.1-.7.3-.2.2-.3.5-.3.7s.1.5.3.7z\"\/><\/svg><\/span><\/span><\/label><input type=\"checkbox\"  id=\"ez-toc-cssicon-toggle-item-69f226a322e52\" checked aria-label=\"Toggle\" \/><nav><ul class='ez-toc-list ez-toc-list-level-1' ><li class='ez-toc-page-1 ez-toc-heading-level-2'><a class=\"ez-toc-link ez-toc-heading-1\" href=\"https:\/\/comparemyjet.com\/da\/fly-aeolus\/#Company_History\" >Virksomhedens historie<\/a><\/li><li class='ez-toc-page-1 ez-toc-heading-level-2'><a class=\"ez-toc-link ez-toc-heading-2\" href=\"https:\/\/comparemyjet.com\/da\/fly-aeolus\/#Pricing\" >Prisfasts\u00e6ttelse<\/a><\/li><li class='ez-toc-page-1 ez-toc-heading-level-2'><a class=\"ez-toc-link ez-toc-heading-3\" href=\"https:\/\/comparemyjet.com\/da\/fly-aeolus\/#Membership_Programs\" >Medlemskabsprogrammer<\/a><ul class='ez-toc-list-level-3' ><li class='ez-toc-heading-level-3'><a class=\"ez-toc-link ez-toc-heading-4\" href=\"https:\/\/comparemyjet.com\/da\/fly-aeolus\/#Pay_As_You_Fly\" >Betal som du flyver<\/a><\/li><li class='ez-toc-page-1 ez-toc-heading-level-3'><a class=\"ez-toc-link ez-toc-heading-5\" href=\"https:\/\/comparemyjet.com\/da\/fly-aeolus\/#Personal_Membership\" >Personligt medlemskab<\/a><\/li><li class='ez-toc-page-1 ez-toc-heading-level-3'><a class=\"ez-toc-link ez-toc-heading-6\" href=\"https:\/\/comparemyjet.com\/da\/fly-aeolus\/#Business_Membership\" >Erhvervsmedlemskab<\/a><\/li><\/ul><\/li><li class='ez-toc-page-1 ez-toc-heading-level-2'><a class=\"ez-toc-link ez-toc-heading-7\" href=\"https:\/\/comparemyjet.com\/da\/fly-aeolus\/#The_Fleet\" >Fl\u00e5den&nbsp;<\/a><ul class='ez-toc-list-level-3' ><li class='ez-toc-heading-level-3'><a class=\"ez-toc-link ez-toc-heading-8\" href=\"https:\/\/comparemyjet.com\/da\/fly-aeolus\/#1_Light_Private_Jets\" >1. Lette private jetfly<\/a><ul class='ez-toc-list-level-4' ><li class='ez-toc-heading-level-4'><a class=\"ez-toc-link ez-toc-heading-9\" href=\"https:\/\/comparemyjet.com\/da\/fly-aeolus\/#Our_Recommendation_The_Cirrus_SR22\" >Vores anbefaling: Cirrus SR22<\/a><\/li><\/ul><\/li><\/ul><\/li><li class='ez-toc-page-1 ez-toc-heading-level-2'><a class=\"ez-toc-link ez-toc-heading-10\" href=\"https:\/\/comparemyjet.com\/da\/fly-aeolus\/#Cancellation_Insurance\" >Afbestillingsforsikring<\/a><\/li><li class='ez-toc-page-1 ez-toc-heading-level-2'><a class=\"ez-toc-link ez-toc-heading-11\" href=\"https:\/\/comparemyjet.com\/da\/fly-aeolus\/#De-icing_Insurance\" >Afisningsforsikring<\/a><\/li><li class='ez-toc-page-1 ez-toc-heading-level-2'><a class=\"ez-toc-link ez-toc-heading-12\" href=\"https:\/\/comparemyjet.com\/da\/fly-aeolus\/#Fly_Aeolus_Taxi_Service\" >Fly Aeolus Taxi Service<\/a><\/li><li class='ez-toc-page-1 ez-toc-heading-level-2'><a class=\"ez-toc-link ez-toc-heading-13\" href=\"https:\/\/comparemyjet.com\/da\/fly-aeolus\/#Pet_Policy\" >Politik for k\u00e6ledyr<\/a><\/li><li class='ez-toc-page-1 ez-toc-heading-level-2'><a class=\"ez-toc-link ez-toc-heading-14\" href=\"https:\/\/comparemyjet.com\/da\/fly-aeolus\/#Company_Safety_Policy_and_Standards\" >Virksomhedens sikkerhedspolitik og -standarder<\/a><\/li><li class='ez-toc-page-1 ez-toc-heading-level-2'><a class=\"ez-toc-link ez-toc-heading-15\" href=\"https:\/\/comparemyjet.com\/da\/fly-aeolus\/#Company_Staff\" >Virksomhedens personale<\/a><\/li><li class='ez-toc-page-1 ez-toc-heading-level-2'><a class=\"ez-toc-link ez-toc-heading-16\" href=\"https:\/\/comparemyjet.com\/da\/fly-aeolus\/#Conclusion\" >Konklusion<\/a><\/li><\/ul><\/nav><\/div>\n<h2 class=\"wp-block-heading\"><span class=\"ez-toc-section\" id=\"Company_History\"><\/span>Virksomhedens historie<span class=\"ez-toc-section-end\"><\/span><\/h2>\r\n\r\n\r\n\r\n<p>Fly Aeolus blev etableret i 2009 af medstifterne og flyentusiasterne Stefaan Ghijs og Vincent Wigmans. Ghijs har en kandidatgrad i aeronautisk ingeni\u00f8rvidenskab, mens Wigmans havde erfaring fra reparationsbranchen for private fly.&nbsp;<\/p>\r\n\r\n\r\n\r\n<p>Selskabets f\u00f8rste flyvning fandt sted fra Antwerpen i Belgien til Vichy i Frankrig i 2011. Fly Aeolus udvidede snart sit operationsomr\u00e5de til at omfatte hele kontinentet og startede med destinationer i Tyskland og Holland.&nbsp;<\/p>\r\n\r\n\r\n\r\n<p>I 2015 etablerede Fly Aeolus et partnerskab med det belgiske lufttaxafirma SkyCab, mens de i 2019 grundlagde Fly Aeolus Aircraft Sales and Acquisitions, en ny gren af Fly Aeolus.<\/p>\r\n\r\n\r\n\r\n<p>En ordning med fraktioneret ejerskab er grundlaget for virksomhedens service. Private ejere stiller deres fly til r\u00e5dighed for udlejning og f\u00e5r udbetalt en provision for hver fl\u00f8jet time.&nbsp;<\/p>\r\n\r\n\r\n\r\n<h2 class=\"wp-block-heading\"><span class=\"ez-toc-section\" id=\"Pricing\"><\/span>Prisfasts\u00e6ttelse<span class=\"ez-toc-section-end\"><\/span><\/h2>\r\n\r\n\r\n\r\n<p>Fly Aeolus opkr\u00e6ver en fast pris for alle flyvninger. Prisen bestemmes ud fra din rejseplan - omst\u00e6ndighederne ved din rejse, flyvetiden, og om det er en enkelt- eller returrejse. Hvis du vil bruge f\u00e6rre penge, er det bedst at booke en returrejse p\u00e5 samme dag, og du kan altid dele flyvningen og dele omkostningerne ved at tage rejsekammerater med.<\/p>\r\n\r\n\r\n\r\n<p>Fly Aeolus drives p\u00e5 basis af delt ejerskab. Virksomheden opkr\u00e6ver et indgangsgebyr p\u00e5 \u20ac 995,00 (ekskl. moms) for nye kunder, hvilket g\u00f8r dem til aktion\u00e6rer i et fly i Fly Aeolus-fl\u00e5den. Hvis du beslutter dig for ikke at bruge deres tjenester efter registreringen, returnerer Fly Aeolus gebyret minus et administrationsgebyr p\u00e5 150,00 euro. Du kan f\u00e5 en pr\u00f8veflyvning f\u00f8r registrering for at opleve jetflyet og se, om det er det, du leder efter.<\/p>\r\n\r\n\r\n\r\n<h2 class=\"wp-block-heading\"><span class=\"ez-toc-section\" id=\"Membership_Programs\"><\/span>Medlemskabsprogrammer<span class=\"ez-toc-section-end\"><\/span><\/h2>\r\n\r\n\r\n\r\n<p>Fly Aeolus' medlemsprogrammer har til form\u00e5l at spare passagerer penge og tid p\u00e5 kontinentale flyvninger, da alle jetfly og piloter allerede befinder sig i Europa, da de giver medlemmer mulighed for at spare 5-10% p\u00e5 flyvninger sammenlignet med detailprisen for ikke-medlemmer. Lad os kort udforske dem.<\/p>\r\n\r\n\r\n\r\n<h3 class=\"wp-block-heading\"><span class=\"ez-toc-section\" id=\"Pay_As_You_Fly\"><\/span>Betal som du flyver<span class=\"ez-toc-section-end\"><\/span><\/h3>\r\n\r\n\r\n\r\n<p>Du beh\u00f8ver ikke at v\u00e6re medlem for at flyve med Cirrus SR-22; der er mulighed for at betale, n\u00e5r du flyver. Fly Aeolus har en online beregner, der hj\u00e6lper dig med at planl\u00e6gge og booke din n\u00e6ste tur, som du kan f\u00e5 adgang til ved at f\u00f8lge denne link <a href=\"https:\/\/flyaeolus.com\/plan-book\/\" target=\"_blank\" rel=\"noopener\">link<\/a> for mere detaljerede oplysninger.<\/p>\r\n\r\n\r\n\r\n<h3 class=\"wp-block-heading\"><span class=\"ez-toc-section\" id=\"Personal_Membership\"><\/span>Personligt medlemskab<span class=\"ez-toc-section-end\"><\/span><\/h3>\r\n\r\n\r\n\r\n<p>Personal Membership-programmet er designet til regelm\u00e6ssige rejsende. Med dette program f\u00e5r du en rabat p\u00e5 5% p\u00e5 hver flyvning plus en afbestillingsforsikring, der er inkluderet i prisen.&nbsp;<\/p>\r\n\r\n\r\n\r\n<h3 class=\"wp-block-heading\"><span class=\"ez-toc-section\" id=\"Business_Membership\"><\/span>Erhvervsmedlemskab<span class=\"ez-toc-section-end\"><\/span><\/h3>\r\n\r\n\r\n\r\n<p>Fly Aeolus tilbyder Business Membership-programmet til hyppigt rejsende. Et m\u00e5nedligt medlemsgebyr p\u00e5 \u20ac100,00 er p\u00e5kr\u00e6vet for at blive medlem. Du f\u00e5r en rabat p\u00e5 10% p\u00e5 alle dine flyvninger, plus afbestillingsforsikring og hj\u00e6lp til taxabestilling, alt sammen inkluderet i prisen.<\/p>\r\n\r\n\r\n\r\n<h2 class=\"wp-block-heading\"><span class=\"ez-toc-section\" id=\"The_Fleet\"><\/span>Fl\u00e5den&nbsp;<span class=\"ez-toc-section-end\"><\/span><\/h2>\r\n\r\n\r\n\r\n<figure class=\"wp-block-image size-full is-style-default\"><img loading=\"lazy\" decoding=\"async\" width=\"1000\" height=\"667\" src=\"https:\/\/comparemyjet.com\/wp-content\/uploads\/2022\/07\/The-Cirrus-SR22.jpg\" alt=\"Fly Aeolus\" class=\"wp-image-3145\" srcset=\"https:\/\/comparemyjet.com\/wp-content\/uploads\/2022\/07\/The-Cirrus-SR22-18x12.jpg 18w, https:\/\/comparemyjet.com\/wp-content\/uploads\/2022\/07\/The-Cirrus-SR22-300x200.jpg 300w, https:\/\/comparemyjet.com\/wp-content\/uploads\/2022\/07\/The-Cirrus-SR22-768x512.jpg 768w, https:\/\/comparemyjet.com\/wp-content\/uploads\/2022\/07\/The-Cirrus-SR22.jpg 1000w\" sizes=\"auto, (max-width: 1000px) 100vw, 1000px\" \/><\/figure>\r\n\r\n\r\n\r\n<p>Fly Aeolus har en fl\u00e5de, der udelukkende best\u00e5r af Cirrus SR-22-fly. Og det er ikke tilf\u00e6ldigt - disse fly anses af COPA (Cirrus Owners &amp; Pilots Association) og AOPA (Aircraft Owners &amp; Pilots Association) for at v\u00e6re et af de sikreste enmotorede jetfly i luftfartsindustrien takket v\u00e6re Cirrus Airframe Parachute System. Fly Aeolus er Europas st\u00f8rste Cirrus-leverand\u00f8r med 15 SR-22-fly i drift, som hver is\u00e6r kan transportere op til tre passagerer.&nbsp;<\/p>\r\n\r\n\r\n\r\n<h3 class=\"wp-block-heading\"><span class=\"ez-toc-section\" id=\"1_Light_Private_Jets\"><\/span>1. Lette private jetfly<span class=\"ez-toc-section-end\"><\/span><\/h3>\r\n\r\n\r\n\r\n<p>Lette private jetfly er perfekte til at rejse til sm\u00e5 lufthavne og sv\u00e6rt tilg\u00e6ngelige steder, s\u00e5 du kan bes\u00f8ge utilg\u00e6ngelige bjerge og smukke strande.<\/p>\r\n\r\n\r\n\r\n<h4 class=\"wp-block-heading\"><span class=\"ez-toc-section\" id=\"Our_Recommendation_The_Cirrus_SR22\"><\/span>Vores anbefaling: Cirrus SR22<span class=\"ez-toc-section-end\"><\/span><\/h4>\r\n\r\n\r\n\r\n<p>Cirrus SR22 er et kompositfly fremstillet af Cirrus Aircraft i 2001. Det er en kraftigere variant af Cirrus CIRRUS SR-20, med en st\u00f8rre vinge og \u00f8get br\u00e6ndstofkapacitet med fast landingsstel.<\/p>\r\n\r\n\r\n\r\n<p>Dette er et fly med fire s\u00e6der (1 pilot og tre passagerer), der er designet til at lande i lokale lufthavne. Cirrus SR22 giver adgang til mere end 1.500 lufthavne rundt om i Europa, s\u00e5 du kan lande i lokale lufthavne, som kommercielle fly sj\u00e6ldent bes\u00f8ger.&nbsp;<\/p>\r\n\r\n\r\n\r\n<p>Cirrus-flyene har en bagagekapacitet p\u00e5 10 kg pr. passager og er de eneste fly, der som standardudstyr har et faldsk\u00e6rmssystem til n\u00f8ddrift af hele flyet.<\/p>\r\n\r\n\r\n\r\n<p>Specifikationer:<\/p>\r\n\r\n\r\n\r\n<ul class=\"wp-block-list\"><li>Passagerer: 3;<\/li><li>Kabinebredde: 4 ft 1 in;<\/li><li>Kabinevolumen: 137 kubikfod;<\/li><li>Kabineh\u00f8jde: 4 fod 2 tommer;<\/li><li>Kabinel\u00e6ngde: 8 fod;<\/li><li>Indvendig bagage: 32 kubikfod;<\/li><li>Max hastighed: 186 kts;<\/li><li>Maksimal r\u00e6kkevidde: 1100 nm;<\/li><li>Bes\u00e6tning: 1;<\/li><li>Intet toilet;<\/li><li>Ingen WiFi.<\/li><\/ul>\r\n\r\n\r\n\r\n<h2 class=\"wp-block-heading\"><span class=\"ez-toc-section\" id=\"Cancellation_Insurance\"><\/span>Afbestillingsforsikring<span class=\"ez-toc-section-end\"><\/span><\/h2>\r\n\r\n\r\n\r\n<p>Fly Aeolus tilbyder en afbestillingsforsikring, som koster \u20ac200 (ekskl. moms), og som giver dig mulighed for at afbestille eller udskyde din flyrejse, hvis dine planer bliver forstyrret af en uforudset h\u00e6ndelse.&nbsp;<\/p>\r\n\r\n\r\n\r\n<p>Hvis du ikke \u00f8nsker at betale for afbestillingsforsikringen, og dit fly bliver aflyst eller udskudt efter bekr\u00e6ftelsen, vil du blive opkr\u00e6vet yderligere gebyrer. Hvis du aflyser dit fly mellem 7 dage og 24 timer f\u00f8r den planlagte afgangstid, vil Fly Aeolus opkr\u00e6ve et gebyr p\u00e5 25% af de samlede flyudgifter. Hvis afbestillingen sker mellem 24 og 5 timer f\u00f8r flyafgang, opkr\u00e6ver selskabet et afbestillingsgebyr p\u00e5 50% af de samlede flyudgifter. Et afbestillingsgebyr p\u00e5 100% af de samlede flyudgifter vil blive opkr\u00e6vet, hvis du afbestiller mindre end 5 timer f\u00f8r din planlagte afgangstid, eller hvis du ikke dukker op.<\/p>\r\n\r\n\r\n\r\n<h2 class=\"wp-block-heading\"><span class=\"ez-toc-section\" id=\"De-icing_Insurance\"><\/span>Afisningsforsikring<span class=\"ez-toc-section-end\"><\/span><\/h2>\r\n\r\n\r\n\r\n<figure class=\"wp-block-image size-full is-style-default\"><img loading=\"lazy\" decoding=\"async\" width=\"1000\" height=\"667\" src=\"https:\/\/comparemyjet.com\/wp-content\/uploads\/2022\/07\/De-icing-Insurance.jpg\" alt=\"\" class=\"wp-image-3146\" srcset=\"https:\/\/comparemyjet.com\/wp-content\/uploads\/2022\/07\/De-icing-Insurance-18x12.jpg 18w, https:\/\/comparemyjet.com\/wp-content\/uploads\/2022\/07\/De-icing-Insurance-300x200.jpg 300w, https:\/\/comparemyjet.com\/wp-content\/uploads\/2022\/07\/De-icing-Insurance-768x512.jpg 768w, https:\/\/comparemyjet.com\/wp-content\/uploads\/2022\/07\/De-icing-Insurance.jpg 1000w\" sizes=\"auto, (max-width: 1000px) 100vw, 1000px\" \/><\/figure>\r\n\r\n\r\n\r\n<p>Denne type forsikring vil v\u00e6re praktisk, is\u00e6r i de koldere m\u00e5neder. Fly Aeolus r\u00e5der dig til at tegne denne service f\u00f8r afgang.&nbsp;<\/p>\r\n\r\n\r\n\r\n<p>Om vinteren kan lufttaxien blive d\u00e6kket af is eller sne, og is og sne skal fjernes, f\u00f8r den kan lette. De tilknyttede omkostninger er sv\u00e6re at forudsige, s\u00e5 selskabet tilbyder et par afisningsforsikringsmuligheder baseret p\u00e5 faren for tilisning for at berolige dig.<\/p>\r\n\r\n\r\n\r\n<ul class=\"wp-block-list\"><li>Indtil fem dage f\u00f8r afgang koster afisningsforsikringen dig \u20ac150,00 (ekskl. moms) for en enkeltbillet.<\/li><li>Mellem 5 og 72 timer f\u00f8r afrejse koster denne forsikring \u20ac250,00 (ekskl. moms) for en enkeltrejse.<\/li><li>Mellem 72 og 24 timer f\u00f8r afgang skal du betale op til \u20ac350,00 (ekskl. moms) for en envejs-afisningsforsikring.<\/li><\/ul>\r\n\r\n\r\n\r\n<p>Hvis du ikke v\u00e6lger en af ovenst\u00e5ende muligheder, vil du blive faktureret alle n\u00f8dvendige afisningsgebyrer efter turen.<\/p>\r\n\r\n\r\n\r\n<h2 class=\"wp-block-heading\"><span class=\"ez-toc-section\" id=\"Fly_Aeolus_Taxi_Service\"><\/span>Fly Aeolus Taxi Service<span class=\"ez-toc-section-end\"><\/span><\/h2>\r\n\r\n\r\n\r\n<p>Fly Aeolus kan bestille en taxa til dig hos en af deres hyppige taxapartnere. Fort\u00e6l dem om din destination, og de vil s\u00f8rge for, at taxaen venter p\u00e5 dig, n\u00e5r du ankommer til lufthavnen. Hvis nogen henter dig i lufthavnen, tilbyder virksomheden at sende dine specifikke flydata, s\u00e5 dine venner eller familie kan spore flytaxaen i realtid.<\/p>\r\n\r\n\r\n\r\n<h2 class=\"wp-block-heading\"><span class=\"ez-toc-section\" id=\"Pet_Policy\"><\/span>Politik for k\u00e6ledyr<span class=\"ez-toc-section-end\"><\/span><\/h2>\r\n\r\n\r\n\r\n<p>N\u00e5r du flyver kommercielt, kan du medbringe dit k\u00e6ledyr i flyet, hvis transportkassens l\u00e6ngde er mindre end 47 cm, dens bredde mindre end 30 cm og dens h\u00f8jde mindre end 27 cm. K\u00e6ledyret skal ogs\u00e5 v\u00e6re under dit s\u00e6de i en dertil beregnet transportkasse og m\u00e5 ikke veje mere end 10 kg. Af sikkerhedshensyn kan du ikke \u00e5bne transportkassen eller flytte den. Det ser ud til at v\u00e6re den st\u00f8rste ulempe, de har sammenlignet med andre private charterselskaber, men det er stadig at foretr\u00e6kke frem for at flyve dem i fragtafdelingen p\u00e5 en kommerciel flyvning.<\/p>\r\n\r\n\r\n\r\n<p>At tage dit k\u00e6ledyr med p\u00e5 din private flyrejse er en helt anden historie. Fly Aeolus behandler ethvert k\u00e6ledyr, der flyver med dem, som en g\u00e6st og s\u00f8rger for, at dit k\u00e6ledyr f\u00e5r en rolig og behagelig rejse.<\/p>\r\n\r\n\r\n\r\n<p>Dit k\u00e6ledyr vil ikke v\u00e6re sp\u00e6rret inde i bagagerummet; det kan putte sig ved siden af dig p\u00e5 et t\u00e6ppe, og du kan v\u00e6re sikker p\u00e5, at dit k\u00e6ledyr har det godt og er i sikkerhed.&nbsp;<\/p>\r\n\r\n\r\n\r\n<p>Selvom du kan rejse med dit k\u00e6ledyr, kr\u00e6ver en rejse med k\u00e6ledyr en vis planl\u00e6gning p\u00e5 forh\u00e5nd. <a href=\"https:\/\/flyaeolus.com\/blog\/pet-travel-private-jet-air-taxi\/\" target=\"_blank\" rel=\"noopener\">link<\/a> for yderligere oplysninger om transport af dit k\u00e6ledyr med Aeolus.<\/p>\r\n\r\n\r\n\r\n<h2 class=\"wp-block-heading\"><span class=\"ez-toc-section\" id=\"Company_Safety_Policy_and_Standards\"><\/span>Virksomhedens sikkerhedspolitik og -standarder<span class=\"ez-toc-section-end\"><\/span><\/h2>\r\n\r\n\r\n\r\n<p>Alle deres fly unders\u00f8ges regelm\u00e6ssigt, og piloterne gennemg\u00e5r et \u00e5rligt l\u00e6getjek. Derudover er alle fly udstyret med et CAPS (Cirrus Airframe Parachute System), som er et ballistisk faldsk\u00e6rmssystem til hele flyet, der udelukkende er bygget til Cirrus-fly.<\/p>\r\n\r\n\r\n\r\n<h2 class=\"wp-block-heading\"><span class=\"ez-toc-section\" id=\"Company_Staff\"><\/span>Virksomhedens personale<span class=\"ez-toc-section-end\"><\/span><\/h2>\r\n\r\n\r\n\r\n<p>Aeolus' personale omfatter eksperter fra en r\u00e6kke forskellige omr\u00e5der inden for forretningsflyvning samt kvalificerede Cirrus-piloter og -instrukt\u00f8rer. Alle Fly Aeolus-piloter har kommerciel pilotlicens (CPL) eller flypilotlicens (ATPL), har 500 timers flyvetid eller mere og har gennemg\u00e5et Cirrus SR22-tr\u00e6ningsprogrammet.&nbsp;<\/p>\r\n\r\n\r\n\r\n<h2 class=\"wp-block-heading\"><span class=\"ez-toc-section\" id=\"Conclusion\"><\/span>Konklusion<span class=\"ez-toc-section-end\"><\/span><\/h2>\r\n\r\n\r\n\r\n<figure class=\"wp-block-image size-full is-style-default\"><img loading=\"lazy\" decoding=\"async\" width=\"1000\" height=\"667\" src=\"https:\/\/comparemyjet.com\/wp-content\/uploads\/2022\/07\/cute.dog_.dressed.as_.a.pilot_.standing.infront.of_.a.jet_.jpg\" alt=\"\" class=\"wp-image-3147\" srcset=\"https:\/\/comparemyjet.com\/wp-content\/uploads\/2022\/07\/cute.dog_.dressed.as_.a.pilot_.standing.infront.of_.a.jet_-18x12.jpg 18w, https:\/\/comparemyjet.com\/wp-content\/uploads\/2022\/07\/cute.dog_.dressed.as_.a.pilot_.standing.infront.of_.a.jet_-300x200.jpg 300w, https:\/\/comparemyjet.com\/wp-content\/uploads\/2022\/07\/cute.dog_.dressed.as_.a.pilot_.standing.infront.of_.a.jet_-768x512.jpg 768w, https:\/\/comparemyjet.com\/wp-content\/uploads\/2022\/07\/cute.dog_.dressed.as_.a.pilot_.standing.infront.of_.a.jet_.jpg 1000w\" sizes=\"auto, (max-width: 1000px) 100vw, 1000px\" \/><\/figure>\r\n\r\n\r\n\r\n<p>Fly Aeolus er det f\u00f8rste firma i Europa, der bruger en fraktioneret ejerskabsmodel til at levere lufttaxitjenester ved hj\u00e6lp af enkeltstempelfly. Firmaet tilbyder ogs\u00e5 tre forskellige jetkortprogrammer og giver adgang til mere end 1.000 sm\u00e5 lufthavne i hele Europa ved hj\u00e6lp af sin Cirrus SR22-fl\u00e5de. Hvis du vil p\u00e5 sightseeing, eller hvis du kun rejser med et par ledsagere, er Fly Aeolus din air taxi service.&nbsp;<\/p>","protected":false},"excerpt":{"rendered":"<p>Fly Aeolus er en belgisk lufttaxa (privat charter), der har opereret i Europa siden 2009. Virksomheden er baseret i Antwerpen med kontorer i Berlin og Rotterdam.  Du kan flyve fra over 1.500 lufthavne p\u00e5 det europ\u00e6iske kontinent i et af deres Cirrus SR-22-fly, der anses for at v\u00e6re et af de sikreste enmotorede jetfly i ...<\/p>","protected":false},"author":2,"featured_media":3098,"parent":0,"menu_order":0,"comment_status":"closed","ping_status":"closed","template":"","meta":{"_acf_changed":false,"_genesis_hide_title":false,"_genesis_hide_breadcrumbs":false,"_genesis_hide_singular_image":false,"_genesis_hide_footer_widgets":false,"_genesis_custom_body_class":"","_genesis_custom_post_class":"","_genesis_layout":"","footnotes":""},"class_list":{"1":"page","2":"type-page","6":"entry"},"acf":[],"_links":{"self":[{"href":"https:\/\/comparemyjet.com\/da\/wp-json\/wp\/v2\/pages\/3144","targetHints":{"allow":["GET"]}}],"collection":[{"href":"https:\/\/comparemyjet.com\/da\/wp-json\/wp\/v2\/pages"}],"about":[{"href":"https:\/\/comparemyjet.com\/da\/wp-json\/wp\/v2\/types\/page"}],"author":[{"embeddable":true,"href":"https:\/\/comparemyjet.com\/da\/wp-json\/wp\/v2\/users\/2"}],"replies":[{"embeddable":true,"href":"https:\/\/comparemyjet.com\/da\/wp-json\/wp\/v2\/comments?post=3144"}],"version-history":[{"count":2,"href":"https:\/\/comparemyjet.com\/da\/wp-json\/wp\/v2\/pages\/3144\/revisions"}],"predecessor-version":[{"id":3444,"href":"https:\/\/comparemyjet.com\/da\/wp-json\/wp\/v2\/pages\/3144\/revisions\/3444"}],"wp:featuredmedia":[{"embeddable":true,"href":"https:\/\/comparemyjet.com\/da\/wp-json\/wp\/v2\/media\/3098"}],"wp:attachment":[{"href":"https:\/\/comparemyjet.com\/da\/wp-json\/wp\/v2\/media?parent=3144"}],"curies":[{"name":"wp","href":"https:\/\/api.w.org\/{rel}","templated":true}]}}