{"id":3154,"date":"2022-07-27T01:01:52","date_gmt":"2022-07-27T01:01:52","guid":{"rendered":"https:\/\/comparemyjet.com\/?page_id=3154"},"modified":"2025-09-04T09:59:33","modified_gmt":"2025-09-04T09:59:33","slug":"nicholas-air","status":"publish","type":"page","link":"https:\/\/comparemyjet.com\/da\/nicholas-air\/","title":{"rendered":"NICHOLAS AIR Flypriser"},"content":{"rendered":"<p>Ved at tilbyde de mest avancerede og tilpassede muligheder for private flyrejser skiller NICHOLAS AIR sig ud fra de fleste andre private jetflyselskaber. Selskabets ry for fremragende kundeservice, fly af h\u00f8j kvalitet og pletfri sikkerhed har tiltrukket mange rejsende. Fra dedikerede personlige rejser\u00e5dgivere til bes\u00e6tningen har NICHOLAS AIR udviklet sig til at g\u00f8re mere og mere for sine kunder.&nbsp;<\/p>\r\n\r\n\r\n\r\n<div id=\"ez-toc-container\" class=\"ez-toc-v2_0_76 counter-hierarchy ez-toc-counter ez-toc-grey ez-toc-container-direction\">\n<p class=\"ez-toc-title\" style=\"cursor:inherit\">Emner<\/p>\n<label for=\"ez-toc-cssicon-toggle-item-69edfd88effd2\" class=\"ez-toc-cssicon-toggle-label\"><span class=\"\"><span class=\"eztoc-hide\" style=\"display:none;\">Toggle<\/span><span class=\"ez-toc-icon-toggle-span\"><svg style=\"fill: #999;color:#999\" xmlns=\"http:\/\/www.w3.org\/2000\/svg\" class=\"list-377408\" width=\"20px\" height=\"20px\" viewbox=\"0 0 24 24\" fill=\"none\"><path d=\"M6 6H4v2h2V6zm14 0H8v2h12V6zM4 11h2v2H4v-2zm16 0H8v2h12v-2zM4 16h2v2H4v-2zm16 0H8v2h12v-2z\" fill=\"currentColor\"><\/path><\/svg><svg style=\"fill: #999;color:#999\" class=\"arrow-unsorted-368013\" xmlns=\"http:\/\/www.w3.org\/2000\/svg\" width=\"10px\" height=\"10px\" viewbox=\"0 0 24 24\" version=\"1.2\" baseprofile=\"tiny\"><path d=\"M18.2 9.3l-6.2-6.3-6.2 6.3c-.2.2-.3.4-.3.7s.1.5.3.7c.2.2.4.3.7.3h11c.3 0 .5-.1.7-.3.2-.2.3-.5.3-.7s-.1-.5-.3-.7zM5.8 14.7l6.2 6.3 6.2-6.3c.2-.2.3-.5.3-.7s-.1-.5-.3-.7c-.2-.2-.4-.3-.7-.3h-11c-.3 0-.5.1-.7.3-.2.2-.3.5-.3.7s.1.5.3.7z\"\/><\/svg><\/span><\/span><\/label><input type=\"checkbox\"  id=\"ez-toc-cssicon-toggle-item-69edfd88effd2\" checked aria-label=\"Toggle\" \/><nav><ul class='ez-toc-list ez-toc-list-level-1' ><li class='ez-toc-page-1 ez-toc-heading-level-2'><a class=\"ez-toc-link ez-toc-heading-1\" href=\"https:\/\/comparemyjet.com\/da\/nicholas-air\/#Company_History\" >Virksomhedens historie<\/a><\/li><li class='ez-toc-page-1 ez-toc-heading-level-2'><a class=\"ez-toc-link ez-toc-heading-2\" href=\"https:\/\/comparemyjet.com\/da\/nicholas-air\/#Ways_to_Fly\" >M\u00e5der at flyve p\u00e5<\/a><ul class='ez-toc-list-level-3' ><li class='ez-toc-heading-level-3'><a class=\"ez-toc-link ez-toc-heading-3\" href=\"https:\/\/comparemyjet.com\/da\/nicholas-air\/#Membership_Programs\" >Medlemskabsprogrammer<\/a><\/li><li class='ez-toc-page-1 ez-toc-heading-level-3'><a class=\"ez-toc-link ez-toc-heading-4\" href=\"https:\/\/comparemyjet.com\/da\/nicholas-air\/#Fractional_Ownership\" >Fraktioneret ejerskab<\/a><\/li><li class='ez-toc-page-1 ez-toc-heading-level-3'><a class=\"ez-toc-link ez-toc-heading-5\" href=\"https:\/\/comparemyjet.com\/da\/nicholas-air\/#On-Demand_Jet_Leasing\" >On-Demand Jet Leasing<\/a><\/li><li class='ez-toc-page-1 ez-toc-heading-level-3'><a class=\"ez-toc-link ez-toc-heading-6\" href=\"https:\/\/comparemyjet.com\/da\/nicholas-air\/#Aircraft_Management_100_hours\" >H\u00e5ndtering af fly | 100+ timer<\/a><\/li><\/ul><\/li><li class='ez-toc-page-1 ez-toc-heading-level-2'><a class=\"ez-toc-link ez-toc-heading-7\" href=\"https:\/\/comparemyjet.com\/da\/nicholas-air\/#The_Fleet\" >Fl\u00e5den&nbsp;<\/a><ul class='ez-toc-list-level-3' ><li class='ez-toc-heading-level-3'><a class=\"ez-toc-link ez-toc-heading-8\" href=\"https:\/\/comparemyjet.com\/da\/nicholas-air\/#1_Turboprop\" >1. Turboprop<\/a><ul class='ez-toc-list-level-4' ><li class='ez-toc-heading-level-4'><a class=\"ez-toc-link ez-toc-heading-9\" href=\"https:\/\/comparemyjet.com\/da\/nicholas-air\/#Our_Recommendation_Pilatus_PC-12\" >Vores anbefaling: Pilatus PC-12<\/a><\/li><\/ul><\/li><li class='ez-toc-page-1 ez-toc-heading-level-3'><a class=\"ez-toc-link ez-toc-heading-10\" href=\"https:\/\/comparemyjet.com\/da\/nicholas-air\/#2_Light_and_Very_Light_Private_Jets\" >2. Lette og meget lette private jetfly<\/a><ul class='ez-toc-list-level-4' ><li class='ez-toc-heading-level-4'><a class=\"ez-toc-link ez-toc-heading-11\" href=\"https:\/\/comparemyjet.com\/da\/nicholas-air\/#Our_Recommendation_Citation_CJ3_Phenom_300\" >Vores anbefaling: Citation CJ3, Phenom 300<\/a><\/li><\/ul><\/li><li class='ez-toc-page-1 ez-toc-heading-level-3'><a class=\"ez-toc-link ez-toc-heading-12\" href=\"https:\/\/comparemyjet.com\/da\/nicholas-air\/#3_Super-Midsize_Private_Jets\" >3. Super-mellemstore private jetfly<\/a><ul class='ez-toc-list-level-4' ><li class='ez-toc-heading-level-4'><a class=\"ez-toc-link ez-toc-heading-13\" href=\"https:\/\/comparemyjet.com\/da\/nicholas-air\/#Our_Recommendation_Citation_Latitude\" >Vores anbefaling: Citation Latitude<\/a><\/li><\/ul><\/li><\/ul><\/li><li class='ez-toc-page-1 ez-toc-heading-level-2'><a class=\"ez-toc-link ez-toc-heading-14\" href=\"https:\/\/comparemyjet.com\/da\/nicholas-air\/#Company_Safety_Policy_and_Standards\" >Virksomhedens sikkerhedspolitik og -standarder<\/a><\/li><li class='ez-toc-page-1 ez-toc-heading-level-2'><a class=\"ez-toc-link ez-toc-heading-15\" href=\"https:\/\/comparemyjet.com\/da\/nicholas-air\/#Pilots\" >Piloter<\/a><\/li><li class='ez-toc-page-1 ez-toc-heading-level-2'><a class=\"ez-toc-link ez-toc-heading-16\" href=\"https:\/\/comparemyjet.com\/da\/nicholas-air\/#Partnerships\" >Partnerskaber<\/a><\/li><li class='ez-toc-page-1 ez-toc-heading-level-2'><a class=\"ez-toc-link ez-toc-heading-17\" href=\"https:\/\/comparemyjet.com\/da\/nicholas-air\/#Conclusion\" >Konklusion<\/a><\/li><\/ul><\/nav><\/div>\n<h2 class=\"wp-block-heading\"><span class=\"ez-toc-section\" id=\"Company_History\"><\/span>Virksomhedens historie<span class=\"ez-toc-section-end\"><\/span><\/h2>\r\n\r\n\r\n\r\n<p>Virksomhedens grundl\u00e6gger og CEO, Nicholas Correnti, er en erfaren pilot med en passion for luftfart fra en tidlig alder. Correnti begyndte at flyve i sine teenage\u00e5r og opn\u00e5ede endda en verdensrekord efter at have fl\u00f8jet fire fly alene p\u00e5 sin 16-\u00e5rs f\u00f8dselsdag og havde opn\u00e5et over 1000+ flyvetimer p\u00e5 bare fire \u00e5r. I sidste ende dedikerede han hele sit fokus til NICHOLAS AIR, som han grundlagde i 1997.&nbsp;<\/p>\r\n\r\n\r\n\r\n<p>NICHOLAS AIR startede som et lille regionalt luftfartsselskab med kontorer i North Carolina og Arkansas, og specialiserede sig i <a href=\"https:\/\/comparemyjet.com\/da\/what-are-some-aircraft-management-companies\/\" data-internallinksmanager029f6b8e52c=\"21\" title=\"Serviceydelser og virksomheder inden for flyadministration\">Flyadministration<\/a> og leasingprogrammer. Virksomheden blev hurtigt anerkendt for at have de nyeste fly p\u00e5 markedet og udvidede sine tjenester ved at tilbyde tilpasningsdygtige jetkortprogrammer og meget individualiseret kundeservice.<\/p>\r\n\r\n\r\n\r\n<p>Som et resultat af teamets engagement i virksomhedens m\u00e5l oplever NICHOLAS AIR i \u00f8jeblikket en ansvarlig ekspansion, alt sammen fra sin helt nye, banebrydende base i Oxford, Mississippi. Det livslange m\u00e5l, som Nicholas Correnti havde i tankerne, da han grundlagde virksomheden for 25 \u00e5r siden, er nu n\u00e5et takket v\u00e6re virksomhedens l\u00f8bende udvikling og alliancer.<\/p>\r\n\r\n\r\n\r\n<h2 class=\"wp-block-heading\"><span class=\"ez-toc-section\" id=\"Ways_to_Fly\"><\/span>M\u00e5der at flyve p\u00e5<span class=\"ez-toc-section-end\"><\/span><\/h2>\r\n\r\n\r\n\r\n<figure class=\"wp-block-image size-full is-style-default\"><img loading=\"lazy\" decoding=\"async\" width=\"1000\" height=\"667\" src=\"https:\/\/comparemyjet.com\/wp-content\/uploads\/2022\/07\/kid.flying.toy_.plane_.with_.family.jpg\" alt=\"\" class=\"wp-image-3158\" srcset=\"https:\/\/comparemyjet.com\/wp-content\/uploads\/2022\/07\/kid.flying.toy_.plane_.with_.family-18x12.jpg 18w, https:\/\/comparemyjet.com\/wp-content\/uploads\/2022\/07\/kid.flying.toy_.plane_.with_.family-300x200.jpg 300w, https:\/\/comparemyjet.com\/wp-content\/uploads\/2022\/07\/kid.flying.toy_.plane_.with_.family-768x512.jpg 768w, https:\/\/comparemyjet.com\/wp-content\/uploads\/2022\/07\/kid.flying.toy_.plane_.with_.family.jpg 1000w\" sizes=\"auto, (max-width: 1000px) 100vw, 1000px\" \/><\/figure>\r\n\r\n\r\n\r\n<p>NICHOLAS AIR tilbyder uovertrufne private og executive jet-tjenester via jetkortprogrammer, chartring af private jetfly, programmer for delt ejerskab og l\u00f8sninger til flyadministration. Lad os se n\u00e6rmere p\u00e5, hvad hver service tilbyder.<\/p>\r\n\r\n\r\n\r\n<h3 class=\"wp-block-heading\"><span class=\"ez-toc-section\" id=\"Membership_Programs\"><\/span>Medlemskabsprogrammer<span class=\"ez-toc-section-end\"><\/span><\/h3>\r\n\r\n\r\n\r\n<p>Medlemmer af NICHOLAS AIR kan nyde godt af deres tjenester i hele USA, Canada, Caribien og Mexico, og de kan nemt finde den perfekte medlemspakke, der opfylder deres rejsebehov. Deres banebrydende tilgang til privatflyvning tilbyder tre forskellige m\u00e5der at blive medlem p\u00e5:<\/p>\r\n\r\n\r\n\r\n<ul class=\"wp-block-list\"><li>Du kan k\u00f8be blokke af timer med en <strong>Bl\u00e5t kort<\/strong> - et fantastisk valg for alle, der kan lide at flyve p\u00e5 en bestemt type fly. Op- og nedgraderinger er mulige ved hj\u00e6lp af det flyspecifikke, timebaserede Blue Card mod et mindre gebyr.<\/li><li>A <strong>Rise-kort<\/strong> er virksomhedens medlemsprogram, som kr\u00e6ver et depositum. Det er et praktisk valg for folk, der har brug for adgang til hele fl\u00e5den til forskellige rejser. Medlemmer af det dollarbaserede Rise Card kan op- eller nedgradere til de oplyste priser.&nbsp;<\/li><li>Pay As You Fly-alternativet med deres <strong>Smart Card<\/strong> vil give dig enkle timepriser for ethvert specifikt rejsebehov.<\/li><\/ul>\r\n\r\n\r\n\r\n<p>Ved at blive medlem af en af <a href=\"https:\/\/www.nicholasair.com\/jet-programs\/jet-card\" target=\"_blank\" rel=\"noopener\">Jet-kort<\/a> som n\u00e6vnt ovenfor, vil du drage fordel af, at der ikke er nogen opstarts- eller medlemsomkostninger, ingen omplaceringsgebyrer, timerne udl\u00f8ber aldrig, og der er ingen langsigtede forpligtelser.<\/p>\r\n\r\n\r\n\r\n<h3 class=\"wp-block-heading\"><span class=\"ez-toc-section\" id=\"Fractional_Ownership\"><\/span>Fraktioneret ejerskab<span class=\"ez-toc-section-end\"><\/span><\/h3>\r\n\r\n\r\n\r\n<p>Deres <a href=\"https:\/\/www.nicholasair.com\/jet-programs\/jet-share\" target=\"_blank\" rel=\"noopener\">Jet-andel<\/a> programmet giver de samme fordele som fuldt flyejerskab til en br\u00f8kdel af prisen, mens Jet Lease-programmet tilbyder en m\u00e5nedlig betalingsordning uden den indledende \u00f8konomiske forpligtelse til et fly. NICHOLAS AIR giver alle fordelene ved at eje et fly uden hovedpinen med drift og regler.<\/p>\r\n\r\n\r\n\r\n<p>For folk, der \u00f8nsker at drage fordel af flyejerskab og rejser mellem 90 og 300 timer om \u00e5ret, er Nicholas Air <a href=\"https:\/\/comparemyjet.com\/da\/how-does-fractional-jet-ownership-work\/\" data-internallinksmanager029f6b8e52c=\"20\" title=\"Hvordan fungerer fraktioneret jetejerskab?\">Fraktioneret Jet<\/a> Deling er en levedygtig mulighed. Omkostningerne er som f\u00f8lger:<\/p>\r\n\r\n\r\n\r\n<ul class=\"wp-block-list\"><li>En engangsopk\u00f8bspris.<\/li><li>Et servicegebyr.<\/li><li>Et gebyr pr. time for den faktiske flyvetid.<\/li><\/ul>\r\n\r\n\r\n\r\n<h3 class=\"wp-block-heading\"><span class=\"ez-toc-section\" id=\"On-Demand_Jet_Leasing\"><\/span>On-Demand Jet Leasing<span class=\"ez-toc-section-end\"><\/span><\/h3>\r\n\r\n\r\n\r\n<p>For regelm\u00e6ssige rejsende, der rejser mere end 90 timer om \u00e5ret, g\u00e6lder f\u00f8lgende <a href=\"https:\/\/www.nicholasair.com\/jet-programs\/jet-lease\" target=\"_blank\" rel=\"noopener\">Jet-leasingprogram<\/a> tilbyder en m\u00e5nedlig betalingsplan uden at kr\u00e6ve en forudg\u00e5ende \u00f8konomisk forpligtelse til et fly.<\/p>\r\n\r\n\r\n\r\n<h3 class=\"wp-block-heading\"><span class=\"ez-toc-section\" id=\"Aircraft_Management_100_hours\"><\/span>H\u00e5ndtering af fly | 100+ timer<span class=\"ez-toc-section-end\"><\/span><\/h3>\r\n\r\n\r\n\r\n<p>For personer, der \u00f8nsker at opleve alle fordelene ved et privatfly eller ejerskab af et helt fly uden vanskelighederne ved flyveprocedurer og juridiske krav, tilbyder NICHOLAS AIR <a href=\"https:\/\/www.nicholasair.com\/jet-programs\/aircraft-management\" target=\"_blank\" rel=\"noopener\">Program til styring af fly<\/a>.<\/p>\r\n\r\n\r\n\r\n<p>NICHOLAS AIR tilbyder en komplet flyadministrationsservice til personer eller virksomheder, der \u00f8nsker at eje et helt fly. Du har mulighed for at lade dit fly indg\u00e5 i dry leasing-puljen som en del af programmet, hvilket g\u00f8r det muligt for dig som ejer at tjene flere penge p\u00e5 dit fly, mens det ikke er i brug.<\/p>\r\n\r\n\r\n\r\n<h2 class=\"wp-block-heading\"><span class=\"ez-toc-section\" id=\"The_Fleet\"><\/span>Fl\u00e5den&nbsp;<span class=\"ez-toc-section-end\"><\/span><\/h2>\r\n\r\n\r\n\r\n<figure class=\"wp-block-image size-full is-style-default\"><img loading=\"lazy\" decoding=\"async\" width=\"1000\" height=\"667\" src=\"https:\/\/comparemyjet.com\/wp-content\/uploads\/2022\/07\/crew.greeting.a.woman_.boarding.on_.a.private.jet_.jpg\" alt=\"NICHOLAS AIR\" class=\"wp-image-3156\" srcset=\"https:\/\/comparemyjet.com\/wp-content\/uploads\/2022\/07\/crew.greeting.a.woman_.boarding.on_.a.private.jet_-18x12.jpg 18w, https:\/\/comparemyjet.com\/wp-content\/uploads\/2022\/07\/crew.greeting.a.woman_.boarding.on_.a.private.jet_-300x200.jpg 300w, https:\/\/comparemyjet.com\/wp-content\/uploads\/2022\/07\/crew.greeting.a.woman_.boarding.on_.a.private.jet_-768x512.jpg 768w, https:\/\/comparemyjet.com\/wp-content\/uploads\/2022\/07\/crew.greeting.a.woman_.boarding.on_.a.private.jet_.jpg 1000w\" sizes=\"auto, (max-width: 1000px) 100vw, 1000px\" \/><\/figure>\r\n\r\n\r\n\r\n<p>NICHOLAS AIR giver dig den mest bem\u00e6rkelsesv\u00e6rdige flyveoplevelse og p\u00e5lidelige service. De driver en fl\u00e5de af <a href=\"https:\/\/comparemyjet.com\/da\/pilatus\/\" data-internallinksmanager029f6b8e52c=\"152\" title=\"Den ultimative guide til Pilatus&#039; private jetfly og flyvemaskiner\">Pilatus<\/a> Phenom 100, PC-12, Phenom 300, Citation CJ3, Challenger 300 og Citation Latitude. Hvert jetfly har en gennemsnitsalder p\u00e5 fem \u00e5r p\u00e5 grund af selskabets strenge politik om kun at operere helt nye fly, hvilket giver kunderne komforten ved at rejse i de mest banebrydende, sikre og teknologisk avancerede fly.<\/p>\r\n\r\n\r\n\r\n<p>Nogle serviceudbydere ejer deres fly, men flyver dem ikke; andre servicevirksomheder flyver deres fly, men f\u00e5r dem fra charteroperat\u00f8rer. Nicholas Air g\u00f8r begge dele - de ejer og driver deres fl\u00e5de.&nbsp;<\/p>\r\n\r\n\r\n\r\n<p>P\u00e5 grund af deres adgang til mere end 9.000 lufthavne alene i USA kan de f\u00e5 dig til at lande betydeligt mere ubesv\u00e6ret p\u00e5 din endelige destination.<\/p>\r\n\r\n\r\n\r\n<p>Lad os se n\u00e6rmere p\u00e5, hvad de tilbyder i deres flykatalog.<\/p>\r\n\r\n\r\n\r\n<h3 class=\"wp-block-heading\"><span class=\"ez-toc-section\" id=\"1_Turboprop\"><\/span>1. Turboprop<span class=\"ez-toc-section-end\"><\/span><\/h3>\r\n\r\n\r\n\r\n<p>Turboprops, som kombinerer jetmotorer med propeller, kombinerer jetflyenes hurtighed med de sm\u00e5 flys sikkerhed. De fungerer godt i lave h\u00f8jder og ved hastigheder p\u00e5 h\u00f8jst 450 mph. Det g\u00f8r dem til en praktisk mulighed for indenrigsflyvninger og landinger i mindre lufthavne.<\/p>\r\n\r\n\r\n\r\n<h4 class=\"wp-block-heading\"><span class=\"ez-toc-section\" id=\"Our_Recommendation_Pilatus_PC-12\"><\/span>Vores anbefaling: Pilatus PC-12<span class=\"ez-toc-section-end\"><\/span><\/h4>\r\n\r\n\r\n\r\n<p>PC-12 er kendt for sin h\u00e5rdf\u00f8rhed, p\u00e5lidelighed og tilpasningsevne, og den kan lande p\u00e5 gr\u00e6sarealer. Det bageste passagerrum har en stor lastd\u00f8r, der g\u00f8r det muligt hurtigt at skifte fra passagertilstand til lastning af omfangsrig bagage.&nbsp;<\/p>\r\n\r\n\r\n\r\n<p>Specifikationer:<\/p>\r\n\r\n\r\n\r\n<ul class=\"wp-block-list\"><li>Passagerer: 6 til 9;<\/li><li>Kabinebredde: 5 ft;<\/li><li>Kabineh\u00f8jde: 4 fod 10 tommer;<\/li><li>Kabinel\u00e6ngde: 16 fod 11 tommer;<\/li><li>Maksimal flyver\u00e6kkevidde: 1.635 nm;<\/li><li>Maks. marchhastighed: 370 mph;<\/li><li>Indvendig bagage: 40 kubikfod.<\/li><\/ul>\r\n\r\n\r\n\r\n<p><em>Pilatus PC-12<\/em> er den eneste turboprop, der findes i NICHOLAS AIRs flykatalog.<\/p>\r\n\r\n\r\n\r\n<h3 class=\"wp-block-heading\"><span class=\"ez-toc-section\" id=\"2_Light_and_Very_Light_Private_Jets\"><\/span>2. Lette og meget lette private jetfly<span class=\"ez-toc-section-end\"><\/span><\/h3>\r\n\r\n\r\n\r\n<p>En let privatjet er det n\u00e6stbedste fly, der kan lejes hos NICHOLAS AIR. Disse fly har uovertruffen adgang til lufthavne og landingsbaner. De er ret overkommelige og billigere at vedligeholde end st\u00f8rre fly, og s\u00e5 er de meget tilg\u00e6ngelige p\u00e5 grund af deres lille st\u00f8rrelse og mulighed for at lande stort set hvor som helst. Den st\u00f8rste ulempe ved at leje et lille jetfly er dets r\u00e6kkevidde. Da de er mindre, kan de kun flyve p\u00e5 regionale ture.<\/p>\r\n\r\n\r\n\r\n<h4 class=\"wp-block-heading\"><span class=\"ez-toc-section\" id=\"Our_Recommendation_Citation_CJ3_Phenom_300\"><\/span>Vores anbefaling: Citation CJ3, Phenom 300<span class=\"ez-toc-section-end\"><\/span><\/h4>\r\n\r\n\r\n\r\n<p>Phenom 300 kommer fra den brasilianske producent <a href=\"https:\/\/comparemyjet.com\/da\/embraer\/\" data-internallinksmanager029f6b8e52c=\"151\" title=\"Den ultimative guide til Embraers private jetfly og fly\">Embraer<\/a> og har plads til op til otte personer. Denne private jet har status som den <a href=\"https:\/\/skiesmag.com\/press-releases\/embraers-phenom-300-series-tops-decade-of-product-excellence-with-10th-consecutive-year-as-best-selling-light-jet\/\" target=\"_blank\" rel=\"noopener\">det bedst s\u00e6lgende lette privatfly i verden<\/a> i ti \u00e5r i tr\u00e6k - fra 2011 til 2021. Det er det hele v\u00e6rd til din n\u00e6ste private flyoplevelse, ikke?<\/p>\r\n\r\n\r\n\r\n<p>Specifikationer:<\/p>\r\n\r\n\r\n\r\n<ul class=\"wp-block-list\"><li>Passagerer: 9;<\/li><li>Kabinebredde: 5 f 1 int;<\/li><li>Kabineh\u00f8jde: 4 fod 11 tommer;<\/li><li>Kabinel\u00e6ngde: 17 fod 2 tommer;<\/li><li>Maksimal flyver\u00e6kkevidde: 2.077 nm;<\/li><li>Maks. marchhastighed: 453 km\/t;<\/li><li>Udvendigt bagagerum: 66 kubikfod;<\/li><li>Indvendigt bagagerum: 19 cu ft.<\/li><\/ul>\r\n\r\n\r\n\r\n<p>Ud over at <em>Citation CJ3<\/em> og <em>Phenom 300<\/em> Som en del af deres lette jetflyfl\u00e5de tilbyder NICHOLAS AIR ogs\u00e5 <em>Phenom 100<\/em> som det eneste meget lette jetfly i deres flykatalog.<\/p>\r\n\r\n\r\n\r\n<h3 class=\"wp-block-heading\"><span class=\"ez-toc-section\" id=\"3_Super-Midsize_Private_Jets\"><\/span>3. Super-mellemstore private jetfly<span class=\"ez-toc-section-end\"><\/span><\/h3>\r\n\r\n\r\n\r\n<p>Overvejer du at planl\u00e6gge en arbejdsrejse med et m\u00f8de i flyet eller en ferie med dine k\u00e6re til et fjernt sted, hvor I alle kan tilbringe kvalitetstid sammen? Hvis det er tilf\u00e6ldet, vil chartring af et super-mellemstort fly give rigelig plads, plads til h\u00e5ndbagage og forn\u00f8jelige ture, der varer alt fra fem til otte timer.<\/p>\r\n\r\n\r\n\r\n<h4 class=\"wp-block-heading\"><span class=\"ez-toc-section\" id=\"Our_Recommendation_Citation_Latitude\"><\/span>Vores anbefaling: Citation Latitude<span class=\"ez-toc-section-end\"><\/span><\/h4>\r\n\r\n\r\n\r\n<p>Det glatte gulv og den h\u00f8je kabine er nogle af de mest tiltalende egenskaber ved Citation Latitude.&nbsp;<\/p>\r\n\r\n\r\n\r\n<p>Specifikationer:<\/p>\r\n\r\n\r\n\r\n<ul class=\"wp-block-list\"><li>Passagerer: 6 til 9;<\/li><li>Kabinebredde: 6 fod 4 tommer;<\/li><li>Kabineh\u00f8jde: 6 fod;<\/li><li>Kabinel\u00e6ngde: 21 fod 7 tommer;<\/li><li>Maksimal flyver\u00e6kkevidde: 2.700 nm;<\/li><li>Maks. marchhastighed: 446 mph;<\/li><li>Udvendig bagagerumsplads: 100 cu ft;<\/li><li>Indvendigt bagagerum: 27 kubikfod.<\/li><\/ul>\r\n\r\n\r\n\r\n<p>Ud over at <em>Citation Breddegrad<\/em>NICHOLAS AIR tilbyder ogs\u00e5 <em>Challenger 300<\/em> som en del af deres katalog over super-mellemstore fly.<\/p>\r\n\r\n\r\n\r\n<h2 class=\"wp-block-heading\"><span class=\"ez-toc-section\" id=\"Company_Safety_Policy_and_Standards\"><\/span>Virksomhedens sikkerhedspolitik og -standarder<span class=\"ez-toc-section-end\"><\/span><\/h2>\r\n\r\n\r\n\r\n<p>NICHOLAS AIR Safety Management System (SMS) overser systemets sikkerheds- og ledelsesprocedurer, der er anerkendt af <a href=\"https:\/\/www.icao.int\/Pages\/default.aspx\" target=\"_blank\" rel=\"noopener\">ICAO<\/a> og <a href=\"https:\/\/www.caa.com\/\" target=\"_blank\" rel=\"noopener\">CAA<\/a>. SMS-programmet presser konstant virksomheden til at evaluere sine aktiviteter og alle de valg, den tr\u00e6ffer. Det tilskynder til l\u00f8bende forbedring af sikkerheden ved at vurdere, analysere og kontrollere risici ved hj\u00e6lp af rapporter og dataindsamling. NICHOLAS AIRs SMS-program underst\u00f8tter og udvider deres arbejdskultur med forudseende r\u00e6sonnementer i stedet for reaktiv t\u00e6nkning.<\/p>\r\n\r\n\r\n\r\n<p>Desuden er NICHOLAS AIR ARGUS Platinum-klassificeret. Den <a href=\"https:\/\/www.argus.aero\/\" target=\"_blank\" rel=\"noopener\">ARGUS<\/a> programmet er det mest pr\u00e6cise og grundige tredjepartsauditeringssystem for charteroperat\u00f8rer og st\u00e5r for luftfartsindustriens h\u00f8jdepunkt af ekspertise.&nbsp;<\/p>\r\n\r\n\r\n\r\n<p>NICHOLAS AIR f\u00f8lger ogs\u00e5 <a href=\"https:\/\/ibac.org\/is-bao\" target=\"_blank\" rel=\"noopener\">IS-BAO<\/a> er et forslag til bedste praksis, som skal hj\u00e6lpe flyveafdelinger over hele verden med at opn\u00e5 h\u00f8je standarder for professionalisme og sikkerhed.&nbsp;<\/p>\r\n\r\n\r\n\r\n<h2 class=\"wp-block-heading\"><span class=\"ez-toc-section\" id=\"Pilots\"><\/span>Piloter<span class=\"ez-toc-section-end\"><\/span><\/h2>\r\n\r\n\r\n\r\n<figure class=\"wp-block-image size-full is-style-default\"><img loading=\"lazy\" decoding=\"async\" width=\"1000\" height=\"662\" src=\"https:\/\/comparemyjet.com\/wp-content\/uploads\/2022\/07\/pilot.greeting.young_.couple.jpg\" alt=\"\" class=\"wp-image-3157\" srcset=\"https:\/\/comparemyjet.com\/wp-content\/uploads\/2022\/07\/pilot.greeting.young_.couple-18x12.jpg 18w, https:\/\/comparemyjet.com\/wp-content\/uploads\/2022\/07\/pilot.greeting.young_.couple-300x199.jpg 300w, https:\/\/comparemyjet.com\/wp-content\/uploads\/2022\/07\/pilot.greeting.young_.couple-768x508.jpg 768w, https:\/\/comparemyjet.com\/wp-content\/uploads\/2022\/07\/pilot.greeting.young_.couple.jpg 1000w\" sizes=\"auto, (max-width: 1000px) 100vw, 1000px\" \/><\/figure>\r\n\r\n\r\n\r\n<p>Nicholas Air vil sikre sig, at de har de bedste piloter, og derfor indarbejder de konstant tr\u00e6ningsprogrammer, og deres piloter har den \u00e6re kun at flyve for deres selskab. For at garantere, at bes\u00e6tningen er fortrolig med flyet og cockpittet, er hver pilot udpeget til og forpligtet til en bestemt flytype.<\/p>\r\n\r\n\r\n\r\n<h2 class=\"wp-block-heading\"><span class=\"ez-toc-section\" id=\"Partnerships\"><\/span>Partnerskaber<span class=\"ez-toc-section-end\"><\/span><\/h2>\r\n\r\n\r\n\r\n<p>NICHOLAS AIR samarbejder med <a href=\"https:\/\/www.luxurycard.com\/\" target=\"_blank\" rel=\"noopener\">Luksus-kort<\/a>er verdensf\u00f8rende p\u00e5 markedet for premium-kreditkort, og de er glade for at kunne annoncere deres seneste partnerskab, som giver Luxury Card-indehavere niveaubaserede besparelser.&nbsp;<\/p>\r\n\r\n\r\n\r\n<p>Medlemmer af Luxury Card kan nu k\u00f8be et 15-timers NICHOLAS AIR Blue Jet Card. Med kortet vil medlemmerne modtage en kredit p\u00e5 $2.500 til deres kort. For et 30-timers NICHOLAS AIR Blue Jet Card f\u00e5r medlemmerne en kredit p\u00e5 $7.500. Tilbuddet g\u00e6lder for reservationer, som kunderne foretager gennem en Luxury Card Concierge.<\/p>\r\n\r\n\r\n\r\n<h2 class=\"wp-block-heading\"><span class=\"ez-toc-section\" id=\"Conclusion\"><\/span>Konklusion<span class=\"ez-toc-section-end\"><\/span><\/h2>\r\n\r\n\r\n\r\n<p>NICHOLAS AIR adskiller sig fra andre charter- og administrationsselskaber ved at tilbyde banebrydende, effektive og tilpasningsdygtige valgmuligheder for private flyrejser. De str\u00e6ber efter at overg\u00e5 kundernes forventninger med deres dedikerede personlige rejser\u00e5dgivere, personale og alle l\u00f8sninger derimellem.&nbsp;<\/p>\r\n\r\n\r\n\r\n<p>NICHOLAS AIR tilbyder rimelige priser og har en unik fl\u00e5de med fly, der ikke er \u00e6ldre end fem \u00e5r. Nicholas Correnti skabte grundlaget for en succesfuld virksomhed p\u00e5 grund af sin k\u00e6rlighed til flyvning, og navnet NICHOLAS AIR anses nu for at v\u00e6re et benchmark for f\u00f8rsteklasses brandstandarder.<\/p>","protected":false},"excerpt":{"rendered":"<p>Ved at tilbyde de mest avancerede og tilpassede muligheder for private flyrejser skiller NICHOLAS AIR sig ud fra de fleste andre private jetflyselskaber. Selskabets ry for fremragende kundeservice, fly af h\u00f8j kvalitet og pletfri sikkerhed har tiltrukket mange rejsende. Fra dedikerede personlige rejser\u00e5dgivere til bes\u00e6tningen har NICHOLAS AIR udviklet sig til det punkt, hvor de g\u00e5r over ...<\/p>","protected":false},"author":2,"featured_media":3155,"parent":0,"menu_order":0,"comment_status":"closed","ping_status":"closed","template":"","meta":{"_acf_changed":false,"_genesis_hide_title":false,"_genesis_hide_breadcrumbs":false,"_genesis_hide_singular_image":false,"_genesis_hide_footer_widgets":false,"_genesis_custom_body_class":"","_genesis_custom_post_class":"","_genesis_layout":"","footnotes":""},"class_list":{"1":"page","2":"type-page","6":"entry"},"acf":[],"_links":{"self":[{"href":"https:\/\/comparemyjet.com\/da\/wp-json\/wp\/v2\/pages\/3154","targetHints":{"allow":["GET"]}}],"collection":[{"href":"https:\/\/comparemyjet.com\/da\/wp-json\/wp\/v2\/pages"}],"about":[{"href":"https:\/\/comparemyjet.com\/da\/wp-json\/wp\/v2\/types\/page"}],"author":[{"embeddable":true,"href":"https:\/\/comparemyjet.com\/da\/wp-json\/wp\/v2\/users\/2"}],"replies":[{"embeddable":true,"href":"https:\/\/comparemyjet.com\/da\/wp-json\/wp\/v2\/comments?post=3154"}],"version-history":[{"count":2,"href":"https:\/\/comparemyjet.com\/da\/wp-json\/wp\/v2\/pages\/3154\/revisions"}],"predecessor-version":[{"id":3446,"href":"https:\/\/comparemyjet.com\/da\/wp-json\/wp\/v2\/pages\/3154\/revisions\/3446"}],"wp:featuredmedia":[{"embeddable":true,"href":"https:\/\/comparemyjet.com\/da\/wp-json\/wp\/v2\/media\/3155"}],"wp:attachment":[{"href":"https:\/\/comparemyjet.com\/da\/wp-json\/wp\/v2\/media?parent=3154"}],"curies":[{"name":"wp","href":"https:\/\/api.w.org\/{rel}","templated":true}]}}