{"id":3172,"date":"2022-08-10T21:51:12","date_gmt":"2022-08-10T21:51:12","guid":{"rendered":"https:\/\/comparemyjet.com\/?page_id=3172"},"modified":"2025-09-04T09:58:21","modified_gmt":"2025-09-04T09:58:21","slug":"hopscotch-air","status":"publish","type":"page","link":"https:\/\/comparemyjet.com\/da\/hopscotch-air\/","title":{"rendered":"Hopscotch Air flypriser"},"content":{"rendered":"<p>Hopscotch Air er en banebrydende <a href=\"https:\/\/comparemyjet.com\/da\/how-much-does-air-taxi-cost\/\" data-internallinksmanager029f6b8e52c=\"23\" title=\"Hvor meget koster en flytaxa?\">Lufttaxi<\/a> et selskab, der flyver passagerer rundt i nord\u00f8st, midtatlanten og Canada i sm\u00e5, men teknologisk sofistikerede Cirrus-fly. Selskabet blev certificeret i 2009 og flyver nu omkring 1400 ture om \u00e5ret til en br\u00f8kdel af prisen for almindelige charterflyvninger, hovedsageligt p\u00e5 grund af flyenes billigere \u00f8konomi.<\/p>\r\n\r\n\r\n\r\n<p>Hopscotch Air er en pioner inden for taxaflyvning med sm\u00e5 fly i det nord\u00f8stlige USA og planl\u00e6gger at tilbyde nye regionale flyruter til popul\u00e6re steder i det nord\u00f8stlige USA inden udgangen af 2022.&nbsp;<\/p>\r\n\r\n\r\n\r\n<div id=\"ez-toc-container\" class=\"ez-toc-v2_0_76 counter-hierarchy ez-toc-counter ez-toc-grey ez-toc-container-direction\">\n<p class=\"ez-toc-title\" style=\"cursor:inherit\">Emner<\/p>\n<label for=\"ez-toc-cssicon-toggle-item-69f168c07cfc2\" class=\"ez-toc-cssicon-toggle-label\"><span class=\"\"><span class=\"eztoc-hide\" style=\"display:none;\">Toggle<\/span><span class=\"ez-toc-icon-toggle-span\"><svg style=\"fill: #999;color:#999\" xmlns=\"http:\/\/www.w3.org\/2000\/svg\" class=\"list-377408\" width=\"20px\" height=\"20px\" viewbox=\"0 0 24 24\" fill=\"none\"><path d=\"M6 6H4v2h2V6zm14 0H8v2h12V6zM4 11h2v2H4v-2zm16 0H8v2h12v-2zM4 16h2v2H4v-2zm16 0H8v2h12v-2z\" fill=\"currentColor\"><\/path><\/svg><svg style=\"fill: #999;color:#999\" class=\"arrow-unsorted-368013\" xmlns=\"http:\/\/www.w3.org\/2000\/svg\" width=\"10px\" height=\"10px\" viewbox=\"0 0 24 24\" version=\"1.2\" baseprofile=\"tiny\"><path d=\"M18.2 9.3l-6.2-6.3-6.2 6.3c-.2.2-.3.4-.3.7s.1.5.3.7c.2.2.4.3.7.3h11c.3 0 .5-.1.7-.3.2-.2.3-.5.3-.7s-.1-.5-.3-.7zM5.8 14.7l6.2 6.3 6.2-6.3c.2-.2.3-.5.3-.7s-.1-.5-.3-.7c-.2-.2-.4-.3-.7-.3h-11c-.3 0-.5.1-.7.3-.2.2-.3.5-.3.7s.1.5.3.7z\"\/><\/svg><\/span><\/span><\/label><input type=\"checkbox\"  id=\"ez-toc-cssicon-toggle-item-69f168c07cfc2\" checked aria-label=\"Toggle\" \/><nav><ul class='ez-toc-list ez-toc-list-level-1' ><li class='ez-toc-page-1 ez-toc-heading-level-2'><a class=\"ez-toc-link ez-toc-heading-1\" href=\"https:\/\/comparemyjet.com\/da\/hopscotch-air\/#About_the_Company\" >Om virksomheden<\/a><\/li><li class='ez-toc-page-1 ez-toc-heading-level-2'><a class=\"ez-toc-link ez-toc-heading-2\" href=\"https:\/\/comparemyjet.com\/da\/hopscotch-air\/#Membership_Programs\" >Medlemskabsprogrammer<\/a><ul class='ez-toc-list-level-3' ><li class='ez-toc-heading-level-3'><a class=\"ez-toc-link ez-toc-heading-3\" href=\"https:\/\/comparemyjet.com\/da\/hopscotch-air\/#ClubScotch\" >ClubScotch<\/a><\/li><\/ul><\/li><li class='ez-toc-page-1 ez-toc-heading-level-2'><a class=\"ez-toc-link ez-toc-heading-4\" href=\"https:\/\/comparemyjet.com\/da\/hopscotch-air\/#Destinations_and_Pricing\" >Destinationer og priser<\/a><\/li><li class='ez-toc-page-1 ez-toc-heading-level-2'><a class=\"ez-toc-link ez-toc-heading-5\" href=\"https:\/\/comparemyjet.com\/da\/hopscotch-air\/#The_Fleet\" >Fl\u00e5den&nbsp;<\/a><ul class='ez-toc-list-level-3' ><li class='ez-toc-heading-level-3'><a class=\"ez-toc-link ez-toc-heading-6\" href=\"https:\/\/comparemyjet.com\/da\/hopscotch-air\/#1_Very_Light_Jets\" >1. Meget lette jetfly<\/a><ul class='ez-toc-list-level-4' ><li class='ez-toc-heading-level-4'><a class=\"ez-toc-link ez-toc-heading-7\" href=\"https:\/\/comparemyjet.com\/da\/hopscotch-air\/#Our_Recommendation_The_Cirrus_SR20\" >Vores anbefaling: Cirrus SR20&nbsp;<\/a><\/li><li class='ez-toc-page-1 ez-toc-heading-level-4'><a class=\"ez-toc-link ez-toc-heading-8\" href=\"https:\/\/comparemyjet.com\/da\/hopscotch-air\/#Our_Recommendation_The_Cirrus_SR22\" >Vores anbefaling: Cirrus SR22<\/a><\/li><\/ul><\/li><\/ul><\/li><li class='ez-toc-page-1 ez-toc-heading-level-2'><a class=\"ez-toc-link ez-toc-heading-9\" href=\"https:\/\/comparemyjet.com\/da\/hopscotch-air\/#Company_Safety_Policy_and_Standards\" >Virksomhedens sikkerhedspolitik og -standarder&nbsp;<\/a><\/li><li class='ez-toc-page-1 ez-toc-heading-level-2'><a class=\"ez-toc-link ez-toc-heading-10\" href=\"https:\/\/comparemyjet.com\/da\/hopscotch-air\/#Partnerships\" >Partnerskaber<\/a><\/li><li class='ez-toc-page-1 ez-toc-heading-level-2'><a class=\"ez-toc-link ez-toc-heading-11\" href=\"https:\/\/comparemyjet.com\/da\/hopscotch-air\/#Conclusion\" >Konklusion<\/a><\/li><\/ul><\/nav><\/div>\n<h2 class=\"wp-block-heading\"><span class=\"ez-toc-section\" id=\"About_the_Company\"><\/span>Om virksomheden<span class=\"ez-toc-section-end\"><\/span><\/h2>\r\n\r\n\r\n\r\n<p>Hopscotch Air er en <a href=\"https:\/\/www.faa.gov\/\" target=\"_blank\" rel=\"noopener\">FAA<\/a>-certificeret luftfartsselskab med base i <a href=\"https:\/\/comparemyjet.com\/da\/private-tours\/new-york-city-private-tours\/\" data-internallinksmanager029f6b8e52c=\"427\" title=\"11 bedste private ture i New York City fra $48.00\">New York<\/a>med knudepunkter i lufthavnene Republic Farmingdale, Westchester County og Teterboro.&nbsp;<\/p>\r\n\r\n\r\n\r\n<p>Selskabet har sin egen flyfl\u00e5de og tilbyder et medlemsprogram med indgangs- og medlemsgebyrer, der starter ved $3,900. Indgangsprogrammet er The Jet Card, en pay-as-you-go-service med fast, flad pris pr. rute.&nbsp;<\/p>\r\n\r\n\r\n\r\n<p>Lad os se n\u00e6rmere p\u00e5 disse medlemsprogrammer.<\/p>\r\n\r\n\r\n\r\n<h2 class=\"wp-block-heading\"><span class=\"ez-toc-section\" id=\"Membership_Programs\"><\/span>Medlemskabsprogrammer<span class=\"ez-toc-section-end\"><\/span><\/h2>\r\n\r\n\r\n\r\n<figure class=\"wp-block-image size-full is-style-default\"><img loading=\"lazy\" decoding=\"async\" width=\"1000\" height=\"667\" src=\"https:\/\/comparemyjet.com\/wp-content\/uploads\/2022\/07\/cirrus.sr_.22.jpg\" alt=\"\" class=\"wp-image-3174\" srcset=\"https:\/\/comparemyjet.com\/wp-content\/uploads\/2022\/07\/cirrus.sr_.22-18x12.jpg 18w, https:\/\/comparemyjet.com\/wp-content\/uploads\/2022\/07\/cirrus.sr_.22-300x200.jpg 300w, https:\/\/comparemyjet.com\/wp-content\/uploads\/2022\/07\/cirrus.sr_.22-768x512.jpg 768w, https:\/\/comparemyjet.com\/wp-content\/uploads\/2022\/07\/cirrus.sr_.22.jpg 1000w\" sizes=\"auto, (max-width: 1000px) 100vw, 1000px\" \/><\/figure>\r\n\r\n\r\n\r\n<p>Virksomheden startede deres medlemsprogram i 2019. Medlemmer betaler $325 pr. m\u00e5ned og f\u00e5r eksklusive rabatter og andre fordele.&nbsp;<\/p>\r\n\r\n\r\n\r\n<p>Du kan blive medlem ved at kontakte dem p\u00e5 deres <a href=\"https:\/\/flyhopscotch.com\/join-clubscotch\/\" target=\"_blank\" rel=\"noopener\">hjemmeside<\/a>.<\/p>\r\n\r\n\r\n\r\n<h3 class=\"wp-block-heading\"><span class=\"ez-toc-section\" id=\"ClubScotch\"><\/span>ClubScotch<span class=\"ez-toc-section-end\"><\/span><\/h3>\r\n\r\n\r\n\r\n<p>I hele Nord\u00f8st, Midtatlanten og Canada flyver Hopscotch dig til hundredvis af lufthavne, fra de mindste til de st\u00f8rste. Deres fly kan transportere dig til mindre, mindre overfyldte lufthavne t\u00e6ttere p\u00e5 din endelige destination. Alle flyvninger afg\u00e5r i henhold til din tidsplan.<\/p>\r\n\r\n\r\n\r\n<p>For at blive medlem af ClubScoth skal du forpligte dig for et \u00e5r ad gangen. Du kan v\u00e6lge at betale $325 pr. m\u00e5ned eller $3,250 pr. \u00e5r.<\/p>\r\n\r\n\r\n\r\n<p>Medlemmer har adgang til prioriteret tidsbestilling og hurtig adgang til deres Customer Experience-team. Som ClubScotch-medlem er du berettiget til aftaler i sidste \u00f8jeblik og gratis ventetid i op til 15 timer. Du kan bruge de 15 timers gratis forsinkelse i l\u00f8bet af hele \u00e5ret. Det er en \u00e5rlig rabat p\u00e5 mere end $1.000.<\/p>\r\n\r\n\r\n\r\n<p>M\u00e5ske har du lyst til at overnatte p\u00e5 din destination? En gratis overnatning tilbydes en gang om \u00e5ret (<a href=\"https:\/\/comparemyjet.com\/da\/hotels\/\" data-internallinksmanager029f6b8e52c=\"470\" title=\"De 100 bedste hoteller n\u00e6r lufthavne fra hele verden\">hotel<\/a> og mad er ikke inkluderet). Flyet venter p\u00e5 dig n\u00e6ste dag for at afslutte din rundrejse.&nbsp;<\/p>\r\n\r\n\r\n\r\n<p>Virksomhedens afbestillingspolitik giver dig mulighed for at \u00e6ndre din dato\/rute og er ret fleksibel for medlemmerne. Du vil ikke blive opkr\u00e6vet betaling for eventuelle \u00e6ndringer, du foretager under din rejse. Ikke-medlemmer har 48 timer til at afbestille flyvninger og f\u00e5 refunderet pengene, mens medlemmer har 24 timer.<\/p>\r\n\r\n\r\n\r\n<p>De st\u00f8rste fordele, som ClubScotch-medlemmer f\u00e5r, er, at de generelt ofte betaler omkring 25% mindre end ikke-medlemmer til detailprisen og f\u00e5r adgang til ClubScotch-siden, s\u00e5 de kan tjekke deres flyhistorik og kontosaldo online.<\/p>\r\n\r\n\r\n\r\n<h2 class=\"wp-block-heading\"><span class=\"ez-toc-section\" id=\"Destinations_and_Pricing\"><\/span>Destinationer og priser<span class=\"ez-toc-section-end\"><\/span><\/h2>\r\n\r\n\r\n\r\n<p>SR22-flyene samler normalt passagererne op i New York City-lufthavne, og de fjerneste destinationer er vest til <a href=\"https:\/\/comparemyjet.com\/da\/private-jet-charters-to-chicago\/\" data-internallinksmanager029f6b8e52c=\"170\" title=\"Charter med privatfly til Chicago\">Chicago<\/a> eller sydp\u00e5 til South Carolina.&nbsp;<\/p>\r\n\r\n\r\n\r\n<p>F\u00f8lgende tabel indeholder priser for en envejsrejse samme dag med afgang fra White Plains, Farmingdale og Teterboro.&nbsp;<\/p>\r\n\r\n\r\n\r\n<figure class=\"wp-block-table\"><table><tbody><tr><td>Destinationer<\/td><td>En-vejs priser<\/td><\/tr><tr><td><a href=\"https:\/\/comparemyjet.com\/da\/private-tours\/philadelphia-private-tours\/\" data-internallinksmanager029f6b8e52c=\"430\" title=\"De 11 bedste private ture i Philadelphia fra $245.00\">Philadelphia<\/a>&nbsp;<\/td><td>$1,956<\/td><\/tr><tr><td>Atlantic City&nbsp;<\/td><td>$2,019<\/td><\/tr><tr><td>Newport&nbsp;<\/td><td>$2,144<\/td><\/tr><tr><td><a href=\"https:\/\/comparemyjet.com\/da\/private-jet-charters-to-boston\/\" data-internallinksmanager029f6b8e52c=\"177\" title=\"Charter med privatfly til Boston\">Boston<\/a> - Bedford&nbsp;<\/td><td>$2,426<\/td><\/tr><tr><td>Martha's Vineyard&nbsp;<\/td><td>$2,489<\/td><\/tr><tr><td>Nantucket&nbsp;<\/td><td>$2,802<\/td><\/tr><tr><td>Provincetown&nbsp;<\/td><td>$2,834<\/td><\/tr><tr><td>Boston - Logan&nbsp;<\/td><td>$2,888<\/td><\/tr><tr><td>Burlington&nbsp;<\/td><td>$3,335<\/td><\/tr><\/tbody><\/table><\/figure>\r\n\r\n\r\n\r\n<p>Hopscotch betjener det nord\u00f8stlige USA, den midtatlantiske region og dele af Ontario og Quebec. Popul\u00e6re for\u00e5rs- og sommerudflugter er:<\/p>\r\n\r\n\r\n\r\n<ul class=\"wp-block-list\"><li>Cape Cod,&nbsp;<\/li><li>Provincetown, Provincetown,&nbsp;<\/li><li>Martha's Vineyard,&nbsp;<\/li><li>East Hampton,&nbsp;<\/li><li>Burlington,&nbsp;<\/li><li><a href=\"https:\/\/comparemyjet.com\/da\/private-tours\/portland-private-tours\/\" data-internallinksmanager029f6b8e52c=\"432\" title=\"De 11 bedste private ture i Portland fra $48.00\">Portland<\/a>,&nbsp;<\/li><li>Block Island,&nbsp;<\/li><li>Great Barrington,&nbsp;<\/li><li>og Stowe.&nbsp;<\/li><\/ul>\r\n\r\n\r\n\r\n<p>Men de flyver ogs\u00e5 til fjerntliggende steder i staten New York, Massachusetts, Pennsylvania og New York. <a href=\"https:\/\/comparemyjet.com\/da\/private-jet-charters-to-jersey\/\" data-internallinksmanager029f6b8e52c=\"176\" title=\"Charter med privatfly til Jersey\">Jersey<\/a>. New England-destinationer er blandt Hopscotch Airs mest popul\u00e6re ruter.<\/p>\r\n\r\n\r\n\r\n<p>Der er ingen garanti for, at flyet er tilg\u00e6ngeligt, og priserne er faste baseret p\u00e5 ruten.<\/p>\r\n\r\n\r\n\r\n<h2 class=\"wp-block-heading\"><span class=\"ez-toc-section\" id=\"The_Fleet\"><\/span>Fl\u00e5den&nbsp;<span class=\"ez-toc-section-end\"><\/span><\/h2>\r\n\r\n\r\n\r\n<figure class=\"wp-block-image size-full is-style-default\"><img loading=\"lazy\" decoding=\"async\" width=\"1000\" height=\"606\" src=\"https:\/\/comparemyjet.com\/wp-content\/uploads\/2022\/07\/cirrus.fleet_.jpg\" alt=\"\" class=\"wp-image-3173\" srcset=\"https:\/\/comparemyjet.com\/wp-content\/uploads\/2022\/07\/cirrus.fleet_-18x12.jpg 18w, https:\/\/comparemyjet.com\/wp-content\/uploads\/2022\/07\/cirrus.fleet_-300x182.jpg 300w, https:\/\/comparemyjet.com\/wp-content\/uploads\/2022\/07\/cirrus.fleet_-768x465.jpg 768w, https:\/\/comparemyjet.com\/wp-content\/uploads\/2022\/07\/cirrus.fleet_.jpg 1000w\" sizes=\"auto, (max-width: 1000px) 100vw, 1000px\" \/><\/figure>\r\n\r\n\r\n\r\n<p>Hopscotch Air er et lufttaxiselskab, der driver en fl\u00e5de af Cirrus SR-20\/22-fly. Disse fly kan flyve op til 800 miles uden at stoppe for at tanke op.&nbsp;<\/p>\r\n\r\n\r\n\r\n<p>Selvom flyvninger med et enmotoret stempelfly tager l\u00e6ngere tid end flyvninger i et jetfly, kan de lande i mindre lufthavne med kortere landingsbaner og er perfekte til et selskab p\u00e5 tre. Cirrus-fly har adgang til tusindvis af offentlige lufthavne i den nord\u00f8stlige region.<\/p>\r\n\r\n\r\n\r\n<h3 class=\"wp-block-heading\"><span class=\"ez-toc-section\" id=\"1_Very_Light_Jets\"><\/span>1. Meget lette jetfly<span class=\"ez-toc-section-end\"><\/span><\/h3>\r\n\r\n\r\n\r\n<p>Very Light Jet er den mindste og mest \u00f8konomiske form for privatfly. De er ideelle til kortere rejser over sm\u00e5 afstande med en r\u00e6kkevidde p\u00e5 ca. 2.000 miles og en timehastighed p\u00e5 mere end 600 mph. Disse fly er ideelle til regionale ture og har normalt plads til 3 til 6 personer.<\/p>\r\n\r\n\r\n\r\n<h4 class=\"wp-block-heading\"><span class=\"ez-toc-section\" id=\"Our_Recommendation_The_Cirrus_SR20\"><\/span>Vores anbefaling: Cirrus SR20&nbsp;<span class=\"ez-toc-section-end\"><\/span><\/h4>\r\n\r\n\r\n\r\n<p>Cirrus Aircraft i Duluth, Minnesota, fremstiller Cirrus SR20, et fires\u00e6det monoplan i komposit, der drives af en stempelmotor.<\/p>\r\n\r\n\r\n\r\n<p>SR20 var det f\u00f8rste almindelige fly, der var udstyret med en faldsk\u00e6rm til at lande sikkert i n\u00f8dsituationer. Det er ogs\u00e5 det f\u00f8rste lette fly, der udelukkende er bygget af kompositmaterialer.<\/p>\r\n\r\n\r\n\r\n<p>Specifikationer og ydeevne for Cirrus SR20:<\/p>\r\n\r\n\r\n\r\n<ul class=\"wp-block-list\"><li>Passagerer: 3;<\/li><li>Udvendig h\u00f8jde: 8 ft 11 in;<\/li><li>Udvendig l\u00e6ngde: 26 fod;<\/li><li>Kabinebredde: 4 ft 1 in;<\/li><li>Kabineh\u00f8jde: 4 fod 2 tommer;<\/li><li>Kabinel\u00e6ngde: 10 fod 10 tommer;<\/li><li>Stigningshastighed: 920 fpm;<\/li><li>Normal cruise: 155 kts;<\/li><li>Max hastighed: 155 kts;<\/li><li>Maksimal r\u00e6kkevidde: 785 nm;<\/li><li>Br\u00e6ndstofkapacitet: 336 lbs lb;<\/li><li>Maks. nyttelast: 720 lb;<\/li><li>Bes\u00e6tning: 1.<\/li><\/ul>\r\n\r\n\r\n\r\n<h4 class=\"wp-block-heading\"><span class=\"ez-toc-section\" id=\"Our_Recommendation_The_Cirrus_SR22\"><\/span>Vores anbefaling: Cirrus SR22<span class=\"ez-toc-section-end\"><\/span><\/h4>\r\n\r\n\r\n\r\n<p>Cirrus SR22 er omhyggeligt designet til at give dig den bedste flyveoplevelse. Den byder p\u00e5 sofistikeret teknisk innovation, sp\u00e6ndende pr\u00e6stationer og uovertruffen flair. SR22's rummelige interi\u00f8r, som giver masser af benplads til passagererne, er en af dens st\u00e6rkeste egenskaber.<\/p>\r\n\r\n\r\n\r\n<p>Specifikationer og ydeevne for Cirrus SR22:<\/p>\r\n\r\n\r\n\r\n<ul class=\"wp-block-list\"><li>Passagerer: 4;<\/li><li>Udvendig h\u00f8jde: 8 ft 11 in;<\/li><li>Vingesp\u00e6nd: 38 fod 4 tommer;<\/li><li>Udvendig l\u00e6ngde: 26 fod;<\/li><li>Kabinevolumen: 137 kubikfod;<\/li><li>Kabinebredde: 4 ft 1 in;<\/li><li>Kabineh\u00f8jde: 4 fod 2 tommer;<\/li><li>Kabinel\u00e6ngde: 8 fod;<\/li><li>Indvendig bagage: 32 kubikfod;<\/li><li>Br\u00e6ndstofkapacitet: 486 lbs lb;<\/li><li>Maks. nyttelast: 950 lb;<\/li><li>Max hastighed: 186 kts;<\/li><li>Flyver\u00e6kkevidde: 659 nm - 1100 nm;<\/li><li>Landingsafstand: 4005 fod;<\/li><li>Stigningshastighed: 1400 fpm;<\/li><li>Bes\u00e6tning: 1.<\/li><\/ul>\r\n\r\n\r\n\r\n<h2 class=\"wp-block-heading\"><span class=\"ez-toc-section\" id=\"Company_Safety_Policy_and_Standards\"><\/span>Virksomhedens sikkerhedspolitik og -standarder&nbsp;<span class=\"ez-toc-section-end\"><\/span><\/h2>\r\n\r\n\r\n\r\n<figure class=\"wp-block-image size-full is-style-default\"><img loading=\"lazy\" decoding=\"async\" width=\"1000\" height=\"662\" src=\"https:\/\/comparemyjet.com\/wp-content\/uploads\/2022\/07\/pilot.greeting.young_.couple-1.jpg\" alt=\"Hopscotch Air\" class=\"wp-image-3176\" srcset=\"https:\/\/comparemyjet.com\/wp-content\/uploads\/2022\/07\/pilot.greeting.young_.couple-1-18x12.jpg 18w, https:\/\/comparemyjet.com\/wp-content\/uploads\/2022\/07\/pilot.greeting.young_.couple-1-300x199.jpg 300w, https:\/\/comparemyjet.com\/wp-content\/uploads\/2022\/07\/pilot.greeting.young_.couple-1-768x508.jpg 768w, https:\/\/comparemyjet.com\/wp-content\/uploads\/2022\/07\/pilot.greeting.young_.couple-1.jpg 1000w\" sizes=\"auto, (max-width: 1000px) 100vw, 1000px\" \/><\/figure>\r\n\r\n\r\n\r\n<p>SR 22\/20's sofistikerede kampd\u00e6k og autopilot g\u00f8r det muligt at flyve med \u00e9n pilot, men jetflyene leveres med en n\u00f8dfaldsk\u00e6rm i hele flyet, hvilket if\u00f8lge virksomheden er et vigtigt salgsargument for forbrugerne.<\/p>\r\n\r\n\r\n\r\n<p>SR 20\/22 er ogs\u00e5 <a href=\"https:\/\/www.faa.gov\/about\/office_org\/headquarters_offices\/ato\/service_units\/techops\/navservices\/gnss\/waas\" target=\"_blank\" rel=\"noopener\">WAAS (Wide Area Augmentation System<\/a>), der er i stand til og certificeret til at flyve under vanskelige isingssituationer. Desuden er jetflyene udstyret med WAAS, et jordbaseret\/GPS-kombinationssystem, der g\u00f8r det muligt for flyene at foretage pr\u00e6cise landinger i lufthavne, hvor en <a href=\"https:\/\/skybrary.aero\/articles\/instrument-landing-system-ils\" target=\"_blank\" rel=\"noopener\">ILS<\/a> ikke er til stede eller fungerer.<\/p>\r\n\r\n\r\n\r\n<p>Nassau Flyers, et n\u00e6rliggende fabriksautoriseret Cirrus-v\u00e6rksted, udf\u00f8rer alle modifikationer og anden struktur- og motorvedligeholdelse p\u00e5 jorden.<\/p>\r\n\r\n\r\n\r\n<h2 class=\"wp-block-heading\"><span class=\"ez-toc-section\" id=\"Partnerships\"><\/span>Partnerskaber<span class=\"ez-toc-section-end\"><\/span><\/h2>\r\n\r\n\r\n\r\n<p>Hopscotch og Linear Air er g\u00e5et sammen om at drive den eneste ruteflyvning uden stop mellem White Plains og Boston-omr\u00e5det.<\/p>\r\n\r\n\r\n\r\n<p>I lighed med Hopscotch driver Linear Air ogs\u00e5 Eclipse VLJ'er (meget lette jetfly). Sammen giver de to virksomheder forbrugerne en r\u00e6kke valgmuligheder med hensyn til hastighed og r\u00e6kkevidde for on-demand lufttaxier.<\/p>\r\n\r\n\r\n\r\n<h2 class=\"wp-block-heading\"><span class=\"ez-toc-section\" id=\"Conclusion\"><\/span>Konklusion<span class=\"ez-toc-section-end\"><\/span><\/h2>\r\n\r\n\r\n\r\n<p>Under brandet ClubScotch tilbyder Hopscotch Air et Cirrus SR22- og SR20-medlemskabsprogram med enmotorede stempelfly i hele det nord\u00f8stlige og midtatlantiske omr\u00e5de til faste priser. Hvert fly kan rumme op til fire rejsende.<\/p>\r\n\r\n\r\n\r\n<p>P\u00e5 grund af det stigende antal kunder planl\u00e6gger virksomheden at lancere en ny fl\u00e5de af otte-s\u00e6ders turbopropfly for at \u00f8ge kapaciteten, mens den allerede har indg\u00e5et en aftale med Transcend Air Corporation om at k\u00f8be det prisbel\u00f8nnede Vy 400-fly med lodret start og landing. Disse fly vil blive brugt til at udvide ruterne uden for lufthavne.&nbsp;<\/p>\r\n\r\n\r\n\r\n<p>I mods\u00e6tning til typisk charter tager Hopscotch ikke betaling pr. time og tilf\u00f8jer heller ikke br\u00e6ndstofgebyrer. P\u00e5 bookingtidspunktet giver de en enkelt, fast pris.&nbsp;<\/p>","protected":false},"excerpt":{"rendered":"<p>Hopscotch Air er et banebrydende lufttaxiselskab, der flyver passagerer rundt i Nord\u00f8st, Midtatlanten og Canada i sm\u00e5, men teknologisk sofistikerede Cirrus-fly. Selskabet blev certificeret i 2009 og flyver nu omkring 1400 ture om \u00e5ret til en br\u00f8kdel af prisen for almindelige charterflyvninger, hovedsageligt p\u00e5 grund af den billigere \u00f8konomi ...<\/p>","protected":false},"author":2,"featured_media":3175,"parent":0,"menu_order":0,"comment_status":"closed","ping_status":"closed","template":"","meta":{"_acf_changed":false,"_genesis_hide_title":false,"_genesis_hide_breadcrumbs":false,"_genesis_hide_singular_image":false,"_genesis_hide_footer_widgets":false,"_genesis_custom_body_class":"","_genesis_custom_post_class":"","_genesis_layout":"","footnotes":""},"class_list":{"1":"page","2":"type-page","6":"entry"},"acf":[],"_links":{"self":[{"href":"https:\/\/comparemyjet.com\/da\/wp-json\/wp\/v2\/pages\/3172","targetHints":{"allow":["GET"]}}],"collection":[{"href":"https:\/\/comparemyjet.com\/da\/wp-json\/wp\/v2\/pages"}],"about":[{"href":"https:\/\/comparemyjet.com\/da\/wp-json\/wp\/v2\/types\/page"}],"author":[{"embeddable":true,"href":"https:\/\/comparemyjet.com\/da\/wp-json\/wp\/v2\/users\/2"}],"replies":[{"embeddable":true,"href":"https:\/\/comparemyjet.com\/da\/wp-json\/wp\/v2\/comments?post=3172"}],"version-history":[{"count":2,"href":"https:\/\/comparemyjet.com\/da\/wp-json\/wp\/v2\/pages\/3172\/revisions"}],"predecessor-version":[{"id":3451,"href":"https:\/\/comparemyjet.com\/da\/wp-json\/wp\/v2\/pages\/3172\/revisions\/3451"}],"wp:featuredmedia":[{"embeddable":true,"href":"https:\/\/comparemyjet.com\/da\/wp-json\/wp\/v2\/media\/3175"}],"wp:attachment":[{"href":"https:\/\/comparemyjet.com\/da\/wp-json\/wp\/v2\/media?parent=3172"}],"curies":[{"name":"wp","href":"https:\/\/api.w.org\/{rel}","templated":true}]}}