{"id":3182,"date":"2022-08-04T21:07:59","date_gmt":"2022-08-04T21:07:59","guid":{"rendered":"https:\/\/comparemyjet.com\/?page_id=3182"},"modified":"2025-09-04T09:58:20","modified_gmt":"2025-09-04T09:58:20","slug":"fxair","status":"publish","type":"page","link":"https:\/\/comparemyjet.com\/da\/fxair\/","title":{"rendered":"Priser p\u00e5 FXAIR-flyvninger"},"content":{"rendered":"<p>FXAIR er et relativt nyt privat charterselskab, der startede i 2020. Selskabet er vokset eksponentielt siden da, delvist p\u00e5 grund af den stigende popularitet af private flyrejser med COVID-19-pandemien.<\/p>\r\n\r\n\r\n\r\n<p>FXAIR er en del af Directional Aviation-familien af virksomheder grundlagt af Ken Ricci, som omfatter <a href=\"https:\/\/comparemyjet.com\/da\/flexjet\/\" data-internallinksmanager029f6b8e52c=\"187\" title=\"Flexjet fraktioneret jet-ejerskab\">Flexjet<\/a>, <a href=\"https:\/\/comparemyjet.com\/da\/sentient-jet\/\" data-internallinksmanager029f6b8e52c=\"106\" title=\"Priser p\u00e5 Sentient Jet-flyvninger\">F\u00f8lelsesm\u00e6ssigt jetfly<\/a>, <a href=\"https:\/\/comparemyjet.com\/da\/privatefly\/\" data-internallinksmanager029f6b8e52c=\"115\" title=\"PrivateFly flypriser\">PrivateFly<\/a>, Tivoli og FXAIR, samt Nextant Aerospace (jetproducent) og Sojourn Aviation (jet-salgsfirma). De tilbyder et chartermedlemskabsprogram og on-demand privat jetleasing. Lad os se n\u00e6rmere p\u00e5 disse tjenester, men f\u00f8rst et par ord om selve virksomheden.<\/p>\r\n\r\n\r\n\r\n<div id=\"ez-toc-container\" class=\"ez-toc-v2_0_76 counter-hierarchy ez-toc-counter ez-toc-grey ez-toc-container-direction\">\n<p class=\"ez-toc-title\" style=\"cursor:inherit\">Emner<\/p>\n<label for=\"ez-toc-cssicon-toggle-item-69de7ce5e6664\" class=\"ez-toc-cssicon-toggle-label\"><span class=\"\"><span class=\"eztoc-hide\" style=\"display:none;\">Toggle<\/span><span class=\"ez-toc-icon-toggle-span\"><svg style=\"fill: #999;color:#999\" xmlns=\"http:\/\/www.w3.org\/2000\/svg\" class=\"list-377408\" width=\"20px\" height=\"20px\" viewbox=\"0 0 24 24\" fill=\"none\"><path d=\"M6 6H4v2h2V6zm14 0H8v2h12V6zM4 11h2v2H4v-2zm16 0H8v2h12v-2zM4 16h2v2H4v-2zm16 0H8v2h12v-2z\" fill=\"currentColor\"><\/path><\/svg><svg style=\"fill: #999;color:#999\" class=\"arrow-unsorted-368013\" xmlns=\"http:\/\/www.w3.org\/2000\/svg\" width=\"10px\" height=\"10px\" viewbox=\"0 0 24 24\" version=\"1.2\" baseprofile=\"tiny\"><path d=\"M18.2 9.3l-6.2-6.3-6.2 6.3c-.2.2-.3.4-.3.7s.1.5.3.7c.2.2.4.3.7.3h11c.3 0 .5-.1.7-.3.2-.2.3-.5.3-.7s-.1-.5-.3-.7zM5.8 14.7l6.2 6.3 6.2-6.3c.2-.2.3-.5.3-.7s-.1-.5-.3-.7c-.2-.2-.4-.3-.7-.3h-11c-.3 0-.5.1-.7.3-.2.2-.3.5-.3.7s.1.5.3.7z\"\/><\/svg><\/span><\/span><\/label><input type=\"checkbox\"  id=\"ez-toc-cssicon-toggle-item-69de7ce5e6664\" checked aria-label=\"Toggle\" \/><nav><ul class='ez-toc-list ez-toc-list-level-1' ><li class='ez-toc-page-1 ez-toc-heading-level-2'><a class=\"ez-toc-link ez-toc-heading-1\" href=\"https:\/\/comparemyjet.com\/da\/fxair\/#About_the_Company\" >Om virksomheden<\/a><\/li><li class='ez-toc-page-1 ez-toc-heading-level-2'><a class=\"ez-toc-link ez-toc-heading-2\" href=\"https:\/\/comparemyjet.com\/da\/fxair\/#Company_Membership_Program\" >Program for virksomhedsmedlemskab<\/a><\/li><li class='ez-toc-page-1 ez-toc-heading-level-2'><a class=\"ez-toc-link ez-toc-heading-3\" href=\"https:\/\/comparemyjet.com\/da\/fxair\/#On-Demand_Charter_Flight\" >On-Demand charterflyvning<\/a><\/li><li class='ez-toc-page-1 ez-toc-heading-level-2'><a class=\"ez-toc-link ez-toc-heading-4\" href=\"https:\/\/comparemyjet.com\/da\/fxair\/#The_Fleet\" >Fl\u00e5den&nbsp;<\/a><ul class='ez-toc-list-level-3' ><li class='ez-toc-heading-level-3'><a class=\"ez-toc-link ez-toc-heading-5\" href=\"https:\/\/comparemyjet.com\/da\/fxair\/#1_Light_Private_Jets\" >1. Lette private jetfly<\/a><ul class='ez-toc-list-level-4' ><li class='ez-toc-heading-level-4'><a class=\"ez-toc-link ez-toc-heading-6\" href=\"https:\/\/comparemyjet.com\/da\/fxair\/#Our_Recommendation_The_Nextant_400XT\" >Vores anbefaling: Nextant 400XT<\/a><\/li><\/ul><\/li><li class='ez-toc-page-1 ez-toc-heading-level-3'><a class=\"ez-toc-link ez-toc-heading-7\" href=\"https:\/\/comparemyjet.com\/da\/fxair\/#2_Midsize_Private_Jets\" >2. Mellemstore private jetfly<\/a><ul class='ez-toc-list-level-4' ><li class='ez-toc-heading-level-4'><a class=\"ez-toc-link ez-toc-heading-8\" href=\"https:\/\/comparemyjet.com\/da\/fxair\/#Our_Recommendation_The_Citation_Excel\" >Vores anbefaling: Citation Excel<\/a><\/li><\/ul><\/li><li class='ez-toc-page-1 ez-toc-heading-level-3'><a class=\"ez-toc-link ez-toc-heading-9\" href=\"https:\/\/comparemyjet.com\/da\/fxair\/#3_Super-Midsize_Private_Jets\" >3. Super-mellemstore private jetfly&nbsp;<\/a><ul class='ez-toc-list-level-4' ><li class='ez-toc-heading-level-4'><a class=\"ez-toc-link ez-toc-heading-10\" href=\"https:\/\/comparemyjet.com\/da\/fxair\/#Our_Recommendation_The_Falcon_50\" >Vores anbefaling: Falcon 50&nbsp;<\/a><\/li><\/ul><\/li><li class='ez-toc-page-1 ez-toc-heading-level-3'><a class=\"ez-toc-link ez-toc-heading-11\" href=\"https:\/\/comparemyjet.com\/da\/fxair\/#4_Large_Private_Jets\" >4. Store private jetfly<\/a><ul class='ez-toc-list-level-4' ><li class='ez-toc-heading-level-4'><a class=\"ez-toc-link ez-toc-heading-12\" href=\"https:\/\/comparemyjet.com\/da\/fxair\/#Our_Recommendation_The_Gulfstream_GIV\" >Vores anbefaling: Gulfstream GIV<\/a><\/li><\/ul><\/li><li class='ez-toc-page-1 ez-toc-heading-level-3'><a class=\"ez-toc-link ez-toc-heading-13\" href=\"https:\/\/comparemyjet.com\/da\/fxair\/#5_Ultra-Long-Range_Private_Jets\" >5. Private jetfly med ultralang r\u00e6kkevidde<\/a><ul class='ez-toc-list-level-4' ><li class='ez-toc-heading-level-4'><a class=\"ez-toc-link ez-toc-heading-14\" href=\"https:\/\/comparemyjet.com\/da\/fxair\/#Our_Recommendation_Gulfstream_GV\" >Vores anbefaling: Gulfstream GV<\/a><\/li><\/ul><\/li><\/ul><\/li><li class='ez-toc-page-1 ez-toc-heading-level-2'><a class=\"ez-toc-link ez-toc-heading-15\" href=\"https:\/\/comparemyjet.com\/da\/fxair\/#Company_Safety_Policy_and_Standards\" >Virksomhedens sikkerhedspolitik og -standarder<\/a><\/li><li class='ez-toc-page-1 ez-toc-heading-level-2'><a class=\"ez-toc-link ez-toc-heading-16\" href=\"https:\/\/comparemyjet.com\/da\/fxair\/#Conclusion\" >Konklusion<\/a><\/li><\/ul><\/nav><\/div>\n<h2 class=\"wp-block-heading\"><span class=\"ez-toc-section\" id=\"About_the_Company\"><\/span>Om virksomheden<span class=\"ez-toc-section-end\"><\/span><\/h2>\r\n\r\n\r\n\r\n<p>FXAIR er et nystiftet firma, der ejes af Directional Aviation, med Andrew Collins som CEO og Gregg Slow som pr\u00e6sident, med hovedkontor i <a href=\"https:\/\/comparemyjet.com\/da\/private-tours\/new-york-city-private-tours\/\" data-internallinksmanager029f6b8e52c=\"427\" title=\"11 bedste private ture i New York City fra $48.00\">New York City<\/a>.&nbsp;<\/p>\r\n\r\n\r\n\r\n<p>FXAIR har ikke sin egen fl\u00e5de, men bruger i stedet Flexjets fl\u00e5de og andre tredjepartsoperat\u00f8rer. Gennem sit Aviator-program giver FXAIR sine kunder prioriteret adgang til deres \u00f8nskede fly - selv p\u00e5 dage med stor eftersp\u00f8rgsel. Flyene i FXAIR-systemet leveres af selskaber, der overholder de h\u00f8jeste sikkerhedskrav, som ofte g\u00e5r ud over <a href=\"https:\/\/www.faa.gov\/\" target=\"_blank\" rel=\"noopener\">FAA<\/a> retningslinjer.<\/p>\r\n\r\n\r\n\r\n<h2 class=\"wp-block-heading\"><span class=\"ez-toc-section\" id=\"Company_Membership_Program\"><\/span>Program for virksomhedsmedlemskab<span class=\"ez-toc-section-end\"><\/span><\/h2>\r\n\r\n\r\n\r\n<p>FXAIR's f\u00f8rste medlemsprogram, Aviator Account, giver dig prioriteret adgang til andengenerations Flexjet-fly. Du kan ogs\u00e5 drage fordel af nogle s\u00e6rlige incitamenter og tilbud, der udelukkende er udviklet til almindelige flyvere, s\u00e5som prioriteret booking p\u00e5 travle rejsedage.&nbsp;<\/p>\r\n\r\n\r\n\r\n<p>Der kr\u00e6ves en investering p\u00e5 mindst $100.000 for at aktivere dette medlemsprogram. Som medlem f\u00e5r du gratis forplejning og gratis lokalt Wi-Fi, samt gratis afisning og gratis opgraderinger, n\u00e5r det er muligt. Hvis du booker mindst en uge i forvejen, kan du flyve tv\u00e6rs over USA p\u00e5 et super-mid cabin-fly for en fast pris p\u00e5 $32,000. Din kontosaldo har ingen udl\u00f8bsdato, og du kan f\u00e5 refunderet medlemsgebyret.<\/p>\r\n\r\n\r\n\r\n<h2 class=\"wp-block-heading\"><span class=\"ez-toc-section\" id=\"On-Demand_Charter_Flight\"><\/span>On-Demand charterflyvning<span class=\"ez-toc-section-end\"><\/span><\/h2>\r\n\r\n\r\n\r\n<p>Deres on-demand charterservice tilbyder en bred vifte af private jetfly, herunder lette, medium, super-mid, tunge og ultra-langdistance jetfly. FXAIR giver dig adgang til andengenerations (pensionerede) Flexjet-fly, som kun kan lejes gennem FXAIR, men som serviceres og drives af Flexjet.&nbsp;<\/p>\r\n\r\n\r\n\r\n<p>FXAIR tilbyder ogs\u00e5 adgang til over 1.200 fly fra respekterede og p\u00e5lidelige flyoperat\u00f8rer.&nbsp;<\/p>\r\n\r\n\r\n\r\n<h2 class=\"wp-block-heading\"><span class=\"ez-toc-section\" id=\"The_Fleet\"><\/span>Fl\u00e5den&nbsp;<span class=\"ez-toc-section-end\"><\/span><\/h2>\r\n\r\n\r\n\r\n<figure class=\"wp-block-image size-full is-style-default\"><img loading=\"lazy\" decoding=\"async\" width=\"1000\" height=\"664\" src=\"https:\/\/comparemyjet.com\/wp-content\/uploads\/2022\/08\/airplane.in_.clouds.jpg\" alt=\"\" class=\"wp-image-3185\" srcset=\"https:\/\/comparemyjet.com\/wp-content\/uploads\/2022\/08\/airplane.in_.clouds-18x12.jpg 18w, https:\/\/comparemyjet.com\/wp-content\/uploads\/2022\/08\/airplane.in_.clouds-300x199.jpg 300w, https:\/\/comparemyjet.com\/wp-content\/uploads\/2022\/08\/airplane.in_.clouds-768x510.jpg 768w, https:\/\/comparemyjet.com\/wp-content\/uploads\/2022\/08\/airplane.in_.clouds.jpg 1000w\" sizes=\"auto, (max-width: 1000px) 100vw, 1000px\" \/><\/figure>\r\n\r\n\r\n\r\n<p>Deres fl\u00e5de best\u00e5r af pensionerede Flexjet-jetfly og inkluderer Nextant 400XTi, der er renoveret af Nextant Aerospace, et andet Directional-firma, tolv <a href=\"https:\/\/comparemyjet.com\/da\/bombardier\/\" data-internallinksmanager029f6b8e52c=\"159\" title=\"Den ultimative guide til Bombardiers private jetfly og fly\">Bombardier<\/a> Challenger 300-fly og fem Global Express-fly.&nbsp;<\/p>\r\n\r\n\r\n\r\n<h3 class=\"wp-block-heading\"><span class=\"ez-toc-section\" id=\"1_Light_Private_Jets\"><\/span>1. Lette private jetfly<span class=\"ez-toc-section-end\"><\/span><\/h3>\r\n\r\n\r\n\r\n<p>Denne flytype er ideel til korte indenrigsture med h\u00f8jst syv passagerer. Lette jetfly er hurtige og effektive, n\u00e5r du rejser til lokale lufthavne. Og s\u00e5 kan de nemt lande p\u00e5 sv\u00e6rt tilg\u00e6ngelige steder som bjergtoppe eller sm\u00e5 landingsbaner.<\/p>\r\n\r\n\r\n\r\n<h4 class=\"wp-block-heading\"><span class=\"ez-toc-section\" id=\"Our_Recommendation_The_Nextant_400XT\"><\/span>Vores anbefaling: Nextant 400XT<span class=\"ez-toc-section-end\"><\/span><\/h4>\r\n\r\n\r\n\r\n<p>Nextant 400XT er et af de hurtigste jetfly, hurtigere end noget andet jetfly i sin klasse. Kabinens ergonomiske design maksimerer plads og ydeevne for at \u00f8ge passagerkomforten, og selve jetflyet er veludstyret og let at h\u00e5ndtere.<\/p>\r\n\r\n\r\n\r\n<p>Specifikationer:<\/p>\r\n\r\n\r\n\r\n<ul class=\"wp-block-list\"><li>Passagerer: 6-7;<\/li><li>Kabineh\u00f8jde: 4 ft 9 in;<\/li><li>Kabinel\u00e6ngde: 15 fod 6 tommer;<\/li><li>Kabinebredde: 4 fod 11 tommer;<\/li><li>Maksimal r\u00e6kkevidde: 2005 nm;<\/li><li>Max hastighed: 471 kts;<\/li><li>Indvendig bagage: 31 kubikfod;<\/li><li>Ekstern bagage: 25 kubikfod.<\/li><\/ul>\r\n\r\n\r\n\r\n<p>FXAIR tilbyder ogs\u00e5 <em>Citation CJ3, Citation V, Hawker 400XP, <a href=\"https:\/\/comparemyjet.com\/da\/learjet\/\" data-internallinksmanager029f6b8e52c=\"149\" title=\"Ultimativ guide til Learjet privatfly og flyvemaskiner\">Learjet<\/a> 45, og Phenom 300 <\/em>i den lette kategori af jetfly.<\/p>\r\n\r\n\r\n\r\n<h3 class=\"wp-block-heading\"><span class=\"ez-toc-section\" id=\"2_Midsize_Private_Jets\"><\/span>2. Mellemstore private jetfly<span class=\"ez-toc-section-end\"><\/span><\/h3>\r\n\r\n\r\n\r\n<p>Mellemstore fly er ideelle til l\u00e6ngere personlige rejser eller forretningsrejser, da de tilbyder mere r\u00e6kkevidde og komfort. Med egenskaber som omfattende bagageplads og forbedret kabineh\u00f8jde er disse jetfly ideelle til rejser, der kr\u00e6ver mere udholdenhed.&nbsp;<\/p>\r\n\r\n\r\n\r\n<h4 class=\"wp-block-heading\"><span class=\"ez-toc-section\" id=\"Our_Recommendation_The_Citation_Excel\"><\/span>Vores anbefaling: Citation Excel<span class=\"ez-toc-section-end\"><\/span><\/h4>\r\n\r\n\r\n\r\n<p>Citation Excel fungerer som en standardmodel for alle andre mellemstore fly. Det har en stor kabine med masser af plads til bagage. P\u00e5 grund af sin komfort, effektivitet og holdbarhed er det det foretrukne jetfly til mellemdistancerejser. Det er et godt valg for forretningsrejsende, fordi det fungerer som et himmelh\u00f8jt konferenceomr\u00e5de.<\/p>\r\n\r\n\r\n\r\n<p>Specifikationer:<\/p>\r\n\r\n\r\n\r\n<ul class=\"wp-block-list\"><li>Passagerer: 8;<\/li><li>Bagagekapacitet: 90 kubikfod;<\/li><li>Kabinebredde: 5 fod 5 tommer;<\/li><li>Kabineh\u00f8jde: 5 fod 7 tommer;<\/li><li>Kabinel\u00e6ngde: 18 fod 6 tommer;<\/li><li>Flyver\u00e6kkevidde: op til 4,5 timer;<\/li><li>Krydstogtshastighed: 487 mph.<\/li><\/ul>\r\n\r\n\r\n\r\n<p>I FXAIR-fl\u00e5den kan du ogs\u00e5 finde <em>Hawker 800\/850\/900XP og Learjet 55\/60 <\/em>som en del af kategorien mellemstore jetfly.<\/p>\r\n\r\n\r\n\r\n<h3 class=\"wp-block-heading\"><span class=\"ez-toc-section\" id=\"3_Super-Midsize_Private_Jets\"><\/span>3. Super-mellemstore private jetfly&nbsp;<span class=\"ez-toc-section-end\"><\/span><\/h3>\r\n\r\n\r\n\r\n<p>Super-midsize jetfly kombinerer bekvemmelighed og \u00e6stetik. Hvis du flyver med en st\u00f8rre gruppe eller rejser p\u00e5 tv\u00e6rs af landet, er det den perfekte flyklasse.<\/p>\r\n\r\n\r\n\r\n<h4 class=\"wp-block-heading\"><span class=\"ez-toc-section\" id=\"Our_Recommendation_The_Falcon_50\"><\/span>Vores anbefaling: Falcon 50&nbsp;<span class=\"ez-toc-section-end\"><\/span><\/h4>\r\n\r\n\r\n\r\n<p>Med en rummelig kabine, sofistikeret l\u00e6derindtr\u00e6k og et komplet mikrok\u00f8kken har Falcon 50 r\u00e6kkevidde og elegance som et meget st\u00f8rre jetfly og giver rejsetilfredshed og luksus. Falcon50EX er et stort fly, der er velegnet til mellemklasserejser, n\u00e5r du har brug for at medbringe mere bagage.<\/p>\r\n\r\n\r\n\r\n<p>Specifikationer:<\/p>\r\n\r\n\r\n\r\n<ul class=\"wp-block-list\"><li>Passagerer: 9;<\/li><li>Bagagekapacitet: 115 kubikfod;<\/li><li>Kabinel\u00e6ngde: 23 fod 5 tommer;<\/li><li>Kabinebredde: 6 ft 1 in;<\/li><li>Kabineh\u00f8jde: 5 fod 9 tommer;<\/li><li>Maks. marchhastighed: 478 mph;<\/li><li>Flyver\u00e6kkevidde: 5+ timer.<\/li><\/ul>\r\n\r\n\r\n\r\n<p>I FXAIR-fl\u00e5den af super-mellemstore jetfly kan du ogs\u00e5 finde <em>Challenger 300\/350, Citation Sovereign, Citation X, og <a href=\"https:\/\/comparemyjet.com\/da\/gulfstream\/\" data-internallinksmanager029f6b8e52c=\"175\" title=\"Den ultimative guide til Gulfstream privatfly og -flyvemaskiner\">Gulfstream<\/a> G200<\/em>.<\/p>\r\n\r\n\r\n\r\n<h3 class=\"wp-block-heading\"><span class=\"ez-toc-section\" id=\"4_Large_Private_Jets\"><\/span>4. Store private jetfly<span class=\"ez-toc-section-end\"><\/span><\/h3>\r\n\r\n\r\n\r\n<p>Store jetfly giver den fineste private jetfly-oplevelse til interkontinentale flyvninger. De kan transportere st\u00f8rre selskaber, da de tilbyder plads og komfort nok til op til 15 personer.<\/p>\r\n\r\n\r\n\r\n<h4 class=\"wp-block-heading\"><span class=\"ez-toc-section\" id=\"Our_Recommendation_The_Gulfstream_GIV\"><\/span>Vores anbefaling: Gulfstream GIV<span class=\"ez-toc-section-end\"><\/span><\/h4>\r\n\r\n\r\n\r\n<p>Gulfstream-jetflyenes raffinement, luksus og sikkerhed er velkendt, s\u00e5 det er ikke overraskende, at GIV har f\u00e5et et ry som et f\u00f8rsteklasses nationalt og internationalt forretningsfly. Individuelt tilbagel\u00e6nede stole, et m\u00f8debord til fire personer og en behagelig sofa er alle inkluderet. Der er komfortable senge til op til seks personer i kabinen.&nbsp;<\/p>\r\n\r\n\r\n\r\n<p>Specifikationer:<\/p>\r\n\r\n\r\n\r\n<ul class=\"wp-block-list\"><li>Passagerer: 14 s\u00e6der\/6 senge;<\/li><li>Flyver\u00e6kkevidde: 3.880 nm;<\/li><li>Bagagerum: 169 cu ft;<\/li><li>Kabinebredde: 7 ft 3 in;<\/li><li>Kabinel\u00e6ngde: 45 ft 1 in;<\/li><li>Kabineh\u00f8jde: 6 ft 2 in;<\/li><li>Krydstogtshastighed: 548 mph.<\/li><\/ul>\r\n\r\n\r\n\r\n<p>I FXAIR's fl\u00e5de af store fly kan du ogs\u00e5 finde <em>Challenger 601\/604, Falcon 900EX, Falcon 2000EX og Gulfstream G450<\/em>.<\/p>\r\n\r\n\r\n\r\n<h3 class=\"wp-block-heading\"><span class=\"ez-toc-section\" id=\"5_Ultra-Long-Range_Private_Jets\"><\/span>5. Private jetfly med ultralang r\u00e6kkevidde<span class=\"ez-toc-section-end\"><\/span><\/h3>\r\n\r\n\r\n\r\n<p>Et ultra-langdistancefly er det bedste alternativ, n\u00e5r du vil rejse lange afstande i sk\u00f8det af luksus. Intet sl\u00e5r et ekstremt langtr\u00e6kkende fly til verdensomsp\u00e6ndende flyvninger. Det er m\u00e5den at flyve p\u00e5, hvis du planl\u00e6gger en overs\u00f8isk tur, der kr\u00e6ver r\u00e6kkevidde, kraft og komfort, is\u00e6r hvis det er med et st\u00f8rre selskab, da de nemt kan rumme 13 eller flere passagerer. Disse fly har bekvemmeligheder som fuldt k\u00f8kken, tv, kingsize-senge, toiletter og separate steder til at sove, spise, arbejde og underholde.<\/p>\r\n\r\n\r\n\r\n<h4 class=\"wp-block-heading\"><span class=\"ez-toc-section\" id=\"Our_Recommendation_Gulfstream_GV\"><\/span>Vores anbefaling: Gulfstream GV<span class=\"ez-toc-section-end\"><\/span><\/h4>\r\n\r\n\r\n\r\n<p>Gulfstream GV var virksomhedens f\u00f8rste ultralangtr\u00e6kkende business jet, fremstillet af Gulfstream Aerospace i 1995 og lanceret i 1998. Produktionen sluttede i 2002. GV's mest bem\u00e6rkelsesv\u00e6rdige tr\u00e6k er dens store r\u00e6kkevidde og forbedrede ydeevne.&nbsp;<\/p>\r\n\r\n\r\n\r\n<p>Specifikationer:<\/p>\r\n\r\n\r\n\r\n<ul class=\"wp-block-list\"><li>Passagerer: 12-16;<\/li><li>Kabinel\u00e6ngde: 50 fod 1 in;<\/li><li>Kabinebredde: 7 ft 3 in;<\/li><li>Kabineh\u00f8jde: 6 ft 1 in;<\/li><li>Kabinevolumen: 1669 kubikfod;<\/li><li>Max hastighed: 585 mph;<\/li><li>Flyver\u00e6kkevidde: 7389 miles;<\/li><li>Bagagevolumen: 226 kubikfod;<\/li><li>Bes\u00e6tning: op til 5.<\/li><\/ul>\r\n\r\n\r\n\r\n<p>I FXAIR's fl\u00e5de af ultralangtr\u00e6kkende jetfly kan du ogs\u00e5 finde<em> Global Express, Falcon 7X, Global 6000 og Gulfstream G550\/G650<\/em>.<\/p>\r\n\r\n\r\n\r\n<h2 class=\"wp-block-heading\"><span class=\"ez-toc-section\" id=\"Company_Safety_Policy_and_Standards\"><\/span>Virksomhedens sikkerhedspolitik og -standarder<span class=\"ez-toc-section-end\"><\/span><\/h2>\r\n\r\n\r\n\r\n<p>Alle operat\u00f8rer, der transporterer for FXAIR - inklusive alle piloter og jetfly - bliver grundigt kontrolleret for at sikre din sikkerhed og fuld tilfredshed. De skal opfylde virksomhedens krav for at blive godkendt af FXAIR.<\/p>\r\n\r\n\r\n\r\n<p>Hvad vil det sige at v\u00e6re FXAIR-godkendt? F\u00f8r din flyvning inspicerer og godkender det specialiserede sikkerhedsteam grundigt operat\u00f8ren, bes\u00e6tningen og flyet. <a href=\"https:\/\/www.faa.gov\/\" target=\"_blank\" rel=\"noopener\">FAA<\/a> og <a href=\"https:\/\/www.ntsb.gov\/Pages\/home.aspx\" target=\"_blank\" rel=\"noopener\">NTSB<\/a> rapporter, pilotjournaler og certifikater, flyveerfaring, medicinsk certificering, flylicensstatus og flyforsikring kontrolleres alle f\u00f8r hver flyvning.<\/p>\r\n\r\n\r\n\r\n<p>Hver flyvning gennemg\u00e5s mindst 24 timer f\u00f8r afgang for sandsynlige service- eller sikkerhedsproblemer. Kommandocentralen er ansvarlig for at f\u00f8re tilsyn med hele aktiviteten. Hvis et kriterium ikke er opfyldt, aflyses flyvningen, og du f\u00e5r en anden operat\u00f8r, der opfylder alle kriterierne.<\/p>\r\n\r\n\r\n\r\n<p>For at garantere passagerernes sikkerhed er alle flyoperat\u00f8rer i FXAIR-netv\u00e6rket desuden forpligtet til at f\u00f8lge de strenge COVID-19-retningslinjer.<\/p>\r\n\r\n\r\n\r\n<h2 class=\"wp-block-heading\"><span class=\"ez-toc-section\" id=\"Conclusion\"><\/span>Konklusion<span class=\"ez-toc-section-end\"><\/span><\/h2>\r\n\r\n\r\n\r\n<figure class=\"wp-block-image size-full is-style-default\"><img loading=\"lazy\" decoding=\"async\" width=\"1000\" height=\"667\" src=\"https:\/\/comparemyjet.com\/wp-content\/uploads\/2022\/07\/happy.woman_.listening.to_.music_.on_.a.private.jet_.jpg\" alt=\"FXAIR\" class=\"wp-image-3183\" srcset=\"https:\/\/comparemyjet.com\/wp-content\/uploads\/2022\/07\/happy.woman_.listening.to_.music_.on_.a.private.jet_-18x12.jpg 18w, https:\/\/comparemyjet.com\/wp-content\/uploads\/2022\/07\/happy.woman_.listening.to_.music_.on_.a.private.jet_-300x200.jpg 300w, https:\/\/comparemyjet.com\/wp-content\/uploads\/2022\/07\/happy.woman_.listening.to_.music_.on_.a.private.jet_-768x512.jpg 768w, https:\/\/comparemyjet.com\/wp-content\/uploads\/2022\/07\/happy.woman_.listening.to_.music_.on_.a.private.jet_.jpg 1000w\" sizes=\"auto, (max-width: 1000px) 100vw, 1000px\" \/><\/figure>\r\n\r\n\r\n\r\n<p>Selvom FXAIR er nystiftet, kommer det fra den veletablerede Directional Aviation-familie, s\u00e5 de mennesker, der driver det, har mere end nok erfaring i luftfartsindustrien. Selskabet har specialiseret sig i on-demand charterflyvninger og tilbyder andengenerations Flexjet-fly, der er FXAIR-godkendte. Du kan v\u00e6lge mellem deres store fl\u00e5de af lette, mellemstore og supermellemstore, store og ultra-langtr\u00e6kkende jetfly, hvilket g\u00f8r FXAIR til et v\u00e6rdigt valg som on-demand charterselskab.<\/p>","protected":false},"excerpt":{"rendered":"<p>FXAIR er et relativt nyt privat charterselskab, der startede i 2020. Selskabet er vokset eksponentielt siden da, delvist p\u00e5 grund af den stigende popularitet af private flyrejser med COVID-19-pandemien. FXAIR er en del af Directional Aviation-familien af virksomheder grundlagt af Ken Ricci, som inkluderer Flexjet, Sentient Jet, PrivateFly, ...<\/p>","protected":false},"author":2,"featured_media":3184,"parent":0,"menu_order":0,"comment_status":"closed","ping_status":"closed","template":"","meta":{"_acf_changed":false,"_genesis_hide_title":false,"_genesis_hide_breadcrumbs":false,"_genesis_hide_singular_image":false,"_genesis_hide_footer_widgets":false,"_genesis_custom_body_class":"","_genesis_custom_post_class":"","_genesis_layout":"","footnotes":""},"class_list":{"1":"page","2":"type-page","6":"entry"},"acf":[],"_links":{"self":[{"href":"https:\/\/comparemyjet.com\/da\/wp-json\/wp\/v2\/pages\/3182","targetHints":{"allow":["GET"]}}],"collection":[{"href":"https:\/\/comparemyjet.com\/da\/wp-json\/wp\/v2\/pages"}],"about":[{"href":"https:\/\/comparemyjet.com\/da\/wp-json\/wp\/v2\/types\/page"}],"author":[{"embeddable":true,"href":"https:\/\/comparemyjet.com\/da\/wp-json\/wp\/v2\/users\/2"}],"replies":[{"embeddable":true,"href":"https:\/\/comparemyjet.com\/da\/wp-json\/wp\/v2\/comments?post=3182"}],"version-history":[{"count":2,"href":"https:\/\/comparemyjet.com\/da\/wp-json\/wp\/v2\/pages\/3182\/revisions"}],"predecessor-version":[{"id":3448,"href":"https:\/\/comparemyjet.com\/da\/wp-json\/wp\/v2\/pages\/3182\/revisions\/3448"}],"wp:featuredmedia":[{"embeddable":true,"href":"https:\/\/comparemyjet.com\/da\/wp-json\/wp\/v2\/media\/3184"}],"wp:attachment":[{"href":"https:\/\/comparemyjet.com\/da\/wp-json\/wp\/v2\/media?parent=3182"}],"curies":[{"name":"wp","href":"https:\/\/api.w.org\/{rel}","templated":true}]}}