{"id":3187,"date":"2022-08-04T21:07:44","date_gmt":"2022-08-04T21:07:44","guid":{"rendered":"https:\/\/comparemyjet.com\/?page_id=3187"},"modified":"2025-09-04T09:59:34","modified_gmt":"2025-09-04T09:59:34","slug":"northern-jet-management","status":"publish","type":"page","link":"https:\/\/comparemyjet.com\/da\/northern-jet-management\/","title":{"rendered":"Northern Jet Management"},"content":{"rendered":"<p>Elite-jetrejseudbyderen Northern Jet Management tilbyder fuld <a href=\"https:\/\/comparemyjet.com\/da\/what-are-some-aircraft-management-companies\/\" data-internallinksmanager029f6b8e52c=\"21\" title=\"Serviceydelser og virksomheder inden for flyadministration\">Flyadministration<\/a>, et program for delt ejerskab, on-demand charter og k\u00f8b og salg af fly til b\u00e5de virksomheder og enkeltpersoner. De flyver til mere end 3.400 destinationer i USA, Caribien, Mexico og Canada.<\/p>\r\n\r\n\r\n\r\n<p>Lad os se n\u00e6rmere p\u00e5, hvad de tilbyder, men f\u00f8rst en kort oversigt over, hvordan virksomheden blev til.<\/p>\r\n\r\n\r\n\r\n<div id=\"ez-toc-container\" class=\"ez-toc-v2_0_76 counter-hierarchy ez-toc-counter ez-toc-grey ez-toc-container-direction\">\n<p class=\"ez-toc-title\" style=\"cursor:inherit\">Emner<\/p>\n<label for=\"ez-toc-cssicon-toggle-item-69db9e6f30e19\" class=\"ez-toc-cssicon-toggle-label\"><span class=\"\"><span class=\"eztoc-hide\" style=\"display:none;\">Toggle<\/span><span class=\"ez-toc-icon-toggle-span\"><svg style=\"fill: #999;color:#999\" xmlns=\"http:\/\/www.w3.org\/2000\/svg\" class=\"list-377408\" width=\"20px\" height=\"20px\" viewbox=\"0 0 24 24\" fill=\"none\"><path d=\"M6 6H4v2h2V6zm14 0H8v2h12V6zM4 11h2v2H4v-2zm16 0H8v2h12v-2zM4 16h2v2H4v-2zm16 0H8v2h12v-2z\" fill=\"currentColor\"><\/path><\/svg><svg style=\"fill: #999;color:#999\" class=\"arrow-unsorted-368013\" xmlns=\"http:\/\/www.w3.org\/2000\/svg\" width=\"10px\" height=\"10px\" viewbox=\"0 0 24 24\" version=\"1.2\" baseprofile=\"tiny\"><path d=\"M18.2 9.3l-6.2-6.3-6.2 6.3c-.2.2-.3.4-.3.7s.1.5.3.7c.2.2.4.3.7.3h11c.3 0 .5-.1.7-.3.2-.2.3-.5.3-.7s-.1-.5-.3-.7zM5.8 14.7l6.2 6.3 6.2-6.3c.2-.2.3-.5.3-.7s-.1-.5-.3-.7c-.2-.2-.4-.3-.7-.3h-11c-.3 0-.5.1-.7.3-.2.2-.3.5-.3.7s.1.5.3.7z\"\/><\/svg><\/span><\/span><\/label><input type=\"checkbox\"  id=\"ez-toc-cssicon-toggle-item-69db9e6f30e19\" checked aria-label=\"Toggle\" \/><nav><ul class='ez-toc-list ez-toc-list-level-1' ><li class='ez-toc-page-1 ez-toc-heading-level-2'><a class=\"ez-toc-link ez-toc-heading-1\" href=\"https:\/\/comparemyjet.com\/da\/northern-jet-management\/#About_the_Company\" >Om virksomheden&nbsp;<\/a><\/li><li class='ez-toc-page-1 ez-toc-heading-level-2'><a class=\"ez-toc-link ez-toc-heading-2\" href=\"https:\/\/comparemyjet.com\/da\/northern-jet-management\/#Ways_to_Fly\" >M\u00e5der at flyve p\u00e5<\/a><ul class='ez-toc-list-level-3' ><li class='ez-toc-heading-level-3'><a class=\"ez-toc-link ez-toc-heading-3\" href=\"https:\/\/comparemyjet.com\/da\/northern-jet-management\/#Jet_Management\" >Jet Management<\/a><\/li><li class='ez-toc-page-1 ez-toc-heading-level-3'><a class=\"ez-toc-link ez-toc-heading-4\" href=\"https:\/\/comparemyjet.com\/da\/northern-jet-management\/#Company_Card_Program\" >Program for firmakort<\/a><\/li><li class='ez-toc-page-1 ez-toc-heading-level-3'><a class=\"ez-toc-link ez-toc-heading-5\" href=\"https:\/\/comparemyjet.com\/da\/northern-jet-management\/#Fractional_Jet_Ownership_Program\" >Program for fraktioneret jet-ejerskab<\/a><\/li><li class='ez-toc-page-1 ez-toc-heading-level-3'><a class=\"ez-toc-link ez-toc-heading-6\" href=\"https:\/\/comparemyjet.com\/da\/northern-jet-management\/#Empty_Leg_Flights\" >Flyvninger med tomme ben<\/a><\/li><li class='ez-toc-page-1 ez-toc-heading-level-3'><a class=\"ez-toc-link ez-toc-heading-7\" href=\"https:\/\/comparemyjet.com\/da\/northern-jet-management\/#Acquiring_or_Selling_an_Aircraft\" >K\u00f8b eller salg af et fly<\/a><\/li><\/ul><\/li><li class='ez-toc-page-1 ez-toc-heading-level-2'><a class=\"ez-toc-link ez-toc-heading-8\" href=\"https:\/\/comparemyjet.com\/da\/northern-jet-management\/#Pricing\" >Prisfasts\u00e6ttelse<\/a><\/li><li class='ez-toc-page-1 ez-toc-heading-level-2'><a class=\"ez-toc-link ez-toc-heading-9\" href=\"https:\/\/comparemyjet.com\/da\/northern-jet-management\/#The_Fleet\" >Fl\u00e5den&nbsp;<\/a><ul class='ez-toc-list-level-3' ><li class='ez-toc-heading-level-3'><a class=\"ez-toc-link ez-toc-heading-10\" href=\"https:\/\/comparemyjet.com\/da\/northern-jet-management\/#1_Midsize_Private_Jets\" >1. Mellemstore private jetfly<\/a><ul class='ez-toc-list-level-4' ><li class='ez-toc-heading-level-4'><a class=\"ez-toc-link ez-toc-heading-11\" href=\"https:\/\/comparemyjet.com\/da\/northern-jet-management\/#Our_Recommendation_Learjet_40\" >Vores anbefaling: Learjet 40<\/a><\/li><\/ul><\/li><li class='ez-toc-page-1 ez-toc-heading-level-3'><a class=\"ez-toc-link ez-toc-heading-12\" href=\"https:\/\/comparemyjet.com\/da\/northern-jet-management\/#2_Super-Midsize_Private_Jets\" >2. Super-mellemstore private jetfly&nbsp;<\/a><ul class='ez-toc-list-level-4' ><li class='ez-toc-heading-level-4'><a class=\"ez-toc-link ez-toc-heading-13\" href=\"https:\/\/comparemyjet.com\/da\/northern-jet-management\/#Our_Recommendation_Cessna_Citation_Sovereign\" >Vores anbefaling: Cessna Citation Sovereign<\/a><\/li><\/ul><\/li><\/ul><\/li><li class='ez-toc-page-1 ez-toc-heading-level-2'><a class=\"ez-toc-link ez-toc-heading-14\" href=\"https:\/\/comparemyjet.com\/da\/northern-jet-management\/#Company_Safety_Policy_and_Standards\" >Virksomhedens sikkerhedspolitik og -standarder<\/a><\/li><li class='ez-toc-page-1 ez-toc-heading-level-2'><a class=\"ez-toc-link ez-toc-heading-15\" href=\"https:\/\/comparemyjet.com\/da\/northern-jet-management\/#The_Staff\" >Personalet<\/a><\/li><li class='ez-toc-page-1 ez-toc-heading-level-2'><a class=\"ez-toc-link ez-toc-heading-16\" href=\"https:\/\/comparemyjet.com\/da\/northern-jet-management\/#Conclusion\" >Konklusion<\/a><\/li><\/ul><\/nav><\/div>\n<h2 class=\"wp-block-heading\"><span class=\"ez-toc-section\" id=\"About_the_Company\"><\/span>Om virksomheden&nbsp;<span class=\"ez-toc-section-end\"><\/span><\/h2>\r\n\r\n\r\n\r\n<p>Northern Jet Management er en privatejet virksomhed, der blev etableret i 1995 med Charles Cox som administrerende direkt\u00f8r.&nbsp;<\/p>\r\n\r\n\r\n\r\n<p>Deres hovedkontor ligger i Michigan, Grand Rapids, og de har en fuldt funktionsdygtig base i <a href=\"https:\/\/comparemyjet.com\/da\/private-tours\/naples-private-tours\/\" data-internallinksmanager029f6b8e52c=\"299\" title=\"De 11 bedste private ture i Napoli fra $90.53\">Napoli<\/a>Florida.&nbsp;<\/p>\r\n\r\n\r\n\r\n<h2 class=\"wp-block-heading\"><span class=\"ez-toc-section\" id=\"Ways_to_Fly\"><\/span>M\u00e5der at flyve p\u00e5<span class=\"ez-toc-section-end\"><\/span><\/h2>\r\n\r\n\r\n\r\n<p>For at opfylde dine krav til luftfart tilbyder Northern Jet Management en r\u00e6kke speciall\u00f8sninger - fra det altomfattende private flykortprogram kendt som Private Advantage Card, til komplet flyadministration og -k\u00f8b, leasing og r\u00e5dgivning.<\/p>\r\n\r\n\r\n\r\n<h3 class=\"wp-block-heading\"><span class=\"ez-toc-section\" id=\"Jet_Management\"><\/span>Jet Management<span class=\"ez-toc-section-end\"><\/span><\/h3>\r\n\r\n\r\n\r\n<p>Med Northern Jets' <a href=\"https:\/\/northernjet.net\/programs\/aircraft-management\/\" target=\"_blank\" rel=\"noopener\">ledelsesl\u00f8sninger<\/a>Du f\u00e5r transport p\u00e5 jorden, s\u00e6rlige \u00f8nsker og planl\u00e6gningspersonale til r\u00e5dighed 365 dage om \u00e5ret i henhold til dine krav. Regnskabspersonalet overv\u00e5ger omhyggeligt udgifterne og udarbejder m\u00e5nedlige rapporter om aktivitet, omkostninger, vedligeholdelse og andre udgifter, s\u00e5 du altid er informeret om alle aktiviteter i forbindelse med dit fly.<\/p>\r\n\r\n\r\n\r\n<p>Alle fly i Northern Jet-fl\u00e5den har en h\u00f8jt kvalificeret bes\u00e6tning om bord, og alle piloter har en type rating til det fly, de flyver. Desuden gennemg\u00e5r alle medarbejdere en 10-\u00e5rig <a href=\"https:\/\/www.fbi.gov\/about\" target=\"_blank\" rel=\"noopener\">FBI<\/a> baggrundstjek som en del af ans\u00e6ttelsesprocessen.<\/p>\r\n\r\n\r\n\r\n<h3 class=\"wp-block-heading\"><span class=\"ez-toc-section\" id=\"Company_Card_Program\"><\/span>Program for firmakort<span class=\"ez-toc-section-end\"><\/span><\/h3>\r\n\r\n\r\n\r\n<p>Den <a href=\"https:\/\/northernjet.net\/programs\/jet-card\/\" target=\"_blank\" rel=\"noopener\"><strong>Privat fordelskort<\/strong><\/a> fra Northern Jet Management er et 25-timers kort rettet mod fritidsrejsende p\u00e5 envejsflyvninger mellem Midtvesten og Florida. Det firmaadministrerede <a href=\"https:\/\/comparemyjet.com\/da\/learjet\/\" data-internallinksmanager029f6b8e52c=\"149\" title=\"Ultimativ guide til Learjet privatfly og flyvemaskiner\">Learjet<\/a> 40XR er med i programmet, og kortholdere har ogs\u00e5 mulighed for at v\u00e6lge Learjet 70.&nbsp;<\/p>\r\n\r\n\r\n\r\n<p>Der er ingen repositioneringsomkostninger inden for 180 miles fra&nbsp;<\/p>\r\n\r\n\r\n\r\n<ul class=\"wp-block-list\"><li>Grand Rapids;<\/li><li>Naples, Florida;<\/li><li><a href=\"https:\/\/comparemyjet.com\/da\/private-jet-charters-to-chicago\/\" data-internallinksmanager029f6b8e52c=\"170\" title=\"Charter med privatfly til Chicago\">Chicago<\/a>Illinois;<\/li><li>og Michigan.&nbsp;<\/li><\/ul>\r\n\r\n\r\n\r\n<p>En altomfattende timepris og mindst 24 timers opsigelsesvarsel er nogle af de andre fordele, der f\u00f8lger med dette kort, mens der for kortholdere i Midtvesten ikke er nogen utilg\u00e6ngelige datoer og ingen flytteomkostninger.<\/p>\r\n\r\n\r\n\r\n<h3 class=\"wp-block-heading\"><span class=\"ez-toc-section\" id=\"Fractional_Jet_Ownership_Program\"><\/span>Program for fraktioneret jet-ejerskab<span class=\"ez-toc-section-end\"><\/span><\/h3>\r\n\r\n\r\n\r\n<p>Den <a href=\"https:\/\/northernjet.net\/programs\/fractional-jet-ownership\/\" target=\"_blank\" rel=\"noopener\"><strong>Virksomheden Jet<\/strong><\/a> er en <a href=\"https:\/\/comparemyjet.com\/da\/how-does-fractional-jet-ownership-work\/\" data-internallinksmanager029f6b8e52c=\"20\" title=\"Hvordan fungerer fraktioneret jetejerskab?\">Fraktioneret ejerskab af jetfly<\/a> program specielt skabt til forretningsrejsendes behov. Forretningsrejsende og virksomheder er den eneste m\u00e5lgruppe for Company Jets koncept med delt ejerskab.<\/p>\r\n\r\n\r\n\r\n<p>Medlemmerne f\u00e5r en smagspr\u00f8ve p\u00e5, hvad det vil sige at eje et privatfly, uden at skulle bekymre sig om administration og drift, og med fuld opbakning fra et ekspertteam. N\u00e5r man underskriver en kontrakt, forpligter man sig i fem \u00e5r, og man er sikret tilg\u00e6ngelighed med mindst 12 timers varsel. Concierge-tjenester er tilg\u00e6ngelige d\u00f8gnet rundt, og et team af sektorspecialister vil lette og tilbyde support med \u00f8konomi, regnskab og luftfartslovgivning.<\/p>\r\n\r\n\r\n\r\n<h3 class=\"wp-block-heading\"><span class=\"ez-toc-section\" id=\"Empty_Leg_Flights\"><\/span>Flyvninger med tomme ben<span class=\"ez-toc-section-end\"><\/span><\/h3>\r\n\r\n\r\n\r\n<p>Virksomheden henviser til deres <a href=\"https:\/\/comparemyjet.com\/da\/how-to-book-empty-leg-flights\/\" data-internallinksmanager029f6b8e52c=\"24\" title=\"S\u00e5dan booker du flyvninger med tomme ben\">Flyvninger med tomme ben<\/a> som \"<a href=\"https:\/\/northernjet.net\/flight-opportunities\/\" target=\"_blank\" rel=\"noopener\">Flyvemuligheder<\/a>\". Et ganske passende navn, da disse flyvninger er en rigtig fangst. Alle kan abonnere p\u00e5 at modtage og spore ledige tomflyvninger p\u00e5 deres e-mailkonto og gribe muligheden for at flyve til en af deres destinationer til en br\u00f8kdel af prisen.&nbsp;<\/p>\r\n\r\n\r\n\r\n<h3 class=\"wp-block-heading\"><span class=\"ez-toc-section\" id=\"Acquiring_or_Selling_an_Aircraft\"><\/span>K\u00f8b eller salg af et fly<span class=\"ez-toc-section-end\"><\/span><\/h3>\r\n\r\n\r\n\r\n<p>At blive medlem af Northern Jet betyder, at man har fuld adgang til deres team af fagfolk, der har \u00e5rtiers ekspertise og kontakter til at identificere de bedste flyvalg, der er skr\u00e6ddersyet til deres kunders behov i forhold til <a href=\"https:\/\/northernjet.net\/programs\/aircraft-acquisition-sales-brokerage\/\" target=\"_blank\" rel=\"noopener\">k\u00f8b eller salg af et nyt eller brugt fly<\/a>.<\/p>\r\n\r\n\r\n\r\n<h2 class=\"wp-block-heading\"><span class=\"ez-toc-section\" id=\"Pricing\"><\/span>Prisfasts\u00e6ttelse<span class=\"ez-toc-section-end\"><\/span><\/h2>\r\n\r\n\r\n\r\n<figure class=\"wp-block-image size-full is-style-default\"><img loading=\"lazy\" decoding=\"async\" width=\"1000\" height=\"667\" src=\"https:\/\/comparemyjet.com\/wp-content\/uploads\/2022\/06\/woman.in_.blue_.dress_.enjoying.view_.from_.private.jet_.jpg\" alt=\"\" class=\"wp-image-2997\" srcset=\"https:\/\/comparemyjet.com\/wp-content\/uploads\/2022\/06\/woman.in_.blue_.dress_.enjoying.view_.from_.private.jet_-18x12.jpg 18w, https:\/\/comparemyjet.com\/wp-content\/uploads\/2022\/06\/woman.in_.blue_.dress_.enjoying.view_.from_.private.jet_-300x200.jpg 300w, https:\/\/comparemyjet.com\/wp-content\/uploads\/2022\/06\/woman.in_.blue_.dress_.enjoying.view_.from_.private.jet_-768x512.jpg 768w, https:\/\/comparemyjet.com\/wp-content\/uploads\/2022\/06\/woman.in_.blue_.dress_.enjoying.view_.from_.private.jet_.jpg 1000w\" sizes=\"auto, (max-width: 1000px) 100vw, 1000px\" \/><\/figure>\r\n\r\n\r\n\r\n<p>Northern Jet Management er kendt for sine overkommelige priser, dedikation til de h\u00f8jeste sikkerhedsstandarder og lydh\u00f8rhed over for kundernes behov.<\/p>\r\n\r\n\r\n\r\n<p>For at blive kortholder p\u00e5 Private Advantage Card fra Northern Jet Management skal man betale et oprettelsesgebyr p\u00e5 lidt under $165.000.&nbsp;<\/p>\r\n\r\n\r\n\r\n<p>Flyrejsende, der sporer og f\u00e5r fordel af selskabets tomme ben-flyvninger, der er anf\u00f8rt p\u00e5 selskabets hjemmeside, sparer $1.000 i forhold til standardprisen pr. time.<\/p>\r\n\r\n\r\n\r\n<h2 class=\"wp-block-heading\"><span class=\"ez-toc-section\" id=\"The_Fleet\"><\/span>Fl\u00e5den&nbsp;<span class=\"ez-toc-section-end\"><\/span><\/h2>\r\n\r\n\r\n\r\n<p>Hvert eneste jetfly i Northern Jet Managements fl\u00e5de p\u00e5 20 fly h\u00e5ndteres af luftfartsprofessionelle med erfaring. Alle modeller er nye og moderne, med mellemstore og supermellemstore jetfly som den prim\u00e6re og dominerende flykategori.&nbsp;<\/p>\r\n\r\n\r\n\r\n<h3 class=\"wp-block-heading\"><span class=\"ez-toc-section\" id=\"1_Midsize_Private_Jets\"><\/span>1. Mellemstore private jetfly<span class=\"ez-toc-section-end\"><\/span><\/h3>\r\n\r\n\r\n\r\n<p>Til b\u00e5de personlige rejser og forretningsrejser vil chartring af et mellemstort fly give dig en behagelig langdistanceflyvning. De mellemstore fly er popul\u00e6re blandt forretnings- og fritidspassagerer p\u00e5 grund af deres rummelige kabiner, tilstr\u00e6kkelige bagageplads og f\u00f8rsteklasses faciliteter.<\/p>\r\n\r\n\r\n\r\n<h4 class=\"wp-block-heading\"><span class=\"ez-toc-section\" id=\"Our_Recommendation_Learjet_40\"><\/span>Vores anbefaling: Learjet 40<span class=\"ez-toc-section-end\"><\/span><\/h4>\r\n\r\n\r\n\r\n<p>Learjet 40 er et lille forretningsfly fremstillet af <a href=\"https:\/\/comparemyjet.com\/da\/bombardier\/\" data-internallinksmanager029f6b8e52c=\"159\" title=\"Den ultimative guide til Bombardiers private jetfly og fly\">Bombardier<\/a> Learjet. Den drives af to motorer, dens interi\u00f8r er st\u00f8rre end konkurrenternes, og dens design er inspiration for fremtidige modeller. Kroppen er dog kortere, og br\u00e6ndstoftanken er mindre end p\u00e5 Learjet 45.&nbsp;<\/p>\r\n\r\n\r\n\r\n<p>Specifikationer:<\/p>\r\n\r\n\r\n\r\n<ul class=\"wp-block-list\"><li>Passagerer: 7;<\/li><li>Udvendig h\u00f8jde: 14 ft 2 in;<\/li><li>Fuld l\u00e6ngde: 55 ft 5 in;<\/li><li>Vingefang: 47 fod 9 tommer;<\/li><li>Kabinebredde: 5 ft 1 in;<\/li><li>Kabineh\u00f8jde: 4 fod 11 tommer;<\/li><li>Kabinel\u00e6ngde: 17 fod 8 tommer;<\/li><li>Maksimal flyver\u00e6kkevidde: 1707 nm;<\/li><li>Maks. marchhastighed: 465 kts;<\/li><li>Udvendig bagagerumsplads: 50 cu ft;<\/li><li>Indvendigt bagagerum: 15 cu ft;<\/li><li>Bes\u00e6tning: 2.<\/li><\/ul>\r\n\r\n\r\n\r\n<p>Northern Jet Management tilbyder effektive og prisvenlige fly i deres mellemstore private jet-katalog, herunder <em>Bombardier 45-serien<\/em>, <em><a href=\"https:\/\/comparemyjet.com\/da\/gulfstream\/\" data-internallinksmanager029f6b8e52c=\"175\" title=\"Den ultimative guide til Gulfstream privatfly og -flyvemaskiner\">Gulfstream<\/a> G150<\/em>, <em>Learjet 70\/75<\/em>, <em>Learjet 45XR<\/em>og vores anbefalede model, <em>Learjet 40<\/em>.<\/p>\r\n\r\n\r\n\r\n<h3 class=\"wp-block-heading\"><span class=\"ez-toc-section\" id=\"2_Super-Midsize_Private_Jets\"><\/span>2. Super-mellemstore private jetfly&nbsp;<span class=\"ez-toc-section-end\"><\/span><\/h3>\r\n\r\n\r\n\r\n<p>Jetflyene i super-midsize-kategorien kan flyve i op til 6 timer, hvilket er 2 timer mere end den tidligere kategori, hvilket g\u00f8r dem ideelle til langdistanceflyvninger. Flypassagerer f\u00e5r adgang til rummelige kabiner og f\u00f8rsteklasses faciliteter, herunder mere bagageplads.<\/p>\r\n\r\n\r\n\r\n<h4 class=\"wp-block-heading\"><span class=\"ez-toc-section\" id=\"Our_Recommendation_Cessna_Citation_Sovereign\"><\/span>Vores anbefaling: Cessna Citation Sovereign<span class=\"ez-toc-section-end\"><\/span><\/h4>\r\n\r\n\r\n\r\n<p>The Sovereign, produceret af en amerikansk producent - <a href=\"https:\/\/comparemyjet.com\/da\/cessna\/\" data-internallinksmanager029f6b8e52c=\"145\" title=\"Ultimativ guide til Cessnas private jetfly og flyvemaskiner\">Cessna<\/a>er et transkontinentalt fly. Citation Sovereign er designet med en lang krop, nydesignede vinger, glascockpit med fire LCD-paneler og to motorer.&nbsp;<\/p>\r\n\r\n\r\n\r\n<p>Specifikationer:&nbsp;<\/p>\r\n\r\n\r\n\r\n<ul class=\"wp-block-list\"><li>Passagerer: 9;<\/li><li>Udvendig h\u00f8jde: 20 fod 4 tommer;<\/li><li>Fuld l\u00e6ngde: 63 fod 6 tommer;<\/li><li>Vingesp\u00e6nd: 63 fod 4 tommer;<\/li><li>Kabinebredde: 5 fod 6 tommer;<\/li><li>Kabineh\u00f8jde: 5 fod 8 tommer;<\/li><li>Kabinel\u00e6ngde: 25 fod 3 tommer;<\/li><li>Maksimal flyver\u00e6kkevidde: 3010 nm;<\/li><li>Maks. marchhastighed: 459 km\/t;<\/li><li>Bes\u00e6tning: 2;<\/li><li>Indvendig bagageplads: 35 cu ft;<\/li><li>Udvendig bagagerumsplads: 100 cu ft.<\/li><\/ul>\r\n\r\n\r\n\r\n<p>Northern Jet Management tilbyder to sikre og effektive fly i deres super-mellemstore private jet-katalog, nemlig <em>Challenger 300<\/em> og vores anbefalede model <em>Cessna Citation Sovereign<\/em>.<\/p>\r\n\r\n\r\n\r\n<h2 class=\"wp-block-heading\"><span class=\"ez-toc-section\" id=\"Company_Safety_Policy_and_Standards\"><\/span>Virksomhedens sikkerhedspolitik og -standarder<span class=\"ez-toc-section-end\"><\/span><\/h2>\r\n\r\n\r\n\r\n<p>Northern Jet Managements team gennemf\u00f8rer regelm\u00e6ssigt interne revisioner og evalueringer af processer, praksis, drift og service p\u00e5 tv\u00e6rs af mere end 40 driftsomr\u00e5der.<\/p>\r\n\r\n\r\n\r\n<p>Desuden har Northern Jet Management <a href=\"https:\/\/www.argus.aero\/\" target=\"_blank\" rel=\"noopener\">ARGUS<\/a> Platin og <a href=\"https:\/\/www.acsf.aero\/\" target=\"_blank\" rel=\"noopener\">ACSF<\/a> akkreditering og bruger udelukkende mekanikere med <a href=\"https:\/\/www.faa.gov\/\" target=\"_blank\" rel=\"noopener\">FAA<\/a> licenser. Derudover har Northern Jet Management f\u00e5et fase 3-godkendelse af <a href=\"https:\/\/ibac.org\/is-bao\" target=\"_blank\" rel=\"noopener\">International standard for drift af forretningsfly<\/a> (IS-BAO).<\/p>\r\n\r\n\r\n\r\n<h2 class=\"wp-block-heading\"><span class=\"ez-toc-section\" id=\"The_Staff\"><\/span>Personalet<span class=\"ez-toc-section-end\"><\/span><\/h2>\r\n\r\n\r\n\r\n<figure class=\"wp-block-image size-full is-style-default\"><img loading=\"lazy\" decoding=\"async\" width=\"1000\" height=\"667\" src=\"https:\/\/comparemyjet.com\/wp-content\/uploads\/2022\/07\/private.jet_.pilots.in_.cockpit.jpg\" alt=\"\" class=\"wp-image-3072\" srcset=\"https:\/\/comparemyjet.com\/wp-content\/uploads\/2022\/07\/private.jet_.pilots.in_.cockpit-18x12.jpg 18w, https:\/\/comparemyjet.com\/wp-content\/uploads\/2022\/07\/private.jet_.pilots.in_.cockpit-300x200.jpg 300w, https:\/\/comparemyjet.com\/wp-content\/uploads\/2022\/07\/private.jet_.pilots.in_.cockpit-768x512.jpg 768w, https:\/\/comparemyjet.com\/wp-content\/uploads\/2022\/07\/private.jet_.pilots.in_.cockpit.jpg 1000w\" sizes=\"auto, (max-width: 1000px) 100vw, 1000px\" \/><\/figure>\r\n\r\n\r\n\r\n<p>Northern Jet Management forbedrer og \u00e6ndrer konstant virksomhedens aktiviteter for at sikre de h\u00f8jeste sikkerhedsstandarder.<\/p>\r\n\r\n\r\n\r\n<p>Deres personale f\u00e5r l\u00f8bende flyvetr\u00e6ning af <a href=\"https:\/\/www.cae.com\/\" target=\"_blank\" rel=\"noopener\">CAE<\/a> eller <a href=\"https:\/\/www.flightsafety.com\/\" target=\"_blank\" rel=\"noopener\">FlightSafety International<\/a>. Hvert flysegment begynder med en sikkerhedsrisikoanalyse foretaget af flybes\u00e6tningen. Desuden modtager bes\u00e6tningen intern tr\u00e6ning gennem <a href=\"https:\/\/www.nata.aero\/education-and-training\/safety-1st\" target=\"_blank\" rel=\"noopener\">National Air Transportation Safety First-tr\u00e6ningsprogram<\/a>.<\/p>\r\n\r\n\r\n\r\n<p>For at hj\u00e6lpe nye og nuv\u00e6rende piloter fungerer certificerede seniorpiloter som interne specialister, der tilbyder deres ekspertise til ledelsesteamet, n\u00e5r det kommer til operationelle procedurer.<\/p>\r\n\r\n\r\n\r\n<h2 class=\"wp-block-heading\"><span class=\"ez-toc-section\" id=\"Conclusion\"><\/span>Konklusion<span class=\"ez-toc-section-end\"><\/span><\/h2>\r\n\r\n\r\n\r\n<p>Passagerer, der \u00f8nsker den frihed og bekvemmelighed, som private jetrejser garanterer, er mere end velkomne til at flyve med Northern Jet Management. Gennem selskabets dedikation til at levere kvalitetsservice sparer de dig for masser af tid til booking og planl\u00e6gning. Northern Jet Management er det f\u00f8rende private flyselskab i Midtvesten takket v\u00e6re fraktioneret ejerskab og l\u00f8sninger til flyadministration.<\/p>","protected":false},"excerpt":{"rendered":"<p>Eliteudbyderen af jetflyrejser Northern Jet Management tilbyder fuld flyadministration, et program for delt ejerskab, on-demand charter samt k\u00f8b og salg af fly til b\u00e5de virksomheder og enkeltpersoner. De flyver til mere end 3.400 destinationer i USA, Caribien, Mexico og Canada. Lad os se n\u00e6rmere p\u00e5, hvad de tilbyder, men f\u00f8rst en kort oversigt ...<\/p>","protected":false},"author":2,"featured_media":3188,"parent":0,"menu_order":0,"comment_status":"closed","ping_status":"closed","template":"","meta":{"_acf_changed":false,"_genesis_hide_title":false,"_genesis_hide_breadcrumbs":false,"_genesis_hide_singular_image":false,"_genesis_hide_footer_widgets":false,"_genesis_custom_body_class":"","_genesis_custom_post_class":"","_genesis_layout":"","footnotes":""},"class_list":{"1":"page","2":"type-page","6":"entry"},"acf":[],"_links":{"self":[{"href":"https:\/\/comparemyjet.com\/da\/wp-json\/wp\/v2\/pages\/3187","targetHints":{"allow":["GET"]}}],"collection":[{"href":"https:\/\/comparemyjet.com\/da\/wp-json\/wp\/v2\/pages"}],"about":[{"href":"https:\/\/comparemyjet.com\/da\/wp-json\/wp\/v2\/types\/page"}],"author":[{"embeddable":true,"href":"https:\/\/comparemyjet.com\/da\/wp-json\/wp\/v2\/users\/2"}],"replies":[{"embeddable":true,"href":"https:\/\/comparemyjet.com\/da\/wp-json\/wp\/v2\/comments?post=3187"}],"version-history":[{"count":1,"href":"https:\/\/comparemyjet.com\/da\/wp-json\/wp\/v2\/pages\/3187\/revisions"}],"predecessor-version":[{"id":3191,"href":"https:\/\/comparemyjet.com\/da\/wp-json\/wp\/v2\/pages\/3187\/revisions\/3191"}],"wp:featuredmedia":[{"embeddable":true,"href":"https:\/\/comparemyjet.com\/da\/wp-json\/wp\/v2\/media\/3188"}],"wp:attachment":[{"href":"https:\/\/comparemyjet.com\/da\/wp-json\/wp\/v2\/media?parent=3187"}],"curies":[{"name":"wp","href":"https:\/\/api.w.org\/{rel}","templated":true}]}}