{"id":3223,"date":"2022-08-23T00:45:05","date_gmt":"2022-08-23T00:45:05","guid":{"rendered":"https:\/\/comparemyjet.com\/?page_id=3223"},"modified":"2025-09-04T09:58:21","modified_gmt":"2025-09-04T09:58:21","slug":"grandview-aviation","status":"publish","type":"page","link":"https:\/\/comparemyjet.com\/da\/grandview-aviation\/","title":{"rendered":"GrandView Aviation flypriser"},"content":{"rendered":"<p>GrandView Aviation er et Baltimore-baseret <a href=\"https:\/\/comparemyjet.com\/da\/how-do-you-rent-or-charter-a-private-jet\/\" data-internallinksmanager029f6b8e52c=\"15\" title=\"Hvordan lejer eller chartrer man en privat jet?\">privat jet charter<\/a> der opererer i USA. Du kan flyve p\u00e5 tv\u00e6rs af landet med deres Phenom 300 jetfly og leje deres <a href=\"https:\/\/comparemyjet.com\/da\/sikorsky\/\" data-internallinksmanager029f6b8e52c=\"160\" title=\"Den ultimative guide til Sikorskys private jetfly og helikoptere\">Sikorsky<\/a> S-76D- og Bell 407GXI-helikoptere i Baltimore og Washington, D.C.<\/p>\r\n\r\n\r\n\r\n<p>Da selskabet er Wyvern Wingman-certificeret, f\u00f8lger deres piloter de nyeste og bedste sikkerhedspraksisser, mens bes\u00e6tningen er forpligtet til at yde uovertruffen service. Charterafdelingen er klar til at skr\u00e6ddersy rejseruter og flyvninger 24 timer i d\u00f8gnet, syv dage om ugen.<\/p>\r\n\r\n\r\n\r\n<p>Lad os se, hvad de handler om.<\/p>\r\n\r\n\r\n\r\n<div id=\"ez-toc-container\" class=\"ez-toc-v2_0_76 counter-hierarchy ez-toc-counter ez-toc-grey ez-toc-container-direction\">\n<p class=\"ez-toc-title\" style=\"cursor:inherit\">Emner<\/p>\n<label for=\"ez-toc-cssicon-toggle-item-69d789eab3947\" class=\"ez-toc-cssicon-toggle-label\"><span class=\"\"><span class=\"eztoc-hide\" style=\"display:none;\">Toggle<\/span><span class=\"ez-toc-icon-toggle-span\"><svg style=\"fill: #999;color:#999\" xmlns=\"http:\/\/www.w3.org\/2000\/svg\" class=\"list-377408\" width=\"20px\" height=\"20px\" viewbox=\"0 0 24 24\" fill=\"none\"><path d=\"M6 6H4v2h2V6zm14 0H8v2h12V6zM4 11h2v2H4v-2zm16 0H8v2h12v-2zM4 16h2v2H4v-2zm16 0H8v2h12v-2z\" fill=\"currentColor\"><\/path><\/svg><svg style=\"fill: #999;color:#999\" class=\"arrow-unsorted-368013\" xmlns=\"http:\/\/www.w3.org\/2000\/svg\" width=\"10px\" height=\"10px\" viewbox=\"0 0 24 24\" version=\"1.2\" baseprofile=\"tiny\"><path d=\"M18.2 9.3l-6.2-6.3-6.2 6.3c-.2.2-.3.4-.3.7s.1.5.3.7c.2.2.4.3.7.3h11c.3 0 .5-.1.7-.3.2-.2.3-.5.3-.7s-.1-.5-.3-.7zM5.8 14.7l6.2 6.3 6.2-6.3c.2-.2.3-.5.3-.7s-.1-.5-.3-.7c-.2-.2-.4-.3-.7-.3h-11c-.3 0-.5.1-.7.3-.2.2-.3.5-.3.7s.1.5.3.7z\"\/><\/svg><\/span><\/span><\/label><input type=\"checkbox\"  id=\"ez-toc-cssicon-toggle-item-69d789eab3947\" checked aria-label=\"Toggle\" \/><nav><ul class='ez-toc-list ez-toc-list-level-1' ><li class='ez-toc-page-1 ez-toc-heading-level-2'><a class=\"ez-toc-link ez-toc-heading-1\" href=\"https:\/\/comparemyjet.com\/da\/grandview-aviation\/#About_the_Company\" >Om virksomheden<\/a><\/li><li class='ez-toc-page-1 ez-toc-heading-level-2'><a class=\"ez-toc-link ez-toc-heading-2\" href=\"https:\/\/comparemyjet.com\/da\/grandview-aviation\/#Empty_Leg_Flight\" >Flyvning med tomme ben<\/a><\/li><li class='ez-toc-page-1 ez-toc-heading-level-2'><a class=\"ez-toc-link ez-toc-heading-3\" href=\"https:\/\/comparemyjet.com\/da\/grandview-aviation\/#Company_Card_Programs\" >Programmer til firmakort<\/a><\/li><li class='ez-toc-page-1 ez-toc-heading-level-2'><a class=\"ez-toc-link ez-toc-heading-4\" href=\"https:\/\/comparemyjet.com\/da\/grandview-aviation\/#Pricing\" >Prisfasts\u00e6ttelse<\/a><\/li><li class='ez-toc-page-1 ez-toc-heading-level-2'><a class=\"ez-toc-link ez-toc-heading-5\" href=\"https:\/\/comparemyjet.com\/da\/grandview-aviation\/#The_Fleet\" >Fl\u00e5den&nbsp;<\/a><ul class='ez-toc-list-level-3' ><li class='ez-toc-heading-level-3'><a class=\"ez-toc-link ez-toc-heading-6\" href=\"https:\/\/comparemyjet.com\/da\/grandview-aviation\/#1_Light_Private_Jets\" >1. Lette private jetfly<\/a><ul class='ez-toc-list-level-4' ><li class='ez-toc-heading-level-4'><a class=\"ez-toc-link ez-toc-heading-7\" href=\"https:\/\/comparemyjet.com\/da\/grandview-aviation\/#Our_Recommendation_Embraer_Phenom_300\" >Vores anbefaling: Embraer Phenom 300<\/a><\/li><\/ul><\/li><li class='ez-toc-page-1 ez-toc-heading-level-3'><a class=\"ez-toc-link ez-toc-heading-8\" href=\"https:\/\/comparemyjet.com\/da\/grandview-aviation\/#2_Helicopters\" >2. Helikoptere<\/a><ul class='ez-toc-list-level-4' ><li class='ez-toc-heading-level-4'><a class=\"ez-toc-link ez-toc-heading-9\" href=\"https:\/\/comparemyjet.com\/da\/grandview-aviation\/#Our_Recommendation_Bell_407GXI\" >Vores anbefaling: Bell 407GXI<\/a><\/li><\/ul><\/li><\/ul><\/li><li class='ez-toc-page-1 ez-toc-heading-level-2'><a class=\"ez-toc-link ez-toc-heading-10\" href=\"https:\/\/comparemyjet.com\/da\/grandview-aviation\/#Company_Safety_Policy_and_Standards\" >Virksomhedens sikkerhedspolitik og -standarder<\/a><\/li><li class='ez-toc-page-1 ez-toc-heading-level-2'><a class=\"ez-toc-link ez-toc-heading-11\" href=\"https:\/\/comparemyjet.com\/da\/grandview-aviation\/#The_Staff\" >Personalet<\/a><\/li><li class='ez-toc-page-1 ez-toc-heading-level-2'><a class=\"ez-toc-link ez-toc-heading-12\" href=\"https:\/\/comparemyjet.com\/da\/grandview-aviation\/#Conclusion\" >Konklusion<\/a><\/li><\/ul><\/nav><\/div>\n<h2 class=\"wp-block-heading\"><span class=\"ez-toc-section\" id=\"About_the_Company\"><\/span>Om virksomheden<span class=\"ez-toc-section-end\"><\/span><\/h2>\r\n\r\n\r\n\r\n<p>GrandView Aviation er en privatejet virksomhed, der blev grundlagt i 2004 med Jerry Edwards som administrerende direkt\u00f8r. Virksomheden ejer sin fl\u00e5de af <a href=\"https:\/\/comparemyjet.com\/da\/embraer\/\" data-internallinksmanager029f6b8e52c=\"151\" title=\"Den ultimative guide til Embraers private jetfly og fly\">Embraer<\/a> Phenom 300 og har omkring 130 ansatte.<\/p>\r\n\r\n\r\n\r\n<p>Indgangsprogrammet hos GrandView Aviation er et depositum p\u00e5 $150.000 uden garanteret tilg\u00e6ngelighed.<\/p>\r\n\r\n\r\n\r\n<p>Ud over privatflycharter er firmaet en pioner inden for organtransplantationstransport og har transporteret mere end 250 livreddende operationshold i 2021 og mere end 2.200 siden starten.<\/p>\r\n\r\n\r\n\r\n<p>Den seneste nyhed, vi har om GrandView Aviation, er, at Global Medical Response (GMR) annoncerede opk\u00f8bet af virksomheden i 2022. Global Medical Response leverer medicinsk behandling af h\u00f8j kvalitet, hovedsageligt i n\u00f8dsituationer og patientflytninger i USA og resten af verden, og derfor giver dette skridt rigtig god mening.&nbsp;<\/p>\r\n\r\n\r\n\r\n<p>Takket v\u00e6re sin nylige v\u00e6kst har virksomheden hubs i <a href=\"https:\/\/comparemyjet.com\/da\/private-tours\/atlanta-private-tours\/\" data-internallinksmanager029f6b8e52c=\"403\" title=\"De 11 bedste private ture i Atlanta fra $89.99\">Atlanta<\/a>, <a href=\"https:\/\/comparemyjet.com\/da\/private-tours\/austin-private-tours\/\" data-internallinksmanager029f6b8e52c=\"404\" title=\"De 11 bedste private ture i Austin fra $25.00\">Austin<\/a>, Baltimore, <a href=\"https:\/\/comparemyjet.com\/da\/private-jet-charters-to-boston\/\" data-internallinksmanager029f6b8e52c=\"177\" title=\"Charter med privatfly til Boston\">Boston<\/a>, <a href=\"https:\/\/comparemyjet.com\/da\/private-jet-charters-to-chicago\/\" data-internallinksmanager029f6b8e52c=\"170\" title=\"Charter med privatfly til Chicago\">Chicago<\/a>, <a href=\"https:\/\/comparemyjet.com\/da\/private-tours\/denver-private-tours\/\" data-internallinksmanager029f6b8e52c=\"410\" title=\"De 11 bedste private ture i Denver fra $49.00\">Denver<\/a>, <a href=\"https:\/\/comparemyjet.com\/da\/private-tours\/los-angeles-private-tours\/\" data-internallinksmanager029f6b8e52c=\"421\" title=\"De 11 bedste private ture i Los Angeles fra $55.00\">Los Angeles<\/a>og Scottsdale.<\/p>\r\n\r\n\r\n\r\n<h2 class=\"wp-block-heading\"><span class=\"ez-toc-section\" id=\"Empty_Leg_Flight\"><\/span>Flyvning med tomme ben<span class=\"ez-toc-section-end\"><\/span><\/h2>\r\n\r\n\r\n\r\n<p>Ud over almindelige charterflyvninger kan GrandView Aviation hj\u00e6lpe dig med at <a href=\"https:\/\/comparemyjet.com\/da\/how-to-book-empty-leg-flights\/\" data-internallinksmanager029f6b8e52c=\"24\" title=\"S\u00e5dan booker du flyvninger med tomme ben\">book flyvninger med tomme ben<\/a>. En empty leg er et fly, der allerede er planlagt til at flyve til en bestemt destination uden passagerer. Tomflyvninger er generelt tilg\u00e6ngelige, n\u00e5r et fly skal flyttes eller returneres til en anden rute.&nbsp;<\/p>\r\n\r\n\r\n\r\n<p>Hvis du kan arrangere nogle ture i sidste \u00f8jeblik, kan en <a href=\"https:\/\/flygv.com\/empty-legs\/\" target=\"_blank\" rel=\"noopener\">Flyvning med tomme ben<\/a> er altid en ideel mulighed, da de er meget billigere end standardprisen.&nbsp;<\/p>\r\n\r\n\r\n\r\n<h2 class=\"wp-block-heading\"><span class=\"ez-toc-section\" id=\"Company_Card_Programs\"><\/span>Programmer til firmakort<span class=\"ez-toc-section-end\"><\/span><\/h2>\r\n\r\n\r\n\r\n<p>GrandView Aviation tilbyder to typer medlemskabspakker til frequent flyers: <strong><em>H\u00f8jde Kilometer<\/em><\/strong> og <strong><em>H\u00f8jde plus kilometer<\/em><\/strong>.&nbsp;<\/p>\r\n\r\n\r\n\r\n<p>S\u00e5dan bliver du medlem af GrandView Aviations' jetkortprogram <strong>Altitude Plus<\/strong>skal du foretage et depositum p\u00e5 $150.000. Du f\u00e5r med det samme en prisl\u00e5s i 24 m\u00e5neder, n\u00e5r du foretager indbetalingen, og du kan drage fordel af faste priser til mere end 65 destinationer, inklusive en rabat p\u00e5 10% p\u00e5 hver flyvning. N\u00e5r du rejser oftere, optjener du flere frynsegoder og privilegier, som f.eks:<\/p>\r\n\r\n\r\n\r\n<ul class=\"wp-block-list\"><li>Catering om bord&nbsp;<\/li><li>Flyvekreditter&nbsp;<\/li><li>Fleksible aflysninger - GrandView refunderer billetprisen til din konto.<\/li><li>$200 cateringkredit for hver flyvedag, du flyver<\/li><li>Tilbud p\u00e5 tomgangsflyvninger<\/li><\/ul>\r\n\r\n\r\n\r\n<p>I mods\u00e6tning til Altitude Plus, er det gratis at blive en <strong>H\u00f8jde Kilometer <\/strong>medlem, men du f\u00e5r ikke flyrabatter eller faste priser. Frekvente rejsende kan optjene frynsegoder og privilegier, som f.eks:<\/p>\r\n\r\n\r\n\r\n<ul class=\"wp-block-list\"><li>Catering om bord&nbsp;<\/li><li>Flyvekreditter&nbsp;<\/li><li>Fleksible aflysninger - GrandView refunderer billetprisen til din konto.<\/li><li>$200 cateringkredit for hver dag, du flyver<\/li><li>Tilbud p\u00e5 tomgangsflyvninger<\/li><\/ul>\r\n\r\n\r\n\r\n<h2 class=\"wp-block-heading\"><span class=\"ez-toc-section\" id=\"Pricing\"><\/span>Prisfasts\u00e6ttelse<span class=\"ez-toc-section-end\"><\/span><\/h2>\r\n\r\n\r\n\r\n<p>Timeprisen er garanteret for medlemmer, og omkostningerne beregnes afh\u00e6ngigt af det samlede antal flyvetimer. Prisen inkluderer repositionering fra Atlanta, Austin, Baltimore, Boston, Chicago, Denver, Los Angeles og Scottsdale. Der er faste transportgebyrer til mere end 65 st\u00f8rre destinationer.&nbsp;<\/p>\r\n\r\n\r\n\r\n<p>Timeprisen for at flyve med deres fl\u00e5de af Phenom 300 begynder ved omkring $3,100, inklusive FET (Federal Excise Tax), men uden nogen repositioneringsgebyrer.<\/p>\r\n\r\n\r\n\r\n<h2 class=\"wp-block-heading\"><span class=\"ez-toc-section\" id=\"The_Fleet\"><\/span>Fl\u00e5den&nbsp;<span class=\"ez-toc-section-end\"><\/span><\/h2>\r\n\r\n\r\n\r\n<figure class=\"wp-block-image size-full is-style-default\"><img loading=\"lazy\" decoding=\"async\" width=\"1000\" height=\"667\" src=\"https:\/\/comparemyjet.com\/wp-content\/uploads\/2022\/08\/phenom300.jet_.jpg\" alt=\"\" class=\"wp-image-3224\" srcset=\"https:\/\/comparemyjet.com\/wp-content\/uploads\/2022\/08\/phenom300.jet_-18x12.jpg 18w, https:\/\/comparemyjet.com\/wp-content\/uploads\/2022\/08\/phenom300.jet_-300x200.jpg 300w, https:\/\/comparemyjet.com\/wp-content\/uploads\/2022\/08\/phenom300.jet_-768x512.jpg 768w, https:\/\/comparemyjet.com\/wp-content\/uploads\/2022\/08\/phenom300.jet_.jpg 1000w\" sizes=\"auto, (max-width: 1000px) 100vw, 1000px\" \/><\/figure>\r\n\r\n\r\n\r\n<p>GrandView Aviation vedligeholder sin fl\u00e5de af Phenom 300-privatfly og nogle helikoptere i sine hubs i Boston, Baltimore\/DC, Los Angeles, Chicago, Atlanta og Austin, <a href=\"https:\/\/comparemyjet.com\/da\/private-jet-charters-to-phoenix\/\" data-internallinksmanager029f6b8e52c=\"199\" title=\"Charter med privatfly til Phoenix\">F\u00f8niks<\/a>og Denver.<\/p>\r\n\r\n\r\n\r\n<h3 class=\"wp-block-heading\"><span class=\"ez-toc-section\" id=\"1_Light_Private_Jets\"><\/span>1. Lette private jetfly<span class=\"ez-toc-section-end\"><\/span><\/h3>\r\n\r\n\r\n\r\n<p>Sammenlignet med helikoptere er lette jetfly st\u00f8rre og har l\u00e6ngere r\u00e6kkevidde. De kan transportere op til otte passagerer i sikker komfort p\u00e5 grund af deres st\u00f8rre kabine og bagageopbevaring.<\/p>\r\n\r\n\r\n\r\n<p>Lette fly kan ogs\u00e5 lande og lette fra sm\u00e5 landingsbaner og lokale lufthavne, s\u00e5 du kan bes\u00f8ge sv\u00e6rt tilg\u00e6ngelige omr\u00e5der og lufthavne med kortere landingsbaner.<\/p>\r\n\r\n\r\n\r\n<h4 class=\"wp-block-heading\"><span class=\"ez-toc-section\" id=\"Our_Recommendation_Embraer_Phenom_300\"><\/span>Vores anbefaling: Embraer Phenom 300<span class=\"ez-toc-section-end\"><\/span><\/h4>\r\n\r\n\r\n\r\n<p>Phenom 300 kan rumme op til 8 rejsende, og den rummelige kabine har masser af bagageplads. Der er plads nok til golfudstyr, tasker og andre ting, du kan f\u00e5 brug for p\u00e5 din rejse. Interi\u00f8ret tilbyder behagelig benplads og har avancerede m\u00f8bler, s\u00e5som l\u00e6derstole, tr\u00e6borde og plysgulvt\u00e6pper, inklusive et toilet. Ud over gratis snacks og vin kan de tilbyde catering under flyvningen efter anmodning.&nbsp;<\/p>\r\n\r\n\r\n\r\n<p>Fra 2013 til 2015 var Phenom 300 den mest popul\u00e6re business jet. R\u00e6kkevidden af dette fly sl\u00e5r de fleste andre lette jetfly og giver dig en ydeevne som et mellemstort jetfly til lavere omkostninger.&nbsp;<\/p>\r\n\r\n\r\n\r\n<p>Specifikationer og faciliteter for Phenom 300:<\/p>\r\n\r\n\r\n\r\n<ul class=\"wp-block-list\"><li>Passagerer: 8;<\/li><li>Kabineh\u00f8jde: 4 fod 11 tommer;<\/li><li>Kabinebredde: 5 ft 1 in;<\/li><li>Kabinel\u00e6ngde: 17 fod 2 tommer;<\/li><li>Udvendig h\u00f8jde: 16 ft 5 in;<\/li><li>Udvendig bagage: 66 kubikfod;<\/li><li>Indvendig bagage: 19 kubikfod;<\/li><li>Max hastighed: 453 kts;<\/li><li>Maks. r\u00e6kkevidde: 2077 nm;<\/li><li>Stigningshastighed: 3335 fpm;<\/li><li>Bes\u00e6tning: 2;<\/li><li>Tr\u00e5dl\u00f8st internet;<\/li><li>Toilet;<\/li><li>Str\u00f8mudtag og satellittelefon.<\/li><\/ul>\r\n\r\n\r\n\r\n<p><em>Phenom 300<\/em> Charterflyene er stationeret i Baltimore\/DC, Chicago, Austin, Atlanta og Scottsdale, s\u00e5 du kan flyve fra det midtatlantiske, nord\u00f8stlige og centrale USA.&nbsp;<\/p>\r\n\r\n\r\n\r\n<h3 class=\"wp-block-heading\"><span class=\"ez-toc-section\" id=\"2_Helicopters\"><\/span>2. Helikoptere<span class=\"ez-toc-section-end\"><\/span><\/h3>\r\n\r\n\r\n\r\n<p>Helikoptercharter giver dig mulighed for at lette og lande p\u00e5 et hvilket som helst pr\u00e6cist sted, herunder helikopterlandingspladser, feriesteder og endda private huse. De kan lande n\u00e6sten hvor som helst i en n\u00f8dsituation og udg\u00f8r f\u00e6rre farer for passagererne. Men de p\u00e5virkes lettere af vejrforholdene, og din flyvning kan blive aflyst, hvis vejrforholdene ikke er ideelle.&nbsp;<\/p>\r\n\r\n\r\n\r\n<p>GrandView Aviation tilbyder VIP-helikoptere med in-flight underholdningssystemer og plads til op til 12 passagerer. Alle helikoptercharter flyves af to dygtige piloter for kundernes optimale sikkerhed og tryghed.<\/p>\r\n\r\n\r\n\r\n<h4 class=\"wp-block-heading\"><span class=\"ez-toc-section\" id=\"Our_Recommendation_Bell_407GXI\"><\/span>Vores anbefaling: Bell 407GXI<span class=\"ez-toc-section-end\"><\/span><\/h4>\r\n\r\n\r\n\r\n<p>Bell 407GXI er en enmotoret multifunktionshelikopter med fire vinger, som blev lanceret f\u00f8rste gang i 1995. Det kompositmateriale, der bruges til vingerne og navet, \u00f8ger ydeevnen og giver en mere behagelig flyvning. Den bruges ofte til retsh\u00e5ndh\u00e6velse, elektronisk nyhedsindsamling og filmproduktion, s\u00e5vel som til handel og offshore shipping. Kabinen kan konfigureres til at rumme en r\u00e6kke forskellige opgaver og nyttelast, herunder club-passagerpladser til op til seks personer.&nbsp;<\/p>\r\n\r\n\r\n\r\n<p>Specifikationer:<\/p>\r\n\r\n\r\n\r\n<ul class=\"wp-block-list\"><li>Passagerer: 5;<\/li><li>Udvendig h\u00f8jde: 11 ft 8 in;<\/li><li>Ekstern bagage: 20 kubikfod;<\/li><li>L\u00e6ngde: 41 fod 8 tommer;<\/li><li>Indvendig bagage: 3 kubikfod;<\/li><li>Max hastighed: 140 kts;<\/li><li>S\u00e6derne er bl\u00f8de og overpolstrede;<\/li><li>Polstring i l\u00e6der.<\/li><\/ul>\r\n\r\n\r\n\r\n<p>Udover vores anbefalede helikopter <em>Bell 407<\/em>tilbyder GrandView Aviation endnu en i sit katalog - t<em>Sikorsky S-76D<\/em>.<\/p>\r\n\r\n\r\n\r\n<h2 class=\"wp-block-heading\"><span class=\"ez-toc-section\" id=\"Company_Safety_Policy_and_Standards\"><\/span>Virksomhedens sikkerhedspolitik og -standarder<span class=\"ez-toc-section-end\"><\/span><\/h2>\r\n\r\n\r\n\r\n<p><a href=\"https:\/\/nbaa.org\/flight-department-administration\/sms\/is-bao\/\" target=\"_blank\" rel=\"noopener\">Den internationale standard for drift af forretningsfly<\/a> (IS-BAO) blev skabt for at hj\u00e6lpe flyveafdelinger verden over med at opn\u00e5 h\u00f8je standarder for sikkerhed og professionalisme. Som kunde hos GrandView Aviation kan du v\u00e6re sikker p\u00e5, at en acceptabel <a href=\"https:\/\/www.faa.gov\/about\/initiatives\/sms\" target=\"_blank\" rel=\"noopener\">Sikkerhedsledelsessystem<\/a> (SMS) er blevet implementeret for alle helikoptercharterflyvninger takket v\u00e6re denne sikkerhedsvurdering.<\/p>\r\n\r\n\r\n\r\n<p>Og s\u00e5 er der lige det, <a href=\"https:\/\/nbaa.org\/\" target=\"_blank\" rel=\"noopener\">Den nationale forening for forretningsflyvning<\/a> har h\u00e6dret GrandView Aviation med et 10-\u00e5rigt sikkerhedscertifikat uden ulykker og h\u00e6ndelser, og virksomhedens piloter er <a href=\"https:\/\/www.wyvernltd.com\/\" target=\"_blank\" rel=\"noopener\">Wyvern Wingman<\/a> sikkerhedsklassificeret og <a href=\"https:\/\/www.argus.aero\/\" target=\"_blank\" rel=\"noopener\">ARGUS<\/a> Guld-klassificerede operat\u00f8rer.<\/p>\r\n\r\n\r\n\r\n<p>GrandView har en ansvarsforsikring p\u00e5 $150 millioner, og alle flyvninger foretages af to piloter.<\/p>\r\n\r\n\r\n\r\n<h2 class=\"wp-block-heading\"><span class=\"ez-toc-section\" id=\"The_Staff\"><\/span>Personalet<span class=\"ez-toc-section-end\"><\/span><\/h2>\r\n\r\n\r\n\r\n<figure class=\"wp-block-image size-full is-style-default\"><img loading=\"lazy\" decoding=\"async\" width=\"1000\" height=\"667\" src=\"https:\/\/comparemyjet.com\/wp-content\/uploads\/2022\/07\/two.private.jet_.pilots.jpg\" alt=\"GrandView Aviation\" class=\"wp-image-3137\" srcset=\"https:\/\/comparemyjet.com\/wp-content\/uploads\/2022\/07\/two.private.jet_.pilots-18x12.jpg 18w, https:\/\/comparemyjet.com\/wp-content\/uploads\/2022\/07\/two.private.jet_.pilots-300x200.jpg 300w, https:\/\/comparemyjet.com\/wp-content\/uploads\/2022\/07\/two.private.jet_.pilots-768x512.jpg 768w, https:\/\/comparemyjet.com\/wp-content\/uploads\/2022\/07\/two.private.jet_.pilots.jpg 1000w\" sizes=\"auto, (max-width: 1000px) 100vw, 1000px\" \/><\/figure>\r\n\r\n\r\n\r\n<p>GrandView er vokset fra en virksomhed med 65 medarbejdere til mere end 120 medarbejdere, herunder piloter, flyveledere og teknikere. I 2022 genererede firmaet mere end $50 millioner i salg og er blevet udn\u00e6vnt p\u00e5 <a href=\"https:\/\/thedailyrecord.com\/2022\/01\/21\/grandview-aviation-moves-to-new-hq-in-middle-river\/\" target=\"_blank\" rel=\"noopener\">Inc 5000-listen over USA's hurtigst voksende virksomheder<\/a>. Virksomheden har det h\u00f8jeste antal ansatte inden for privatflyvning i Maryland.&nbsp;<\/p>\r\n\r\n\r\n\r\n<h2 class=\"wp-block-heading\"><span class=\"ez-toc-section\" id=\"Conclusion\"><\/span>Konklusion<span class=\"ez-toc-section-end\"><\/span><\/h2>\r\n\r\n\r\n\r\n<p>GrandView er et fremtr\u00e6dende nordamerikansk privat charter- og organtransplantationsflyselskab med 130 ansatte og en Phenom 300-fl\u00e5de med base i Baltimore, Maryland.&nbsp;<\/p>\r\n\r\n\r\n\r\n<p>Du kan tilmelde dig deres Altitude Plus og Altitude Miles jetkortprogrammer for at blive medlem og f\u00e5 nogle af de tilbudte frynsegoder. Som ejer af et jetkort optjener du miles, n\u00e5r du flyver, og bel\u00f8nningsmiles kan bruges til flyselskabskreditter, catering og andre tjenester. Medlemmer af Altitude Plus f\u00e5r ogs\u00e5 rabat p\u00e5 flyrejser. Derudover tilbyder de en fleksibel afbestillingspolitik, s\u00e5 du kan lave fleksible planer uden bekymringer.&nbsp;<\/p>","protected":false},"excerpt":{"rendered":"<p>GrandView Aviation er et Baltimore-baseret privat jet charterfirma, der opererer i USA. Du kan flyve over hele landet med deres Phenom 300 jetfly og leje deres Sikorsky S-76D og Bell 407GXI helikoptere i Baltimore og Washington, D.C. Fordi firmaet er Wyvern Wingman-certificeret, f\u00f8lger deres piloter de nyeste og bedste ...<\/p>","protected":false},"author":2,"featured_media":3225,"parent":0,"menu_order":0,"comment_status":"closed","ping_status":"closed","template":"","meta":{"_acf_changed":false,"_genesis_hide_title":false,"_genesis_hide_breadcrumbs":false,"_genesis_hide_singular_image":false,"_genesis_hide_footer_widgets":false,"_genesis_custom_body_class":"","_genesis_custom_post_class":"","_genesis_layout":"","footnotes":""},"class_list":{"1":"page","2":"type-page","6":"entry"},"acf":[],"_links":{"self":[{"href":"https:\/\/comparemyjet.com\/da\/wp-json\/wp\/v2\/pages\/3223","targetHints":{"allow":["GET"]}}],"collection":[{"href":"https:\/\/comparemyjet.com\/da\/wp-json\/wp\/v2\/pages"}],"about":[{"href":"https:\/\/comparemyjet.com\/da\/wp-json\/wp\/v2\/types\/page"}],"author":[{"embeddable":true,"href":"https:\/\/comparemyjet.com\/da\/wp-json\/wp\/v2\/users\/2"}],"replies":[{"embeddable":true,"href":"https:\/\/comparemyjet.com\/da\/wp-json\/wp\/v2\/comments?post=3223"}],"version-history":[{"count":2,"href":"https:\/\/comparemyjet.com\/da\/wp-json\/wp\/v2\/pages\/3223\/revisions"}],"predecessor-version":[{"id":3460,"href":"https:\/\/comparemyjet.com\/da\/wp-json\/wp\/v2\/pages\/3223\/revisions\/3460"}],"wp:featuredmedia":[{"embeddable":true,"href":"https:\/\/comparemyjet.com\/da\/wp-json\/wp\/v2\/media\/3225"}],"wp:attachment":[{"href":"https:\/\/comparemyjet.com\/da\/wp-json\/wp\/v2\/media?parent=3223"}],"curies":[{"name":"wp","href":"https:\/\/api.w.org\/{rel}","templated":true}]}}