{"id":3228,"date":"2022-09-20T20:27:21","date_gmt":"2022-09-20T20:27:21","guid":{"rendered":"https:\/\/comparemyjet.com\/?page_id=3228"},"modified":"2025-09-04T09:58:24","modified_gmt":"2025-09-04T09:58:24","slug":"jet-algo","status":"publish","type":"page","link":"https:\/\/comparemyjet.com\/da\/jet-algo\/","title":{"rendered":"Jet Algo flypriser"},"content":{"rendered":"<p>Jet Algo er et privat charterfirma med base i Morristown, New York. <a href=\"https:\/\/comparemyjet.com\/da\/private-jet-charters-to-jersey\/\" data-internallinksmanager029f6b8e52c=\"176\" title=\"Charter med privatfly til Jersey\">Jersey<\/a>. En m\u00e5de, hvorp\u00e5 de adskiller sig fra andre virksomheder, er deres brug af patenterede algoritmer til at beregne prisoverslag, der er skr\u00e6ddersyet til kundernes profiler og rejseplaner. Ved hj\u00e6lp af deres algoritmer laver de et betalingssystem baseret p\u00e5 din rejseplan.&nbsp;<\/p>\r\n\r\n\r\n\r\n<p>Virksomheden tilbyder et jetkortprogram uden administrationsgebyrer, og du beh\u00f8ver ikke at v\u00e6re ejer eller have en andel for at kunne flyve. Lad os se n\u00e6rmere p\u00e5, hvad de har at tilbyde.&nbsp;<\/p>\r\n\r\n\r\n\r\n<div id=\"ez-toc-container\" class=\"ez-toc-v2_0_76 counter-hierarchy ez-toc-counter ez-toc-grey ez-toc-container-direction\">\n<p class=\"ez-toc-title\" style=\"cursor:inherit\">Emner<\/p>\n<label for=\"ez-toc-cssicon-toggle-item-69dccd83a263c\" class=\"ez-toc-cssicon-toggle-label\"><span class=\"\"><span class=\"eztoc-hide\" style=\"display:none;\">Toggle<\/span><span class=\"ez-toc-icon-toggle-span\"><svg style=\"fill: #999;color:#999\" xmlns=\"http:\/\/www.w3.org\/2000\/svg\" class=\"list-377408\" width=\"20px\" height=\"20px\" viewbox=\"0 0 24 24\" fill=\"none\"><path d=\"M6 6H4v2h2V6zm14 0H8v2h12V6zM4 11h2v2H4v-2zm16 0H8v2h12v-2zM4 16h2v2H4v-2zm16 0H8v2h12v-2z\" fill=\"currentColor\"><\/path><\/svg><svg style=\"fill: #999;color:#999\" class=\"arrow-unsorted-368013\" xmlns=\"http:\/\/www.w3.org\/2000\/svg\" width=\"10px\" height=\"10px\" viewbox=\"0 0 24 24\" version=\"1.2\" baseprofile=\"tiny\"><path d=\"M18.2 9.3l-6.2-6.3-6.2 6.3c-.2.2-.3.4-.3.7s.1.5.3.7c.2.2.4.3.7.3h11c.3 0 .5-.1.7-.3.2-.2.3-.5.3-.7s-.1-.5-.3-.7zM5.8 14.7l6.2 6.3 6.2-6.3c.2-.2.3-.5.3-.7s-.1-.5-.3-.7c-.2-.2-.4-.3-.7-.3h-11c-.3 0-.5.1-.7.3-.2.2-.3.5-.3.7s.1.5.3.7z\"\/><\/svg><\/span><\/span><\/label><input type=\"checkbox\"  id=\"ez-toc-cssicon-toggle-item-69dccd83a263c\" checked aria-label=\"Toggle\" \/><nav><ul class='ez-toc-list ez-toc-list-level-1' ><li class='ez-toc-page-1 ez-toc-heading-level-2'><a class=\"ez-toc-link ez-toc-heading-1\" href=\"https:\/\/comparemyjet.com\/da\/jet-algo\/#Company_History\" >Virksomhedens historie<\/a><\/li><li class='ez-toc-page-1 ez-toc-heading-level-2'><a class=\"ez-toc-link ez-toc-heading-2\" href=\"https:\/\/comparemyjet.com\/da\/jet-algo\/#Pricing\" >Prisfasts\u00e6ttelse<\/a><\/li><li class='ez-toc-page-1 ez-toc-heading-level-2'><a class=\"ez-toc-link ez-toc-heading-3\" href=\"https:\/\/comparemyjet.com\/da\/jet-algo\/#Company_Card_Program\" >Program for firmakort<\/a><\/li><li class='ez-toc-page-1 ez-toc-heading-level-2'><a class=\"ez-toc-link ez-toc-heading-4\" href=\"https:\/\/comparemyjet.com\/da\/jet-algo\/#The_Fleet\" >Fl\u00e5den&nbsp;<\/a><ul class='ez-toc-list-level-3' ><li class='ez-toc-heading-level-3'><a class=\"ez-toc-link ez-toc-heading-5\" href=\"https:\/\/comparemyjet.com\/da\/jet-algo\/#1_Light_Private_Jets\" >1. Lette private jetfly<\/a><ul class='ez-toc-list-level-4' ><li class='ez-toc-heading-level-4'><a class=\"ez-toc-link ez-toc-heading-6\" href=\"https:\/\/comparemyjet.com\/da\/jet-algo\/#Our_Recommendation_Eclipse_500\" >Vores anbefaling: Eclipse 500<\/a><\/li><\/ul><\/li><li class='ez-toc-page-1 ez-toc-heading-level-3'><a class=\"ez-toc-link ez-toc-heading-7\" href=\"https:\/\/comparemyjet.com\/da\/jet-algo\/#2_Midsize_Private_Jets\" >2. Mellemstore private jetfly<\/a><ul class='ez-toc-list-level-4' ><li class='ez-toc-heading-level-4'><a class=\"ez-toc-link ez-toc-heading-8\" href=\"https:\/\/comparemyjet.com\/da\/jet-algo\/#Our_Recommendation_The_Hawker_800XP\" >Vores anbefaling: Hawker 800XP<\/a><\/li><\/ul><\/li><li class='ez-toc-page-1 ez-toc-heading-level-3'><a class=\"ez-toc-link ez-toc-heading-9\" href=\"https:\/\/comparemyjet.com\/da\/jet-algo\/#3_Super-Midsize_Private_Jets\" >3. Super-mellemstore private jetfly&nbsp;<\/a><ul class='ez-toc-list-level-4' ><li class='ez-toc-heading-level-4'><a class=\"ez-toc-link ez-toc-heading-10\" href=\"https:\/\/comparemyjet.com\/da\/jet-algo\/#Our_Recommendation_Citation_X\" >Vores anbefaling: Citationstegn X<\/a><\/li><\/ul><\/li><li class='ez-toc-page-1 ez-toc-heading-level-3'><a class=\"ez-toc-link ez-toc-heading-11\" href=\"https:\/\/comparemyjet.com\/da\/jet-algo\/#4_Large_Private_Jets\" >4. Store private jetfly<\/a><ul class='ez-toc-list-level-4' ><li class='ez-toc-heading-level-4'><a class=\"ez-toc-link ez-toc-heading-12\" href=\"https:\/\/comparemyjet.com\/da\/jet-algo\/#Our_Recommendation_Bombardier_Challenger_650\" >Vores anbefaling:  Bombardier Challenger 650&nbsp;<\/a><\/li><\/ul><\/li><li class='ez-toc-page-1 ez-toc-heading-level-3'><a class=\"ez-toc-link ez-toc-heading-13\" href=\"https:\/\/comparemyjet.com\/da\/jet-algo\/#5_Long-Range_Private_Jets\" >5. Private jetfly med lang r\u00e6kkevidde<\/a><ul class='ez-toc-list-level-4' ><li class='ez-toc-heading-level-4'><a class=\"ez-toc-link ez-toc-heading-14\" href=\"https:\/\/comparemyjet.com\/da\/jet-algo\/#Our_Recommendation_The_Gulfstream_G450\" >Vores anbefaling: Gulfstream G450&nbsp;<\/a><\/li><\/ul><\/li><\/ul><\/li><li class='ez-toc-page-1 ez-toc-heading-level-2'><a class=\"ez-toc-link ez-toc-heading-15\" href=\"https:\/\/comparemyjet.com\/da\/jet-algo\/#Company_Safety_Policy_and_Standards\" >Virksomhedens sikkerhedspolitik og -standarder<\/a><\/li><li class='ez-toc-page-1 ez-toc-heading-level-2'><a class=\"ez-toc-link ez-toc-heading-16\" href=\"https:\/\/comparemyjet.com\/da\/jet-algo\/#Conclusion\" >Konklusion<\/a><\/li><\/ul><\/nav><\/div>\n<h2 class=\"wp-block-heading\"><span class=\"ez-toc-section\" id=\"Company_History\"><\/span>Virksomhedens historie<span class=\"ez-toc-section-end\"><\/span><\/h2>\r\n\r\n\r\n\r\n<p>Jet Algo startede i 1995 som <em>Himmelb\u00f8lger<\/em>. Virksomhedens forretningsstrategi med at bruge algoritmer til at estimere priser blev opfundet af den tidligere <a href=\"https:\/\/comparemyjet.com\/da\/delta-private-jets\/\" data-internallinksmanager029f6b8e52c=\"184\" title=\"Priser for medlemskab af Delta Private Jets\">Delta Private Jets<\/a> vicepr\u00e6sident Jon Mende, Jet Algos CEO. Mende h\u00e6vder, at virksomheden tilbyder faste priser for enkeltrejser og returrejser baseret p\u00e5 garanteret tilg\u00e6ngelighed i leveringstider og dit estimerede budget. Han sigter mod at tilbyde kunderne alternative faste priser baseret p\u00e5 specifikke destinationspar, med billigere gebyrer for dem, der rejser mellem t\u00e6tbefolkede steder uden at kr\u00e6ve f\u00e6rgeflyvninger.&nbsp;<\/p>\r\n\r\n\r\n\r\n<h2 class=\"wp-block-heading\"><span class=\"ez-toc-section\" id=\"Pricing\"><\/span>Prisfasts\u00e6ttelse<span class=\"ez-toc-section-end\"><\/span><\/h2>\r\n\r\n\r\n\r\n<p>Oprettelses- og medlemsomkostningerne for Jet Algo er ca. $1.000 pr. m\u00e5ned, og pengene bruges til at d\u00e6kke dine flyudgifter. St\u00f8rrelsen af dit indskud bestemmes af dit personlige program, og priserne er faste for de n\u00e6ste 24 m\u00e5neder.<\/p>\r\n\r\n\r\n\r\n<p>N\u00e5r du bliver medlem, kan du drage fordel af en garanti for tilg\u00e6ngelighed, en fast timepris og tilpassede priser, der bestemmes af din rute.<\/p>\r\n\r\n\r\n\r\n<p>Forvent at betale ekstra, hvis du vil have IS-BAO Stage 3, Argus Platinum eller Wyvern Wingman-operat\u00f8rer i stedet for standard Part 135-fl\u00e5den p\u00e5 ca. 7.000 fly. Priserne varierer afh\u00e6ngigt af dine krav og pr\u00e6ferencer.<\/p>\r\n\r\n\r\n\r\n<h2 class=\"wp-block-heading\"><span class=\"ez-toc-section\" id=\"Company_Card_Program\"><\/span>Program for firmakort<span class=\"ez-toc-section-end\"><\/span><\/h2>\r\n\r\n\r\n\r\n<p>De fleste flykortselskaber opkr\u00e6ver det samme gebyr, uanset hvor du rejser hen, hvilke lufthavne du bruger, hvor lang tid i forvejen du bestiller din flybillet, eller hvor l\u00e6nge du bliver p\u00e5 destinationen. S\u00e5 hvis du planl\u00e6gger en weekendtur og booker en billet tre dage i forvejen, betaler du m\u00e5ske den samme pris som en, der tager en 10-dages ferie til et andet sted og kun booker 10 timer i forvejen. Som et resultat skal priserne kompenseres for personer, der booker fly i sidste \u00f8jeblik eller rejser til et fjerntliggende sted. Jet Algo skaber en prismodel baseret p\u00e5 din profil ved hj\u00e6lp af sofistikerede algoritmer.&nbsp;<\/p>\r\n\r\n\r\n\r\n<h2 class=\"wp-block-heading\"><span class=\"ez-toc-section\" id=\"The_Fleet\"><\/span>Fl\u00e5den&nbsp;<span class=\"ez-toc-section-end\"><\/span><\/h2>\r\n\r\n\r\n\r\n<figure class=\"wp-block-image size-full is-style-default\"><img loading=\"lazy\" decoding=\"async\" width=\"1000\" height=\"565\" src=\"https:\/\/comparemyjet.com\/wp-content\/uploads\/2022\/09\/businessman.infront.of_.a.plane_.jpg\" alt=\"Jet Algo\" class=\"wp-image-3230\" srcset=\"https:\/\/comparemyjet.com\/wp-content\/uploads\/2022\/09\/businessman.infront.of_.a.plane_-18x10.jpg 18w, https:\/\/comparemyjet.com\/wp-content\/uploads\/2022\/09\/businessman.infront.of_.a.plane_-300x170.jpg 300w, https:\/\/comparemyjet.com\/wp-content\/uploads\/2022\/09\/businessman.infront.of_.a.plane_-768x434.jpg 768w, https:\/\/comparemyjet.com\/wp-content\/uploads\/2022\/09\/businessman.infront.of_.a.plane_.jpg 1000w\" sizes=\"auto, (max-width: 1000px) 100vw, 1000px\" \/><\/figure>\r\n\r\n\r\n\r\n<p>Som m\u00e6glerfirma har Jet Algo ikke en flyfl\u00e5de. I stedet fungerer virksomheden som en bro mellem dig og flyselskabet, hj\u00e6lper dig med at beslutte, hvilken type fly du skal bruge til din n\u00e6ste flyvning og giver dig mange skr\u00e6ddersyede alternativer.&nbsp;<\/p>\r\n\r\n\r\n\r\n<h3 class=\"wp-block-heading\"><span class=\"ez-toc-section\" id=\"1_Light_Private_Jets\"><\/span>1. Lette private jetfly<span class=\"ez-toc-section-end\"><\/span><\/h3>\r\n\r\n\r\n\r\n<p>Lette jetfly er st\u00f8rre og har en l\u00e6ngere r\u00e6kkevidde end turbopropfly eller meget lette jetfly. Kabinen er rummelig, og bagagekapaciteten er tilstr\u00e6kkelig til, at man kan medbringe lidt mere end bare det mest n\u00f8dvendige. De kan komfortabelt transportere et gennemsnit p\u00e5 otte personer, flyve p\u00e5 korte landingsbaner og lande i sm\u00e5 lufthavne.&nbsp;<\/p>\r\n\r\n\r\n\r\n<p>Den st\u00f8rste fordel ved et let jetfly er dets uovertrufne adgang til sv\u00e6rt tilg\u00e6ngelige \u00f8er og bjergrige omr\u00e5der.<\/p>\r\n\r\n\r\n\r\n<h4 class=\"wp-block-heading\"><span class=\"ez-toc-section\" id=\"Our_Recommendation_Eclipse_500\"><\/span>Vores anbefaling: Eclipse 500<span class=\"ez-toc-section-end\"><\/span><\/h4>\r\n\r\n\r\n\r\n<p>Eclipse 500 er en motor med to turbiner, der fremstilles af Eclipse Aerospace i New Mexico. Eclipse er b\u00e5de effektiv og \u00e6stetisk tiltalende, og en af publikumsfavoritterne i denne kategori af fly.<\/p>\r\n\r\n\r\n\r\n<p>Specifikationer:<\/p>\r\n\r\n\r\n\r\n<ul class=\"wp-block-list\"><li>Passagerer: 3 til 4;<\/li><li>Krydstogtshastighed: 370 knob;<\/li><li>Flyver\u00e6kkevidde: 1.290 miles;<\/li><li>Kabineh\u00f8jde: 4 fod 2 tommer;<\/li><li>Kabinebredde: 4 fod 7 tommer;<\/li><li>Kabinens l\u00e6ngde: 7 fod 6 tommer;<\/li><li>Bagagerum: 16 cu ft.<\/li><\/ul>\r\n\r\n\r\n\r\n<h3 class=\"wp-block-heading\"><span class=\"ez-toc-section\" id=\"2_Midsize_Private_Jets\"><\/span>2. Mellemstore private jetfly<span class=\"ez-toc-section-end\"><\/span><\/h3>\r\n\r\n\r\n\r\n<p>Mellemstore fly har 6 til 8 s\u00e6der med en maksimal flyver\u00e6kkevidde p\u00e5 4 til 5 timer. Det er ideelt til personlige rejser og forretningsrejser, da det giver mere fleksibilitet og komfort over l\u00e6ngere afstande.<\/p>\r\n\r\n\r\n\r\n<h4 class=\"wp-block-heading\"><span class=\"ez-toc-section\" id=\"Our_Recommendation_The_Hawker_800XP\"><\/span>Vores anbefaling: Hawker 800XP<span class=\"ez-toc-section-end\"><\/span><\/h4>\r\n\r\n\r\n\r\n<p><a href=\"https:\/\/comparemyjet.com\/da\/hawker-beechcraft\/\" data-internallinksmanager029f6b8e52c=\"153\" title=\"Den ultimative guide til Hawker Beechcraft private jetfly og fly\">Hawker Beechcraft<\/a> producerede Hawker 800XP fra 1997 til 2005. Selv ved fuld kapacitet er der masser af plads til at g\u00f8re din flyvning behagelig.<\/p>\r\n\r\n\r\n\r\n<p>Specifikationer:<\/p>\r\n\r\n\r\n\r\n<ul class=\"wp-block-list\"><li>Passagerer: 8;<\/li><li>Kabinevolumen: 723 kubikfod;<\/li><li>Kabinel\u00e6ngde: 21 fod 3 tommer;&nbsp;<\/li><li>Kabinebredde: 6 fod;<\/li><li>Kabineh\u00f8jde: 5 fod 8 tommer;<\/li><li>Bagagekapacitet: 48 cu ft;<\/li><li>Flyets r\u00e6kkevidde: 3.038 nm;<\/li><li>Krydstogtshastighed: 488 mph.<\/li><\/ul>\r\n\r\n\r\n\r\n<h3 class=\"wp-block-heading\"><span class=\"ez-toc-section\" id=\"3_Super-Midsize_Private_Jets\"><\/span>3. Super-mellemstore private jetfly&nbsp;<span class=\"ez-toc-section-end\"><\/span><\/h3>\r\n\r\n\r\n\r\n<p>Et super-mellemstort fly er en god mulighed for st\u00f8rre grupper eller din n\u00e6ste rejse p\u00e5 tv\u00e6rs af landet. Disse fly kombinerer smidigheden og r\u00e6kkevidden i et mellemstort jetfly med komforten i et stort fly og tilbyder st\u00e5pladser, kabys, adgang til bagage, l\u00e6ders\u00e6der og foldbare arbejdsstationer.<\/p>\r\n\r\n\r\n\r\n<h4 class=\"wp-block-heading\"><span class=\"ez-toc-section\" id=\"Our_Recommendation_Citation_X\"><\/span>Vores anbefaling: Citationstegn X<span class=\"ez-toc-section-end\"><\/span><\/h4>\r\n\r\n\r\n\r\n<p>Den <a href=\"https:\/\/comparemyjet.com\/da\/cessna\/\" data-internallinksmanager029f6b8e52c=\"145\" title=\"Ultimativ guide til Cessnas private jetfly og flyvemaskiner\">Cessna<\/a> Citation X er et langdistancefly, der prim\u00e6rt er designet til transkontinentale flyvninger. Det blev produceret af Cessna i 1996 og er stadig i produktion. Det er verdens tredjehurtigste passagerfly, der er i produktion i \u00f8jeblikket, og det er det st\u00f8rste fly i Citation-serien.<\/p>\r\n\r\n\r\n\r\n<p>Ved at producere Citation X lykkedes det Cessna at indarbejde en transatlantisk r\u00e6kkevidde i et mellemstort fly.&nbsp;<\/p>\r\n\r\n\r\n\r\n<p>Specifikationer:<\/p>\r\n\r\n\r\n\r\n<ul class=\"wp-block-list\"><li>Passagerer: 9;<\/li><li>Maksimal r\u00e6kkevidde: 3.300 nm;<\/li><li>Krydstogtshastighed: 605 mph;<\/li><li>Kabinevolumen: 725 kubikfod;<\/li><li>Kabinel\u00e6ngde: 23 fod 7 tommer;&nbsp;<\/li><li>Kabineh\u00f8jde: 5 fod 6 tommer;&nbsp;<\/li><li>Kabinebredde: 5 fod 7 tommer;<\/li><li>Bagagekapacitet: 82 cu ft;<\/li><li>Et privat toilet og en komplet kabys.<\/li><\/ul>\r\n\r\n\r\n\r\n<h3 class=\"wp-block-heading\"><span class=\"ez-toc-section\" id=\"4_Large_Private_Jets\"><\/span>4. Store private jetfly<span class=\"ez-toc-section-end\"><\/span><\/h3>\r\n\r\n\r\n\r\n<p>Store jetfly giver dig den luksus og plads, du har brug for, n\u00e5r du rejser internationalt. De har ogs\u00e5 rummeligt interi\u00f8r med sovepladser, der passer til sm\u00e5 selskaber.<\/p>\r\n\r\n\r\n\r\n<p>De har normalt en fuldt udstyret kabys med k\u00f8kken og serveringsomr\u00e5de.<\/p>\r\n\r\n\r\n\r\n<h4 class=\"wp-block-heading\"><span class=\"ez-toc-section\" id=\"Our_Recommendation_Bombardier_Challenger_650\"><\/span>Vores anbefaling:  Bombardier Challenger 650&nbsp;<span class=\"ez-toc-section-end\"><\/span><\/h4>\r\n\r\n\r\n\r\n<p>R\u00e6kkevidden og ydeevnen af <a href=\"https:\/\/comparemyjet.com\/da\/bombardier\/\" data-internallinksmanager029f6b8e52c=\"159\" title=\"Den ultimative guide til Bombardiers private jetfly og fly\">Bombardier<\/a> Challenger 650 er enest\u00e5ende. Den rummelige kabine har faciliteter ombord, der giver maksimal komfort p\u00e5 lange transkontinentale private jetflyvninger. Du kan bruge konferencebordet til at arbejde, og slappe af og nyde de mest opdaterede HD- og Wi-Fi-underholdningsvalg.&nbsp;<\/p>\r\n\r\n\r\n\r\n<p>Specifikationer:<\/p>\r\n\r\n\r\n\r\n<ul class=\"wp-block-list\"><li>Passagerer: 11;<\/li><li>Kabinebredde: 7 ft 92 in;<\/li><li>Kabinel\u00e6ngde: 28 fod 4 tommer;<\/li><li>Flyver\u00e6kkevidde: 8:45 timer;<\/li><li>Max hastighed cruise: 540 mph;<\/li><li>Kabyssen har fuld service;<\/li><li>En stewardesse.<\/li><\/ul>\r\n\r\n\r\n\r\n<h3 class=\"wp-block-heading\"><span class=\"ez-toc-section\" id=\"5_Long-Range_Private_Jets\"><\/span>5. Private jetfly med lang r\u00e6kkevidde<span class=\"ez-toc-section-end\"><\/span><\/h3>\r\n\r\n\r\n\r\n<p>Takket v\u00e6re deres st\u00f8rrelse tilbyder disse fly separate arbejds-, spise- og afslapningsomr\u00e5der og top-of-the-line faciliteter.<\/p>\r\n\r\n\r\n\r\n<p>Langdistancefly er ideelle til private rejsende, der \u00f8nsker at n\u00e5 deres destination uden at skulle stoppe for at tanke op. De er designet til nonstop interkontinentale flyvninger.<\/p>\r\n\r\n\r\n\r\n<h4 class=\"wp-block-heading\"><span class=\"ez-toc-section\" id=\"Our_Recommendation_The_Gulfstream_G450\"><\/span>Vores anbefaling: Gulfstream G450&nbsp;<span class=\"ez-toc-section-end\"><\/span><\/h4>\r\n\r\n\r\n\r\n<p>Den <a href=\"https:\/\/comparemyjet.com\/da\/gulfstream\/\" data-internallinksmanager029f6b8e52c=\"175\" title=\"Den ultimative guide til Gulfstream privatfly og -flyvemaskiner\">Gulfstream<\/a> G450 er prim\u00e6rt designet til langdistanceflyvning og tilbyder garanteret komfort og sikkerhed. De kan flyve i 5.000 miles eller n\u00e6sten 10 timer uden at skulle stoppe for at tanke op.<\/p>\r\n\r\n\r\n\r\n<p>Dette fly har en rummelig kabine med et fuldt udstyret k\u00f8kken og masser af plads til bagage, s\u00e5 alle passagerer kan medbringe alt, hvad de har brug for p\u00e5 deres rejse.<\/p>\r\n\r\n\r\n\r\n<p>Specifikationer:<\/p>\r\n\r\n\r\n\r\n<ul class=\"wp-block-list\"><li>Passagerer: 14;<\/li><li>Kabinebredde: 7 ft;<\/li><li>Kabinel\u00e6ngde: 45 ft 1 in;<\/li><li>Bagagerum: 169 cu ft;<\/li><li>Flyver\u00e6kkevidde: 5.000 s\u00f8mil;<\/li><li>Udholdenhed: op til 9:45 timer;&nbsp;<\/li><li>Max hastighed cruise: 547 mph;<\/li><li>Wi-Fi;<\/li><li>Universelle str\u00f8mudtag;<\/li><li>DVD-afspiller og videomonitorer;<\/li><li>En stewardesse.<\/li><\/ul>\r\n\r\n\r\n\r\n<h2 class=\"wp-block-heading\"><span class=\"ez-toc-section\" id=\"Company_Safety_Policy_and_Standards\"><\/span>Virksomhedens sikkerhedspolitik og -standarder<span class=\"ez-toc-section-end\"><\/span><\/h2>\r\n\r\n\r\n\r\n<figure class=\"wp-block-image size-full is-style-default\"><img loading=\"lazy\" decoding=\"async\" width=\"1000\" height=\"667\" src=\"https:\/\/comparemyjet.com\/wp-content\/uploads\/2022\/09\/pilot.boarding.on_.a.private.jet_.jpg\" alt=\"\" class=\"wp-image-3231\" srcset=\"https:\/\/comparemyjet.com\/wp-content\/uploads\/2022\/09\/pilot.boarding.on_.a.private.jet_-18x12.jpg 18w, https:\/\/comparemyjet.com\/wp-content\/uploads\/2022\/09\/pilot.boarding.on_.a.private.jet_-300x200.jpg 300w, https:\/\/comparemyjet.com\/wp-content\/uploads\/2022\/09\/pilot.boarding.on_.a.private.jet_-768x512.jpg 768w, https:\/\/comparemyjet.com\/wp-content\/uploads\/2022\/09\/pilot.boarding.on_.a.private.jet_.jpg 1000w\" sizes=\"auto, (max-width: 1000px) 100vw, 1000px\" \/><\/figure>\r\n\r\n\r\n\r\n<p>Jet Algo bruger ARGUS Gold eller Platinum akkrediteret <a href=\"https:\/\/www.faa.gov\/licenses_certificates\/airline_certification\/135_certification\/general_info\" target=\"_blank\" rel=\"noopener\">Del 135<\/a> operat\u00f8rer. Med deres hj\u00e6lp leverer Jet Algo det, du forestiller dig som den ultimative private flyrejse, men til en betydelig rabat. <\/p>\r\n\r\n\r\n\r\n<h2 class=\"wp-block-heading\"><span class=\"ez-toc-section\" id=\"Conclusion\"><\/span>Konklusion<span class=\"ez-toc-section-end\"><\/span><\/h2>\r\n\r\n\r\n\r\n<p>Jet Algo tilbyder skr\u00e6ddersyet charterservice til flyrejsende, hvor alle omst\u00e6ndigheder tages i betragtning, n\u00e5r den endelige pris beregnes. Hvis du for eksempel \u00f8nsker at rejse p\u00e5 \u00e5rets travleste dage, som f.eks. helligdage, skal du sandsynligvis betale mere end standardpriserne.<\/p>\r\n\r\n\r\n\r\n<p>Du kan f\u00e5 en bedre fast pris, hvis du er fleksibel med dine datoer. Du skal blot aktivere Jet Algo til at anbefale erstatningsdage for at f\u00e5 bedre priser.\u00a0<\/p>\r\n\r\n\r\n\r\n<p>Tilpasning af din flyrejse omfatter planl\u00e6gning, skemal\u00e6gning og at finde det rigtige fly og den rigtige mad, stewardesser og andre s\u00e6rlige \u00f8nsker, som at flyve med dit k\u00e6ledyr. Du vil modtage en skr\u00e6ddersyet pris med alt inklusive - ligesom din skr\u00e6ddersyede flyrejse.<\/p>","protected":false},"excerpt":{"rendered":"<p>Jet Algo er et privat charterfirma med base i Morristown, New Jersey. En m\u00e5de, hvorp\u00e5 de adskiller sig fra andre virksomheder, er deres brug af patenterede algoritmer til at beregne prisoverslag, der er skr\u00e6ddersyet til kundernes profiler og rejseplaner. Ved hj\u00e6lp af deres algoritmer laver de et betalingssystem baseret p\u00e5 din rejseplan.  Virksomheden ...<\/p>","protected":false},"author":2,"featured_media":3229,"parent":0,"menu_order":0,"comment_status":"closed","ping_status":"closed","template":"","meta":{"_acf_changed":false,"_genesis_hide_title":false,"_genesis_hide_breadcrumbs":false,"_genesis_hide_singular_image":false,"_genesis_hide_footer_widgets":false,"_genesis_custom_body_class":"","_genesis_custom_post_class":"","_genesis_layout":"","footnotes":""},"class_list":{"1":"page","2":"type-page","6":"entry"},"acf":[],"_links":{"self":[{"href":"https:\/\/comparemyjet.com\/da\/wp-json\/wp\/v2\/pages\/3228","targetHints":{"allow":["GET"]}}],"collection":[{"href":"https:\/\/comparemyjet.com\/da\/wp-json\/wp\/v2\/pages"}],"about":[{"href":"https:\/\/comparemyjet.com\/da\/wp-json\/wp\/v2\/types\/page"}],"author":[{"embeddable":true,"href":"https:\/\/comparemyjet.com\/da\/wp-json\/wp\/v2\/users\/2"}],"replies":[{"embeddable":true,"href":"https:\/\/comparemyjet.com\/da\/wp-json\/wp\/v2\/comments?post=3228"}],"version-history":[{"count":3,"href":"https:\/\/comparemyjet.com\/da\/wp-json\/wp\/v2\/pages\/3228\/revisions"}],"predecessor-version":[{"id":3466,"href":"https:\/\/comparemyjet.com\/da\/wp-json\/wp\/v2\/pages\/3228\/revisions\/3466"}],"wp:featuredmedia":[{"embeddable":true,"href":"https:\/\/comparemyjet.com\/da\/wp-json\/wp\/v2\/media\/3229"}],"wp:attachment":[{"href":"https:\/\/comparemyjet.com\/da\/wp-json\/wp\/v2\/media?parent=3228"}],"curies":[{"name":"wp","href":"https:\/\/api.w.org\/{rel}","templated":true}]}}