{"id":3248,"date":"2022-09-20T00:02:25","date_gmt":"2022-09-20T00:02:25","guid":{"rendered":"https:\/\/comparemyjet.com\/?page_id=3248"},"modified":"2025-09-04T10:00:03","modified_gmt":"2025-09-04T10:00:03","slug":"qatar-executive","status":"publish","type":"page","link":"https:\/\/comparemyjet.com\/da\/qatar-executive\/","title":{"rendered":"Qatar Executive Flypriser"},"content":{"rendered":"<p><a href=\"https:\/\/comparemyjet.com\/da\/private-tours\/doha-private-tours\/\" data-internallinksmanager029f6b8e52c=\"346\" title=\"11 bedste private ture i Doha fra $77.00\">Doha<\/a>-baserede Qatar Executive, der er kendt for deres langdistancefl\u00e5de og luksuri\u00f8se jetfaciliteter om bord p\u00e5 hver flyvning, driver <a href=\"https:\/\/comparemyjet.com\/da\/how-do-you-rent-or-charter-a-private-jet\/\" data-internallinksmanager029f6b8e52c=\"15\" title=\"Hvordan lejer eller chartrer man en privat jet?\">privat jet charter<\/a> tjenester over hele verden. De mest popul\u00e6re steder for charterankomster og -afgange omfatter:<\/p>\r\n\r\n\r\n\r\n<ul class=\"wp-block-list\"><li>Fra Qatar til USA og Europa;<\/li><li>Fra Rusland til \u00d8st- og Syd\u00f8stasien;<\/li><li>Fra Europa til USA's \u00f8st- og vestkyst.<\/li><\/ul>\r\n\r\n\r\n\r\n<p>Lad os se n\u00e6rmere p\u00e5, hvad Qatar Executive tilbyder.<\/p>\r\n\r\n\r\n\r\n<div id=\"ez-toc-container\" class=\"ez-toc-v2_0_76 counter-hierarchy ez-toc-counter ez-toc-grey ez-toc-container-direction\">\n<p class=\"ez-toc-title\" style=\"cursor:inherit\">Emner<\/p>\n<label for=\"ez-toc-cssicon-toggle-item-69f775743c0e3\" class=\"ez-toc-cssicon-toggle-label\"><span class=\"\"><span class=\"eztoc-hide\" style=\"display:none;\">Toggle<\/span><span class=\"ez-toc-icon-toggle-span\"><svg style=\"fill: #999;color:#999\" xmlns=\"http:\/\/www.w3.org\/2000\/svg\" class=\"list-377408\" width=\"20px\" height=\"20px\" viewbox=\"0 0 24 24\" fill=\"none\"><path d=\"M6 6H4v2h2V6zm14 0H8v2h12V6zM4 11h2v2H4v-2zm16 0H8v2h12v-2zM4 16h2v2H4v-2zm16 0H8v2h12v-2z\" fill=\"currentColor\"><\/path><\/svg><svg style=\"fill: #999;color:#999\" class=\"arrow-unsorted-368013\" xmlns=\"http:\/\/www.w3.org\/2000\/svg\" width=\"10px\" height=\"10px\" viewbox=\"0 0 24 24\" version=\"1.2\" baseprofile=\"tiny\"><path d=\"M18.2 9.3l-6.2-6.3-6.2 6.3c-.2.2-.3.4-.3.7s.1.5.3.7c.2.2.4.3.7.3h11c.3 0 .5-.1.7-.3.2-.2.3-.5.3-.7s-.1-.5-.3-.7zM5.8 14.7l6.2 6.3 6.2-6.3c.2-.2.3-.5.3-.7s-.1-.5-.3-.7c-.2-.2-.4-.3-.7-.3h-11c-.3 0-.5.1-.7.3-.2.2-.3.5-.3.7s.1.5.3.7z\"\/><\/svg><\/span><\/span><\/label><input type=\"checkbox\"  id=\"ez-toc-cssicon-toggle-item-69f775743c0e3\" checked aria-label=\"Toggle\" \/><nav><ul class='ez-toc-list ez-toc-list-level-1' ><li class='ez-toc-page-1 ez-toc-heading-level-2'><a class=\"ez-toc-link ez-toc-heading-1\" href=\"https:\/\/comparemyjet.com\/da\/qatar-executive\/#About_the_Company\" >Om virksomheden<\/a><\/li><li class='ez-toc-page-1 ez-toc-heading-level-2'><a class=\"ez-toc-link ez-toc-heading-2\" href=\"https:\/\/comparemyjet.com\/da\/qatar-executive\/#Membership_Programs\" >Medlemskabsprogrammer<\/a><\/li><li class='ez-toc-page-1 ez-toc-heading-level-2'><a class=\"ez-toc-link ez-toc-heading-3\" href=\"https:\/\/comparemyjet.com\/da\/qatar-executive\/#Pricing\" >Prisfasts\u00e6ttelse<\/a><\/li><li class='ez-toc-page-1 ez-toc-heading-level-2'><a class=\"ez-toc-link ez-toc-heading-4\" href=\"https:\/\/comparemyjet.com\/da\/qatar-executive\/#Additional_Services\" >Yderligere tjenester<\/a><ul class='ez-toc-list-level-3' ><li class='ez-toc-heading-level-3'><a class=\"ez-toc-link ez-toc-heading-5\" href=\"https:\/\/comparemyjet.com\/da\/qatar-executive\/#Aircraft_Management\" >Administration af fly<\/a><\/li><li class='ez-toc-page-1 ez-toc-heading-level-3'><a class=\"ez-toc-link ez-toc-heading-6\" href=\"https:\/\/comparemyjet.com\/da\/qatar-executive\/#Aircraft_Servicing_and_Maintenance\" >Servicering og vedligeholdelse af fly&nbsp;<\/a><\/li><\/ul><\/li><li class='ez-toc-page-1 ez-toc-heading-level-2'><a class=\"ez-toc-link ez-toc-heading-7\" href=\"https:\/\/comparemyjet.com\/da\/qatar-executive\/#The_Fleet\" >Fl\u00e5den&nbsp;<\/a><ul class='ez-toc-list-level-3' ><li class='ez-toc-heading-level-3'><a class=\"ez-toc-link ez-toc-heading-8\" href=\"https:\/\/comparemyjet.com\/da\/qatar-executive\/#1_The_Gulfstream_G650ER\" >1. Gulfstream G650ER&nbsp;<\/a><\/li><li class='ez-toc-page-1 ez-toc-heading-level-3'><a class=\"ez-toc-link ez-toc-heading-9\" href=\"https:\/\/comparemyjet.com\/da\/qatar-executive\/#2_Bombardier_Global_Express_XRS\" >2. Bombardier Global Express XRS<\/a><\/li><li class='ez-toc-page-1 ez-toc-heading-level-3'><a class=\"ez-toc-link ez-toc-heading-10\" href=\"https:\/\/comparemyjet.com\/da\/qatar-executive\/#3_The_Gulfstream_G5000\" >3. Gulfstream G5000<\/a><\/li><\/ul><\/li><li class='ez-toc-page-1 ez-toc-heading-level-2'><a class=\"ez-toc-link ez-toc-heading-11\" href=\"https:\/\/comparemyjet.com\/da\/qatar-executive\/#Company_Safety_Policy_and_Standards\" >Virksomhedens sikkerhedspolitik og -standarder<\/a><\/li><li class='ez-toc-page-1 ez-toc-heading-level-2'><a class=\"ez-toc-link ez-toc-heading-12\" href=\"https:\/\/comparemyjet.com\/da\/qatar-executive\/#Pilots\" >Piloter<\/a><\/li><li class='ez-toc-page-1 ez-toc-heading-level-2'><a class=\"ez-toc-link ez-toc-heading-13\" href=\"https:\/\/comparemyjet.com\/da\/qatar-executive\/#Qatar_Executive_FBO\" >Qatar Executive FBO<\/a><\/li><li class='ez-toc-page-1 ez-toc-heading-level-2'><a class=\"ez-toc-link ez-toc-heading-14\" href=\"https:\/\/comparemyjet.com\/da\/qatar-executive\/#Conclusion\" >Konklusion<\/a><\/li><\/ul><\/nav><\/div>\n<h2 class=\"wp-block-heading\"><span class=\"ez-toc-section\" id=\"About_the_Company\"><\/span>Om virksomheden<span class=\"ez-toc-section-end\"><\/span><\/h2>\r\n\r\n\r\n\r\n<p>Qatar Airways blev grundlagt af en qatarsk kongefamilie og tr\u00e5dte ind i luftfartsindustrien i 1994. I mods\u00e6tning til andre flyselskaber har Qatar Airways sin egen fl\u00e5de af privatfly ud over sin kommercielle fl\u00e5de. Flyselskabets datterselskab, Qatar Executive, blev dannet i 2009 og flyver hovedsageligt med <a href=\"https:\/\/comparemyjet.com\/da\/gulfstream\/\" data-internallinksmanager029f6b8e52c=\"175\" title=\"Den ultimative guide til Gulfstream privatfly og -flyvemaskiner\">Gulfstream<\/a> luksusfly.&nbsp;<\/p>\r\n\r\n\r\n\r\n<p>Qatar Executives helejede business jet-fl\u00e5de tilbyder fantastiske jet-tjenester til international charter fra hovedkvarteret i Doha International Airport. Kunderne har adgang til Block Hour Agreement, et kontraktbaseret program, der giver flypassagerer mulighed for at reservere fly til timepriser.<\/p>\r\n\r\n\r\n\r\n<p>Flyselskabets vedvarende st\u00f8tte til Mellem\u00f8sten, det internationale forretningsrejsesamfund og dets st\u00e6rke verdensomsp\u00e6ndende ekspansionsplan afspejles alle i Qatar Executive.<\/p>\r\n\r\n\r\n\r\n<p>Desuden arbejder Qatar Executive med h\u00f8jt kvalificeret personale fra mere end 52 forskellige nationer og kulturer for at levere ground handling-services til udenlandske flyselskaber, h\u00f8jtst\u00e5ende regeringsembedsm\u00e6nd, private fly og luftfragtselskaber.&nbsp;<\/p>\r\n\r\n\r\n\r\n<p>Lad os udforske deres medlemsprogrammer og forts\u00e6tte med de andre tjenester.<\/p>\r\n\r\n\r\n\r\n<h2 class=\"wp-block-heading\"><span class=\"ez-toc-section\" id=\"Membership_Programs\"><\/span>Medlemskabsprogrammer<span class=\"ez-toc-section-end\"><\/span><\/h2>\r\n\r\n\r\n\r\n<p>Kunder kan forudbestille flyvetid p\u00e5 banebrydende store og ultra-langtr\u00e6kkende privatfly til faste timepriser gennem Qatar Executives unikke og eksklusive <a href=\"https:\/\/www.qatarexec.com.qa\/en\/Services\/Agreement\" target=\"_blank\" rel=\"noopener\">Aftale om bloktimer<\/a>.<\/p>\r\n\r\n\r\n\r\n<p>Block-aftalen tilbyder en enest\u00e5ende flyoplevelse, der passer specifikt til den enkelte flypassagers smag og forventninger.<\/p>\r\n\r\n\r\n\r\n<p>For at deltage i dette program skal kunderne k\u00f8be mindst 50 timers flyvetid uden yderligere medlemsomkostninger. B\u00e5de flyvetid og taxitid er inkluderet i den faste timepris. Derudover drager kunderne fordel af at v\u00e6re sikret tilg\u00e6ngelighed for reservationer, der foretages s\u00e5 tidligt som 72 timer f\u00f8r flyvningen.<\/p>\r\n\r\n\r\n\r\n<h2 class=\"wp-block-heading\"><span class=\"ez-toc-section\" id=\"Pricing\"><\/span>Prisfasts\u00e6ttelse<span class=\"ez-toc-section-end\"><\/span><\/h2>\r\n\r\n\r\n\r\n<p>Da kunderne modtager prisen efter indsendelse, oplyser Qatar Airways ikke om specifikke prisklasser eller alternativer for Qatar Executive.<\/p>\r\n\r\n\r\n\r\n<p>Du kan f\u00e5 en generel id\u00e9 om, hvad du kan komme ud for i Qatar Executive's <a href=\"https:\/\/www.qatarexec.com.qa\/CommonMediaFiles\/PDF\/QEFBOflyer.pdf\" target=\"_blank\" rel=\"noopener\">pdf-liste over alle priser og tjenester<\/a>.<\/p>\r\n\r\n\r\n\r\n<h2 class=\"wp-block-heading\"><span class=\"ez-toc-section\" id=\"Additional_Services\"><\/span>Yderligere tjenester<span class=\"ez-toc-section-end\"><\/span><\/h2>\r\n\r\n\r\n\r\n<p>Qatar Executive tilbyder nogle andre tjenester end flyleasing.<\/p>\r\n\r\n\r\n\r\n<h3 class=\"wp-block-heading\"><span class=\"ez-toc-section\" id=\"Aircraft_Management\"><\/span>Administration af fly<span class=\"ez-toc-section-end\"><\/span><\/h3>\r\n\r\n\r\n\r\n<p>I denne rolle fungerer Qatar Executive som en r\u00e5dgiver, der giver vejledning, n\u00e5r det er n\u00f8dvendigt, og tilbyder r\u00e5dgivning om den mest \u00f8konomiske m\u00e5de at tilfredsstille kundernes krav p\u00e5. Kunderne kan v\u00e6lge en privat management-l\u00f8sning - eksklusiv brug - eller en kommerciel management-l\u00f8sning, hvor flyet udlejes til andre kunder til geng\u00e6ld for betydelige omkostningsbesparelser p\u00e5 den samlede pris.<\/p>\r\n\r\n\r\n\r\n<h3 class=\"wp-block-heading\"><span class=\"ez-toc-section\" id=\"Aircraft_Servicing_and_Maintenance\"><\/span>Servicering og vedligeholdelse af fly&nbsp;<span class=\"ez-toc-section-end\"><\/span><\/h3>\r\n\r\n\r\n\r\n<p>Qatar Executive leverer ground handling-tjenester og faste baseoperationer til internationale flyselskaber, regeringsembedsm\u00e6nd, privatfly og luftfragttransport. Takket v\u00e6re Qatar Executives stab af dygtige og fabriksuddannede tekniske eksperter bliver alle flyvedligeholdelsesopgaver udf\u00f8rt efter de h\u00f8jeste standarder. Challenger 604\/605, Global XRS, 5000 og Gulfstream G650\/G500 er blandt de fly, som Qatar Executives kan udf\u00f8re base- og linjevedligeholdelse p\u00e5.&nbsp;<\/p>\r\n\r\n\r\n\r\n<h2 class=\"wp-block-heading\"><span class=\"ez-toc-section\" id=\"The_Fleet\"><\/span>Fl\u00e5den&nbsp;<span class=\"ez-toc-section-end\"><\/span><\/h2>\r\n\r\n\r\n\r\n<figure class=\"wp-block-image size-full is-style-default\"><img loading=\"lazy\" decoding=\"async\" width=\"1000\" height=\"665\" src=\"https:\/\/comparemyjet.com\/wp-content\/uploads\/2022\/09\/Qatar-Executive.jpg\" alt=\"Qatar Executive\" class=\"wp-image-3249\" srcset=\"https:\/\/comparemyjet.com\/wp-content\/uploads\/2022\/09\/Qatar-Executive-18x12.jpg 18w, https:\/\/comparemyjet.com\/wp-content\/uploads\/2022\/09\/Qatar-Executive-300x200.jpg 300w, https:\/\/comparemyjet.com\/wp-content\/uploads\/2022\/09\/Qatar-Executive-768x511.jpg 768w, https:\/\/comparemyjet.com\/wp-content\/uploads\/2022\/09\/Qatar-Executive.jpg 1000w\" sizes=\"auto, (max-width: 1000px) 100vw, 1000px\" \/><\/figure>\r\n\r\n\r\n\r\n<p>N\u00e5r du chartrer et privatfly hos Qatar Executive, har du direkte adgang til deres fl\u00e5de og de mest moderne Gulfstream- og <a href=\"https:\/\/comparemyjet.com\/da\/bombardier\/\" data-internallinksmanager029f6b8e52c=\"159\" title=\"Den ultimative guide til Bombardiers private jetfly og fly\">Bombardier<\/a> fly, der lever op til de nyeste sikkerhedsstandarder. Disse jetfly er kun til privat udlejning og bruges ikke til regelm\u00e6ssige kommercielle flyvninger af Qatar Airways.&nbsp;<\/p>\r\n\r\n\r\n\r\n<p>Gulfstream G650ER, Bombardier Global Express XRS og Gulfstream G500 er flyselskabets nuv\u00e6rende fly, der t\u00e6ller cirka 20.&nbsp;<\/p>\r\n\r\n\r\n\r\n<p>F\u00e6lles for alle disse jetfly er, at de har et overd\u00e5digt interi\u00f8r med rummelige siddepladser, spiseplads og andre funktionelle rum og m\u00f8bler, pr\u00e6cis som privatfly fra andre selskaber. Deres interi\u00f8r er designet med en lille, udvalgt gruppe af passagerer, der rejser sammen, for \u00f8je, s\u00e5 det er meget funktionelt og \u00e6stetisk tiltalende.<\/p>\r\n\r\n\r\n\r\n<p>Lad os tage et kig ind i de tre bedste flymodeller i Qatar Executive-fl\u00e5den og se deres ydeevne, st\u00f8rrelse og faciliteter.&nbsp;<\/p>\r\n\r\n\r\n\r\n<h3 class=\"wp-block-heading\"><span class=\"ez-toc-section\" id=\"1_The_Gulfstream_G650ER\"><\/span>1. Gulfstream G650ER&nbsp;<span class=\"ez-toc-section-end\"><\/span><\/h3>\r\n\r\n\r\n\r\n<p>Gulfstream G650ER h\u00f8rer til blandt de ultralangtr\u00e6kkende forretningsfly og er et af de hurtigste fly p\u00e5 markedet med sin enest\u00e5ende motor.&nbsp;<\/p>\r\n\r\n\r\n\r\n<p><a href=\"https:\/\/www.onemoreorbit.com\/\" target=\"_blank\" rel=\"noopener\">Et kredsl\u00f8b mere<\/a> er et vellykket internationalt fors\u00f8g p\u00e5 at sl\u00e5 Guinness-rekorden for den hurtigste tur rundt om jorden via begge poler. Til missionen brugte de et fly ejet af Qatar Executive til at sl\u00e5 den tidligere rekord for den hurtigste tur fra pol til pol rundt om kloden. I 2019 overgik de den tidligere rekord p\u00e5 52 timer og 32 minutter og satte en ny rekord p\u00e5 46 timer og 40 minutter i et G50ER-fly.&nbsp;<\/p>\r\n\r\n\r\n\r\n<p>Elite Gulfstream G650ER har en kabinel\u00e6ngde p\u00e5 lidt over 45 fod og kan rumme 13 passagerer, der flyver direkte mellem Asien og Afrika eller mellem Mellem\u00f8sten og Nordamerika. Det er det bedste fly til personer, der skal rejse halvvejs over hele verden, da det kan rejse l\u00e6ngere og hurtigere end n\u00e6sten ethvert jetfly af samme st\u00f8rrelse.<\/p>\r\n\r\n\r\n\r\n<p>Flyets operationelle evner, indvendige teknologi, br\u00e6ndstofforbrug og passagersikkerhed g\u00f8r det til et meget eftertragtet jetfly. Med en r\u00e6kkevidde p\u00e5 7.500 nm har Qatar Executive Gulfstream G650ER evnen til at flyve hurtigere og l\u00e6ngere end noget andet fly i sin klasse.<\/p>\r\n\r\n\r\n\r\n<p>Specifikationer og faciliteter:<\/p>\r\n\r\n\r\n\r\n<ul class=\"wp-block-list\"><li>Passagerer: 13;<\/li><li>Kabineh\u00f8jde: 6 ft 5 in;<\/li><li>Kabinebredde: 8 fod 6 tommer;<\/li><li>Kabinel\u00e6ngde: 46 fod 10 tommer;<\/li><li>Maksimal h\u00f8jde: 51.000 fod;<\/li><li>Maksimal hastighed: 1.132 km\/t;<\/li><li>Flyver\u00e6kkevidde: 7.500 nm;<\/li><li>Bes\u00e6tning: 2 piloter, 1 stewardesse;<\/li><li>20 poser er tilladt;<\/li><li>WiFi;<\/li><li>Sovev\u00e6relse;<\/li><li>Rygning er tilladt.&nbsp;<\/li><\/ul>\r\n\r\n\r\n\r\n<h3 class=\"wp-block-heading\"><span class=\"ez-toc-section\" id=\"2_Bombardier_Global_Express_XRS\"><\/span>2. Bombardier Global Express XRS<span class=\"ez-toc-section-end\"><\/span><\/h3>\r\n\r\n\r\n\r\n<p>Bombardier Global Express XRS er den ideelle forretningsjet, der har alle de bedste egenskaber, der er n\u00f8dvendige for en international flyvning, s\u00e5som en banebrydende cockpitindstilling og en stille kabine.<\/p>\r\n\r\n\r\n\r\n<p>Specifikationer og faciliteter:<\/p>\r\n\r\n\r\n\r\n<ul class=\"wp-block-list\"><li>Passagerer: 13;<\/li><li>Kabineh\u00f8jde: 6 fod 25 tommer;<\/li><li>Kabinebredde: 8 fod 17 tommer;<\/li><li>Kabinel\u00e6ngde: 48 fod 35 tommer;<\/li><li>Flyver\u00e6kkevidde: 6.150 nm;<\/li><li>Maksimal h\u00f8jde: 49.000 fod;<\/li><li>Maksimal hastighed: 950 km\/t;<\/li><li>Bes\u00e6tning: 2 piloter, et kabinepersonale;<\/li><li>15 poser er tilladt;<\/li><li>WiFi;<\/li><li>Sovev\u00e6relse;<\/li><li>Rygning er tilladt.<\/li><\/ul>\r\n\r\n\r\n\r\n<h3 class=\"wp-block-heading\"><span class=\"ez-toc-section\" id=\"3_The_Gulfstream_G5000\"><\/span>3. Gulfstream G5000<span class=\"ez-toc-section-end\"><\/span><\/h3>\r\n\r\n\r\n\r\n<p>G5000 jetflyet er en af Qatar Executive-fl\u00e5dens hurtigste og mest teknologisk avancerede flytyper. Det banebrydende jetfly s\u00e6tter en ny standard for branchen ved at have en af de mest st\u00f8jsvage kabiner og tilbyde det rette kabineh\u00f8jdetryk for \u00f8get passagertilfredshed.<\/p>\r\n\r\n\r\n\r\n<p>Specifikationer:<\/p>\r\n\r\n\r\n\r\n<ul class=\"wp-block-list\"><li>Passagerer: 13;<\/li><li>Kabinel\u00e6ngde: 42 fod 50 tommer;<\/li><li>Kabineh\u00f8jde: 6 fod 25 tommer;<\/li><li>Kabinebredde: 8 fod 17 tommer;<\/li><li>Maksimal hastighed: 950 km\/t;<\/li><li>Flyver\u00e6kkevidde: 5.000 nm;<\/li><li>Maksimal h\u00f8jde: 49.000 fod'<\/li><li>Bes\u00e6tning: 2 piloter, et kabinepersonale;<\/li><li>15 poser er tilladt;<\/li><li>WiFi;<\/li><li>Sovev\u00e6relse;&nbsp;<\/li><li>Rygning er tilladt.<\/li><\/ul>\r\n\r\n\r\n\r\n<h2 class=\"wp-block-heading\"><span class=\"ez-toc-section\" id=\"Company_Safety_Policy_and_Standards\"><\/span>Virksomhedens sikkerhedspolitik og -standarder<span class=\"ez-toc-section-end\"><\/span><\/h2>\r\n\r\n\r\n\r\n<p>Qatar Executive har modtaget mange <a href=\"https:\/\/www.qatarexec.com.qa\/en\/About\/Awards\" target=\"_blank\" rel=\"noopener\">priser<\/a>Det giver sikkerhed for, at flyet og bes\u00e6tningen lever op til strenge sikkerhedsstandarder og tilbyder personlig service af h\u00f8j kvalitet.<\/p>\r\n\r\n\r\n\r\n<p>Hvert eneste af deres fly bliver vedligeholdt p\u00e5 et niveau, der g\u00e5r ud over producentens krav, takket v\u00e6re deres interne, Part 145-godkendte vedligeholdelsesafdeling.<\/p>\r\n\r\n\r\n\r\n<p>Desuden er Qatar Executive medlem af <a href=\"https:\/\/nbaa.org\/\" target=\"_blank\" rel=\"noopener\">Den nationale forening for forretningsflyvning<\/a> og <a href=\"https:\/\/www.theaircharterassociation.aero\/\" target=\"_blank\" rel=\"noopener\">Air Charter Association<\/a>, og er <a href=\"https:\/\/www.wyvernltd.com\/\" target=\"_blank\" rel=\"noopener\">Wyvern<\/a> &amp; <a href=\"https:\/\/ibac.org\/is-bao\" target=\"_blank\" rel=\"noopener\">ISBAO-certificeret<\/a>.<\/p>\r\n\r\n\r\n\r\n<h2 class=\"wp-block-heading\"><span class=\"ez-toc-section\" id=\"Pilots\"><\/span>Piloter<span class=\"ez-toc-section-end\"><\/span><\/h2>\r\n\r\n\r\n\r\n<p>Qatar Executives flybes\u00e6tning gennemg\u00e5r den samme rekrutteringstr\u00e6ning som Qatar Airways' bes\u00e6tning. Hver af deres piloter har stor erfaring med at flyve forretningsfly over hele kloden, og stewardesserne f\u00e5r l\u00f8bende tr\u00e6ning for at garantere den bedst mulige service og p\u00e5lidelighed om bord.&nbsp;<\/p>\r\n\r\n\r\n\r\n<h2 class=\"wp-block-heading\"><span class=\"ez-toc-section\" id=\"Qatar_Executive_FBO\"><\/span>Qatar Executive FBO<span class=\"ez-toc-section-end\"><\/span><\/h2>\r\n\r\n\r\n\r\n<p>I 2011 lancerede Qatar Executive deres f\u00f8rste <a href=\"https:\/\/comparemyjet.com\/da\/what-is-a-private-jet-fixed-base-operator-fbo\/\" data-internallinksmanager029f6b8e52c=\"19\" title=\"Hvad er en fastbaseoperat\u00f8r (FBO) for privatfly?\">FBO<\/a> (fixed base operator) og vedligeholdelsesservice for private jetfly, der ankommer til Doha.&nbsp;<\/p>\r\n\r\n\r\n\r\n<p>Der er et hj\u00e6lpsomt team, som im\u00f8dekommer alle kunders behov med den st\u00f8rste omhu, og FBO-loungen tilbyder en r\u00e6kke faciliteter, s\u00e5som WiFi, drikkevarer, aviser og et afslappende milj\u00f8, hvor man kan slappe af.<\/p>\r\n\r\n\r\n\r\n<p>FBO-personalet kan organisere tjenester som tankning, vejrudsigter, mad, <a href=\"https:\/\/comparemyjet.com\/da\/hotels\/\" data-internallinksmanager029f6b8e52c=\"470\" title=\"De 100 bedste hoteller n\u00e6r lufthavne fra hele verden\">hotel<\/a> indkvartering og transport.<\/p>\r\n\r\n\r\n\r\n<p>Du kan se FBO-tjenesterne og priserne p\u00e5 f\u00f8lgende <a href=\"https:\/\/www.qatarexec.com.qa\/en\/Services\/VIPServiceDoha\" target=\"_blank\" rel=\"noopener\">link<\/a>.<\/p>\r\n\r\n\r\n\r\n<h2 class=\"wp-block-heading\"><span class=\"ez-toc-section\" id=\"Conclusion\"><\/span>Konklusion<span class=\"ez-toc-section-end\"><\/span><\/h2>\r\n\r\n\r\n\r\n<figure class=\"wp-block-image size-full is-style-default\"><img loading=\"lazy\" decoding=\"async\" width=\"1000\" height=\"667\" src=\"https:\/\/comparemyjet.com\/wp-content\/uploads\/2022\/09\/Qatar.Executive.jpg\" alt=\"\" class=\"wp-image-3250\" srcset=\"https:\/\/comparemyjet.com\/wp-content\/uploads\/2022\/09\/Qatar.Executive-18x12.jpg 18w, https:\/\/comparemyjet.com\/wp-content\/uploads\/2022\/09\/Qatar.Executive-300x200.jpg 300w, https:\/\/comparemyjet.com\/wp-content\/uploads\/2022\/09\/Qatar.Executive-768x512.jpg 768w, https:\/\/comparemyjet.com\/wp-content\/uploads\/2022\/09\/Qatar.Executive.jpg 1000w\" sizes=\"auto, (max-width: 1000px) 100vw, 1000px\" \/><\/figure>\r\n\r\n\r\n\r\n<p>Siden grundl\u00e6ggelsen i 2009 er Qatar Executive vokset hurtigt og har taget f\u00f8ringen inden for levering af flycharter til enkeltpersoner, organisationer og regeringer. De tilbyder charterflyvninger til stort set alle steder p\u00e5 kloden med deres fl\u00e5de af seks splinternye, perfekt udstyrede Bombardier Challenger 605 og Global-fly, og de tilbyder deres kunder f\u00f8rsteklasses service. Ved at tilbyde b\u00e5de kommercielle og private fly er det ikke underligt, at Qatar Executive er et af de bedste flyselskaber i verden.&nbsp;<\/p>","protected":false},"excerpt":{"rendered":"<p>Doha-baserede Qatar Executive, der er kendt for deres langdistancefl\u00e5de og luksuri\u00f8se jetfaciliteter om bord p\u00e5 hver flyvning, opererer private jetcharter-tjenester over hele verden. De mest popul\u00e6re steder for charterankomster og -afgange inkluderer: Fra Qatar til USA og Europa; Fra Rusland til \u00d8st- og Syd\u00f8stasien; Fra Europa til \u00d8st- og Vest ...<\/p>","protected":false},"author":2,"featured_media":3251,"parent":0,"menu_order":0,"comment_status":"closed","ping_status":"closed","template":"","meta":{"_acf_changed":false,"_genesis_hide_title":false,"_genesis_hide_breadcrumbs":false,"_genesis_hide_singular_image":false,"_genesis_hide_footer_widgets":false,"_genesis_custom_body_class":"","_genesis_custom_post_class":"","_genesis_layout":"","footnotes":""},"class_list":{"1":"page","2":"type-page","6":"entry"},"acf":[],"_links":{"self":[{"href":"https:\/\/comparemyjet.com\/da\/wp-json\/wp\/v2\/pages\/3248","targetHints":{"allow":["GET"]}}],"collection":[{"href":"https:\/\/comparemyjet.com\/da\/wp-json\/wp\/v2\/pages"}],"about":[{"href":"https:\/\/comparemyjet.com\/da\/wp-json\/wp\/v2\/types\/page"}],"author":[{"embeddable":true,"href":"https:\/\/comparemyjet.com\/da\/wp-json\/wp\/v2\/users\/2"}],"replies":[{"embeddable":true,"href":"https:\/\/comparemyjet.com\/da\/wp-json\/wp\/v2\/comments?post=3248"}],"version-history":[{"count":2,"href":"https:\/\/comparemyjet.com\/da\/wp-json\/wp\/v2\/pages\/3248\/revisions"}],"predecessor-version":[{"id":3462,"href":"https:\/\/comparemyjet.com\/da\/wp-json\/wp\/v2\/pages\/3248\/revisions\/3462"}],"wp:featuredmedia":[{"embeddable":true,"href":"https:\/\/comparemyjet.com\/da\/wp-json\/wp\/v2\/media\/3251"}],"wp:attachment":[{"href":"https:\/\/comparemyjet.com\/da\/wp-json\/wp\/v2\/media?parent=3248"}],"curies":[{"name":"wp","href":"https:\/\/api.w.org\/{rel}","templated":true}]}}