{"id":3482,"date":"2022-10-03T23:23:31","date_gmt":"2022-10-03T23:23:31","guid":{"rendered":"https:\/\/comparemyjet.com\/?page_id=3482"},"modified":"2025-09-04T10:00:52","modified_gmt":"2025-09-04T10:00:52","slug":"starflight-aviation","status":"publish","type":"page","link":"https:\/\/comparemyjet.com\/da\/starflight-aviation\/","title":{"rendered":"Starflight Aviation Flypriser"},"content":{"rendered":"<p>Starflite Aviation er et erfarent privat charterselskab, der har eksisteret i over 30 \u00e5r. Dette USA-baserede selskab har en global kundekreds og leverer ofte transporttjenester til musikere, kunstnere, politikere og andre VIP-kunder.\u00a0<\/p>\r\n\r\n\r\n\r\n<p>Lad os se n\u00e6rmere p\u00e5, hvad de g\u00e5r ud p\u00e5.\u00a0<\/p>\r\n\r\n\r\n\r\n<div id=\"ez-toc-container\" class=\"ez-toc-v2_0_76 counter-hierarchy ez-toc-counter ez-toc-grey ez-toc-container-direction\">\n<p class=\"ez-toc-title\" style=\"cursor:inherit\">Emner<\/p>\n<label for=\"ez-toc-cssicon-toggle-item-69e3ced97b2a3\" class=\"ez-toc-cssicon-toggle-label\"><span class=\"\"><span class=\"eztoc-hide\" style=\"display:none;\">Toggle<\/span><span class=\"ez-toc-icon-toggle-span\"><svg style=\"fill: #999;color:#999\" xmlns=\"http:\/\/www.w3.org\/2000\/svg\" class=\"list-377408\" width=\"20px\" height=\"20px\" viewbox=\"0 0 24 24\" fill=\"none\"><path d=\"M6 6H4v2h2V6zm14 0H8v2h12V6zM4 11h2v2H4v-2zm16 0H8v2h12v-2zM4 16h2v2H4v-2zm16 0H8v2h12v-2z\" fill=\"currentColor\"><\/path><\/svg><svg style=\"fill: #999;color:#999\" class=\"arrow-unsorted-368013\" xmlns=\"http:\/\/www.w3.org\/2000\/svg\" width=\"10px\" height=\"10px\" viewbox=\"0 0 24 24\" version=\"1.2\" baseprofile=\"tiny\"><path d=\"M18.2 9.3l-6.2-6.3-6.2 6.3c-.2.2-.3.4-.3.7s.1.5.3.7c.2.2.4.3.7.3h11c.3 0 .5-.1.7-.3.2-.2.3-.5.3-.7s-.1-.5-.3-.7zM5.8 14.7l6.2 6.3 6.2-6.3c.2-.2.3-.5.3-.7s-.1-.5-.3-.7c-.2-.2-.4-.3-.7-.3h-11c-.3 0-.5.1-.7.3-.2.2-.3.5-.3.7s.1.5.3.7z\"\/><\/svg><\/span><\/span><\/label><input type=\"checkbox\"  id=\"ez-toc-cssicon-toggle-item-69e3ced97b2a3\" checked aria-label=\"Toggle\" \/><nav><ul class='ez-toc-list ez-toc-list-level-1' ><li class='ez-toc-page-1 ez-toc-heading-level-2'><a class=\"ez-toc-link ez-toc-heading-1\" href=\"https:\/\/comparemyjet.com\/da\/starflight-aviation\/#About_the_Company\" >Om virksomheden<\/a><\/li><li class='ez-toc-page-1 ez-toc-heading-level-2'><a class=\"ez-toc-link ez-toc-heading-2\" href=\"https:\/\/comparemyjet.com\/da\/starflight-aviation\/#On-Demand_Charter\" >Charter p\u00e5 bestilling<\/a><\/li><li class='ez-toc-page-1 ez-toc-heading-level-2'><a class=\"ez-toc-link ez-toc-heading-3\" href=\"https:\/\/comparemyjet.com\/da\/starflight-aviation\/#Company_Jet_Card_Program\" >Virksomhedens Jet Card-program<\/a><\/li><li class='ez-toc-page-1 ez-toc-heading-level-2'><a class=\"ez-toc-link ez-toc-heading-4\" href=\"https:\/\/comparemyjet.com\/da\/starflight-aviation\/#The_Fleet\" >Fl\u00e5den<\/a><\/li><li class='ez-toc-page-1 ez-toc-heading-level-2'><a class=\"ez-toc-link ez-toc-heading-5\" href=\"https:\/\/comparemyjet.com\/da\/starflight-aviation\/#Starflight_Aviation_Carbon_Program\" >Starflight Aviation Carbon-program\u00a0<\/a><\/li><li class='ez-toc-page-1 ez-toc-heading-level-2'><a class=\"ez-toc-link ez-toc-heading-6\" href=\"https:\/\/comparemyjet.com\/da\/starflight-aviation\/#Conclusion\" >Konklusion<\/a><\/li><\/ul><\/nav><\/div>\n<h2 class=\"wp-block-heading\"><span class=\"ez-toc-section\" id=\"About_the_Company\"><\/span>Om virksomheden<span class=\"ez-toc-section-end\"><\/span><\/h2>\r\n\r\n\r\n\r\n<p>Starflight Aviation er et privatejet flyselskab, der leverer kurer- og fragttjenester foruden privat charter. Selskabet blev grundlagt den 13. juni 1989 og har hovedkvarter i Farnborough, Hampshire.<\/p>\r\n\r\n\r\n\r\n<p>Virksomheden arrangerer charterflyvninger for ledere og VIP'er og lejer jetfly, helikoptere og turbopropfly fra tredjeparts flyselskaber. Starflight Aviation betjener kunder over hele verden, herunder USA, Storbritannien og Europa. De giver en 100% tilg\u00e6ngelighedsgaranti med 24 timers varsel.<\/p>\r\n\r\n\r\n\r\n<h2 class=\"wp-block-heading\"><span class=\"ez-toc-section\" id=\"On-Demand_Charter\"><\/span>Charter p\u00e5 bestilling<span class=\"ez-toc-section-end\"><\/span><\/h2>\r\n\r\n\r\n\r\n<figure class=\"wp-block-image size-full is-style-default\"><img loading=\"lazy\" decoding=\"async\" width=\"1000\" height=\"667\" class=\"wp-image-3137\" src=\"https:\/\/comparemyjet.com\/wp-content\/uploads\/2022\/07\/two.private.jet_.pilots.jpg\" alt=\"Starflight Aviation\" srcset=\"https:\/\/comparemyjet.com\/wp-content\/uploads\/2022\/07\/two.private.jet_.pilots-18x12.jpg 18w, https:\/\/comparemyjet.com\/wp-content\/uploads\/2022\/07\/two.private.jet_.pilots-300x200.jpg 300w, https:\/\/comparemyjet.com\/wp-content\/uploads\/2022\/07\/two.private.jet_.pilots-768x512.jpg 768w, https:\/\/comparemyjet.com\/wp-content\/uploads\/2022\/07\/two.private.jet_.pilots.jpg 1000w\" sizes=\"auto, (max-width: 1000px) 100vw, 1000px\" \/><\/figure>\r\n\r\n\r\n\r\n<p>Starflight Aviation er et af de mest velrenommerede charterbureauer, der har eksisteret i 30 \u00e5r. Uanset om du tager en hurtig helikoptertur eller en langdistanceflyvning i et luksusfly, f\u00e5r du kun den bedste service, det mest stilfulde interi\u00f8r og masser af bekvemmeligheder.\u00a0<\/p>\r\n\r\n\r\n\r\n<p>Virksomheden har organiseret og gennemf\u00f8rt internationale turn\u00e9er for nogle af de mest ber\u00f8mte kunstnere og grupper i historien, fra enkeltmandsbands til hele symfoniorkestre. Deres dedikation til at yde fremragende service og urokkelige opm\u00e6rksomhed p\u00e5 detaljer adskiller dem fra konkurrenterne.<\/p>\r\n\r\n\r\n\r\n<p>Starflight Aviations personale overvejer n\u00f8je dine rejsebehov, herunder dine kostrestriktioner og avisl\u00e6sningsvaner, f\u00f8r de arrangerer din flyrejse.\u00a0<\/p>\r\n\r\n\r\n\r\n<h2 class=\"wp-block-heading\"><span class=\"ez-toc-section\" id=\"Company_Jet_Card_Program\"><\/span>Virksomhedens Jet Card-program<span class=\"ez-toc-section-end\"><\/span><\/h2>\r\n\r\n\r\n\r\n<p>Kunder, der \u00f8nsker en kombination af garanteret tilg\u00e6ngelighed, helt tilpassede vilk\u00e5r og altomfattende priser, vil finde, hvad de s\u00f8ger efter i Starflight Aviations' <a href=\"https:\/\/flystarflight.com\/#jetcard\" target=\"_blank\" rel=\"noopener\">Jet Card-l\u00f8sning<\/a>.\u00a0<\/p>\r\n\r\n\r\n\r\n<p>Starflight har skabt et af de mest \u00e5bne og bekvemme Jet Cards, der findes, ved at fjerne omkostningerne efter flyvningen og de kontraktlige begr\u00e6nsninger, der ses i mange konkurrenters tilbud. Programmet er en af de bedste forudbetalte muligheder p\u00e5 markedet. Der er ingen tidsbegr\u00e6nsning for brug af dine miles, og der er besparelser p\u00e5 returrejser og en pengene-tilbage-garanti.<\/p>\r\n\r\n\r\n\r\n<p>Forpligtelsen til deres form\u00e5l fremg\u00e5r af den s\u00e6dvanlige inkludering af dens <a href=\"https:\/\/flystarflight.com\/#carbon-programme\" target=\"_blank\" rel=\"noopener\">Cool Earth Planet Positivt program<\/a>.<\/p>\r\n\r\n\r\n\r\n<h2 class=\"wp-block-heading\"><span class=\"ez-toc-section\" id=\"The_Fleet\"><\/span>Fl\u00e5den<span class=\"ez-toc-section-end\"><\/span><\/h2>\r\n\r\n\r\n\r\n<p>Starflight Aviation Limited er en m\u00e6gler for flycharter, hvilket betyder, at de ikke ejer en fl\u00e5de af jetfly. Virksomheden arbejder med et stort netv\u00e6rk af tredjeparts direkte flyselskaber og direkte internationale flyselskaber for at finde det bedste jetfly til din rejse.<\/p>\r\n\r\n\r\n\r\n<p>Starflight har altid en tendens til at levere en f\u00f8rsteklasses service, uanset om passagererne tager en hurtig helikoptertur eller en langdistanceflyvning i et luksusfly, og derfor har alle tredjepartsflyselskaber de relevante licenser, som er lovpligtige.<\/p>\r\n\r\n\r\n\r\n<h2 class=\"wp-block-heading\"><span class=\"ez-toc-section\" id=\"Starflight_Aviation_Carbon_Program\"><\/span>Starflight Aviation Carbon-program\u00a0<span class=\"ez-toc-section-end\"><\/span><\/h2>\r\n\r\n\r\n\r\n<figure class=\"wp-block-image size-full is-style-default\"><img loading=\"lazy\" decoding=\"async\" width=\"1000\" height=\"644\" class=\"wp-image-2974\" src=\"https:\/\/comparemyjet.com\/wp-content\/uploads\/2022\/06\/plane.in_.the_.sky_.against.polution.jpg\" alt=\"\" srcset=\"https:\/\/comparemyjet.com\/wp-content\/uploads\/2022\/06\/plane.in_.the_.sky_.against.polution-18x12.jpg 18w, https:\/\/comparemyjet.com\/wp-content\/uploads\/2022\/06\/plane.in_.the_.sky_.against.polution-300x193.jpg 300w, https:\/\/comparemyjet.com\/wp-content\/uploads\/2022\/06\/plane.in_.the_.sky_.against.polution-768x495.jpg 768w, https:\/\/comparemyjet.com\/wp-content\/uploads\/2022\/06\/plane.in_.the_.sky_.against.polution.jpg 1000w\" sizes=\"auto, (max-width: 1000px) 100vw, 1000px\" \/><\/figure>\r\n\r\n\r\n\r\n<p>Starlight Aviation har arbejdet sammen med milj\u00f8aktivister og velg\u00f8renhedsorganisationer over hele verden for at kompensere for virkningerne af CO2-udledning.\u00a0<\/p>\r\n\r\n\r\n\r\n<p>Mens andre private charterselskaber ogs\u00e5 fokuserer p\u00e5 at udligne deres CO2-fodaftryk, tager Starflight Aviation det et skridt videre ved at udvide deres indsats for at forhindre skovrydning, hj\u00e6lpe lokalbefolkningen og give kunderne yderligere m\u00e5der at kontrollere milj\u00f8effekten af deres rejser p\u00e5.\u00a0<\/p>\r\n\r\n\r\n\r\n<p>For at hj\u00e6lpe i kampen mod afskovning og hj\u00e6lpe oprindelige samfund som Ash\u00e1ninka i det peruvianske Amazonas, gik Starflight Aviation sammen med den innovative velg\u00f8renhedsorganisation <a href=\"https:\/\/www.coolearth.org\/\" target=\"_blank\" rel=\"noopener\">Cool Earth<\/a> i 2009. Cool Earth og den <a href=\"https:\/\/www.survivalinternational.org\/galleries\/ashaninka\" target=\"_blank\" rel=\"noopener\">Ash\u00e1ninka<\/a> har v\u00e6ret i stand til at arbejde sammen om at bevare n\u00e6sten 10.000 hektar regnskov i det peruvianske Amazonas, da regnskove spiller en afg\u00f8rende rolle for at d\u00e6mpe virkningerne af klimakrisen.\u00a0<\/p>\r\n\r\n\r\n\r\n<p>Starflight Aviation debuterede med deres nye Planet Positive Program i 2021 i samarbejde med Cool Earth. Programmet har til form\u00e5l at skabe b\u00e6redygtige indkomstressourcer i Afrika for at forbedre folks levevilk\u00e5r og hj\u00e6lpe med at bevare regionens skove.\u00a0<\/p>\r\n\r\n\r\n\r\n<p>Selskabet planl\u00e6gger ogs\u00e5 at implementere Climate Neutral Programme, hvor kunderne kan kompensere for hele CO2-udledningen fra hver flyvning via et samarbejde med non-profit organisationen MyClimate.<\/p>\r\n\r\n\r\n\r\n<h2 class=\"wp-block-heading\"><span class=\"ez-toc-section\" id=\"Conclusion\"><\/span>Konklusion<span class=\"ez-toc-section-end\"><\/span><\/h2>\r\n\r\n\r\n\r\n<p>Starflight Aviation blev etableret i 1989 som en charterm\u00e6gler, der im\u00f8dekommer behovene hos ber\u00f8mtheder, politikere, musikere og andre offentlige personer. Medarbejdernes sans for detaljer g\u00f8r dem til en af de bedste charterm\u00e6glere i verden.<\/p>\r\n\r\n\r\n\r\n<p>En del af overskuddet fra virksomhedens Jet Card-program g\u00e5r til Carbon Responsible Programme, som de implementerer for at bevare regnskovene i det peruvianske Amazonas. Dette program har eksisteret siden 2009 og har hjulpet med at holde 8.500 hektar skov sikker.<\/p>","protected":false},"excerpt":{"rendered":"<p>Starflite Aviation er et erfarent privat charterselskab, der har eksisteret i over 30 \u00e5r. Dette USA-baserede selskab har en global kundekreds og leverer ofte transporttjenester til musikere, kunstnere, politikere og andre VIP-kunder.  Lad os se n\u00e6rmere p\u00e5, hvad de st\u00e5r for.  Om virksomheden Starflight Aviation er et privatejet ...<\/p>","protected":false},"author":2,"featured_media":3483,"parent":0,"menu_order":0,"comment_status":"closed","ping_status":"closed","template":"","meta":{"_acf_changed":false,"_genesis_hide_title":false,"_genesis_hide_breadcrumbs":false,"_genesis_hide_singular_image":false,"_genesis_hide_footer_widgets":false,"_genesis_custom_body_class":"","_genesis_custom_post_class":"","_genesis_layout":"","footnotes":""},"class_list":{"1":"page","2":"type-page","6":"entry"},"acf":[],"_links":{"self":[{"href":"https:\/\/comparemyjet.com\/da\/wp-json\/wp\/v2\/pages\/3482","targetHints":{"allow":["GET"]}}],"collection":[{"href":"https:\/\/comparemyjet.com\/da\/wp-json\/wp\/v2\/pages"}],"about":[{"href":"https:\/\/comparemyjet.com\/da\/wp-json\/wp\/v2\/types\/page"}],"author":[{"embeddable":true,"href":"https:\/\/comparemyjet.com\/da\/wp-json\/wp\/v2\/users\/2"}],"replies":[{"embeddable":true,"href":"https:\/\/comparemyjet.com\/da\/wp-json\/wp\/v2\/comments?post=3482"}],"version-history":[{"count":6,"href":"https:\/\/comparemyjet.com\/da\/wp-json\/wp\/v2\/pages\/3482\/revisions"}],"predecessor-version":[{"id":3513,"href":"https:\/\/comparemyjet.com\/da\/wp-json\/wp\/v2\/pages\/3482\/revisions\/3513"}],"wp:featuredmedia":[{"embeddable":true,"href":"https:\/\/comparemyjet.com\/da\/wp-json\/wp\/v2\/media\/3483"}],"wp:attachment":[{"href":"https:\/\/comparemyjet.com\/da\/wp-json\/wp\/v2\/media?parent=3482"}],"curies":[{"name":"wp","href":"https:\/\/api.w.org\/{rel}","templated":true}]}}