{"id":3507,"date":"2022-10-07T01:01:16","date_gmt":"2022-10-07T01:01:16","guid":{"rendered":"https:\/\/comparemyjet.com\/?page_id=3507"},"modified":"2025-09-04T10:00:52","modified_gmt":"2025-09-04T10:00:52","slug":"straightline-private-air","status":"publish","type":"page","link":"https:\/\/comparemyjet.com\/da\/straightline-private-air\/","title":{"rendered":"StraightLine Private Air Flypriser"},"content":{"rendered":"<p>StraightLine Private Air er et charterm\u00e6glerfirma, der hj\u00e6lper kunder med at finde den bedst egnede private jet til deres rejse. Charterservicen har partnerskaber med private jet-ejere og tredjepartsoperat\u00f8rer i hele USA, hvilket giver dem mulighed for at anvende en dynamisk prisstrategi for at hj\u00e6lpe deres kunder med at nyde omkostningseffektive luksusrejser.&nbsp;<\/p>\r\n\r\n\r\n\r\n<p>Lad os se, hvad de handler om.<\/p>\r\n\r\n\r\n\r\n<div id=\"ez-toc-container\" class=\"ez-toc-v2_0_76 counter-hierarchy ez-toc-counter ez-toc-grey ez-toc-container-direction\">\n<p class=\"ez-toc-title\" style=\"cursor:inherit\">Emner<\/p>\n<label for=\"ez-toc-cssicon-toggle-item-69e9d25189d1d\" class=\"ez-toc-cssicon-toggle-label\"><span class=\"\"><span class=\"eztoc-hide\" style=\"display:none;\">Toggle<\/span><span class=\"ez-toc-icon-toggle-span\"><svg style=\"fill: #999;color:#999\" xmlns=\"http:\/\/www.w3.org\/2000\/svg\" class=\"list-377408\" width=\"20px\" height=\"20px\" viewbox=\"0 0 24 24\" fill=\"none\"><path d=\"M6 6H4v2h2V6zm14 0H8v2h12V6zM4 11h2v2H4v-2zm16 0H8v2h12v-2zM4 16h2v2H4v-2zm16 0H8v2h12v-2z\" fill=\"currentColor\"><\/path><\/svg><svg style=\"fill: #999;color:#999\" class=\"arrow-unsorted-368013\" xmlns=\"http:\/\/www.w3.org\/2000\/svg\" width=\"10px\" height=\"10px\" viewbox=\"0 0 24 24\" version=\"1.2\" baseprofile=\"tiny\"><path d=\"M18.2 9.3l-6.2-6.3-6.2 6.3c-.2.2-.3.4-.3.7s.1.5.3.7c.2.2.4.3.7.3h11c.3 0 .5-.1.7-.3.2-.2.3-.5.3-.7s-.1-.5-.3-.7zM5.8 14.7l6.2 6.3 6.2-6.3c.2-.2.3-.5.3-.7s-.1-.5-.3-.7c-.2-.2-.4-.3-.7-.3h-11c-.3 0-.5.1-.7.3-.2.2-.3.5-.3.7s.1.5.3.7z\"\/><\/svg><\/span><\/span><\/label><input type=\"checkbox\"  id=\"ez-toc-cssicon-toggle-item-69e9d25189d1d\" checked aria-label=\"Toggle\" \/><nav><ul class='ez-toc-list ez-toc-list-level-1' ><li class='ez-toc-page-1 ez-toc-heading-level-2'><a class=\"ez-toc-link ez-toc-heading-1\" href=\"https:\/\/comparemyjet.com\/da\/straightline-private-air\/#About_the_Company\" >Om virksomheden<\/a><\/li><li class='ez-toc-page-1 ez-toc-heading-level-2'><a class=\"ez-toc-link ez-toc-heading-2\" href=\"https:\/\/comparemyjet.com\/da\/straightline-private-air\/#Membership_Programs\" >Medlemskabsprogrammer<\/a><\/li><li class='ez-toc-page-1 ez-toc-heading-level-2'><a class=\"ez-toc-link ez-toc-heading-3\" href=\"https:\/\/comparemyjet.com\/da\/straightline-private-air\/#Company_Jet_Card_Programs\" >Virksomhedens Jet Card-programmer<\/a><ul class='ez-toc-list-level-3' ><li class='ez-toc-heading-level-3'><a class=\"ez-toc-link ez-toc-heading-4\" href=\"https:\/\/comparemyjet.com\/da\/straightline-private-air\/#1_StraightLines_Silver_Jet_Card\" >1. StraightLines Silver Jet-kort<\/a><\/li><li class='ez-toc-page-1 ez-toc-heading-level-3'><a class=\"ez-toc-link ez-toc-heading-5\" href=\"https:\/\/comparemyjet.com\/da\/straightline-private-air\/#2_StraightLines_Platinum_Card\" >2. StraightLines Platinum-kort<\/a><\/li><li class='ez-toc-page-1 ez-toc-heading-level-3'><a class=\"ez-toc-link ez-toc-heading-6\" href=\"https:\/\/comparemyjet.com\/da\/straightline-private-air\/#3_StraightLines_Black_Card\" >3. StraightLines sorte kort<\/a><\/li><\/ul><\/li><li class='ez-toc-page-1 ez-toc-heading-level-2'><a class=\"ez-toc-link ez-toc-heading-7\" href=\"https:\/\/comparemyjet.com\/da\/straightline-private-air\/#The_Fleet\" >Fl\u00e5den&nbsp;<\/a><ul class='ez-toc-list-level-3' ><li class='ez-toc-heading-level-3'><a class=\"ez-toc-link ez-toc-heading-8\" href=\"https:\/\/comparemyjet.com\/da\/straightline-private-air\/#1_Piston_Propellers\" >1. Stempelpropeller&nbsp;<\/a><ul class='ez-toc-list-level-4' ><li class='ez-toc-heading-level-4'><a class=\"ez-toc-link ez-toc-heading-9\" href=\"https:\/\/comparemyjet.com\/da\/straightline-private-air\/#Piston_Propellers_Specifications\" >Specifikationer for stempelpropeller<\/a><\/li><\/ul><\/li><li class='ez-toc-page-1 ez-toc-heading-level-3'><a class=\"ez-toc-link ez-toc-heading-10\" href=\"https:\/\/comparemyjet.com\/da\/straightline-private-air\/#2_Turboprops\" >2. Turboprops<\/a><ul class='ez-toc-list-level-4' ><li class='ez-toc-heading-level-4'><a class=\"ez-toc-link ez-toc-heading-11\" href=\"https:\/\/comparemyjet.com\/da\/straightline-private-air\/#Turboprops_Specifications\" >Specifikationer for turbopropfly<\/a><\/li><\/ul><\/li><li class='ez-toc-page-1 ez-toc-heading-level-3'><a class=\"ez-toc-link ez-toc-heading-12\" href=\"https:\/\/comparemyjet.com\/da\/straightline-private-air\/#3_Very_Light_and_Light_Private_Jets\" >3. Meget lette og lette private jetfly<\/a><ul class='ez-toc-list-level-4' ><li class='ez-toc-heading-level-4'><a class=\"ez-toc-link ez-toc-heading-13\" href=\"https:\/\/comparemyjet.com\/da\/straightline-private-air\/#Light_and_Very_Light_Jets_Specifications\" >Specifikationer for lette og meget lette jetfly<\/a><\/li><\/ul><\/li><li class='ez-toc-page-1 ez-toc-heading-level-3'><a class=\"ez-toc-link ez-toc-heading-14\" href=\"https:\/\/comparemyjet.com\/da\/straightline-private-air\/#4_Midsize_and_Super-Midsize_Private_Jets\" >4. Private jetfly i mellemst\u00f8rrelse og supermellemst\u00f8rrelse&nbsp;<\/a><ul class='ez-toc-list-level-4' ><li class='ez-toc-heading-level-4'><a class=\"ez-toc-link ez-toc-heading-15\" href=\"https:\/\/comparemyjet.com\/da\/straightline-private-air\/#Midsize_and_Super-Midsize_Jets_Specifications\" >Specifikationer for mellemstore og supermellemstore jetfly<\/a><\/li><\/ul><\/li><li class='ez-toc-page-1 ez-toc-heading-level-3'><a class=\"ez-toc-link ez-toc-heading-16\" href=\"https:\/\/comparemyjet.com\/da\/straightline-private-air\/#5_Large_Private_Jets\" >5. Store private jetfly<\/a><ul class='ez-toc-list-level-4' ><li class='ez-toc-heading-level-4'><a class=\"ez-toc-link ez-toc-heading-17\" href=\"https:\/\/comparemyjet.com\/da\/straightline-private-air\/#Large_Jets_Specifications\" >Specifikationer for store str\u00e5ler<\/a><\/li><\/ul><\/li><\/ul><\/li><li class='ez-toc-page-1 ez-toc-heading-level-2'><a class=\"ez-toc-link ez-toc-heading-18\" href=\"https:\/\/comparemyjet.com\/da\/straightline-private-air\/#Company_Safety_Policy_and_Standards\" >Virksomhedens sikkerhedspolitik og -standarder<\/a><\/li><li class='ez-toc-page-1 ez-toc-heading-level-2'><a class=\"ez-toc-link ez-toc-heading-19\" href=\"https:\/\/comparemyjet.com\/da\/straightline-private-air\/#Conclusion\" >Konklusion<\/a><\/li><\/ul><\/nav><\/div>\n<h2 class=\"wp-block-heading\"><span class=\"ez-toc-section\" id=\"About_the_Company\"><\/span>Om virksomheden<span class=\"ez-toc-section-end\"><\/span><\/h2>\r\n\r\n\r\n\r\n<p>StraightLine er en innovativ ny spiller p\u00e5 jetkortmarkedet og blev skabt i 2016 af Tom Filippini, medstifter af Exclusive Resorts.&nbsp;<\/p>\r\n\r\n\r\n\r\n<p>Virksomheder, der henvender sig til de ultrarige, er kendt for deres dyre tilgange (s\u00e5som at sende frugtkurve). De opretter persona-specifikke destinationssider, der taler direkte til denne m\u00e5lgruppe ved at im\u00f8dekomme deres unikke krav. StraightLine Private Air m\u00e5lretter disse mennesker online baseret p\u00e5 deres interesser og konverterer dem til kundeemner til en br\u00f8kdel af omkostningerne ved traditionelle taktikker.<\/p>\r\n\r\n\r\n\r\n<p>StraightLine Private Airs hovedkontor ligger i <a href=\"https:\/\/comparemyjet.com\/da\/private-tours\/denver-private-tours\/\" data-internallinksmanager029f6b8e52c=\"410\" title=\"De 11 bedste private ture i Denver fra $49.00\">Denver<\/a>, Colorado. Det private jetflyselskab tilbyder tjenester i hele USA og anvender en dynamisk prisstrategi baseret p\u00e5 konstant skiftende markedsforhold.<\/p>\r\n\r\n\r\n\r\n<h2 class=\"wp-block-heading\"><span class=\"ez-toc-section\" id=\"Membership_Programs\"><\/span>Medlemskabsprogrammer<span class=\"ez-toc-section-end\"><\/span><\/h2>\r\n\r\n\r\n\r\n<p>For at blive medlem skal kunderne betale et gebyr p\u00e5 $100.000, $200.000 eller $300.000. Der er ingen skjulte omkostninger eller andre gebyrer; hele det bel\u00f8b, som medlemmerne investerer, g\u00e5r til deres flybillet. Medlemmerne kan v\u00e6lge, hvilket fly de vil bruge til hver tur, og betale for deres flyvninger individuelt.&nbsp;<\/p>\r\n\r\n\r\n\r\n<p>StraightLine Private Air str\u00e6ber efter at finde den laveste pris for hver flyvning. I stedet for at betale et fast bel\u00f8b, der m\u00e5ske eller m\u00e5ske ikke d\u00e6kker alle omkostninger, betaler medlemmerne kun for de flyvninger, de tager.<\/p>\r\n\r\n\r\n\r\n<p>Turpriserne afh\u00e6nger af forskellige faktorer, herunder flyets timepris, lufthavnsskatter, fragtomkostninger og l\u00f8nninger til piloter og stewardesser. En af de vigtigste faktorer i de samlede omkostninger er flyets driftsomkostninger pr. flyvetime. Alle skatter og afgifter er inkluderet i StraightLine Private Flights' priser.<\/p>\r\n\r\n\r\n\r\n<p>StraightLine Private Air debiterer medlemmernes konti pr. Tur, og medlemmerne kan til enhver tid tilf\u00f8je penge.<\/p>\r\n\r\n\r\n\r\n<h2 class=\"wp-block-heading\"><span class=\"ez-toc-section\" id=\"Company_Jet_Card_Programs\"><\/span>Virksomhedens Jet Card-programmer<span class=\"ez-toc-section-end\"><\/span><\/h2>\r\n\r\n\r\n\r\n<p>Der er tre typer jetkort til r\u00e5dighed af StraightLine Private Air. Lad os se, hvad de alle handler om.<\/p>\r\n\r\n\r\n\r\n<h3 class=\"wp-block-heading\"><span class=\"ez-toc-section\" id=\"1_StraightLines_Silver_Jet_Card\"><\/span>1. StraightLines Silver Jet-kort<span class=\"ez-toc-section-end\"><\/span><\/h3>\r\n\r\n\r\n\r\n<p>Silver Jet Card er det laveste af de tre og koster $100.000. Medlemmerne f\u00e5r en dedikeret flyambassad\u00f8r og fuld adgang til alle flykategorier. Der er ingen blackout-datoer og ingen till\u00e6g p\u00e5 spidsbelastningsdage. Kortet er gyldigt i 18 m\u00e5neder.<\/p>\r\n\r\n\r\n\r\n<h3 class=\"wp-block-heading\"><span class=\"ez-toc-section\" id=\"2_StraightLines_Platinum_Card\"><\/span>2. StraightLines Platinum-kort<span class=\"ez-toc-section-end\"><\/span><\/h3>\r\n\r\n\r\n\r\n<p>Platinum-kortet koster $200.000 og er ideelt til familier, der har mere fleksible rejseplaner. Medlemmer og deres n\u00e6rmeste familiemedlemmer f\u00e5r alle fordelene ved Silver Jet Card, og en anden hovedpassager kan ogs\u00e5 bruge jetkortet. Der er ingen udl\u00f8bsdato og ingen refundering.<\/p>\r\n\r\n\r\n\r\n<h3 class=\"wp-block-heading\"><span class=\"ez-toc-section\" id=\"3_StraightLines_Black_Card\"><\/span>3. StraightLines sorte kort<span class=\"ez-toc-section-end\"><\/span><\/h3>\r\n\r\n\r\n\r\n<p>Det sorte kort koster $300.000 og er det mest popul\u00e6re valg blandt kunderne. Medlemmer f\u00e5r alle fordelene ved Platinum Jet Card og kan udpege fem alternative hovedpassagerer til at bruge jetkortet. Der er ingen udl\u00f8bsdato.<\/p>\r\n\r\n\r\n\r\n<h2 class=\"wp-block-heading\"><span class=\"ez-toc-section\" id=\"The_Fleet\"><\/span>Fl\u00e5den&nbsp;<span class=\"ez-toc-section-end\"><\/span><\/h2>\r\n\r\n\r\n\r\n<figure class=\"wp-block-image size-full is-style-default\"><img loading=\"lazy\" decoding=\"async\" width=\"1000\" height=\"667\" src=\"https:\/\/comparemyjet.com\/wp-content\/uploads\/2022\/10\/plane.leaving.a.trace_.in_.the_.clouds-2.jpg\" alt=\"StraightLine Private Air\" class=\"wp-image-3509\" srcset=\"https:\/\/comparemyjet.com\/wp-content\/uploads\/2022\/10\/plane.leaving.a.trace_.in_.the_.clouds-2-18x12.jpg 18w, https:\/\/comparemyjet.com\/wp-content\/uploads\/2022\/10\/plane.leaving.a.trace_.in_.the_.clouds-2-300x200.jpg 300w, https:\/\/comparemyjet.com\/wp-content\/uploads\/2022\/10\/plane.leaving.a.trace_.in_.the_.clouds-2-768x512.jpg 768w, https:\/\/comparemyjet.com\/wp-content\/uploads\/2022\/10\/plane.leaving.a.trace_.in_.the_.clouds-2.jpg 1000w\" sizes=\"auto, (max-width: 1000px) 100vw, 1000px\" \/><\/figure>\r\n\r\n\r\n\r\n<p>StraightLine ejer ikke en fl\u00e5de og f\u00e5r flyet fra tredjeparts private jetoperat\u00f8rer. StraightLine er partner med private jet-ejere over hele USA og lejer jetfly for at give kunderne en bekvem og omkostningseffektiv service.<\/p>\r\n\r\n\r\n\r\n<h3 class=\"wp-block-heading\"><span class=\"ez-toc-section\" id=\"1_Piston_Propellers\"><\/span>1. Stempelpropeller&nbsp;<span class=\"ez-toc-section-end\"><\/span><\/h3>\r\n\r\n\r\n\r\n<p>Passagerer kan flyve med moderne stempelpropeller for at spare penge uden at g\u00e5 p\u00e5 kompromis med komforten. Et propelfly er et fremragende valg til hurtige rejser, uanset om du rejser alene eller med en lille gruppe. Stempelfly kan lette og lande p\u00e5 n\u00e6sten enhver flyveplads.<\/p>\r\n\r\n\r\n\r\n<h4 class=\"wp-block-heading\"><span class=\"ez-toc-section\" id=\"Piston_Propellers_Specifications\"><\/span>Specifikationer for stempelpropeller<span class=\"ez-toc-section-end\"><\/span><\/h4>\r\n\r\n\r\n\r\n<p>Stempelpropeller kan rumme op til fire passagerer. De har en maksimal r\u00e6kkevidde p\u00e5 500 miles og en marchhastighed p\u00e5 250 mph. Den gennemsnitlige timepris for StraightLine Private Air-medlemmer varierer fra $950 til $1,950.<\/p>\r\n\r\n\r\n\r\n<h3 class=\"wp-block-heading\"><span class=\"ez-toc-section\" id=\"2_Turboprops\"><\/span>2. Turboprops<span class=\"ez-toc-section-end\"><\/span><\/h3>\r\n\r\n\r\n\r\n<p>Passagerer kan flyve korte og mellemlange distancer med turbopropfly. Disse omkostningseffektive fly er perfekte til forskellige rejser, da de kan give adgang til mindre lufthavne, som st\u00f8rre fly ikke kan bruge.<\/p>\r\n\r\n\r\n\r\n<h4 class=\"wp-block-heading\"><span class=\"ez-toc-section\" id=\"Turboprops_Specifications\"><\/span>Specifikationer for turbopropfly<span class=\"ez-toc-section-end\"><\/span><\/h4>\r\n\r\n\r\n\r\n<p>Turboprops kan rumme op til otte passagerer. De har en maksimal r\u00e6kkevidde p\u00e5 1.250 miles og en marchhastighed p\u00e5 350 mph. Den gennemsnitlige timepris for StraightLine Private Air-medlemmer varierer fra $3,450 til $4,950.<\/p>\r\n\r\n\r\n\r\n<h3 class=\"wp-block-heading\"><span class=\"ez-toc-section\" id=\"3_Very_Light_and_Light_Private_Jets\"><\/span>3. Meget lette og lette private jetfly<span class=\"ez-toc-section-end\"><\/span><\/h3>\r\n\r\n\r\n\r\n<p>Meget lette jetfly er et popul\u00e6rt valg for passagerer, der flyver korte og mellemlange distancer. Lette jetfly v\u00e6lges ofte til ture, der varer mellem tre og fire timer, og de kan tilbagel\u00e6gge 1.500 miles uden at holde pitstop.&nbsp;<\/p>\r\n\r\n\r\n\r\n<h4 class=\"wp-block-heading\"><span class=\"ez-toc-section\" id=\"Light_and_Very_Light_Jets_Specifications\"><\/span>Specifikationer for lette og meget lette jetfly<span class=\"ez-toc-section-end\"><\/span><\/h4>\r\n\r\n\r\n\r\n<p>Meget lette jetfly har plads til fire til fem passagerer og flyver med en maksimal marchhastighed p\u00e5 450 mph og en maksimal r\u00e6kkevidde p\u00e5 750 miles. Den gennemsnitlige timepris for StraightLine Private Air-medlemmer varierer fra $3,950 til $5,250.<\/p>\r\n\r\n\r\n\r\n<p>Light jets kan rumme op til otte passagerer og flyve med en maksimal marchhastighed p\u00e5 500 mph og en maksimal r\u00e6kkevidde p\u00e5 1.500 miles. Den gennemsnitlige timepris for StraightLine Private Air-medlemmer varierer fra $4,250 til $5,950.<\/p>\r\n\r\n\r\n\r\n<h3 class=\"wp-block-heading\"><span class=\"ez-toc-section\" id=\"4_Midsize_and_Super-Midsize_Private_Jets\"><\/span>4. Private jetfly i mellemst\u00f8rrelse og supermellemst\u00f8rrelse&nbsp;<span class=\"ez-toc-section-end\"><\/span><\/h3>\r\n\r\n\r\n\r\n<p>Mellemstore jetfly har en l\u00e6ngere r\u00e6kkevidde og en mere rummelig kabine end lette jetfly. Disse fly har normalt rummelige divaner til passagerkomfort og udvidede kabysse- og toiletfaciliteter.<\/p>\r\n\r\n\r\n\r\n<p>Super midsize jets har en l\u00e6ngere r\u00e6kkevidde end midsize jets og mere rummelige kabiner. Disse fly er et omkostningseffektivt og br\u00e6ndstofbesparende alternativ til store jetfly, da de kan flyve over lange afstande.&nbsp;<\/p>\r\n\r\n\r\n\r\n<h4 class=\"wp-block-heading\"><span class=\"ez-toc-section\" id=\"Midsize_and_Super-Midsize_Jets_Specifications\"><\/span>Specifikationer for mellemstore og supermellemstore jetfly<span class=\"ez-toc-section-end\"><\/span><\/h4>\r\n\r\n\r\n\r\n<p>Mellemstore jetfly har plads til op til ti passagerer og flyver med en maksimal marchhastighed p\u00e5 550 mph og en maksimal r\u00e6kkevidde p\u00e5 3.000 miles. Den gennemsnitlige timepris for StraightLine Private Air-medlemmer varierer fra $5,950 til $7,450.<\/p>\r\n\r\n\r\n\r\n<p>Super-midsize jetfly har plads til op til 12 passagerer og flyver med en maksimal marchhastighed p\u00e5 600 mph og en maksimal r\u00e6kkevidde p\u00e5 4.500 miles. Den gennemsnitlige timepris for StraightLine Private Air-medlemmer varierer fra $6,250 til $8,950.<\/p>\r\n\r\n\r\n\r\n<h3 class=\"wp-block-heading\"><span class=\"ez-toc-section\" id=\"5_Large_Private_Jets\"><\/span>5. Store private jetfly<span class=\"ez-toc-section-end\"><\/span><\/h3>\r\n\r\n\r\n\r\n<p>Store privatfly, kendt som heavy jets, er kendetegnet ved deres enorme st\u00f8rrelse og h\u00f8je komfort. Faciliteterne i denne klasse er stort set ubegr\u00e6nsede, og flyets r\u00e6kkevidde giver mulighed for mere end 12 timers nonstop flyvning.&nbsp;<\/p>\r\n\r\n\r\n\r\n<p>Flyene er udstyret med Wi-Fi og underholdningssystemer, og det indvendige layout kan konfigureres til forretningsm\u00f8der eller underholdningsmuligheder.<\/p>\r\n\r\n\r\n\r\n<h4 class=\"wp-block-heading\"><span class=\"ez-toc-section\" id=\"Large_Jets_Specifications\"><\/span>Specifikationer for store str\u00e5ler<span class=\"ez-toc-section-end\"><\/span><\/h4>\r\n\r\n\r\n\r\n<p>Store jetfly kan rumme op til 16 passagerer og flyve med en maksimal marchhastighed p\u00e5 650 mph og en maksimal r\u00e6kkevidde p\u00e5 6.500 miles. Den gennemsnitlige timepris for StraightLine Private Air-medlemmer varierer fra $7,950 til $12,950.<\/p>\r\n\r\n\r\n\r\n<h2 class=\"wp-block-heading\"><span class=\"ez-toc-section\" id=\"Company_Safety_Policy_and_Standards\"><\/span>Virksomhedens sikkerhedspolitik og -standarder<span class=\"ez-toc-section-end\"><\/span><\/h2>\r\n\r\n\r\n\r\n<figure class=\"wp-block-image size-full is-style-default\"><img loading=\"lazy\" decoding=\"async\" width=\"1000\" height=\"442\" src=\"https:\/\/comparemyjet.com\/wp-content\/uploads\/2022\/09\/little.plane_.in_.the_.hand_.of_.a.businessman.jpg\" alt=\"\" class=\"wp-image-3335\" srcset=\"https:\/\/comparemyjet.com\/wp-content\/uploads\/2022\/09\/little.plane_.in_.the_.hand_.of_.a.businessman-18x8.jpg 18w, https:\/\/comparemyjet.com\/wp-content\/uploads\/2022\/09\/little.plane_.in_.the_.hand_.of_.a.businessman-300x133.jpg 300w, https:\/\/comparemyjet.com\/wp-content\/uploads\/2022\/09\/little.plane_.in_.the_.hand_.of_.a.businessman-768x339.jpg 768w, https:\/\/comparemyjet.com\/wp-content\/uploads\/2022\/09\/little.plane_.in_.the_.hand_.of_.a.businessman.jpg 1000w\" sizes=\"auto, (max-width: 1000px) 100vw, 1000px\" \/><\/figure>\r\n\r\n\r\n\r\n<p>StraightLine opfylder <a href=\"https:\/\/www.faa.gov\/\" target=\"_blank\" rel=\"noopener\">FAA<\/a>'s standarder for charteroperationer. Virksomheden bruger kun fly, der er godkendt af FAA, fra FAR (Federal Aviation Regulations) Part 135 Charter Operators.&nbsp;<\/p>\r\n\r\n\r\n\r\n<p>Flyvningerne udf\u00f8res under den operationelle myndighed af StraightLine Private Air charteroperat\u00f8rer, der ans\u00e6tter piloterne, tager sig af vedligeholdelse og driver flyene.&nbsp;<\/p>\r\n\r\n\r\n\r\n<p>StraightLine arbejder t\u00e6t sammen med de bedste charterselskaber i branchen og bruger kun fly, der har best\u00e5et inspektioner af enten <a href=\"https:\/\/www.wyvernltd.com\/\" target=\"_blank\" rel=\"noopener\">Wyvern <\/a>eller <a href=\"https:\/\/www.argus.aero\/\" target=\"_blank\" rel=\"noopener\">ARGUS<\/a> for at garantere passagerernes sikkerhed.&nbsp;<\/p>\r\n\r\n\r\n\r\n<h2 class=\"wp-block-heading\"><span class=\"ez-toc-section\" id=\"Conclusion\"><\/span>Konklusion<span class=\"ez-toc-section-end\"><\/span><\/h2>\r\n\r\n\r\n\r\n<p>StraightLine Private Air blev etableret i 2016 og arrangerer flyvninger for kunder med fly fra tredjeparts charteroperat\u00f8rer. Kunderne kan til enhver tid chartre en bred vifte af fly, fra stempelpropeller til tunge jetfly.&nbsp;<\/p>\r\n\r\n\r\n\r\n<p>Medlemmer af det indskudsbaserede StraightLine Private Air-program kan v\u00e6lge den flytype, der bedst opfylder deres behov for hver tur. Programmet er ideelt til hyppige rejsende, der har til hensigt at bruge flere flytyper.&nbsp;<\/p>","protected":false},"excerpt":{"rendered":"<p>StraightLine Private Air er et charterm\u00e6glerfirma, der hj\u00e6lper kunder med at finde den bedst egnede private jet til deres rejse. Charterservicen har partnerskaber med private jet-ejere og tredjepartsoperat\u00f8rer i hele USA, hvilket giver dem mulighed for at anvende en dynamisk prisstrategi for at hj\u00e6lpe deres kunder med at nyde omkostningseffektive luksusrejser.  Lad os se, hvad ...<\/p>","protected":false},"author":2,"featured_media":3508,"parent":0,"menu_order":0,"comment_status":"closed","ping_status":"closed","template":"","meta":{"_acf_changed":false,"_genesis_hide_title":false,"_genesis_hide_breadcrumbs":false,"_genesis_hide_singular_image":false,"_genesis_hide_footer_widgets":false,"_genesis_custom_body_class":"","_genesis_custom_post_class":"","_genesis_layout":"","footnotes":""},"class_list":{"1":"page","2":"type-page","6":"entry"},"acf":[],"_links":{"self":[{"href":"https:\/\/comparemyjet.com\/da\/wp-json\/wp\/v2\/pages\/3507","targetHints":{"allow":["GET"]}}],"collection":[{"href":"https:\/\/comparemyjet.com\/da\/wp-json\/wp\/v2\/pages"}],"about":[{"href":"https:\/\/comparemyjet.com\/da\/wp-json\/wp\/v2\/types\/page"}],"author":[{"embeddable":true,"href":"https:\/\/comparemyjet.com\/da\/wp-json\/wp\/v2\/users\/2"}],"replies":[{"embeddable":true,"href":"https:\/\/comparemyjet.com\/da\/wp-json\/wp\/v2\/comments?post=3507"}],"version-history":[{"count":2,"href":"https:\/\/comparemyjet.com\/da\/wp-json\/wp\/v2\/pages\/3507\/revisions"}],"predecessor-version":[{"id":3552,"href":"https:\/\/comparemyjet.com\/da\/wp-json\/wp\/v2\/pages\/3507\/revisions\/3552"}],"wp:featuredmedia":[{"embeddable":true,"href":"https:\/\/comparemyjet.com\/da\/wp-json\/wp\/v2\/media\/3508"}],"wp:attachment":[{"href":"https:\/\/comparemyjet.com\/da\/wp-json\/wp\/v2\/media?parent=3507"}],"curies":[{"name":"wp","href":"https:\/\/api.w.org\/{rel}","templated":true}]}}