{"id":3559,"date":"2022-10-15T01:08:04","date_gmt":"2022-10-15T01:08:04","guid":{"rendered":"https:\/\/comparemyjet.com\/?page_id=3559"},"modified":"2025-09-04T10:03:18","modified_gmt":"2025-09-04T10:03:18","slug":"verijet","status":"publish","type":"page","link":"https:\/\/comparemyjet.com\/da\/verijet\/","title":{"rendered":"VeriJet flypriser"},"content":{"rendered":"<p>Verijet er et innovativt luftfartsselskab, der adskiller sig fra andre <a href=\"https:\/\/comparemyjet.com\/da\/how-do-you-rent-or-charter-a-private-jet\/\" data-internallinksmanager029f6b8e52c=\"15\" title=\"Hvordan lejer eller chartrer man en privat jet?\">privat jet charter<\/a> udbydere efter en r\u00e6kke kriterier, hvoraf de fleste kan spores tilbage til virksomhedens fl\u00e5de af Cirrus SF-50 Vision Jets. Virksomheden blev grundlagt i 2020, og dens hovedkontor ligger i Vero Beach, Florida.<\/p>\r\n\r\n\r\n\r\n<p>For at g\u00f8re flyrejser mere overkommelige har Verijet udviklet en flyoptimeringsmotor og lanceret sin egen fl\u00e5de af G2+ Vision Jets, som er kraftigere og bedre udstyret til at klare udfordrende landingsbaner og l\u00e6ngere afstande. Disse jetfly har exceptionelle sikkerhedsvurderinger og udf\u00f8rer 100% CO2-neutrale flyvninger.&nbsp;<\/p>\r\n\r\n\r\n\r\n<p>Efter en frugtbar start i den syd\u00f8stlige del af USA har Verijet til hensigt at g\u00f8re hurtige, billige privatflyvninger tilg\u00e6ngelige i hele USA.<\/p>\r\n\r\n\r\n\r\n<div id=\"ez-toc-container\" class=\"ez-toc-v2_0_76 counter-hierarchy ez-toc-counter ez-toc-grey ez-toc-container-direction\">\n<p class=\"ez-toc-title\" style=\"cursor:inherit\">Emner<\/p>\n<label for=\"ez-toc-cssicon-toggle-item-69f4675b8bf2a\" class=\"ez-toc-cssicon-toggle-label\"><span class=\"\"><span class=\"eztoc-hide\" style=\"display:none;\">Toggle<\/span><span class=\"ez-toc-icon-toggle-span\"><svg style=\"fill: #999;color:#999\" xmlns=\"http:\/\/www.w3.org\/2000\/svg\" class=\"list-377408\" width=\"20px\" height=\"20px\" viewbox=\"0 0 24 24\" fill=\"none\"><path d=\"M6 6H4v2h2V6zm14 0H8v2h12V6zM4 11h2v2H4v-2zm16 0H8v2h12v-2zM4 16h2v2H4v-2zm16 0H8v2h12v-2z\" fill=\"currentColor\"><\/path><\/svg><svg style=\"fill: #999;color:#999\" class=\"arrow-unsorted-368013\" xmlns=\"http:\/\/www.w3.org\/2000\/svg\" width=\"10px\" height=\"10px\" viewbox=\"0 0 24 24\" version=\"1.2\" baseprofile=\"tiny\"><path d=\"M18.2 9.3l-6.2-6.3-6.2 6.3c-.2.2-.3.4-.3.7s.1.5.3.7c.2.2.4.3.7.3h11c.3 0 .5-.1.7-.3.2-.2.3-.5.3-.7s-.1-.5-.3-.7zM5.8 14.7l6.2 6.3 6.2-6.3c.2-.2.3-.5.3-.7s-.1-.5-.3-.7c-.2-.2-.4-.3-.7-.3h-11c-.3 0-.5.1-.7.3-.2.2-.3.5-.3.7s.1.5.3.7z\"\/><\/svg><\/span><\/span><\/label><input type=\"checkbox\"  id=\"ez-toc-cssicon-toggle-item-69f4675b8bf2a\" checked aria-label=\"Toggle\" \/><nav><ul class='ez-toc-list ez-toc-list-level-1' ><li class='ez-toc-page-1 ez-toc-heading-level-2'><a class=\"ez-toc-link ez-toc-heading-1\" href=\"https:\/\/comparemyjet.com\/da\/verijet\/#About_the_Company\" >Om virksomheden<\/a><ul class='ez-toc-list-level-3' ><li class='ez-toc-heading-level-3'><a class=\"ez-toc-link ez-toc-heading-2\" href=\"https:\/\/comparemyjet.com\/da\/verijet\/#The_G2_Vision_Jets_Fleet\" >Fl\u00e5den af G2+ Vision Jets<\/a><\/li><\/ul><\/li><li class='ez-toc-page-1 ez-toc-heading-level-2'><a class=\"ez-toc-link ez-toc-heading-3\" href=\"https:\/\/comparemyjet.com\/da\/verijet\/#Pricing\" >Prisfasts\u00e6ttelse<\/a><\/li><li class='ez-toc-page-1 ez-toc-heading-level-2'><a class=\"ez-toc-link ez-toc-heading-4\" href=\"https:\/\/comparemyjet.com\/da\/verijet\/#Company_Jet_Card_Programs\" >Virksomhedens Jet Card-programmer<\/a><ul class='ez-toc-list-level-3' ><li class='ez-toc-heading-level-3'><a class=\"ez-toc-link ez-toc-heading-5\" href=\"https:\/\/comparemyjet.com\/da\/verijet\/#25_Hour_JetCard\" >25 timers JetCard<\/a><\/li><li class='ez-toc-page-1 ez-toc-heading-level-3'><a class=\"ez-toc-link ez-toc-heading-6\" href=\"https:\/\/comparemyjet.com\/da\/verijet\/#50_Hour_JetCard\" >50 timers JetCard<\/a><\/li><li class='ez-toc-page-1 ez-toc-heading-level-3'><a class=\"ez-toc-link ez-toc-heading-7\" href=\"https:\/\/comparemyjet.com\/da\/verijet\/#100_Hour_JetCard\" >100 timers JetCard<\/a><\/li><\/ul><\/li><li class='ez-toc-page-1 ez-toc-heading-level-2'><a class=\"ez-toc-link ez-toc-heading-8\" href=\"https:\/\/comparemyjet.com\/da\/verijet\/#The_Fleet\" >Fl\u00e5den&nbsp;<\/a><ul class='ez-toc-list-level-4' ><li class='ez-toc-heading-level-4'><ul class='ez-toc-list-level-4' ><li class='ez-toc-heading-level-4'><a class=\"ez-toc-link ez-toc-heading-9\" href=\"https:\/\/comparemyjet.com\/da\/verijet\/#Characteristics_of_The_Cirrus_SF-50_Vision_Jet\" >Karakteristik af Cirrus SF-50 Vision Jet<\/a><\/li><\/ul><\/li><\/ul><\/li><li class='ez-toc-page-1 ez-toc-heading-level-2'><a class=\"ez-toc-link ez-toc-heading-10\" href=\"https:\/\/comparemyjet.com\/da\/verijet\/#Company_Safety_Policy_and_Standards\" >Virksomhedens sikkerhedspolitik og -standarder<\/a><\/li><li class='ez-toc-page-1 ez-toc-heading-level-2'><a class=\"ez-toc-link ez-toc-heading-11\" href=\"https:\/\/comparemyjet.com\/da\/verijet\/#Pilots\" >Piloter<\/a><\/li><li class='ez-toc-page-1 ez-toc-heading-level-2'><a class=\"ez-toc-link ez-toc-heading-12\" href=\"https:\/\/comparemyjet.com\/da\/verijet\/#Partnerships\" >Partnerskaber<\/a><\/li><li class='ez-toc-page-1 ez-toc-heading-level-2'><a class=\"ez-toc-link ez-toc-heading-13\" href=\"https:\/\/comparemyjet.com\/da\/verijet\/#Conclusion\" >Konklusion<\/a><\/li><\/ul><\/nav><\/div>\n<h2 class=\"wp-block-heading\"><span class=\"ez-toc-section\" id=\"About_the_Company\"><\/span>Om virksomheden<span class=\"ez-toc-section-end\"><\/span><\/h2>\r\n\r\n\r\n\r\n<p>Richard Kane, Verijets bestyrelsesformand og CEO, har arbejdet i telekommunikations- og luftfartsindustrien, hvilket inspirerede ham til at starte firmaet. Da han er en talentfuld pilot med verdensrekord i hastighed og har ekspertise i at dirigere millioner af opkald i timen i realtid, er Verijet hurtigt blevet det foretrukne private jetcharterfirma.<\/p>\r\n\r\n\r\n\r\n<p>Verijet har bygget et optimeringssystem, der kan erstatte et team af planl\u00e6ggere med et enkelt klik p\u00e5 en knap. Som et direkte resultat af dette bortfalder yderligere gebyrer, hvilket resulterer i reducerede flybilletter. Kane afpr\u00f8vede sin optimeringsproces p\u00e5 en klynge af virtuelle maskiner, som alle delte den samme pool af hukommelse og harddiskplads. Efter at have unders\u00f8gt forskellige muligheder besluttede han sig for <a href=\"https:\/\/www.ibm.com\/cloud\/bare-metal-servers\" target=\"_blank\" rel=\"noopener\">IBM Cloud Bare Metal-servere<\/a> p\u00e5 grund af deres stabilitet og regnekraft i forhold til optimeringsmotoren, samt deres adgang til IBM's cloud-platform og support fra tekniske ingeni\u00f8rer og r\u00e5dgivere.<\/p>\r\n\r\n\r\n\r\n<h3 class=\"wp-block-heading\"><span class=\"ez-toc-section\" id=\"The_G2_Vision_Jets_Fleet\"><\/span>Fl\u00e5den af G2+ Vision Jets<span class=\"ez-toc-section-end\"><\/span><\/h3>\r\n\r\n\r\n\r\n<figure class=\"wp-block-image size-full is-style-default\"><img loading=\"lazy\" decoding=\"async\" width=\"1000\" height=\"563\" src=\"https:\/\/comparemyjet.com\/wp-content\/uploads\/2022\/10\/G2-Vision-Jet-1.jpg\" alt=\"VeriJet\" class=\"wp-image-3562\" srcset=\"https:\/\/comparemyjet.com\/wp-content\/uploads\/2022\/10\/G2-Vision-Jet-1-18x10.jpg 18w, https:\/\/comparemyjet.com\/wp-content\/uploads\/2022\/10\/G2-Vision-Jet-1-300x169.jpg 300w, https:\/\/comparemyjet.com\/wp-content\/uploads\/2022\/10\/G2-Vision-Jet-1-768x432.jpg 768w, https:\/\/comparemyjet.com\/wp-content\/uploads\/2022\/10\/G2-Vision-Jet-1.jpg 1000w\" sizes=\"auto, (max-width: 1000px) 100vw, 1000px\" \/><\/figure>\r\n\r\n\r\n\r\n<p>Med st\u00f8tte fra denne nye software var Kane i stand til at etablere sin egen fl\u00e5de af sm\u00e5 og \u00f8kologisk b\u00e6redygtige jetfly. Disse lydl\u00f8se jetfly med \u00e9n pilot, m\u00e6rket Vision Jets, hjalp ham med at opbygge optimeringsmotoren og arbejde hen imod det n\u00e6ste trin i hans plan.<\/p>\r\n\r\n\r\n\r\n<p>Disse private jetfly er udstyret med fremsynede sikkerhedsforanstaltninger som Cirrus Airplane Parachute System (CAPS) og knappen \"Safe Return\", der g\u00f8r det muligt at foretage en n\u00f8dlanding med autopilot. Den <a href=\"https:\/\/www.faa.gov\/\" target=\"_blank\" rel=\"noopener\">Federal Aviation Administration<\/a> m\u00e5tte igennem et par ekstra forhindringer, da disse funktioner er s\u00e5 avancerede, f\u00f8r de kunne give deres velsignelse til Vision Jets, hvilket de til sidst gjorde.<\/p>\r\n\r\n\r\n\r\n<p>Kanes behov for computerkraft vokser i takt med udvidelsen af b\u00e5de hans kundebase og hans fl\u00e5de af Vision Jets. For at n\u00e5 dette m\u00e5l er han i \u00f8jeblikket i dialog med Quantum Computing-teamet hos IBM for at forts\u00e6tte sit optimeringsarbejde.<\/p>\r\n\r\n\r\n\r\n<p>De nuv\u00e6rende faste envejsomkostninger for VeriJets' service har v\u00e6ret tilg\u00e6ngelige inden for <a href=\"https:\/\/comparemyjet.com\/da\/private-tours\/orlando-private-tours\/\" data-internallinksmanager029f6b8e52c=\"429\" title=\"11 bedste private ture i Orlando fra $5.99\">Orlando<\/a>Florida, og Santa Maria Airport i Californien siden 2021. Det nord\u00f8stlige USA, Canada og Europa er alle p\u00e5 listen over potentielle ekspansionssteder.<\/p>\r\n\r\n\r\n\r\n<h2 class=\"wp-block-heading\"><span class=\"ez-toc-section\" id=\"Pricing\"><\/span>Prisfasts\u00e6ttelse<span class=\"ez-toc-section-end\"><\/span><\/h2>\r\n\r\n\r\n\r\n<p>Den nuv\u00e6rende prisstruktur er ligetil. Kunderne betaler for mindst 60 minutters flyvetid samt en f\u00f8deral afgift p\u00e5 7,5%, hvilket giver i alt $3.000 pr. time.&nbsp;<\/p>\r\n\r\n\r\n\r\n<h2 class=\"wp-block-heading\"><span class=\"ez-toc-section\" id=\"Company_Jet_Card_Programs\"><\/span>Virksomhedens Jet Card-programmer<span class=\"ez-toc-section-end\"><\/span><\/h2>\r\n\r\n\r\n\r\n<figure class=\"wp-block-image size-full is-style-default\"><img loading=\"lazy\" decoding=\"async\" width=\"1000\" height=\"442\" src=\"https:\/\/comparemyjet.com\/wp-content\/uploads\/2022\/09\/little.plane_.in_.the_.hand_.of_.a.businessman.jpg\" alt=\"\" class=\"wp-image-3335\" srcset=\"https:\/\/comparemyjet.com\/wp-content\/uploads\/2022\/09\/little.plane_.in_.the_.hand_.of_.a.businessman-18x8.jpg 18w, https:\/\/comparemyjet.com\/wp-content\/uploads\/2022\/09\/little.plane_.in_.the_.hand_.of_.a.businessman-300x133.jpg 300w, https:\/\/comparemyjet.com\/wp-content\/uploads\/2022\/09\/little.plane_.in_.the_.hand_.of_.a.businessman-768x339.jpg 768w, https:\/\/comparemyjet.com\/wp-content\/uploads\/2022\/09\/little.plane_.in_.the_.hand_.of_.a.businessman.jpg 1000w\" sizes=\"auto, (max-width: 1000px) 100vw, 1000px\" \/><\/figure>\r\n\r\n\r\n\r\n<p>N\u00e5r kunder k\u00f8ber et Verijet JetCard, f\u00e5r de bookingprioritet og har mulighed for at k\u00f8be blokke af flyvetid, der er 25, 50 eller 100 timer lange. Lad os udforske disse muligheder.<\/p>\r\n\r\n\r\n\r\n<h3 class=\"wp-block-heading\"><span class=\"ez-toc-section\" id=\"25_Hour_JetCard\"><\/span>25 timers JetCard<span class=\"ez-toc-section-end\"><\/span><\/h3>\r\n\r\n\r\n\r\n<p>25 Hour Jet Card koster $81,250 at k\u00f8be, og timeprisen for hver flyvning er $3,250 fast. Der er ikke noget medlemsgebyr, s\u00e5 k\u00f8bsprisen er faktisk et depositum, hvorfra timeprisen tr\u00e6kkes ved hver flyvning.&nbsp;<\/p>\r\n\r\n\r\n\r\n<ul class=\"wp-block-list\"><li>Der kan forekomme till\u00e6gsgebyrer.&nbsp;<\/li><li>Der er ikke noget dagligt minimum.&nbsp;<\/li><li>Kortet er gyldigt i et \u00e5r. K\u00e6ledyr er velkomne om bord.&nbsp;<\/li><li>Der kr\u00e6ves mindst en times flyvetid.&nbsp;<\/li><li>Afbestillingsfristen er 72 timer f\u00f8r flyafgang, og der er ingen spidsbelastningsdage.<\/li><\/ul>\r\n\r\n\r\n\r\n<h3 class=\"wp-block-heading\"><span class=\"ez-toc-section\" id=\"50_Hour_JetCard\"><\/span>50 timers JetCard<span class=\"ez-toc-section-end\"><\/span><\/h3>\r\n\r\n\r\n\r\n<p>50 Hour Jet Card koster $152,500 at k\u00f8be, og timeprisen for hver flyvning er $3,050 fast.&nbsp;<\/p>\r\n\r\n\r\n\r\n<ul class=\"wp-block-list\"><li>Intet medlemsgebyr.&nbsp;<\/li><li>Der kan forekomme till\u00e6gsgebyrer.&nbsp;<\/li><li>Der er ikke noget dagligt minimum.&nbsp;<\/li><li>Kortet er gyldigt i 15 m\u00e5neder.<\/li><li>K\u00e6ledyr er velkomne om bord.&nbsp;<\/li><li>Der kr\u00e6ves mindst en times flyvetid.&nbsp;<\/li><li>Afbestillingsfristen er 48 timer f\u00f8r flyafgang, og der er ingen spidsbelastningsdage.<\/li><\/ul>\r\n\r\n\r\n\r\n<h3 class=\"wp-block-heading\"><span class=\"ez-toc-section\" id=\"100_Hour_JetCard\"><\/span>100 timers JetCard<span class=\"ez-toc-section-end\"><\/span><\/h3>\r\n\r\n\r\n\r\n<p>50 Hour Jet Card koster $275.000 at k\u00f8be, og timeprisen for hver flyvning er $2.750 fast.&nbsp;<\/p>\r\n\r\n\r\n\r\n<ul class=\"wp-block-list\"><li>Der er ikke noget medlemsgebyr.&nbsp;<\/li><li>Der kan forekomme till\u00e6gsgebyrer.&nbsp;<\/li><li>Der er et dagligt minimum.&nbsp;<\/li><li>Kortet er gyldigt i 18 m\u00e5neder.&nbsp;<\/li><li>K\u00e6ledyr er velkomne om bord.&nbsp;<\/li><li>Der kr\u00e6ves mindst en times flyvetid.&nbsp;<\/li><li>Afbestillingsfristen er 120 timer f\u00f8r flyafgang og ikke p\u00e5 spidsbelastningsdage.<\/li><\/ul>\r\n\r\n\r\n\r\n<p>Du kan se sammenligning af jetkort side om side og foretage en reservation p\u00e5 f\u00f8lgende <a href=\"https:\/\/www.verijet.com\/Verijet-JetCard\" target=\"_blank\" rel=\"noopener\">link<\/a>.<\/p>\r\n\r\n\r\n\r\n<h2 class=\"wp-block-heading\"><span class=\"ez-toc-section\" id=\"The_Fleet\"><\/span>Fl\u00e5den&nbsp;<span class=\"ez-toc-section-end\"><\/span><\/h2>\r\n\r\n\r\n\r\n<figure class=\"wp-block-image is-style-default\"><img decoding=\"async\" src=\"https:\/\/comparemyjet.com\/wp-content\/uploads\/ccVHG_SOHNe_ne2YdOrnGlWyXNclOSUinAFhoJmSXeT1HEmx4_1GOoLo9bqXbbqWticFT5_gfpez-U2nynnVY1wK9aDdTTij7wffVow9ytmtX1sM-S9ozw2of6wQiRhT6xGbMrqx6IOtteUpDLtWJRQd3QDb9JnlE6RZlXwhUIBVNHG1dIz8FBQHUA.jpg\" alt=\"\"\/><\/figure>\r\n\r\n\r\n\r\n<p>Cirrus SF-50 Vision Jet er drevet af en enkelt krydsermissilmotor. Det g\u00f8r det muligt for jetflyene at flyve lavt og langsomt, samtidig med at de kun efterlader en niende del af den CO2-udledning, som det typiske privatfly g\u00f8r. Fordi Vision Jets kan br\u00e6nde fire forskellige typer biobr\u00e6ndstof, kan de udf\u00f8re flyvninger, der er helt fri for CO2-udledning.<\/p>\r\n\r\n\r\n\r\n<p>Men de milj\u00f8m\u00e6ssige fordele ved disse elementer er ikke den eneste grund til, at de er \u00f8nskv\u00e6rdige. De g\u00f8r det ogs\u00e5 muligt for Verijet at operere i masser af lufthavne, hvilket fremskynder processen med at transportere kunderne til deres endelige destinationer.<\/p>\r\n\r\n\r\n\r\n<h4 class=\"wp-block-heading\"><span class=\"ez-toc-section\" id=\"Characteristics_of_The_Cirrus_SF-50_Vision_Jet\"><\/span>Karakteristik af Cirrus SF-50 Vision Jet<span class=\"ez-toc-section-end\"><\/span><\/h4>\r\n\r\n\r\n\r\n<p>Cirrus Aircraft Vision Jet er et produkt af en utr\u00e6ttelig forsknings- og udviklingsindsats. Dens ydeevne er exceptionel, og den er nem at flyve og vedligeholde. Vision Jet har modtaget megen ros og anerkendelse, bl.a. Robert J. Collier Trophy.&nbsp;<\/p>\r\n\r\n\r\n\r\n<p>Kulfiberstrukturen giver en fornemmelse af plads i flyet, med overraskende god plads til hoved og skuldre og brede vinduer. Kabinen er designet til at v\u00e6re den st\u00f8rste i sin kategori.<\/p>\r\n\r\n\r\n\r\n<p>Underholdningsdisplayet kan tilsluttes de fleste enheder, og midterkonsollen kan omdannes til en moderne arbejdsplads, som passagererne kan bruge.<\/p>\r\n\r\n\r\n\r\n<p>WiFi leveres af Gogo InFlight Wi-Fi, og den ekstra fordel ved USB-C-porte g\u00f8r, at passagerernes elektroniske gadgets fortsat kan oplades, mens de er i luften.<\/p>\r\n\r\n\r\n\r\n<p>Desuden er jetflyene fremstillet i en omfattende farvepalet for at im\u00f8dekomme ethvert \u00e6stetisk \u00f8nske, stylet med luksuri\u00f8st l\u00e6derinteri\u00f8r og polstringstilbeh\u00f8r. Passagererne har ekstra alsidighed med i alt 28 forskellige s\u00e6dearrangementer takket v\u00e6re det faktum, at hvert kabines\u00e6de er helt modul\u00e6rt og uden besv\u00e6r kan fjernes, hvis det er n\u00f8dvendigt.<\/p>\r\n\r\n\r\n\r\n<p>Specifikationer:<\/p>\r\n\r\n\r\n\r\n<ul class=\"wp-block-list\"><li>Passagerer: 7;<\/li><li>Fuld l\u00e6ngde: 30 ft 7 in;&nbsp;<\/li><li>Vingefang: 38 fod 7 tommer;&nbsp;<\/li><li>Fuld h\u00f8jde: 3,5 meter;<\/li><li>Kabineh\u00f8jde: 4 ft 1 in;<\/li><li>Kabinebredde: 5 ft 1 in;&nbsp;<\/li><li>Stigningshastighed: 1.609 fod\/min;<\/li><li>Maks. marchhastighed: 311 ktas;<\/li><li>Maksimal flyver\u00e6kkevidde: 1.275 nm;<\/li><li>Panoramavinduer;<\/li><li>Kabine under tryk;<\/li><li>Klimakontrol bagp\u00e5;<\/li><li>Accentbelysning<\/li><\/ul>\r\n\r\n\r\n\r\n<h2 class=\"wp-block-heading\"><span class=\"ez-toc-section\" id=\"Company_Safety_Policy_and_Standards\"><\/span>Virksomhedens sikkerhedspolitik og -standarder<span class=\"ez-toc-section-end\"><\/span><\/h2>\r\n\r\n\r\n\r\n<p>Under COVID-19-epidemien blev flyet fuldst\u00e6ndig saneret b\u00e5de f\u00f8r og efter takeoff. Passagererne rapporterede, at de f\u00f8lte sig us\u00e6dvanligt trygge hele tiden, og dets CO2-fodaftryk var en niendedel af et mellemstort jetfly.<\/p>\r\n\r\n\r\n\r\n<p>Det fly, som VeriJet tilbyder, har et Cirrus Airframe Parachute System og en Safe ReturnTM autolanding i n\u00f8dsituationer. Safe Return-n\u00f8dlandingen giver en ny mulighed for at beskytte passagererne ved at give piloterne mulighed for at lande jetflyet i en n\u00f8dsituation med et let tryk p\u00e5 en knap. Det g\u00f8r autoland til en fremragende tilf\u00f8jelse til Vision Jet.<\/p>\r\n\r\n\r\n\r\n<h2 class=\"wp-block-heading\"><span class=\"ez-toc-section\" id=\"Pilots\"><\/span>Piloter<span class=\"ez-toc-section-end\"><\/span><\/h2>\r\n\r\n\r\n\r\n<figure class=\"wp-block-image size-full is-style-default\"><img loading=\"lazy\" decoding=\"async\" width=\"1000\" height=\"667\" src=\"https:\/\/comparemyjet.com\/wp-content\/uploads\/2022\/09\/pilot.boarding.on_.a.private.jet_.jpg\" alt=\"\" class=\"wp-image-3231\" srcset=\"https:\/\/comparemyjet.com\/wp-content\/uploads\/2022\/09\/pilot.boarding.on_.a.private.jet_-18x12.jpg 18w, https:\/\/comparemyjet.com\/wp-content\/uploads\/2022\/09\/pilot.boarding.on_.a.private.jet_-300x200.jpg 300w, https:\/\/comparemyjet.com\/wp-content\/uploads\/2022\/09\/pilot.boarding.on_.a.private.jet_-768x512.jpg 768w, https:\/\/comparemyjet.com\/wp-content\/uploads\/2022\/09\/pilot.boarding.on_.a.private.jet_.jpg 1000w\" sizes=\"auto, (max-width: 1000px) 100vw, 1000px\" \/><\/figure>\r\n\r\n\r\n\r\n<p>Hver eneste Vision Jet leveres som standard med en f\u00f8rsteklasses pilotuddannelse p\u00e5 Vision Center Campus.<\/p>\r\n\r\n\r\n\r\n<h2 class=\"wp-block-heading\"><span class=\"ez-toc-section\" id=\"Partnerships\"><\/span>Partnerskaber<span class=\"ez-toc-section-end\"><\/span><\/h2>\r\n\r\n\r\n\r\n<p>Coflyt er en intelligent luftfartssoftware, der giver flyejere, virksomheder og luftfartsorganisationer den ro i sindet, de har brug for til at drive deres fly.&nbsp;<\/p>\r\n\r\n\r\n\r\n<p>Coflyt er udviklet af piloter for at g\u00f8re flyejerskab mere effektivt. Det centraliserer flyoptegnelser, vedligeholder flyvekort, analyserer ydeevne, viser flytilg\u00e6ngelighed, giver statusopdateringer til fly- og reservedelsleverand\u00f8rer og forenkler blandt andet betalinger. VeriJet Cirrus-fl\u00e5den administreres med <a href=\"https:\/\/coflyt.com\/verijet\/\" target=\"_blank\" rel=\"noopener\">Coflyt<\/a>og den anvender branchef\u00f8rende, patenteret kunstig intelligens og computerteknologi.<\/p>\r\n\r\n\r\n\r\n<h2 class=\"wp-block-heading\"><span class=\"ez-toc-section\" id=\"Conclusion\"><\/span>Konklusion<span class=\"ez-toc-section-end\"><\/span><\/h2>\r\n\r\n\r\n\r\n<p>N\u00e5r en kunde bruger Verijet til at s\u00f8ge efter en privat rejse, kan de if\u00f8lge Richard Kane give dem et tilbud med det samme og besvare deres foresp\u00f8rgsel med det samme. Kunstig intelligens har allerede verificeret, at alt er sikkert, legitimt og kan leveres, og priss\u00e6tningen er fastlagt i sten. P\u00e5 grund af denne mulighed er privatflyvning nu tilg\u00e6ngelig for alle p\u00e5 en m\u00e5de, der ikke var mulig f\u00f8r i tiden.<\/p>","protected":false},"excerpt":{"rendered":"<p>Verijet er et innovativt flyselskab, der adskiller sig fra andre private jetcharterudbydere ved en r\u00e6kke kriterier, hvoraf de fleste kan spores tilbage til selskabets fl\u00e5de af Cirrus SF-50 Vision Jets. Selskabet blev grundlagt i 2020, og dets hovedkontor ligger i Vero Beach, Florida. De foretager flyvninger ...<\/p>","protected":false},"author":1,"featured_media":3564,"parent":0,"menu_order":0,"comment_status":"closed","ping_status":"closed","template":"","meta":{"_acf_changed":false,"_genesis_hide_title":false,"_genesis_hide_breadcrumbs":false,"_genesis_hide_singular_image":false,"_genesis_hide_footer_widgets":false,"_genesis_custom_body_class":"","_genesis_custom_post_class":"","_genesis_layout":"","footnotes":""},"class_list":{"1":"page","2":"type-page","6":"entry"},"acf":[],"_links":{"self":[{"href":"https:\/\/comparemyjet.com\/da\/wp-json\/wp\/v2\/pages\/3559","targetHints":{"allow":["GET"]}}],"collection":[{"href":"https:\/\/comparemyjet.com\/da\/wp-json\/wp\/v2\/pages"}],"about":[{"href":"https:\/\/comparemyjet.com\/da\/wp-json\/wp\/v2\/types\/page"}],"author":[{"embeddable":true,"href":"https:\/\/comparemyjet.com\/da\/wp-json\/wp\/v2\/users\/1"}],"replies":[{"embeddable":true,"href":"https:\/\/comparemyjet.com\/da\/wp-json\/wp\/v2\/comments?post=3559"}],"version-history":[{"count":3,"href":"https:\/\/comparemyjet.com\/da\/wp-json\/wp\/v2\/pages\/3559\/revisions"}],"predecessor-version":[{"id":9415,"href":"https:\/\/comparemyjet.com\/da\/wp-json\/wp\/v2\/pages\/3559\/revisions\/9415"}],"wp:featuredmedia":[{"embeddable":true,"href":"https:\/\/comparemyjet.com\/da\/wp-json\/wp\/v2\/media\/3564"}],"wp:attachment":[{"href":"https:\/\/comparemyjet.com\/da\/wp-json\/wp\/v2\/media?parent=3559"}],"curies":[{"name":"wp","href":"https:\/\/api.w.org\/{rel}","templated":true}]}}