{"id":3596,"date":"2022-10-26T22:09:48","date_gmt":"2022-10-26T22:09:48","guid":{"rendered":"https:\/\/comparemyjet.com\/?page_id=3596"},"modified":"2025-09-04T10:03:18","modified_gmt":"2025-09-04T10:03:18","slug":"velocity-jets","status":"publish","type":"page","link":"https:\/\/comparemyjet.com\/da\/velocity-jets\/","title":{"rendered":"Velocity Jets flypriser"},"content":{"rendered":"<p>Medlemskab af private jetfly, salg og administration af fly og international flycharter med fokus p\u00e5 envejsture er blot nogle af de tjenester, Velocity Jets tilbyder. Dette internationale flycharter-selskab garanterer f\u00f8rsteklasses assistance fra kyndige fagfolk i luftfartsbranchen, som vil im\u00f8dekomme alle specifikke krav.<\/p>\r\n\r\n\r\n\r\n<p>Lad os komme n\u00e6rmere ind p\u00e5, hvad virksomheden tilbyder.&nbsp;<\/p>\r\n\r\n\r\n\r\n<div id=\"ez-toc-container\" class=\"ez-toc-v2_0_76 counter-hierarchy ez-toc-counter ez-toc-grey ez-toc-container-direction\">\n<p class=\"ez-toc-title\" style=\"cursor:inherit\">Emner<\/p>\n<label for=\"ez-toc-cssicon-toggle-item-69f597cfca09b\" class=\"ez-toc-cssicon-toggle-label\"><span class=\"\"><span class=\"eztoc-hide\" style=\"display:none;\">Toggle<\/span><span class=\"ez-toc-icon-toggle-span\"><svg style=\"fill: #999;color:#999\" xmlns=\"http:\/\/www.w3.org\/2000\/svg\" class=\"list-377408\" width=\"20px\" height=\"20px\" viewbox=\"0 0 24 24\" fill=\"none\"><path d=\"M6 6H4v2h2V6zm14 0H8v2h12V6zM4 11h2v2H4v-2zm16 0H8v2h12v-2zM4 16h2v2H4v-2zm16 0H8v2h12v-2z\" fill=\"currentColor\"><\/path><\/svg><svg style=\"fill: #999;color:#999\" class=\"arrow-unsorted-368013\" xmlns=\"http:\/\/www.w3.org\/2000\/svg\" width=\"10px\" height=\"10px\" viewbox=\"0 0 24 24\" version=\"1.2\" baseprofile=\"tiny\"><path d=\"M18.2 9.3l-6.2-6.3-6.2 6.3c-.2.2-.3.4-.3.7s.1.5.3.7c.2.2.4.3.7.3h11c.3 0 .5-.1.7-.3.2-.2.3-.5.3-.7s-.1-.5-.3-.7zM5.8 14.7l6.2 6.3 6.2-6.3c.2-.2.3-.5.3-.7s-.1-.5-.3-.7c-.2-.2-.4-.3-.7-.3h-11c-.3 0-.5.1-.7.3-.2.2-.3.5-.3.7s.1.5.3.7z\"\/><\/svg><\/span><\/span><\/label><input type=\"checkbox\"  id=\"ez-toc-cssicon-toggle-item-69f597cfca09b\" checked aria-label=\"Toggle\" \/><nav><ul class='ez-toc-list ez-toc-list-level-1' ><li class='ez-toc-page-1 ez-toc-heading-level-2'><a class=\"ez-toc-link ez-toc-heading-1\" href=\"https:\/\/comparemyjet.com\/da\/velocity-jets\/#About_the_Company\" >Om virksomheden<\/a><\/li><li class='ez-toc-page-1 ez-toc-heading-level-2'><a class=\"ez-toc-link ez-toc-heading-2\" href=\"https:\/\/comparemyjet.com\/da\/velocity-jets\/#Company_Card_Program\" >Program for firmakort<\/a><\/li><li class='ez-toc-page-1 ez-toc-heading-level-2'><a class=\"ez-toc-link ez-toc-heading-3\" href=\"https:\/\/comparemyjet.com\/da\/velocity-jets\/#Pricing\" >Prisfasts\u00e6ttelse<\/a><\/li><li class='ez-toc-page-1 ez-toc-heading-level-2'><a class=\"ez-toc-link ez-toc-heading-4\" href=\"https:\/\/comparemyjet.com\/da\/velocity-jets\/#On-Demand_Charter\" >Charter p\u00e5 bestilling<\/a><\/li><li class='ez-toc-page-1 ez-toc-heading-level-2'><a class=\"ez-toc-link ez-toc-heading-5\" href=\"https:\/\/comparemyjet.com\/da\/velocity-jets\/#Empty_Leg_Flights\" >Flyvninger med tomme ben<\/a><\/li><li class='ez-toc-page-1 ez-toc-heading-level-2'><a class=\"ez-toc-link ez-toc-heading-6\" href=\"https:\/\/comparemyjet.com\/da\/velocity-jets\/#The_Fleet\" >Fl\u00e5den&nbsp;<\/a><ul class='ez-toc-list-level-3' ><li class='ez-toc-heading-level-3'><a class=\"ez-toc-link ez-toc-heading-7\" href=\"https:\/\/comparemyjet.com\/da\/velocity-jets\/#1_Light_Private_Jets\" >1. Lette private jetfly<\/a><ul class='ez-toc-list-level-4' ><li class='ez-toc-heading-level-4'><a class=\"ez-toc-link ez-toc-heading-8\" href=\"https:\/\/comparemyjet.com\/da\/velocity-jets\/#Our_Recommendation_Learjet_31\" >Vores anbefaling: Learjet 31<\/a><\/li><\/ul><\/li><li class='ez-toc-page-1 ez-toc-heading-level-3'><a class=\"ez-toc-link ez-toc-heading-9\" href=\"https:\/\/comparemyjet.com\/da\/velocity-jets\/#2_Midsize_Private_Jets\" >2. Mellemstore private jetfly&nbsp;<\/a><ul class='ez-toc-list-level-4' ><li class='ez-toc-heading-level-4'><a class=\"ez-toc-link ez-toc-heading-10\" href=\"https:\/\/comparemyjet.com\/da\/velocity-jets\/#Our_Recommendation_Cessna_680_Citation_Sovereign\" >Vores anbefaling: Cessna 680 Citation Sovereign<\/a><\/li><\/ul><\/li><li class='ez-toc-page-1 ez-toc-heading-level-3'><a class=\"ez-toc-link ez-toc-heading-11\" href=\"https:\/\/comparemyjet.com\/da\/velocity-jets\/#_3_Super-Midsize\" >&nbsp;3. Super-mellemst\u00f8rrelse<\/a><ul class='ez-toc-list-level-4' ><li class='ez-toc-heading-level-4'><a class=\"ez-toc-link ez-toc-heading-12\" href=\"https:\/\/comparemyjet.com\/da\/velocity-jets\/#Our_Recommendation_Gulfstream_G200\" >Vores anbefaling: Gulfstream G200<\/a><\/li><\/ul><\/li><li class='ez-toc-page-1 ez-toc-heading-level-3'><a class=\"ez-toc-link ez-toc-heading-13\" href=\"https:\/\/comparemyjet.com\/da\/velocity-jets\/#4_Large_Private_Jets\" >4. Store private jetfly<\/a><ul class='ez-toc-list-level-4' ><li class='ez-toc-heading-level-4'><a class=\"ez-toc-link ez-toc-heading-14\" href=\"https:\/\/comparemyjet.com\/da\/velocity-jets\/#Our_Recommendation_Global_Express_5000\" >Vores anbefaling: Global Express 5000<\/a><\/li><\/ul><\/li><\/ul><\/li><li class='ez-toc-page-1 ez-toc-heading-level-2'><a class=\"ez-toc-link ez-toc-heading-15\" href=\"https:\/\/comparemyjet.com\/da\/velocity-jets\/#Conclusion\" >Konklusion<\/a><\/li><\/ul><\/nav><\/div>\n<h2 class=\"wp-block-heading\"><span class=\"ez-toc-section\" id=\"About_the_Company\"><\/span>Om virksomheden<span class=\"ez-toc-section-end\"><\/span><\/h2>\r\n\r\n\r\n\r\n<p>Patrick Harris og Jessica Osterneck etablerede Velocity Jets i 2006.  Eksperter i luftfartssektoren st\u00e5r bag Velocity Jets' l\u00f8fte om kvalitetsservice, der er skr\u00e6ddersyet til den enkelte kundes specifikke behov.&nbsp;<\/p>\r\n\r\n\r\n\r\n<p>Her er en komplet liste over de tjenester, som Velocity Jets tilbyder sine kunder:<\/p>\r\n\r\n\r\n\r\n<ul class=\"wp-block-list\"><li>Charter af privatfly<\/li><li>Charter af forretningsfly<\/li><li>Verdensomsp\u00e6ndende tjenester<\/li><li><a href=\"https:\/\/comparemyjet.com\/da\/how-to-book-empty-leg-flights\/\" data-internallinksmanager029f6b8e52c=\"24\" title=\"S\u00e5dan booker du flyvninger med tomme ben\">Flyvninger med tomme ben<\/a><\/li><li>Medlemskab af privatfly-kort<\/li><\/ul>\r\n\r\n\r\n\r\n<h2 class=\"wp-block-heading\"><span class=\"ez-toc-section\" id=\"Company_Card_Program\"><\/span>Program for firmakort<span class=\"ez-toc-section-end\"><\/span><\/h2>\r\n\r\n\r\n\r\n<p>VelocityJets Card-programmet er udviklet fra bunden og op p\u00e5 basis af hver enkelt kunde, da alle har forskellige behov. Sammenlignet med andre, st\u00f8rre private flyselskaber, hvor kundernes investeringer er i tusindvis snarere end hundredvis af dollars, er dette en betydelig fordel.&nbsp;<\/p>\r\n\r\n\r\n\r\n<p>Selvom det er rigtigt, at Velocity Jets nu kun kr\u00e6ver 25 timer for Jet Card-medlemskabet, har kortholderne ingen ekstra udgifter til ting som omplacering af br\u00e6ndstof, administrationsomkostninger, envejspriser, flyopgraderinger osv. De kan straks flyve i et hvilket som helst af de lette, mellemstore, supermellemstore eller store kabinefly efter at have k\u00f8bt et 25 eller 50 timers jetkort.&nbsp;<\/p>\r\n\r\n\r\n\r\n<p>En af de st\u00f8rste fordele ved at v\u00e6re kortholder er, at man kan booke en privatflyvning med blot et enkelt telefonopkald. Medlemmer nyder ogs\u00e5 godt af alle fordelene ved fraktioneret ejerskab uden at skulle bekymre sig om \u00f8konomisk forpligtelse, langsigtet forpligtelse eller stram planl\u00e6gning. Desuden skal medlemmerne kun betale for den faktiske tid, flyet er i luften, i stedet for for den tid, det tager at positionere sig f\u00f8r og efter en flyvning.<\/p>\r\n\r\n\r\n\r\n<p>Andre fordele omfatter garanteret tilg\u00e6ngelighed, catering om bord, ingen gebyrer for overnatning eller afbestilling og mange flere.<\/p>\r\n\r\n\r\n\r\n<h2 class=\"wp-block-heading\"><span class=\"ez-toc-section\" id=\"Pricing\"><\/span>Prisfasts\u00e6ttelse<span class=\"ez-toc-section-end\"><\/span><\/h2>\r\n\r\n\r\n\r\n<figure class=\"wp-block-image size-full is-style-default\"><img loading=\"lazy\" decoding=\"async\" width=\"1000\" height=\"721\" src=\"https:\/\/comparemyjet.com\/wp-content\/uploads\/2022\/07\/paper.planes.on_.blue_.background.jpg\" alt=\"Velocity Jets\" class=\"wp-image-3169\" srcset=\"https:\/\/comparemyjet.com\/wp-content\/uploads\/2022\/07\/paper.planes.on_.blue_.background-18x12.jpg 18w, https:\/\/comparemyjet.com\/wp-content\/uploads\/2022\/07\/paper.planes.on_.blue_.background-300x216.jpg 300w, https:\/\/comparemyjet.com\/wp-content\/uploads\/2022\/07\/paper.planes.on_.blue_.background-768x554.jpg 768w, https:\/\/comparemyjet.com\/wp-content\/uploads\/2022\/07\/paper.planes.on_.blue_.background.jpg 1000w\" sizes=\"auto, (max-width: 1000px) 100vw, 1000px\" \/><\/figure>\r\n\r\n\r\n\r\n<p>De fleste kunder, der er interesserede i at k\u00f8be et Jet Card fra Velocity Jets, g\u00f8r det gennem deres skr\u00e6ddersyede Jet Card-program, hvor det mest udbredte koster $250.000. De tilbyder jetkort til lavere minimumsbel\u00f8b end deres konkurrenter, fordi selskabets struktur er mere intim og boutique-agtig. Kort kan udstedes for s\u00e5 lidt som $100.000, og kunderne kan stadig nyde godt af det samme serviceniveau med en mindre \u00f8konomisk investering, if\u00f8lge Velocity Jets' medstifter og CEO Jessica Osterneck.<\/p>\r\n\r\n\r\n\r\n<p>Uanset hvilket jetkort medlemmerne beslutter at k\u00f8be, er prisen alt inklusive og bestemmes af jetst\u00f8rrelse\/-kategori og flyvetimer. Ved at k\u00f8be det dyrere jetkort f\u00e5r medlemmerne garanteret tilg\u00e6ngelighed p\u00e5 et st\u00f8rre jetfly og\/eller flere flyvetimer. En anden jetkortmulighed er et let jetfly og f\u00e6rre timer. Medlemmer kan ogs\u00e5 f\u00e5 jetkort-medlemskab til et tungt jetfly med f\u00e6rre timer og et let jetfly med flere timer.&nbsp;<\/p>\r\n\r\n\r\n\r\n<h2 class=\"wp-block-heading\"><span class=\"ez-toc-section\" id=\"On-Demand_Charter\"><\/span>Charter p\u00e5 bestilling<span class=\"ez-toc-section-end\"><\/span><\/h2>\r\n\r\n\r\n\r\n<p>Velocity Jets forenkler internationale rejser ved at hj\u00e6lpe deres kunder med alle de n\u00f8dvendige arrangementer, s\u00e5 de f\u00e5r en behagelig og stressfri flyrejse. Kunderne kan flyve hvor som helst p\u00e5 kloden og f\u00e5 f\u00f8rsteklasses og skr\u00e6ddersyet behandling. Nogle af tjenesterne omfatter transport til og fra lufthavnen, catering under flyvningen, adgang til over 100 fly i alle kategorier og meget mere.<\/p>\r\n\r\n\r\n\r\n<h2 class=\"wp-block-heading\"><span class=\"ez-toc-section\" id=\"Empty_Leg_Flights\"><\/span>Flyvninger med tomme ben<span class=\"ez-toc-section-end\"><\/span><\/h2>\r\n\r\n\r\n\r\n<p><a href=\"https:\/\/velocityjets.com\/velocity-jets-empty-leg-flights\" target=\"_blank\" rel=\"noopener\">Tomt ben<\/a> ture s\u00e6nker omkostningerne ved direkte flyrejser. Hver gang en ny flycharter er planlagt, skal flyet flyve tilbage til sin hjemmebase fra det sted, hvor det blev chartret. Dette er kendt som en flyvning med tomme ben.&nbsp;<\/p>\r\n\r\n\r\n\r\n<p>Flyselskaberne s\u00e6lger disse flyvninger til reducerede priser for at kompensere for omkostningerne ved ledige s\u00e6der. Det g\u00f8r de, fordi de ved, at det vil v\u00e6re sv\u00e6rt at fylde flyet efter en privatrejse p\u00e5 grund af den faste destination, rute, antal s\u00e6der og omplaceringstid. Hvis du gerne vil flyve p\u00e5 f\u00f8rste klasse i et privatfly uden at spr\u00e6nge banken, er dette et fantastisk alternativ.<\/p>\r\n\r\n\r\n\r\n<p>Der er normalt en reduktion p\u00e5 mellem 50-70% af den normale private charterpris, men den pr\u00e6cise m\u00e6ngde og pris varierer afh\u00e6ngigt af ruten og flyoperat\u00f8ren.&nbsp;<\/p>\r\n\r\n\r\n\r\n<p>Selvom der er mange fordele ved at bruge charterfly med ledige s\u00e6der, er der ogs\u00e5 visse faktorer, man skal tage h\u00f8jde for. Eventuelle tomme s\u00e6der p\u00e5 et <a href=\"https:\/\/comparemyjet.com\/da\/how-do-you-rent-or-charter-a-private-jet\/\" data-internallinksmanager029f6b8e52c=\"15\" title=\"Hvordan lejer eller chartrer man en privat jet?\">privat jet charter<\/a> er afh\u00e6ngige af flyets planlagte afgangs- og ankomsttider. Flytider og tidsplaner kan \u00e6ndres, da der kan opst\u00e5 en forsinkelse eller en \u00e6ndring af tidsplanen i sidste \u00f8jeblik. Derudover begr\u00e6nser destinationen for et charterfly og den type fly, der bruges til at foretage rejsen, typisk antallet af ruter, der kan bruges til en tom etape.<\/p>\r\n\r\n\r\n\r\n<h2 class=\"wp-block-heading\"><span class=\"ez-toc-section\" id=\"The_Fleet\"><\/span>Fl\u00e5den&nbsp;<span class=\"ez-toc-section-end\"><\/span><\/h2>\r\n\r\n\r\n\r\n<figure class=\"wp-block-image size-full is-style-default\"><img loading=\"lazy\" decoding=\"async\" width=\"1000\" height=\"667\" src=\"https:\/\/comparemyjet.com\/wp-content\/uploads\/2022\/09\/aircraft.take-off.on_.a.runway.jpg\" alt=\"\" class=\"wp-image-3229\" srcset=\"https:\/\/comparemyjet.com\/wp-content\/uploads\/2022\/09\/aircraft.take-off.on_.a.runway-18x12.jpg 18w, https:\/\/comparemyjet.com\/wp-content\/uploads\/2022\/09\/aircraft.take-off.on_.a.runway-300x200.jpg 300w, https:\/\/comparemyjet.com\/wp-content\/uploads\/2022\/09\/aircraft.take-off.on_.a.runway-768x512.jpg 768w, https:\/\/comparemyjet.com\/wp-content\/uploads\/2022\/09\/aircraft.take-off.on_.a.runway.jpg 1000w\" sizes=\"auto, (max-width: 1000px) 100vw, 1000px\" \/><\/figure>\r\n\r\n\r\n\r\n<p>Hos Velocity Jets og mange andre private jetflyselskaber kan kunderne selv v\u00e6lge deres jetfly. De private jetfly til r\u00e5dighed omfatter mange jetst\u00f8rrelser og modeller, som har opn\u00e5et de h\u00f8jest mulige ratings fra <a href=\"https:\/\/www.argus.aero\/\" target=\"_blank\" rel=\"noopener\">Argus<\/a> og <a href=\"https:\/\/www.wyvernltd.com\/\" target=\"_blank\" rel=\"noopener\">Wyvern<\/a> og overholde strenge <a href=\"https:\/\/www.faa.gov\/\" target=\"_blank\" rel=\"noopener\">FAA<\/a> regler. Lad os se, hvad de er.<\/p>\r\n\r\n\r\n\r\n<h3 class=\"wp-block-heading\"><span class=\"ez-toc-section\" id=\"1_Light_Private_Jets\"><\/span>1. Lette private jetfly<span class=\"ez-toc-section-end\"><\/span><\/h3>\r\n\r\n\r\n\r\n<p>Light jets er i den mindre ende af spektret, n\u00e5r det g\u00e6lder privatfly, men er langt blandt de mest almindelige flytyper, som kunderne v\u00e6lger at chartre. Disse fly er gode til lokale ture og ture over kortere afstande.<\/p>\r\n\r\n\r\n\r\n<p>De fleste af disse fly har plads til mellem fem og otte personer. P\u00e5 grund af deres lille st\u00f8rrelse er der normalt ikke borde og toiletter, men der er modeller, der tilbyder begge muligheder. Der er heller ikke meget plads til, at en steward kan st\u00e5 eller bev\u00e6ge sig rundt.&nbsp;<\/p>\r\n\r\n\r\n\r\n<p>De er ikke desto mindre kendt for deres fredelige flyvninger og overkommelige priser.<\/p>\r\n\r\n\r\n\r\n<h4 class=\"wp-block-heading\"><span class=\"ez-toc-section\" id=\"Our_Recommendation_Learjet_31\"><\/span>Vores anbefaling: Learjet 31<span class=\"ez-toc-section-end\"><\/span><\/h4>\r\n\r\n\r\n\r\n<p>Den <a href=\"https:\/\/comparemyjet.com\/da\/learjet\/\" data-internallinksmanager029f6b8e52c=\"149\" title=\"Ultimativ guide til Learjet privatfly og flyvemaskiner\">Learjet<\/a> 31A har fremragende man\u00f8vredygtighed og ydeevne i luften. Piloter s\u00e6tter pris p\u00e5 det p\u00e5 grund af den hurtige acceleration og de hurtige reaktionsegenskaber, det besidder. Dette fly er velkendt for sin evne til at flyve problemfrit og pr\u00e6stere godt, selv n\u00e5r det opererer uden for det godkendte flyveomr\u00e5de.<\/p>\r\n\r\n\r\n\r\n<p>Kort sagt ofrer Learjet 31A intet med hensyn til hastighed, br\u00e6ndstofeffektivitet og generel ydeevne, hvilket er en fantastisk kombination.<\/p>\r\n\r\n\r\n\r\n<p>Specifikationer:<\/p>\r\n\r\n\r\n\r\n<ul class=\"wp-block-list\"><li>Passagerer: 6;<\/li><li>Kabinebredde: 4 fod 9 tommer;<\/li><li>Kabinel\u00e6ngde: 12 fod 9 tommer;<\/li><li>Kabineh\u00f8jde: 4 ft 3 in;<\/li><li>Ingen private toiletter;<\/li><li>Bagagekapacitet: 30 cu ft;<\/li><li>Krydstogtshastighed: 508 mph;<\/li><li>Flyver\u00e6kkevidde: 1460 nm.<\/li><\/ul>\r\n\r\n\r\n\r\n<p>Velocity Jets tilbyder <em>Citation CJ2\/CJ3\/CJ4, Citation V\/Ultra\/Bravo\/Encore, Hawker 400XP, BeechJet 400 og Learjet 31\/40XR <\/em>som en del af deres <a href=\"https:\/\/velocityjets.com\/aircraft\/light-jets\/available-light-jets\" target=\"_blank\" rel=\"noopener\">katalog over lette privatfly<\/a>.<\/p>\r\n\r\n\r\n\r\n<h3 class=\"wp-block-heading\"><span class=\"ez-toc-section\" id=\"2_Midsize_Private_Jets\"><\/span>2. Mellemstore private jetfly&nbsp;<span class=\"ez-toc-section-end\"><\/span><\/h3>\r\n\r\n\r\n\r\n<p>For passagerer, der \u00f8nsker en mere rummelig kabine og flere bekvemmeligheder, er et mellemstort jetfly en bedre mulighed. Nogle af de mest rummelige mellemstore fly har en sofa som en ekstra siddeplads, inklusive skriveborde og stole. Desuden har de fleste mellemstore jetfly et lukket badev\u00e6relse og tilstr\u00e6kkelig plads til, at passagererne kan st\u00e5 op.<\/p>\r\n\r\n\r\n\r\n<h4 class=\"wp-block-heading\"><span class=\"ez-toc-section\" id=\"Our_Recommendation_Cessna_680_Citation_Sovereign\"><\/span>Vores anbefaling: Cessna 680 Citation Sovereign<span class=\"ez-toc-section-end\"><\/span><\/h4>\r\n\r\n\r\n\r\n<p>Citationssuver\u00e6n af <a href=\"https:\/\/comparemyjet.com\/da\/cessna\/\" data-internallinksmanager029f6b8e52c=\"145\" title=\"Ultimativ guide til Cessnas private jetfly og flyvemaskiner\">Cessna<\/a> er bygget til at give en enest\u00e5ende ydeevne, mens den omslutter sine passagerer i luksus. Dette fly er ideelt til at rejse over l\u00e6ngere afstande s\u00e5vel som til og fra lufthavne, der har store h\u00f8jder eller sm\u00e5 landingsbaner. L\u00e6ngden p\u00e5 Sovereigns kabine overstiger 24 fod og har et fuldt udstyret forfriskningscenter, internet og underholdningsmuligheder.<\/p>\r\n\r\n\r\n\r\n<p>Specifikationer:<\/p>\r\n\r\n\r\n\r\n<ul class=\"wp-block-list\"><li>Passagerer: 9;<\/li><li>Kabinel\u00e6ngde: 24 fod 2 tommer;<\/li><li>Kabinebredde: 5 fod 6 tommer;<\/li><li>Kabineh\u00f8jde: 5 fod 7 tommer;<\/li><li>Privat toilet;<\/li><li>Bagagekapacitet: 100 kubikfod;<\/li><li>Krydstogtshastighed: 495 mph;<\/li><li>Flyver\u00e6kkevidde: 3200 nm.<\/li><\/ul>\r\n\r\n\r\n\r\n<p>Velocity Jets tilbyder <em>Hawker 800XP og 900XP, Learjet 45\/55\/60, Phenom 300, <a href=\"https:\/\/comparemyjet.com\/da\/gulfstream\/\" data-internallinksmanager029f6b8e52c=\"175\" title=\"Den ultimative guide til Gulfstream privatfly og -flyvemaskiner\">Gulfstream<\/a> G-100\/G-150, Citation Excel \/XLS, Citation III\/VI\/VII <\/em>som en del af deres <a href=\"https:\/\/velocityjets.com\/aircraft\/mid-jets\/available-mid-jets\" target=\"_blank\" rel=\"noopener\">katalog over mellemstore privatfly<\/a>.<\/p>\r\n\r\n\r\n\r\n<h3 class=\"wp-block-heading\"><span class=\"ez-toc-section\" id=\"_3_Super-Midsize\"><\/span>&nbsp;3. Super-mellemst\u00f8rrelse<span class=\"ez-toc-section-end\"><\/span><\/h3>\r\n\r\n\r\n\r\n<p>En super mid har tomotorede jetfly, der ligner dem, man finder i mellemstore fly, men den har en st\u00f8rre kabine og endnu flere bekvemmeligheder. Passagererne kan slappe af i de bl\u00f8de klubstole, sofaerne, det fulde k\u00f8kken og det lukkede toilet. Der er normalt service under flyvningen, et lukket toilet og mange underholdningsmuligheder. Dette g\u00f8r super-mellemstore fly til kyst til kyst-rejser.&nbsp;<\/p>\r\n\r\n\r\n\r\n<h4 class=\"wp-block-heading\"><span class=\"ez-toc-section\" id=\"Our_Recommendation_Gulfstream_G200\"><\/span>Vores anbefaling: Gulfstream G200<span class=\"ez-toc-section-end\"><\/span><\/h4>\r\n\r\n\r\n\r\n<p>Til prisen for et mellemstort kabinefly har Gulfstream G200 r\u00e6kkevidde og luksus som et stort kabinefly. Det kan rejse med en stabil hastighed p\u00e5 540 mph ved krydstogt, hvilket g\u00f8r det til et godt valg til hurtige, nonstop langrendsture. Gulfstream G200's store interi\u00f8r er en af dens mest sl\u00e5ende funktioner. Dens 63 tommer st\u00e5plads er mere end det dobbelte af noget andet fly i sin klasse, og det har ni rummelige s\u00e6der. Derudover tilbyder den den st\u00f8rste bagagem\u00e6ngde i sin kategori.<\/p>\r\n\r\n\r\n\r\n<p>Specifikationer:<\/p>\r\n\r\n\r\n\r\n<ul class=\"wp-block-list\"><li>Passagerer: 9;<\/li><li>Kabinel\u00e6ngde: 62 fod;<\/li><li>Kabineh\u00f8jde: 21 fod;<\/li><li>Kabinebredde: 62 fod;<\/li><li>Privat toilet;<\/li><li>Bagagekapacitet: 150 kubikfod;<\/li><li>Krydstogtshastighed: 540 mph;<\/li><li>Flyver\u00e6kkevidde: 3835 nm.<\/li><\/ul>\r\n\r\n\r\n\r\n<p>Velocity Jets tilbyder <em>Challenger 300\/350, Citation X, Citation Sovereign, Falcon 50, Gulfstream G-200\/G-280, Hawker 1000, Hawker 4000 <\/em>som en del af deres <a href=\"https:\/\/velocityjets.com\/aircraft\/super-mid-jets\/available-super-mid-jets\" target=\"_blank\" rel=\"noopener\">Katalog over super-mellemstore privatfly<\/a>.<\/p>\r\n\r\n\r\n\r\n<h3 class=\"wp-block-heading\"><span class=\"ez-toc-section\" id=\"4_Large_Private_Jets\"><\/span>4. Store private jetfly<span class=\"ez-toc-section-end\"><\/span><\/h3>\r\n\r\n\r\n\r\n<p>Der er en god grund til, at tunge fly ofte er kendt som luksusprivatfly. Det er fly med brede kroppe og rummelige kabiner, der giver passagererne masser af plads til at st\u00e5 op. I et af disse sofistikerede jetfly vil passagererne ikke p\u00e5 noget tidspunkt opleve en f\u00f8lelse af indesp\u00e6rring eller klaustrofobi.&nbsp;<\/p>\r\n\r\n\r\n\r\n<p>De fleste tunge jetfly har sovesenge, gourmetk\u00f8kkener, private toiletter og sofistikerede underholdningssystemer. Desuden kan passagerer, der \u00f8nsker et str\u00f8mlinet sted at arbejde, mens de er i luften, drage fordel af de s\u00e6dearrangementer og kontorindretninger, der findes p\u00e5 mange tunge fly.<\/p>\r\n\r\n\r\n\r\n<h4 class=\"wp-block-heading\"><span class=\"ez-toc-section\" id=\"Our_Recommendation_Global_Express_5000\"><\/span>Vores anbefaling: Global Express 5000<span class=\"ez-toc-section-end\"><\/span><\/h4>\r\n\r\n\r\n\r\n<p><a href=\"https:\/\/comparemyjet.com\/da\/bombardier\/\" data-internallinksmanager029f6b8e52c=\"159\" title=\"Den ultimative guide til Bombardiers private jetfly og fly\">Bombardier<\/a>'s Global 5000-fly er et af de bedste private jetfly i den tunge kategori. Dette fly leverer mere plads, avanceret teknologi og st\u00f8rre kapacitet. Disse fordele stammer fra flyets design, der prioriterer passagerkomfort og hastighed.&nbsp;<\/p>\r\n\r\n\r\n\r\n<p>Specifikationer:<\/p>\r\n\r\n\r\n\r\n<ul class=\"wp-block-list\"><li>Passagerer: 12;<\/li><li>Maks. marchhastighed: 521 mph;<\/li><li>Flyver\u00e6kkevidde: 7349 nm;<\/li><li>Fuld l\u00e6ngde: 48 fod 4 tommer;<\/li><li>Fuld bredde: 8 ft 2 in;<\/li><li>Fuld h\u00f8jde: 6 ft 3 in;<\/li><li>Privat toilet;<\/li><li>Bagagerum: 67 kubikfod.<\/li><\/ul>\r\n\r\n\r\n\r\n<p>Velocity Jets tilbyder <em>Falcon 7X<\/em>, <em>Falcon 900EX Falcon 2000LX, Challenger 605, Challenger 604, Global Express, Gulfstream 650, Gulfstream 550, Gulfstream V, Gulfstream 450, Gulfstream IVSP og Gulfstream IV <\/em>som en del af deres <a href=\"https:\/\/velocityjets.com\/aircraft\/heavy-jets\/available-heavy-jets\" target=\"_blank\" rel=\"noopener\">katalog over store privatfly<\/a>.<\/p>\r\n\r\n\r\n\r\n<h2 class=\"wp-block-heading\"><span class=\"ez-toc-section\" id=\"Conclusion\"><\/span>Konklusion<span class=\"ez-toc-section-end\"><\/span><\/h2>\r\n\r\n\r\n\r\n<figure class=\"wp-block-image size-full is-style-default\"><img loading=\"lazy\" decoding=\"async\" width=\"1000\" height=\"667\" src=\"https:\/\/comparemyjet.com\/wp-content\/uploads\/2022\/06\/woman.in_.blue_.dress_.enjoying.view_.from_.private.jet_.jpg\" alt=\"\" class=\"wp-image-2997\" srcset=\"https:\/\/comparemyjet.com\/wp-content\/uploads\/2022\/06\/woman.in_.blue_.dress_.enjoying.view_.from_.private.jet_-18x12.jpg 18w, https:\/\/comparemyjet.com\/wp-content\/uploads\/2022\/06\/woman.in_.blue_.dress_.enjoying.view_.from_.private.jet_-300x200.jpg 300w, https:\/\/comparemyjet.com\/wp-content\/uploads\/2022\/06\/woman.in_.blue_.dress_.enjoying.view_.from_.private.jet_-768x512.jpg 768w, https:\/\/comparemyjet.com\/wp-content\/uploads\/2022\/06\/woman.in_.blue_.dress_.enjoying.view_.from_.private.jet_.jpg 1000w\" sizes=\"auto, (max-width: 1000px) 100vw, 1000px\" \/><\/figure>\r\n\r\n\r\n\r\n<p>Da Velocity Jets hverken ejer eller driver fly, st\u00e5r det dem frit for at foresl\u00e5 de fly, der passer bedst til den enkelte kunde. Alle operat\u00f8rer, der bruges af Velocity Jets, er FAA Part 135-operat\u00f8rer if\u00f8lge Argus\/US og Wyvern, de to mest fremtr\u00e6dende tredjepartsorganisationer i landet, der kontrollerer flysikkerheden. Velocity Jets er f\u00f8rende i branchen p\u00e5 grund af sin forpligtelse til at give sine kunder sikre og kvalificerede fly og flybes\u00e6tninger til konkurrencedygtige priser.<\/p>","protected":false},"excerpt":{"rendered":"<p>Medlemskab af private jetfly, salg og administration af fly og international flycharter med fokus p\u00e5 envejsture er blot nogle af de tjenester, Velocity Jets tilbyder. Dette internationale flycharter-selskab garanterer f\u00f8rsteklasses assistance fra kyndige fagfolk i luftfartsbranchen, der vil im\u00f8dekomme alle specifikke krav. Lad os komme n\u00e6rmere ind p\u00e5 ...<\/p>","protected":false},"author":2,"featured_media":3597,"parent":0,"menu_order":0,"comment_status":"closed","ping_status":"closed","template":"","meta":{"_acf_changed":false,"_genesis_hide_title":false,"_genesis_hide_breadcrumbs":false,"_genesis_hide_singular_image":false,"_genesis_hide_footer_widgets":false,"_genesis_custom_body_class":"","_genesis_custom_post_class":"","_genesis_layout":"","footnotes":""},"class_list":{"1":"page","2":"type-page","6":"entry"},"acf":[],"_links":{"self":[{"href":"https:\/\/comparemyjet.com\/da\/wp-json\/wp\/v2\/pages\/3596","targetHints":{"allow":["GET"]}}],"collection":[{"href":"https:\/\/comparemyjet.com\/da\/wp-json\/wp\/v2\/pages"}],"about":[{"href":"https:\/\/comparemyjet.com\/da\/wp-json\/wp\/v2\/types\/page"}],"author":[{"embeddable":true,"href":"https:\/\/comparemyjet.com\/da\/wp-json\/wp\/v2\/users\/2"}],"replies":[{"embeddable":true,"href":"https:\/\/comparemyjet.com\/da\/wp-json\/wp\/v2\/comments?post=3596"}],"version-history":[{"count":2,"href":"https:\/\/comparemyjet.com\/da\/wp-json\/wp\/v2\/pages\/3596\/revisions"}],"predecessor-version":[{"id":3678,"href":"https:\/\/comparemyjet.com\/da\/wp-json\/wp\/v2\/pages\/3596\/revisions\/3678"}],"wp:featuredmedia":[{"embeddable":true,"href":"https:\/\/comparemyjet.com\/da\/wp-json\/wp\/v2\/media\/3597"}],"wp:attachment":[{"href":"https:\/\/comparemyjet.com\/da\/wp-json\/wp\/v2\/media?parent=3596"}],"curies":[{"name":"wp","href":"https:\/\/api.w.org\/{rel}","templated":true}]}}