{"id":3599,"date":"2022-10-22T21:32:51","date_gmt":"2022-10-22T21:32:51","guid":{"rendered":"https:\/\/comparemyjet.com\/?page_id=3599"},"modified":"2025-09-04T09:58:16","modified_gmt":"2025-09-04T09:58:16","slug":"costco-private-jet","status":"publish","type":"page","link":"https:\/\/comparemyjet.com\/da\/costco-private-jet\/","title":{"rendered":"Priser p\u00e5 private jetfly fra Costco"},"content":{"rendered":"<p>Den amerikanske multinationale <a href=\"https:\/\/www.costco.com\/\" target=\"_blank\" rel=\"noopener\">Costco Wholesale Corporation<\/a> driver en eksklusiv detailklub for sine medlemmer. Men Costco er mere end billige papirh\u00e5ndkl\u00e6der, h\u00f8rfr\u00f8olie og mozzarella.&nbsp;<\/p>\r\n\r\n\r\n\r\n<p>I 2020 begyndte grossisten at tilbyde \u00e5rlige medlemstilbud til private jetprogrammer som en del af deres partnerskab med <a href=\"https:\/\/comparemyjet.com\/da\/wheels-up\/\" data-internallinksmanager029f6b8e52c=\"73\" title=\"Priser for Wheels Up-medlemskab\">Hjulene op<\/a>.&nbsp;<\/p>\r\n\r\n\r\n\r\n<p>I denne artikel unders\u00f8ger vi, hvordan dette partnerskab fungerer, og hvordan du kan k\u00f8be en privat jetflyvning fra Costco. Vi er bare n\u00f8dt til at n\u00e6vne, at der ikke er nogen ny information om det, s\u00e5 partnerskabet ser nu ud til at v\u00e6re forbi eller p\u00e5 hold. N\u00e5r det er sagt, ved man aldrig, hvorn\u00e5r et popul\u00e6rt produkt kommer tilbage p\u00e5 hylderne, s\u00e5 lad os unders\u00f8ge det n\u00e6rmere.<\/p>\r\n\r\n\r\n\r\n<div id=\"ez-toc-container\" class=\"ez-toc-v2_0_76 counter-hierarchy ez-toc-counter ez-toc-grey ez-toc-container-direction\">\n<p class=\"ez-toc-title\" style=\"cursor:inherit\">Emner<\/p>\n<label for=\"ez-toc-cssicon-toggle-item-69ecd0e722a0c\" class=\"ez-toc-cssicon-toggle-label\"><span class=\"\"><span class=\"eztoc-hide\" style=\"display:none;\">Toggle<\/span><span class=\"ez-toc-icon-toggle-span\"><svg style=\"fill: #999;color:#999\" xmlns=\"http:\/\/www.w3.org\/2000\/svg\" class=\"list-377408\" width=\"20px\" height=\"20px\" viewbox=\"0 0 24 24\" fill=\"none\"><path d=\"M6 6H4v2h2V6zm14 0H8v2h12V6zM4 11h2v2H4v-2zm16 0H8v2h12v-2zM4 16h2v2H4v-2zm16 0H8v2h12v-2z\" fill=\"currentColor\"><\/path><\/svg><svg style=\"fill: #999;color:#999\" class=\"arrow-unsorted-368013\" xmlns=\"http:\/\/www.w3.org\/2000\/svg\" width=\"10px\" height=\"10px\" viewbox=\"0 0 24 24\" version=\"1.2\" baseprofile=\"tiny\"><path d=\"M18.2 9.3l-6.2-6.3-6.2 6.3c-.2.2-.3.4-.3.7s.1.5.3.7c.2.2.4.3.7.3h11c.3 0 .5-.1.7-.3.2-.2.3-.5.3-.7s-.1-.5-.3-.7zM5.8 14.7l6.2 6.3 6.2-6.3c.2-.2.3-.5.3-.7s-.1-.5-.3-.7c-.2-.2-.4-.3-.7-.3h-11c-.3 0-.5.1-.7.3-.2.2-.3.5-.3.7s.1.5.3.7z\"\/><\/svg><\/span><\/span><\/label><input type=\"checkbox\"  id=\"ez-toc-cssicon-toggle-item-69ecd0e722a0c\" checked aria-label=\"Toggle\" \/><nav><ul class='ez-toc-list ez-toc-list-level-1' ><li class='ez-toc-page-1 ez-toc-heading-level-2'><a class=\"ez-toc-link ez-toc-heading-1\" href=\"https:\/\/comparemyjet.com\/da\/costco-private-jet\/#About_the_Company\" >Om virksomheden<\/a><\/li><li class='ez-toc-page-1 ez-toc-heading-level-2'><a class=\"ez-toc-link ez-toc-heading-2\" href=\"https:\/\/comparemyjet.com\/da\/costco-private-jet\/#Membership_Programs\" >Medlemskabsprogrammer<\/a><\/li><li class='ez-toc-page-1 ez-toc-heading-level-2'><a class=\"ez-toc-link ez-toc-heading-3\" href=\"https:\/\/comparemyjet.com\/da\/costco-private-jet\/#Pricing\" >Prisfasts\u00e6ttelse<\/a><\/li><li class='ez-toc-page-1 ez-toc-heading-level-2'><a class=\"ez-toc-link ez-toc-heading-4\" href=\"https:\/\/comparemyjet.com\/da\/costco-private-jet\/#The_Fleet\" >Fl\u00e5den&nbsp;<\/a><\/li><li class='ez-toc-page-1 ez-toc-heading-level-2'><a class=\"ez-toc-link ez-toc-heading-5\" href=\"https:\/\/comparemyjet.com\/da\/costco-private-jet\/#Company_Safety_Policy_and_Standards\" >Virksomhedens sikkerhedspolitik og -standarder<\/a><\/li><li class='ez-toc-page-1 ez-toc-heading-level-2'><a class=\"ez-toc-link ez-toc-heading-6\" href=\"https:\/\/comparemyjet.com\/da\/costco-private-jet\/#Conclusion\" >Konklusion<\/a><\/li><\/ul><\/nav><\/div>\n<h2 class=\"wp-block-heading\"><span class=\"ez-toc-section\" id=\"About_the_Company\"><\/span>Om virksomheden<span class=\"ez-toc-section-end\"><\/span><\/h2>\r\n\r\n\r\n\r\n<figure class=\"wp-block-image size-full is-style-default\"><img loading=\"lazy\" decoding=\"async\" width=\"1000\" height=\"667\" src=\"https:\/\/comparemyjet.com\/wp-content\/uploads\/2022\/10\/costco.wholesale.jpg\" alt=\"\" class=\"wp-image-3600\" srcset=\"https:\/\/comparemyjet.com\/wp-content\/uploads\/2022\/10\/costco.wholesale-18x12.jpg 18w, https:\/\/comparemyjet.com\/wp-content\/uploads\/2022\/10\/costco.wholesale-300x200.jpg 300w, https:\/\/comparemyjet.com\/wp-content\/uploads\/2022\/10\/costco.wholesale-768x512.jpg 768w, https:\/\/comparemyjet.com\/wp-content\/uploads\/2022\/10\/costco.wholesale.jpg 1000w\" sizes=\"auto, (max-width: 1000px) 100vw, 1000px\" \/><\/figure>\r\n\r\n\r\n\r\n<p>Hvis du aldrig har v\u00e6ret inde i en Costco f\u00f8r, s\u00e5 lad mig fort\u00e6lle dig det: Det er en detailgigant, hvor kunderne kan f\u00e5 et \u00e5rligt medlemskab mod et gebyr for at f\u00e5 adgang til enorme rabatter p\u00e5 alle mulige varer.&nbsp;<\/p>\r\n\r\n\r\n\r\n<p>Costco er ber\u00f8mt for sine enorme lagre, hvor man kan finde n\u00e6sten alt, hvad man har brug for. Den oprindelige butik, som debuterede i 1976 under navnet Price Club, var en genbrugt flyhangar i <a href=\"https:\/\/comparemyjet.com\/da\/private-tours\/san-diego-private-tours\/\" data-internallinksmanager029f6b8e52c=\"435\" title=\"De 11 bedste private ture i San Diego fra $64.50\">San Diego<\/a>. I dag har denne multinationale forhandler en markedsv\u00e6rdi p\u00e5 flere milliarder og er til stede i otte lande. Men hvordan kan de tilbyde privat charter?<\/p>\r\n\r\n\r\n\r\n<p>Det er der <a href=\"https:\/\/comparemyjet.com\/da\/wheels-up\/\">Hjulene op<\/a>, en velkendt udbyder af private jetfly, kommer ind i billedet. Wheels Up er en medlemsbaseret charterflyudbyder, der blev etableret i 2013. I 2014 havde organisationen over tusind betalende kunder og en fl\u00e5de af <a href=\"https:\/\/comparemyjet.com\/da\/cessna\/\" data-internallinksmanager029f6b8e52c=\"145\" title=\"Ultimativ guide til Cessnas private jetfly og flyvemaskiner\">Cessna<\/a> Citation-jetfly og King Air 105i turbopropfly. Nu tilbyder de lette til tunge private jetfly i en fl\u00e5de p\u00e5 ca. 1.500 fly.<\/p>\r\n\r\n\r\n\r\n<p>Wheels Up indgik et samarbejde med Costco i 2020 for at give Costco-medlemmer adgang til private jet-medlemskaber.<\/p>\r\n\r\n\r\n\r\n<h2 class=\"wp-block-heading\"><span class=\"ez-toc-section\" id=\"Membership_Programs\"><\/span>Medlemskabsprogrammer<span class=\"ez-toc-section-end\"><\/span><\/h2>\r\n\r\n\r\n\r\n<p>Mange mennesker begyndte at undg\u00e5 kommercielle flyvninger som f\u00f8lge af Covid-19-udbruddet, hvilket er grunden til, at private jet-medlemskaber, en luksus, der ofte er forbeholdt de rige, blev mere popul\u00e6re blandt flyrejsende.&nbsp;<\/p>\r\n\r\n\r\n\r\n<p>Costco Private Jet er et eksempel p\u00e5 denne tendens. Lad os se, om det er en god id\u00e9 at bruge grossistgiganten til at reservere et privatfly.&nbsp;<\/p>\r\n\r\n\r\n\r\n<p>Fordelene ved Costcos private jet-medlemskab omfatter en fast timepris, garanteret tilg\u00e6ngelighed og rabatter.<\/p>\r\n\r\n\r\n\r\n<p>Men det er ikke det v\u00e6rd, hvis du kun har planer om at bruge det til en eller to private jet-ture om \u00e5ret. Kun de, der flyver ofte, vil f\u00e5 noget ud af dette medlemskab.&nbsp;<\/p>\r\n\r\n\r\n\r\n<p>Jet-medlemskabsprogrammet omfatter et gratis et\u00e5rigt abonnement p\u00e5 den private flyservice Wheels Up. Ud over at v\u00e6re sikret landsd\u00e6kkende flytilg\u00e6ngelighed i op til 365 dage, f\u00e5r medlemmerne ogs\u00e5 et \u00e5rs abonnement p\u00e5 Inspirato, et firma, der har specialiseret sig i at tilbyde luksusferieophold.&nbsp;<\/p>\r\n\r\n\r\n\r\n<p>For at booke en flyrejse skal medlemmerne give mindst 24 timers varsel.<\/p>\r\n\r\n\r\n\r\n<h2 class=\"wp-block-heading\"><span class=\"ez-toc-section\" id=\"Pricing\"><\/span>Prisfasts\u00e6ttelse<span class=\"ez-toc-section-end\"><\/span><\/h2>\r\n\r\n\r\n\r\n<p>Det \u00e5rlige medlemsgebyr for programmet koster omkring $17.500. Medlemskabspakken inkluderer adgang til private events, $3.500 Costco shopping credit, $4.000 airfare credit og flere frynsegoder.<\/p>\r\n\r\n\r\n\r\n<p>Gebyret d\u00e6kker ikke omkostningerne ved de faktiske flyvninger og giver kun adgang til Wheels Up for at booke flyvninger. Medlemmer kan arrangere en charterflyvning gennem Wheels Up p\u00e5 et af selskabets 300 fly eller dets 1.250 partnerfly og betale for flyvningen, n\u00e5r den er blevet planlagt.<\/p>\r\n\r\n\r\n\r\n<h2 class=\"wp-block-heading\"><span class=\"ez-toc-section\" id=\"The_Fleet\"><\/span>Fl\u00e5den&nbsp;<span class=\"ez-toc-section-end\"><\/span><\/h2>\r\n\r\n\r\n\r\n<figure class=\"wp-block-image size-full is-style-default\"><img loading=\"lazy\" decoding=\"async\" width=\"1000\" height=\"750\" src=\"https:\/\/comparemyjet.com\/wp-content\/uploads\/2022\/10\/costco.wheelsup.jpg\" alt=\"Costco Privat Jet\" class=\"wp-image-3601\" srcset=\"https:\/\/comparemyjet.com\/wp-content\/uploads\/2022\/10\/costco.wheelsup-16x12.jpg 16w, https:\/\/comparemyjet.com\/wp-content\/uploads\/2022\/10\/costco.wheelsup-300x225.jpg 300w, https:\/\/comparemyjet.com\/wp-content\/uploads\/2022\/10\/costco.wheelsup-400x300.jpg 400w, https:\/\/comparemyjet.com\/wp-content\/uploads\/2022\/10\/costco.wheelsup-768x576.jpg 768w, https:\/\/comparemyjet.com\/wp-content\/uploads\/2022\/10\/costco.wheelsup-800x600.jpg 800w, https:\/\/comparemyjet.com\/wp-content\/uploads\/2022\/10\/costco.wheelsup.jpg 1000w\" sizes=\"auto, (max-width: 1000px) 100vw, 1000px\" \/><\/figure>\r\n\r\n\r\n\r\n<p>Wheels Up har sin egen flyfl\u00e5de og chartrer ogs\u00e5 private jetfly fra velrenommerede selskaber. Groft sagt, ejet eller leaset, administrerer Wheels Up omkring 1.500 jetfly.<\/p>\r\n\r\n\r\n\r\n<p>Virksomheden opretholder en politik om garanteret tilg\u00e6ngelighed med visse begr\u00e6nsede undtagelser afh\u00e6ngigt af det specifikke program.<\/p>\r\n\r\n\r\n\r\n<p>Turboprops, lette, mellemstore, supermellemstore og store fly er alle en del af Wheels Up's ejede eller administrerede fl\u00e5de. Du kan l\u00e6se flere detaljer i vores <a href=\"https:\/\/comparemyjet.com\/da\/wheels-up\/\">Anmeldelse af Wheels Up<\/a>.<\/p>\r\n\r\n\r\n\r\n<h2 class=\"wp-block-heading\"><span class=\"ez-toc-section\" id=\"Company_Safety_Policy_and_Standards\"><\/span>Virksomhedens sikkerhedspolitik og -standarder<span class=\"ez-toc-section-end\"><\/span><\/h2>\r\n\r\n\r\n\r\n<p>Wheels Up er et af de f\u00e5 private jetflyselskaber i branchen, der udf\u00f8rer evalueringer og revisioner p\u00e5 stedet af alle partneroperat\u00f8rer og fly som en del af kontrol- og kvalitetssikringsprocessen. Wheels Up certificerer kun 90 ud af 2.000 amerikanske operat\u00f8rer til at levere lufttransport til sine medlemmer og kunder.&nbsp;<\/p>\r\n\r\n\r\n\r\n<p>P\u00e5 grund af deres h\u00f8je standarder ans\u00e6tter de kun de mest kvalificerede medarbejdere, hvilket garanterer b\u00e5de kvalitet og sikkerhed. Piloterne hos Wheels Up er blandt de bedste i branchen, og de f\u00e5r intensiv tr\u00e6ning for at opretholde denne status.<\/p>\r\n\r\n\r\n\r\n<p>Alle Wheels Up's partnerfly flyves af de bedste selskaber i luftfartsbranchen, herunder <a href=\"https:\/\/comparemyjet.com\/da\/delta-private-jets\/\" data-internallinksmanager029f6b8e52c=\"184\" title=\"Priser for medlemskab af Delta Private Jets\">Delta Private Jets<\/a>Gama Aviation, Mountain Aviation, TMC Jets og deres tilknyttede selskaber.<\/p>\r\n\r\n\r\n\r\n<p>Desuden h\u00e6vder Wheels Up \"sikkerhed uden begr\u00e6nsninger\" for sine passagerer ved at foretage temperaturtjek to gange dagligt p\u00e5 bes\u00e6tningsmedlemmer, regelm\u00e6ssigt reng\u00f8re og desinficere mellem flyvningerne og ventilere flyets interi\u00f8r.<\/p>\r\n\r\n\r\n\r\n<h2 class=\"wp-block-heading\"><span class=\"ez-toc-section\" id=\"Conclusion\"><\/span>Konklusion<span class=\"ez-toc-section-end\"><\/span><\/h2>\r\n\r\n\r\n\r\n<figure class=\"wp-block-image size-full is-style-default\"><img loading=\"lazy\" decoding=\"async\" width=\"1000\" height=\"668\" src=\"https:\/\/comparemyjet.com\/wp-content\/uploads\/2022\/10\/membership.jpg\" alt=\"\" class=\"wp-image-3602\" srcset=\"https:\/\/comparemyjet.com\/wp-content\/uploads\/2022\/10\/membership-18x12.jpg 18w, https:\/\/comparemyjet.com\/wp-content\/uploads\/2022\/10\/membership-300x200.jpg 300w, https:\/\/comparemyjet.com\/wp-content\/uploads\/2022\/10\/membership-768x513.jpg 768w, https:\/\/comparemyjet.com\/wp-content\/uploads\/2022\/10\/membership.jpg 1000w\" sizes=\"auto, (max-width: 1000px) 100vw, 1000px\" \/><\/figure>\r\n\r\n\r\n\r\n<p>Du kan tilmelde dig Costcos private jet-medlemskabsprogram for at drage fordel af Wheels Up's sikre flyreservationsservice. Dit medlemskab giver dig mulighed for at booke flyvninger til en fast pris pr. time. Det ser dog ud til, at samarbejdet er oph\u00f8rt. Ingen af websiderne giver nogen nyttige oplysninger.<\/p>\r\n\r\n\r\n\r\n<p>Giver det mening at tilmelde sig et privatfly-medlemskab hos Costco, hvis det bliver tilg\u00e6ngeligt igen?<\/p>\r\n\r\n\r\n\r\n<p>Svaret p\u00e5 dette sp\u00f8rgsm\u00e5l forbliver hos k\u00f8beren. Vi r\u00e5der private jetflyvere til at unders\u00f8ge deres muligheder og sammenligne selskaber, f\u00f8r de tr\u00e6ffer en endelig beslutning.<\/p>","protected":false},"excerpt":{"rendered":"<p>Den amerikanske multinationale virksomhed Costco Wholesale Corporation driver en eksklusiv detailklub for sine medlemmer. Men Costco er mere end billige papirh\u00e5ndkl\u00e6der, h\u00f8rfr\u00f8olie og mozzarella.  I 2020 begyndte grossisten at tilbyde \u00e5rlige medlemstilbud til private jetprogrammer som en del af deres partnerskab med Wheels Up.  I denne artikel unders\u00f8ger vi, hvordan dette ...<\/p>","protected":false},"author":2,"featured_media":0,"parent":0,"menu_order":0,"comment_status":"closed","ping_status":"closed","template":"","meta":{"_acf_changed":false,"_genesis_hide_title":false,"_genesis_hide_breadcrumbs":false,"_genesis_hide_singular_image":false,"_genesis_hide_footer_widgets":false,"_genesis_custom_body_class":"","_genesis_custom_post_class":"","_genesis_layout":"","footnotes":""},"class_list":{"1":"page","2":"type-page","5":"entry"},"acf":[],"_links":{"self":[{"href":"https:\/\/comparemyjet.com\/da\/wp-json\/wp\/v2\/pages\/3599","targetHints":{"allow":["GET"]}}],"collection":[{"href":"https:\/\/comparemyjet.com\/da\/wp-json\/wp\/v2\/pages"}],"about":[{"href":"https:\/\/comparemyjet.com\/da\/wp-json\/wp\/v2\/types\/page"}],"author":[{"embeddable":true,"href":"https:\/\/comparemyjet.com\/da\/wp-json\/wp\/v2\/users\/2"}],"replies":[{"embeddable":true,"href":"https:\/\/comparemyjet.com\/da\/wp-json\/wp\/v2\/comments?post=3599"}],"version-history":[{"count":3,"href":"https:\/\/comparemyjet.com\/da\/wp-json\/wp\/v2\/pages\/3599\/revisions"}],"predecessor-version":[{"id":3619,"href":"https:\/\/comparemyjet.com\/da\/wp-json\/wp\/v2\/pages\/3599\/revisions\/3619"}],"wp:attachment":[{"href":"https:\/\/comparemyjet.com\/da\/wp-json\/wp\/v2\/media?parent=3599"}],"curies":[{"name":"wp","href":"https:\/\/api.w.org\/{rel}","templated":true}]}}