{"id":3604,"date":"2022-10-22T21:32:48","date_gmt":"2022-10-22T21:32:48","guid":{"rendered":"https:\/\/comparemyjet.com\/?page_id=3604"},"modified":"2025-09-04T10:00:51","modified_gmt":"2025-09-04T10:00:51","slug":"silverhawk-aviation","status":"publish","type":"page","link":"https:\/\/comparemyjet.com\/da\/silverhawk-aviation\/","title":{"rendered":"Silverhawk Aviation Flypriser"},"content":{"rendered":"<p>Silverhawk Aviation er et privat charterselskab, der startede i 1991 som en charterservice med et enkelt fly fra Seward, Nebraska.&nbsp;<\/p>\r\n\r\n\r\n\r\n<p>Ud over traditionelle charterflyvninger tilbyder Silverhawk Aviation en bred vifte af tjenester, herunder flyveundervisning, vedligeholdelse af fly, installation af flyelektronik og linjetjenester. Lad os se n\u00e6rmere p\u00e5, hvordan virksomheden blev til, og hvad den tilbyder.<\/p>\r\n\r\n\r\n\r\n<div id=\"ez-toc-container\" class=\"ez-toc-v2_0_76 counter-hierarchy ez-toc-counter ez-toc-grey ez-toc-container-direction\">\n<p class=\"ez-toc-title\" style=\"cursor:inherit\">Emner<\/p>\n<label for=\"ez-toc-cssicon-toggle-item-69e749570812e\" class=\"ez-toc-cssicon-toggle-label\"><span class=\"\"><span class=\"eztoc-hide\" style=\"display:none;\">Toggle<\/span><span class=\"ez-toc-icon-toggle-span\"><svg style=\"fill: #999;color:#999\" xmlns=\"http:\/\/www.w3.org\/2000\/svg\" class=\"list-377408\" width=\"20px\" height=\"20px\" viewbox=\"0 0 24 24\" fill=\"none\"><path d=\"M6 6H4v2h2V6zm14 0H8v2h12V6zM4 11h2v2H4v-2zm16 0H8v2h12v-2zM4 16h2v2H4v-2zm16 0H8v2h12v-2z\" fill=\"currentColor\"><\/path><\/svg><svg style=\"fill: #999;color:#999\" class=\"arrow-unsorted-368013\" xmlns=\"http:\/\/www.w3.org\/2000\/svg\" width=\"10px\" height=\"10px\" viewbox=\"0 0 24 24\" version=\"1.2\" baseprofile=\"tiny\"><path d=\"M18.2 9.3l-6.2-6.3-6.2 6.3c-.2.2-.3.4-.3.7s.1.5.3.7c.2.2.4.3.7.3h11c.3 0 .5-.1.7-.3.2-.2.3-.5.3-.7s-.1-.5-.3-.7zM5.8 14.7l6.2 6.3 6.2-6.3c.2-.2.3-.5.3-.7s-.1-.5-.3-.7c-.2-.2-.4-.3-.7-.3h-11c-.3 0-.5.1-.7.3-.2.2-.3.5-.3.7s.1.5.3.7z\"\/><\/svg><\/span><\/span><\/label><input type=\"checkbox\"  id=\"ez-toc-cssicon-toggle-item-69e749570812e\" checked aria-label=\"Toggle\" \/><nav><ul class='ez-toc-list ez-toc-list-level-1' ><li class='ez-toc-page-1 ez-toc-heading-level-2'><a class=\"ez-toc-link ez-toc-heading-1\" href=\"https:\/\/comparemyjet.com\/da\/silverhawk-aviation\/#About_the_Company\" >Om virksomheden<\/a><\/li><li class='ez-toc-page-1 ez-toc-heading-level-2'><a class=\"ez-toc-link ez-toc-heading-2\" href=\"https:\/\/comparemyjet.com\/da\/silverhawk-aviation\/#Aircraft_Maintenance\" >Vedligeholdelse af fly&nbsp;<\/a><\/li><li class='ez-toc-page-1 ez-toc-heading-level-2'><a class=\"ez-toc-link ez-toc-heading-3\" href=\"https:\/\/comparemyjet.com\/da\/silverhawk-aviation\/#Aircraft_Management\" >Administration af fly&nbsp;<\/a><\/li><li class='ez-toc-page-1 ez-toc-heading-level-2'><a class=\"ez-toc-link ez-toc-heading-4\" href=\"https:\/\/comparemyjet.com\/da\/silverhawk-aviation\/#Company_Card_Program\" >Program for firmakort<\/a><\/li><li class='ez-toc-page-1 ez-toc-heading-level-2'><a class=\"ez-toc-link ez-toc-heading-5\" href=\"https:\/\/comparemyjet.com\/da\/silverhawk-aviation\/#On-Demand_Charter_and_Empty_Leg_Flights\" >On-demand charter og tomgangsflyvninger<\/a><\/li><li class='ez-toc-page-1 ez-toc-heading-level-2'><a class=\"ez-toc-link ez-toc-heading-6\" href=\"https:\/\/comparemyjet.com\/da\/silverhawk-aviation\/#The_Fleet\" >Fl\u00e5den&nbsp;<\/a><ul class='ez-toc-list-level-3' ><li class='ez-toc-heading-level-3'><a class=\"ez-toc-link ez-toc-heading-7\" href=\"https:\/\/comparemyjet.com\/da\/silverhawk-aviation\/#1_Turboprops\" >1. Turboprops<\/a><ul class='ez-toc-list-level-4' ><li class='ez-toc-heading-level-4'><a class=\"ez-toc-link ez-toc-heading-8\" href=\"https:\/\/comparemyjet.com\/da\/silverhawk-aviation\/#Our_Recommendation_King_Air_C90\" >Vores anbefaling: King Air C90<\/a><\/li><\/ul><\/li><li class='ez-toc-page-1 ez-toc-heading-level-3'><a class=\"ez-toc-link ez-toc-heading-9\" href=\"https:\/\/comparemyjet.com\/da\/silverhawk-aviation\/#2_Light_Private_Jets\" >2. Lette private jetfly<\/a><ul class='ez-toc-list-level-4' ><li class='ez-toc-heading-level-4'><a class=\"ez-toc-link ez-toc-heading-10\" href=\"https:\/\/comparemyjet.com\/da\/silverhawk-aviation\/#Our_Recommendation_Cessna_Citation_Encore\" >Vores anbefaling: Cessna Citation Encore<\/a><\/li><\/ul><\/li><li class='ez-toc-page-1 ez-toc-heading-level-3'><a class=\"ez-toc-link ez-toc-heading-11\" href=\"https:\/\/comparemyjet.com\/da\/silverhawk-aviation\/#3_Midsize_Private_Jets\" >3. Mellemstore private jetfly<\/a><ul class='ez-toc-list-level-4' ><li class='ez-toc-heading-level-4'><a class=\"ez-toc-link ez-toc-heading-12\" href=\"https:\/\/comparemyjet.com\/da\/silverhawk-aviation\/#Our_Recommendation_Cessna_Citation_Sovereign\" >Vores anbefaling: Cessna Citation Sovereign+<\/a><\/li><\/ul><\/li><\/ul><\/li><li class='ez-toc-page-1 ez-toc-heading-level-2'><a class=\"ez-toc-link ez-toc-heading-13\" href=\"https:\/\/comparemyjet.com\/da\/silverhawk-aviation\/#Company_Safety_Policy_and_Standards\" >Virksomhedens sikkerhedspolitik og -standarder<\/a><\/li><li class='ez-toc-page-1 ez-toc-heading-level-2'><a class=\"ez-toc-link ez-toc-heading-14\" href=\"https:\/\/comparemyjet.com\/da\/silverhawk-aviation\/#Partnerships\" >Partnerskaber<\/a><\/li><li class='ez-toc-page-1 ez-toc-heading-level-2'><a class=\"ez-toc-link ez-toc-heading-15\" href=\"https:\/\/comparemyjet.com\/da\/silverhawk-aviation\/#Conclusion\" >Konklusion<\/a><\/li><\/ul><\/nav><\/div>\n<h2 class=\"wp-block-heading\"><span class=\"ez-toc-section\" id=\"About_the_Company\"><\/span>Om virksomheden<span class=\"ez-toc-section-end\"><\/span><\/h2>\r\n\r\n\r\n\r\n<p>Grundlagt i 1990 som en <a href=\"https:\/\/comparemyjet.com\/da\/cessna\/\" data-internallinksmanager029f6b8e52c=\"145\" title=\"Ultimativ guide til Cessnas private jetfly og flyvemaskiner\">Cessna<\/a> 414 charterservice fra Seward, Nebraska, og Silverhawk Aviation har v\u00e6ret i drift lige siden. I l\u00f8bet af 1990'erne blev chartervirksomheden udvidet til at omfatte 15 fly og over 20 piloter, hvoraf den ene fl\u00f8j en fastvinget <a href=\"https:\/\/comparemyjet.com\/da\/how-much-medical-flights-medevac-air-ambulance-cost\/\" data-internallinksmanager029f6b8e52c=\"28\" title=\"Hvor meget koster medicinske flyvninger, Medevac og luftambulancetjenester?\">Luftambulance<\/a>.&nbsp;<\/p>\r\n\r\n\r\n\r\n<p>Virksomheden flyttede til Lincoln i 1995 og udvidede med succes sine tjenester til at tilbyde flyvedligeholdelsessupport og en <a href=\"https:\/\/comparemyjet.com\/da\/what-is-a-private-jet-fixed-base-operator-fbo\/\" data-internallinksmanager029f6b8e52c=\"19\" title=\"Hvad er en fastbaseoperat\u00f8r (FBO) for privatfly?\">FBO<\/a> der tilbyder en bred vifte af tjenester, herunder flybr\u00e6ndstof, vedligeholdelse og udlejning af fly, udstyrsh\u00e5ndtering og en pilotskole.<\/p>\r\n\r\n\r\n\r\n<p>Dan Hinnah, den nuv\u00e6rende general manager for Silverhawk Aviation, har v\u00e6ret interesseret i luftfart i mange \u00e5r. Efter at v\u00e6re g\u00e5et p\u00e5 pension fra en lederstilling i medicinalbranchen i 1990, tog han et job hos Silverhawk Aviation som charterpilot p\u00e5 deltid.<\/p>\r\n\r\n\r\n\r\n<p>I 2006 solgte Silverhawks ejer virksomheden til Hinnah og to af hans venner, John Gillum og Ken Hiegel, og de har drevet den lige siden.&nbsp;<\/p>\r\n\r\n\r\n\r\n<h2 class=\"wp-block-heading\"><span class=\"ez-toc-section\" id=\"Aircraft_Maintenance\"><\/span>Vedligeholdelse af fly&nbsp;<span class=\"ez-toc-section-end\"><\/span><\/h2>\r\n\r\n\r\n\r\n<figure class=\"wp-block-image size-full is-style-default\"><img loading=\"lazy\" decoding=\"async\" width=\"1000\" height=\"667\" src=\"https:\/\/comparemyjet.com\/wp-content\/uploads\/2022\/10\/maintainance.aircraft.jpg\" alt=\"\" class=\"wp-image-3607\" srcset=\"https:\/\/comparemyjet.com\/wp-content\/uploads\/2022\/10\/maintainance.aircraft-18x12.jpg 18w, https:\/\/comparemyjet.com\/wp-content\/uploads\/2022\/10\/maintainance.aircraft-300x200.jpg 300w, https:\/\/comparemyjet.com\/wp-content\/uploads\/2022\/10\/maintainance.aircraft-768x512.jpg 768w, https:\/\/comparemyjet.com\/wp-content\/uploads\/2022\/10\/maintainance.aircraft.jpg 1000w\" sizes=\"auto, (max-width: 1000px) 100vw, 1000px\" \/><\/figure>\r\n\r\n\r\n\r\n<p>Vedligeholdelse og flyelektronik optager 30.000 kvadratfod af Silverhawk Aviations 40.000 kvadratfod store faciliteter. Adskilt fra hovedbygningen er der en hangar p\u00e5 15.000 kvadratmeter til deres fly.&nbsp;<\/p>\r\n\r\n\r\n\r\n<p>Virksomheden er nu et servicev\u00e6rksted for Cessna, Cirrus, Mooney og Pratt &amp; Whitney Canada, og vedligeholdelsesafdelingen besk\u00e6ftiger 45 personer, hvoraf 10 er teknikere. Vedligeholdelsesteamet har stor ekspertise i at servicere King Airs lige fra Model 90 til Model 350 samt Citation-modellerne 500, 501, 550 og 525.&nbsp;<\/p>\r\n\r\n\r\n\r\n<p>Ud over at v\u00e6re leverand\u00f8r og installat\u00f8r af Garmin-, Honeywell-, Sandel- og Goodrich-instrumenter er Silverhawk ogs\u00e5 en Garmin-, Honeywell- og S-Tec-godkendt forhandler.<\/p>\r\n\r\n\r\n\r\n<p>I 2008 indgik Silverhawk et samarbejde med Hillaero Modification Center om at levere en r\u00e6kke indvendige og udvendige modifikationstjenester, herunder nye gulve, udvendig maling, aero med-konverteringer, skabe og isskjoldst\u00f8vler.&nbsp;<\/p>\r\n\r\n\r\n\r\n<h2 class=\"wp-block-heading\"><span class=\"ez-toc-section\" id=\"Aircraft_Management\"><\/span>Administration af fly&nbsp;<span class=\"ez-toc-section-end\"><\/span><\/h2>\r\n\r\n\r\n\r\n<p>Silverhawk Aviation tilbyder <a href=\"https:\/\/comparemyjet.com\/da\/what-are-some-aircraft-management-companies\/\" data-internallinksmanager029f6b8e52c=\"21\" title=\"Serviceydelser og virksomheder inden for flyadministration\">Flyadministration<\/a> tjenester til flyejere, der ikke \u00f8nsker at besk\u00e6ftige sig med besv\u00e6ret og omkostningerne ved at vedligeholde et fly.&nbsp;<\/p>\r\n\r\n\r\n\r\n<p>Nogle af fordelene ved at bruge Silverhawk Aviations flystyringsl\u00f8sninger er:<\/p>\r\n\r\n\r\n\r\n<ul class=\"wp-block-list\"><li>M\u00e5nedlig opg\u00f8relse<\/li><li>Adgang til alle fly i fl\u00e5den<\/li><li>Guld sikkerhedsvurderinger fra b\u00e5de Wyvern og ARG\/US<\/li><li>Regional administration<\/li><li>Lokale medarbejdere<\/li><\/ul>\r\n\r\n\r\n\r\n<h2 class=\"wp-block-heading\"><span class=\"ez-toc-section\" id=\"Company_Card_Program\"><\/span>Program for firmakort<span class=\"ez-toc-section-end\"><\/span><\/h2>\r\n\r\n\r\n\r\n<p>K\u00f8b af Jet Card til nye kunder er nu sat p\u00e5 hold hos Silverhawk Aviation. Virksomheden s\u00e6tter salget af jetkort p\u00e5 hold med j\u00e6vne mellemrum for at undg\u00e5 at overbelaste bes\u00e6tninger og fly og for at kunne dedikere sig fuldt ud til deres eksisterende fraktions- og jetkortkunder.<\/p>\r\n\r\n\r\n\r\n<p>If\u00f8lge firmaets hjemmeside har de syv fly, der venter p\u00e5 FAA-certificering, og de ans\u00e6tter 20 flere piloter i \u00e5r for at im\u00f8dekomme den stigende eftersp\u00f8rgsel p\u00e5 privat charter. P\u00e5 grund af denne udvidelse forventer de at have et lille antal Jet Cards til r\u00e5dighed i september 2022. Men v\u00e6r opm\u00e6rksom p\u00e5, at Silverhawk holder en k\u00f8 for dem, der vil have f\u00f8rsteret til Jet Cards, n\u00e5r de bliver tilg\u00e6ngelige.<\/p>\r\n\r\n\r\n\r\n<p>Ved at skrive sig p\u00e5 Silverhawk Aviations' venteliste kommer kunderne f\u00f8rst i k\u00f8en til at blive medlemmer og f\u00e5r mulighed for at l\u00e5se sig fast p\u00e5 de aktuelle Jet Card-priser. For at komme p\u00e5 ventelisten skal der betales et depositum p\u00e5 $2.500, som refunderes fuldt ud, hvis kunden ikke l\u00e6ngere har brug for\/\u00f8nsker at sikre sig en plads p\u00e5 ventelisten.<\/p>\r\n\r\n\r\n\r\n<h2 class=\"wp-block-heading\"><span class=\"ez-toc-section\" id=\"On-Demand_Charter_and_Empty_Leg_Flights\"><\/span>On-demand charter og tomgangsflyvninger<span class=\"ez-toc-section-end\"><\/span><\/h2>\r\n\r\n\r\n\r\n<p>Silverhawk Aviation tilbyder <a href=\"https:\/\/silverhawkaviation.com\/aircraft-charter\/\" target=\"_blank\" rel=\"noopener\">on-demand charterflyvninger<\/a> i Cessna Citation-jetfly og King Air-turbopropfly. Prisen for disse flyvninger er standard.<\/p>\r\n\r\n\r\n\r\n<p>N\u00e5r det er sagt, s\u00e5 koster det mere at booke en enkeltbillet med charterfly <a href=\"https:\/\/silverhawkaviation.com\/empty-leg-flights\/\" target=\"_blank\" rel=\"noopener\">Flyvning med tomme ben<\/a> - flyver jetflyet uden passagerer til n\u00e6ste stop. Silverhawk-kunder kan spare penge p\u00e5 flybilletten ved at benytte sig af flyvninger med tomme ben, og de har mulighed for at tilmelde sig notifikationer om deres foretrukne destination(er).<\/p>\r\n\r\n\r\n\r\n<h2 class=\"wp-block-heading\"><span class=\"ez-toc-section\" id=\"The_Fleet\"><\/span>Fl\u00e5den&nbsp;<span class=\"ez-toc-section-end\"><\/span><\/h2>\r\n\r\n\r\n\r\n<p>Fraktionsejere, jetkortholdere og charterkunder kan v\u00e6lge mellem en bred vifte af tjenester og faciliteter om bord p\u00e5 Silverhawk Aviations' fly.&nbsp;<\/p>\r\n\r\n\r\n\r\n<p>Lad os se n\u00e6rmere p\u00e5 virksomhedens flyfl\u00e5de.<\/p>\r\n\r\n\r\n\r\n<h3 class=\"wp-block-heading\"><span class=\"ez-toc-section\" id=\"1_Turboprops\"><\/span>1. Turboprops<span class=\"ez-toc-section-end\"><\/span><\/h3>\r\n\r\n\r\n\r\n<p>En- og tomotorede turbopropfly er afh\u00e6ngige af gasturbiner til at dreje deres propeller. Disse fly er mere budgetvenlige end private jetfly og ideelle til ture p\u00e5 op til 1.000 nm. Et typisk turbopropfly kan medbringe otte passagerer.<\/p>\r\n\r\n\r\n\r\n<h4 class=\"wp-block-heading\"><span class=\"ez-toc-section\" id=\"Our_Recommendation_King_Air_C90\"><\/span>Vores anbefaling: King Air C90<span class=\"ez-toc-section-end\"><\/span><\/h4>\r\n\r\n\r\n\r\n<p>King Air C90-flyet debuterede i 1971 og har et vingefang p\u00e5 omkring 50 fod og 3 tommer.<\/p>\r\n\r\n\r\n\r\n<p>Specifikationer og faciliteter:<\/p>\r\n\r\n\r\n\r\n<ul class=\"wp-block-list\"><li>S\u00e6der: 5;<\/li><li>Samlet l\u00e6ngde: 35 ft 5 in;&nbsp;<\/li><li>H\u00f8jde: 14 ft 7 in;&nbsp;<\/li><li>Kabinel\u00e6ngde: 12 fod 8 tommer;<\/li><li>Kabineh\u00f8jde: 4 fod 8 tommer;<\/li><li>Kabinebredde: 4 fod 8 tommer;<\/li><li>Flyver\u00e6kkevidde: 1.120 miles;<\/li><li>Krydstogtshastighed: 280 mph;<\/li><li>Forfriskningscenter med snacks og drikkevarer;<\/li><li>Toilet med forh\u00e6ng.<\/li><\/ul>\r\n\r\n\r\n\r\n<p><em>King Air 90<\/em> er det eneste turbopropfly i Silverhawk Aviation <a href=\"https:\/\/silverhawkaviation.com\/fleet\/\" target=\"_blank\" rel=\"noopener\">flykatalog<\/a>.<\/p>\r\n\r\n\r\n\r\n<h3 class=\"wp-block-heading\"><span class=\"ez-toc-section\" id=\"2_Light_Private_Jets\"><\/span>2. Lette private jetfly<span class=\"ez-toc-section-end\"><\/span><\/h3>\r\n\r\n\r\n\r\n<p>En typisk light jet har en r\u00e6kkevidde p\u00e5 mellem 1.500 og 2.500 s\u00f8mil. Disse fly kan transportere op til 7 passagerer og har tilbagel\u00e6nede s\u00e6der, en kompakt kabys og badev\u00e6relse med b\u00e6lte (toilets\u00e6de). Light jets kan nemt flyve til fjerntliggende \u00f8er eller bjergrige omr\u00e5der uden lufthavne.<\/p>\r\n\r\n\r\n\r\n<h4 class=\"wp-block-heading\"><span class=\"ez-toc-section\" id=\"Our_Recommendation_Cessna_Citation_Encore\"><\/span>Vores anbefaling: Cessna Citation Encore<span class=\"ez-toc-section-end\"><\/span><\/h4>\r\n\r\n\r\n\r\n<p>En anden af Cessnas fantastiske private jetfly, Citation Encore, er d\u00f8bt \"Encore\" af firmaets utroligt popul\u00e6re Citation Ultra. Encore er et meget tilpasningsdygtigt fly, der kan rejse over store afstande, lette og lande p\u00e5 relativt sm\u00e5 landingsbaner og transportere betydelig last. Dens fejlfri flyveegenskaber, komfortable interi\u00f8r og minimale driftsomkostninger g\u00f8r den til en popul\u00e6r mulighed.<\/p>\r\n\r\n\r\n\r\n<p>Specifikationer og faciliteter:<\/p>\r\n\r\n\r\n\r\n<ul class=\"wp-block-list\"><li>Pladser: 9;<\/li><li>Udvendig h\u00f8jde: 15 ft;<\/li><li>Samlet l\u00e6ngde: 48 fod 11 tommer;<\/li><li>Vingesp\u00e6nd: 52 fod 2 tommer;<\/li><li>Udvendig bagagerumsplads: 43 cu ft;<\/li><li>Indvendigt bagagerum: 28 cu ft;<\/li><li>Maksimal flyver\u00e6kkevidde: 1736 nm;<\/li><li>Maks. marchhastighed: 430 kts;<\/li><li>Ny specialmaling og interi\u00f8r;<\/li><li>Udstyret med Wi-Fi;<\/li><li>USB-opladningsporte og stikkontakter;<\/li><li>Lukket toilet;<\/li><li>L\u00e6ders\u00e6de;<\/li><li>Kabine med aircondition;<\/li><li>Bes\u00e6tning: 2.<\/li><\/ul>\r\n\r\n\r\n\r\n<p><em>Cessna Citation Ultra og Cessna Citation V er de eneste lette jetfly, der findes i Silverhawk Aviation. <\/em><a href=\"https:\/\/silverhawkaviation.com\/fleet\/\" target=\"_blank\" rel=\"noopener\"><em>flykatalog<\/em><\/a><em> udover vores anbefalede model Cessna Citation Encore.<\/em><\/p>\r\n\r\n\r\n\r\n<h3 class=\"wp-block-heading\"><span class=\"ez-toc-section\" id=\"3_Midsize_Private_Jets\"><\/span>3. Mellemstore private jetfly<span class=\"ez-toc-section-end\"><\/span><\/h3>\r\n\r\n\r\n\r\n<p>Et mellemstort jetfly har typisk en nonstop-flyvetid p\u00e5 fire til fem timer. Nogle mellemstore fly kan flyve over hele landet uden at tanke op, mens andre kan have brug for et pitstop. Der er normalt komfortable s\u00e6der til syv til ni passagerer med mulighed for rotation og tilbagel\u00e6ning.<\/p>\r\n\r\n\r\n\r\n<h4 class=\"wp-block-heading\"><span class=\"ez-toc-section\" id=\"Our_Recommendation_Cessna_Citation_Sovereign\"><\/span>Vores anbefaling: Cessna Citation Sovereign+<span class=\"ez-toc-section-end\"><\/span><\/h4>\r\n\r\n\r\n\r\n<p>Den amerikanske producent Cessna skabte Citation Sovereign (ogs\u00e5 kendt som Cessna Model 680 Sovereign) som en mellemstor business jet. Citation Sovereign+ kommer med opgraderet flyelektronik og kan prale af forbedret stigeevne.&nbsp;<\/p>\r\n\r\n\r\n\r\n<p>Specifikationer og faciliteter:<\/p>\r\n\r\n\r\n\r\n<ul class=\"wp-block-list\"><li>Pladser: 9;<\/li><li>Udvendig l\u00e6ngde: 63 fod 6 tommer;<\/li><li>Udvendig h\u00f8jde: 20 fod 4 tommer;<\/li><li>Vingefang: 72 fod 4 tommer;<\/li><li>Kabinebredde: 5 fod 6 tommer;<\/li><li>Kabineh\u00f8jde: 5 fod 8 tommer;<\/li><li>Kabinel\u00e6ngde: 25 fod 3 tommer;<\/li><li>Indvendig bagage: 35 kubikfod;<\/li><li>Ekstern bagage: 100 kubikfod;<\/li><li>Flyver\u00e6kkevidde: 3.000+ kilometer;<\/li><li>Maks. marchhastighed: 459 km\/t;<\/li><li>Udstyret med Wi-Fi;<\/li><li>Stand-up kabine;<\/li><li>Klub i mellemkabinen med borde;<\/li><li>Kabine med aircondition;<\/li><li>L\u00e6ders\u00e6der;<\/li><li>Fuldt udstyret kabys og bar;<\/li><li>Lukket toilet;<\/li><li>Bes\u00e6tning: 2.<\/li><\/ul>\r\n\r\n\r\n\r\n<p><em>Cessna Citation Excel <\/em>er det eneste mellemstore jetfly, der f\u00e5s i Silverhawk Aviation <a href=\"https:\/\/silverhawkaviation.com\/fleet\/\" target=\"_blank\" rel=\"noopener\">flykatalog<\/a> ud over vores anbefalede model <em>Cessna Citation Sovereign+.<\/em><\/p>\r\n\r\n\r\n\r\n<h2 class=\"wp-block-heading\"><span class=\"ez-toc-section\" id=\"Company_Safety_Policy_and_Standards\"><\/span>Virksomhedens sikkerhedspolitik og -standarder<span class=\"ez-toc-section-end\"><\/span><\/h2>\r\n\r\n\r\n\r\n<figure class=\"wp-block-image size-full is-style-default\"><img loading=\"lazy\" decoding=\"async\" width=\"1000\" height=\"667\" src=\"https:\/\/comparemyjet.com\/wp-content\/uploads\/2022\/10\/Silverhawk.Aviation.safety.jpg\" alt=\"Silverhawk Aviation\" class=\"wp-image-3605\" srcset=\"https:\/\/comparemyjet.com\/wp-content\/uploads\/2022\/10\/Silverhawk.Aviation.safety-18x12.jpg 18w, https:\/\/comparemyjet.com\/wp-content\/uploads\/2022\/10\/Silverhawk.Aviation.safety-300x200.jpg 300w, https:\/\/comparemyjet.com\/wp-content\/uploads\/2022\/10\/Silverhawk.Aviation.safety-768x512.jpg 768w, https:\/\/comparemyjet.com\/wp-content\/uploads\/2022\/10\/Silverhawk.Aviation.safety.jpg 1000w\" sizes=\"auto, (max-width: 1000px) 100vw, 1000px\" \/><\/figure>\r\n\r\n\r\n\r\n<p>Silverhawk-kaptajnerne f\u00e5r \u00e5rlig tr\u00e6ning hos FlightSafety for hvert fly, de flyver, med ekstra tr\u00e6ning hver sjette m\u00e5ned. Hvad ang\u00e5r tr\u00e6ningsvirksomheder, har FlightSafety et fantastisk ry.&nbsp;<\/p>\r\n\r\n\r\n\r\n<p>Alle almindelige procedurer og n\u00f8dprocedurer gennemg\u00e5s grundigt i l\u00f8bet af de mange timers simulatortr\u00e6ning og testflyvning.&nbsp;<\/p>\r\n\r\n\r\n\r\n<p>Silverhawk er en del af Air Charter Safety Foundation, som hj\u00e6lper folk i charter- og fraktionsejerskabsbranchen ved at formidle de seneste sikkerhedsoplysninger, lette risikostyringsprogrammer og konsekvent advokere for forbedret statslig regulering.&nbsp;<\/p>\r\n\r\n\r\n\r\n<p>Desuden er Silverhawk et af de f\u00e5 charterselskaber, der er blevet anerkendt med en Gold Grading fra ARG\/US (Aviation Research Group \/ United States) ratingsystem.<\/p>\r\n\r\n\r\n\r\n<h2 class=\"wp-block-heading\"><span class=\"ez-toc-section\" id=\"Partnerships\"><\/span>Partnerskaber<span class=\"ez-toc-section-end\"><\/span><\/h2>\r\n\r\n\r\n\r\n<p>Silverhawk Aviation er medlem af Paragon Network, en eksklusiv gruppe af privatejede fixed-base-operat\u00f8rer (FBO'er), der betjener det globale luftfartssamfund. F\u00f8r en FBO kan blive en del af The Paragon Network, skal den f\u00f8rst best\u00e5 en grundig audit udf\u00f8rt af Paragon Aviation Group, som kontrollerer alle aspekter af anl\u00e6gget og de tjenester, der leveres. For at opretholde medlemskabet skal hver FBO overholde en r\u00e6kke grundl\u00e6ggende krav, der er fastlagt ved strategisk konsensus.&nbsp;<\/p>\r\n\r\n\r\n\r\n<h2 class=\"wp-block-heading\"><span class=\"ez-toc-section\" id=\"Conclusion\"><\/span>Konklusion<span class=\"ez-toc-section-end\"><\/span><\/h2>\r\n\r\n\r\n\r\n<p>I 1991 begyndte Silverhawk at operere i Seward, Nebraska, med et enkelt fly og en enkelt pilot. Nu leverer Silverhawk f\u00e6rdigblandet jetbr\u00e6ndstof fra Phillips 66 i Lincoln Municipal Airport (KLNK) og driver en blomstrende chartervirksomhed med en fl\u00e5de p\u00e5 14 turboprop- og lette fly. Desuden er Silverhawk Aviation et FAA-godkendt vedligeholdelsesanl\u00e6g til planlagt vedligeholdelse, reparationer og opgraderinger, hvilket g\u00f8r det til en one-stop-shop for alt, hvad der har med privat charter og ejerskab at g\u00f8re.<\/p>","protected":false},"excerpt":{"rendered":"<p>Silverhawk Aviation er et privat charterselskab, der startede i 1991 som en charterservice med et enkelt fly fra Seward, Nebraska.  Ud over traditionelle charterflyvninger tilbyder Silverhawk Aviation en bred vifte af tjenester, herunder flyveundervisning, vedligeholdelse af fly, installation af flyelektronik og linjetjenester. Lad os se, hvordan virksomheden blev til, og hvad de ...<\/p>","protected":false},"author":2,"featured_media":3606,"parent":0,"menu_order":0,"comment_status":"closed","ping_status":"closed","template":"","meta":{"_acf_changed":false,"_genesis_hide_title":false,"_genesis_hide_breadcrumbs":false,"_genesis_hide_singular_image":false,"_genesis_hide_footer_widgets":false,"_genesis_custom_body_class":"","_genesis_custom_post_class":"","_genesis_layout":"","footnotes":""},"class_list":{"1":"page","2":"type-page","6":"entry"},"acf":[],"_links":{"self":[{"href":"https:\/\/comparemyjet.com\/da\/wp-json\/wp\/v2\/pages\/3604","targetHints":{"allow":["GET"]}}],"collection":[{"href":"https:\/\/comparemyjet.com\/da\/wp-json\/wp\/v2\/pages"}],"about":[{"href":"https:\/\/comparemyjet.com\/da\/wp-json\/wp\/v2\/types\/page"}],"author":[{"embeddable":true,"href":"https:\/\/comparemyjet.com\/da\/wp-json\/wp\/v2\/users\/2"}],"replies":[{"embeddable":true,"href":"https:\/\/comparemyjet.com\/da\/wp-json\/wp\/v2\/comments?post=3604"}],"version-history":[{"count":2,"href":"https:\/\/comparemyjet.com\/da\/wp-json\/wp\/v2\/pages\/3604\/revisions"}],"predecessor-version":[{"id":3618,"href":"https:\/\/comparemyjet.com\/da\/wp-json\/wp\/v2\/pages\/3604\/revisions\/3618"}],"wp:featuredmedia":[{"embeddable":true,"href":"https:\/\/comparemyjet.com\/da\/wp-json\/wp\/v2\/media\/3606"}],"wp:attachment":[{"href":"https:\/\/comparemyjet.com\/da\/wp-json\/wp\/v2\/media?parent=3604"}],"curies":[{"name":"wp","href":"https:\/\/api.w.org\/{rel}","templated":true}]}}