{"id":3692,"date":"2022-11-19T02:19:47","date_gmt":"2022-11-19T02:19:47","guid":{"rendered":"https:\/\/comparemyjet.com\/?page_id=3692"},"modified":"2025-09-04T10:03:17","modified_gmt":"2025-09-04T10:03:17","slug":"learjet","status":"publish","type":"page","link":"https:\/\/comparemyjet.com\/da\/learjet\/","title":{"rendered":"Ultimativ guide til Learjet privatfly og flyvemaskiner"},"content":{"rendered":"<p>Den canadiske flyproducent Learjet blev grundlagt i 1962. Denne begivenhed anses af mange for at v\u00e6re en milep\u00e6l i privatflyvningens historie. Virksomheden var en af de f\u00f8rste til at skabe elegante og luksuri\u00f8se private jetfly, og selvom den har v\u00e6ret igennem flere ejerskifter, er den vokset til at blive et af de mest kendte navne i branchen.&nbsp;<\/p>\r\n\r\n\r\n\r\n<p>Efter hvad der s\u00e5 ud til at v\u00e6re en dominans inden for executive aviation-industrien, sluttede Learjet-familien af fly i 2021. Dens moderselskab, <a href=\"https:\/\/comparemyjet.com\/da\/bombardier\/\" data-internallinksmanager029f6b8e52c=\"159\" title=\"Den ultimative guide til Bombardiers private jetfly og fly\">Bombardier<\/a>besluttede at stoppe produktionen efter seks \u00e5rtier, hvor Learjet producerede mere end 3000 fly.<\/p>\r\n\r\n\r\n\r\n<div id=\"ez-toc-container\" class=\"ez-toc-v2_0_76 counter-hierarchy ez-toc-counter ez-toc-grey ez-toc-container-direction\">\n<p class=\"ez-toc-title\" style=\"cursor:inherit\">Emner<\/p>\n<label for=\"ez-toc-cssicon-toggle-item-69e3e6ac77a8f\" class=\"ez-toc-cssicon-toggle-label\"><span class=\"\"><span class=\"eztoc-hide\" style=\"display:none;\">Toggle<\/span><span class=\"ez-toc-icon-toggle-span\"><svg style=\"fill: #999;color:#999\" xmlns=\"http:\/\/www.w3.org\/2000\/svg\" class=\"list-377408\" width=\"20px\" height=\"20px\" viewbox=\"0 0 24 24\" fill=\"none\"><path d=\"M6 6H4v2h2V6zm14 0H8v2h12V6zM4 11h2v2H4v-2zm16 0H8v2h12v-2zM4 16h2v2H4v-2zm16 0H8v2h12v-2z\" fill=\"currentColor\"><\/path><\/svg><svg style=\"fill: #999;color:#999\" class=\"arrow-unsorted-368013\" xmlns=\"http:\/\/www.w3.org\/2000\/svg\" width=\"10px\" height=\"10px\" viewbox=\"0 0 24 24\" version=\"1.2\" baseprofile=\"tiny\"><path d=\"M18.2 9.3l-6.2-6.3-6.2 6.3c-.2.2-.3.4-.3.7s.1.5.3.7c.2.2.4.3.7.3h11c.3 0 .5-.1.7-.3.2-.2.3-.5.3-.7s-.1-.5-.3-.7zM5.8 14.7l6.2 6.3 6.2-6.3c.2-.2.3-.5.3-.7s-.1-.5-.3-.7c-.2-.2-.4-.3-.7-.3h-11c-.3 0-.5.1-.7.3-.2.2-.3.5-.3.7s.1.5.3.7z\"\/><\/svg><\/span><\/span><\/label><input type=\"checkbox\"  id=\"ez-toc-cssicon-toggle-item-69e3e6ac77a8f\" checked aria-label=\"Toggle\" \/><nav><ul class='ez-toc-list ez-toc-list-level-1' ><li class='ez-toc-page-1 ez-toc-heading-level-2'><a class=\"ez-toc-link ez-toc-heading-1\" href=\"https:\/\/comparemyjet.com\/da\/learjet\/#About_the_Company\" >Om virksomheden<\/a><\/li><li class='ez-toc-page-1 ez-toc-heading-level-2'><a class=\"ez-toc-link ez-toc-heading-2\" href=\"https:\/\/comparemyjet.com\/da\/learjet\/#Products_and_Services\" >Produkter og tjenester<\/a><\/li><li class='ez-toc-page-1 ez-toc-heading-level-2'><a class=\"ez-toc-link ez-toc-heading-3\" href=\"https:\/\/comparemyjet.com\/da\/learjet\/#Aircraft_Types\" >Flytyper<\/a><ul class='ez-toc-list-level-4' ><li class='ez-toc-heading-level-4'><ul class='ez-toc-list-level-4' ><li class='ez-toc-heading-level-4'><a class=\"ez-toc-link ez-toc-heading-4\" href=\"https:\/\/comparemyjet.com\/da\/learjet\/#The_Learjet_23\" >Learjet 23<\/a><\/li><li class='ez-toc-page-1 ez-toc-heading-level-4'><a class=\"ez-toc-link ez-toc-heading-5\" href=\"https:\/\/comparemyjet.com\/da\/learjet\/#The_Learjet_24\" >Learjet 24<\/a><\/li><li class='ez-toc-page-1 ez-toc-heading-level-4'><a class=\"ez-toc-link ez-toc-heading-6\" href=\"https:\/\/comparemyjet.com\/da\/learjet\/#The_Learjet_25\" >Learjet 25<\/a><\/li><li class='ez-toc-page-1 ez-toc-heading-level-4'><a class=\"ez-toc-link ez-toc-heading-7\" href=\"https:\/\/comparemyjet.com\/da\/learjet\/#The_Learjet_60\" >Learjet 60<\/a><\/li><li class='ez-toc-page-1 ez-toc-heading-level-4'><a class=\"ez-toc-link ez-toc-heading-8\" href=\"https:\/\/comparemyjet.com\/da\/learjet\/#The_Learjet_40\" >Learjet 40<\/a><\/li><li class='ez-toc-page-1 ez-toc-heading-level-4'><a class=\"ez-toc-link ez-toc-heading-9\" href=\"https:\/\/comparemyjet.com\/da\/learjet\/#The_Learjet_70_and_Learjet_75\" >Learjet 70 og Learjet 75<\/a><\/li><\/ul><\/li><li class='ez-toc-page-1 ez-toc-heading-level-3'><a class=\"ez-toc-link ez-toc-heading-10\" href=\"https:\/\/comparemyjet.com\/da\/learjet\/#Most_Famous_Aircraft_by_the_Company\" >Virksomhedens mest ber\u00f8mte fly&nbsp;<\/a><ul class='ez-toc-list-level-4' ><li class='ez-toc-heading-level-4'><a class=\"ez-toc-link ez-toc-heading-11\" href=\"https:\/\/comparemyjet.com\/da\/learjet\/#The_Learjet_75\" >Learjet 75<\/a><\/li><\/ul><\/li><li class='ez-toc-page-1 ez-toc-heading-level-3'><a class=\"ez-toc-link ez-toc-heading-12\" href=\"https:\/\/comparemyjet.com\/da\/learjet\/#End_of_an_Era\" >Slutningen p\u00e5 en \u00e6ra<\/a><\/li><\/ul><\/li><li class='ez-toc-page-1 ez-toc-heading-level-2'><a class=\"ez-toc-link ez-toc-heading-13\" href=\"https:\/\/comparemyjet.com\/da\/learjet\/#Safety\" >Sikkerhed<\/a><\/li><li class='ez-toc-page-1 ez-toc-heading-level-2'><a class=\"ez-toc-link ez-toc-heading-14\" href=\"https:\/\/comparemyjet.com\/da\/learjet\/#Innovations\" >Innovationer<\/a><\/li><li class='ez-toc-page-1 ez-toc-heading-level-2'><a class=\"ez-toc-link ez-toc-heading-15\" href=\"https:\/\/comparemyjet.com\/da\/learjet\/#Conclusion\" >Konklusion<\/a><\/li><\/ul><\/nav><\/div>\n<h2 class=\"wp-block-heading\"><span class=\"ez-toc-section\" id=\"About_the_Company\"><\/span>Om virksomheden<span class=\"ez-toc-section-end\"><\/span><\/h2>\r\n\r\n\r\n\r\n<p>I 1960 etablerede Bill Lear Swiss American Aircraft Corporation i Altenrhein i Schweiz. SAAC-23, senere kendt som Swiss P-16-flyet, var selskabets f\u00f8rste private jetfly. Selvom det aldrig blev taget i brug, f\u00f8rte dets udvikling til selskabets dannelse og fokus p\u00e5 privat jetflyvning.<\/p>\r\n\r\n\r\n\r\n<p>I 1962 flyttede Learjet de maskiner, der var n\u00f8dvendige for at bygge fly, fra Schweiz til Wichita, Kansas, hvor flere af konkurrenterne boede, bl.a. <a href=\"https:\/\/comparemyjet.com\/da\/cessna\/\" data-internallinksmanager029f6b8e52c=\"145\" title=\"Ultimativ guide til Cessnas private jetfly og flyvemaskiner\">Cessna<\/a> og den betydelige <a href=\"https:\/\/comparemyjet.com\/da\/boeing\/\" data-internallinksmanager029f6b8e52c=\"146\" title=\"Den ultimative guide til Boeings private jetfly og fly\">Boeing<\/a> fabrik. I 1963 byggede Learjet sit f\u00f8rste succesfulde jetfly, og \u00e5ret efter blev virksomheden omd\u00f8bt fra Swiss American Aircraft Corporation til Lear Jet Corporation.<\/p>\r\n\r\n\r\n\r\n<p>Den 14. oktober 1964 havde Lear modtaget 72 bekr\u00e6ftede ordrer p\u00e5 deres Learjet Model 23. P\u00e5 grund af dette skyndte en r\u00e6kke andre virksomheder sig at komme ind i branchen. Men det tog Cessna fem \u00e5r at udvikle sit f\u00f8rste jetfly, og det tog meget l\u00e6ngere tid for andre producenter, som f.eks. <a href=\"https:\/\/comparemyjet.com\/da\/dassault\/\" data-internallinksmanager029f6b8e52c=\"174\" title=\"Ultimativ guide til Dassault privatfly og -flyvemaskiner\">Dassault<\/a>til at p\u00e5virke markedet v\u00e6sentligt. Derfor fastholdt Lear sin position som den eksklusive leverand\u00f8r af business jets.<\/p>\r\n\r\n\r\n\r\n<p>I denne periode fortsatte Lear med at arbejde p\u00e5 en r\u00e6kke andre initiativer, hvoraf et var det 8-sporede lydb\u00e5ndssystem, som n\u00f8d en kort periode med popularitet. Dette system gjorde det muligt for lytterne at nyde et helt musikb\u00e5nd uden at skulle spole tilbage eller vende b\u00e5ndet under afspilningen. I 1965 brugte han denne innovation til at etablere et stereo-datterselskab af Learjet, som havde sit hovedkvarter i Detroit. I den sidste del af samme \u00e5r dannede han en flyelektronikafdeling i Grand Rapids. Lear Jet Industries var selskabets nye navn, da det skiftede navn i september 1966 for at afspejle dets voksende mangfoldighed.<\/p>\r\n\r\n\r\n\r\n<p>Laurent Beaudoin efterfulgte Lear som pr\u00e6sident for firmaet i 1969 og viste sig at v\u00e6re lige s\u00e5 genial og ambiti\u00f8s som sin forg\u00e6nger. Firmaet startede en ny \u00e6ra pr\u00e6get af Beaudoins lederskab. I 1966 gik firmaet p\u00e5 b\u00f8rsen og blev noteret p\u00e5 aktiemarkedet.<\/p>\r\n\r\n\r\n\r\n<p>Efter at Bill Lears 60% andel i virksomheden blev k\u00f8bt af Gates Rubber Company, blev Learjet til sidst en del af Gates Aviation Corporation i 1973 og blev kendt som Gates Learjet. De f\u00f8rste modeller, der blev konstrueret under dette m\u00e6rke, var Model 35 og Model 36.<\/p>\r\n\r\n\r\n\r\n<p>Da Bombardier opk\u00f8bte Learjet Corporation i 1990, resulterede det i endnu et ejerskifte. Efter den tid blev den serie af privatfly, som Bombardier byggede, kendt som Learjet-serien.&nbsp;<\/p>\r\n\r\n\r\n\r\n<h2 class=\"wp-block-heading\"><span class=\"ez-toc-section\" id=\"Products_and_Services\"><\/span>Produkter og tjenester<span class=\"ez-toc-section-end\"><\/span><\/h2>\r\n\r\n\r\n\r\n<p>Vi gennemg\u00e5r Learjets flymodeller og gennemg\u00e5r nogle af Learjets opfindelser, som virksomheden var mest kendt for.&nbsp;<\/p>\r\n\r\n\r\n\r\n<p>N\u00e5r det g\u00e6lder de tjenester, virksomheden tilbyder, yder Boeing stadig support og service til Learjet-ejere. N\u00e5r produktionslinjen p\u00e5 Learjet-fabrikken i Wichita er lukket ned, h\u00e6vder Bombardier, at de vil forts\u00e6tte med at yde support og vedligeholdelse til allerede eksisterende Learjets.<\/p>\r\n\r\n\r\n\r\n<h2 class=\"wp-block-heading\"><span class=\"ez-toc-section\" id=\"Aircraft_Types\"><\/span>Flytyper<span class=\"ez-toc-section-end\"><\/span><\/h2>\r\n\r\n\r\n\r\n<figure class=\"wp-block-image size-full is-style-default\"><img loading=\"lazy\" decoding=\"async\" width=\"1000\" height=\"664\" src=\"https:\/\/comparemyjet.com\/wp-content\/uploads\/2022\/11\/learjet.logo_.on_.a.plane_.jpg\" alt=\"Learjet\" class=\"wp-image-3694\" srcset=\"https:\/\/comparemyjet.com\/wp-content\/uploads\/2022\/11\/learjet.logo_.on_.a.plane_-18x12.jpg 18w, https:\/\/comparemyjet.com\/wp-content\/uploads\/2022\/11\/learjet.logo_.on_.a.plane_-300x199.jpg 300w, https:\/\/comparemyjet.com\/wp-content\/uploads\/2022\/11\/learjet.logo_.on_.a.plane_-768x510.jpg 768w, https:\/\/comparemyjet.com\/wp-content\/uploads\/2022\/11\/learjet.logo_.on_.a.plane_.jpg 1000w\" sizes=\"auto, (max-width: 1000px) 100vw, 1000px\" \/><\/figure>\r\n\r\n\r\n\r\n<p>Da firmaet f\u00f8rst blev etableret, blev det markedsf\u00f8rt som Lear Jet i stedet for det velkendte Learjet. I denne periode var virksomheden ansvarlig for at producere tre forskellige fly.&nbsp;<\/p>\r\n\r\n\r\n\r\n<p>Som et datterselskab af Bombardier, en virksomhed, der kontrollerer flere andre flyproducenter, har Learjet v\u00e6ret tvunget til at opgive sin tidligere selvst\u00e6ndige praksis og indf\u00f8re en ny organisationsstruktur. P\u00e5 trods af dette er Learjet den dominerende spiller p\u00e5 markedet for b\u00e5de sm\u00e5 og mellemstore forretningsjetfly, som sp\u00e6nder over mange jetst\u00f8rrelseskategorier.<\/p>\r\n\r\n\r\n\r\n<p>Lad os se p\u00e5 de forskellige Learjet-modeller, der er blevet fremstillet gennem \u00e5rene.<\/p>\r\n\r\n\r\n\r\n<ul class=\"wp-block-list\">\r\n<li>Learjet 23 - 1964 (101 bygget)<\/li>\r\n\r\n\r\n\r\n<li>Learjet 24 - 1966 (81 bygget)<\/li>\r\n\r\n\r\n\r\n<li>Learjet 24B - 1968 (49 bygget)<\/li>\r\n\r\n\r\n\r\n<li>Learjet 24D - 1970 (99 bygget)<\/li>\r\n\r\n\r\n\r\n<li>Learjet 24E - 1976 (16 bygget)<\/li>\r\n\r\n\r\n\r\n<li>Learjet 24F - 1976 (13 bygget)<\/li>\r\n\r\n\r\n\r\n<li>Learjet 25 - 1967 (78 bygget)<\/li>\r\n\r\n\r\n\r\n<li>Learjet 25B - 1970 (102 bygget)<\/li>\r\n\r\n\r\n\r\n<li>Learjet 25C - 1970 (25 bygget)<\/li>\r\n\r\n\r\n\r\n<li>Learjet 25D - 1976 (140 bygget)<\/li>\r\n\r\n\r\n\r\n<li>Learjet 25G - 1980 (23 bygget)<\/li>\r\n\r\n\r\n\r\n<li>Learjet 28 Longhorn - 1979 (9 bygget)<\/li>\r\n\r\n\r\n\r\n<li>Learjet 31 - 1990 (38 bygget)<\/li>\r\n\r\n\r\n\r\n<li>Learjet 31A - 1991 (208 bygget)<\/li>\r\n\r\n\r\n\r\n<li>Learjet 35 - 1974 (64 bygget)<\/li>\r\n\r\n\r\n\r\n<li>Learjet 35A - 1976 (612 bygget)<\/li>\r\n\r\n\r\n\r\n<li>Learjet 36 - 1974 (17 bygget)<\/li>\r\n\r\n\r\n\r\n<li>Learjet 36A - 1976 (46 bygget)<\/li>\r\n\r\n\r\n\r\n<li>Learjet 40 - 2003 (134 bygget)<\/li>\r\n\r\n\r\n\r\n<li>Learjet 45 - 1998 (454 bygget)<\/li>\r\n\r\n\r\n\r\n<li>Learjet 55 Longhorn - 1981 (126 bygget)<\/li>\r\n\r\n\r\n\r\n<li>Learjet 55B Longhorn - 1986 (8 bygget)<\/li>\r\n\r\n\r\n\r\n<li>Learjet 55C Longhorn - 1987 (14 bygget)<\/li>\r\n\r\n\r\n\r\n<li>Learjet 60 - 1993 (318 bygget)<\/li>\r\n\r\n\r\n\r\n<li>Learjet 60XR - 2007 (112 bygget)<\/li>\r\n\r\n\r\n\r\n<li>Learjet 70 - 2013 (13 bygget)<\/li>\r\n\r\n\r\n\r\n<li>Learjet 75 - 2012 (145 bygget)<\/li>\r\n<\/ul>\r\n\r\n\r\n\r\n<p>Den 28. marts 2022, <a href=\"https:\/\/comparemyjet.com\/da\/northern-jet-management\/\" data-internallinksmanager029f6b8e52c=\"95\" title=\"Northern Jet Management\">Northern Jet Management<\/a> i Grand Rapids, Michigan, modtog den sidste Learjet, der var blevet bestilt. I en erkl\u00e6ring p\u00e5 deres hjemmeside inkluderede Northern Jet Management et fotografi af deres personale samlet omkring Learjet 75, det 24. fly i Northern Jet Managements fl\u00e5de.<\/p>\r\n\r\n\r\n\r\n<ul class=\"wp-block-list\">\r\n<li>Learjet 85 - 2014 (der blev kun bygget \u00e9n, f\u00f8r projektet blev aflyst)<\/li>\r\n<\/ul>\r\n\r\n\r\n\r\n<p>Da firmaet blev etableret, blev det f\u00f8rst markedsf\u00f8rt som Lear Jet i stedet for det velkendte Learjet. I denne periode var virksomheden ansvarlig for produktionen af tre forskellige fly.&nbsp;<\/p>\r\n\r\n\r\n\r\n<h4 class=\"wp-block-heading\"><span class=\"ez-toc-section\" id=\"The_Learjet_23\"><\/span>Learjet 23<span class=\"ez-toc-section-end\"><\/span><\/h4>\r\n\r\n\r\n\r\n<p>Learjet 23 var det f\u00f8rste medlem af familien af business jets, der gik i luften i 1963. Det havde kapacitet til at transportere mellem fire og seks passagerer foruden to piloter. Den blev til p\u00e5 initiativ af den amerikanske forretningsmand Bill Lear og en gruppe ingeni\u00f8rer fra Schweiz, Tyskland og Storbritannien.&nbsp;<\/p>\r\n\r\n\r\n\r\n<h4 class=\"wp-block-heading\"><span class=\"ez-toc-section\" id=\"The_Learjet_24\"><\/span>Learjet 24<span class=\"ez-toc-section-end\"><\/span><\/h4>\r\n\r\n\r\n\r\n<p>En forbedret model kendt som Learjet 24 kom til verden i 1966. Den omfattede forbedrede motorer, tryks\u00e6tning i kabinen og et ekstra vindue.&nbsp;<\/p>\r\n\r\n\r\n\r\n<h4 class=\"wp-block-heading\"><span class=\"ez-toc-section\" id=\"The_Learjet_25\"><\/span>Learjet 25<span class=\"ez-toc-section-end\"><\/span><\/h4>\r\n\r\n\r\n\r\n<p>Learjet 25, et fly med en forl\u00e6nget flykrop, var den tredje og sidste model, der blev fremstillet under det oprindelige Lear Jet-navn i 1966. Dette fly var meget l\u00e6ngere end 23 og 24, s\u00e5 det havde plads til otte personer i stedet for de sidste to flys kapacitet p\u00e5 seks.&nbsp;<\/p>\r\n\r\n\r\n\r\n<p>Efterh\u00e5nden som virksomheden voksede, gjorde deres flykatalog det ogs\u00e5, herunder:<\/p>\r\n\r\n\r\n\r\n<ul class=\"wp-block-list\">\r\n<li>Model 35 og Model 36&nbsp;<\/li>\r\n\r\n\r\n\r\n<li>Learjet 28 og Learjet 29<\/li>\r\n\r\n\r\n\r\n<li>Learjet 55&nbsp;<\/li>\r\n\r\n\r\n\r\n<li>og Learjet 31<\/li>\r\n<\/ul>\r\n\r\n\r\n\r\n<h4 class=\"wp-block-heading\"><span class=\"ez-toc-section\" id=\"The_Learjet_60\"><\/span>Learjet 60<span class=\"ez-toc-section-end\"><\/span><\/h4>\r\n\r\n\r\n\r\n<p>Otte passagerer kan flyve i Learjet 60, det f\u00f8rste fly i Learjet-serien, der kom p\u00e5 vingerne i 1990, efter at Bombardier opk\u00f8bte Learjet. Dette jetfly blev hurtigt efterfulgt af <strong>Learjet 45 <\/strong>model, som havde plads til ni personer.<\/p>\r\n\r\n\r\n\r\n<h4 class=\"wp-block-heading\"><span class=\"ez-toc-section\" id=\"The_Learjet_40\"><\/span>Learjet 40<span class=\"ez-toc-section-end\"><\/span><\/h4>\r\n\r\n\r\n\r\n<p>Den allerf\u00f8rste flyvning med Learjet 40 i 2001 bragte Learjet ind i det 21. \u00e5rhundrede.&nbsp;<\/p>\r\n\r\n\r\n\r\n<h4 class=\"wp-block-heading\"><span class=\"ez-toc-section\" id=\"The_Learjet_70_and_Learjet_75\"><\/span>Learjet 70 og Learjet 75<span class=\"ez-toc-section-end\"><\/span><\/h4>\r\n\r\n\r\n\r\n<p>Efter at Learjet 85-projektet blev skrottet i 2015 p\u00e5 grund af manglende succes, producerede Learjet Learjet 70 og 75 - de sidste flymodeller fremstillet af virksomheden, hvilket satte en stopper for seriens fort\u00e6lling i 2022.<\/p>\r\n\r\n\r\n\r\n<h3 class=\"wp-block-heading\"><span class=\"ez-toc-section\" id=\"Most_Famous_Aircraft_by_the_Company\"><\/span>Virksomhedens mest ber\u00f8mte fly&nbsp;<span class=\"ez-toc-section-end\"><\/span><\/h3>\r\n\r\n\r\n\r\n<p>Da Learjet-flyet f\u00f8rst kom frem, var det et stort skridt fremad inden for innovation. Dets smarte lille flykabine gav passagererne en oplevelse som at k\u00f8re i en luksuri\u00f8s familiesedan. Men private jetflyvere fandt ud af, at st\u00f8rre jetfly var overlegne ved de fleste lejligheder p\u00e5 grund af den ekstra plads og de ekstra bekvemmeligheder.<\/p>\r\n\r\n\r\n\r\n<h4 class=\"wp-block-heading\"><span class=\"ez-toc-section\" id=\"The_Learjet_75\"><\/span>Learjet 75<span class=\"ez-toc-section-end\"><\/span><\/h4>\r\n\r\n\r\n\r\n<p>I 2012, under European Business Aviation Convention and Exhibition (<a href=\"https:\/\/ebace.aero\/2022\/\" target=\"_blank\" rel=\"noopener\">EBACE<\/a>) i <a href=\"https:\/\/comparemyjet.com\/da\/private-jet-charters-to-geneva\/\" data-internallinksmanager029f6b8e52c=\"156\" title=\"Charter med privatfly til Gen\u00e8ve\">Gen\u00e8ve<\/a>pr\u00e6senterede Bombardier Learjet 75 for offentligheden for f\u00f8rste gang.<\/p>\r\n\r\n\r\n\r\n<p>Learjet 75 er den nyeste model af forretningsfly, som Bombardier Aerospace har skabt. Den kan prale af innovative designelementer, s\u00e5som moderne interi\u00f8r, forbedret startydelse, h\u00f8j cruisehastighed, forbedret motorydelse og lavere driftsomkostninger.<\/p>\r\n\r\n\r\n\r\n<p>Learjet 75 er en forbedret version af Learjet 45XR-jetflyet, som allerede var kendt for sin fremragende ydeevne. Flyskrogets design er det samme, men de vippede winglets er identiske med dem p\u00e5 Global 7000- og 8000-flyene, hvilket f\u00f8rer til \u00f8get man\u00f8vredygtighed. Det indvendige af flyet er modelleret af kabinerne i Learjet 85-fly.&nbsp;<\/p>\r\n\r\n\r\n\r\n<p>Specifikationer:<\/p>\r\n\r\n\r\n\r\n<ul class=\"wp-block-list\">\r\n<li>Passagerer: 8;<\/li>\r\n\r\n\r\n\r\n<li>Udvendig h\u00f8jde: 14 ft;<\/li>\r\n\r\n\r\n\r\n<li>Vingesp\u00e6nd: 50 fod 11 tommer;<\/li>\r\n\r\n\r\n\r\n<li>Fuld l\u00e6ngde: 58 fod;<\/li>\r\n\r\n\r\n\r\n<li>Ekstern bagage: 50 kubikfod;<\/li>\r\n\r\n\r\n\r\n<li>Indvendig bagage: 15 kubikfod;<\/li>\r\n\r\n\r\n\r\n<li>Kabinebredde: 5 ft 1 in;<\/li>\r\n\r\n\r\n\r\n<li>Kabineh\u00f8jde: 4 fod 11 tommer;<\/li>\r\n\r\n\r\n\r\n<li>Kabinel\u00e6ngde: 19 fod 9 tommer;<\/li>\r\n\r\n\r\n\r\n<li>Maks. r\u00e6kkevidde: 2040 nm;<\/li>\r\n\r\n\r\n\r\n<li>Max hastighed: 465 kts;<\/li>\r\n\r\n\r\n\r\n<li>Bes\u00e6tning: 2;<\/li>\r\n\r\n\r\n\r\n<li>Motorer: 2.<\/li>\r\n<\/ul>\r\n\r\n\r\n\r\n<h3 class=\"wp-block-heading\"><span class=\"ez-toc-section\" id=\"End_of_an_Era\"><\/span>Slutningen p\u00e5 en \u00e6ra<span class=\"ez-toc-section-end\"><\/span><\/h3>\r\n\r\n\r\n\r\n<figure class=\"wp-block-image size-full is-style-default\"><img loading=\"lazy\" decoding=\"async\" width=\"1000\" height=\"667\" src=\"https:\/\/comparemyjet.com\/wp-content\/uploads\/2022\/11\/learjet.on_.runway.jpg\" alt=\"\" class=\"wp-image-3695\" srcset=\"https:\/\/comparemyjet.com\/wp-content\/uploads\/2022\/11\/learjet.on_.runway-18x12.jpg 18w, https:\/\/comparemyjet.com\/wp-content\/uploads\/2022\/11\/learjet.on_.runway-300x200.jpg 300w, https:\/\/comparemyjet.com\/wp-content\/uploads\/2022\/11\/learjet.on_.runway-768x512.jpg 768w, https:\/\/comparemyjet.com\/wp-content\/uploads\/2022\/11\/learjet.on_.runway.jpg 1000w\" sizes=\"auto, (max-width: 1000px) 100vw, 1000px\" \/><\/figure>\r\n\r\n\r\n\r\n<p>Learjet blev kritiseret for en r\u00e6kke ting, bl.a. cockpittets h\u00f8jde og bredde, som m\u00e5ske var i orden for direkt\u00f8rer og privatflyvere i 60'erne, men i nutidens verden er det bare ikke godt nok. Alligevel havde Bill Lear et velkendt comeback til kritikken, som l\u00f8d som f\u00f8lger: \"Man kan heller ikke st\u00e5 op i en Cadillac.\"<\/p>\r\n\r\n\r\n\r\n<p>Sammenlignet med den f\u00f8rste Learjet, som havde en r\u00e6kkevidde p\u00e5 mindre end 3.000 km, har den nyeste generation (som Global) en r\u00e6kkevidde p\u00e5 over 6.000 km og kan flyve non-stop i 12 timer med et kontor, et arbejdsomr\u00e5de eller et sovev\u00e6relse i luften.<\/p>\r\n\r\n\r\n\r\n<p>Derfor meddelte Lerjets ejer Bombardier i februar 2022, at man ville indstille den omfattende produktion af det legendariske fly og i stedet koncentrere sig om udviklingen af de mere rummelige Challenger- og Global-forretningsfly.<\/p>\r\n\r\n\r\n\r\n<h2 class=\"wp-block-heading\"><span class=\"ez-toc-section\" id=\"Safety\"><\/span>Sikkerhed<span class=\"ez-toc-section-end\"><\/span><\/h2>\r\n\r\n\r\n\r\n<p>I begyndelsen af 80'erne oplevede Learjet et problem med store h\u00f8jder. Dette problem fik fire Learjets til at styrte ned i USA efter at have haft mekaniske problemer i store h\u00f8jder og mistet kontrollen. Virksomheden har siden accepteret <a href=\"https:\/\/www.faa.gov\/\" target=\"_blank\" rel=\"noopener\">FAA<\/a> og den amerikanske regerings anbefalinger og foretaget alle de n\u00f8dvendige \u00e6ndringer og forbedringer af Learjet-flyene. Alle de nyeste modeller er bygget med disse krav i tankerne.&nbsp;<\/p>\r\n\r\n\r\n\r\n<h2 class=\"wp-block-heading\"><span class=\"ez-toc-section\" id=\"Innovations\"><\/span>Innovationer<span class=\"ez-toc-section-end\"><\/span><\/h2>\r\n\r\n\r\n\r\n<p>Learjet Inc, en pioner inden for luftfartsteknologi, er en af de mange arvtagere, som producenten og opfinderen William Powell Lear efterlod sig i det 20. \u00e5rhundrede. Selvom Lear er bedst kendt for sin dristige indsats for at bygge verdens f\u00f8rste personlige jetfly, havde han en historie med andre innovationer.&nbsp;<\/p>\r\n\r\n\r\n\r\n<p>William Powell Lear var allerede som 20-\u00e5rig en selvl\u00e6rt ekspert i radioteknik. Han \u00e5bnede en beskeden butik i Illinois og satte sig for at udvikle den mest avancerede radioteknologi til hjemmet. Det lykkedes ham at optimere radiospolerne og fjerne behovet for batterier, og han lavede ogs\u00e5 andre forbedringer. Hans firma begyndte at tjene penge, og hans indsats tiltrak sig hurtigt opm\u00e6rksomhed fra store producenter som Motorola og Majestic.<\/p>\r\n\r\n\r\n\r\n<p>Lear, der stadig var vild med at flyve, investerede i et lille fly, begyndte at uddanne sig til pilot og arbejdede p\u00e5 at udvikle en navigationsradio til fly. 1931 <a href=\"https:\/\/comparemyjet.com\/da\/hotels\/saw-hotels\/\" data-internallinksmanager029f6b8e52c=\"513\" title=\"De 11 bedste hoteller n\u00e6r Sabiha G\u00f6k\u00e7en International Airport\">sav<\/a> begyndelsen af hans salg, hvor han demonstrerede sin Lear Radioaire. Men i de vanskelige \u00f8konomiske tider under den store depression var det kun et lille antal piloter, der havde de \u00f8konomiske midler til at k\u00f8be en s\u00e5dan radio. Et endnu mindre antal piloter s\u00e5 behovet for en s\u00e5dan kommunikationsenhed.<\/p>\r\n\r\n\r\n\r\n<p>I 1934 gik Lear tilbage til sit v\u00e6rksted for at arbejde p\u00e5 endnu en opfindelse, og han begyndte at tegne tegningerne til \"Magic Brain\". Dette standardiserede elektroniske chassis kunne integreres i forskellige typer radioapparater. I l\u00f8bet af blot to uger var Lear i stand til at konstruere, vise og s\u00e6lge konceptet, hvilket resulterede i <a href=\"https:\/\/www.rca.com\/us_en\/#modal-lang\" target=\"_blank\" rel=\"noopener\">RCA<\/a> at tildele ham en kontrakt.<\/p>\r\n\r\n\r\n\r\n<p>Lear vendte derefter sit fokus tilbage p\u00e5 flynavigation og opfandt en radiotrianguleringsenhed kaldet Learscope Direction Finder. Disse fremskridt gav ham ikke kun respekt fra ber\u00f8mte flypionerer som Amelia Earhart, men de gav ham ogs\u00e5 en plads i flyvningens udviklingshistorie.&nbsp;<\/p>\r\n\r\n\r\n\r\n<p>Under Anden Verdenskrig fokuserede Lear sit firmas indsats p\u00e5 at udvikle elektromekanisk udstyr til jagerfly. Disse teknologier omfattede bl.a. cowl controllere og autopilotsystemer.&nbsp;<\/p>\r\n\r\n\r\n\r\n<p>Efter krigen blev Lear Incorporated f\u00f8rende inden for udvikling af flyveinstrumenter til al slags vejr.<\/p>\r\n\r\n\r\n\r\n<h2 class=\"wp-block-heading\"><span class=\"ez-toc-section\" id=\"Conclusion\"><\/span>Konklusion<span class=\"ez-toc-section-end\"><\/span><\/h2>\r\n\r\n\r\n\r\n<p>Der er ikke noget andet luftfartsselskab, der er helt som Learjet. Hvert eneste forretningsfly var slankt og kraftfuldt, en repr\u00e6sentation af fart og stil. P\u00e5 trods af at produktionen snart er slut, vil Learjet-m\u00e6rket ikke forsvinde. Disse fly vil fortsat blive brugt og f\u00e5 assistance fra Bombardier i mange \u00e5r fremover.<\/p>","protected":false},"excerpt":{"rendered":"<p>Den canadiske flyproducent Learjet blev grundlagt i 1962. Denne begivenhed anses af mange for at v\u00e6re en milep\u00e6l i privatflyvningens historie. Virksomheden var en af de f\u00f8rste til at skabe elegante og luksuri\u00f8se private jetfly, og selvom den har v\u00e6ret igennem flere ejerskifter, er den vokset ...<\/p>","protected":false},"author":2,"featured_media":3693,"parent":0,"menu_order":0,"comment_status":"closed","ping_status":"closed","template":"","meta":{"_acf_changed":false,"_genesis_hide_title":false,"_genesis_hide_breadcrumbs":false,"_genesis_hide_singular_image":false,"_genesis_hide_footer_widgets":false,"_genesis_custom_body_class":"","_genesis_custom_post_class":"","_genesis_layout":"","footnotes":""},"class_list":{"1":"page","2":"type-page","6":"entry"},"acf":[],"_links":{"self":[{"href":"https:\/\/comparemyjet.com\/da\/wp-json\/wp\/v2\/pages\/3692","targetHints":{"allow":["GET"]}}],"collection":[{"href":"https:\/\/comparemyjet.com\/da\/wp-json\/wp\/v2\/pages"}],"about":[{"href":"https:\/\/comparemyjet.com\/da\/wp-json\/wp\/v2\/types\/page"}],"author":[{"embeddable":true,"href":"https:\/\/comparemyjet.com\/da\/wp-json\/wp\/v2\/users\/2"}],"replies":[{"embeddable":true,"href":"https:\/\/comparemyjet.com\/da\/wp-json\/wp\/v2\/comments?post=3692"}],"version-history":[{"count":4,"href":"https:\/\/comparemyjet.com\/da\/wp-json\/wp\/v2\/pages\/3692\/revisions"}],"predecessor-version":[{"id":3770,"href":"https:\/\/comparemyjet.com\/da\/wp-json\/wp\/v2\/pages\/3692\/revisions\/3770"}],"wp:featuredmedia":[{"embeddable":true,"href":"https:\/\/comparemyjet.com\/da\/wp-json\/wp\/v2\/media\/3693"}],"wp:attachment":[{"href":"https:\/\/comparemyjet.com\/da\/wp-json\/wp\/v2\/media?parent=3692"}],"curies":[{"name":"wp","href":"https:\/\/api.w.org\/{rel}","templated":true}]}}