{"id":3697,"date":"2022-11-19T02:19:51","date_gmt":"2022-11-19T02:19:51","guid":{"rendered":"https:\/\/comparemyjet.com\/?page_id=3697"},"modified":"2025-09-04T10:03:16","modified_gmt":"2025-09-04T10:03:16","slug":"honda","status":"publish","type":"page","link":"https:\/\/comparemyjet.com\/da\/honda\/","title":{"rendered":"Ultimativ guide til Hondas privatfly og flyvemaskiner"},"content":{"rendered":"<p>Honda Aircraft Company er en flyproducent, der bruger den nyeste teknologi og innovation inden for luftfart til at producere deres velkendte HondaJet-fly. Det, der startede som et forskningsprojekt i 1997, er nu en veletableret jetproducent og et helejet datterselskab af Honda Motor.&nbsp;<\/p>\r\n\r\n\r\n\r\n<p>Virksomhedens hovedkvarter ligger i Piedmont Triad International Airport i Greensboro, North Carolina. Det var i denne lufthavn, at den f\u00f8rste HondaJet-prototype blev samlet, og hvor der blev udf\u00f8rt flyvetest.<\/p>\r\n\r\n\r\n\r\n<p>Lad os se, hvordan virksomheden blev til.<\/p>\r\n\r\n\r\n\r\n<div id=\"ez-toc-container\" class=\"ez-toc-v2_0_76 counter-hierarchy ez-toc-counter ez-toc-grey ez-toc-container-direction\">\n<p class=\"ez-toc-title\" style=\"cursor:inherit\">Emner<\/p>\n<label for=\"ez-toc-cssicon-toggle-item-69ee3e8f461af\" class=\"ez-toc-cssicon-toggle-label\"><span class=\"\"><span class=\"eztoc-hide\" style=\"display:none;\">Toggle<\/span><span class=\"ez-toc-icon-toggle-span\"><svg style=\"fill: #999;color:#999\" xmlns=\"http:\/\/www.w3.org\/2000\/svg\" class=\"list-377408\" width=\"20px\" height=\"20px\" viewbox=\"0 0 24 24\" fill=\"none\"><path d=\"M6 6H4v2h2V6zm14 0H8v2h12V6zM4 11h2v2H4v-2zm16 0H8v2h12v-2zM4 16h2v2H4v-2zm16 0H8v2h12v-2z\" fill=\"currentColor\"><\/path><\/svg><svg style=\"fill: #999;color:#999\" class=\"arrow-unsorted-368013\" xmlns=\"http:\/\/www.w3.org\/2000\/svg\" width=\"10px\" height=\"10px\" viewbox=\"0 0 24 24\" version=\"1.2\" baseprofile=\"tiny\"><path d=\"M18.2 9.3l-6.2-6.3-6.2 6.3c-.2.2-.3.4-.3.7s.1.5.3.7c.2.2.4.3.7.3h11c.3 0 .5-.1.7-.3.2-.2.3-.5.3-.7s-.1-.5-.3-.7zM5.8 14.7l6.2 6.3 6.2-6.3c.2-.2.3-.5.3-.7s-.1-.5-.3-.7c-.2-.2-.4-.3-.7-.3h-11c-.3 0-.5.1-.7.3-.2.2-.3.5-.3.7s.1.5.3.7z\"\/><\/svg><\/span><\/span><\/label><input type=\"checkbox\"  id=\"ez-toc-cssicon-toggle-item-69ee3e8f461af\" checked aria-label=\"Toggle\" \/><nav><ul class='ez-toc-list ez-toc-list-level-1' ><li class='ez-toc-page-1 ez-toc-heading-level-2'><a class=\"ez-toc-link ez-toc-heading-1\" href=\"https:\/\/comparemyjet.com\/da\/honda\/#About_the_Company\" >Om virksomheden<\/a><\/li><li class='ez-toc-page-1 ez-toc-heading-level-2'><a class=\"ez-toc-link ez-toc-heading-2\" href=\"https:\/\/comparemyjet.com\/da\/honda\/#Products_and_Services\" >Produkter og tjenester&nbsp;<\/a><\/li><li class='ez-toc-page-1 ez-toc-heading-level-2'><a class=\"ez-toc-link ez-toc-heading-3\" href=\"https:\/\/comparemyjet.com\/da\/honda\/#Aircraft_Types\" >Flytyper<\/a><ul class='ez-toc-list-level-3' ><li class='ez-toc-heading-level-3'><a class=\"ez-toc-link ez-toc-heading-4\" href=\"https:\/\/comparemyjet.com\/da\/honda\/#Business_Aircraft\" >Forretningsfly<\/a><ul class='ez-toc-list-level-4' ><li class='ez-toc-heading-level-4'><a class=\"ez-toc-link ez-toc-heading-5\" href=\"https:\/\/comparemyjet.com\/da\/honda\/#HondaJet_Classic\" >HondaJet Classic<\/a><\/li><li class='ez-toc-page-1 ez-toc-heading-level-4'><a class=\"ez-toc-link ez-toc-heading-6\" href=\"https:\/\/comparemyjet.com\/da\/honda\/#HondaJet_APMG\" >HondaJet APMG<\/a><\/li><li class='ez-toc-page-1 ez-toc-heading-level-4'><a class=\"ez-toc-link ez-toc-heading-7\" href=\"https:\/\/comparemyjet.com\/da\/honda\/#HondaJet_Elite_S\" >HondaJet Elite S<\/a><\/li><li class='ez-toc-page-1 ez-toc-heading-level-4'><a class=\"ez-toc-link ez-toc-heading-8\" href=\"https:\/\/comparemyjet.com\/da\/honda\/#Hondajet_2600_Concept\" >Hondajet 2600 Koncept<\/a><\/li><\/ul><\/li><li class='ez-toc-page-1 ez-toc-heading-level-3'><a class=\"ez-toc-link ez-toc-heading-9\" href=\"https:\/\/comparemyjet.com\/da\/honda\/#Most_Famous_Aircraft_by_the_Company\" >Virksomhedens mest ber\u00f8mte fly<\/a><\/li><\/ul><\/li><li class='ez-toc-page-1 ez-toc-heading-level-2'><a class=\"ez-toc-link ez-toc-heading-10\" href=\"https:\/\/comparemyjet.com\/da\/honda\/#Safety\" >Sikkerhed&nbsp;<\/a><\/li><li class='ez-toc-page-1 ez-toc-heading-level-2'><a class=\"ez-toc-link ez-toc-heading-11\" href=\"https:\/\/comparemyjet.com\/da\/honda\/#Sustainability\" >B\u00e6redygtighed&nbsp;<\/a><\/li><li class='ez-toc-page-1 ez-toc-heading-level-2'><a class=\"ez-toc-link ez-toc-heading-12\" href=\"https:\/\/comparemyjet.com\/da\/honda\/#Innovations\" >Innovationer<\/a><\/li><li class='ez-toc-page-1 ez-toc-heading-level-2'><a class=\"ez-toc-link ez-toc-heading-13\" href=\"https:\/\/comparemyjet.com\/da\/honda\/#Conclusion\" >Konklusion<\/a><\/li><\/ul><\/nav><\/div>\n<h2 class=\"wp-block-heading\"><span class=\"ez-toc-section\" id=\"About_the_Company\"><\/span>Om virksomheden<span class=\"ez-toc-section-end\"><\/span><\/h2>\r\n\r\n\r\n\r\n<figure class=\"wp-block-image size-full is-style-default\"><img loading=\"lazy\" decoding=\"async\" width=\"1000\" height=\"667\" src=\"https:\/\/comparemyjet.com\/wp-content\/uploads\/2022\/11\/honda.logo_.jpg\" alt=\"Honda\" class=\"wp-image-3700\" srcset=\"https:\/\/comparemyjet.com\/wp-content\/uploads\/2022\/11\/honda.logo_-18x12.jpg 18w, https:\/\/comparemyjet.com\/wp-content\/uploads\/2022\/11\/honda.logo_-300x200.jpg 300w, https:\/\/comparemyjet.com\/wp-content\/uploads\/2022\/11\/honda.logo_-768x512.jpg 768w, https:\/\/comparemyjet.com\/wp-content\/uploads\/2022\/11\/honda.logo_.jpg 1000w\" sizes=\"auto, (max-width: 1000px) 100vw, 1000px\" \/><\/figure>\r\n\r\n\r\n\r\n<p>Hideto Yamasaki, den nye pr\u00e6sident og CEO for Honda Aircraft, tiltr\u00e5dte stillingen den 1. april 2022, efter at Michimasa Fujino, den tidligere formand og pr\u00e6sident for Honda Aircraft, gik p\u00e5 pension den 31. marts.&nbsp;<\/p>\r\n\r\n\r\n\r\n<p>I begyndelsen af det, der senere skulle blive til Honda Aircraft, var den talentfulde rumfartsingeni\u00f8r Michimasa Fujino ansvarlig for forskningsprojektet, der begyndte i 1986 i USA og fokuserede p\u00e5 lette fly og jetmotorer og fortsatte i 1988 med konstruktionsdesignet. I 1993 begyndte flyvetestningen af MH-02, Michimasa Fujinos projekt - et f\u00f8rste jetfly udelukkende af komposit. Honda stoppede til sidst projektet i 1996 p\u00e5 grund af en \u00f8konomisk krise i Japan.<\/p>\r\n\r\n\r\n\r\n<p>1997 markerede begyndelsen p\u00e5 udviklingen af HondaJet. Den 3. december 2003 steg prototypen p\u00e5 HondaJet til vejrs for f\u00f8rste gang, drevet af to turbofanmotorer designet og fremstillet af Honda. Den 9. december 2015 udstedte FAA en certificering til HondaJet, efter at den havde v\u00e6ret under udvikling i mange \u00e5r og havde samarbejdet med GE Aviation om at skabe HF120-motoren.<\/p>\r\n\r\n\r\n\r\n<p>HondaJet fik sin f\u00f8rste offentlige optr\u00e6den p\u00e5 EAA AirVenture Oshkosh i 2005. \u00c5ret efter blev Honda Aircraft formelt oprettet med Fujino som virksomhedens administrerende direkt\u00f8r. Under National Business Aviation Association-konferencen i 2006 begyndte firmaet at tage imod ordrer og bookede hurtigt mere end hundrede leverancer. Dette var \u00e5ret, hvor virksomheden blev etableret som et fuldt ejet datterselskab af Honda Motor.<\/p>\r\n\r\n\r\n\r\n<p>Produktionen af HA-420 HondaJets begyndte i 2012 p\u00e5 den specialbyggede fabrik i Greensboro, North Carolina. Derefter, i 2013, modtog HF120 turbofan-kraftv\u00e6rket certificering fra FAA, og i 2014 fandt jomfruflyvningen af en produktionsversion sted. 2018 <a href=\"https:\/\/comparemyjet.com\/da\/hotels\/saw-hotels\/\" data-internallinksmanager029f6b8e52c=\"513\" title=\"De 11 bedste hoteller n\u00e6r Sabiha G\u00f6k\u00e7en International Airport\">sav<\/a> lanceringen af HondaJet Elite, en forbedret version af HA-420.<\/p>\r\n\r\n\r\n\r\n<p>I 2017 og 2018 var Elite det lette jetfly, som Honda leverede mest af p\u00e5 verdensplan.<\/p>\r\n\r\n\r\n\r\n<p>Siden da har jetflyet gennemg\u00e5et stadige forbedringer, som blandt andet har \u00f8get r\u00e6kkevidden. Desuden har Honda Aircraft \u00f8get produktionskapaciteten p\u00e5 sit anl\u00e6g i Greensboro, North Carolina, og virksomheden producerer i \u00f8jeblikket det meste af skroget og vingerne. HondaJet Elite S er den nyeste tilg\u00e6ngelige model.<\/p>\r\n\r\n\r\n\r\n<h2 class=\"wp-block-heading\"><span class=\"ez-toc-section\" id=\"Products_and_Services\"><\/span>Produkter og tjenester&nbsp;<span class=\"ez-toc-section-end\"><\/span><\/h2>\r\n\r\n\r\n\r\n<p>Honda Aircraft har for nylig bekr\u00e6ftet udvidelsen af HondaJets kundeservicesystem med fire nye afdelinger placeret i:&nbsp;<\/p>\r\n\r\n\r\n\r\n<ul class=\"wp-block-list\">\r\n<li>Selangor, Malaysia&nbsp;<\/li>\r\n\r\n\r\n\r\n<li>Bournemouth, Storbritannien&nbsp;<\/li>\r\n\r\n\r\n\r\n<li><a href=\"https:\/\/comparemyjet.com\/da\/private-tours\/portland-private-tours\/\" data-internallinksmanager029f6b8e52c=\"432\" title=\"De 11 bedste private ture i Portland fra $48.00\">Portland<\/a>, Oregon&nbsp;<\/li>\r\n\r\n\r\n\r\n<li>og <a href=\"https:\/\/comparemyjet.com\/da\/private-tours\/sacramento-private-tours\/\" data-internallinksmanager029f6b8e52c=\"434\" title=\"De 11 bedste private ture i Sacramento fra $7.99\">Sacramento<\/a>, Californien&nbsp;<\/li>\r\n<\/ul>\r\n\r\n\r\n\r\n<p>Det bringer det samlede antal lokationer i HondaJets kundeservicenetv\u00e6rk op p\u00e5 21 p\u00e5 verdensplan og 12 i Nordamerika. Virksomhedens f\u00f8rste kontor i Syd\u00f8stasien ligger i \u00f8jeblikket i Malaysia.&nbsp;<\/p>\r\n\r\n\r\n\r\n<h2 class=\"wp-block-heading\"><span class=\"ez-toc-section\" id=\"Aircraft_Types\"><\/span>Flytyper<span class=\"ez-toc-section-end\"><\/span><\/h2>\r\n\r\n\r\n\r\n<figure class=\"wp-block-image size-full is-style-default\"><img loading=\"lazy\" decoding=\"async\" width=\"1000\" height=\"714\" src=\"https:\/\/comparemyjet.com\/wp-content\/uploads\/2022\/11\/honda.jet_.jpg\" alt=\"\" class=\"wp-image-3699\" srcset=\"https:\/\/comparemyjet.com\/wp-content\/uploads\/2022\/11\/honda.jet_-18x12.jpg 18w, https:\/\/comparemyjet.com\/wp-content\/uploads\/2022\/11\/honda.jet_-300x214.jpg 300w, https:\/\/comparemyjet.com\/wp-content\/uploads\/2022\/11\/honda.jet_-768x548.jpg 768w, https:\/\/comparemyjet.com\/wp-content\/uploads\/2022\/11\/honda.jet_.jpg 1000w\" sizes=\"auto, (max-width: 1000px) 100vw, 1000px\" \/><\/figure>\r\n\r\n\r\n\r\n<h3 class=\"wp-block-heading\"><span class=\"ez-toc-section\" id=\"Business_Aircraft\"><\/span>Forretningsfly<span class=\"ez-toc-section-end\"><\/span><\/h3>\r\n\r\n\r\n\r\n<h4 class=\"wp-block-heading\"><span class=\"ez-toc-section\" id=\"HondaJet_Classic\"><\/span>HondaJet Classic<span class=\"ez-toc-section-end\"><\/span><\/h4>\r\n\r\n\r\n\r\n<p>Den f\u00f8rste HondaJet er et meget let jetfly, der er ansvarlig for flere nyskabelser i luftfartsindustrien.<\/p>\r\n\r\n\r\n\r\n<p>Motoroph\u00e6nget over vingen er resultatet af grundig forskning og udvikling fra Hondas side, som f\u00f8rte til design og validering. Denne banebrydende teknologi muligg\u00f8r kategorif\u00f8rende fremskridt, s\u00e5som en mere st\u00f8jsvag og rummelig kabine og forbedret br\u00e6ndstof\u00f8konomi.<\/p>\r\n\r\n\r\n\r\n<p>Denne innovative tekniske l\u00f8sning f\u00f8rer til en hurtig marchhastighed og forbedret effektivitet i benzinforbruget. HondaJets skrog er lavet af letv\u00e6gts kompositmateriale, i mods\u00e6tning til det aluminium, der bruges i konstruktionen af de fleste jetfly.&nbsp;<\/p>\r\n\r\n\r\n\r\n<p>Specifikationer:<\/p>\r\n\r\n\r\n\r\n<ul class=\"wp-block-list\">\r\n<li>Fuld l\u00e6ngde: 42 fod 6 tommer;<\/li>\r\n\r\n\r\n\r\n<li>Udvendig h\u00f8jde: 14 ft 9 in;<\/li>\r\n\r\n\r\n\r\n<li>Vingesp\u00e6nd: 39 fod 8 tommer;<\/li>\r\n\r\n\r\n\r\n<li>Kabineh\u00f8jde: 4 fod 8 tommer;<\/li>\r\n\r\n\r\n\r\n<li>Kabinel\u00e6ngde: 12 ft 1 in;<\/li>\r\n\r\n\r\n\r\n<li>Kabinebredde: 5 fod<\/li>\r\n\r\n\r\n\r\n<li>Flyver\u00e6kkevidde: 1.223 nm;<\/li>\r\n\r\n\r\n\r\n<li>Bagagerum: 66 kubikfod;<\/li>\r\n\r\n\r\n\r\n<li>Maksimal marchhastighed: 422 ktas.<\/li>\r\n<\/ul>\r\n\r\n\r\n\r\n<h4 class=\"wp-block-heading\"><span class=\"ez-toc-section\" id=\"HondaJet_APMG\"><\/span>HondaJet APMG<span class=\"ez-toc-section-end\"><\/span><\/h4>\r\n\r\n\r\n\r\n<p>Honda har et kompromisl\u00f8st fokus p\u00e5 effektivitet og en vedholdende indsats for at finde gennembrud via struktur, produktion og innovation. Det er en af grundene til, at virksomheden er s\u00e5 succesfuld. Det seneste resultat af denne bestr\u00e6belse er HondaJet APMG. P\u00e5 grund af sin kortere startbanel\u00e6ngde giver HondaJet APMG passagererne bedre adgang til lufthavnen i forskellige omgivelser.<\/p>\r\n\r\n\r\n\r\n<p>Specifikationer:<\/p>\r\n\r\n\r\n\r\n<ul class=\"wp-block-list\">\r\n<li>Passagerer: 6;<\/li>\r\n\r\n\r\n\r\n<li>Fuld l\u00e6ngde: 41 fod;<\/li>\r\n\r\n\r\n\r\n<li>Vingefang: 40 fod 1 in;<\/li>\r\n\r\n\r\n\r\n<li>Udvendig h\u00f8jde: 13 ft 1 in;<\/li>\r\n\r\n\r\n\r\n<li>Kabinel\u00e6ngde: 15 ft 1 in;<\/li>\r\n\r\n\r\n\r\n<li>Kabinebredde: 4 fod 11 tommer;<\/li>\r\n\r\n\r\n\r\n<li>Kabineh\u00f8jde: 4 fod 11 tommer;<\/li>\r\n\r\n\r\n\r\n<li>Maksimal marchhastighed: 485 miles;<\/li>\r\n\r\n\r\n\r\n<li>Flyver\u00e6kkevidde: 1.400 km;<\/li>\r\n\r\n\r\n\r\n<li>Bes\u00e6tning: 1-2.<\/li>\r\n<\/ul>\r\n\r\n\r\n\r\n<h4 class=\"wp-block-heading\"><span class=\"ez-toc-section\" id=\"HondaJet_Elite_S\"><\/span>HondaJet Elite S<span class=\"ez-toc-section-end\"><\/span><\/h4>\r\n\r\n\r\n\r\n<p>Elite S er medlem af light jet-kategorien og har en udvidet fragtr\u00e6kkevidde og forbedret teknologi, som styrker flyets driftskapacitet.&nbsp;<\/p>\r\n\r\n\r\n\r\n<p>HondaJet Elite S s\u00e6tter standarden for verdens mest teknologisk sofistikerede lette jetfly. Det overg\u00e5r alle andre fly i sin kategori med hensyn til ydeevne p\u00e5 grund af de banebrydende luftfartsinnovationer, der blev udviklet og pr\u00e6senteret af Honda Aircraft.<\/p>\r\n\r\n\r\n\r\n<p>Forbedringerne fra Honda Aircraft g\u00f8r det muligt for HondaJet Elite S at have den mest omfattende kabine i sin kategori, et privat toilet og et milj\u00f8, som passagererne kan styre via en smartphone.&nbsp;<\/p>\r\n\r\n\r\n\r\n<p>Specifikationer:<\/p>\r\n\r\n\r\n\r\n<ul class=\"wp-block-list\">\r\n<li>Passagerer: 8 til 10;<\/li>\r\n\r\n\r\n\r\n<li>Udvendig h\u00f8jde: 14 ft 11 in;<\/li>\r\n\r\n\r\n\r\n<li>Fuld l\u00e6ngde: 42 ft 7 in;<\/li>\r\n\r\n\r\n\r\n<li>Vingesp\u00e6nd: 39 fod 9 tommer;<\/li>\r\n\r\n\r\n\r\n<li>Kabinebredde: 5 ft 1 in;<\/li>\r\n\r\n\r\n\r\n<li>Kabineh\u00f8jde: 4 fod 11 tommer;<\/li>\r\n\r\n\r\n\r\n<li>Kabinel\u00e6ngde: 17 fod 10 tommer;<\/li>\r\n\r\n\r\n\r\n<li>Udvendig bagagerumsplads: 60 cu ft;<\/li>\r\n\r\n\r\n\r\n<li>Indvendigt bagagerum: 10 cu ft;<\/li>\r\n\r\n\r\n\r\n<li>Maksimal flyver\u00e6kkevidde: 1437 nm;<\/li>\r\n\r\n\r\n\r\n<li>Maks. marchhastighed: 422 km\/t;<\/li>\r\n\r\n\r\n\r\n<li>Bes\u00e6tning: 1.<\/li>\r\n<\/ul>\r\n\r\n\r\n\r\n<h4 class=\"wp-block-heading\"><span class=\"ez-toc-section\" id=\"Hondajet_2600_Concept\"><\/span>Hondajet 2600 Koncept<span class=\"ez-toc-section-end\"><\/span><\/h4>\r\n\r\n\r\n\r\n<p>Honda Aircraft Company kom op med <a href=\"https:\/\/www.hondajet.com\/en\/Products\/HondaJet-2600-Concept\" target=\"_blank\" rel=\"noopener\">HondaJet 2600-koncept<\/a> for at im\u00f8deg\u00e5 de udfordringer, der ligger forude for luftfartsindustrien. HondaJet 2600 kan foretage nonstop transkontinentale ture p\u00e5 tv\u00e6rs af USA takket v\u00e6re udviklingen af innovativ luftfartsteknologi. Ud over at tilbyde komfortabel indkvartering og en gener\u00f8s m\u00e6ngde opbevaringsplads til rejseudstyr, opn\u00e5r kabinen ogs\u00e5 et uovertruffent niveau af br\u00e6ndstof\u00f8konomi.<\/p>\r\n\r\n\r\n\r\n<p>Kabinens interi\u00f8r er modulopbygget og meget tilpasningsdygtigt, bygget til at im\u00f8dekomme forskellige kunders behov.&nbsp;<\/p>\r\n\r\n\r\n\r\n<p>Honda forts\u00e6tter med at innovere HondaJet 2600, der blev vist for f\u00f8rste gang p\u00e5 2021-messen. <a href=\"https:\/\/ebace.aero\/2022\/\" target=\"_blank\" rel=\"noopener\">Konference og udstilling for forretningsflyvning<\/a> arrangeret af <a href=\"https:\/\/nbaa.org\/\" target=\"_blank\" rel=\"noopener\">National forening for forretningsflyvning<\/a>. Designforbedringerne var med til at forenkle systemerne, hvilket resulterede i, at flyet blev lettere, mere p\u00e5lideligt og nemmere at vedligeholde i hele dets levetid.<\/p>\r\n\r\n\r\n\r\n<p>Specifikationer:<\/p>\r\n\r\n\r\n\r\n<ul class=\"wp-block-list\">\r\n<li>Passagerer: 9 til 10;<\/li>\r\n\r\n\r\n\r\n<li>Fuld l\u00e6ngde 57 ft 8 in;<\/li>\r\n\r\n\r\n\r\n<li>Vingefang 56 fod 7 tommer;<\/li>\r\n\r\n\r\n\r\n<li>Udvendig h\u00f8jde 15 ft 9 in;<\/li>\r\n\r\n\r\n\r\n<li>Kabinel\u00e6ngde 25 fod 4 tommer;<\/li>\r\n\r\n\r\n\r\n<li>Kabinebredde 5 fod;<\/li>\r\n\r\n\r\n\r\n<li>Kabineh\u00f8jde 5 fod 2 tommer;<\/li>\r\n\r\n\r\n\r\n<li>Maks. marchhastighed: 450 kts;<\/li>\r\n\r\n\r\n\r\n<li>Maksimal flyver\u00e6kkevidde: 2625 nm;<\/li>\r\n\r\n\r\n\r\n<li>Bagagerum: 120 kubikfod;<\/li>\r\n\r\n\r\n\r\n<li>Bes\u00e6tning: 1.<\/li>\r\n<\/ul>\r\n\r\n\r\n\r\n<h3 class=\"wp-block-heading\"><span class=\"ez-toc-section\" id=\"Most_Famous_Aircraft_by_the_Company\"><\/span>Virksomhedens mest ber\u00f8mte fly<span class=\"ez-toc-section-end\"><\/span><\/h3>\r\n\r\n\r\n\r\n<p>HondaJet Elite S er verdens mest sofistikerede lette forretningsfly p\u00e5 grund af dens banebrydende innovationer, som g\u00f8r det muligt for den at overg\u00e5 alle andre fly i sin kategori. Det stiger og holder hastigheden hurtigere, sv\u00e6ver h\u00f8jere, har mere plads, producerer mindre st\u00f8j og bruger generelt mindre br\u00e6ndstof.<\/p>\r\n\r\n\r\n\r\n<h2 class=\"wp-block-heading\"><span class=\"ez-toc-section\" id=\"Safety\"><\/span>Sikkerhed&nbsp;<span class=\"ez-toc-section-end\"><\/span><\/h2>\r\n\r\n\r\n\r\n<p>I juni 2022 blev Honda Aircraft Company og <a href=\"https:\/\/www.flightsafety.com\/\" target=\"_blank\" rel=\"noopener\">FlightSafety International<\/a> har annonceret en 25-\u00e5rig fornyelse af deres nuv\u00e6rende 15-\u00e5rige aftale. Denne forl\u00e6ngelse vil sikre, at de to virksomheder vil genoptage deres samarbejde og kreative indsats indtil 2047. Aftalen udvider en f\u00e6lles indsats, der kombinerer begge virksomheder for at tilbyde tr\u00e6ning til HondaJet-operat\u00f8rer og -ejere af den h\u00f8jest mulige sikkerhedsstandard, samtidig med at der etableres en robust og langsigtet forpligtelse.<\/p>\r\n\r\n\r\n\r\n<h2 class=\"wp-block-heading\"><span class=\"ez-toc-section\" id=\"Sustainability\"><\/span>B\u00e6redygtighed&nbsp;<span class=\"ez-toc-section-end\"><\/span><\/h2>\r\n\r\n\r\n\r\n<p>Forebyggelse af forurening og kollektiv egenkapital er to omr\u00e5der, hvor Honda Aircraft Company s\u00e6tter en ny standard inden for forretningsflyvning. De bruger teknologier skabt af deres moderselskab til at forbedre flyets egenskaber og dermed \u00f8ge br\u00e6ndstofeffektiviteten. Hvert jetfly fra Honda producerer f\u00e6rre kuldioxidemissioner uden at g\u00e5 p\u00e5 kompromis med funktionaliteten. Honda ville kun have opn\u00e5et disse fremskridt med sit globale team af samarbejdspartnere fra over tyve nationer tilsammen.<\/p>\r\n\r\n\r\n\r\n<p>Honda fremstiller mere end bare fly med lavt br\u00e6ndstofforbrug. B\u00e5de de <a href=\"https:\/\/global.honda\/sustainability\/environment\/blue-skies-for-our-children.html\" target=\"_blank\" rel=\"noopener\">Bl\u00e5 himmel til vores b\u00f8rn<\/a> projekt og deres <a href=\"https:\/\/hondanews.com\/en-US\/releases\/honda-leads-all-automakers-with-eleven-leed-certified-green-buildings-in-north-america\" target=\"_blank\" rel=\"noopener\">LEED Gold-certificeret hovedkvarter<\/a> er eksempler p\u00e5, hvordan de aktivt arbejder p\u00e5 at reducere virksomhedens milj\u00f8p\u00e5virkning.<\/p>\r\n\r\n\r\n\r\n<h2 class=\"wp-block-heading\"><span class=\"ez-toc-section\" id=\"Innovations\"><\/span>Innovationer<span class=\"ez-toc-section-end\"><\/span><\/h2>\r\n\r\n\r\n\r\n<figure class=\"wp-block-image size-full is-style-default\"><img loading=\"lazy\" decoding=\"async\" width=\"1000\" height=\"667\" src=\"https:\/\/comparemyjet.com\/wp-content\/uploads\/2022\/11\/pilot.and_.honda_.jet_.jpg\" alt=\"\" class=\"wp-image-3701\" srcset=\"https:\/\/comparemyjet.com\/wp-content\/uploads\/2022\/11\/pilot.and_.honda_.jet_-18x12.jpg 18w, https:\/\/comparemyjet.com\/wp-content\/uploads\/2022\/11\/pilot.and_.honda_.jet_-300x200.jpg 300w, https:\/\/comparemyjet.com\/wp-content\/uploads\/2022\/11\/pilot.and_.honda_.jet_-768x512.jpg 768w, https:\/\/comparemyjet.com\/wp-content\/uploads\/2022\/11\/pilot.and_.honda_.jet_.jpg 1000w\" sizes=\"auto, (max-width: 1000px) 100vw, 1000px\" \/><\/figure>\r\n\r\n\r\n\r\n<p>Den 20. oktober 2022 introducerede virksomheden \"HondaJet Elite II\". Det er et nyligt forbedret fly, der kan prale af en r\u00e6kke v\u00e6sentlige forbedringer i b\u00e5de bekvemmelighed og ydeevne. Derudover annoncerede selskabet lanceringen af en ny automatiseringsteknologi.<\/p>\r\n\r\n\r\n\r\n<p>HondaJet Elite II er beregnet til at v\u00e6re den hurtigste og l\u00e6ngst flyvende i sin kategori af lette jetfly ved at opn\u00e5 et helt nyt niveau af udholdenhed. Denne pr\u00e6station blev muliggjort af Hondas str\u00e6ben efter innovation. Som et resultat af Elite II's \u00f8gede flyver\u00e6kkevidde p\u00e5 1.547 s\u00f8mil kan HondaJet nu d\u00e6kke et st\u00f8rre antal steder. Forbedringerne af ydeevnen fuldendes med installationen af jordstabilisatorer, som optimerer ydeevnen i landings- og startomr\u00e5det.<\/p>\r\n\r\n\r\n\r\n<p>HondaJet er udstyret med en r\u00e6kke teknologiske fremskridt, der g\u00f8r det muligt at opn\u00e5 betydeligt st\u00f8rre marchhastighed, mere kabine- og bagageplads og betydeligt bedre br\u00e6ndstofeffektivitet end konventionelle fly i sin kategori.&nbsp;<\/p>\r\n\r\n\r\n\r\n<p>De vigtigste HondaJet-teknologier omfatter<\/p>\r\n\r\n\r\n\r\n<ul class=\"wp-block-list\">\r\n<li>propriet\u00e6r motormonteringsposition over vingen,&nbsp;<\/li>\r\n\r\n\r\n\r\n<li>en vinge med naturlig laminar str\u00f8mning (NLF) og fuselagen\u00e6se,&nbsp;<\/li>\r\n\r\n\r\n\r\n<li>og en skrogkonstruktion helt i komposit.&nbsp;<\/li>\r\n<\/ul>\r\n\r\n\r\n\r\n<p>Disse gennembrud er kulminationen p\u00e5 20 \u00e5rs forskning inden for luftfart.<\/p>\r\n\r\n\r\n\r\n<p>Sammen med erkl\u00e6ringen om, at man vil g\u00e5 i gang med automatisering, har Honda Aircraft Company ogs\u00e5 planer om at lancere Autothrottle og Emergency Autoland inden 2023. Denne retning opsummerer den igangv\u00e6rende bestr\u00e6belse p\u00e5 at forbedre HondaJet via automatisering, opgradering og sikkerhedsrelaterede fremskridt.&nbsp;<\/p>\r\n\r\n\r\n\r\n<h2 class=\"wp-block-heading\"><span class=\"ez-toc-section\" id=\"Conclusion\"><\/span>Konklusion<span class=\"ez-toc-section-end\"><\/span><\/h2>\r\n\r\n\r\n\r\n<p>Honda-virksomheden skaber fly ved hj\u00e6lp af den mest avancerede luftfartsteknologi med det m\u00e5l at revolutionere rejser. Hver HondaJet bruger moderne teknologi til at opfylde forskellige krav til ejere og virksomheder, medicinsk evakuering og andre kritiske operationer. Honda g\u00f8r fordelene ved privatflyvning mere tilg\u00e6ngelige for et st\u00f8rre publikum ved at udvikle hurtige, sikre og \u00f8konomiske fly.<\/p>","protected":false},"excerpt":{"rendered":"<p>Honda Aircraft Company er en flyproducent, der bruger den nyeste teknologi og innovation inden for luftfart til at producere deres velkendte HondaJet-fly. Det, der startede som et forskningsprojekt i 1997, er nu en veletableret jetproducent og et helejet datterselskab af Honda Motor.  Virksomhedens hovedkvarter ligger i Piedmont Triad International Airport i Greensboro, North ...<\/p>","protected":false},"author":2,"featured_media":3698,"parent":0,"menu_order":0,"comment_status":"closed","ping_status":"closed","template":"","meta":{"_acf_changed":false,"_genesis_hide_title":false,"_genesis_hide_breadcrumbs":false,"_genesis_hide_singular_image":false,"_genesis_hide_footer_widgets":false,"_genesis_custom_body_class":"","_genesis_custom_post_class":"","_genesis_layout":"","footnotes":""},"class_list":{"1":"page","2":"type-page","6":"entry"},"acf":[],"_links":{"self":[{"href":"https:\/\/comparemyjet.com\/da\/wp-json\/wp\/v2\/pages\/3697","targetHints":{"allow":["GET"]}}],"collection":[{"href":"https:\/\/comparemyjet.com\/da\/wp-json\/wp\/v2\/pages"}],"about":[{"href":"https:\/\/comparemyjet.com\/da\/wp-json\/wp\/v2\/types\/page"}],"author":[{"embeddable":true,"href":"https:\/\/comparemyjet.com\/da\/wp-json\/wp\/v2\/users\/2"}],"replies":[{"embeddable":true,"href":"https:\/\/comparemyjet.com\/da\/wp-json\/wp\/v2\/comments?post=3697"}],"version-history":[{"count":3,"href":"https:\/\/comparemyjet.com\/da\/wp-json\/wp\/v2\/pages\/3697\/revisions"}],"predecessor-version":[{"id":3772,"href":"https:\/\/comparemyjet.com\/da\/wp-json\/wp\/v2\/pages\/3697\/revisions\/3772"}],"wp:featuredmedia":[{"embeddable":true,"href":"https:\/\/comparemyjet.com\/da\/wp-json\/wp\/v2\/media\/3698"}],"wp:attachment":[{"href":"https:\/\/comparemyjet.com\/da\/wp-json\/wp\/v2\/media?parent=3697"}],"curies":[{"name":"wp","href":"https:\/\/api.w.org\/{rel}","templated":true}]}}