{"id":3710,"date":"2022-11-19T02:20:17","date_gmt":"2022-11-19T02:20:17","guid":{"rendered":"https:\/\/comparemyjet.com\/?page_id=3710"},"modified":"2025-09-04T10:03:17","modified_gmt":"2025-09-04T10:03:17","slug":"pilatus","status":"publish","type":"page","link":"https:\/\/comparemyjet.com\/da\/pilatus\/","title":{"rendered":"Den ultimative guide til Pilatus' private jetfly og flyvemaskiner"},"content":{"rendered":"<p>Pilatus Aircraft er en privatejet virksomhed, der besk\u00e6ftiger mere end 1.200 personer og leverer fly og luftfartsl\u00f8sninger globalt. Det er en af de mest succesfulde flyproducenter af nichemarkedsfly, der is\u00e6r er kendt for sine enmotorede turbopropfly.&nbsp;<\/p>\r\n\r\n\r\n\r\n<p>Tre divisioner er ansvarlige for at drive Pilatus' daglige aktiviteter, s\u00e5som vedligeholdelse og underleverand\u00f8rer:<\/p>\r\n\r\n\r\n\r\n<ul class=\"wp-block-list\">\r\n<li>Generel luftfart&nbsp;<\/li>\r\n\r\n\r\n\r\n<li>Civil luftfart&nbsp;<\/li>\r\n\r\n\r\n\r\n<li>Uddannelse og tr\u00e6ning, s\u00e6rlige missioner&nbsp;<\/li>\r\n<\/ul>\r\n\r\n\r\n\r\n<p><em>Pilatus Business Aircraft<\/em> er et helejet datterselskab af Pilatus Aircraft, der blev etableret i 1996 og har hovedkvarter i Broomfield, Colorado. Virksomheden tilbyder f\u00e6rdigg\u00f8relse, promovering, distribution og support af Pilatus-fly i hele Nord- og Sydamerika.<\/p>\r\n\r\n\r\n\r\n<p><em>Pilatus Australi<\/em>a, som har sit hovedkvarter i <a href=\"https:\/\/comparemyjet.com\/da\/private-tours\/adelaide-private-tours\/\" data-internallinksmanager029f6b8e52c=\"203\" title=\"11 bedste private ture i Adelaide fra $51.18\">Adelaide<\/a> og blev grundlagt i 1998 som et salgsst\u00f8ttecenter, er virksomhedens andet datterselskab. Det har ansvaret for at promovere PC-12 og PC-24 i Australien, New Zealand, Papua Ny Guinea og Stillehavs\u00f8erne.&nbsp;<\/p>\r\n\r\n\r\n\r\n<div id=\"ez-toc-container\" class=\"ez-toc-v2_0_76 counter-hierarchy ez-toc-counter ez-toc-grey ez-toc-container-direction\">\n<p class=\"ez-toc-title\" style=\"cursor:inherit\">Emner<\/p>\n<label for=\"ez-toc-cssicon-toggle-item-69f01c0a3f58a\" class=\"ez-toc-cssicon-toggle-label\"><span class=\"\"><span class=\"eztoc-hide\" style=\"display:none;\">Toggle<\/span><span class=\"ez-toc-icon-toggle-span\"><svg style=\"fill: #999;color:#999\" xmlns=\"http:\/\/www.w3.org\/2000\/svg\" class=\"list-377408\" width=\"20px\" height=\"20px\" viewbox=\"0 0 24 24\" fill=\"none\"><path d=\"M6 6H4v2h2V6zm14 0H8v2h12V6zM4 11h2v2H4v-2zm16 0H8v2h12v-2zM4 16h2v2H4v-2zm16 0H8v2h12v-2z\" fill=\"currentColor\"><\/path><\/svg><svg style=\"fill: #999;color:#999\" class=\"arrow-unsorted-368013\" xmlns=\"http:\/\/www.w3.org\/2000\/svg\" width=\"10px\" height=\"10px\" viewbox=\"0 0 24 24\" version=\"1.2\" baseprofile=\"tiny\"><path d=\"M18.2 9.3l-6.2-6.3-6.2 6.3c-.2.2-.3.4-.3.7s.1.5.3.7c.2.2.4.3.7.3h11c.3 0 .5-.1.7-.3.2-.2.3-.5.3-.7s-.1-.5-.3-.7zM5.8 14.7l6.2 6.3 6.2-6.3c.2-.2.3-.5.3-.7s-.1-.5-.3-.7c-.2-.2-.4-.3-.7-.3h-11c-.3 0-.5.1-.7.3-.2.2-.3.5-.3.7s.1.5.3.7z\"\/><\/svg><\/span><\/span><\/label><input type=\"checkbox\"  id=\"ez-toc-cssicon-toggle-item-69f01c0a3f58a\" checked aria-label=\"Toggle\" \/><nav><ul class='ez-toc-list ez-toc-list-level-1' ><li class='ez-toc-page-1 ez-toc-heading-level-2'><a class=\"ez-toc-link ez-toc-heading-1\" href=\"https:\/\/comparemyjet.com\/da\/pilatus\/#About_the_Company\" >Om virksomheden<\/a><\/li><li class='ez-toc-page-1 ez-toc-heading-level-2'><a class=\"ez-toc-link ez-toc-heading-2\" href=\"https:\/\/comparemyjet.com\/da\/pilatus\/#Products_and_Services\" >Produkter og tjenester&nbsp;<\/a><\/li><li class='ez-toc-page-1 ez-toc-heading-level-2'><a class=\"ez-toc-link ez-toc-heading-3\" href=\"https:\/\/comparemyjet.com\/da\/pilatus\/#Aircraft_Types\" >Flytyper<\/a><ul class='ez-toc-list-level-4' ><li class='ez-toc-heading-level-4'><ul class='ez-toc-list-level-4' ><li class='ez-toc-heading-level-4'><a class=\"ez-toc-link ez-toc-heading-4\" href=\"https:\/\/comparemyjet.com\/da\/pilatus\/#The_PC-7_Mk_II\" >PC-7 Mk II<\/a><\/li><li class='ez-toc-page-1 ez-toc-heading-level-4'><a class=\"ez-toc-link ez-toc-heading-5\" href=\"https:\/\/comparemyjet.com\/da\/pilatus\/#Pilatus_PC-6\" >Pilatus PC-6<\/a><\/li><li class='ez-toc-page-1 ez-toc-heading-level-4'><a class=\"ez-toc-link ez-toc-heading-6\" href=\"https:\/\/comparemyjet.com\/da\/pilatus\/#Pilatus_PC-12%E2%80%93_a_twin-engined_jet\" >Pilatus PC-12 - et tomotorers jetfly<\/a><\/li><li class='ez-toc-page-1 ez-toc-heading-level-4'><a class=\"ez-toc-link ez-toc-heading-7\" href=\"https:\/\/comparemyjet.com\/da\/pilatus\/#The_PC-21\" >PC-21'eren<\/a><\/li><\/ul><\/li><li class='ez-toc-page-1 ez-toc-heading-level-3'><a class=\"ez-toc-link ez-toc-heading-8\" href=\"https:\/\/comparemyjet.com\/da\/pilatus\/#Most_Famous_Aircraft_by_the_Company\" >Virksomhedens mest ber\u00f8mte fly<\/a><ul class='ez-toc-list-level-4' ><li class='ez-toc-heading-level-4'><a class=\"ez-toc-link ez-toc-heading-9\" href=\"https:\/\/comparemyjet.com\/da\/pilatus\/#Pilatus_PC-24_%E2%80%93_a_twin-engined_jet\" >Pilatus PC-24 - et jetfly med to motorer<\/a><\/li><\/ul><\/li><\/ul><\/li><li class='ez-toc-page-1 ez-toc-heading-level-2'><a class=\"ez-toc-link ez-toc-heading-10\" href=\"https:\/\/comparemyjet.com\/da\/pilatus\/#Safety\" >Sikkerhed<\/a><\/li><li class='ez-toc-page-1 ez-toc-heading-level-2'><a class=\"ez-toc-link ez-toc-heading-11\" href=\"https:\/\/comparemyjet.com\/da\/pilatus\/#Sustainability\" >B\u00e6redygtighed&nbsp;<\/a><\/li><li class='ez-toc-page-1 ez-toc-heading-level-2'><a class=\"ez-toc-link ez-toc-heading-12\" href=\"https:\/\/comparemyjet.com\/da\/pilatus\/#Innovations\" >Innovationer<\/a><\/li><li class='ez-toc-page-1 ez-toc-heading-level-2'><a class=\"ez-toc-link ez-toc-heading-13\" href=\"https:\/\/comparemyjet.com\/da\/pilatus\/#Conclusion\" >Konklusion<\/a><\/li><\/ul><\/nav><\/div>\n<h2 class=\"wp-block-heading\"><span class=\"ez-toc-section\" id=\"About_the_Company\"><\/span>Om virksomheden<span class=\"ez-toc-section-end\"><\/span><\/h2>\r\n\r\n\r\n\r\n<ul class=\"wp-block-list\">\r\n<li>1939 - Virksomheden blev grundlagt af Emil Georg B\u00fchrle. Deres f\u00f8rste projekter var vedligeholdelses- og reparationstjenester for det schweiziske luftv\u00e5ben.<\/li>\r\n\r\n\r\n\r\n<li>1942 - I henhold til en kontrakt med det schweiziske milit\u00e6r begyndte Pilatus at modificere 33 EKW C-3603. Samme \u00e5r begyndte konstruktionen af det tos\u00e6dede tr\u00e6ningsfly P-2.<\/li>\r\n\r\n\r\n\r\n<li>1944 - Konstruktionen af Pilatus SB-2 Pelican blev afsluttet, og der blev skabt en prototype til en enmotoret let transport, som fik navnet P-4.&nbsp;&nbsp;<\/li>\r\n\r\n\r\n\r\n<li>1959 - Pilatus Porter PC-6 blev skabt. P\u00e5 grund af PC-6'erens enest\u00e5ende evne til at flyve p\u00e5 korte og ikke forbedrede landingsbaner, blev den ofte brugt i stedet for helikoptere i specifikke situationer. Den var popul\u00e6r over hele verden.<\/li>\r\n\r\n\r\n\r\n<li>1966 - PC-7, et turbopropdrevet derivat af P-3, havde sin f\u00f8rste flyvning, men uden succes. Flyet gik op i flammer, og virksomheden stoppede forskningen indtil 1970'erne.<\/li>\r\n\r\n\r\n\r\n<li>1970 - Pilatus' model B-4 blev opdateret for at forenkle produktionen og omd\u00f8bt til B-4\/PC-11.&nbsp;<\/li>\r\n\r\n\r\n\r\n<li>1972 - PC-11 havde sin jomfruflyvning, og firmaet producerede 300 af dem.<\/li>\r\n\r\n\r\n\r\n<li>1975 - Pilatus udviklede en ny prototype, PC-7 Turbo Trainer, og sendte den p\u00e5 markedet.<\/li>\r\n\r\n\r\n\r\n<li>1979 - Virksomheden opk\u00f8ber Britten-Norman, en anden flyproducent og serviceudbyder.<\/li>\r\n\r\n\r\n\r\n<li>1982 - En forbedret version af PC-7 blev skabt, og fire \u00e5r senere blev den pr\u00e6senteret for offentligheden som PC-9.<\/li>\r\n\r\n\r\n\r\n<li>1987 - Pilatus PC-12 blev f\u00f8dt, hvilket f\u00f8rte til konstruktionen af overv\u00e5gningsflyet PC-12 Eagle i 1995 og PC-12 Spectre. Begge modeller blev adopteret af det amerikanske luftv\u00e5ben og omd\u00f8bt til U-28A.<\/li>\r\n\r\n\r\n\r\n<li>1997 - Pilatus opk\u00f8bte TSA Transairco, <a href=\"https:\/\/comparemyjet.com\/da\/private-jet-charters-to-geneva\/\" data-internallinksmanager029f6b8e52c=\"156\" title=\"Charter med privatfly til Gen\u00e8ve\">Gen\u00e8ve<\/a>.&nbsp;<\/li>\r\n\r\n\r\n\r\n<li>1998 - Britten-Norman blev solgt. Samme \u00e5r blev Pilatus Australia dannet.<\/li>\r\n\r\n\r\n\r\n<li>2000 - Pilatus blev solgt til en gruppe schweiziske investorer af sine tidligere ejere.&nbsp;<\/li>\r\n\r\n\r\n\r\n<li>2002 - Turbopropmaskinen PC-21 blev designet.<\/li>\r\n\r\n\r\n\r\n<li>2013 - Pilatus Aircraft Industry (China) blev etableret med det form\u00e5l at fremstille PC-6- og PC-12-fly i Chongqing.<\/li>\r\n\r\n\r\n\r\n<li>2013 - PC-24 blev udviklet som svar p\u00e5 kommentarer fra PC-12-kunder.&nbsp;<\/li>\r\n\r\n\r\n\r\n<li>2014 - HB-VXA-flyet blev rullet af samleb\u00e5ndet for f\u00f8rste gang.<\/li>\r\n<\/ul>\r\n\r\n\r\n\r\n<p>Ved at k\u00f8be <a href=\"https:\/\/www.skytechinc.com\/\" target=\"_blank\" rel=\"noopener\">Skytech<\/a>Skytech, en virksomhed, der er specialiseret i salg og reparation af fly, styrker den schweiziske flyproducent Pilatus Aircraft yderligere sit fodf\u00e6ste p\u00e5 det amerikanske marked. Skytech blev etableret i 1976 og havde to afdelinger p\u00e5 \u00f8stkysten, i Baltimore, Maryland, og Rock Hill, South Carolina. Siden 1993 har Skytech v\u00e6ret et akkrediteret distributions- og reparationsv\u00e6rksted for Pilatus-fly. Firmaet vil fortsat fungere som en uafh\u00e6ngig virksomhed under Skytech-varem\u00e6rket med ansvar for vedligeholdelse og salg af PC-12 og 24 p\u00e5 \u00f8stkysten samt fly fra andre m\u00e6rker.<\/p>\r\n\r\n\r\n\r\n<h2 class=\"wp-block-heading\"><span class=\"ez-toc-section\" id=\"Products_and_Services\"><\/span>Produkter og tjenester&nbsp;<span class=\"ez-toc-section-end\"><\/span><\/h2>\r\n\r\n\r\n\r\n<p>Pilatus har siden 2019 haft en helt ny hal til strukturel samling i deres hovedkvarter i Stans, Schweiz - Hal S. Den nye Hal S \u00f8gede produktionsarealet med 118.400 kvadratmeter. Det prim\u00e6re fokus for produktionen i Hal S er PC-24 og alle de procedurer, der er n\u00f8dvendige for den uafh\u00e6ngige fremstilling af flyskrog.<\/p>\r\n\r\n\r\n\r\n<p>I den \u00e5rlige unders\u00f8gelse foretaget af Professional Pilot Magazine, Pilatus <a href=\"https:\/\/www.pilatus-aircraft.com\/en\/customer-support\/services\" target=\"_blank\" rel=\"noopener\">kundesupport-tjenester<\/a> er blevet vurderet som en af de bedste i branchen 19 \u00e5r i tr\u00e6k.&nbsp;<\/p>\r\n\r\n\r\n\r\n<h2 class=\"wp-block-heading\"><span class=\"ez-toc-section\" id=\"Aircraft_Types\"><\/span>Flytyper<span class=\"ez-toc-section-end\"><\/span><\/h2>\r\n\r\n\r\n\r\n<figure class=\"wp-block-image size-full is-style-default\"><img loading=\"lazy\" decoding=\"async\" width=\"1000\" height=\"539\" src=\"https:\/\/comparemyjet.com\/wp-content\/uploads\/2022\/11\/pilatus.aircraft.flying.in_.formationm.jpg\" alt=\"Pilatus\" class=\"wp-image-3712\" srcset=\"https:\/\/comparemyjet.com\/wp-content\/uploads\/2022\/11\/pilatus.aircraft.flying.in_.formationm-18x10.jpg 18w, https:\/\/comparemyjet.com\/wp-content\/uploads\/2022\/11\/pilatus.aircraft.flying.in_.formationm-300x162.jpg 300w, https:\/\/comparemyjet.com\/wp-content\/uploads\/2022\/11\/pilatus.aircraft.flying.in_.formationm-768x414.jpg 768w, https:\/\/comparemyjet.com\/wp-content\/uploads\/2022\/11\/pilatus.aircraft.flying.in_.formationm.jpg 1000w\" sizes=\"auto, (max-width: 1000px) 100vw, 1000px\" \/><\/figure>\r\n\r\n\r\n\r\n<ul class=\"wp-block-list\">\r\n<li>SB-2 Pelican, firmaets f\u00f8rste fly, blev designet i 40'erne.&nbsp;&nbsp;<\/li>\r\n\r\n\r\n\r\n<li>Vendepunktet kom i 1959 med stempelpropellen PC-6 Porter.&nbsp;<\/li>\r\n\r\n\r\n\r\n<li>Pilatus opdaterede PC-6 Porter til turbopropmotorer og form\u00e5ede at holde produktionen i gang indtil 2019.<\/li>\r\n\r\n\r\n\r\n<li>Efter PC-6's popularitet blev en st\u00f8rre turboprop kaldet PC-12 pr\u00e6senteret i 1989 og leveret i 1994.&nbsp;<\/li>\r\n\r\n\r\n\r\n<li>Firmaet gik ind i business jet-industrien ved at introducere Pilatus PC-24, en tomotorers i light jet-kategorien.<\/li>\r\n<\/ul>\r\n\r\n\r\n\r\n<p>Fordi 90 procent af Pilatus-flyene s\u00e6lges p\u00e5 verdensmarkedet, skal virksomheden overholde et komplekst s\u00e6t handelsregler, der kr\u00e6ver brug af specifikke komponenter, der er fremstillet i andre lande. For eksempel kan Pilatus sende fly til det amerikanske marked takket v\u00e6re de indbyggede computere, der leveres af det amerikanske firma Honeywell.<\/p>\r\n\r\n\r\n\r\n<p>Det f\u00f8lgende er en oversigt over alle de fly, der er blevet fremstillet af Pilatus Aircraft:<\/p>\r\n\r\n\r\n\r\n<ul class=\"wp-block-list\">\r\n<li>Pilatus SB-2 Pelican<\/li>\r\n\r\n\r\n\r\n<li>Pilatus P-1 var et forslag til et ens\u00e6det tr\u00e6ningsfly, der blev lavet i 1941, men aldrig blev konstrueret.<\/li>\r\n\r\n\r\n\r\n<li>Pilatus P-2 - 1942<\/li>\r\n\r\n\r\n\r\n<li>Pilatus P-3 - 1953<\/li>\r\n\r\n\r\n\r\n<li>Pilatus P-4 - 1948<\/li>\r\n\r\n\r\n\r\n<li>Pilatus P-5 var t\u00e6nkt som et artilleriobservationsfly, men det blev aldrig bygget.<\/li>\r\n\r\n\r\n\r\n<li>Pilatus PC-6 Porter - 1959<\/li>\r\n\r\n\r\n\r\n<li>Pilatus PC-7 - 1966<\/li>\r\n\r\n\r\n\r\n<li>Pilatus PC-8D, The Twin Porter, var en tomotorers variant af PC-6, der kun blev bygget som prototype i 1967.<\/li>\r\n\r\n\r\n\r\n<li>Pilatus PC-9 - 1984<\/li>\r\n\r\n\r\n\r\n<li>Pilatus PC-10 var et foresl\u00e5et tomotorers transportfly under udvikling i 1970.<\/li>\r\n\r\n\r\n\r\n<li>Pilatus PC-11\/Pilatus B-4 - 1972<\/li>\r\n\r\n\r\n\r\n<li>Pilatus PC-12 - 1991<\/li>\r\n\r\n\r\n\r\n<li>Pilatus PC-21 - 2001<\/li>\r\n\r\n\r\n\r\n<li>Pilatus PC-24 - et jetfly med to motorer<\/li>\r\n<\/ul>\r\n\r\n\r\n\r\n<p>Lad os gennemg\u00e5 nogle specifikke modeller.<\/p>\r\n\r\n\r\n\r\n<h4 class=\"wp-block-heading\"><span class=\"ez-toc-section\" id=\"The_PC-7_Mk_II\"><\/span>PC-7 Mk II<span class=\"ez-toc-section-end\"><\/span><\/h4>\r\n\r\n\r\n\r\n<p>PC-7 Mk II er et lille turboprop-l\u00e6ringsfly, der begyndte at blive produceret i 1994. Nogle af standardfunktionerne i PC-7 omfatter katapults\u00e6der og avanceret elektronik. Der er i \u00f8jeblikket mere end 150 PC-7 Mk II i drift p\u00e5 tv\u00e6rs af seks nationer samt i det indiske luftv\u00e5ben, som i \u00f8jeblikket er ansvarlig for vedligeholdelsen af en fl\u00e5de p\u00e5 75 fly.<\/p>\r\n\r\n\r\n\r\n<h4 class=\"wp-block-heading\"><span class=\"ez-toc-section\" id=\"Pilatus_PC-6\"><\/span>Pilatus PC-6<span class=\"ez-toc-section-end\"><\/span><\/h4>\r\n\r\n\r\n\r\n<p>Pilatus PC-6 blev oprindeligt skabt som et stempeldrevet hj\u00e6lpefly i slutningen af 1950'erne, men den nuv\u00e6rende version er drevet af en enkelt turbopropmotor og har et moderne glascockpit. PC-6 er mere end bare et p\u00e5lideligt og alsidigt brugsfly; det har ogs\u00e5 exceptionelle korte start- og landingsegenskaber (STOL), udholdenhed og tilpasningsevne i al slags vejr og p\u00e5 jorden. Kunderne kan omarrangere interi\u00f8ret, s\u00e5 der er plads til op til ti passagerer eller over to tusind pund fragt.&nbsp;<\/p>\r\n\r\n\r\n\r\n<p>Over 600 PC-6-fly er blevet fremstillet og leveret til kunder, hvilket s\u00e6tter punktum for en produktionsperiode p\u00e5 over 60 \u00e5r. Pilatus stoppede produktionen af PC-6 i 2017 for at bruge flere ressourcer p\u00e5 at udvikle sine andre fly.<\/p>\r\n\r\n\r\n\r\n<h4 class=\"wp-block-heading\"><span class=\"ez-toc-section\" id=\"Pilatus_PC-12%E2%80%93_a_twin-engined_jet\"><\/span>Pilatus PC-12 - et tomotorers jetfly<span class=\"ez-toc-section-end\"><\/span><\/h4>\r\n\r\n\r\n\r\n<p>Der er indtil videre blevet fremstillet over 1.600 Pilatus PC-12-fly, hvilket g\u00f8r det til Pilatus' f\u00f8rende turbopropfly med en motor p\u00e5 1.200 hestekr\u00e6fter. PC-12 NG er den seneste udgave af denne model.&nbsp;<\/p>\r\n\r\n\r\n\r\n<p>Pilatus PC-12 har en rummelig trykkabine, overkommelige driftsomkostninger og evnen til at operere p\u00e5 gr\u00e6sarealer og andre typer uj\u00e6vnt terr\u00e6n. Som et resultat af flyets tilpasningsevne er PC-12 popul\u00e6r til brug som transportmiddel for b\u00e5de passagerer og gods, som ambulancetjeneste og til ans\u00e6ttelse i forskellige specialopgaver.&nbsp;<\/p>\r\n\r\n\r\n\r\n<p>Efter ti \u00e5rs brug bevarer Pilatus PC-12 op til 85% af sin v\u00e6rdi, hvilket overg\u00e5r v\u00e6rdien af sammenlignelige turbopropeller eller business jets. Den s\u00e6lger 40% hurtigere end alle andre brugte private jetfly.<\/p>\r\n\r\n\r\n\r\n<h4 class=\"wp-block-heading\"><span class=\"ez-toc-section\" id=\"The_PC-21\"><\/span>PC-21'eren<span class=\"ez-toc-section-end\"><\/span><\/h4>\r\n\r\n\r\n\r\n<p>PC-21 er et sofistikeret tos\u00e6det turboprop-tr\u00e6ningsfly, der drives af en enkelt motor, som yder 1.600 hestekr\u00e6fter.  Sammen med PC-21 har Pilatus ogs\u00e5 skabt et s\u00f8ml\u00f8st tr\u00e6ningssystem til at supplere den. Dette system omfatter de mest opdaterede simulatorer og pilotinstruktionsmetoder.<\/p>\r\n\r\n\r\n\r\n<h3 class=\"wp-block-heading\"><span class=\"ez-toc-section\" id=\"Most_Famous_Aircraft_by_the_Company\"><\/span>Virksomhedens mest ber\u00f8mte fly<span class=\"ez-toc-section-end\"><\/span><\/h3>\r\n\r\n\r\n\r\n<h4 class=\"wp-block-heading\"><span class=\"ez-toc-section\" id=\"Pilatus_PC-24_%E2%80%93_a_twin-engined_jet\"><\/span>Pilatus PC-24 - et jetfly med to motorer<span class=\"ez-toc-section-end\"><\/span><\/h4>\r\n\r\n\r\n\r\n<p>PC-24 drives af to Williams-turbofanmotorer, der hver kan producere mere end 3.200 pund str\u00f8m. Dette fly har plads til seks til otte passagerer, n\u00e5r det er udstyret til eksekutiv transport, men det kan rumme op til ti passagerer, n\u00e5r det bruges til almindelig transit.&nbsp;<\/p>\r\n\r\n\r\n\r\n<p>Der er syv forskellige konfigurationsmuligheder til r\u00e5dighed for flyet, herunder:&nbsp;<\/p>\r\n\r\n\r\n\r\n<ul class=\"wp-block-list\">\r\n<li>Pendler&nbsp;<\/li>\r\n\r\n\r\n\r\n<li>Ledelse&nbsp;<\/li>\r\n\r\n\r\n\r\n<li><a href=\"https:\/\/comparemyjet.com\/da\/how-much-medical-flights-medevac-air-ambulance-cost\/\" data-internallinksmanager029f6b8e52c=\"28\" title=\"Hvor meget koster medicinske flyvninger, Medevac og luftambulancetjenester?\">Medevac<\/a><\/li>\r\n\r\n\r\n\r\n<li>Kombi&nbsp;<\/li>\r\n\r\n\r\n\r\n<li>To muligheder for hurtig udskiftning af layout<\/li>\r\n\r\n\r\n\r\n<li>S\u00e6rlig mission<\/li>\r\n<\/ul>\r\n\r\n\r\n\r\n<p>Den eneste svaghed er, at den har en tophastighed p\u00e5 425 knob, hvilket er langsommere end konkurrenterne. Det kan lette og lande p\u00e5 korte, lange, asfalterede eller uj\u00e6vne landingsbaner, og det har en rummelig bageste fragtsektion og en kabine, der nemt kan omkonfigureres. Fordi lastd\u00f8ren er s\u00e5 bred - 4 fod for at v\u00e6re pr\u00e6cis - er den praktisk til medevac-operationer og lasttransit.<\/p>\r\n\r\n\r\n\r\n<h2 class=\"wp-block-heading\"><span class=\"ez-toc-section\" id=\"Safety\"><\/span>Sikkerhed<span class=\"ez-toc-section-end\"><\/span><\/h2>\r\n\r\n\r\n\r\n<p>Hos Pilatus g\u00e5r sikkerhed altid forud for andre prioriteter.&nbsp;<\/p>\r\n\r\n\r\n\r\n<p>Pilatus har i \u00f8jeblikket akkrediteringer, der er med til at sikre deres fremragende omd\u00f8mme i branchen. Disse certificeringer er:<\/p>\r\n\r\n\r\n\r\n<ul class=\"wp-block-list\">\r\n<li>ISO 9001-certificering, der omhandler kvalitetsstyringssystemer i luftfartssektoren;<\/li>\r\n\r\n\r\n\r\n<li>EN\/AS 9100, som er den h\u00f8jeste certificering, der kan opn\u00e5s af en virksomhed, der specialiserer sig i den verdensomsp\u00e6ndende luftfartsindustri.&nbsp;<\/li>\r\n<\/ul>\r\n\r\n\r\n\r\n<h2 class=\"wp-block-heading\"><span class=\"ez-toc-section\" id=\"Sustainability\"><\/span>B\u00e6redygtighed&nbsp;<span class=\"ez-toc-section-end\"><\/span><\/h2>\r\n\r\n\r\n\r\n<figure class=\"wp-block-image size-full is-style-default\"><img loading=\"lazy\" decoding=\"async\" width=\"1000\" height=\"563\" src=\"https:\/\/comparemyjet.com\/wp-content\/uploads\/2022\/11\/pilatus.aircraft.jpg\" alt=\"\" class=\"wp-image-3713\" srcset=\"https:\/\/comparemyjet.com\/wp-content\/uploads\/2022\/11\/pilatus.aircraft-18x10.jpg 18w, https:\/\/comparemyjet.com\/wp-content\/uploads\/2022\/11\/pilatus.aircraft-300x169.jpg 300w, https:\/\/comparemyjet.com\/wp-content\/uploads\/2022\/11\/pilatus.aircraft-768x432.jpg 768w, https:\/\/comparemyjet.com\/wp-content\/uploads\/2022\/11\/pilatus.aircraft.jpg 1000w\" sizes=\"auto, (max-width: 1000px) 100vw, 1000px\" \/><\/figure>\r\n\r\n\r\n\r\n<p>Firmaet har f\u00e5et tildelt ISO 14001-certificeringen for initiativer, der bidrager til et sikrere milj\u00f8.&nbsp;<\/p>\r\n\r\n\r\n\r\n<p>Desuden er Pilatus blandt de mest betydningsfulde arbejdsgivere i regionen Centralschweiz med mere end 2.000 ansatte alene i hovedkvarteret. Jobuddannelse for yngre generationer har l\u00e6nge v\u00e6ret en af Pilatus' topprioriteter. Virksomheden tilbyder i \u00f8jeblikket l\u00e6repladser inden for 14 forskellige omr\u00e5der til 140 h\u00e5befulde fagfolk.<\/p>\r\n\r\n\r\n\r\n<h2 class=\"wp-block-heading\"><span class=\"ez-toc-section\" id=\"Innovations\"><\/span>Innovationer<span class=\"ez-toc-section-end\"><\/span><\/h2>\r\n\r\n\r\n\r\n<p>Pilatus' forsknings- og udviklingsenhed er det kreative centrum i Pilatus-virksomheden. Denne meget talentfulde gruppe p\u00e5 over 300 fagfolk er ansvarlig for vedligeholdelsen af den eksisterende fl\u00e5de samt design og udvikling af de kommende fly.&nbsp;<\/p>\r\n\r\n\r\n\r\n<p>For at l\u00f8se denne opgave g\u00f8r deres eksperter brug af banebrydende rumfartsteknikker som f.eks:<\/p>\r\n\r\n\r\n\r\n<ul class=\"wp-block-list\">\r\n<li>digital mock-up computational fluid dynamics&nbsp;<\/li>\r\n\r\n\r\n\r\n<li>CAX (computerst\u00f8ttede teknologier)<\/li>\r\n\r\n\r\n\r\n<li>PDM (styring af produktdata)&nbsp;<\/li>\r\n\r\n\r\n\r\n<li>flysimulering<\/li>\r\n\r\n\r\n\r\n<li>strukturel dynamisk analyse&nbsp;<\/li>\r\n\r\n\r\n\r\n<li>3D-printning&nbsp;<\/li>\r\n\r\n\r\n\r\n<li>virtuelle prototypesystemer til flyelektronik<\/li>\r\n<\/ul>\r\n\r\n\r\n\r\n<p>Afdelingen Design Organisation Approval er specialiseret i organisation og er ansvarlig for at f\u00f8re tilsyn med alle de f\u00f8lgende aktiviteter:<\/p>\r\n\r\n\r\n\r\n<ul class=\"wp-block-list\">\r\n<li>processen med at udvikle nye flytyper&nbsp;<\/li>\r\n\r\n\r\n\r\n<li>begynder med den indledende unders\u00f8gelse af konceptet og forts\u00e6tter gennem designet<\/li>\r\n\r\n\r\n\r\n<li>prototype og flyvetest&nbsp;<\/li>\r\n\r\n\r\n\r\n<li>Certificeringsfaser&nbsp;<\/li>\r\n\r\n\r\n\r\n<li>at overdrage projektet til Pilatus' produktion&nbsp;<\/li>\r\n<\/ul>\r\n\r\n\r\n\r\n<p>Det Europ\u00e6iske Luftfartssikkerhedsagentur (EASA) giver Pilatus tilladelse til at udf\u00f8re en lang r\u00e6kke certificeringsprocedurer for nyproducerede fly, luftfartssystemer og flydele.<\/p>\r\n\r\n\r\n\r\n<p>Pilatus' produktionsafdeling arbejder p\u00e5 en r\u00e6kke forskellige kernekompetencer, der g\u00f8r det muligt for dem at producere st\u00f8rstedelen af deres komponenter, herunder:&nbsp;<\/p>\r\n\r\n\r\n\r\n<ul class=\"wp-block-list\">\r\n<li>produktion af high-end kulfiberelementer&nbsp;<\/li>\r\n\r\n\r\n\r\n<li>multifacetterede sk\u00e6rev\u00e6rkt\u00f8jer&nbsp;&nbsp;<\/li>\r\n\r\n\r\n\r\n<li>pladebearbejdning&nbsp;<\/li>\r\n<\/ul>\r\n\r\n\r\n\r\n<p>Dette forbedrer kommunikationen og koordineringen mellem produktion og design, hvilket resulterer i komplette tjenester, der er pr\u00e6cist tilpasset kundens specifikke behov. Ud over produktionen af komponenter til brug i Pilatus-fly er produktionsafdelingen ogs\u00e5 ansvarlig for at udvikle banebrydende l\u00f8sninger til tredjepartskunder.<\/p>\r\n\r\n\r\n\r\n<h2 class=\"wp-block-heading\"><span class=\"ez-toc-section\" id=\"Conclusion\"><\/span>Konklusion<span class=\"ez-toc-section-end\"><\/span><\/h2>\r\n\r\n\r\n\r\n<p>Et sted i bunden af de schweiziske alper ligger Stans i Schweiz, som fungerer som hovedkvarter for Pilatus. Det alpine milj\u00f8 har spillet en afg\u00f8rende rolle i udviklingen af virksomhedens forretning og konkurrenceevne og har skabt en tradition for holdbare, tilpasningsdygtige fly, som piloterne kan flyve i de mest barske milj\u00f8er.<\/p>\r\n\r\n\r\n\r\n<p>I \u00e5rtier har virksomheden kun fokuseret p\u00e5 turbopropdelen af markedet. For en succesfuld producent af turbopropfly kunne det virke som det n\u00e6ste logiske skridt at udvide til markedet for business jets; men det ville v\u00e6re et farligt skridt p\u00e5 grund af de betydelige investeringer, der er n\u00f8dvendige, og branchens stigende kompleksitet. Virksomhedens indtog p\u00e5 markedet for forretningsfly har indtil videre v\u00e6ret ganske gavnligt for firmaet.<\/p>\r\n\r\n\r\n\r\n<p>Pilatus' mission er at g\u00f8re alt for at sikre, at en national flyarv, \"Swiss Made\", bevares for fremtidige generationer som en kombination af banebrydende teknologi med pr\u00e6cist h\u00e5ndarbejde.<\/p>","protected":false},"excerpt":{"rendered":"<p>Pilatus Aircraft er en privatejet virksomhed, der besk\u00e6ftiger mere end 1.200 personer og leverer fly og luftfartsl\u00f8sninger over hele verden. Det er en af de mest succesfulde producenter af fly til nichemarkeder, som is\u00e6r er kendt for sine enmotorede turbopropfly.  Tre divisioner er ansvarlige for at drive Pilatus' daglige aktiviteter, s\u00e5som vedligeholdelse og underleverancer: Pilatus ...<\/p>","protected":false},"author":2,"featured_media":3711,"parent":0,"menu_order":0,"comment_status":"closed","ping_status":"closed","template":"","meta":{"_acf_changed":false,"_genesis_hide_title":false,"_genesis_hide_breadcrumbs":false,"_genesis_hide_singular_image":false,"_genesis_hide_footer_widgets":false,"_genesis_custom_body_class":"","_genesis_custom_post_class":"","_genesis_layout":"","footnotes":""},"class_list":{"1":"page","2":"type-page","6":"entry"},"acf":[],"_links":{"self":[{"href":"https:\/\/comparemyjet.com\/da\/wp-json\/wp\/v2\/pages\/3710","targetHints":{"allow":["GET"]}}],"collection":[{"href":"https:\/\/comparemyjet.com\/da\/wp-json\/wp\/v2\/pages"}],"about":[{"href":"https:\/\/comparemyjet.com\/da\/wp-json\/wp\/v2\/types\/page"}],"author":[{"embeddable":true,"href":"https:\/\/comparemyjet.com\/da\/wp-json\/wp\/v2\/users\/2"}],"replies":[{"embeddable":true,"href":"https:\/\/comparemyjet.com\/da\/wp-json\/wp\/v2\/comments?post=3710"}],"version-history":[{"count":3,"href":"https:\/\/comparemyjet.com\/da\/wp-json\/wp\/v2\/pages\/3710\/revisions"}],"predecessor-version":[{"id":3776,"href":"https:\/\/comparemyjet.com\/da\/wp-json\/wp\/v2\/pages\/3710\/revisions\/3776"}],"wp:featuredmedia":[{"embeddable":true,"href":"https:\/\/comparemyjet.com\/da\/wp-json\/wp\/v2\/media\/3711"}],"wp:attachment":[{"href":"https:\/\/comparemyjet.com\/da\/wp-json\/wp\/v2\/media?parent=3710"}],"curies":[{"name":"wp","href":"https:\/\/api.w.org\/{rel}","templated":true}]}}