{"id":4399,"date":"2023-02-13T21:10:28","date_gmt":"2023-02-13T21:10:28","guid":{"rendered":"https:\/\/comparemyjet.com\/?page_id=4399"},"modified":"2025-09-04T09:58:16","modified_gmt":"2025-09-04T09:58:16","slug":"delta-private-jets","status":"publish","type":"page","link":"https:\/\/comparemyjet.com\/da\/delta-private-jets\/","title":{"rendered":"Priser for medlemskab af Delta Private Jets"},"content":{"rendered":"<p>Delta Air Lines er verdens f\u00f8rende flyselskab med hensyn til varer, tjenester, innovation, p\u00e5lidelighed og kundeoplevelse i USA. Selskabet tilbyder en rejseoplevelse i verdensklasse og tjener samtidig branchens f\u00f8rende afkast til aktion\u00e6rerne.&nbsp;<\/p>\r\n\r\n\r\n\r\n<p>Delta private jets, flyselskabets charterservice, har indg\u00e5et et samarbejde med det f\u00f8rende private luftfartsm\u00e6rke <a href=\"https:\/\/comparemyjet.com\/da\/wheels-up\/\" data-internallinksmanager029f6b8e52c=\"73\" title=\"Priser for Wheels Up-medlemskab\">Hjulene op<\/a> for yderligere at give private flyrejsende unikke oplevelser og kvalitetsrejser.&nbsp;&nbsp;<\/p>\r\n\r\n\r\n\r\n<p>Lad os se, hvad dette partnerskab mellem to top-flyselskaber tilbyder flyrejsende.<\/p>\r\n\r\n\r\n\r\n<div id=\"ez-toc-container\" class=\"ez-toc-v2_0_76 counter-hierarchy ez-toc-counter ez-toc-grey ez-toc-container-direction\">\n<p class=\"ez-toc-title\" style=\"cursor:inherit\">Emner<\/p>\n<label for=\"ez-toc-cssicon-toggle-item-69e30d34e37b5\" class=\"ez-toc-cssicon-toggle-label\"><span class=\"\"><span class=\"eztoc-hide\" style=\"display:none;\">Toggle<\/span><span class=\"ez-toc-icon-toggle-span\"><svg style=\"fill: #999;color:#999\" xmlns=\"http:\/\/www.w3.org\/2000\/svg\" class=\"list-377408\" width=\"20px\" height=\"20px\" viewbox=\"0 0 24 24\" fill=\"none\"><path d=\"M6 6H4v2h2V6zm14 0H8v2h12V6zM4 11h2v2H4v-2zm16 0H8v2h12v-2zM4 16h2v2H4v-2zm16 0H8v2h12v-2z\" fill=\"currentColor\"><\/path><\/svg><svg style=\"fill: #999;color:#999\" class=\"arrow-unsorted-368013\" xmlns=\"http:\/\/www.w3.org\/2000\/svg\" width=\"10px\" height=\"10px\" viewbox=\"0 0 24 24\" version=\"1.2\" baseprofile=\"tiny\"><path d=\"M18.2 9.3l-6.2-6.3-6.2 6.3c-.2.2-.3.4-.3.7s.1.5.3.7c.2.2.4.3.7.3h11c.3 0 .5-.1.7-.3.2-.2.3-.5.3-.7s-.1-.5-.3-.7zM5.8 14.7l6.2 6.3 6.2-6.3c.2-.2.3-.5.3-.7s-.1-.5-.3-.7c-.2-.2-.4-.3-.7-.3h-11c-.3 0-.5.1-.7.3-.2.2-.3.5-.3.7s.1.5.3.7z\"\/><\/svg><\/span><\/span><\/label><input type=\"checkbox\"  id=\"ez-toc-cssicon-toggle-item-69e30d34e37b5\" checked aria-label=\"Toggle\" \/><nav><ul class='ez-toc-list ez-toc-list-level-1' ><li class='ez-toc-page-1 ez-toc-heading-level-2'><a class=\"ez-toc-link ez-toc-heading-1\" href=\"https:\/\/comparemyjet.com\/da\/delta-private-jets\/#Company_History\" >Virksomhedens historie<\/a><\/li><li class='ez-toc-page-1 ez-toc-heading-level-2'><a class=\"ez-toc-link ez-toc-heading-2\" href=\"https:\/\/comparemyjet.com\/da\/delta-private-jets\/#Delta_Private_Jets_Wheels_Up\" >Delta Private Jets + Wheels Up<\/a><\/li><li class='ez-toc-page-1 ez-toc-heading-level-2'><a class=\"ez-toc-link ez-toc-heading-3\" href=\"https:\/\/comparemyjet.com\/da\/delta-private-jets\/#The_Fleet\" >Fl\u00e5den<\/a><ul class='ez-toc-list-level-3' ><li class='ez-toc-heading-level-3'><a class=\"ez-toc-link ez-toc-heading-4\" href=\"https:\/\/comparemyjet.com\/da\/delta-private-jets\/#1_Turboprop\" >1. Turboprop<\/a><ul class='ez-toc-list-level-4' ><li class='ez-toc-heading-level-4'><a class=\"ez-toc-link ez-toc-heading-5\" href=\"https:\/\/comparemyjet.com\/da\/delta-private-jets\/#Our_recommendation_The_King_Air_350\" >Vores anbefaling: King Air 350<\/a><\/li><\/ul><\/li><li class='ez-toc-page-1 ez-toc-heading-level-3'><a class=\"ez-toc-link ez-toc-heading-6\" href=\"https:\/\/comparemyjet.com\/da\/delta-private-jets\/#2_Light_Private_Jets\" >2. Lette private jetfly<\/a><ul class='ez-toc-list-level-4' ><li class='ez-toc-heading-level-4'><a class=\"ez-toc-link ez-toc-heading-7\" href=\"https:\/\/comparemyjet.com\/da\/delta-private-jets\/#Our_Recommendation_The_Hawker_400XP\" >Vores anbefaling: Hawker 400XP<\/a><\/li><\/ul><\/li><li class='ez-toc-page-1 ez-toc-heading-level-3'><a class=\"ez-toc-link ez-toc-heading-8\" href=\"https:\/\/comparemyjet.com\/da\/delta-private-jets\/#3_Midsize_Private_Jets\" >3. Mellemstore private jetfly<\/a><ul class='ez-toc-list-level-4' ><li class='ez-toc-heading-level-4'><a class=\"ez-toc-link ez-toc-heading-9\" href=\"https:\/\/comparemyjet.com\/da\/delta-private-jets\/#Our_Recommendation_The_Citation_ExcelXLS\" >Vores anbefaling: Citation Excel\/XLS<\/a><\/li><\/ul><\/li><li class='ez-toc-page-1 ez-toc-heading-level-3'><a class=\"ez-toc-link ez-toc-heading-10\" href=\"https:\/\/comparemyjet.com\/da\/delta-private-jets\/#4_Super-Midsize_Private_Jets\" >4. Super-mellemstore private jetfly&nbsp;<\/a><ul class='ez-toc-list-level-4' ><li class='ez-toc-heading-level-4'><a class=\"ez-toc-link ez-toc-heading-11\" href=\"https:\/\/comparemyjet.com\/da\/delta-private-jets\/#Our_Recommendation_The_Citation_X\" >Vores anbefaling: Citation X<\/a><\/li><\/ul><\/li><li class='ez-toc-page-1 ez-toc-heading-level-3'><a class=\"ez-toc-link ez-toc-heading-12\" href=\"https:\/\/comparemyjet.com\/da\/delta-private-jets\/#5_Large_Private_Jets\" >5. Store private jetfly<\/a><ul class='ez-toc-list-level-4' ><li class='ez-toc-heading-level-4'><a class=\"ez-toc-link ez-toc-heading-13\" href=\"https:\/\/comparemyjet.com\/da\/delta-private-jets\/#Our_Recommendation_The_Gulfstream_G450\" >Vores anbefaling: Gulfstream G450<\/a><\/li><\/ul><\/li><\/ul><\/li><li class='ez-toc-page-1 ez-toc-heading-level-2'><a class=\"ez-toc-link ez-toc-heading-14\" href=\"https:\/\/comparemyjet.com\/da\/delta-private-jets\/#Conclusion\" >Konklusion<\/a><\/li><\/ul><\/nav><\/div>\n<h2 class=\"wp-block-heading\"><span class=\"ez-toc-section\" id=\"Company_History\"><\/span>Virksomhedens historie<span class=\"ez-toc-section-end\"><\/span><\/h2>\r\n\r\n\r\n\r\n<p>Delta Private Jets blev grundlagt i 2001. Virksomhedens aktiviteter oph\u00f8rte den 31. januar 2020, efter at den fusionerede med Wheels Up.<\/p>\r\n\r\n\r\n\r\n<h2 class=\"wp-block-heading\"><span class=\"ez-toc-section\" id=\"Delta_Private_Jets_Wheels_Up\"><\/span>Delta Private Jets + Wheels Up<span class=\"ez-toc-section-end\"><\/span><\/h2>\r\n\r\n\r\n\r\n<figure class=\"wp-block-image size-full is-style-default\"><img loading=\"lazy\" decoding=\"async\" width=\"1000\" height=\"667\" src=\"https:\/\/comparemyjet.com\/wp-content\/uploads\/Executives-from-Wheels-Up-congregate-outside-the-New-York-Stock-Exchange.jpg\" alt=\"Ledere fra Wheels Up samles uden for b\u00f8rsen i New York \" class=\"wp-image-4401\" srcset=\"https:\/\/comparemyjet.com\/wp-content\/uploads\/Executives-from-Wheels-Up-congregate-outside-the-New-York-Stock-Exchange-18x12.jpg 18w, https:\/\/comparemyjet.com\/wp-content\/uploads\/Executives-from-Wheels-Up-congregate-outside-the-New-York-Stock-Exchange-300x200.jpg 300w, https:\/\/comparemyjet.com\/wp-content\/uploads\/Executives-from-Wheels-Up-congregate-outside-the-New-York-Stock-Exchange-768x512.jpg 768w, https:\/\/comparemyjet.com\/wp-content\/uploads\/Executives-from-Wheels-Up-congregate-outside-the-New-York-Stock-Exchange.jpg 1000w\" sizes=\"auto, (max-width: 1000px) 100vw, 1000px\" \/><\/figure>\r\n\r\n\r\n\r\n<p>Wheels Up og Delta har gennemf\u00f8rt en banebrydende transaktion, der kombinerer Delta Private Jets og Wheels Up for at tilbyde kunderne fordele p\u00e5 tv\u00e6rs af platforme. De fusionerede virksomheder tilbyder nuv\u00e6rende og fremtidige Wheels Up- og Delta-kunder fordele p\u00e5 tv\u00e6rs af platforme, der er unikke i den private flyselskabssektor.<\/p>\r\n\r\n\r\n\r\n<p>Denne fusion kombinerer Wheels Up's medlemsprogrammer, unikke digitale platform og internationale oplevelser med Delta Private Jets' anerkendte p\u00e5lidelighed, sikkerhed, kvalitet og r\u00e6kkevidde. Med omkring 200 fly, fra King Air 350i til tunge jetfly, udg\u00f8r kombinationen en af verdens st\u00f8rste ejede og opererede private flyfl\u00e5der. Wheels Up er godt positioneret til at opfylde rejsebehovene hos sine mere end 8.000 medlemmer og kunder takket v\u00e6re sin voksende private fl\u00e5de og adgang til Deltas verdensomsp\u00e6ndende netv\u00e6rk.<\/p>\r\n\r\n\r\n\r\n<p>Wheels Up-medlemmer kan opn\u00e5 Delta Medallion-status, samle SkyMiles\u00ae-loyalitetspoint og bruge deres Wheels Up Fund-programkonti til at bruge penge p\u00e5 private Wheels Up-flyvninger og Delta-passagerflyvninger. Kunder hos Delta Private Jets kan ogs\u00e5 drage fordel af unikke Wheels Up-medlemsfordele, frynsegoder og adgang til Wheels Up-flyene.<\/p>\r\n\r\n\r\n\r\n<p>Som en del af denne aftale har Gil West, Deltas Chief Operating Officer, desuden besluttet at indtr\u00e6de i Wheels Up's bestyrelse. Wheels Up og Delta Private Jets' teams samarbejder effektivt for at sikre, at alle DPJ's medarbejdere og kunder f\u00e5r en gnidningsfri overgang. DPJ's medarbejdere vil forts\u00e6tte med at arbejde fra det nuv\u00e6rende hovedkvarter i Cincinnati, Ohio.<\/p>\r\n\r\n\r\n\r\n<h2 class=\"wp-block-heading\"><span class=\"ez-toc-section\" id=\"The_Fleet\"><\/span>Fl\u00e5den<span class=\"ez-toc-section-end\"><\/span><\/h2>\r\n\r\n\r\n\r\n<figure class=\"wp-block-image size-full is-style-default\"><img loading=\"lazy\" decoding=\"async\" width=\"1000\" height=\"442\" src=\"https:\/\/comparemyjet.com\/wp-content\/uploads\/2022\/09\/little.plane_.in_.the_.hand_.of_.a.businessman.jpg\" alt=\"Forretningsmand med et fly i h\u00e5nden\" class=\"wp-image-3335\" srcset=\"https:\/\/comparemyjet.com\/wp-content\/uploads\/2022\/09\/little.plane_.in_.the_.hand_.of_.a.businessman-18x8.jpg 18w, https:\/\/comparemyjet.com\/wp-content\/uploads\/2022\/09\/little.plane_.in_.the_.hand_.of_.a.businessman-300x133.jpg 300w, https:\/\/comparemyjet.com\/wp-content\/uploads\/2022\/09\/little.plane_.in_.the_.hand_.of_.a.businessman-768x339.jpg 768w, https:\/\/comparemyjet.com\/wp-content\/uploads\/2022\/09\/little.plane_.in_.the_.hand_.of_.a.businessman.jpg 1000w\" sizes=\"auto, (max-width: 1000px) 100vw, 1000px\" \/><\/figure>\r\n\r\n\r\n\r\n<p>Fordi Delta nu er fusioneret med Wheels Up, f\u00e5r tidligere Delta-brugere nu endnu flere frynsegoder. Hvis du er p\u00e5 udkig efter privatflycharter, tilbyder Wheels Up b\u00e5de deres egne fly og private jetfly fra velrenommerede charterselskaber. Der er mere end 1.200 fly under deres ledelse og 350 ejet og kontrolleret fl\u00e5de af fly.<\/p>\r\n\r\n\r\n\r\n<p>Med nogle f\u00e5 undtagelser baseret p\u00e5 programmet, opretholder firmaet en politik med garanteret tilg\u00e6ngelighed. Lad os tage et kig p\u00e5 jetkategorierne.<\/p>\r\n\r\n\r\n\r\n<h3 class=\"wp-block-heading\"><span class=\"ez-toc-section\" id=\"1_Turboprop\"><\/span>1. Turboprop<span class=\"ez-toc-section-end\"><\/span><\/h3>\r\n\r\n\r\n\r\n<p>Turboprops er en kombination af jetmotorer og propeller, der bruges af stempelmotorer i mindre fly. Selvom turboprops larmer mere, er de sikrere end jetfly, n\u00e5r der skal landes p\u00e5 korte landingsbaner. Turbopropmotorer er mindre og lettere end jetmotorer, hvilket giver mulighed for mere effektiv start og landing, is\u00e6r p\u00e5 kortere landingsbaner.&nbsp;<\/p>\r\n\r\n\r\n\r\n<h4 class=\"wp-block-heading\"><span class=\"ez-toc-section\" id=\"Our_recommendation_The_King_Air_350\"><\/span>Vores anbefaling: King Air 350<span class=\"ez-toc-section-end\"><\/span><\/h4>\r\n\r\n\r\n\r\n<p>King Air har f\u00e5et et comeback i de sidste par \u00e5r som kernen i Wheels Up-fl\u00e5den. Denne turboprop har f\u00e5et smart og kreativ markedsf\u00f8ring og har genvundet sin ber\u00f8mmelse.<\/p>\r\n\r\n\r\n\r\n<p>Specifikationer:<\/p>\r\n\r\n\r\n\r\n<ul class=\"wp-block-list\">\r\n<li>Passagerer: 11;<\/li>\r\n\r\n\r\n\r\n<li>H\u00f8jde: 57 in;<\/li>\r\n\r\n\r\n\r\n<li>L\u00e6ngde: 19 fod 6 tommer;<\/li>\r\n\r\n\r\n\r\n<li>Bredde: 54 tommer<\/li>\r\n\r\n\r\n\r\n<li>Maksimal r\u00e6kkevidde: 1.806 s\u00f8mil;<\/li>\r\n\r\n\r\n\r\n<li>Maks. marchhastighed: 359 mph;<\/li>\r\n\r\n\r\n\r\n<li>Bagage (indvendig): 55 cu ft;<\/li>\r\n\r\n\r\n\r\n<li>Bagage (udvendig): 16 cu ft.<\/li>\r\n<\/ul>\r\n\r\n\r\n\r\n<h3 class=\"wp-block-heading\"><span class=\"ez-toc-section\" id=\"2_Light_Private_Jets\"><\/span>2. Lette private jetfly<span class=\"ez-toc-section-end\"><\/span><\/h3>\r\n\r\n\r\n\r\n<p>Hvis du rejser med otte eller f\u00e6rre personer og ikke har meget bagage, er et let privatfly en god mulighed. Har du brug for hurtig og nem transport til din destination? P\u00e5 ture p\u00e5 mindre end fire timer kan det v\u00e6re den bedste l\u00f8sning at chartre et let jetfly. Disse jetfly har evnen til at flyve n\u00e6sten 1500 kilometer uden at stoppe for at tanke br\u00e6ndstof. Der er nemt plads til seks passagerer i lette fly, med en maksimal kapacitet p\u00e5 9.<\/p>\r\n\r\n\r\n\r\n<h4 class=\"wp-block-heading\"><span class=\"ez-toc-section\" id=\"Our_Recommendation_The_Hawker_400XP\"><\/span>Vores anbefaling: Hawker 400XP<span class=\"ez-toc-section-end\"><\/span><\/h4>\r\n\r\n\r\n\r\n<p>Hawker 400 er et let jetfly med to motorer. Efter at v\u00e6re blevet bygget og fremstillet af Mitsubishi, blev det opdateret af Beech Aircraft Company. Det er et lille fly med otte s\u00e6der i en trykkabine, der styres af en bes\u00e6tning p\u00e5 to personer.<\/p>\r\n\r\n\r\n\r\n<p>Hawker 400XP's specifikationer er:<\/p>\r\n\r\n\r\n\r\n<ul class=\"wp-block-list\">\r\n<li>Passagerer: 8;<\/li>\r\n\r\n\r\n\r\n<li>Kabineh\u00f8jde: 4 fod 10 tommer;<\/li>\r\n\r\n\r\n\r\n<li>Kabinel\u00e6ngde: 15 fod 7 tommer;<\/li>\r\n\r\n\r\n\r\n<li>Kabinebredde: 4 fod 11 tommer;<\/li>\r\n\r\n\r\n\r\n<li>Krydstogtshastighed: 450 knob;&nbsp;<\/li>\r\n\r\n\r\n\r\n<li>Flyver\u00e6kkevidde: 1.180 s\u00f8mil.<\/li>\r\n<\/ul>\r\n\r\n\r\n\r\n<h3 class=\"wp-block-heading\"><span class=\"ez-toc-section\" id=\"3_Midsize_Private_Jets\"><\/span>3. Mellemstore private jetfly<span class=\"ez-toc-section-end\"><\/span><\/h3>\r\n\r\n\r\n\r\n<p>Hvis du har brug for flere s\u00e6der, mere loftsh\u00f8jde og mere plads, end et lille fly kan tilbyde, er mellemstore private jetfly den rigtige m\u00e5de at flyve p\u00e5. De er perfekte til flyvninger p\u00e5 omkring 4 til 5 timer og er en smule hurtigere end deres lette modstykker.<\/p>\r\n\r\n\r\n\r\n<h4 class=\"wp-block-heading\"><span class=\"ez-toc-section\" id=\"Our_Recommendation_The_Citation_ExcelXLS\"><\/span>Vores anbefaling: Citation Excel\/XLS<span class=\"ez-toc-section-end\"><\/span><\/h4>\r\n\r\n\r\n\r\n<p><a href=\"https:\/\/comparemyjet.com\/da\/cessna\/\" data-internallinksmanager029f6b8e52c=\"145\" title=\"Ultimativ guide til Cessnas private jetfly og flyvemaskiner\">Cessna Aircraft<\/a> Virksomheden producerede Cessna Citation XLS som den f\u00f8rste generation af Citation Excel, der f\u00f8rst kom p\u00e5 vingerne i 2003. Den er en del af Citation-familien af business jets, som omfatter en r\u00e6kke forskellige modeller.<\/p>\r\n\r\n\r\n\r\n<p>Specifikationer:<\/p>\r\n\r\n\r\n\r\n<ul class=\"wp-block-list\">\r\n<li>Passagerer: 8;<\/li>\r\n\r\n\r\n\r\n<li>Maksimal r\u00e6kkevidde: 1989 nm;<\/li>\r\n\r\n\r\n\r\n<li>Max hastighed: 433 kts;<\/li>\r\n\r\n\r\n\r\n<li>Stigningshastighed: 3500 fpm;<\/li>\r\n\r\n\r\n\r\n<li>Kabineh\u00f8jde: 5 fod 7 tommer;<\/li>\r\n\r\n\r\n\r\n<li>Kabinel\u00e6ngde: 18 fod 7 tommer;<\/li>\r\n\r\n\r\n\r\n<li>Kabinebredde: 5 fod 5 tommer.&nbsp;<\/li>\r\n<\/ul>\r\n\r\n\r\n\r\n<h3 class=\"wp-block-heading\"><span class=\"ez-toc-section\" id=\"4_Super-Midsize_Private_Jets\"><\/span>4. Super-mellemstore private jetfly&nbsp;<span class=\"ez-toc-section-end\"><\/span><\/h3>\r\n\r\n\r\n\r\n<p>Super mid jets er mindre og mere br\u00e6ndstofeffektive end heavy jets, med en st\u00f8rre r\u00e6kkevidde til en lavere pris. Hvis du har brug for et privatfly med lang r\u00e6kkevidde og god landingsbanekapacitet, kan du v\u00e6lge et jetfly fra kategorien super-midsize.<\/p>\r\n\r\n\r\n\r\n<h4 class=\"wp-block-heading\"><span class=\"ez-toc-section\" id=\"Our_Recommendation_The_Citation_X\"><\/span>Vores anbefaling: Citation X<span class=\"ez-toc-section-end\"><\/span><\/h4>\r\n\r\n\r\n\r\n<p>Cessna Citation X er en ny generation af mellemstore forretningsfly med \u00f8get hastighed og et forseglet bagagerum. Dette fly er det hurtigste forretningsfly, der produceres i \u00f8jeblikket, med en r\u00e6kke hastighedsrekorder bag sig.<\/p>\r\n\r\n\r\n\r\n<p>Specifikationer:<\/p>\r\n\r\n\r\n\r\n<ul class=\"wp-block-list\">\r\n<li>Passagerer: 8;<\/li>\r\n\r\n\r\n\r\n<li>Max hastighed: 525 knob;<\/li>\r\n\r\n\r\n\r\n<li>Maksimal r\u00e6kkevidde: 3125 nm;<\/li>\r\n\r\n\r\n\r\n<li>Kabineh\u00f8jde: 5 fod 7 tommer;<\/li>\r\n\r\n\r\n\r\n<li>Kabinel\u00e6ngde: 23 fod 9 tommer<\/li>\r\n\r\n\r\n\r\n<li>Kabinebredde: 5 fod 5 tommer;<\/li>\r\n\r\n\r\n\r\n<li>Flyver\u00e6kkevidde: 3.111 s\u00f8mil.<\/li>\r\n<\/ul>\r\n\r\n\r\n\r\n<h3 class=\"wp-block-heading\"><span class=\"ez-toc-section\" id=\"5_Large_Private_Jets\"><\/span>5. Store private jetfly<span class=\"ez-toc-section-end\"><\/span><\/h3>\r\n\r\n\r\n\r\n<p>Alt er muligt, n\u00e5r man har adgang til disse ekstremt tilpasningsdygtige, state-of-the-art, gigantiske privatfly. Tunge jetfly kan rumme 10-15 passagerer eller mere og tilbyder ekstra benplads og komfort.&nbsp;<\/p>\r\n\r\n\r\n\r\n<h4 class=\"wp-block-heading\"><span class=\"ez-toc-section\" id=\"Our_Recommendation_The_Gulfstream_G450\"><\/span>Vores anbefaling: Gulfstream G450<span class=\"ez-toc-section-end\"><\/span><\/h4>\r\n\r\n\r\n\r\n<p>Den <a href=\"https:\/\/comparemyjet.com\/da\/gulfstream\/\" data-internallinksmanager029f6b8e52c=\"175\" title=\"Den ultimative guide til Gulfstream privatfly og -flyvemaskiner\">Gulfstream<\/a> G450 er det mest fantastiske jetfly med stor kabine i sin klasse.&nbsp;&nbsp;<\/p>\r\n\r\n\r\n\r\n<p>Specifikationer:<\/p>\r\n\r\n\r\n\r\n<ul class=\"wp-block-list\">\r\n<li>Passagerer: 8-14;&nbsp;<\/li>\r\n\r\n\r\n\r\n<li>Maksimal r\u00e6kkevidde: 4350 nm;<\/li>\r\n\r\n\r\n\r\n<li>Max hastighed: 586 knob;<\/li>\r\n\r\n\r\n\r\n<li>Kabineh\u00f8jde: 6 ft 2 in;<\/li>\r\n\r\n\r\n\r\n<li>Kabinel\u00e6ngde: 40 fod 4 tommer;<\/li>\r\n\r\n\r\n\r\n<li>Kabinebredde: 7 fod 4 tommer;<\/li>\r\n\r\n\r\n\r\n<li>Krydstogtshastighed: 533 knob.<\/li>\r\n<\/ul>\r\n\r\n\r\n\r\n<h2 class=\"wp-block-heading\"><span class=\"ez-toc-section\" id=\"Conclusion\"><\/span>Konklusion<span class=\"ez-toc-section-end\"><\/span><\/h2>\r\n\r\n\r\n\r\n<figure class=\"wp-block-image size-full is-style-default\"><img loading=\"lazy\" decoding=\"async\" width=\"1000\" height=\"391\" src=\"https:\/\/comparemyjet.com\/wp-content\/uploads\/A-Delta-Airlines-jet.jpg\" alt=\"Et jetfly fra Delta Airlines\" class=\"wp-image-4402\" srcset=\"https:\/\/comparemyjet.com\/wp-content\/uploads\/A-Delta-Airlines-jet-18x7.jpg 18w, https:\/\/comparemyjet.com\/wp-content\/uploads\/A-Delta-Airlines-jet-300x117.jpg 300w, https:\/\/comparemyjet.com\/wp-content\/uploads\/A-Delta-Airlines-jet-768x300.jpg 768w, https:\/\/comparemyjet.com\/wp-content\/uploads\/A-Delta-Airlines-jet.jpg 1000w\" sizes=\"auto, (max-width: 1000px) 100vw, 1000px\" \/><\/figure>\r\n\r\n\r\n\r\n<p>Selvom Delta Private Jets fungerede godt og havde mange tilfredse kunder, blev det endnu bedre med fusionen med Wheels Up. Se vores artikel om Wheels Up p\u00e5 f\u00f8lgende link <a href=\"https:\/\/comparemyjet.com\/da\/wheels-up\/\">link<\/a> til at hj\u00e6lpe dig med at evaluere og v\u00e6lge dit private jetflyselskab.&nbsp;<\/p>","protected":false},"excerpt":{"rendered":"<p>Delta Air Lines er verdens f\u00f8rende flyselskab med hensyn til varer, tjenester, innovation, p\u00e5lidelighed og kundeoplevelse i USA. Selskabet tilbyder en rejseoplevelse i verdensklasse, samtidig med at det tjener branchens f\u00f8rende afkast til aktion\u00e6rerne.  Deltas private jetfly, flyselskabets charterservice, har indg\u00e5et et samarbejde med det f\u00f8rende private luftfartsm\u00e6rke Wheels Up to ...<\/p>","protected":false},"author":1,"featured_media":4400,"parent":0,"menu_order":0,"comment_status":"closed","ping_status":"closed","template":"","meta":{"_acf_changed":false,"_genesis_hide_title":false,"_genesis_hide_breadcrumbs":false,"_genesis_hide_singular_image":false,"_genesis_hide_footer_widgets":false,"_genesis_custom_body_class":"","_genesis_custom_post_class":"","_genesis_layout":"","footnotes":""},"class_list":{"1":"page","2":"type-page","6":"entry"},"acf":[],"_links":{"self":[{"href":"https:\/\/comparemyjet.com\/da\/wp-json\/wp\/v2\/pages\/4399","targetHints":{"allow":["GET"]}}],"collection":[{"href":"https:\/\/comparemyjet.com\/da\/wp-json\/wp\/v2\/pages"}],"about":[{"href":"https:\/\/comparemyjet.com\/da\/wp-json\/wp\/v2\/types\/page"}],"author":[{"embeddable":true,"href":"https:\/\/comparemyjet.com\/da\/wp-json\/wp\/v2\/users\/1"}],"replies":[{"embeddable":true,"href":"https:\/\/comparemyjet.com\/da\/wp-json\/wp\/v2\/comments?post=4399"}],"version-history":[{"count":2,"href":"https:\/\/comparemyjet.com\/da\/wp-json\/wp\/v2\/pages\/4399\/revisions"}],"predecessor-version":[{"id":4434,"href":"https:\/\/comparemyjet.com\/da\/wp-json\/wp\/v2\/pages\/4399\/revisions\/4434"}],"wp:featuredmedia":[{"embeddable":true,"href":"https:\/\/comparemyjet.com\/da\/wp-json\/wp\/v2\/media\/4400"}],"wp:attachment":[{"href":"https:\/\/comparemyjet.com\/da\/wp-json\/wp\/v2\/media?parent=4399"}],"curies":[{"name":"wp","href":"https:\/\/api.w.org\/{rel}","templated":true}]}}