{"id":2034,"date":"2021-08-25T22:04:02","date_gmt":"2021-08-25T22:04:02","guid":{"rendered":"https:\/\/comparemyjet.com\/?page_id=2034"},"modified":"2025-09-04T09:58:23","modified_gmt":"2025-09-04T09:58:23","slug":"wie-kaufe-ich-ein-privatflugzeug","status":"publish","type":"page","link":"https:\/\/comparemyjet.com\/de\/wie-kaufe-ich-ein-privatflugzeug\/","title":{"rendered":"Wie man einen Privatjet kauft"},"content":{"rendered":"<p>Sie fliegen also schon seit einiger Zeit privat herum. Das Mieten oder Chartern von Privatjets f\u00fcr Sie und Ihre Reisegruppe und das Buchen von Last-Minute-Sitzpl\u00e4tzen auf Gemeinschaftsfl\u00fcgen f\u00fcr 30 Personen sind alles gute Optionen, aber wenn Sie die Zahlen durchrechnen, fragen Sie sich am Ende - warum nicht mein eigenes Privatflugzeug?<\/p>\r\n\r\n\r\n\r\n<p>Experten zufolge ist es ein guter Zeitpunkt, \u00fcber einen eigenen Jet nachzudenken, sobald man mehr als 200 Stunden pro Jahr in der Luft verbringt.<\/p>\r\n\r\n\r\n\r\n<p>Und obwohl es sich um eine enorme einmalige Investition handelt, ist es durchaus realistisch, dass sie sich am Ende auszahlen wird.<\/p>\r\n\r\n\r\n\r\n<p>Wenn es Ihnen nicht fremd ist, Zehntausende von Dollar f\u00fcr einen einzigen Flug auszugeben, dann sollte der Kauf eines mehrere Millionen Dollar teuren Jets nur f\u00fcr Ihren eigenen Flugkomfort auf Ihrer Liste der M\u00f6glichkeiten stehen.<\/p>\r\n\r\n\r\n\r\n<p>Da die <a href=\"https:\/\/www.barrons.com\/articles\/SB123992033953526967\" target=\"_blank\" rel=\"noreferrer noopener nofollow\">Rezession 2008<\/a>und einem Preisr\u00fcckgang im Jahr 2009 gab es nie einen besseren Zeitpunkt, um ein Privatflugzeug zu kaufen. Die Pandemie hat Privatjets attraktiver und leichter verf\u00fcgbar gemacht als je zuvor, sei es, um sie f\u00fcr gelegentliche Fl\u00fcge zu mieten oder um einen ganzen Privatjet zu kaufen.<\/p>\r\n\r\n\r\n\r\n<p>Nach Angaben von Flugzeugverkaufsunternehmen wie <a href=\"https:\/\/www.jetcraft.com\/\" target=\"_blank\" rel=\"noreferrer noopener nofollow\">Jetcraft<\/a>Die neuen und jungen Million\u00e4re, die sich f\u00fcr den Kauf von Privatjets interessieren, greifen immer h\u00e4ufiger zu Flugzeugen aus zweiter Hand oder aus Vorbesitz. Sie sind schneller zu kaufen und zu liefern und nicht selten in einem hervorragenden Zustand.<\/p>\r\n\r\n\r\n\r\n<p>Die \u00e4ltere und erfahrenere Jet-Set-Crew scheint jedoch neue, frisch hergestellte Flugzeuge zu bevorzugen.<\/p>\r\n\r\n\r\n\r\n<p>In welchem Team sind Sie?<\/p>\r\n\r\n\r\n\r\n<div class=\"wp-block-image\"><figure class=\"aligncenter size-full\"><img loading=\"lazy\" decoding=\"async\" width=\"910\" height=\"607\" src=\"https:\/\/comparemyjet.com\/wp-content\/uploads\/2021\/08\/How-To-Buy-a-Private-Jet-2.jpg\" alt=\"Mann steigt aus Privatjet aus\" class=\"wp-image-2036\" srcset=\"https:\/\/comparemyjet.com\/wp-content\/uploads\/2021\/08\/How-To-Buy-a-Private-Jet-2-300x200.jpg 300w, https:\/\/comparemyjet.com\/wp-content\/uploads\/2021\/08\/How-To-Buy-a-Private-Jet-2-768x512.jpg 768w, https:\/\/comparemyjet.com\/wp-content\/uploads\/2021\/08\/How-To-Buy-a-Private-Jet-2.jpg 910w\" sizes=\"auto, (max-width: 910px) 100vw, 910px\" \/><\/figure><\/div>\r\n\r\n\r\n\r\n<h2 class=\"wp-block-heading\">Eine Vorwarnung f\u00fcr Sie...<\/h2>\r\n\r\n\r\n\r\n<p>Unabh\u00e4ngig davon, wie erfahren Sie als Gesch\u00e4ftsmann sind, <strong>Lassen Sie sich nicht allein darauf ein<\/strong>. Nicht umsonst gibt es spezielle Unternehmen, die Ihnen den Kauf und die Regulierung Ihres Privatjets als Eigentum erleichtern. Wenn Sie nicht selbst ein Experte auf diesem Gebiet sind, empfehlen wir Ihnen dringend, sich von Experten beraten zu lassen, um sicherzustellen, dass alles in Ordnung ist. Es gibt einfach so viele Dinge, die schief gehen k\u00f6nnen.<\/p>\r\n\r\n\r\n\r\n<p>Diese Unternehmen k\u00f6nnen Sie auch gut beraten, welcher Flugzeugtyp am besten zu Ihren Flugbed\u00fcrfnissen und Ihrer Kaufkraft passt.&nbsp;<\/p>\r\n\r\n\r\n\r\n<p>Bedenken Sie au\u00dferdem, dass Sie den Jet nicht vollst\u00e4ndig besitzen m\u00fcssen. Es gibt andere Optionen, die dem ziemlich nahe kommen, wie zum Beispiel <a href=\"https:\/\/www.investopedia.com\/terms\/f\/fractionalownership.asp\" target=\"_blank\" rel=\"noreferrer noopener nofollow\">Bruchteilseigentum<\/a>, oder <a href=\"https:\/\/www.sherpareport.com\/aircraft\/aircraft-overview\/charter-cards.html\" target=\"_blank\" rel=\"noreferrer noopener nofollow\">Jet-Club-Mitgliedskarten<\/a> die Ihnen eine Vielzahl von M\u00f6glichkeiten zum Fliegen bieten.<\/p>\r\n\r\n\r\n\r\n<p>Jet-Club-Mitgliedskarten werden von verschiedenen Unternehmen verkauft, die jeweils unterschiedliche Konditionen anbieten. <a href=\"https:\/\/www.vistajet.com\/en-gb\/stories\/private-jet-card\/\" target=\"_blank\" rel=\"noreferrer noopener nofollow\">Vista Jet,<\/a> <a href=\"https:\/\/www.jetlinx.com\/jet-card\/\" target=\"_blank\" rel=\"noreferrer noopener nofollow\">Jet Linx<\/a>, <a href=\"https:\/\/jettly.com\/become_a_member\" target=\"_blank\" rel=\"noreferrer noopener nofollow\">Jettly<\/a>, <a href=\"https:\/\/www.wholesalejetclub.com\/\" target=\"_blank\" rel=\"noreferrer noopener nofollow\">Whole Sale Jet Club<\/a>, <a href=\"https:\/\/www.airpartner.com\/en\/private-jets\/jetcard\/\" target=\"_blank\" rel=\"noreferrer noopener nofollow\">AirPArtner<\/a> sind nur einige der beliebtesten Namen.<\/p>\r\n\r\n\r\n\r\n<p>Au\u00dferdem sollten Sie, sofern Sie kein Berufspilot sind, bedenken, dass der Kauf eines Jets nur der erste Schritt ist, um <strong>viele Ausgaben, die auf Sie warten<\/strong>. Aber was soll's - was sind schon $50.000 - $60.000 f\u00fcr ein Pilotengehalt pro Jahr, nachdem man mehrere Millionen Dollar f\u00fcr das Flugzeug selbst ausgegeben hat? Neben dem Piloten kommen noch die \u00fcbrige Kabinenbesatzung, Wartungs- und Betriebskosten, Hangarkosten, Steuern, Flughafengeb\u00fchren, Kraftstoff usw. hinzu.<\/p>\r\n\r\n\r\n\r\n<div class=\"wp-block-image\"><figure class=\"aligncenter size-large\"><img loading=\"lazy\" decoding=\"async\" width=\"1024\" height=\"683\" src=\"https:\/\/comparemyjet.com\/wp-content\/uploads\/2021\/08\/How-To-Buy-a-Private-Jet-3-1-1024x683.jpg\" alt=\"H\u00e4ndedruck\" class=\"wp-image-2043\" srcset=\"https:\/\/comparemyjet.com\/wp-content\/uploads\/2021\/08\/How-To-Buy-a-Private-Jet-3-1-300x200.jpg 300w, https:\/\/comparemyjet.com\/wp-content\/uploads\/2021\/08\/How-To-Buy-a-Private-Jet-3-1-768x512.jpg 768w, https:\/\/comparemyjet.com\/wp-content\/uploads\/2021\/08\/How-To-Buy-a-Private-Jet-3-1-1024x683.jpg 1024w, https:\/\/comparemyjet.com\/wp-content\/uploads\/2021\/08\/How-To-Buy-a-Private-Jet-3-1-1536x1024.jpg 1536w, https:\/\/comparemyjet.com\/wp-content\/uploads\/2021\/08\/How-To-Buy-a-Private-Jet-3-1.jpg 1920w\" sizes=\"auto, (max-width: 1024px) 100vw, 1024px\" \/><\/figure><\/div>\r\n\r\n\r\n\r\n<h2 class=\"wp-block-heading\">Wie man einen Privatjet kauft: Eine Schritt-f\u00fcr-Schritt-Anleitung<\/h2>\r\n\r\n\r\n\r\n<p>Hier finden Sie eine Schritt-f\u00fcr-Schritt-Anleitung f\u00fcr den Kauf eines Privatjets. Gehen Sie unbedingt alle Schritte durch, denn unabh\u00e4ngig davon, wie viel Geld Sie haben, ist es ein schmerzhafter Anf\u00e4ngerfehler, Millionen f\u00fcr etwas zu verschwenden, das nicht einmal die H\u00e4lfte des Geldes wert ist.<\/p>\r\n\r\n\r\n\r\n<ol class=\"wp-block-list\"><li>Ein vertrauensw\u00fcrdiger Berater und Unterst\u00fctzung durch Dritte sind ein Muss<\/li><\/ol>\r\n\r\n\r\n\r\n<p>Wie wir bereits dargelegt haben, ist der Kauf eines Privatjets keine kleine Investition. Wenn es schief geht, k\u00f6nnen Sie eine Menge Geld verlieren. Nat\u00fcrlich gibt es eine Spanne, wie viel es Sie kosten wird. Der Kauf eines gebrauchten Jets im Wert von $2 Millionen kann als teurer Fehler angesehen werden, aber was passiert, wenn Sie das falsche Flugzeug im Wert von $15 Millionen bis $100 Millionen kaufen?<\/p>\r\n\r\n\r\n\r\n<p>Deshalb ist die Zusammenarbeit mit vertrauensw\u00fcrdigen Maklern oder Beratern unabdingbar (es sei denn, Sie sind selbst ein Luftfahrtexperte).<\/p>\r\n\r\n\r\n\r\n<p>Unternehmen wie <a href=\"https:\/\/www.jetcraft.com\/\" target=\"_blank\" rel=\"noreferrer noopener nofollow\">Jetcraft<\/a>, <a href=\"https:\/\/www.jamesedition.com\/jets\" target=\"_blank\" rel=\"noreferrer noopener nofollow\">James-Ausgabe<\/a>, <a href=\"https:\/\/www.avbuyer.com\/aircraft\/private-jets\" target=\"_blank\" rel=\"noreferrer noopener nofollow\">Avbuyer<\/a>, <a href=\"https:\/\/www.globalair.com\/aircraft-for-sale\/Private-Jet\" target=\"_blank\" rel=\"noreferrer noopener nofollow\">Globalair<\/a>, <a href=\"https:\/\/www.worth.com\/how-to-buy-a-private-jet\/\" target=\"_blank\" rel=\"noreferrer noopener nofollow\">Worth<\/a>, <a href=\"https:\/\/www.jetlinx.com\/acquisitions-sales\/\" target=\"_blank\" rel=\"noreferrer noopener nofollow\">Jetlinx<\/a>, oder <a href=\"https:\/\/www.privatefly.com\/privatejet-services\/private-jet-buy-or-hire.html\" target=\"_blank\" rel=\"noreferrer noopener nofollow\">Privatefly<\/a> sind einige der besten Marktpl\u00e4tze f\u00fcr den Kauf eines Privatjets. Sie besch\u00e4ftigen auch Makler, in deren Interesse es liegt, dass Sie ein zufriedener Kunde werden.<\/p>\r\n\r\n\r\n\r\n<div class=\"wp-block-image\"><figure class=\"aligncenter size-large\"><img loading=\"lazy\" decoding=\"async\" width=\"1024\" height=\"429\" src=\"https:\/\/comparemyjet.com\/wp-content\/uploads\/2021\/08\/How-To-Buy-a-Private-Jet-5-1024x429.jpg\" alt=\"Unternehmens-Homepage\" class=\"wp-image-2039\" srcset=\"https:\/\/comparemyjet.com\/wp-content\/uploads\/2021\/08\/How-To-Buy-a-Private-Jet-5-300x126.jpg 300w, https:\/\/comparemyjet.com\/wp-content\/uploads\/2021\/08\/How-To-Buy-a-Private-Jet-5-768x322.jpg 768w, https:\/\/comparemyjet.com\/wp-content\/uploads\/2021\/08\/How-To-Buy-a-Private-Jet-5-1024x429.jpg 1024w, https:\/\/comparemyjet.com\/wp-content\/uploads\/2021\/08\/How-To-Buy-a-Private-Jet-5-1536x643.jpg 1536w, https:\/\/comparemyjet.com\/wp-content\/uploads\/2021\/08\/How-To-Buy-a-Private-Jet-5.jpg 1891w\" sizes=\"auto, (max-width: 1024px) 100vw, 1024px\" \/><\/figure><\/div>\r\n\r\n\r\n\r\n<p>Doch damit ist die Unterst\u00fctzung durch Dritte noch nicht ersch\u00f6pft. Sie ben\u00f6tigen auch einen auf die Luftfahrt spezialisierten Anwalt, eine Inspektionsagentur, eine Agentur f\u00fcr die Einstellung von Kabinenpersonal, einen Finanz-\/Steuerberater und einen Buchhalter.<\/p>\r\n\r\n\r\n\r\n<ol class=\"wp-block-list\" start=\"2\"><li>Kl\u00e4ren Sie die Details<\/li><\/ol>\r\n\r\n\r\n\r\n<p>Wohin wollen Sie mit Ihrem Flugzeug reisen? Wie oft wollen Sie fliegen? Wie viele Personen werden mit Ihnen reisen? Wie hoch ist Ihr Budget?<\/p>\r\n\r\n\r\n\r\n<p>All diese Details bestimmen den Typ des Flugzeugs, das Sie kaufen werden: mittelgro\u00df, Turboprop, klein, gebraucht oder ganz neu.<\/p>\r\n\r\n\r\n\r\n<p>Neue Jets sind in der Regel teurer, aber sie werden mit einer f\u00fcnfj\u00e4hrigen Garantie geliefert, w\u00e4hrend diese Sicherheit bei gebrauchten Jets nicht gegeben ist.<\/p>\r\n\r\n\r\n\r\n<p>Au\u00dferdem ist es wichtig, dass Sie mit dem Kontext vertraut sind. Wenn Sie lokal fliegen, gelten in Ihrem Land oder Ihrer Region m\u00f6glicherweise besondere Regeln und Anforderungen f\u00fcr kommerzielle Fl\u00fcge.<\/p>\r\n\r\n\r\n\r\n<p>Stellen Sie sicher, dass Sie diese Anforderungen in Bezug auf Ausr\u00fcstung, Sicherheit, Personal, Steuern, Geb\u00fchren usw. erf\u00fcllen.<\/p>\r\n\r\n\r\n\r\n<div class=\"wp-block-image\"><figure class=\"aligncenter size-large\"><img loading=\"lazy\" decoding=\"async\" width=\"1024\" height=\"437\" src=\"https:\/\/comparemyjet.com\/wp-content\/uploads\/2021\/08\/How-To-Buy-a-Private-Jet-1-1024x437.jpg\" alt=\"Wie-schaffe-ich-einen-Privatjet-1\" class=\"wp-image-2035\" srcset=\"https:\/\/comparemyjet.com\/wp-content\/uploads\/2021\/08\/How-To-Buy-a-Private-Jet-1-300x128.jpg 300w, https:\/\/comparemyjet.com\/wp-content\/uploads\/2021\/08\/How-To-Buy-a-Private-Jet-1-768x328.jpg 768w, https:\/\/comparemyjet.com\/wp-content\/uploads\/2021\/08\/How-To-Buy-a-Private-Jet-1-1024x437.jpg 1024w, https:\/\/comparemyjet.com\/wp-content\/uploads\/2021\/08\/How-To-Buy-a-Private-Jet-1-1536x656.jpg 1536w, https:\/\/comparemyjet.com\/wp-content\/uploads\/2021\/08\/How-To-Buy-a-Private-Jet-1.jpg 1751w\" sizes=\"auto, (max-width: 1024px) 100vw, 1024px\" \/><\/figure><\/div>\r\n\r\n\r\n\r\n<ol class=\"wp-block-list\" start=\"3\"><li>Demo-Fahrt<\/li><\/ol>\r\n\r\n\r\n\r\n<p>Es ist zwar v\u00f6llig normal, dass man Wert auf die \u00c4sthetik eines Flugzeugs legt, aber der Komfort, die Wirtschaftlichkeit und die Funktionalit\u00e4t sind in Wirklichkeit viel wichtiger.<\/p>\r\n\r\n\r\n\r\n<p>Deshalb empfehlen wir Ihnen, mit Ihrem zuk\u00fcnftigen Flugzeug eine Probefahrt zu machen. Wenn Sie noch nie in diesem Flugzeugmodell gesessen haben, k\u00f6nnen Sie vielleicht ein Charterunternehmen finden, das diesen Flugzeugtyp in seinem Angebot hat, und den Komfort, die Leistung, den L\u00e4rm und die Funktionalit\u00e4t testen.<\/p>\r\n\r\n\r\n\r\n<p>Es ist auch m\u00f6glich, dass der Verk\u00e4ufer Ihnen einen Probeflug gew\u00e4hrt, aber im Gegenzug m\u00fcssen Sie sich auf eine Form der Verpflichtung einlassen, z. B. eine Anzahlung vor dem Flug leisten.<\/p>\r\n\r\n\r\n\r\n<ol class=\"wp-block-list\" start=\"4\"><li>Beschaffung und Verwaltung<\/li><\/ol>\r\n\r\n\r\n\r\n<p>Erinnern Sie sich an die Unterst\u00fctzung durch Dritte aus Schritt 1?<\/p>\r\n\r\n\r\n\r\n<p>Nach der Probefahrt und wenn Sie sich sicher sind, welches Flugzeug Sie kaufen m\u00f6chten, finden Sie hier eine Liste von Schritten, die Sie bzw. Ihre Drittanbieter unternehmen m\u00fcssen, um den Kauf abzuschlie\u00dfen und Sie zum Besitzer eines Privatjets zu machen.<\/p>\r\n\r\n\r\n\r\n<ul class=\"wp-block-list\"><li>Inspektion vor dem Kauf<\/li><\/ul>\r\n\r\n\r\n\r\n<p>Unternehmen wie <a href=\"https:\/\/jetadvisors.com\/\" target=\"_blank\" rel=\"noreferrer noopener nofollow\">Jetadvisors<\/a>, <a href=\"https:\/\/www.vanguardairservices.com\/\" target=\"_blank\" rel=\"noreferrer noopener nofollow\">VanguardAirServices<\/a>, <a href=\"https:\/\/www.globalaviationtechnicalservices.com\/\" target=\"_blank\" rel=\"noreferrer noopener nofollow\">Global Aviation Technical Services<\/a>, oder <a href=\"https:\/\/cla.aero\/\" target=\"_blank\" rel=\"noreferrer noopener nofollow\">Cla.aero<\/a> sind nur einige der Experten, die Ihnen helfen k\u00f6nnen, festzustellen, ob es Sch\u00e4den, M\u00e4ngel oder eine Schadensgeschichte gibt, die den Wert Ihres Flugzeugs mindern w\u00fcrden.<\/p>\r\n\r\n\r\n\r\n<ul class=\"wp-block-list\"><li>\u00dcberpr\u00fcfung von Finanz- und Verkaufsunterlagen<\/li><\/ul>\r\n\r\n\r\n\r\n<p>Da es sich hier um Millionenbetr\u00e4ge handelt, ist es sehr wichtig, dass alle Dokumente richtig sortiert sind und sich alles im gesetzlichen Rahmen bewegt.<\/p>\r\n\r\n\r\n\r\n<p>Wenn Sie nicht bereits einen pers\u00f6nlichen Berater haben, der ein Experte auf diesem Gebiet ist, k\u00f6nnen Sie eine separate Agentur beauftragen, die diesen Schritt f\u00fcr Sie \u00fcbernimmt. Da die Luftfahrt eine so spezifische Nische ist, gibt es Unternehmen, die sich ausschlie\u00dflich auf die finanziellen oder rechtlichen Aspekte des Flugzeugverkaufs spezialisiert haben.<\/p>\r\n\r\n\r\n\r\n<p>Einige von ihnen sind <a href=\"https:\/\/www.globaljetcapital.com\/financial-services\" target=\"_blank\" rel=\"noreferrer noopener nofollow\">GlobalJetCapital<\/a>, <a href=\"https:\/\/finance.aopa.org\/aviation-finance\/first-time-buyers\" target=\"_blank\" rel=\"noreferrer noopener nofollow\">AOPA Finanzen<\/a>und <a href=\"https:\/\/theprivatejetcompany.com\/\" target=\"_blank\" rel=\"noreferrer noopener nofollow\">ThePrivateJetCompany<\/a>. Diese k\u00f6nnen Ihnen dabei helfen, auf Ihre besonderen finanziellen Verh\u00e4ltnisse einzugehen, Ihnen Verkaufs- oder Lease-back-Programme anzubieten, Sie zu beraten, wie Sie den Preis in Abh\u00e4ngigkeit von Ihrer Finanzkraft und den Inspektionsergebnissen verhandeln k\u00f6nnen, und schlie\u00dflich den Kaufvertrag abzuschlie\u00dfen.<\/p>\r\n\r\n\r\n\r\n<ul class=\"wp-block-list\"><li>Registrierung und Besitz von Flugzeugen<\/li><\/ul>\r\n\r\n\r\n\r\n<p>Jedes Land hat seine eigenen Vorschriften f\u00fcr die Registrierung von Flugzeugen. Innerhalb eines Landes k\u00f6nnen sich diese noch weiter unterscheiden, je nachdem, ob es sich um einen Einzeleigent\u00fcmer, eine GmbH oder einen Trust handelt, der ein Flugzeug registriert. Hinzu kommen Faktoren wie die Frage, ob es sich um ein leichtes Sportflugzeug oder ein von Amateuren gebautes Flugzeug handelt, usw.<\/p>\r\n\r\n\r\n\r\n<p>Es gibt auch Vorschriften dar\u00fcber, wer in einem bestimmten Land zur Registrierung eines Flugzeugs berechtigt ist und wer nicht.<\/p>\r\n\r\n\r\n\r\n<p>Zum Gl\u00fcck f\u00fcr Sie sind all diese Informationen <a href=\"https:\/\/www.faa.gov\/licenses_certificates\/aircraft_certification\/aircraft_registry\/register_aircraft\/\" target=\"_blank\" rel=\"noreferrer noopener nofollow\">einfacher Zugang zu den Websites der Beh\u00f6rden<\/a>Sie bieten gr\u00fcndliche und detaillierte Erkl\u00e4rungen zu Ihren Verpflichtungen gegen\u00fcber dem Staat, wenn es um den Besitz und die Registrierung eines Privatjets geht.<\/p>\r\n\r\n\r\n\r\n<p>Dar\u00fcber hinaus kann die Registrierung des Eigentums ziemlich un\u00fcbersichtlich werden, wenn Sie sich f\u00fcr eine Teilhaberschaft entscheiden. Wenn Sie hingegen das ganze Flugzeug kaufen, f\u00fchren Sie praktisch ein (weiteres) Unternehmen: Sie stellen Mitarbeiter ein, planen die Instandhaltung, zahlen Steuern und Geb\u00fchren und sind rechtlich verantwortlich.<\/p>\r\n\r\n\r\n\r\n<p>Deshalb brauchen Sie auch bei diesem Schritt einen externen Berater.<\/p>\r\n\r\n\r\n\r\n<ul class=\"wp-block-list\"><li>Export-Luftt\u00fcchtigkeitszeugnisse<\/li><\/ul>\r\n\r\n\r\n\r\n<p>Wenn Sie ein Flugzeug in die USA einf\u00fchren wollen, ist es viel wichtiger, darauf zu achten, wo das Flugzeug stationiert ist, genutzt und gewartet wird, als wo es offiziell registriert ist. Selbst wenn das Herkunftsland als verd\u00e4chtig bekannt ist: Wenn das Flugzeug von einem legalen Ort aus betrieben wurde, alle Dokumente in englischer Sprache verfasst sind und sie alle erforderlichen Kriterien erf\u00fcllen, sind die administrativen Probleme im Handumdrehen gel\u00f6st.<\/p>\r\n\r\n\r\n\r\n<p>Beim Kauf eines ausl\u00e4ndischen Flugzeugs ist jedoch ein hohes Ma\u00df an Sorgfaltspflicht erforderlich. Jedes Land hat seine eigenen Vorschriften, die sowohl Sie als auch der Verk\u00e4ufer einhalten m\u00fcssen.<\/p>\r\n\r\n\r\n\r\n<p>Au\u00dferdem sollten die fr\u00fcheren Reiserouten des Flugzeugs ermittelt werden, damit Sie eventuelle nicht gel\u00f6schte Pfandrechte feststellen k\u00f6nnen, denn Sie m\u00f6chten solche \u00dcberraschungen bei Ihrer n\u00e4chsten Reise in dieselben L\u00e4nder (falls es welche gibt) vermeiden.<\/p>\r\n\r\n\r\n\r\n<p>Das wichtigste Dokument, das Sie zu diesem Zeitpunkt erhalten m\u00fcssen, ist wahrscheinlich die <strong>Luftt\u00fcchtigkeitszeugnis<\/strong>. Diese wird vom DAR (Designated Airworthiness Representative) ausgestellt, einem staatlich zugelassenen Wartungstechniker. Nat\u00fcrlich gibt es viele Schritte in diesem Verfahren, die Sie nicht allein durchlaufen sollten. Unternehmen wie <a href=\"https:\/\/www.bjtonline.com\/\" target=\"_blank\" rel=\"noreferrer noopener nofollow\">BTJOnline<\/a>, oder <a href=\"https:\/\/www.duncanaviation.aero\/\" target=\"_blank\" rel=\"noreferrer noopener nofollow\">DuncanAviationAero<\/a> kann Sie durch den gesamten Prozess begleiten und alle erforderlichen Dienstleistungen erbringen.<\/p>\r\n\r\n\r\n\r\n<ul class=\"wp-block-list\"><li>Versicherungspolicen<\/li><\/ul>\r\n\r\n\r\n\r\n<p>Eine Privatjetversicherung ist eine ziemlich gro\u00dfe Sache. Wir zahlen f\u00fcr Versicherungen f\u00fcr weitaus kleinere Investitionen wie den Kauf eines Autos, also ist es selbstverst\u00e4ndlich, dass Sie auch beim Kauf eines Privatjets eine Versicherung abschlie\u00dfen m\u00fcssen.<\/p>\r\n\r\n\r\n\r\n<p>Es gibt viele Agenturen, die diese Art von Dienstleistung anbieten, z. B. <a href=\"https:\/\/bwifly.com\/aviation-insurance\/\" target=\"_blank\" rel=\"noreferrer noopener nofollow\">BWI-Fliege<\/a>, <a href=\"https:\/\/www.usaa.com\/inet\/wc\/insurance_aviation\" target=\"_blank\" rel=\"noreferrer noopener nofollow\">USAA<\/a>, <a href=\"https:\/\/www.wingsinsurance.com\/\" target=\"_blank\" rel=\"noreferrer noopener nofollow\">Fl\u00fcgel<\/a>, <a href=\"https:\/\/www.ap-aerospace.com\/aircraft-renters-insurance\" target=\"_blank\" rel=\"noreferrer noopener nofollow\">AssuredPartners Luft- und Raumfahrt<\/a>, <a href=\"https:\/\/www.eaa.org\/eaa\/eaa-membership\/eaa-member-benefits\/insurance\/EAA-warbird-aircraft-insurance-plan\" target=\"_blank\" rel=\"noreferrer noopener nofollow\">EAA<\/a>, <a href=\"https:\/\/www.avemco.com\/\" target=\"_blank\" rel=\"noreferrer noopener nofollow\">Avemco<\/a>, <a href=\"https:\/\/www.saxoninsurancebrokers.com\/\" target=\"_blank\" rel=\"noreferrer noopener nofollow\">Saxon Versicherungsmakler<\/a>, <a href=\"https:\/\/www.traversaviation.com\/\" target=\"_blank\" rel=\"noreferrer noopener nofollow\">TraverseAviation<\/a>, <a href=\"https:\/\/www.ajg.com\/\" target=\"_blank\" rel=\"noreferrer noopener nofollow\">AJG<\/a>, usw.<\/p>\r\n\r\n\r\n\r\n<ul class=\"wp-block-list\"><li>Abschluss und Unterzeichnung<\/li><\/ul>\r\n\r\n\r\n\r\n<div class=\"wp-block-image\"><figure class=\"aligncenter size-large is-resized\"><img loading=\"lazy\" decoding=\"async\" src=\"https:\/\/comparemyjet.com\/wp-content\/uploads\/2021\/08\/How-To-Buy-a-Private-Jet-4-1024x683.jpg\" alt=\"Unterzeichnung von Dokumenten\" class=\"wp-image-2038\" width=\"1000\" height=\"666\" srcset=\"https:\/\/comparemyjet.com\/wp-content\/uploads\/2021\/08\/How-To-Buy-a-Private-Jet-4-300x200.jpg 300w, https:\/\/comparemyjet.com\/wp-content\/uploads\/2021\/08\/How-To-Buy-a-Private-Jet-4-768x512.jpg 768w, https:\/\/comparemyjet.com\/wp-content\/uploads\/2021\/08\/How-To-Buy-a-Private-Jet-4-1024x683.jpg 1024w, https:\/\/comparemyjet.com\/wp-content\/uploads\/2021\/08\/How-To-Buy-a-Private-Jet-4.jpg 1200w\" sizes=\"auto, (max-width: 1000px) 100vw, 1000px\" \/><\/figure><\/div>\r\n\r\n\r\n\r\n<p>Nat\u00fcrlich ist der Abschluss des Gesch\u00e4fts und die Unterzeichnung des Kaufvertrags der letzte Schritt des Prozesses. Sobald Sie diesen Schritt erreicht haben, ist die stressige Verwaltung vorbei, und Sie sind bereit, Besitzer eines Privatjets zu werden!<\/p>\r\n\r\n\r\n\r\n<h2 class=\"wp-block-heading\">Zusammenfassung<\/h2>\r\n\r\n\r\n\r\n<p>Der Kauf eines Privatflugzeugs oder sogar die Beteiligung an einem Flugzeug ist ein gro\u00dfer Schritt im Leben eines jeden Menschen. Aber wenn man erst einmal einige Zeit in der Luft mit einem Privatflugzeug verbracht hat, kann man nie wieder zu einem kommerziellen Flugzeug zur\u00fcckkehren. Und wenn man erst einmal 200 Flugstunden pro Jahr hinter sich gebracht hat, ist es klar, dass sich ein eigenes Flugzeug auszahlt.<\/p>\r\n\r\n\r\n\r\n<p>Der Besitz eines Flugzeugs ist wie die F\u00fchrung eines Unternehmens. Wenn Sie bereit sind, ein Flugzeug zu kaufen, gehen wir davon aus, dass Sie bereits Erfahrung im Management haben - oder \u00fcber die notwendigen Mittel verf\u00fcgen, um diese Aufgabe an jemanden zu delegieren, dem Sie vertrauen k\u00f6nnen.<\/p>\r\n\r\n\r\n\r\n<p>Doch egal wie erfahren Sie sind, wenn Sie kein Luftfahrtexperte sind, sollten Sie <strong>Unterst\u00fctzung suchen<\/strong> f\u00fcr alle Stufen und Schritte des Flugzeugkaufs: von der Auswahl des perfekten Flugzeugs bis zum Abschluss komplexer Verwaltungsprozesse.<\/p>\r\n\r\n\r\n\r\n<p>Au\u00dferdem sollten Sie mit Ihrem Berater besprechen, was Sie mit Ihrem Flugzeug machen wollen. Was werden Ihre h\u00e4ufigsten Ziele sein? Wie viele Passagiere wollen Sie mitnehmen? Sie m\u00fcssen festlegen <strong>welche Art von Flugzeug<\/strong> Ihre Bed\u00fcrfnisse am besten erf\u00fcllt.<\/p>\r\n\r\n\r\n\r\n<p>Wenn Sie sich \u00fcber die Spezifikationen Ihres Flugzeugs im Klaren sind, ist es an der Zeit, es zu testen <strong>Demofahrt<\/strong>. Chartern Sie entweder einen Flug mit diesem Flugzeugtyp, oder bitten Sie den Verk\u00e4ufer, Sie gegen eine bestimmte Kaution mitzunehmen.<\/p>\r\n\r\n\r\n\r\n<p>Wenn Sie sich schlie\u00dflich \u00fcber den Flugzeugtyp im Klaren sind, ist es an der Zeit, die Verwaltung zu kl\u00e4ren. Dies ist ein komplexer Prozess, der Folgendes erfordert:<\/p>\r\n\r\n\r\n\r\n<ul class=\"wp-block-list\"><li>Ein Makler;<\/li><li>Ein Anwalt;<\/li><li>Ein Buchhalter\/Experte f\u00fcr Finanzen;<\/li><li>Eine Kontrollstelle;<\/li><li>Unterst\u00fctzung bei der Erlangung einer Ausfuhrbescheinigung.<\/li><\/ul>\r\n\r\n\r\n\r\n<p>Dann m\u00fcssen Sie nur noch das Gesch\u00e4ft abschlie\u00dfen und den Vertrag unterzeichnen.<\/p>\r\n\r\n\r\n\r\n<p>Was steht als N\u00e4chstes an? Eine Flugreise mit deinem neuen Spielzeug!<\/p>","protected":false},"excerpt":{"rendered":"<p>Sie fliegen also schon seit einiger Zeit privat herum. Das Mieten oder Chartern von Privatjets f\u00fcr Sie und Ihre Reisegruppe und das Buchen von Last-Minute-Sitzpl\u00e4tzen auf Gemeinschaftsfl\u00fcgen f\u00fcr 30 Personen sind alles gute Optionen, aber wenn Sie die Zahlen durchrechnen, fragen Sie sich am Ende - warum nicht mein eigenes Privatflugzeug? Nach Meinung von Experten, wenn Sie ...<\/p>","protected":false},"author":1,"featured_media":2035,"parent":0,"menu_order":0,"comment_status":"closed","ping_status":"closed","template":"","meta":{"_acf_changed":false,"_genesis_hide_title":false,"_genesis_hide_breadcrumbs":false,"_genesis_hide_singular_image":false,"_genesis_hide_footer_widgets":false,"_genesis_custom_body_class":"","_genesis_custom_post_class":"","_genesis_layout":"","footnotes":""},"class_list":{"1":"page","2":"type-page","6":"entry"},"acf":[],"_links":{"self":[{"href":"https:\/\/comparemyjet.com\/de\/wp-json\/wp\/v2\/pages\/2034","targetHints":{"allow":["GET"]}}],"collection":[{"href":"https:\/\/comparemyjet.com\/de\/wp-json\/wp\/v2\/pages"}],"about":[{"href":"https:\/\/comparemyjet.com\/de\/wp-json\/wp\/v2\/types\/page"}],"author":[{"embeddable":true,"href":"https:\/\/comparemyjet.com\/de\/wp-json\/wp\/v2\/users\/1"}],"replies":[{"embeddable":true,"href":"https:\/\/comparemyjet.com\/de\/wp-json\/wp\/v2\/comments?post=2034"}],"version-history":[{"count":2,"href":"https:\/\/comparemyjet.com\/de\/wp-json\/wp\/v2\/pages\/2034\/revisions"}],"predecessor-version":[{"id":2044,"href":"https:\/\/comparemyjet.com\/de\/wp-json\/wp\/v2\/pages\/2034\/revisions\/2044"}],"wp:featuredmedia":[{"embeddable":true,"href":"https:\/\/comparemyjet.com\/de\/wp-json\/wp\/v2\/media\/2035"}],"wp:attachment":[{"href":"https:\/\/comparemyjet.com\/de\/wp-json\/wp\/v2\/media?parent=2034"}],"curies":[{"name":"wp","href":"https:\/\/api.w.org\/{rel}","templated":true}]}}