{"id":2071,"date":"2021-09-06T19:59:12","date_gmt":"2021-09-06T19:59:12","guid":{"rendered":"https:\/\/comparemyjet.com\/?page_id=2071"},"modified":"2025-09-04T09:58:23","modified_gmt":"2025-09-04T09:58:23","slug":"how-to-book-empty-leg-flights","status":"publish","type":"page","link":"https:\/\/comparemyjet.com\/de\/how-to-book-empty-leg-flights\/","title":{"rendered":"Wie man Leerfl\u00fcge bucht"},"content":{"rendered":"<p>Wenn Sie Passagier eines Privatjets sind oder zumindest einmal in Ihrem Leben waren, haben Sie wahrscheinlich schon von dem Begriff \"empty legs\" geh\u00f6rt. Viele Menschen wissen um die Existenz dieses Begriffs, sind sich aber nicht sicher, was er wirklich bedeutet und warum er f\u00fcr sie von Bedeutung sein sollte.<\/p>\r\n\r\n\r\n\r\n<p>In diesem Artikel werde ich erkl\u00e4ren, was <em>Leerfl\u00fcge<\/em> sind, wie praktisch sie sind und wie man einen Privatjet findet und bucht, also fangen wir an.<\/p>\r\n\r\n\r\n\r\n<div id=\"ez-toc-container\" class=\"ez-toc-v2_0_76 counter-hierarchy ez-toc-counter ez-toc-grey ez-toc-container-direction\">\n<p class=\"ez-toc-title\" style=\"cursor:inherit\">Themen<\/p>\n<label for=\"ez-toc-cssicon-toggle-item-69ee902b49e27\" class=\"ez-toc-cssicon-toggle-label\"><span class=\"\"><span class=\"eztoc-hide\" style=\"display:none;\">Umschalten auf<\/span><span class=\"ez-toc-icon-toggle-span\"><svg style=\"fill: #999;color:#999\" xmlns=\"http:\/\/www.w3.org\/2000\/svg\" class=\"list-377408\" width=\"20px\" height=\"20px\" viewbox=\"0 0 24 24\" fill=\"none\"><path d=\"M6 6H4v2h2V6zm14 0H8v2h12V6zM4 11h2v2H4v-2zm16 0H8v2h12v-2zM4 16h2v2H4v-2zm16 0H8v2h12v-2z\" fill=\"currentColor\"><\/path><\/svg><svg style=\"fill: #999;color:#999\" class=\"arrow-unsorted-368013\" xmlns=\"http:\/\/www.w3.org\/2000\/svg\" width=\"10px\" height=\"10px\" viewbox=\"0 0 24 24\" version=\"1.2\" baseprofile=\"tiny\"><path d=\"M18.2 9.3l-6.2-6.3-6.2 6.3c-.2.2-.3.4-.3.7s.1.5.3.7c.2.2.4.3.7.3h11c.3 0 .5-.1.7-.3.2-.2.3-.5.3-.7s-.1-.5-.3-.7zM5.8 14.7l6.2 6.3 6.2-6.3c.2-.2.3-.5.3-.7s-.1-.5-.3-.7c-.2-.2-.4-.3-.7-.3h-11c-.3 0-.5.1-.7.3-.2.2-.3.5-.3.7s.1.5.3.7z\"\/><\/svg><\/span><\/span><\/label><input type=\"checkbox\"  id=\"ez-toc-cssicon-toggle-item-69ee902b49e27\" checked aria-label=\"Umschalten auf\" \/><nav><ul class='ez-toc-list ez-toc-list-level-1' ><li class='ez-toc-page-1 ez-toc-heading-level-2'><a class=\"ez-toc-link ez-toc-heading-1\" href=\"https:\/\/comparemyjet.com\/de\/how-to-book-empty-leg-flights\/#What_Are_Empty_Leg_Flights\" >Was sind Leerfl\u00fcge?<\/a><ul class='ez-toc-list-level-3' ><li class='ez-toc-heading-level-3'><a class=\"ez-toc-link ez-toc-heading-2\" href=\"https:\/\/comparemyjet.com\/de\/how-to-book-empty-leg-flights\/#When_Do_Empty_Legs_Occur\" >Wann treten leere Beine auf?<\/a><\/li><li class='ez-toc-page-1 ez-toc-heading-level-3'><a class=\"ez-toc-link ez-toc-heading-3\" href=\"https:\/\/comparemyjet.com\/de\/how-to-book-empty-leg-flights\/#Is_Empty_Leg_Flying_Bad_For_The_Company\" >Ist das Fliegen mit leeren Beinen schlecht f\u00fcr das Unternehmen?<\/a><\/li><\/ul><\/li><li class='ez-toc-page-1 ez-toc-heading-level-2'><a class=\"ez-toc-link ez-toc-heading-4\" href=\"https:\/\/comparemyjet.com\/de\/how-to-book-empty-leg-flights\/#How_To_Book_Empty_Legs\" >Wie buche ich Empty Legs?<\/a><ul class='ez-toc-list-level-3' ><li class='ez-toc-heading-level-3'><a class=\"ez-toc-link ez-toc-heading-5\" href=\"https:\/\/comparemyjet.com\/de\/how-to-book-empty-leg-flights\/#The_Old_School_Way\" >Der alte Schulweg<\/a><\/li><li class='ez-toc-page-1 ez-toc-heading-level-3'><a class=\"ez-toc-link ez-toc-heading-6\" href=\"https:\/\/comparemyjet.com\/de\/how-to-book-empty-leg-flights\/#Contact_a_Charter_Broker\" >Kontakt zu einem Chartermakler<\/a><\/li><li class='ez-toc-page-1 ez-toc-heading-level-3'><a class=\"ez-toc-link ez-toc-heading-7\" href=\"https:\/\/comparemyjet.com\/de\/how-to-book-empty-leg-flights\/#Book_Online\" >Online buchen<\/a><\/li><li class='ez-toc-page-1 ez-toc-heading-level-3'><a class=\"ez-toc-link ez-toc-heading-8\" href=\"https:\/\/comparemyjet.com\/de\/how-to-book-empty-leg-flights\/#Become_a_Member\" >Mitglied werden<\/a><\/li><\/ul><\/li><li class='ez-toc-page-1 ez-toc-heading-level-2'><a class=\"ez-toc-link ez-toc-heading-9\" href=\"https:\/\/comparemyjet.com\/de\/how-to-book-empty-leg-flights\/#What_To_Expect\" >Was zu erwarten ist<\/a><\/li><li class='ez-toc-page-1 ez-toc-heading-level-2'><a class=\"ez-toc-link ez-toc-heading-10\" href=\"https:\/\/comparemyjet.com\/de\/how-to-book-empty-leg-flights\/#Empty_Legs_Downsides\" >Empty Legs Nachteile<\/a><ul class='ez-toc-list-level-3' ><li class='ez-toc-heading-level-3'><a class=\"ez-toc-link ez-toc-heading-11\" href=\"https:\/\/comparemyjet.com\/de\/how-to-book-empty-leg-flights\/#One-Way_Only\" >Nur in eine Richtung<\/a><\/li><li class='ez-toc-page-1 ez-toc-heading-level-3'><a class=\"ez-toc-link ez-toc-heading-12\" href=\"https:\/\/comparemyjet.com\/de\/how-to-book-empty-leg-flights\/#Short-Notice_Reservation\" >Kurzfristige Reservierung<\/a><\/li><li class='ez-toc-page-1 ez-toc-heading-level-3'><a class=\"ez-toc-link ez-toc-heading-13\" href=\"https:\/\/comparemyjet.com\/de\/how-to-book-empty-leg-flights\/#Last-Minute_Changes\" >Last-Minute-\u00c4nderungen<\/a><\/li><li class='ez-toc-page-1 ez-toc-heading-level-3'><a class=\"ez-toc-link ez-toc-heading-14\" href=\"https:\/\/comparemyjet.com\/de\/how-to-book-empty-leg-flights\/#Empty_Legs_Pros_and_Cons\" >Leere Beine Pro und Kontra<\/a><\/li><\/ul><\/li><li class='ez-toc-page-1 ez-toc-heading-level-2'><a class=\"ez-toc-link ez-toc-heading-15\" href=\"https:\/\/comparemyjet.com\/de\/how-to-book-empty-leg-flights\/#Summary\" >Zusammenfassung<\/a><\/li><\/ul><\/nav><\/div>\n<h2 class=\"wp-block-heading\"><span class=\"ez-toc-section\" id=\"What_Are_Empty_Leg_Flights\"><\/span>Was sind Leerfl\u00fcge?<span class=\"ez-toc-section-end\"><\/span><\/h2>\r\n\r\n\r\n\r\n<p>Wie der Name <em>Irgendwie <\/em>suggeriert, Leerfl\u00fcge, oder einfach <em>leere Beine<\/em>sind private Charterfl\u00fcge, die ohne Passagiere durchgef\u00fchrt werden. Wenn also keine Passagiere an Bord sind, handelt es sich um einen \"empty legs\"-Flug.<\/p>\r\n\r\n\r\n\r\n<p>Wenn Sie sich fragen, wie es m\u00f6glich ist, dass ein Privatjet leer fliegen soll, sollten Sie bedenken, dass die Passagierkapazit\u00e4t ohnehin begrenzt ist und, was noch wichtiger ist, diese Fl\u00fcge etwas anders gebucht werden als andere.<\/p>\r\n\r\n\r\n\r\n<h3 class=\"wp-block-heading\"><span class=\"ez-toc-section\" id=\"When_Do_Empty_Legs_Occur\"><\/span>Wann treten leere Beine auf?<span class=\"ez-toc-section-end\"><\/span><\/h3>\r\n\r\n\r\n\r\n<p>Leere Strecken treten typischerweise auf, wenn ein Flugzeug aus verschiedenen Gr\u00fcnden von einer Basis zu einer anderen wechseln muss. Dies k\u00f6nnte auf einen anderen Flug zur\u00fcckzuf\u00fchren sein, der z. B. in <a href=\"https:\/\/comparemyjet.com\/de\/privatfuhrungen\/new-york-city-privatfuhrungen\/\" data-internallinksmanager029f6b8e52c=\"427\" title=\"11 beste private Touren durch New York City ab $48.00\">New York<\/a>, w\u00e4hrend sich die D\u00fcse in <a href=\"https:\/\/comparemyjet.com\/de\/privatfuhrungen\/miami-privatfuhrungen\/\" data-internallinksmanager029f6b8e52c=\"422\" title=\"11 Beste Miami Private Touren von $99.00\">Miami<\/a>. Oder wenn es rechtliche Gr\u00fcnde gibt, die eine Verlegung des Flugzeugs erforderlich machen.<\/p>\r\n\r\n\r\n\r\n<p>In diesem Fall w\u00fcrde der Kapit\u00e4n einen leeren Jet fliegen, und dieser Flug w\u00fcrde als <em>Flug mit leeren Beinen.<\/em> Ein weiterer Grund, warum ein Flugzeug \"gezwungen\" sein kann, leer zu fliegen, ist, dass es nicht auf die Passagiere warten muss, wenn es sie an einem bestimmten Ziel abgesetzt hat.&nbsp;<\/p>\r\n\r\n\r\n\r\n<p>Stellen Sie sich zum Beispiel vor, Sie w\u00e4ren ein New Yorker (oder sind es vielleicht) und fliegen mit einem Privatjet nach <a href=\"https:\/\/comparemyjet.com\/de\/privatfuhrungen\/paris-privatfuhrungen\/\" data-internallinksmanager029f6b8e52c=\"252\" title=\"11 Beste Paris Privat Touren von $68.94\">Paris<\/a>. Nur Sie und Ihr Ehepartner werden eine ganze Woche in Frankreich verbringen.<\/p>\r\n\r\n\r\n\r\n<p>Sie haben nur einen einfachen Flug gebucht, also wird der Kapit\u00e4n nicht warten, bis Ihr Urlaub zu Ende ist. Selbst wenn Sie einen Hin- und R\u00fcckflug geplant hatten, gibt es f\u00fcr den Piloten keinen Grund, eine Woche in Paris zu verbringen, weshalb er mit leeren Beinen nach New York zur\u00fcckfliegen wird.<\/p>\r\n\r\n\r\n<div class=\"wp-block-image\">\r\n<figure class=\"aligncenter size-large\"><img loading=\"lazy\" decoding=\"async\" width=\"683\" height=\"1024\" src=\"https:\/\/comparemyjet.com\/wp-content\/uploads\/2021\/08\/How-To-Book-Empty-Leg-Flights-1-683x1024.jpg\" alt=\"Privatjet-Fenster\" class=\"wp-image-2077\" srcset=\"https:\/\/comparemyjet.com\/wp-content\/uploads\/2021\/08\/How-To-Book-Empty-Leg-Flights-1-200x300.jpg 200w, https:\/\/comparemyjet.com\/wp-content\/uploads\/2021\/08\/How-To-Book-Empty-Leg-Flights-1-683x1024.jpg 683w, https:\/\/comparemyjet.com\/wp-content\/uploads\/2021\/08\/How-To-Book-Empty-Leg-Flights-1-768x1152.jpg 768w, https:\/\/comparemyjet.com\/wp-content\/uploads\/2021\/08\/How-To-Book-Empty-Leg-Flights-1-1024x1536.jpg 1024w, https:\/\/comparemyjet.com\/wp-content\/uploads\/2021\/08\/How-To-Book-Empty-Leg-Flights-1-1365x2048.jpg 1365w, https:\/\/comparemyjet.com\/wp-content\/uploads\/2021\/08\/How-To-Book-Empty-Leg-Flights-1-scaled.jpg 1707w\" sizes=\"auto, (max-width: 683px) 100vw, 683px\" \/><\/figure><\/div>\r\n\r\n\r\n<h3 class=\"wp-block-heading\"><span class=\"ez-toc-section\" id=\"Is_Empty_Leg_Flying_Bad_For_The_Company\"><\/span>Ist das Fliegen mit leeren Beinen schlecht f\u00fcr das Unternehmen?<span class=\"ez-toc-section-end\"><\/span><\/h3>\r\n\r\n\r\n\r\n<p>Die Fluggesellschaft oder der Eigent\u00fcmer des Flugzeugs verliert eine Menge Geld, wenn sie leer fliegen. Sie und Ihr Ehepartner haben wahrscheinlich viel Geld bezahlt, um von New York nach Paris zu kommen, was wahrscheinlich die Treibstoffkosten deckt, aber wenn Sie leer zur\u00fcckfliegen, geht das Geld den Bach runter.<\/p>\r\n\r\n\r\n\r\n<p>Deshalb sucht der Besitzer des Jets nach M\u00f6glichkeiten, diese Strecken zu f\u00fcllen, indem er den Leuten g\u00fcnstige Angebote macht, um sie an Bord zu bekommen.<\/p>\r\n\r\n\r\n\r\n<h2 class=\"wp-block-heading\"><span class=\"ez-toc-section\" id=\"How_To_Book_Empty_Legs\"><\/span>Wie buche ich Empty Legs?<span class=\"ez-toc-section-end\"><\/span><\/h2>\r\n\r\n\r\n\r\n<p>Da Sie nun wissen, was Leerfl\u00fcge sind, k\u00f6nnen wir zum komplizierteren Teil \u00fcbergehen, n\u00e4mlich dem Buchungsvorgang. Leider ist dieser Prozess nicht so einfach, weil es auf der Website des Unternehmens keinen speziellen Bereich f\u00fcr die Buchung von Leerfl\u00fcgen gibt, so dass Sie nicht wissen, welche Flugzeuge wann leer fliegen.<\/p>\r\n\r\n\r\n\r\n<p>Zum Gl\u00fcck gibt es andere M\u00f6glichkeiten, an Informationen \u00fcber leere Beine zu gelangen.<\/p>\r\n\r\n\r\n\r\n<h3 class=\"wp-block-heading\"><span class=\"ez-toc-section\" id=\"The_Old_School_Way\"><\/span>Der alte Schulweg<span class=\"ez-toc-section-end\"><\/span><\/h3>\r\n\r\n\r\n\r\n<p>Eine M\u00f6glichkeit, die auch die <em>billigste <\/em>Der beste Weg, um Informationen \u00fcber Leerfl\u00fcge zu erhalten, ist, sich an die alte Schule zu halten und die Flugzeugbesitzer direkt zu fragen.&nbsp;<\/p>\r\n\r\n\r\n\r\n<p>Wenn Sie zum Beispiel h\u00e4ufig eine bestimmte Strecke fliegen, sagen wir, <a href=\"https:\/\/comparemyjet.com\/de\/ibiza-nach-london-privatflug-jet\/\" data-internallinksmanager029f6b8e52c=\"12\" title=\"Ibiza nach London mit dem Privatjet\">Von London nach Ibiza<\/a>Wenn Sie Stammkunde sind, k\u00f6nnen Sie den Kapit\u00e4n bitten, Sie zu benachrichtigen, wenn freie Strecken verf\u00fcgbar sind.<\/p>\r\n\r\n\r\n\r\n<p><a href=\"https:\/\/www.exclusive-air.com\/contact.html\" target=\"_blank\" rel=\"noreferrer noopener nofollow\">Einige Betreiber<\/a> haben auch Mailing-Systeme f\u00fcr diesen Zweck. Alles, was Sie tun m\u00fcssen, ist, auf deren Websites zu gehen, das Formular auszuf\u00fcllen und sich f\u00fcr einen Newsletter anzumelden, um benachrichtigt zu werden, wenn ein Leerflug verf\u00fcgbar ist. Oder rufen Sie einfach an und sprechen Sie direkt mit einem der Mitarbeiter.<\/p>\r\n\r\n\r\n\r\n<h3 class=\"wp-block-heading\"><span class=\"ez-toc-section\" id=\"Contact_a_Charter_Broker\"><\/span>Kontakt zu einem Chartermakler<span class=\"ez-toc-section-end\"><\/span><\/h3>\r\n\r\n\r\n\r\n<p>Wenn Sie die Eigent\u00fcmer der Flugzeuge nicht bitten m\u00f6chten, Sie zu benachrichtigen, k\u00f6nnen Sie sich auch an Charterbroker wenden, deren Aufgabe genau dies ist.<\/p>\r\n\r\n\r\n\r\n<p>Diese Fachleute \u00fcberwachen den Himmel st\u00e4ndig nach Privatjets und wissen in der Regel jederzeit \u00fcber einen Flug mit leeren Beinen Bescheid. Nat\u00fcrlich ist dies eine teurere Option als die alte Schule und ein ehrliches Gespr\u00e4ch mit dem Kapit\u00e4n oder dem Flugzeugbesitzer.<\/p>\r\n\r\n\r\n\r\n<p>Die Kontaktaufnahme mit einem Makler ist jedoch wesentlich zeitsparender und pr\u00e4ziser. Denken Sie daran, dass der Makler seine Geb\u00fchr auf den Preis aufschl\u00e4gt, den Sie f\u00fcr den Flug zahlen werden. Erkundigen Sie sich also unbedingt nach allen Einzelheiten der Bezahlung, bevor Sie einen Vermittler um Hilfe bitten.<\/p>\r\n\r\n\r\n\r\n<h3 class=\"wp-block-heading\"><span class=\"ez-toc-section\" id=\"Book_Online\"><\/span>Online buchen<span class=\"ez-toc-section-end\"><\/span><\/h3>\r\n\r\n\r\n<div class=\"wp-block-image\">\r\n<figure class=\"aligncenter size-large\"><img loading=\"lazy\" decoding=\"async\" width=\"1024\" height=\"425\" src=\"https:\/\/comparemyjet.com\/wp-content\/uploads\/2021\/08\/How-To-Book-Empty-Leg-Flights-4-1024x425.jpg\" alt=\"Sinn der Ebene\" class=\"wp-image-2075\" srcset=\"https:\/\/comparemyjet.com\/wp-content\/uploads\/2021\/08\/How-To-Book-Empty-Leg-Flights-4-300x125.jpg 300w, https:\/\/comparemyjet.com\/wp-content\/uploads\/2021\/08\/How-To-Book-Empty-Leg-Flights-4-768x319.jpg 768w, https:\/\/comparemyjet.com\/wp-content\/uploads\/2021\/08\/How-To-Book-Empty-Leg-Flights-4-1024x425.jpg 1024w, https:\/\/comparemyjet.com\/wp-content\/uploads\/2021\/08\/How-To-Book-Empty-Leg-Flights-4-1536x638.jpg 1536w, https:\/\/comparemyjet.com\/wp-content\/uploads\/2021\/08\/How-To-Book-Empty-Leg-Flights-4.jpg 1846w\" sizes=\"auto, (max-width: 1024px) 100vw, 1024px\" \/><\/figure><\/div>\r\n\r\n\r\n<p>Es gibt einige Websites wie <a href=\"https:\/\/www.planesense.com\/\" target=\"_blank\" rel=\"noreferrer noopener nofollow\">PlaneSense<\/a> oder <a href=\"https:\/\/www.libertyjet.com\/\" target=\"_blank\" rel=\"noreferrer noopener nofollow\">LibertyJet<\/a> die versuchen, Informationen \u00fcber Leerfahrten zu sammeln, damit man sie leicht online buchen kann. Einige sind dabei erfolgreicher, andere nicht so sehr.<\/p>\r\n\r\n\r\n\r\n<p>Es ist jedoch keine leichte Aufgabe, da es kein wirkliches Muster gibt, dem man bei der Zusammenstellung dieser Daten folgen k\u00f6nnte. Im Gegensatz zu kommerziellen Fluggesellschaften, die ihren Flugplan Monate oder sogar ein Jahr oder l\u00e4nger im Voraus festlegen, sind Privatjets ein wenig unberechenbar, weshalb sich die Suche und Buchung eines Privatflugs etwas schwierig gestaltet.<\/p>\r\n\r\n\r\n\r\n<h3 class=\"wp-block-heading\"><span class=\"ez-toc-section\" id=\"Become_a_Member\"><\/span>Mitglied werden<span class=\"ez-toc-section-end\"><\/span><\/h3>\r\n\r\n\r\n\r\n<p>Die meisten Websites, auf denen Sie buchen k\u00f6nnen <a href=\"https:\/\/comparemyjet.com\/de\/wie-viel-kosten-ein-privates-flugzeug-zu-mieten\/\" target=\"_blank\" rel=\"noreferrer noopener\">privat<\/a><a href=\"https:\/\/comparemyjet.com\/de\/wie-viel-kosten-ein-privates-flugzeug-zu-mieten\/\" target=\"_blank\" rel=\"noreferrer noopener nofollow\">e<\/a><a href=\"https:\/\/comparemyjet.com\/de\/wie-viel-kosten-ein-privates-flugzeug-zu-mieten\/\" target=\"_blank\" rel=\"noreferrer noopener\"> Jets<\/a>, wie zum Beispiel <a href=\"https:\/\/www.exclusive-air.com\/contact.html\" target=\"_blank\" rel=\"noreferrer noopener nofollow\">Exklusive Luft<\/a>, <a href=\"https:\/\/charterjetone.com\/\" target=\"_blank\" rel=\"noreferrer noopener nofollow\">Charter-Jet<\/a>, oder <a href=\"https:\/\/www.vistajet.com\/en\/empty-legs\/\" target=\"_blank\" rel=\"noreferrer noopener nofollow\">VistaJet<\/a>bieten verschiedene Mitgliedschaftspakete an. Wenn Sie Mitglied werden, haben Sie je nach Ihrem Status bestimmte Vorteile, wie z. B. Angebote f\u00fcr Rabatte oder Benachrichtigungen f\u00fcr <em>leere Beine<\/em>.<\/p>\r\n\r\n\r\n\r\n<h2 class=\"wp-block-heading\"><span class=\"ez-toc-section\" id=\"What_To_Expect\"><\/span>Was zu erwarten ist<span class=\"ez-toc-section-end\"><\/span><\/h2>\r\n\r\n\r\n\r\n<p>Bei Leerfl\u00fcgen k\u00f6nnen Sie tolle Angebote bekommen, manchmal sogar bis zu 80% Rabatt auf den eigentlichen Preis. Aber in manchen F\u00e4llen m\u00fcssen Sie die Extrameile gehen, um dieses Angebot zu bekommen.<\/p>\r\n\r\n\r\n\r\n<p>Sie m\u00fcssen zum Beispiel sehr flexibel sein, weil Sie derjenige sind, der einen \"fast kostenlosen\" Flug nimmt, w\u00e4hrend andere Kunden darauf warten, dass der Jet sie am Zielort abholt. Die anderen Passagiere haben den vollen Preis bezahlt und sind die <em>de jure<\/em> und <em>de facto <\/em>Kunden. Das bedeutet, dass sie das Recht haben, den Flug zu verschieben, sei es um ein paar Stunden oder sogar um ein paar Tage, je nach Unternehmen und dessen Regeln.<\/p>\r\n\r\n\r\n\r\n<p>Das ist nicht verwunderlich, denn Sie wissen wahrscheinlich, dass ein Passagier eines Privatjets so behandelt wird <em>sehr sch\u00f6n<\/em>. Falls Sie also einen Flug mit einem Preis f\u00fcr leere Beine nehmen m\u00f6chten, sollten Sie sich darauf einstellen, dass sich Ihre Pl\u00e4ne zumindest ein wenig \u00e4ndern.&nbsp;<\/p>\r\n\r\n\r\n\r\n<figure class=\"wp-block-image size-large\"><img loading=\"lazy\" decoding=\"async\" width=\"1024\" height=\"421\" src=\"https:\/\/comparemyjet.com\/wp-content\/uploads\/2021\/08\/How-To-Book-Empty-Leg-Flights-3-1024x421.jpg\" alt=\"Freistrahl\" class=\"wp-image-2074\" srcset=\"https:\/\/comparemyjet.com\/wp-content\/uploads\/2021\/08\/How-To-Book-Empty-Leg-Flights-3-300x123.jpg 300w, https:\/\/comparemyjet.com\/wp-content\/uploads\/2021\/08\/How-To-Book-Empty-Leg-Flights-3-768x316.jpg 768w, https:\/\/comparemyjet.com\/wp-content\/uploads\/2021\/08\/How-To-Book-Empty-Leg-Flights-3-1024x421.jpg 1024w, https:\/\/comparemyjet.com\/wp-content\/uploads\/2021\/08\/How-To-Book-Empty-Leg-Flights-3-1536x631.jpg 1536w, https:\/\/comparemyjet.com\/wp-content\/uploads\/2021\/08\/How-To-Book-Empty-Leg-Flights-3.jpg 1881w\" sizes=\"auto, (max-width: 1024px) 100vw, 1024px\" \/><\/figure>\r\n\r\n\r\n\r\n<h2 class=\"wp-block-heading\"><span class=\"ez-toc-section\" id=\"Empty_Legs_Downsides\"><\/span>Empty Legs Nachteile<span class=\"ez-toc-section-end\"><\/span><\/h2>\r\n\r\n\r\n\r\n<p>Bei Leerfl\u00fcgen kann eigentlich nichts schiefgehen, aber es gibt einige Aspekte, die Ihnen im Wege stehen k\u00f6nnten. Solche Fl\u00fcge verlangen von Ihnen Flexibilit\u00e4t und Geduld, und es gibt nur begrenzte M\u00f6glichkeiten bei den Routen.<\/p>\r\n\r\n\r\n\r\n<p>Obwohl ich ein Fan von leeren Beinen bin und st\u00e4ndig darauf warte, \u00fcber ihre Verf\u00fcgbarkeit informiert zu werden, muss ich auf einige Dinge hinweisen, die ziemlich \u00e4rgerlich sein k\u00f6nnen.<\/p>\r\n\r\n\r\n\r\n<h3 class=\"wp-block-heading\"><span class=\"ez-toc-section\" id=\"One-Way_Only\"><\/span>Nur in eine Richtung<span class=\"ez-toc-section-end\"><\/span><\/h3>\r\n\r\n\r\n\r\n<p>Inzwischen wissen Sie wahrscheinlich, dass Sie einen Leerflug nur in eine Richtung buchen k\u00f6nnen. Mit anderen Worten: Sie k\u00f6nnen mit einer einzigen Zahlung keinen Flug nach Hause oder an einen anderen Ort buchen.<\/p>\r\n\r\n\r\n\r\n<p>Obwohl Sie mit Leerfl\u00fcgen viel Geld sparen k\u00f6nnen, da die Rabatte zwischen 50 und 70% liegen, k\u00f6nnen Sie auch etwas verlieren, wenn Sie zum Beispiel keinen passenden R\u00fcckflug finden.<\/p>\r\n\r\n\r\n\r\n<h3 class=\"wp-block-heading\"><span class=\"ez-toc-section\" id=\"Short-Notice_Reservation\"><\/span>Kurzfristige Reservierung<span class=\"ez-toc-section-end\"><\/span><\/h3>\r\n\r\n\r\n\r\n<p>Eine weitere Besonderheit von Leerfl\u00fcgen ist, dass man sie nicht buchen kann <em>wirklich <\/em>Sie m\u00fcssen sich nicht im Voraus anmelden, wie Sie es tun w\u00fcrden, wenn Sie das regul\u00e4re Verfahren befolgen w\u00fcrden. Diese Art von Fl\u00fcgen ist erst einige Tage vor dem Abflug bekannt, und es liegt an Ihnen, eine schnelle Entscheidung zu treffen.<\/p>\r\n\r\n\r\n\r\n<p>Deshalb neigen Menschen, die ihre Zeit gerne im Voraus planen und nicht zu spontanen Entscheidungen neigen, dazu, diese Last-Minute-Buchungen zu vermeiden. Aber bei diesem Preisr\u00fcckgang ist es den Stress vielleicht doch wert.&nbsp;<\/p>\r\n\r\n\r\n\r\n<h3 class=\"wp-block-heading\"><span class=\"ez-toc-section\" id=\"Last-Minute_Changes\"><\/span>Last-Minute-\u00c4nderungen<span class=\"ez-toc-section-end\"><\/span><\/h3>\r\n\r\n\r\n\r\n<p>Dies h\u00e4ngt mit der letzten \u00dcberschrift zusammen, in der wir festgestellt haben, dass Leerfl\u00fcge nichts f\u00fcr diejenigen sind, die im Voraus planen. Bei einem Leerflug ist man nie sicher, ob und wann man abhebt.<\/p>\r\n\r\n\r\n\r\n<p>Bedenken Sie, dass ein Leerflug nur eine Nebenkomponente eines Fluges ist, der <em>offiziell <\/em>findet statt.&nbsp;<\/p>\r\n\r\n\r\n\r\n<p>Nehmen wir an, ein Jet ist in London geparkt, hat aber einen Flug von <a href=\"https:\/\/comparemyjet.com\/de\/privatflugzeug-charter-nach-edinburgh\/\" data-internallinksmanager029f6b8e52c=\"143\" title=\"Privatjet-Charter nach Edinburgh\">Edinburgh<\/a> zu <a href=\"https:\/\/comparemyjet.com\/de\/privatfuhrungen\/madrid-private-tours\/\" data-internallinksmanager029f6b8e52c=\"362\" title=\"11 beste Madrid Privatf\u00fchrungen von $32.60\">Madrid<\/a> am n\u00e4chsten Tag. Er muss nach Schottland gelangen, also wird es wahrscheinlich eine Gelegenheit geben, eine leere Strecke von <a href=\"https:\/\/comparemyjet.com\/de\/london-nach-edinburgh-privatjet-flug\/\" data-internallinksmanager029f6b8e52c=\"56\" title=\"London nach Edinburgh mit dem Privatjet\">Von London nach Edinburgh<\/a>. Wenn aber die in Schottland wartenden Flugg\u00e4ste ihren Abflug verschieben oder - schlimmer noch - stornieren wollen, wird auch Ihr Leerflug gestrichen.<\/p>\r\n\r\n\r\n\r\n<h3 class=\"wp-block-heading\"><span class=\"ez-toc-section\" id=\"Empty_Legs_Pros_and_Cons\"><\/span>Leere Beine Pro und Kontra<span class=\"ez-toc-section-end\"><\/span><\/h3>\r\n\r\n\r\n\r\n<p>Wie alles im Leben hat auch das Fliegen mit leeren Beinen seine guten und schlechten Seiten, also lassen Sie uns die Vor- und Nachteile einer solchen Flugbuchung genauer unter die Lupe nehmen.<\/p>\r\n\r\n\r\n\r\n<figure class=\"wp-block-table\"><table><tbody><tr><td><strong>Profis<\/strong><\/td><td><strong>Nachteile<\/strong><\/td><\/tr><tr><td>Erhalten Sie einen gro\u00dfen Rabatt (50 - 70% Rabatt)<\/td><td>Sie m\u00fcssen flexibel und jederzeit einsatzbereit sein<\/td><\/tr><tr><td>Sie haben das ganze Flugzeug f\u00fcr sich allein<\/td><td>Sie kann leicht verschoben oder abgesagt werden<\/td><\/tr><tr><td><\/td><td>Es gibt keine Rundreiseoption<\/td><\/tr><tr><td><\/td><td>Schwer zu finden<\/td><\/tr><\/tbody><\/table><\/figure>\r\n\r\n\r\n\r\n<h2 class=\"wp-block-heading\"><span class=\"ez-toc-section\" id=\"Summary\"><\/span>Zusammenfassung<span class=\"ez-toc-section-end\"><\/span><\/h2>\r\n\r\n\r\n\r\n<p>Ich habe versucht, Ihnen dieses Thema n\u00e4her zu bringen, mit dem Ziel, es verst\u00e4ndlicher zu machen. Ich bin sicher, dass Sie als Leser es zu sch\u00e4tzen wissen, wenn ich alles in einer Zusammenfassung zusammenfasse, wo alles an einem Ort und leicht zu lesen ist.<\/p>\r\n\r\n\r\n\r\n<p>Sie k\u00f6nnen einen Leerflug auf folgende Weise buchen:<\/p>\r\n\r\n\r\n\r\n<ul class=\"wp-block-list\"><li>Sagen Sie Ihrem Kapit\u00e4n oder der Agentur, mit der Sie fliegen, dass sie Sie anrufen oder Ihnen eine E-Mail schicken sollen, wenn sich eine solche Gelegenheit ergibt.<\/li><li>Beauftragen Sie einen Makler, der Sie gegen eine bestimmte Geb\u00fchr \u00fcber leere Strecken auf dem Laufenden h\u00e4lt.<\/li><li>Buchen Sie sie online, indem Sie sich auf <a href=\"https:\/\/comparemyjet.com\/de\/welche-sind-die-besten-webseiten-zum-finden-von-privaten-jets-zu-verkaufen\/\" data-internallinksmanager029f6b8e52c=\"18\" title=\"Welches sind die besten Websites, um Privatjets zum Verkauf zu finden?\">Privatjet-Websites<\/a>.<\/li><li>Werden Sie Mitglied einer Agentur oder eines Privatjet-Clubs, und w\u00e4hlen Sie ein Programm, das Benachrichtigungen \u00fcber Leerfl\u00fcge enth\u00e4lt.<br><\/li><\/ul>\r\n\r\n\r\n\r\n<p>Ich kenne niemanden, dessen Traum es nicht ist, privat zu fliegen. Ich unterst\u00fctze das nachdr\u00fccklich und w\u00fcrde Ihnen raten, das Beste daraus zu machen. Ich hoffe, dass dieser Artikel Ihnen dabei hilft, Ihr privates Flugerlebnis einzigartig zu machen und eine <a href=\"https:\/\/comparemyjet.com\/de\/privatfuhrungen\/schone-private-touren\/\" data-internallinksmanager029f6b8e52c=\"249\" title=\"11 Beste Nizza Privat Touren von $37.66\">sch\u00f6n<\/a> kleiner Leerlaufflug!<\/p>","protected":false},"excerpt":{"rendered":"<p>Wenn Sie Passagier eines Privatjets sind oder zumindest einmal in Ihrem Leben waren, haben Sie wahrscheinlich schon von dem Begriff \"empty legs\" geh\u00f6rt. Viele Menschen wissen um die Existenz dieses Begriffs, sind sich aber nicht sicher, was er wirklich bedeutet und warum er f\u00fcr sie von Bedeutung sein sollte. In diesem Artikel erkl\u00e4re ich, was leere Beine ...<\/p>","protected":false},"author":1,"featured_media":2079,"parent":0,"menu_order":0,"comment_status":"closed","ping_status":"closed","template":"","meta":{"_acf_changed":false,"_genesis_hide_title":false,"_genesis_hide_breadcrumbs":false,"_genesis_hide_singular_image":false,"_genesis_hide_footer_widgets":false,"_genesis_custom_body_class":"","_genesis_custom_post_class":"","_genesis_layout":"","footnotes":""},"class_list":{"1":"page","2":"type-page","6":"entry"},"acf":[],"_links":{"self":[{"href":"https:\/\/comparemyjet.com\/de\/wp-json\/wp\/v2\/pages\/2071","targetHints":{"allow":["GET"]}}],"collection":[{"href":"https:\/\/comparemyjet.com\/de\/wp-json\/wp\/v2\/pages"}],"about":[{"href":"https:\/\/comparemyjet.com\/de\/wp-json\/wp\/v2\/types\/page"}],"author":[{"embeddable":true,"href":"https:\/\/comparemyjet.com\/de\/wp-json\/wp\/v2\/users\/1"}],"replies":[{"embeddable":true,"href":"https:\/\/comparemyjet.com\/de\/wp-json\/wp\/v2\/comments?post=2071"}],"version-history":[{"count":4,"href":"https:\/\/comparemyjet.com\/de\/wp-json\/wp\/v2\/pages\/2071\/revisions"}],"predecessor-version":[{"id":3273,"href":"https:\/\/comparemyjet.com\/de\/wp-json\/wp\/v2\/pages\/2071\/revisions\/3273"}],"wp:featuredmedia":[{"embeddable":true,"href":"https:\/\/comparemyjet.com\/de\/wp-json\/wp\/v2\/media\/2079"}],"wp:attachment":[{"href":"https:\/\/comparemyjet.com\/de\/wp-json\/wp\/v2\/media?parent=2071"}],"curies":[{"name":"wp","href":"https:\/\/api.w.org\/{rel}","templated":true}]}}