{"id":2553,"date":"2021-12-30T21:43:20","date_gmt":"2021-12-30T21:43:20","guid":{"rendered":"https:\/\/comparemyjet.com\/?page_id=2553"},"modified":"2025-09-04T09:58:14","modified_gmt":"2025-09-04T09:58:14","slug":"barcelona-ibiza","status":"publish","type":"page","link":"https:\/\/comparemyjet.com\/de\/barcelona-ibiza\/","title":{"rendered":"Barcelona nach Ibiza mit dem Privatjet"},"content":{"rendered":"<p>Spanien hat viele wundersch\u00f6ne Orte, die einen Besuch wert sind, <a href=\"https:\/\/comparemyjet.com\/de\/privat-jet-charter-nach-barcelona\/\" data-internallinksmanager029f6b8e52c=\"141\" title=\"Privatjet-Charter nach Barcelona\">Barcelona<\/a> und <a href=\"https:\/\/comparemyjet.com\/de\/privat-jet-charter-nach-ibiza\/\" data-internallinksmanager029f6b8e52c=\"133\" title=\"Privatjet-Charter nach Ibiza\">Ibiza<\/a> ganz oben auf der Liste stehen. Die Kombination beider Orte verleiht Ihrer Reise eine besondere Note, und es gibt nichts Einfacheres, als von der K\u00fcste Barcelonas nach Ibiza zu reisen, da diese beiden Orte gut miteinander verbunden sind.<\/p>\r\n\r\n\r\n\r\n<p>Die beiden St\u00e4dte liegen sehr nahe beieinander, und selbst eine Autofahrt lohnt sich. Die Anmietung eines Privatjets ist jedoch sicherlich die schnellste und bequemste Art, dorthin zu gelangen. In diesem Artikel gehe ich auf die wichtigsten Aspekte der Anmietung eines Jets ein, z. B. Preise, gesch\u00e4tzte Flugzeit, Flugzeugtypen usw. Lesen Sie also weiter.<\/p>\r\n\r\n\r\n\r\n<div id=\"ez-toc-container\" class=\"ez-toc-v2_0_76 counter-hierarchy ez-toc-counter ez-toc-grey ez-toc-container-direction\">\n<p class=\"ez-toc-title\" style=\"cursor:inherit\">Themen<\/p>\n<label for=\"ez-toc-cssicon-toggle-item-69e51af819448\" class=\"ez-toc-cssicon-toggle-label\"><span class=\"\"><span class=\"eztoc-hide\" style=\"display:none;\">Umschalten auf<\/span><span class=\"ez-toc-icon-toggle-span\"><svg style=\"fill: #999;color:#999\" xmlns=\"http:\/\/www.w3.org\/2000\/svg\" class=\"list-377408\" width=\"20px\" height=\"20px\" viewbox=\"0 0 24 24\" fill=\"none\"><path d=\"M6 6H4v2h2V6zm14 0H8v2h12V6zM4 11h2v2H4v-2zm16 0H8v2h12v-2zM4 16h2v2H4v-2zm16 0H8v2h12v-2z\" fill=\"currentColor\"><\/path><\/svg><svg style=\"fill: #999;color:#999\" class=\"arrow-unsorted-368013\" xmlns=\"http:\/\/www.w3.org\/2000\/svg\" width=\"10px\" height=\"10px\" viewbox=\"0 0 24 24\" version=\"1.2\" baseprofile=\"tiny\"><path d=\"M18.2 9.3l-6.2-6.3-6.2 6.3c-.2.2-.3.4-.3.7s.1.5.3.7c.2.2.4.3.7.3h11c.3 0 .5-.1.7-.3.2-.2.3-.5.3-.7s-.1-.5-.3-.7zM5.8 14.7l6.2 6.3 6.2-6.3c.2-.2.3-.5.3-.7s-.1-.5-.3-.7c-.2-.2-.4-.3-.7-.3h-11c-.3 0-.5.1-.7.3-.2.2-.3.5-.3.7s.1.5.3.7z\"\/><\/svg><\/span><\/span><\/label><input type=\"checkbox\"  id=\"ez-toc-cssicon-toggle-item-69e51af819448\" checked aria-label=\"Umschalten auf\" \/><nav><ul class='ez-toc-list ez-toc-list-level-1' ><li class='ez-toc-page-1 ez-toc-heading-level-2'><a class=\"ez-toc-link ez-toc-heading-1\" href=\"https:\/\/comparemyjet.com\/de\/barcelona-ibiza\/#Barcelona_to_Ibiza_Overview\" >Von Barcelona nach Ibiza: \u00dcbersicht<\/a><\/li><li class='ez-toc-page-1 ez-toc-heading-level-2'><a class=\"ez-toc-link ez-toc-heading-2\" href=\"https:\/\/comparemyjet.com\/de\/barcelona-ibiza\/#Pricing_Options\" >Optionen zur Preisgestaltung<\/a><ul class='ez-toc-list-level-3' ><li class='ez-toc-heading-level-3'><a class=\"ez-toc-link ez-toc-heading-3\" href=\"https:\/\/comparemyjet.com\/de\/barcelona-ibiza\/#Average_Prices_From_Barcelona_to_Ibiza\" >Durchschnittspreise von Barcelona nach Ibiza<\/a><\/li><\/ul><\/li><li class='ez-toc-page-1 ez-toc-heading-level-2'><a class=\"ez-toc-link ez-toc-heading-4\" href=\"https:\/\/comparemyjet.com\/de\/barcelona-ibiza\/#Barcelona_to_Ibiza_Airports\" >Flugh\u00e4fen von Barcelona nach Ibiza<\/a><ul class='ez-toc-list-level-3' ><li class='ez-toc-heading-level-3'><a class=\"ez-toc-link ez-toc-heading-5\" href=\"https:\/\/comparemyjet.com\/de\/barcelona-ibiza\/#Barcelona_Airport_El_Prat\" >Flughafen Barcelona (El Prat)<\/a><\/li><\/ul><\/li><li class='ez-toc-page-1 ez-toc-heading-level-2'><a class=\"ez-toc-link ez-toc-heading-6\" href=\"https:\/\/comparemyjet.com\/de\/barcelona-ibiza\/#Ibiza_Airports\" >Ibiza Flugh\u00e4fen<\/a><\/li><li class='ez-toc-page-1 ez-toc-heading-level-2'><a class=\"ez-toc-link ez-toc-heading-7\" href=\"https:\/\/comparemyjet.com\/de\/barcelona-ibiza\/#Which_Jet_Models_Can_Fly_You_to_Ibiza_From_Barcelona\" >Welche Jet-Modelle k\u00f6nnen Sie von Barcelona nach Ibiza fliegen?<\/a><ul class='ez-toc-list-level-3' ><li class='ez-toc-heading-level-3'><a class=\"ez-toc-link ez-toc-heading-8\" href=\"https:\/\/comparemyjet.com\/de\/barcelona-ibiza\/#Small_Turboprops_Light_Jets_and_Midsize_Jets\" >Kleine (Turboprops, leichte Jets) und mittelgro\u00dfe Jets<\/a><\/li><li class='ez-toc-page-1 ez-toc-heading-level-3'><a class=\"ez-toc-link ez-toc-heading-9\" href=\"https:\/\/comparemyjet.com\/de\/barcelona-ibiza\/#Heavy_Jets\" >Heavy Jets<\/a><\/li><li class='ez-toc-page-1 ez-toc-heading-level-3'><a class=\"ez-toc-link ez-toc-heading-10\" href=\"https:\/\/comparemyjet.com\/de\/barcelona-ibiza\/#Prices_Per_Plane_Type_Overview\" >Preise pro Flugzeugtyp: \u00dcbersicht<\/a><\/li><\/ul><\/li><li class='ez-toc-page-1 ez-toc-heading-level-2'><a class=\"ez-toc-link ez-toc-heading-11\" href=\"https:\/\/comparemyjet.com\/de\/barcelona-ibiza\/#Conclusion\" >Schlussfolgerung<\/a><\/li><\/ul><\/nav><\/div>\n<h2 class=\"wp-block-heading\"><span class=\"ez-toc-section\" id=\"Barcelona_to_Ibiza_Overview\"><\/span>Von Barcelona nach Ibiza: \u00dcbersicht<span class=\"ez-toc-section-end\"><\/span><\/h2>\r\n\r\n\r\n\r\n<figure class=\"wp-block-image size-large\"><img loading=\"lazy\" decoding=\"async\" width=\"1024\" height=\"683\" src=\"https:\/\/comparemyjet.com\/wp-content\/uploads\/2021\/12\/ibiza-1-1024x683.jpg\" alt=\"Ibiza\" class=\"wp-image-2562\" srcset=\"https:\/\/comparemyjet.com\/wp-content\/uploads\/2021\/12\/ibiza-1-300x200.jpg 300w, https:\/\/comparemyjet.com\/wp-content\/uploads\/2021\/12\/ibiza-1-768x512.jpg 768w, https:\/\/comparemyjet.com\/wp-content\/uploads\/2021\/12\/ibiza-1-1024x683.jpg 1024w, https:\/\/comparemyjet.com\/wp-content\/uploads\/2021\/12\/ibiza-1-1536x1024.jpg 1536w, https:\/\/comparemyjet.com\/wp-content\/uploads\/2021\/12\/ibiza-1.jpg 1920w\" sizes=\"auto, (max-width: 1024px) 100vw, 1024px\" \/><\/figure>\r\n\r\n\r\n\r\n<p>Zwischen den beiden Orten liegen etwa 350 Meilen, was bedeutet, dass Sie mit dem Auto 7 Stunden brauchen, um dorthin zu gelangen.  Wenn Sie jedoch in etwa 40 Minuten dorthin gelangen m\u00f6chten, und zwar ganz bequem, ist ein Privatjet die beste L\u00f6sung.&nbsp;<\/p>\r\n\r\n\r\n\r\n<p>Das Gute daran ist, dass die beiden St\u00e4dte so nah beieinander liegen, dass die Geschwindigkeit bei der Entscheidung, welches Flugzeug Sie mieten, keine gro\u00dfe Rolle spielt. Turboprop-Flugzeuge sind in der Regel viel langsamer als andere Jets, aber in diesem Fall brauchen Sie vielleicht 20 Minuten l\u00e4nger, um Ibiza mit einem solchen Flugzeug zu erreichen.<\/p>\r\n\r\n\r\n\r\n<p>Die Preisspanne f\u00fcr die Anmietung eines Privatjets auf der Strecke Barcelona - Ibiza reicht von 3.000 EUR bis 18.000 EUR, oder mehr, wenn Sie zus\u00e4tzliche Dienstleistungen oder mehr Platz in der Kabine w\u00fcnschen. Die Preise f\u00fcr Privatfl\u00fcge sind schwer zu bestimmen, da unz\u00e4hlige Faktoren die endg\u00fcltige Zahl beeinflussen, wie z. B. Datum und Uhrzeit des Fluges, Gr\u00f6\u00dfe und Modell des Jets, geplante \u00dcbernachtungen, usw.<\/p>\r\n\r\n\r\n\r\n<p>Positiv an den beiden St\u00e4dten ist, dass sie beide VIPs willkommen hei\u00dfen, so dass die Infrastruktur f\u00fcr Privatfl\u00fcge geeignet ist. An beiden Orten finden Sie erstaunliche FBOs (Fixed Base Operators) oder private Terminals.<\/p>\r\n\r\n\r\n\r\n<h2 class=\"wp-block-heading\"><span class=\"ez-toc-section\" id=\"Pricing_Options\"><\/span>Optionen zur Preisgestaltung<span class=\"ez-toc-section-end\"><\/span><\/h2>\r\n\r\n\r\n\r\n<p>Wie bereits kurz erw\u00e4hnt, sind die Preise schwer zu bestimmen, da sie von vielen Faktoren abh\u00e4ngen, z. B. von dem Unternehmen, bei dem Sie buchen, denn die meisten geben Ihnen nur dann einen Kostenvoranschlag, wenn Sie sich ausdr\u00fccklich mit ihnen in Verbindung gesetzt und ein Angebot angefordert haben.<\/p>\r\n\r\n\r\n\r\n<p>Die unten dargestellten Preise sind aus Sicht der <a href=\"https:\/\/www.the-aviation-factory.com\/en\/\" target=\"_blank\" rel=\"noopener\">Die Luftfahrtfabrik<\/a>.<\/p>\r\n\r\n\r\n\r\n<h3 class=\"wp-block-heading\"><span class=\"ez-toc-section\" id=\"Average_Prices_From_Barcelona_to_Ibiza\"><\/span>Durchschnittspreise von Barcelona nach Ibiza<span class=\"ez-toc-section-end\"><\/span><\/h3>\r\n\r\n\r\n\r\n<figure class=\"wp-block-table\"><table><tbody><tr><td><strong>Luftfahrzeugtyp<\/strong><\/td><td><strong>Anzahl der Fahrg\u00e4ste<\/strong><\/td><td><strong>Preis f\u00fcr die Strecke Barcelona - Ibiza<\/strong><\/td><td><strong>Gesch\u00e4tzte Flugzeit<\/strong><\/td><\/tr><tr><td>Turboprop&nbsp;<\/td><td>4 &#8211; 19<\/td><td>7.000 EUR<\/td><td>55 Minuten<\/td><\/tr><tr><td>Leichter Strahl<\/td><td>4 &#8211; 11<\/td><td>3.500 EUR<\/td><td>45 Minuten<\/td><\/tr><tr><td>Mittelgro\u00dfer Jet<\/td><td>6 &#8211; 10<\/td><td>7.000 EUR<\/td><td>40 Minuten<\/td><\/tr><tr><td>Schwerer Strahl<\/td><td>4 &#8211; 72<\/td><td>8.500 EUR<\/td><td>40 Minuten<\/td><\/tr><\/tbody><\/table><\/figure>\r\n\r\n\r\n\r\n<p>Wie Sie wahrscheinlich aus der Tabelle ersehen haben, ist ein Leichtflugzeug eine gute Option f\u00fcr diese Strecke, wenn Sie mit dieser Gesellschaft fliegen, aber es h\u00e4ngt alles von dem Modell ab, das Sie w\u00e4hlen. Ich werde in den folgenden Abschnitten mehr \u00fcber die einzelnen Marken erz\u00e4hlen, aber zuerst wollen wir sehen, welche FBOs im Angebot sind.<\/p>\r\n\r\n\r\n\r\n<h2 class=\"wp-block-heading\"><span class=\"ez-toc-section\" id=\"Barcelona_to_Ibiza_Airports\"><\/span>Flugh\u00e4fen von Barcelona nach Ibiza<span class=\"ez-toc-section-end\"><\/span><\/h2>\r\n\r\n\r\n\r\n<figure class=\"wp-block-image size-large\"><img loading=\"lazy\" decoding=\"async\" width=\"1024\" height=\"683\" src=\"https:\/\/comparemyjet.com\/wp-content\/uploads\/2021\/12\/london-to-ibiza-airports-2-1024x683.jpg\" alt=\"Flugh\u00e4fen von London nach Ibiza\" class=\"wp-image-2571\" srcset=\"https:\/\/comparemyjet.com\/wp-content\/uploads\/2021\/12\/london-to-ibiza-airports-2-300x200.jpg 300w, https:\/\/comparemyjet.com\/wp-content\/uploads\/2021\/12\/london-to-ibiza-airports-2-768x512.jpg 768w, https:\/\/comparemyjet.com\/wp-content\/uploads\/2021\/12\/london-to-ibiza-airports-2-1024x683.jpg 1024w, https:\/\/comparemyjet.com\/wp-content\/uploads\/2021\/12\/london-to-ibiza-airports-2-1536x1024.jpg 1536w, https:\/\/comparemyjet.com\/wp-content\/uploads\/2021\/12\/london-to-ibiza-airports-2.jpg 1920w\" sizes=\"auto, (max-width: 1024px) 100vw, 1024px\" \/><\/figure>\r\n\r\n\r\n\r\n<p>Barcelona ist ein weltweit bekanntes Touristenziel, das jedes Jahr von Millionen von Menschen besucht wird. Es gibt jedoch nur einen Flughafen in Barcelona, den <em>Flughafen El Prat de Llobregat<\/em>oder einfach Flughafen Barcelona genannt.<\/p>\r\n\r\n\r\n\r\n<h3 class=\"wp-block-heading\"><span class=\"ez-toc-section\" id=\"Barcelona_Airport_El_Prat\"><\/span>Flughafen Barcelona (El Prat)<span class=\"ez-toc-section-end\"><\/span><\/h3>\r\n\r\n\r\n\r\n<p>El Prat hat eine ziemlich gute Lage, nur 8 Meilen vom Stadtzentrum entfernt. Mit dem Auto braucht man etwa 25 Minuten, mit dem Auto fast doppelt so lange.<\/p>\r\n\r\n\r\n\r\n<p>Die Privatfliegerei ist an diesem Flughafen jedoch gut entwickelt, und es gibt zahlreiche Flugsicherungsbetriebe. <a href=\"https:\/\/www.jetex.com\/network\/barcelona-spain\/\" target=\"_blank\" rel=\"noopener\">Jetex<\/a> ist einer von ihnen, mit einer <a href=\"https:\/\/comparemyjet.com\/de\/was-ist-ein-privates-flugzeug-fix-base-operator-fbo\/\" data-internallinksmanager029f6b8e52c=\"19\" title=\"Was ist ein Private Jet Fixed-Base Operator (FBO)?\">FBO<\/a> die alle Ihre Erwartungen erf\u00fcllen werden. Hier finden Sie sch\u00f6ne Aufenthaltsr\u00e4ume und Duschen, aber auch Dienstleistungen unter dem Fl\u00fcgel wie Betankung, Wartung oder Lagerung.<\/p>\r\n\r\n\r\n\r\n<p>Sie k\u00f6nnten auch die FBO von <a href=\"https:\/\/www.execujet.com\/en\/service\/fbo\/locations\/locations-worldwide\/barcelona\/\" target=\"_blank\" rel=\"noopener\">ExecuJet<\/a>. Wie Sie wahrscheinlich erwarten, werden Sie in diesem Terminal gut behandelt. Hier gibt es n\u00e4mlich das so genannte \"VIP-Catering auf Abruf\", d. h. Sie m\u00fcssen dem Personal nur rechtzeitig mitteilen, welche W\u00fcnsche Sie haben, und sie werden sicher erf\u00fcllt.<\/p>\r\n\r\n\r\n\r\n<p><a href=\"https:\/\/generalaviation.es\/\" target=\"_blank\" rel=\"noopener\">Dienstleistungen f\u00fcr die allgemeine Luftfahrt<\/a> ist ein weit entwickeltes FBO-Netz, das Sie auch in ganz Spanien finden k\u00f6nnen. Sie bieten einen 5-Sterne-Service und haben auch ein privates Terminal auf Ibiza, was diese FBO zu einer weiteren guten Wahl macht.<\/p>\r\n\r\n\r\n\r\n<p>Ein weiterer hervorragender FBO ist derjenige, der von <a href=\"https:\/\/www.universalaviation.aero\/locations\/spain\/barcelona-lebl\/\" target=\"_blank\" rel=\"noopener\">Universal Aviation<\/a>. Dieses Unternehmen mit fester Basis verf\u00fcgt \u00fcber gro\u00dfe VIP-Lounges, die f\u00fcr die Besatzung und die Passagiere getrennt sind, damit Sie Ihre Privatsph\u00e4re haben. Wenn Sie m\u00f6chten, k\u00f6nnen Sie Verpflegungsarrangements oder Transportdienste bestellen, und die Besatzung hilft Ihnen bei allem, was Sie brauchen.<\/p>\r\n\r\n\r\n\r\n<p>Unsere letzte Empfehlung ist der FBO, der von <a href=\"https:\/\/www.skyvalet.com\/\" target=\"_blank\" rel=\"noopener\">Skyvalet<\/a>. Diejenigen, die regelm\u00e4\u00dfig privat reisen, wissen, dass dieses private Terminal nur die besten und hochwertigsten Dienstleistungen f\u00fcr seine VIP-Kunden anbietet. Das Unternehmen ist auch am Flughafen von Ibiza vertreten.<\/p>\r\n\r\n\r\n\r\n<h2 class=\"wp-block-heading\"><span class=\"ez-toc-section\" id=\"Ibiza_Airports\"><\/span>Ibiza Flugh\u00e4fen<span class=\"ez-toc-section-end\"><\/span><\/h2>\r\n\r\n\r\n\r\n<p>Am Anfang dieses Artikels habe ich erw\u00e4hnt, dass Ibiza, genau wie Barcelona, einen Flughafen hat, der die Bed\u00fcrfnisse derjenigen erf\u00fcllt, die auf der Insel ein- und ausfliegen. Er hei\u00dft <em>Aeropuerto de Ibiza<\/em>bekannt als Flughafen Ibiza (IBZ).<\/p>\r\n\r\n\r\n\r\n<p>Der Flughafen liegt nur 6 Meilen vom Zentrum Ibizas entfernt und ist damit noch n\u00e4her am Zentrum als der Flughafen von Barcelona. Sie brauchen etwa 20 Minuten, um den Flughafen mit dem Auto zu erreichen, und es gibt gerade genug FBOs innerhalb des Flughafens, die Sie f\u00fcr private Fl\u00fcge nutzen k\u00f6nnen.<\/p>\r\n\r\n\r\n\r\n<p><a href=\"https:\/\/www.skyvalet.com\/\" target=\"_blank\" rel=\"noopener\">Sky Valet<\/a> ist eine von ihnen und hat wahrscheinlich den besten Concierge-Service, da sie einen individuellen VIP-Empfang bieten. Sie k\u00f6nnen dem Personal im Voraus mitteilen, was Ihre W\u00fcnsche sind, was Ihre Lieblingsspeisen, -getr\u00e4nke oder -aktivit\u00e4ten sind, und auf der Grundlage dieser Daten wird das Personal Ihren Aufenthalt individuell gestalten.&nbsp;<\/p>\r\n\r\n\r\n\r\n<p>Au\u00dferdem k\u00f6nnen Sie das Personal bitten, Ihnen bei allem behilflich zu sein, z. B. bei der Anmietung eines Fahrzeugs, eines Helikopters oder einer Limousine, oder bei der Reservierung eines Tisches im Restaurant.<\/p>\r\n\r\n\r\n\r\n<p><a href=\"https:\/\/www.aviapartnerexecutive.com\/ibiza\" target=\"_blank\" rel=\"noopener\">Avia-Partner<\/a> k\u00f6nnte auch Ihr FBO der Wahl sein, wenn Sie die Insel besuchen. Die Mitarbeiter hier helfen Ihnen bei allem, auch bei der Unterst\u00fctzung in Bezug auf Ihren Jet. Dazu geh\u00f6ren Betankung, Wartung oder Reparatur Ihres Jets, wenn n\u00f6tig, sowie die Lagerung in einigen der Hangars.&nbsp;<\/p>\r\n\r\n\r\n\r\n<p>Die Einrichtung selbst bietet \u00fcberraschend gro\u00dfe Aufenthaltsr\u00e4ume, eine gl\u00e4nzende K\u00fcche, Duschen, Konferenzr\u00e4ume und vieles mehr.<\/p>\r\n\r\n\r\n\r\n<h2 class=\"wp-block-heading\"><span class=\"ez-toc-section\" id=\"Which_Jet_Models_Can_Fly_You_to_Ibiza_From_Barcelona\"><\/span>Welche Jet-Modelle k\u00f6nnen Sie von Barcelona nach Ibiza fliegen?<span class=\"ez-toc-section-end\"><\/span><\/h2>\r\n\r\n\r\n\r\n<p>D\u00fcsengr\u00f6\u00dfen und D\u00fcsenmodelle sind nicht dasselbe. Ein bestimmtes Modell aus der Kategorie der leichten D\u00fcsen kann eine bessere, schnellere oder sogar teurere Wahl sein als ein bestimmtes Modell aus der Kategorie der mittelschweren D\u00fcsen.<\/p>\r\n\r\n\r\n\r\n<p>F\u00fcr diese Strecke ist jede D\u00fcsengr\u00f6\u00dfe und jedes Modell geeignet. Aber wie bei allem im Leben gibt es Dinge, die besser und attraktiver sind als andere. Schauen wir uns an, welche Optionen Sie in Bezug auf Jet-Modelle f\u00fcr die Strecke Barcelona - Ibiza haben.<\/p>\r\n\r\n\r\n\r\n<h3 class=\"wp-block-heading\"><span class=\"ez-toc-section\" id=\"Small_Turboprops_Light_Jets_and_Midsize_Jets\"><\/span>Kleine (Turboprops, leichte Jets) und mittelgro\u00dfe Jets<span class=\"ez-toc-section-end\"><\/span><\/h3>\r\n\r\n\r\n\r\n<p>Zu den Kleinflugzeugen geh\u00f6ren Turboprops und leichte Jets. Turboprops k\u00f6nnen in vielen F\u00e4llen ein gutes Gesch\u00e4ft sein, weil sie in der Regel g\u00fcnstiger sind, auch wenn sie etwas langsamer sind als die anderen. In diesem Fall spielt die Geschwindigkeit keine Rolle, da die Strecke zu kurz ist, um den geringen Flugzeitunterschied zu bemerken. Ich habe mir die Preise auf der <a href=\"https:\/\/www.aircharterservice.com\/\" target=\"_blank\" rel=\"noopener\">Air Charter Service<\/a>und hier ist, was wir haben.<\/p>\r\n\r\n\r\n\r\n<p>Die <em>Piaggio Avanti II <\/em>ist ein Turboprop-Flugzeug, das \u00fcber gro\u00dfartige Eigenschaften verf\u00fcgt und f\u00fcr ein Turboprop-Flugzeug recht schnell ist. Die Kabine bietet bequem Platz f\u00fcr 7 Personen, die Bel\u00fcftung erm\u00f6glicht es Rauchern, den Flug auf ihre Weise zu genie\u00dfen, und sie ist haustierfreundlich. Die Maschine erreicht Ibiza in 45 Minuten und kostet rund 8.000 EUR.<\/p>\r\n\r\n\r\n\r\n<p>Eine weitere Turboprop-Option w\u00e4re die <em>King Air 250GT <\/em>die mehr oder weniger die gleichen Merkmale aufweist wie die <em>Avanti<\/em>. Dieser Jet braucht zehn Minuten l\u00e4nger, um das Ziel zu erreichen, und kostet 1.000 EUR mehr in der Miete. Die Kabine ist in etwa gleich gro\u00df, so dass 7 Personen ganz bequem reisen k\u00f6nnen.<\/p>\r\n\r\n\r\n\r\n<p><em>Luftcharter <\/em>hat einige gute Angebote f\u00fcr leichte Jets, wie zum Beispiel das <em>Zitat Mustang<\/em>ein \u00e4u\u00dferst elegantes Flugzeug, das f\u00fcr vier Personen ausgelegt ist. Au\u00dferdem ist er raucher- und haustierfreundlich. Er bringt Sie in 45 Minuten von Barcelona nach Ibiza und kostet etwa 4.000 EUR.<\/p>\r\n\r\n\r\n\r\n<p>Meine zweite Wahl f\u00fcr einen leichten Jet w\u00e4re der <em>Bezugsvermerk CJ1+. <\/em>Dieser Jet hat eine sehr komfortable Kabine, in der insgesamt sechs Personen Platz finden. Er ist etwas schneller als der Mustang, so dass Sie in 40 Minuten am Flughafen von Ibiza sein werden. Es ist auch ein bisschen billiger, da Sie etwa 3.500 EUR ausgeben, um diesen Jet zu mieten.<\/p>\r\n\r\n\r\n\r\n<p>Wenn Sie sich jedoch f\u00fcr einen mittelgro\u00dfen Jet entscheiden, bedeutet dies, dass Sie entweder eine gr\u00f6\u00dfere Gruppe sind oder einfach mehr Komfort w\u00fcnschen. Die <em><a href=\"https:\/\/comparemyjet.com\/de\/gulfstream\/\" data-internallinksmanager029f6b8e52c=\"175\" title=\"Ultimativer Leitfaden f\u00fcr Gulfstream Privatjets und Flugzeuge\">Gulfstream<\/a> G-200, <\/em>hat per se einen sehr <a href=\"https:\/\/comparemyjet.com\/de\/privatfuhrungen\/schone-private-touren\/\" data-internallinksmanager029f6b8e52c=\"249\" title=\"11 Beste Nizza Privat Touren von $37.66\">sch\u00f6n<\/a> Kabine f\u00fcr 10 Personen mit bequemen Sitzen und einem Tisch, an dem Sie in der Luft zu Abend essen k\u00f6nnen. Es dauert 40 Minuten, um Ibiza von Barcelona aus zu erreichen, und die Miete kostet etwa 8.000 EUR.<\/p>\r\n\r\n\r\n\r\n<p>Die <em>Zitat Breitengrad <\/em>w\u00e4re auch eine gute Wahl f\u00fcr einen mittelgro\u00dfen Jet, da er \u00fcber eine ger\u00e4umige Kabine mit Annehmlichkeiten verf\u00fcgt, die es Ihnen erm\u00f6glichen, sich zu entspannen, zu Mittag zu essen oder einfach mit Ihren Mitreisenden zu plaudern. Die Kabine ist gro\u00df genug f\u00fcr neun Personen, und es gibt einen Internetzugang. Der Flug von Barcelona nach Ibiza dauert 40 Minuten und kostet ca. 10.000 EUR f\u00fcr diese Strecke.<\/p>\r\n\r\n\r\n\r\n<h3 class=\"wp-block-heading\"><span class=\"ez-toc-section\" id=\"Heavy_Jets\"><\/span>Heavy Jets<span class=\"ez-toc-section-end\"><\/span><\/h3>\r\n\r\n\r\n\r\n<figure class=\"wp-block-image size-large\"><img loading=\"lazy\" decoding=\"async\" width=\"1024\" height=\"683\" src=\"https:\/\/comparemyjet.com\/wp-content\/uploads\/2021\/12\/london-to-ibiza-airports-1024x683.jpg\" alt=\"Jet-Modelle\" class=\"wp-image-2572\" srcset=\"https:\/\/comparemyjet.com\/wp-content\/uploads\/2021\/12\/london-to-ibiza-airports-300x200.jpg 300w, https:\/\/comparemyjet.com\/wp-content\/uploads\/2021\/12\/london-to-ibiza-airports-768x512.jpg 768w, https:\/\/comparemyjet.com\/wp-content\/uploads\/2021\/12\/london-to-ibiza-airports-1024x683.jpg 1024w, https:\/\/comparemyjet.com\/wp-content\/uploads\/2021\/12\/london-to-ibiza-airports-1536x1025.jpg 1536w, https:\/\/comparemyjet.com\/wp-content\/uploads\/2021\/12\/london-to-ibiza-airports.jpg 1920w\" sizes=\"auto, (max-width: 1024px) 100vw, 1024px\" \/><\/figure>\r\n\r\n\r\n\r\n<p>Man h\u00f6rt vielleicht, dass es \"zu viel\" ist, einen schweren Jet f\u00fcr eine Reise von weniger als einer Stunde zu nehmen, aber wer kann das schon sagen? Die Anmietung eines schweren Jets bedeutet nur, dass das Komfortniveau steigt und Sie schneller am Ziel sind.&nbsp;<\/p>\r\n\r\n\r\n\r\n<p>Die <em>Falke 2000 <\/em>ist ein ziemlich guter, schwerer Jet, der gerade genug Leute mitnimmt, um die Fahrt in vollen Z\u00fcgen zu genie\u00dfen. Die Kabine ist f\u00fcr 10 Personen ausgelegt, obwohl theoretisch noch mehr Platz ist. Es ist sehr modern und gem\u00fctlich und braucht 45 Minuten, um Ibiza zu erreichen. Der Preis f\u00fcr die Anmietung dieses Jets liegt bei etwa 16.000 EUR.<\/p>\r\n\r\n\r\n\r\n<p>Ein weiterer schwerer Jet, der f\u00fcr eine gr\u00f6\u00dfere Gruppe eine gute Wahl sein k\u00f6nnte, ist der <em>Gulfstream G-V<\/em>. Dieser Jet hat eine Kabine f\u00fcr bis zu 16 Personen, sehr bequeme Sitze und WiFi. F\u00fcr die Strecke ben\u00f6tigt er 40 Minuten und der Mietpreis betr\u00e4gt rund 17.000 EUR.<\/p>\r\n\r\n\r\n\r\n<p>Sie k\u00f6nnten auch die <em>Herausforderer 605 <\/em>f\u00fcr Ihre Reise, wenn Sie bereit sind, rund 18.000 EUR zu zahlen. Es handelt sich um einen ber\u00fchmten Jet mit einer begehbaren Kabine f\u00fcr 12 Personen. Die gesch\u00e4tzte Flugzeit betr\u00e4gt 40 Minuten, genau wie bei der <em>G-V<\/em>.<\/p>\r\n\r\n\r\n\r\n<h3 class=\"wp-block-heading\"><span class=\"ez-toc-section\" id=\"Prices_Per_Plane_Type_Overview\"><\/span>Preise pro Flugzeugtyp: \u00dcbersicht<span class=\"ez-toc-section-end\"><\/span><\/h3>\r\n\r\n\r\n\r\n<p>Nachstehend finden Sie die Preise pro Flugzeugtyp und -modell.<\/p>\r\n\r\n\r\n\r\n<figure class=\"wp-block-table\"><table><tbody><tr><td><strong>Typ des Flugzeugs<\/strong><\/td><td><\/td><td><\/td><td><\/td><\/tr><tr><td><strong>Leichte und mittelgro\u00dfe Jets<\/strong><\/td><td><strong>Anzahl der Fahrg\u00e4ste<\/strong><\/td><td><strong>Flugzeit<\/strong><\/td><td><strong>Preis<\/strong><\/td><\/tr><tr><td><em>Piaggio Avanti II<\/em><\/td><td>7<\/td><td>45 Minuten<\/td><td>8.000 EUR<\/td><\/tr><tr><td><em>King Air 250GT<\/em><\/td><td>7<\/td><td>55 Minuten&nbsp;<\/td><td>9.000 EUR<\/td><\/tr><tr><td><em>Zitat Mustang<\/em><\/td><td>4<\/td><td>45 Minuten<\/td><td>4.000 EUR<\/td><\/tr><tr><td><em>Zitat CJ1+<\/em><\/td><td>6<\/td><td>40 Minuten<\/td><td>3.500 EUR<\/td><\/tr><tr><td><em>Gulfstream G-200<\/em><\/td><td>10<\/td><td>40 Minuten<\/td><td>8.000 EUR<\/td><\/tr><tr><td><em>Zitat Breitengrad&nbsp;<\/em><\/td><td>9<\/td><td>40 Minuten<\/td><td>10.000 EUR<\/td><\/tr><tr><td><strong>Schwere D\u00fcsen<\/strong><\/td><td><\/td><td><\/td><td><\/td><\/tr><tr><td><em>Falke 2000<\/em><\/td><td>10<\/td><td>45 Minuten<\/td><td>16.000 EUR<\/td><\/tr><tr><td><em>Gulfstream G-V<\/em><\/td><td>16<\/td><td>40 Minuten<\/td><td>17.000 EUR<\/td><\/tr><tr><td><em>Herausforderer 605<\/em><\/td><td>12<\/td><td>40 Minuten<\/td><td>18.000 EUR<\/td><\/tr><\/tbody><\/table><\/figure>\r\n\r\n\r\n\r\n<h2 class=\"wp-block-heading\"><span class=\"ez-toc-section\" id=\"Conclusion\"><\/span>Schlussfolgerung<span class=\"ez-toc-section-end\"><\/span><\/h2>\r\n\r\n\r\n\r\n<p>Es gibt nur wenige Dinge auf der Welt, die so viel Freude bereiten wie ein Besuch auf Ibiza nach Barcelona. Da Sie diese Route genie\u00dfen werden, gibt es ein paar Dinge, die Sie beachten sollten, damit Ihre Reise so gut wie m\u00f6glich verl\u00e4uft.<\/p>\r\n\r\n\r\n\r\n<p>Sie sollten wissen, dass das Mieten des richtigen Jets bedeutet, einen Jet zu finden, der die richtige Gr\u00f6\u00dfe f\u00fcr Ihre Party hat und Ihren Budgetvorstellungen entspricht. In diesem Fall m\u00fcssen Sie sich keine Sorgen machen, wenn Sie bereit sind, bis zu 18.000 EUR auszugeben. Der Flug dauert etwa 40 Minuten, mit den meisten Turboprop-Maschinen etwa 10 Minuten l\u00e4nger. Barcelona und Ibiza sind St\u00e4dte, die oft von Prominenten und anderen VIPs besucht werden, daher sollte es kein Problem sein, einen FBO zu finden, der Ihnen gef\u00e4llt.&nbsp;<\/p>\r\n\r\n\r\n\r\n<p>Da Sie nun alle wichtigen Informationen haben, bleibt nur noch zu sagen: Gute Reise!<\/p>","protected":false},"excerpt":{"rendered":"<p>Spanien hat viele wunderbare Orte, die einen Besuch wert sind, wobei Barcelona und Ibiza ganz oben auf der Liste stehen. Die Kombination der beiden Orte verleiht Ihrer Reise eine besondere Note, und es gibt nichts Einfacheres, als von der K\u00fcstenstadt Barcelona nach Ibiza zu reisen, da diese beiden Orte gut miteinander verbunden sind. Die beiden St\u00e4dte sind sehr ...<\/p>","protected":false},"author":2,"featured_media":2561,"parent":0,"menu_order":0,"comment_status":"closed","ping_status":"closed","template":"","meta":{"_acf_changed":false,"_genesis_hide_title":false,"_genesis_hide_breadcrumbs":false,"_genesis_hide_singular_image":false,"_genesis_hide_footer_widgets":false,"_genesis_custom_body_class":"","_genesis_custom_post_class":"","_genesis_layout":"","footnotes":""},"class_list":{"1":"page","2":"type-page","6":"entry"},"acf":[],"_links":{"self":[{"href":"https:\/\/comparemyjet.com\/de\/wp-json\/wp\/v2\/pages\/2553","targetHints":{"allow":["GET"]}}],"collection":[{"href":"https:\/\/comparemyjet.com\/de\/wp-json\/wp\/v2\/pages"}],"about":[{"href":"https:\/\/comparemyjet.com\/de\/wp-json\/wp\/v2\/types\/page"}],"author":[{"embeddable":true,"href":"https:\/\/comparemyjet.com\/de\/wp-json\/wp\/v2\/users\/2"}],"replies":[{"embeddable":true,"href":"https:\/\/comparemyjet.com\/de\/wp-json\/wp\/v2\/comments?post=2553"}],"version-history":[{"count":3,"href":"https:\/\/comparemyjet.com\/de\/wp-json\/wp\/v2\/pages\/2553\/revisions"}],"predecessor-version":[{"id":2761,"href":"https:\/\/comparemyjet.com\/de\/wp-json\/wp\/v2\/pages\/2553\/revisions\/2761"}],"wp:featuredmedia":[{"embeddable":true,"href":"https:\/\/comparemyjet.com\/de\/wp-json\/wp\/v2\/media\/2561"}],"wp:attachment":[{"href":"https:\/\/comparemyjet.com\/de\/wp-json\/wp\/v2\/media?parent=2553"}],"curies":[{"name":"wp","href":"https:\/\/api.w.org\/{rel}","templated":true}]}}