{"id":3061,"date":"2022-07-11T23:51:35","date_gmt":"2022-07-11T23:51:35","guid":{"rendered":"https:\/\/comparemyjet.com\/?page_id=3061"},"modified":"2025-09-04T09:58:14","modified_gmt":"2025-09-04T09:58:14","slug":"amalfi-jets","status":"publish","type":"page","link":"https:\/\/comparemyjet.com\/de\/amalfi-jets\/","title":{"rendered":"Amalfi Jets Flugpreisgestaltung"},"content":{"rendered":"<p>Es gibt nichts Sch\u00f6neres, als in einem Privatjet durch die Welt zu reisen. Um das Erlebnis eines Privatfluges noch angenehmer zu gestalten, schickt Amalfi Jets einen ihrer Vertreter zum Flughafen, der jeden Kunden vor dem Abflug begr\u00fc\u00dft und sicherstellt, dass jedes Detail f\u00fcr einen angenehmen Flug beachtet wird.&nbsp;<\/p>\r\n\r\n\r\n\r\n<p>Das Unternehmen bietet Dienstleistungen wie On-Demand-Charter und Jet-Card-Mitgliedschaftsprogramme an. Sie versprechen auch eine garantierte Verf\u00fcgbarkeit mit nur 18 Stunden Vorlaufzeit, und Sie k\u00f6nnen von kostenlosen Flugzeug-Upgrades und vielen anderen Vorteilen profitieren. Lassen Sie uns die Vorteile des Fliegens mit Amalfi Jets im Detail erkunden.<\/p>\r\n\r\n\r\n\r\n<div id=\"ez-toc-container\" class=\"ez-toc-v2_0_76 counter-hierarchy ez-toc-counter ez-toc-grey ez-toc-container-direction\">\n<p class=\"ez-toc-title\" style=\"cursor:inherit\">Themen<\/p>\n<label for=\"ez-toc-cssicon-toggle-item-69f038b6632ba\" class=\"ez-toc-cssicon-toggle-label\"><span class=\"\"><span class=\"eztoc-hide\" style=\"display:none;\">Umschalten auf<\/span><span class=\"ez-toc-icon-toggle-span\"><svg style=\"fill: #999;color:#999\" xmlns=\"http:\/\/www.w3.org\/2000\/svg\" class=\"list-377408\" width=\"20px\" height=\"20px\" viewbox=\"0 0 24 24\" fill=\"none\"><path d=\"M6 6H4v2h2V6zm14 0H8v2h12V6zM4 11h2v2H4v-2zm16 0H8v2h12v-2zM4 16h2v2H4v-2zm16 0H8v2h12v-2z\" fill=\"currentColor\"><\/path><\/svg><svg style=\"fill: #999;color:#999\" class=\"arrow-unsorted-368013\" xmlns=\"http:\/\/www.w3.org\/2000\/svg\" width=\"10px\" height=\"10px\" viewbox=\"0 0 24 24\" version=\"1.2\" baseprofile=\"tiny\"><path d=\"M18.2 9.3l-6.2-6.3-6.2 6.3c-.2.2-.3.4-.3.7s.1.5.3.7c.2.2.4.3.7.3h11c.3 0 .5-.1.7-.3.2-.2.3-.5.3-.7s-.1-.5-.3-.7zM5.8 14.7l6.2 6.3 6.2-6.3c.2-.2.3-.5.3-.7s-.1-.5-.3-.7c-.2-.2-.4-.3-.7-.3h-11c-.3 0-.5.1-.7.3-.2.2-.3.5-.3.7s.1.5.3.7z\"\/><\/svg><\/span><\/span><\/label><input type=\"checkbox\"  id=\"ez-toc-cssicon-toggle-item-69f038b6632ba\" checked aria-label=\"Umschalten auf\" \/><nav><ul class='ez-toc-list ez-toc-list-level-1' ><li class='ez-toc-page-1 ez-toc-heading-level-2'><a class=\"ez-toc-link ez-toc-heading-1\" href=\"https:\/\/comparemyjet.com\/de\/amalfi-jets\/#Company_History\" >Geschichte des Unternehmens<\/a><ul class='ez-toc-list-level-3' ><li class='ez-toc-heading-level-3'><a class=\"ez-toc-link ez-toc-heading-2\" href=\"https:\/\/comparemyjet.com\/de\/amalfi-jets\/#Why_Choose_Amalfi_Jets\" >Warum Amalfi Jets w\u00e4hlen?<\/a><\/li><\/ul><\/li><li class='ez-toc-page-1 ez-toc-heading-level-2'><a class=\"ez-toc-link ez-toc-heading-3\" href=\"https:\/\/comparemyjet.com\/de\/amalfi-jets\/#Ways_to_Fly\" >Wege zum Fliegen<\/a><\/li><li class='ez-toc-page-1 ez-toc-heading-level-2'><a class=\"ez-toc-link ez-toc-heading-4\" href=\"https:\/\/comparemyjet.com\/de\/amalfi-jets\/#The_Company_Card_Program\" >Das Firmenkartenprogramm<\/a><\/li><li class='ez-toc-page-1 ez-toc-heading-level-2'><a class=\"ez-toc-link ez-toc-heading-5\" href=\"https:\/\/comparemyjet.com\/de\/amalfi-jets\/#Pricing\" >Preisgestaltung<\/a><\/li><li class='ez-toc-page-1 ez-toc-heading-level-2'><a class=\"ez-toc-link ez-toc-heading-6\" href=\"https:\/\/comparemyjet.com\/de\/amalfi-jets\/#The_Fleet\" >Die Flotte&nbsp;<\/a><ul class='ez-toc-list-level-3' ><li class='ez-toc-heading-level-3'><a class=\"ez-toc-link ez-toc-heading-7\" href=\"https:\/\/comparemyjet.com\/de\/amalfi-jets\/#1_Light_Private_Jets\" >1. Leichte Privatjets<\/a><\/li><li class='ez-toc-page-1 ez-toc-heading-level-3'><a class=\"ez-toc-link ez-toc-heading-8\" href=\"https:\/\/comparemyjet.com\/de\/amalfi-jets\/#2_Midsize_and_Super-Midsize_Private_Jets\" >2. Mittelgro\u00dfe und super-mittelgro\u00dfe Privatjets&nbsp;<\/a><\/li><li class='ez-toc-page-1 ez-toc-heading-level-3'><a class=\"ez-toc-link ez-toc-heading-9\" href=\"https:\/\/comparemyjet.com\/de\/amalfi-jets\/#3_Large_Private_Jets\" >3. Gro\u00dfe Privatjets<\/a><\/li><li class='ez-toc-page-1 ez-toc-heading-level-3'><a class=\"ez-toc-link ez-toc-heading-10\" href=\"https:\/\/comparemyjet.com\/de\/amalfi-jets\/#4_Ultra-Long-Range_Private_Jets\" >4. Ultra-Langstrecken-Privatjets<\/a><\/li><\/ul><\/li><li class='ez-toc-page-1 ez-toc-heading-level-2'><a class=\"ez-toc-link ez-toc-heading-11\" href=\"https:\/\/comparemyjet.com\/de\/amalfi-jets\/#Company_Safety_Policy_and_Standards\" >Sicherheitspolitik und -standards des Unternehmens<\/a><\/li><li class='ez-toc-page-1 ez-toc-heading-level-2'><a class=\"ez-toc-link ez-toc-heading-12\" href=\"https:\/\/comparemyjet.com\/de\/amalfi-jets\/#Partnerships\" >Partnerschaften<\/a><\/li><li class='ez-toc-page-1 ez-toc-heading-level-2'><a class=\"ez-toc-link ez-toc-heading-13\" href=\"https:\/\/comparemyjet.com\/de\/amalfi-jets\/#Conclusion\" >Schlussfolgerung<\/a><\/li><\/ul><\/nav><\/div>\n<h2 class=\"wp-block-heading\"><span class=\"ez-toc-section\" id=\"Company_History\"><\/span>Geschichte des Unternehmens<span class=\"ez-toc-section-end\"><\/span><\/h2>\r\n\r\n\r\n\r\n<p>Amalfi Jets ist ein <a href=\"https:\/\/comparemyjet.com\/de\/wie-mietet-man-ein-privatflugzeug\/\" data-internallinksmanager029f6b8e52c=\"15\" title=\"Wie kann man einen Privatjet mieten oder chartern?\">Privatjet-Charter<\/a> Agentur, die 2020 von Kolin Jones gegr\u00fcndet wurde. Mit Sitz in <a href=\"https:\/\/comparemyjet.com\/de\/privatfuhrungen\/los-angeles-private-tours\/\" data-internallinksmanager029f6b8e52c=\"421\" title=\"11 Beste Los Angeles Private Touren von $55.00\">Los Angeles<\/a>Amalfi bietet Reisenden sowohl On-Demand-Leasing als auch eine Mitgliedschaftsoption f\u00fcr Vielflieger an. Einzelpersonen, Unternehmen und Familien haben alle von den speziellen Flugdienstleistungen des Unternehmens profitiert, wie z. B. personalisiertes Catering und ein zus\u00e4tzlicher Black-Car-Service.&nbsp;<\/p>\r\n\r\n\r\n\r\n<p>Amalfi Jets, LLC ist eines der am schnellsten wachsenden Unternehmen im Luftfahrtsektor unter der Leitung von Kolin. Von der Schnelligkeit der Piloten und des Personals bis hin zur Sicherheit der Kunden - Amalfi Jets trifft alle Vorkehrungen, um einen reibungslosen Ablauf Ihrer Reise zu gew\u00e4hrleisten, so dass Sie sich um nichts anderes k\u00fcmmern m\u00fcssen, als eine tolle Zeit in einem Privatflugzeug zu verbringen.<\/p>\r\n\r\n\r\n\r\n<p>Amalfi Jets verf\u00fcgt \u00fcber ein umfangreiches Netz von rund 2.000 Flugzeugen, die \u00fcber die ganze Welt verteilt sind. Alle Fl\u00fcge werden durchgef\u00fchrt von <a href=\"https:\/\/www.faa.gov\/\" target=\"_blank\" rel=\"noopener\">FAA<\/a>-zertifizierte Luftfahrzeugbetreiber gem\u00e4\u00df Teil 135 oder deren \u00c4quivalente in anderen L\u00e4ndern.&nbsp;<\/p>\r\n\r\n\r\n\r\n<h3 class=\"wp-block-heading\"><span class=\"ez-toc-section\" id=\"Why_Choose_Amalfi_Jets\"><\/span>Warum Amalfi Jets w\u00e4hlen?<span class=\"ez-toc-section-end\"><\/span><\/h3>\r\n\r\n\r\n\r\n<p>Amalfi Jets ist bestrebt, seinen Kunden die beste Qualit\u00e4t zu bieten. Eine Sache, die sie von anderen privaten Charterunternehmen abhebt, ist ihr globales Team von Amalfi-Vertretern, die die Passagiere an jedem einzelnen Abflugort begr\u00fc\u00dfen.&nbsp;<\/p>\r\n\r\n\r\n\r\n<p>Das Unternehmen bietet auch eine kostenlose Abholung von zu Hause oder vom Startpunkt Ihrer Reise an und stellt allen Reisenden einen schwarzen Autoservice in SUVs zur Verf\u00fcgung. Bei jeder Reise, die Sie mit Amalfi Jets planen und durchf\u00fchren, erhalten Sie einen Taxiservice von Ihrem Abflugort bis zu Ihrem Zielflughafen. Sie werden w\u00e4hrend Ihrer gesamten Reise Ihr Begleiter sein.<\/p>\r\n\r\n\r\n\r\n<p>F\u00fcr die Verpflegung an Bord arbeitet Amalfi Jets gerne mit einigen der renommiertesten K\u00f6che der Welt zusammen. Vor jeder Reise stellen die Mitarbeiter des Kundendienstes Men\u00fcs zusammen, aus denen Sie je nach Ihren Vorlieben und Ihrer Ern\u00e4hrung w\u00e4hlen k\u00f6nnen.<\/p>\r\n\r\n\r\n\r\n<p>Au\u00dferdem helfen Ihnen die Luftfahrtberater, aus \u00fcber 2.000 Flugzeugen das richtige und g\u00fcnstigste Flugzeug f\u00fcr Ihre Reise auszuw\u00e4hlen. Jede Reise wird von Luftfahrtspezialisten \u00fcberwacht, um die Qualit\u00e4t des Service und die Zufriedenheit der Kunden zu gew\u00e4hrleisten.<\/p>\r\n\r\n\r\n\r\n<h2 class=\"wp-block-heading\"><span class=\"ez-toc-section\" id=\"Ways_to_Fly\"><\/span>Wege zum Fliegen<span class=\"ez-toc-section-end\"><\/span><\/h2>\r\n\r\n\r\n\r\n<p>Es gibt zwei M\u00f6glichkeiten, mit Amalfi Jets zu fliegen:<\/p>\r\n\r\n\r\n\r\n<ol class=\"wp-block-list\"><li>Fordern Sie verf\u00fcgbare Flugzeugalternativen f\u00fcr jede einzelne Reise \u00fcber das <a href=\"https:\/\/amalfijets.com\/on-demand-charter\/\" target=\"_blank\" rel=\"noopener\">Abrufbar unter<\/a> Aspekt der Charta.&nbsp;<\/li><li>Werden Sie ein <a href=\"https:\/\/amalfijets.com\/the-amalfi-one-jet-card-program\/\" target=\"_blank\" rel=\"noopener\">Ein-Jet-Karte<\/a> Mitglied, wenn Sie ein Vielflieger sind, der ein Flugzeug besitzen m\u00f6chte, ohne die damit verbundenen Geb\u00fchren zu bezahlen.<\/li><\/ol>\r\n\r\n\r\n\r\n<p>Schauen wir uns das Mitgliedschaftsprogramm genauer an.<\/p>\r\n\r\n\r\n\r\n<h2 class=\"wp-block-heading\"><span class=\"ez-toc-section\" id=\"The_Company_Card_Program\"><\/span>Das Firmenkartenprogramm<span class=\"ez-toc-section-end\"><\/span><\/h2>\r\n\r\n\r\n\r\n<p>Das Ziel des Amalfi One Jet Card Programms ist es, Ihnen ein Servicenetz zu bieten, in dem Sie das Beste genie\u00dfen k\u00f6nnen, was die Branche zu bieten hat - eine weltweite Reise.<\/p>\r\n\r\n\r\n\r\n<p>Die Amalfi One Jet Card ist die einzige Jet Card in der Branche, die in mehr als 30 verschiedenen L\u00e4ndern verwendet werden kann. Als Karteninhaber k\u00f6nnen Sie fliegen und pro Stunde bezahlen, solange Sie innerhalb oder zwischen den L\u00e4ndern des prim\u00e4ren Servicegebiets des Unternehmens unterwegs sind. Egal, wohin Ihre Reise geht, Sie k\u00f6nnen sicher sein, dass eine Flotte von Flugzeugen auf Sie wartet, um Sie an Ihr Ziel zu bringen.<\/p>\r\n\r\n\r\n\r\n<p>Ein weiterer Vorteil ist, dass Sie als Karteninhaber einen Jet nur innerhalb von 18 Stunden innerhalb der USA bzw. 72 Stunden f\u00fcr die \u00fcbrigen Orte im Hauptdienstgebiet der Amalfis chartern k\u00f6nnen.<\/p>\r\n\r\n\r\n\r\n<p>Und nicht zuletzt erhalten Sie als Karteninhaber einen kostenlosen Black-Car-Service, ein individuelles Catering auf jedem Flug sowie Alkohol und Getr\u00e4nke Ihrer Wahl. Ein Mitarbeiter von Amalfi Jets wird Sie an jedem einzelnen Abflughafen begr\u00fc\u00dfen, um sicherzustellen, dass Sie den besten Service erhalten.<\/p>\r\n\r\n\r\n\r\n<h2 class=\"wp-block-heading\"><span class=\"ez-toc-section\" id=\"Pricing\"><\/span>Preisgestaltung<span class=\"ez-toc-section-end\"><\/span><\/h2>\r\n\r\n\r\n\r\n<p>F\u00fcr das One-Programm ist eine Mindesteinlage von $50.000 USD erforderlich, wobei die gesamten $50.000 USD sofort auf Ihr Flugkonto f\u00fcr Reisezwecke \u00fcberwiesen werden und keine Mitgliedsbeitr\u00e4ge, Jahresgeb\u00fchren, Geb\u00fchren oder Einf\u00fchrungskosten anfallen.<\/p>\r\n\r\n\r\n\r\n<p>Als Mitglied des One Jet Card-Programms zahlen Sie die folgenden Stundens\u00e4tze:<\/p>\r\n\r\n\r\n\r\n<ul class=\"wp-block-list\"><li>$5,800 f\u00fcr leichte D\u00fcsen;&nbsp;<\/li><li>$7.800 f\u00fcr mittelgro\u00dfe Jets;&nbsp;<\/li><li>$9.800 f\u00fcr Super-Midsize-Jets;&nbsp;<\/li><li>$10.800 f\u00fcr gro\u00dfe Kabinenflugzeuge;&nbsp;<\/li><li>$13,500 f\u00fcr Ultra-Langstreckenflugzeuge.<\/li><\/ul>\r\n\r\n\r\n\r\n<h2 class=\"wp-block-heading\"><span class=\"ez-toc-section\" id=\"The_Fleet\"><\/span>Die Flotte&nbsp;<span class=\"ez-toc-section-end\"><\/span><\/h2>\r\n\r\n\r\n\r\n<figure class=\"wp-block-image size-full is-style-default\"><img loading=\"lazy\" decoding=\"async\" width=\"1000\" height=\"667\" src=\"https:\/\/comparemyjet.com\/wp-content\/uploads\/2022\/07\/amalfi.jets_.white_.private.jet_.on_.the_.runway.jpg\" alt=\"amalfi.jets.white.private.plane.on.the.runway\" class=\"wp-image-3067\" srcset=\"https:\/\/comparemyjet.com\/wp-content\/uploads\/2022\/07\/amalfi.jets_.white_.private.jet_.on_.the_.runway-18x12.jpg 18w, https:\/\/comparemyjet.com\/wp-content\/uploads\/2022\/07\/amalfi.jets_.white_.private.jet_.on_.the_.runway-300x200.jpg 300w, https:\/\/comparemyjet.com\/wp-content\/uploads\/2022\/07\/amalfi.jets_.white_.private.jet_.on_.the_.runway-768x512.jpg 768w, https:\/\/comparemyjet.com\/wp-content\/uploads\/2022\/07\/amalfi.jets_.white_.private.jet_.on_.the_.runway.jpg 1000w\" sizes=\"auto, (max-width: 1000px) 100vw, 1000px\" \/><\/figure>\r\n\r\n\r\n\r\n<p>Werfen Sie einen Blick auf die folgenden Jet-Kategorien und nutzen Sie unsere Erl\u00e4uterungen, um das ideale Flugzeug f\u00fcr Ihre bevorstehende Reise auszuw\u00e4hlen.<\/p>\r\n\r\n\r\n\r\n<h3 class=\"wp-block-heading\"><span class=\"ez-toc-section\" id=\"1_Light_Private_Jets\"><\/span>1. Leichte Privatjets<span class=\"ez-toc-section-end\"><\/span><\/h3>\r\n\r\n\r\n\r\n<p>Bei einer Flugdauer von bis zu drei Stunden und einer kleinen Gruppe von 4-6 Passagieren sind Jets der Kategorie Leichtflugzeuge eine gute Wahl.&nbsp;<\/p>\r\n\r\n\r\n\r\n<p>Leichtflugzeuge sind aufgrund ihrer niedrigen Betriebskosten und hohen Effizienz eine beliebte Wahl. Einige Leichtflugzeuge k\u00f6nnen relativ klein sein, w\u00e4hrend andere gr\u00f6\u00dfer sind, als man erwarten w\u00fcrde, es kommt also ganz auf das Flugzeugmodell an. Es kann sein, dass es keine Tische oder Toiletten gibt, und in der Regel gibt es auch keinen Platz zum Stehen, weshalb Flugbegleiter die Passagiere in diesen Jets normalerweise nicht begleiten. Sie bieten jedoch einen ruhigeren Flug als Turboprop-Flugzeuge und eignen sich perfekt f\u00fcr kleinere Landebahnen.&nbsp;<\/p>\r\n\r\n\r\n\r\n<h3 class=\"wp-block-heading\"><span class=\"ez-toc-section\" id=\"2_Midsize_and_Super-Midsize_Private_Jets\"><\/span>2. Mittelgro\u00dfe und super-mittelgro\u00dfe Privatjets&nbsp;<span class=\"ez-toc-section-end\"><\/span><\/h3>\r\n\r\n\r\n\r\n<p>Die mittlere Kategorie, die bis zu 9 Passagieren Platz bietet, ist beliebt f\u00fcr Fl\u00fcge von bis zu 4 Stunden Dauer und f\u00fcr Passagiere, die zus\u00e4tzliche Gep\u00e4ckkapazit\u00e4t, eine ger\u00e4umige Kabine und eine anspruchsvolle Unterbringung w\u00fcnschen. Im Gegensatz zu Leichtflugzeugen verf\u00fcgen Flugzeuge der Mittelklasse \u00fcber gr\u00f6\u00dfere Erfrischungsf\u00e4cher, so dass zus\u00e4tzliche Speisen und Snacks sowie Getr\u00e4nke mit an Bord genommen werden k\u00f6nnen. Auch die Kategorie der Super-Midsize-Flugzeuge ist bei den Kunden sehr beliebt. Diese Privatjets bieten Stehkabinen, Sitzpl\u00e4tze f\u00fcr bis zu 9 Passagiere und die M\u00f6glichkeit, \u00fcber Kontinente hinweg zu reisen.<\/p>\r\n\r\n\r\n\r\n<h3 class=\"wp-block-heading\"><span class=\"ez-toc-section\" id=\"3_Large_Private_Jets\"><\/span>3. Gro\u00dfe Privatjets<span class=\"ez-toc-section-end\"><\/span><\/h3>\r\n\r\n\r\n\r\n<p>Die gro\u00dfe Privatjet-Klasse eignet sich dank der ger\u00e4umigen Kabinen am besten f\u00fcr Interkontinentalfl\u00fcge oder gro\u00dfe Partys - ganz gleich, wie weit die Reise geht. Diese Privatjet-Klasse bietet au\u00dferdem eine hervorragende Startbahnleistung, Steigrate und Geschwindigkeit, eine gr\u00f6\u00dfere Passagier- und Gep\u00e4ckkapazit\u00e4t sowie eine gr\u00f6\u00dfere Reichweite.&nbsp;<\/p>\r\n\r\n\r\n\r\n<p>Schwere Flugzeuge k\u00f6nnen etwa f\u00fcnfzehn Passagiere bef\u00f6rdern, mit Schlafpl\u00e4tzen f\u00fcr sechs. Schlafbetten, Essensvorr\u00e4te, Toiletten und moderne Unterhaltungssysteme sind in fast jedem schweren Flugzeug vorhanden, und es gibt mindestens einen Flugbegleiter w\u00e4hrend des Fluges.&nbsp;<\/p>\r\n\r\n\r\n\r\n<p>Mit einer Geschwindigkeit von etwa 500 Meilen pro Stunde haben schwere Jets eine Reichweite von etwa 6.000 Meilen. Sie sind kleiner als Verkehrsflugzeuge und bieten eine gr\u00f6\u00dfere Auswahl an Landem\u00f6glichkeiten.&nbsp;<\/p>\r\n\r\n\r\n\r\n<h3 class=\"wp-block-heading\"><span class=\"ez-toc-section\" id=\"4_Ultra-Long-Range_Private_Jets\"><\/span>4. Ultra-Langstrecken-Privatjets<span class=\"ez-toc-section-end\"><\/span><\/h3>\r\n\r\n\r\n\r\n<p>Wenn Sie in k\u00fcrzester Zeit am anderen Ende der Welt sein m\u00fcssen, sind Ultra-Langstreckenjets genau das Richtige f\u00fcr Sie. Zu dieser Kategorie geh\u00f6ren Jets, die ohne Tankstopps zwischen 8.500 und 12.900 Kilometer weit fliegen k\u00f6nnen. Diese Privatflugzeuge sind ger\u00e4umig und angenehm, mit drei ausgewiesenen Zonen zum Arbeiten, Sitzen und Ausruhen. Die Kabinenh\u00f6he reicht von 1,85 bis 1,95 Meter.&nbsp;<\/p>\r\n\r\n\r\n\r\n<h2 class=\"wp-block-heading\"><span class=\"ez-toc-section\" id=\"Company_Safety_Policy_and_Standards\"><\/span>Sicherheitspolitik und -standards des Unternehmens<span class=\"ez-toc-section-end\"><\/span><\/h2>\r\n\r\n\r\n\r\n<p>Alle Fl\u00fcge werden von FAA-Part-135-Luftfahrtunternehmen durchgef\u00fchrt, die f\u00fcr ihre Sicherheit zertifiziert sind. Alle Flugzeuge sind mit hochmoderner Ausr\u00fcstung und Piloten mit umfassender Erfahrung ausgestattet. Jeder Jet Card-Flug wird von zwei Piloten geleitet, und es werden nur Flugzeuge und Besatzungen eingesetzt, die ein umfassendes Sicherheitsaudit von ARG\/US, Wyvern oder IS-BAO durchlaufen haben.<\/p>\r\n\r\n\r\n\r\n<h2 class=\"wp-block-heading\"><span class=\"ez-toc-section\" id=\"Partnerships\"><\/span>Partnerschaften<span class=\"ez-toc-section-end\"><\/span><\/h2>\r\n\r\n\r\n\r\n<figure class=\"wp-block-image size-full is-style-default\"><img loading=\"lazy\" decoding=\"async\" width=\"1000\" height=\"667\" src=\"https:\/\/comparemyjet.com\/wp-content\/uploads\/2022\/07\/white.plane_.flying.over_.buildings.jpg\" alt=\"\" class=\"wp-image-3064\" srcset=\"https:\/\/comparemyjet.com\/wp-content\/uploads\/2022\/07\/white.plane_.flying.over_.buildings-18x12.jpg 18w, https:\/\/comparemyjet.com\/wp-content\/uploads\/2022\/07\/white.plane_.flying.over_.buildings-300x200.jpg 300w, https:\/\/comparemyjet.com\/wp-content\/uploads\/2022\/07\/white.plane_.flying.over_.buildings-768x512.jpg 768w, https:\/\/comparemyjet.com\/wp-content\/uploads\/2022\/07\/white.plane_.flying.over_.buildings.jpg 1000w\" sizes=\"auto, (max-width: 1000px) 100vw, 1000px\" \/><\/figure>\r\n\r\n\r\n\r\n<p>Amalfi Jet bietet seinen Kunden nicht nur Charterdienste und die Mitgliedschaft in der Jet Card, sondern verf\u00fcgt auch \u00fcber ein globales Netzwerk von Partnern auf f\u00fcnf Kontinenten. Die Karteninhaber des Unternehmens erhalten dank ihrer Partner Zugang zu einzigartigen Orten und Vorteilen, wie etwa Privilegien in einigen der besten <a href=\"https:\/\/comparemyjet.com\/de\/hotels\/\" data-internallinksmanager029f6b8e52c=\"470\" title=\"Die 100 besten Hotels in der N\u00e4he von Flugh\u00e4fen aus aller Welt\">Hotels<\/a>, Gastronomieclubs und andere Kultur- und Unterhaltungseinrichtungen.&nbsp;<\/p>\r\n\r\n\r\n\r\n<p>Die Amalfi One Jet Card wird in 32 L\u00e4ndern akzeptiert, so dass Sie in den meisten Teilen der Welt reisen k\u00f6nnen.&nbsp;<\/p>\r\n\r\n\r\n\r\n<p>Amalfi Jets f\u00fchlt sich geehrt, mit einigen der renommiertesten Unternehmen der Welt zusammenzuarbeiten und von ihnen unterst\u00fctzt zu werden, wie z. B. The Ritz - Carlton Residences, The Langham - <a href=\"https:\/\/comparemyjet.com\/de\/privatfuhrungen\/sydney-private-tours\/\" data-internallinksmanager029f6b8e52c=\"208\" title=\"11 Beste Sydney Privat Touren von $31.99\">Sydney<\/a>Palace Hotel - <a href=\"https:\/\/comparemyjet.com\/de\/privat-jet-charter-nach-tokyo\/\" data-internallinksmanager029f6b8e52c=\"121\" title=\"Privatjet-Charter nach Tokio\">Tokio<\/a>, Castello di Amorosa - <a href=\"https:\/\/comparemyjet.com\/de\/privatfuhrungen\/napa-private-tours\/\" data-internallinksmanager029f6b8e52c=\"424\" title=\"11 beste Napa Privatf\u00fchrungen von $99.00\">Napa<\/a> Valley, Stein Eriksen Lodge, und viele andere.<\/p>\r\n\r\n\r\n\r\n<h2 class=\"wp-block-heading\"><span class=\"ez-toc-section\" id=\"Conclusion\"><\/span>Schlussfolgerung<span class=\"ez-toc-section-end\"><\/span><\/h2>\r\n\r\n\r\n\r\n<p>F\u00fcr Ihre Sicherheit und die Ihrer Familie ist es wichtig, sich auf ein zuverl\u00e4ssiges Charterunternehmen zu verlassen. Wenn Sie sich fragen, wohin Sie sich wenden sollen, wenn die Geb\u00fchren f\u00fcr Flugzeugcharter und Kerosin sek\u00fcndlich steigen, wenden Sie sich an Amalfi Jets. Die Liebe zum Detail und der Kundenservice garantieren eine sichere und zufriedenstellende Reise. Das One Jet Card Programm bietet Ihnen niedrige Stundens\u00e4tze, Zugang zu Ihrem bevorzugten Jet in nur 18 Stunden, ohne zus\u00e4tzliche Geb\u00fchren oder nicht verf\u00fcgbare Termine.&nbsp;<\/p>","protected":false},"excerpt":{"rendered":"<p>Es gibt nichts Sch\u00f6neres, als in einem Privatjet durch die Welt zu reisen. Um das Erlebnis eines Privatfluges noch angenehmer zu gestalten, schickt Amalfi Jets einen ihrer Vertreter zum Flughafen, der jeden Kunden vor dem Abflug begr\u00fc\u00dft und sicherstellt, dass jedes Detail f\u00fcr einen angenehmen Flug beachtet wird.  Das Unternehmen bietet Dienstleistungen wie ...<\/p>","protected":false},"author":2,"featured_media":3063,"parent":0,"menu_order":0,"comment_status":"closed","ping_status":"closed","template":"","meta":{"_acf_changed":false,"_genesis_hide_title":false,"_genesis_hide_breadcrumbs":false,"_genesis_hide_singular_image":false,"_genesis_hide_footer_widgets":false,"_genesis_custom_body_class":"","_genesis_custom_post_class":"","_genesis_layout":"","footnotes":""},"class_list":{"1":"page","2":"type-page","6":"entry"},"acf":[],"_links":{"self":[{"href":"https:\/\/comparemyjet.com\/de\/wp-json\/wp\/v2\/pages\/3061","targetHints":{"allow":["GET"]}}],"collection":[{"href":"https:\/\/comparemyjet.com\/de\/wp-json\/wp\/v2\/pages"}],"about":[{"href":"https:\/\/comparemyjet.com\/de\/wp-json\/wp\/v2\/types\/page"}],"author":[{"embeddable":true,"href":"https:\/\/comparemyjet.com\/de\/wp-json\/wp\/v2\/users\/2"}],"replies":[{"embeddable":true,"href":"https:\/\/comparemyjet.com\/de\/wp-json\/wp\/v2\/comments?post=3061"}],"version-history":[{"count":3,"href":"https:\/\/comparemyjet.com\/de\/wp-json\/wp\/v2\/pages\/3061\/revisions"}],"predecessor-version":[{"id":3437,"href":"https:\/\/comparemyjet.com\/de\/wp-json\/wp\/v2\/pages\/3061\/revisions\/3437"}],"wp:featuredmedia":[{"embeddable":true,"href":"https:\/\/comparemyjet.com\/de\/wp-json\/wp\/v2\/media\/3063"}],"wp:attachment":[{"href":"https:\/\/comparemyjet.com\/de\/wp-json\/wp\/v2\/media?parent=3061"}],"curies":[{"name":"wp","href":"https:\/\/api.w.org\/{rel}","templated":true}]}}