{"id":3070,"date":"2022-07-11T23:51:45","date_gmt":"2022-07-11T23:51:45","guid":{"rendered":"https:\/\/comparemyjet.com\/?page_id=3070"},"modified":"2025-09-04T09:58:16","modified_gmt":"2025-09-04T09:58:16","slug":"concord-private-jet","status":"publish","type":"page","link":"https:\/\/comparemyjet.com\/de\/concord-private-jet\/","title":{"rendered":"Concord Privatjet Flugpreise"},"content":{"rendered":"<p>Concord Private Jet wurde nach dem Prinzip gegr\u00fcndet, die besten Flugzeuge zu den niedrigsten Preisen anzubieten. Das Unternehmen ist als Charterbroker t\u00e4tig und vermietet private Charterflugzeuge f\u00fcr seine Kunden.<\/p>\r\n\r\n\r\n\r\n<p>Der Eigent\u00fcmer, Neal Impellizzeri, \u00fcberwacht jede Fleet Access Card und sorgt daf\u00fcr, dass alles, von der Terminplanung bis zum Catering oder dem Transfer, perfekt f\u00fcr Sie ist. Impellizzeri wei\u00df, wie wichtig es ist, sich an den Zeitplan zu halten, und er und sein Team sind 24 Stunden am Tag, 7 Tage die Woche erreichbar, um sicherzustellen, dass jeder Zeitplan strikt eingehalten wird. Sehen wir uns an, was Concord Private sonst noch im Detail zu bieten hat.<\/p>\r\n\r\n\r\n\r\n<div id=\"ez-toc-container\" class=\"ez-toc-v2_0_76 counter-hierarchy ez-toc-counter ez-toc-grey ez-toc-container-direction\">\n<p class=\"ez-toc-title\" style=\"cursor:inherit\">Themen<\/p>\n<label for=\"ez-toc-cssicon-toggle-item-69f19709d830c\" class=\"ez-toc-cssicon-toggle-label\"><span class=\"\"><span class=\"eztoc-hide\" style=\"display:none;\">Umschalten auf<\/span><span class=\"ez-toc-icon-toggle-span\"><svg style=\"fill: #999;color:#999\" xmlns=\"http:\/\/www.w3.org\/2000\/svg\" class=\"list-377408\" width=\"20px\" height=\"20px\" viewbox=\"0 0 24 24\" fill=\"none\"><path d=\"M6 6H4v2h2V6zm14 0H8v2h12V6zM4 11h2v2H4v-2zm16 0H8v2h12v-2zM4 16h2v2H4v-2zm16 0H8v2h12v-2z\" fill=\"currentColor\"><\/path><\/svg><svg style=\"fill: #999;color:#999\" class=\"arrow-unsorted-368013\" xmlns=\"http:\/\/www.w3.org\/2000\/svg\" width=\"10px\" height=\"10px\" viewbox=\"0 0 24 24\" version=\"1.2\" baseprofile=\"tiny\"><path d=\"M18.2 9.3l-6.2-6.3-6.2 6.3c-.2.2-.3.4-.3.7s.1.5.3.7c.2.2.4.3.7.3h11c.3 0 .5-.1.7-.3.2-.2.3-.5.3-.7s-.1-.5-.3-.7zM5.8 14.7l6.2 6.3 6.2-6.3c.2-.2.3-.5.3-.7s-.1-.5-.3-.7c-.2-.2-.4-.3-.7-.3h-11c-.3 0-.5.1-.7.3-.2.2-.3.5-.3.7s.1.5.3.7z\"\/><\/svg><\/span><\/span><\/label><input type=\"checkbox\"  id=\"ez-toc-cssicon-toggle-item-69f19709d830c\" checked aria-label=\"Umschalten auf\" \/><nav><ul class='ez-toc-list ez-toc-list-level-1' ><li class='ez-toc-page-1 ez-toc-heading-level-2'><a class=\"ez-toc-link ez-toc-heading-1\" href=\"https:\/\/comparemyjet.com\/de\/concord-private-jet\/#Company_History\" >Geschichte des Unternehmens<\/a><\/li><li class='ez-toc-page-1 ez-toc-heading-level-2'><a class=\"ez-toc-link ez-toc-heading-2\" href=\"https:\/\/comparemyjet.com\/de\/concord-private-jet\/#Company_Jet_Card_Program\" >Firmen-Jet-Card-Programm<\/a><\/li><li class='ez-toc-page-1 ez-toc-heading-level-2'><a class=\"ez-toc-link ez-toc-heading-3\" href=\"https:\/\/comparemyjet.com\/de\/concord-private-jet\/#The_Fleet\" >Die Flotte&nbsp;<\/a><ul class='ez-toc-list-level-3' ><li class='ez-toc-heading-level-3'><a class=\"ez-toc-link ez-toc-heading-4\" href=\"https:\/\/comparemyjet.com\/de\/concord-private-jet\/#1_Light_Private_Jets\" >1. Leichte Privatjets<\/a><ul class='ez-toc-list-level-4' ><li class='ez-toc-heading-level-4'><a class=\"ez-toc-link ez-toc-heading-5\" href=\"https:\/\/comparemyjet.com\/de\/concord-private-jet\/#Our_Recommendation_Premier_I\" >Unsere Empfehlung: Premier I<\/a><\/li><\/ul><\/li><li class='ez-toc-page-1 ez-toc-heading-level-3'><a class=\"ez-toc-link ez-toc-heading-6\" href=\"https:\/\/comparemyjet.com\/de\/concord-private-jet\/#2_Midsize_Private_Jets\" >2. Private Jets mittlerer Gr\u00f6\u00dfe<\/a><ul class='ez-toc-list-level-4' ><li class='ez-toc-heading-level-4'><a class=\"ez-toc-link ez-toc-heading-7\" href=\"https:\/\/comparemyjet.com\/de\/concord-private-jet\/#Our_Recommendation_Astra_SPX\" >Unsere Empfehlung: Astra SPX<\/a><\/li><\/ul><\/li><li class='ez-toc-page-1 ez-toc-heading-level-3'><a class=\"ez-toc-link ez-toc-heading-8\" href=\"https:\/\/comparemyjet.com\/de\/concord-private-jet\/#3_Super-Midsize_Private_Jets\" >3. Super-Mittelgro\u00dfe Privatjets&nbsp;<\/a><ul class='ez-toc-list-level-4' ><li class='ez-toc-heading-level-4'><a class=\"ez-toc-link ez-toc-heading-9\" href=\"https:\/\/comparemyjet.com\/de\/concord-private-jet\/#Our_Recommendation_The_Citation_Sovereign\" >Unsere Empfehlung: Die Citation Sovereign<\/a><\/li><\/ul><\/li><li class='ez-toc-page-1 ez-toc-heading-level-3'><a class=\"ez-toc-link ez-toc-heading-10\" href=\"https:\/\/comparemyjet.com\/de\/concord-private-jet\/#4_Large_Private_Jets\" >4. Gro\u00dfe Privatjets<\/a><ul class='ez-toc-list-level-4' ><li class='ez-toc-heading-level-4'><a class=\"ez-toc-link ez-toc-heading-11\" href=\"https:\/\/comparemyjet.com\/de\/concord-private-jet\/#Our_Recommendation_The_Falcon_900EX\" >Unsere Empfehlung: Der Falcon 900EX<\/a><\/li><\/ul><\/li><\/ul><\/li><li class='ez-toc-page-1 ez-toc-heading-level-2'><a class=\"ez-toc-link ez-toc-heading-12\" href=\"https:\/\/comparemyjet.com\/de\/concord-private-jet\/#Company_Safety_Policy_and_Standards\" >Sicherheitspolitik und -standards des Unternehmens<\/a><\/li><li class='ez-toc-page-1 ez-toc-heading-level-2'><a class=\"ez-toc-link ez-toc-heading-13\" href=\"https:\/\/comparemyjet.com\/de\/concord-private-jet\/#Conclusion\" >Schlussfolgerung<\/a><\/li><\/ul><\/nav><\/div>\n<h2 class=\"wp-block-heading\"><span class=\"ez-toc-section\" id=\"Company_History\"><\/span>Geschichte des Unternehmens<span class=\"ez-toc-section-end\"><\/span><\/h2>\r\n\r\n\r\n\r\n<p>Concord Private Jet wurde 2008 als Familienunternehmen von Neal Impellizzeri, seiner Frau Michelle Impellizzeri und ihrem Sohn AJ in New York City gegr\u00fcndet, <a href=\"https:\/\/comparemyjet.com\/de\/privatfuhrungen\/new-york-city-privatfuhrungen\/\" data-internallinksmanager029f6b8e52c=\"427\" title=\"11 beste private Touren durch New York City ab $48.00\">New York<\/a>.&nbsp;<\/p>\r\n\r\n\r\n\r\n<p>Concord ist ein kleines, familiengef\u00fchrtes Unternehmen, dem es an einer soliden Unternehmensorganisation fehlt, wie sie bei gr\u00f6\u00dferen Firmen \u00fcblich ist. Und der Grund, warum sie erschwingliche und niedrige Preise anbieten k\u00f6nnen, liegt genau darin, dass sie nicht Zehntausende von Dollar f\u00fcr Marketing und Vertrieb ausgeben.<\/p>\r\n\r\n\r\n\r\n<p>Concord Private Jet bietet Charterfl\u00fcge f\u00fcr Dritte an. Es fallen keine Einf\u00fchrungs- und Mitgliedsgeb\u00fchren an, und das Einstiegsprogramm umfasst 25 Stunden auf einem leichten Jet oder Turboprop. Der Stundensatz ist fest und garantiert, und die Karteninhaber k\u00f6nnen mehrere Flugzeuge gleichzeitig nutzen.&nbsp;<\/p>\r\n\r\n\r\n\r\n<p>Impellizzeri hat ein einzigartiges System entwickelt, mit dem Sie f\u00fcr %0 bis 40% weniger als bei anderen privaten Charterunternehmen von A nach B fliegen k\u00f6nnen. Sie leasen nur Platinum Argus-zertifizierte Flugzeuge, die die h\u00f6chsten Kriterien erf\u00fcllen. Zum Vergleich: Von den landesweit etwa 3 500 kommerziellen Anbietern gibt es nur 31 mit dem Platinum Argus-Zertifikat.<\/p>\r\n\r\n\r\n\r\n<h2 class=\"wp-block-heading\"><span class=\"ez-toc-section\" id=\"Company_Jet_Card_Program\"><\/span>Firmen-Jet-Card-Programm<span class=\"ez-toc-section-end\"><\/span><\/h2>\r\n\r\n\r\n\r\n<figure class=\"wp-block-image size-full is-style-default\"><img loading=\"lazy\" decoding=\"async\" width=\"1000\" height=\"667\" src=\"https:\/\/comparemyjet.com\/wp-content\/uploads\/2022\/07\/private.jet_.pilots.in_.cockpit.jpg\" alt=\"Concord,Privat,Jet,Piloten,im,Cockpit,bereit,zu,fliegen\" class=\"wp-image-3072\" srcset=\"https:\/\/comparemyjet.com\/wp-content\/uploads\/2022\/07\/private.jet_.pilots.in_.cockpit-18x12.jpg 18w, https:\/\/comparemyjet.com\/wp-content\/uploads\/2022\/07\/private.jet_.pilots.in_.cockpit-300x200.jpg 300w, https:\/\/comparemyjet.com\/wp-content\/uploads\/2022\/07\/private.jet_.pilots.in_.cockpit-768x512.jpg 768w, https:\/\/comparemyjet.com\/wp-content\/uploads\/2022\/07\/private.jet_.pilots.in_.cockpit.jpg 1000w\" sizes=\"auto, (max-width: 1000px) 100vw, 1000px\" \/><\/figure>\r\n\r\n\r\n\r\n<p>Mit der privaten 25-Stunden-Jet-Card von Concord k\u00f6nnen Sie das Jetmodell und die Kategorie ausw\u00e4hlen, die Ihren speziellen Reiseanforderungen am besten entsprechen. Concord bietet ein H\u00f6chstma\u00df an Sicherheit zum g\u00fcnstigsten Stundensatz, der f\u00fcr 24 Monate garantiert wird. Jede Karte kann in bis zu vier Zahlungen innerhalb von vier Monaten aufgeteilt werden.<\/p>\r\n\r\n\r\n\r\n<p>Wenn Sie sich f\u00fcr eine Mitgliedschaft im Concord Private Jet Programm entscheiden, kommen Sie in den Genuss von Vorteilen wie keine \u00dcbernachtungsgeb\u00fchren, keine Lande-, Repositionierungs- oder Treibstoffzuschl\u00e4ge und keine Verwaltungsgeb\u00fchren. Ein Upgrade (oder Downgrade) Ihrer Jet-Klasse ist kostenlos und Sie erhalten eine garantierte Verf\u00fcgbarkeit an 365 Tagen im Jahr.<\/p>\r\n\r\n\r\n\r\n<p>Die Mitglieder erhalten au\u00dferdem Zugang zu einem pers\u00f6nlichen Reise-Concierge, der rund um die Uhr qualifiziert ist, Anfragen zu beantworten und Informationen anzubieten.<\/p>\r\n\r\n\r\n\r\n<p>Das 25-Stunden-Jet-Card-Programm wird stundenweise abgerechnet, einschlie\u00dflich aller Steuern. F\u00fcr einen Flug mit einem mittelgro\u00dfen Jet zahlen Sie zum Beispiel $5.750 pro Stunde, w\u00e4hrend ein Flug mit einem Jet der leichten Kategorie $4.750 pro Stunde kostet.<\/p>\r\n\r\n\r\n\r\n<p>Das Unternehmen erhebt keine Treibstoffgeb\u00fchren f\u00fcr Jet Card-Besitzer und bietet seinen Kunden bei jeder Reise eine Men\u00fcauswahl an. Als Kunde zahlen Sie nur f\u00fcr die tats\u00e4chlich geflogenen Stunden.<\/p>\r\n\r\n\r\n\r\n<h2 class=\"wp-block-heading\"><span class=\"ez-toc-section\" id=\"The_Fleet\"><\/span>Die Flotte&nbsp;<span class=\"ez-toc-section-end\"><\/span><\/h2>\r\n\r\n\r\n\r\n<p>Concord hat einen Privatjet f\u00fcr jeden, egal ob Sie einen kleinen oder einen gro\u00dfen Jet suchen. Als Charterbroker haben sie Zugang zu vielen Fluggesellschaften, was eine gute Nachricht f\u00fcr Sie ist - Sie bekommen garantiert Ihr gew\u00fcnschtes Jetmodell mit sehr wenig Vorlaufzeit.<\/p>\r\n\r\n\r\n\r\n<p>Werfen wir einen Blick auf die Jet-Kategorien und Modelle, die Concord Private Jet zu bieten hat.<\/p>\r\n\r\n\r\n\r\n<h3 class=\"wp-block-heading\"><span class=\"ez-toc-section\" id=\"1_Light_Private_Jets\"><\/span>1. Leichte Privatjets<span class=\"ez-toc-section-end\"><\/span><\/h3>\r\n\r\n\r\n\r\n<p>Leichtflugzeuge sind dank ihrer niedrigen Preise und hohen Effizienz eine beliebte Wahl. Sie erm\u00f6glichen den Zugang zu schwer erreichbaren Zielen, wo aufgrund der k\u00fcrzeren Landebahnen nur kleine Jets landen k\u00f6nnen. Die Reichweite eines Leichtflugzeugs betr\u00e4gt weniger als vier Stunden, was sie perfekt f\u00fcr kurze Inlandsfl\u00fcge macht. Diese Flugzeuge sind recht schnell und bringen Sie in k\u00fcrzester Zeit an Ihr Ziel.<\/p>\r\n\r\n\r\n\r\n<h4 class=\"wp-block-heading\"><span class=\"ez-toc-section\" id=\"Our_Recommendation_Premier_I\"><\/span>Unsere Empfehlung: Premier I<span class=\"ez-toc-section-end\"><\/span><\/h4>\r\n\r\n\r\n\r\n<p>Die Beechcraft Premier I geh\u00f6rt zur Kategorie der leichten D\u00fcsenflugzeuge und wird hergestellt von <a href=\"https:\/\/comparemyjet.com\/de\/hawker-beechcraft\/\" data-internallinksmanager029f6b8e52c=\"153\" title=\"Ultimativer Leitfaden f\u00fcr Hawker Beechcraft Privatjets und Flugzeuge\">Hawker Beechcraft<\/a>. Das Flugzeug wurde 1996 entwickelt, um mit dem <a href=\"https:\/\/comparemyjet.com\/de\/cessna\/\" data-internallinksmanager029f6b8e52c=\"145\" title=\"Ultimativer Leitfaden f\u00fcr Cessna Privatjets und Flugzeuge\">Cessna<\/a> Familie der Zitate.<\/p>\r\n\r\n\r\n\r\n<p>Spezifikationen:<\/p>\r\n\r\n\r\n\r\n<ul class=\"wp-block-list\"><li>Das Kabinenvolumen betr\u00e4gt 285 Kubikfu\u00df;<\/li><li>Interner Gep\u00e4ckraum von 23 Kubikfu\u00df;<\/li><li>Externer Gep\u00e4ckraum von 55 Kubikfu\u00df;<\/li><li>Eine maximale Reisegeschwindigkeit von 461 Knoten;<\/li><li>Eine normale Reisegeschwindigkeit von 426 Knoten;<\/li><li>Kann von einem oder zwei Piloten bedient werden;<\/li><li>Es bietet Platz f\u00fcr sechs Fahrg\u00e4ste;<\/li><li>Eine normale Flugreichweite von 850 nm;<\/li><li>Eine maximale Flugreichweite von 1430 nm.<\/li><\/ul>\r\n\r\n\r\n\r\n<p>Concord Private Jet bietet eine Vielzahl von Leichtflugzeugmodellen an, wie zum Beispiel <em>Citation Jet \/CJ1\/CJ2\/CJ3, Nextant 400XT, Citation II\/V\/Bravo\/Encore\/Ultra, Beechjet 400\/400A, <a href=\"https:\/\/comparemyjet.com\/de\/learjet\/\" data-internallinksmanager029f6b8e52c=\"149\" title=\"Ultimativer Leitfaden f\u00fcr Learjet Privatjets &amp; Flugzeuge\">Learjet<\/a> 40, Hawker 400XP, <\/em>und unser empfohlenes <em>Premiere<\/em>.<\/p>\r\n\r\n\r\n\r\n<h3 class=\"wp-block-heading\"><span class=\"ez-toc-section\" id=\"2_Midsize_Private_Jets\"><\/span>2. Private Jets mittlerer Gr\u00f6\u00dfe<span class=\"ez-toc-section-end\"><\/span><\/h3>\r\n\r\n\r\n\r\n<p>Die Reichweite eines mittelgro\u00dfen Jets variiert, betr\u00e4gt aber nicht mehr als sechs Stunden. Diese Flugzeuge sind ger\u00e4umiger als Leichtflugzeuge und bieten mehr Komfort. Sie k\u00f6nnen Sie auf kurze und l\u00e4ngere Reisen mitnehmen, was sie sehr vielseitig macht und immer eine gute Wahl ist, wenn Sie nicht sicher sind, welche Flugzeugklasse Sie chartern sollen. Sie verf\u00fcgen in der Regel \u00fcber ein geschlossenes Bad, eine K\u00fcchenzeile und mehr Platz f\u00fcr Gep\u00e4ck.<\/p>\r\n\r\n\r\n\r\n<h4 class=\"wp-block-heading\"><span class=\"ez-toc-section\" id=\"Our_Recommendation_Astra_SPX\"><\/span>Unsere Empfehlung: Astra SPX<span class=\"ez-toc-section-end\"><\/span><\/h4>\r\n\r\n\r\n\r\n<p>Israel Aircraft Industries entwickelte das Astra SPX in den 90er Jahren. In den fr\u00fchen 2000er Jahren, <a href=\"https:\/\/comparemyjet.com\/de\/gulfstream\/\" data-internallinksmanager029f6b8e52c=\"175\" title=\"Ultimativer Leitfaden f\u00fcr Gulfstream Privatjets und Flugzeuge\">Gulfstream<\/a> kaufte das Design und nannte es den G-100.&nbsp;<\/p>\r\n\r\n\r\n\r\n<p>Astra SPX bietet Platz f\u00fcr sieben Reisende. Die Kabine verf\u00fcgt \u00fcber eine Liege f\u00fcr drei Personen, auf der Sie sich ausstrecken und ausruhen k\u00f6nnen, sowie einen Toilettensitz mit Gurt.&nbsp;<\/p>\r\n\r\n\r\n\r\n<p>Spezifikationen und Ausstattungsmerkmale:<\/p>\r\n\r\n\r\n\r\n<ul class=\"wp-block-list\"><li>Bietet Platz f\u00fcr sieben Fahrg\u00e4ste;<\/li><li>Die maximale Flugreichweite betr\u00e4gt 2790 nm;<\/li><li>Eine H\u00f6chstgeschwindigkeit von 470 Knoten;<\/li><li>Eine geschlossene Toilette in voller Gr\u00f6\u00dfe;&nbsp;<\/li><li>Eine gro\u00dfe vordere Komb\u00fcse;<\/li><li>GoGo 5G-Hochgeschwindigkeits-Internet;&nbsp;<\/li><li>LCD-Leuchten und Satellitentelefon;&nbsp;<\/li><li>Ein Unterhaltungssystem w\u00e4hrend des Fluges;<\/li><li>Die Kabinenh\u00f6he betr\u00e4gt 5' 6\";<\/li><li>Die Kabinenl\u00e4nge betr\u00e4gt 17' 1\";<\/li><li>Der Gep\u00e4ckraum hat ein Fassungsverm\u00f6gen von 9 Kubikfu\u00df;<\/li><li>Der externe Gep\u00e4ckraum betr\u00e4gt 42 Kubikfu\u00df;<\/li><li>Kann von zwei Piloten bedient werden.<\/li><\/ul>\r\n\r\n\r\n\r\n<p>Concord Private Jet bietet eine Vielzahl von Jetmodellen in dieser Klasse der mittelgro\u00dfen Privatflugzeuge an, wie z. B. <em>Falcon 20\/200, Citation III\/VI\/VII, G150, Citation Excel\/XLS, Hawker 800\/800XP\/900, Learjet 45\/55\/60, <\/em>und unser empfohlenes <em>Astra SPX<\/em>.<\/p>\r\n\r\n\r\n\r\n<h3 class=\"wp-block-heading\"><span class=\"ez-toc-section\" id=\"3_Super-Midsize_Private_Jets\"><\/span>3. Super-Mittelgro\u00dfe Privatjets&nbsp;<span class=\"ez-toc-section-end\"><\/span><\/h3>\r\n\r\n\r\n\r\n<p>Mit breiten Kabinen, in denen Sie bequem stehen k\u00f6nnen, und der M\u00f6glichkeit, zwischen Kontinenten zu fliegen, werden Sie entdecken, warum das Fliegen mit einem Privatjet die beste Art zu reisen ist. Super-Midsize-Jets haben eine h\u00f6here Ausdauer als Midsize-Jets und k\u00f6nnen mehr als 7 Stunden fliegen, ohne eine Tankpause einzulegen.&nbsp;<\/p>\r\n\r\n\r\n\r\n<h4 class=\"wp-block-heading\"><span class=\"ez-toc-section\" id=\"Our_Recommendation_The_Citation_Sovereign\"><\/span>Unsere Empfehlung: Die Citation Sovereign<span class=\"ez-toc-section-end\"><\/span><\/h4>\r\n\r\n\r\n\r\n<p>Die Cessna Citation Sovereign verbindet au\u00dfergew\u00f6hnliche Leistung mit Luxus. Sie verf\u00fcgt \u00fcber eine gro\u00dfe Kurzstreckenausdauer und eine gro\u00dfe Flugreichweite, was sie zu einer vielseitigen Option macht.&nbsp;<\/p>\r\n\r\n\r\n\r\n<p>Die ger\u00e4umige Kabine der Citation Sovereign verf\u00fcgt \u00fcber einen kompletten Getr\u00e4nkebereich sowie eine Doppel-Club-Bestuhlung. Reisen Sie stilvoll in einem der luxuri\u00f6sesten Mittelklasse-Privatjets der Branche.<\/p>\r\n\r\n\r\n\r\n<p>Spezifikationen:<\/p>\r\n\r\n\r\n\r\n<ul class=\"wp-block-list\"><li>Es bietet Platz f\u00fcr neun Fahrg\u00e4ste;<\/li><li>Kann 7:15 Stunden nonstop fliegen;<\/li><li>Eine maximale Flugreichweite von 3010 nm;<\/li><li>Die Kabinenh\u00f6he betr\u00e4gt 5' 8\";<\/li><li>Die Kabinenbreite betr\u00e4gt 5' 6\";<\/li><li>Die Kabinenl\u00e4nge betr\u00e4gt 25' 3\";<\/li><li>Ein innerer Gep\u00e4ckraum von 35 Kubikfu\u00df;<\/li><li>Eine maximale Reisegeschwindigkeit von 459 kts.<\/li><\/ul>\r\n\r\n\r\n\r\n<p>Concord Private Jet bietet eine Reihe von Privatflugzeugen der oberen Mittelklasse an, wie z. B. <em>Citation X, Gulfstream G200\/G280, Falcon 50 \/ 50EX, Challenger 300, <\/em>und unser empfohlenes <em>Zitat Souver\u00e4n.<\/em><\/p>\r\n\r\n\r\n\r\n<h3 class=\"wp-block-heading\"><span class=\"ez-toc-section\" id=\"4_Large_Private_Jets\"><\/span>4. Gro\u00dfe Privatjets<span class=\"ez-toc-section-end\"><\/span><\/h3>\r\n\r\n\r\n\r\n<p>Wenn Ihre n\u00e4chste Reise eine \u00dcberlandfahrt oder einen Interkontinentalflug vorsieht, ist ein Jet dieser Flugzeugklasse die richtige Wahl. Sie erhalten ein <a href=\"https:\/\/comparemyjet.com\/de\/schnellste-privatjets\/\" data-internallinksmanager029f6b8e52c=\"183\" title=\"Die 11 schnellsten Privatjets der Welt [mit Bildern]\">schneller Jet<\/a> der in den meisten F\u00e4llen nicht zum Tanken anhalten muss. Mit einem schweren Jet erhalten Sie das ultimative Privatjet-Reiseerlebnis und ein weiteres Ma\u00df an Luxus.<\/p>\r\n\r\n\r\n\r\n<h4 class=\"wp-block-heading\"><span class=\"ez-toc-section\" id=\"Our_Recommendation_The_Falcon_900EX\"><\/span>Unsere Empfehlung: Der Falcon 900EX<span class=\"ez-toc-section-end\"><\/span><\/h4>\r\n\r\n\r\n\r\n<p>Mit einer Reichweite von 5.000 Meilen, einer au\u00dferordentlich angenehmen Kabine und einem revolution\u00e4ren dreistrahligen Design ist die Falcon 900EX perfekt f\u00fcr Transozeanfl\u00fcge geeignet und bietet eine enorme Flexibilit\u00e4t.&nbsp;<\/p>\r\n\r\n\r\n\r\n<p>Spezifikationen und Ausstattungsmerkmale:<\/p>\r\n\r\n\r\n\r\n<ul class=\"wp-block-list\"><li>Betrieben von zwei Piloten;<\/li><li>Bietet Platz f\u00fcr zw\u00f6lf Fahrg\u00e4ste;<\/li><li>Eine maximale Reisegeschwindigkeit von 870 kmph (470 kt);<\/li><li>Eine maximale Flugreichweite von 5.180 Meilen;<\/li><li>Die Kabinenh\u00f6he betr\u00e4gt 6ft 2in;<\/li><li>Die Innenl\u00e4nge der Kabine betr\u00e4gt 33 ft 2 in;<\/li><li>Das Gep\u00e4ckraumvolumen betr\u00e4gt 127cubic ft;<\/li><li>Eine Komb\u00fcse;<\/li><li>Satellitentelefon, Fax, Unterhaltungsanlage;<\/li><li>Zwei Toiletten und ein Schminkraum.<\/li><\/ul>\r\n\r\n\r\n\r\n<p>Concord Private Jet bietet eine Vielzahl von schweren Privatflugzeugen an, wie zum Beispiel<em> Falcon 2000-Serie, Challenger 600\/601\/604, Global Express, Gulfstream-Serie, <\/em>und unser empfohlenes <em>Falcon 900EX.<\/em><\/p>\r\n\r\n\r\n\r\n<h2 class=\"wp-block-heading\"><span class=\"ez-toc-section\" id=\"Company_Safety_Policy_and_Standards\"><\/span>Sicherheitspolitik und -standards des Unternehmens<span class=\"ez-toc-section-end\"><\/span><\/h2>\r\n\r\n\r\n\r\n<figure class=\"wp-block-image size-full is-style-default\"><img loading=\"lazy\" decoding=\"async\" width=\"1000\" height=\"707\" src=\"https:\/\/comparemyjet.com\/wp-content\/uploads\/2022\/07\/safejourney.jpg\" alt=\"\" class=\"wp-image-3073\" srcset=\"https:\/\/comparemyjet.com\/wp-content\/uploads\/2022\/07\/safejourney-18x12.jpg 18w, https:\/\/comparemyjet.com\/wp-content\/uploads\/2022\/07\/safejourney-300x212.jpg 300w, https:\/\/comparemyjet.com\/wp-content\/uploads\/2022\/07\/safejourney-768x543.jpg 768w, https:\/\/comparemyjet.com\/wp-content\/uploads\/2022\/07\/safejourney.jpg 1000w\" sizes=\"auto, (max-width: 1000px) 100vw, 1000px\" \/><\/figure>\r\n\r\n\r\n\r\n<p>Concord Private Jet setzt die Sicherheit seiner Kunden an erste Stelle und verwendet ausschlie\u00dflich Platinum <a href=\"https:\/\/www.argus.aero\/\" target=\"_blank\" rel=\"noopener\">Argus<\/a> Sicherheitszertifizierte Betreiber. Der Platin-Grad erfordert das Bestehen einer strengen Vor-Ort-Bewertung durch qualifizierte Inspektoren, so dass das Fliegen mit zertifizierten Betreibern viel sicherer ist als das Fliegen mit einem kommerziellen Flugzeug.<\/p>\r\n\r\n\r\n\r\n<p>Wenn ein Flugzeug die Sicherheitskriterien nicht erf\u00fcllt, weist Ihnen das Unternehmen umgehend ein neues Flugzeug f\u00fcr Ihre Reise zu.<\/p>\r\n\r\n\r\n\r\n<h2 class=\"wp-block-heading\"><span class=\"ez-toc-section\" id=\"Conclusion\"><\/span>Schlussfolgerung<span class=\"ez-toc-section-end\"><\/span><\/h2>\r\n\r\n\r\n\r\n<p>Der pers\u00f6nliche Service unterscheidet Concord Private Jet von seinen Konkurrenten. Das Unternehmen setzt sich daf\u00fcr ein, dass alle Ihre Fragen, Anliegen und Bed\u00fcrfnisse ber\u00fccksichtigt werden. Der Inhaber \u00fcberwacht jede Reise pers\u00f6nlich und stellt sicher, dass der Zeitplan eingehalten wird, das Catering stimmt und der Bodentransport am Zielort verf\u00fcgbar ist. W\u00e4hrend andere Unternehmen f\u00fcr diese Art von Dienstleistungen eine Geb\u00fchr verlangen, ist Concord stolz auf seine All-inclusive-Jet-Card.&nbsp;<\/p>\r\n\r\n\r\n\r\n<p>Sie k\u00f6nnen Kunde werden und ihre Dienste unverbindlich oder mit wenig Aufwand testen.&nbsp;<\/p>","protected":false},"excerpt":{"rendered":"<p>Concord Private Jet wurde nach dem Prinzip gegr\u00fcndet, die besten Flugzeuge zu den niedrigsten Preisen anzubieten. Das Unternehmen ist als Charterbroker t\u00e4tig und vermietet private Charterflugzeuge f\u00fcr seine Kunden. Der Eigent\u00fcmer, Neal Impellizzeri, \u00fcberwacht jede Fleet Access Card und sorgt daf\u00fcr, dass alles von der Terminplanung bis zum Catering oder dem Transfer perfekt ist ...<\/p>","protected":false},"author":2,"featured_media":3071,"parent":0,"menu_order":0,"comment_status":"closed","ping_status":"closed","template":"","meta":{"_acf_changed":false,"_genesis_hide_title":false,"_genesis_hide_breadcrumbs":false,"_genesis_hide_singular_image":false,"_genesis_hide_footer_widgets":false,"_genesis_custom_body_class":"","_genesis_custom_post_class":"","_genesis_layout":"","footnotes":""},"class_list":{"1":"page","2":"type-page","6":"entry"},"acf":[],"_links":{"self":[{"href":"https:\/\/comparemyjet.com\/de\/wp-json\/wp\/v2\/pages\/3070","targetHints":{"allow":["GET"]}}],"collection":[{"href":"https:\/\/comparemyjet.com\/de\/wp-json\/wp\/v2\/pages"}],"about":[{"href":"https:\/\/comparemyjet.com\/de\/wp-json\/wp\/v2\/types\/page"}],"author":[{"embeddable":true,"href":"https:\/\/comparemyjet.com\/de\/wp-json\/wp\/v2\/users\/2"}],"replies":[{"embeddable":true,"href":"https:\/\/comparemyjet.com\/de\/wp-json\/wp\/v2\/comments?post=3070"}],"version-history":[{"count":2,"href":"https:\/\/comparemyjet.com\/de\/wp-json\/wp\/v2\/pages\/3070\/revisions"}],"predecessor-version":[{"id":3438,"href":"https:\/\/comparemyjet.com\/de\/wp-json\/wp\/v2\/pages\/3070\/revisions\/3438"}],"wp:featuredmedia":[{"embeddable":true,"href":"https:\/\/comparemyjet.com\/de\/wp-json\/wp\/v2\/media\/3071"}],"wp:attachment":[{"href":"https:\/\/comparemyjet.com\/de\/wp-json\/wp\/v2\/media?parent=3070"}],"curies":[{"name":"wp","href":"https:\/\/api.w.org\/{rel}","templated":true}]}}