{"id":3144,"date":"2022-07-23T00:30:19","date_gmt":"2022-07-23T00:30:19","guid":{"rendered":"https:\/\/comparemyjet.com\/?page_id=3144"},"modified":"2025-09-04T09:58:20","modified_gmt":"2025-09-04T09:58:20","slug":"fliegen-aeolus","status":"publish","type":"page","link":"https:\/\/comparemyjet.com\/de\/fliegen-aeolus\/","title":{"rendered":"Fly Aeolus Flug Preisgestaltung"},"content":{"rendered":"<p>Fly Aeolus ist eine belgische <a href=\"https:\/\/comparemyjet.com\/de\/wieviel-kostet-ein-flugtaxi\/\" data-internallinksmanager029f6b8e52c=\"23\" title=\"Wie viel kostet ein Lufttaxi?\">Lufttaxi<\/a> (privater Charterdienst), der seit 2009 in Europa t\u00e4tig ist. Das Unternehmen hat seinen Sitz in Antwerpen, mit B\u00fcros in <a href=\"https:\/\/comparemyjet.com\/de\/privatfuhrungen\/berlin-private-tours\/\" data-internallinksmanager029f6b8e52c=\"254\" title=\"11 beste Berlin Privatf\u00fchrungen von $68.86\">Berlin<\/a> und Rotterdam.&nbsp;<\/p>\r\n\r\n\r\n\r\n<p>Sie k\u00f6nnen von \u00fcber 1.500 Flugh\u00e4fen in ganz Europa mit einer Cirrus SR-22 fliegen, die als eines der sichersten einmotorigen Flugzeuge in der Luftfahrtindustrie gilt. Mal sehen, was das Unternehmen sonst noch zu bieten hat.<\/p>\r\n\r\n\r\n\r\n<div id=\"ez-toc-container\" class=\"ez-toc-v2_0_76 counter-hierarchy ez-toc-counter ez-toc-grey ez-toc-container-direction\">\n<p class=\"ez-toc-title\" style=\"cursor:inherit\">Themen<\/p>\n<label for=\"ez-toc-cssicon-toggle-item-69f227ef2bda2\" class=\"ez-toc-cssicon-toggle-label\"><span class=\"\"><span class=\"eztoc-hide\" style=\"display:none;\">Umschalten auf<\/span><span class=\"ez-toc-icon-toggle-span\"><svg style=\"fill: #999;color:#999\" xmlns=\"http:\/\/www.w3.org\/2000\/svg\" class=\"list-377408\" width=\"20px\" height=\"20px\" viewbox=\"0 0 24 24\" fill=\"none\"><path d=\"M6 6H4v2h2V6zm14 0H8v2h12V6zM4 11h2v2H4v-2zm16 0H8v2h12v-2zM4 16h2v2H4v-2zm16 0H8v2h12v-2z\" fill=\"currentColor\"><\/path><\/svg><svg style=\"fill: #999;color:#999\" class=\"arrow-unsorted-368013\" xmlns=\"http:\/\/www.w3.org\/2000\/svg\" width=\"10px\" height=\"10px\" viewbox=\"0 0 24 24\" version=\"1.2\" baseprofile=\"tiny\"><path d=\"M18.2 9.3l-6.2-6.3-6.2 6.3c-.2.2-.3.4-.3.7s.1.5.3.7c.2.2.4.3.7.3h11c.3 0 .5-.1.7-.3.2-.2.3-.5.3-.7s-.1-.5-.3-.7zM5.8 14.7l6.2 6.3 6.2-6.3c.2-.2.3-.5.3-.7s-.1-.5-.3-.7c-.2-.2-.4-.3-.7-.3h-11c-.3 0-.5.1-.7.3-.2.2-.3.5-.3.7s.1.5.3.7z\"\/><\/svg><\/span><\/span><\/label><input type=\"checkbox\"  id=\"ez-toc-cssicon-toggle-item-69f227ef2bda2\" checked aria-label=\"Umschalten auf\" \/><nav><ul class='ez-toc-list ez-toc-list-level-1' ><li class='ez-toc-page-1 ez-toc-heading-level-2'><a class=\"ez-toc-link ez-toc-heading-1\" href=\"https:\/\/comparemyjet.com\/de\/fliegen-aeolus\/#Company_History\" >Geschichte des Unternehmens<\/a><\/li><li class='ez-toc-page-1 ez-toc-heading-level-2'><a class=\"ez-toc-link ez-toc-heading-2\" href=\"https:\/\/comparemyjet.com\/de\/fliegen-aeolus\/#Pricing\" >Preisgestaltung<\/a><\/li><li class='ez-toc-page-1 ez-toc-heading-level-2'><a class=\"ez-toc-link ez-toc-heading-3\" href=\"https:\/\/comparemyjet.com\/de\/fliegen-aeolus\/#Membership_Programs\" >Programme f\u00fcr die Mitgliedschaft<\/a><ul class='ez-toc-list-level-3' ><li class='ez-toc-heading-level-3'><a class=\"ez-toc-link ez-toc-heading-4\" href=\"https:\/\/comparemyjet.com\/de\/fliegen-aeolus\/#Pay_As_You_Fly\" >Pay As You Fly<\/a><\/li><li class='ez-toc-page-1 ez-toc-heading-level-3'><a class=\"ez-toc-link ez-toc-heading-5\" href=\"https:\/\/comparemyjet.com\/de\/fliegen-aeolus\/#Personal_Membership\" >Pers\u00f6nliche Mitgliedschaft<\/a><\/li><li class='ez-toc-page-1 ez-toc-heading-level-3'><a class=\"ez-toc-link ez-toc-heading-6\" href=\"https:\/\/comparemyjet.com\/de\/fliegen-aeolus\/#Business_Membership\" >Business-Mitgliedschaft<\/a><\/li><\/ul><\/li><li class='ez-toc-page-1 ez-toc-heading-level-2'><a class=\"ez-toc-link ez-toc-heading-7\" href=\"https:\/\/comparemyjet.com\/de\/fliegen-aeolus\/#The_Fleet\" >Die Flotte&nbsp;<\/a><ul class='ez-toc-list-level-3' ><li class='ez-toc-heading-level-3'><a class=\"ez-toc-link ez-toc-heading-8\" href=\"https:\/\/comparemyjet.com\/de\/fliegen-aeolus\/#1_Light_Private_Jets\" >1. Leichte Privatjets<\/a><ul class='ez-toc-list-level-4' ><li class='ez-toc-heading-level-4'><a class=\"ez-toc-link ez-toc-heading-9\" href=\"https:\/\/comparemyjet.com\/de\/fliegen-aeolus\/#Our_Recommendation_The_Cirrus_SR22\" >Unsere Empfehlung: Die Cirrus SR22<\/a><\/li><\/ul><\/li><\/ul><\/li><li class='ez-toc-page-1 ez-toc-heading-level-2'><a class=\"ez-toc-link ez-toc-heading-10\" href=\"https:\/\/comparemyjet.com\/de\/fliegen-aeolus\/#Cancellation_Insurance\" >Annullierungsversicherung<\/a><\/li><li class='ez-toc-page-1 ez-toc-heading-level-2'><a class=\"ez-toc-link ez-toc-heading-11\" href=\"https:\/\/comparemyjet.com\/de\/fliegen-aeolus\/#De-icing_Insurance\" >Enteisungsversicherung<\/a><\/li><li class='ez-toc-page-1 ez-toc-heading-level-2'><a class=\"ez-toc-link ez-toc-heading-12\" href=\"https:\/\/comparemyjet.com\/de\/fliegen-aeolus\/#Fly_Aeolus_Taxi_Service\" >Fliegen Aeolus Taxidienst<\/a><\/li><li class='ez-toc-page-1 ez-toc-heading-level-2'><a class=\"ez-toc-link ez-toc-heading-13\" href=\"https:\/\/comparemyjet.com\/de\/fliegen-aeolus\/#Pet_Policy\" >Haustier-Politik<\/a><\/li><li class='ez-toc-page-1 ez-toc-heading-level-2'><a class=\"ez-toc-link ez-toc-heading-14\" href=\"https:\/\/comparemyjet.com\/de\/fliegen-aeolus\/#Company_Safety_Policy_and_Standards\" >Sicherheitspolitik und -standards des Unternehmens<\/a><\/li><li class='ez-toc-page-1 ez-toc-heading-level-2'><a class=\"ez-toc-link ez-toc-heading-15\" href=\"https:\/\/comparemyjet.com\/de\/fliegen-aeolus\/#Company_Staff\" >Unternehmen Personal<\/a><\/li><li class='ez-toc-page-1 ez-toc-heading-level-2'><a class=\"ez-toc-link ez-toc-heading-16\" href=\"https:\/\/comparemyjet.com\/de\/fliegen-aeolus\/#Conclusion\" >Schlussfolgerung<\/a><\/li><\/ul><\/nav><\/div>\n<h2 class=\"wp-block-heading\"><span class=\"ez-toc-section\" id=\"Company_History\"><\/span>Geschichte des Unternehmens<span class=\"ez-toc-section-end\"><\/span><\/h2>\r\n\r\n\r\n\r\n<p>Fly Aeolus wurde 2009 von den Mitbegr\u00fcndern und Luftfahrtenthusiasten Stefaan Ghijs und Vincent Wigmans gegr\u00fcndet. Ghijs hat einen Master-Abschluss in Luftfahrttechnik, w\u00e4hrend Wigmans Erfahrungen in der privaten Flugzeugreparaturbranche gesammelt hat.&nbsp;<\/p>\r\n\r\n\r\n\r\n<p>Der erste Flug des Unternehmens fand 2011 von Antwerpen, Belgien, nach Vichy, Frankreich, statt. Fly Aeolus dehnte das Einsatzgebiet bald auf den gesamten Kontinent aus und begann mit Zielen in Deutschland und den Niederlanden.&nbsp;<\/p>\r\n\r\n\r\n\r\n<p>Im Jahr 2015 ging Fly Aeolus eine Partnerschaft mit dem belgischen Lufttaxi-Unternehmen SkyCab ein, und 2019 gr\u00fcndeten sie Fly Aeolus Aircraft Sales and Acquisitions, einen neuen Zweig von Fly Aeolus.<\/p>\r\n\r\n\r\n\r\n<p>Die Grundlage f\u00fcr den Service des Unternehmens ist eine Fractional-Ownership-Vereinbarung. Private Eigent\u00fcmer stellen ihre Flugzeuge zur Vermietung zur Verf\u00fcgung und erhalten eine Provision f\u00fcr jede Flugstunde.&nbsp;<\/p>\r\n\r\n\r\n\r\n<h2 class=\"wp-block-heading\"><span class=\"ez-toc-section\" id=\"Pricing\"><\/span>Preisgestaltung<span class=\"ez-toc-section-end\"><\/span><\/h2>\r\n\r\n\r\n\r\n<p>Fly Aeolus berechnet einen Pauschalpreis f\u00fcr alle Fl\u00fcge. Der Preis richtet sich nach Ihrer Reiseroute - den Umst\u00e4nden Ihrer Reise, den Flugstunden und ob es sich um einen Hin- oder R\u00fcckflug handelt. Wenn Sie weniger Geld ausgeben m\u00f6chten, buchen Sie am besten einen Hin- und R\u00fcckflug am selben Tag, und Sie k\u00f6nnen den Flug immer teilen und die Kosten durch die Mitnahme von Reisebegleitern aufteilen.<\/p>\r\n\r\n\r\n\r\n<p>Fly Aeolus wird auf der Basis von Miteigentum betrieben. Das Unternehmen erhebt von neuen Kunden eine Eintrittsgeb\u00fchr von 995,00 \u20ac (ohne MwSt.), die sie zu Anteilseignern eines Flugzeugs der Fly Aeolus-Flotte macht. Wenn Sie sich nach der Registrierung entscheiden, die Dienste nicht in Anspruch zu nehmen, erstattet Fly Aeolus Ihnen die Geb\u00fchr abz\u00fcglich einer Verwaltungsgeb\u00fchr von 150,00 \u20ac zur\u00fcck. Sie k\u00f6nnen vor der Registrierung einen Probeflug machen, um den Jet kennenzulernen und zu sehen, ob er Ihren Vorstellungen entspricht.<\/p>\r\n\r\n\r\n\r\n<h2 class=\"wp-block-heading\"><span class=\"ez-toc-section\" id=\"Membership_Programs\"><\/span>Programme f\u00fcr die Mitgliedschaft<span class=\"ez-toc-section-end\"><\/span><\/h2>\r\n\r\n\r\n\r\n<p>Die Mitgliedschaftsprogramme von Fly Aeolus zielen darauf ab, den Flugg\u00e4sten bei Kontinentalfl\u00fcgen Geld und Zeit zu sparen, da alle Flugzeuge und Piloten bereits in Europa stationiert sind. Sie erm\u00f6glichen den Mitgliedern eine Ersparnis von 5-10% bei Fl\u00fcgen im Vergleich zu den Einzelhandelskosten f\u00fcr Nichtmitglieder. Schauen wir uns die Programme kurz an.<\/p>\r\n\r\n\r\n\r\n<h3 class=\"wp-block-heading\"><span class=\"ez-toc-section\" id=\"Pay_As_You_Fly\"><\/span>Pay As You Fly<span class=\"ez-toc-section-end\"><\/span><\/h3>\r\n\r\n\r\n\r\n<p>Sie m\u00fcssen kein Mitglied sein, um mit der Cirrus SR-22 zu fliegen; es besteht die M\u00f6glichkeit, beim Fliegen zu bezahlen. Fly Aeolus verf\u00fcgt \u00fcber einen Online-Rechner, der Ihnen bei der Planung und Buchung Ihrer n\u00e4chsten Reise helfen wird und den Sie wie folgt aufrufen k\u00f6nnen <a href=\"https:\/\/flyaeolus.com\/plan-book\/\" target=\"_blank\" rel=\"noopener\">Link<\/a> f\u00fcr ausf\u00fchrlichere Informationen.<\/p>\r\n\r\n\r\n\r\n<h3 class=\"wp-block-heading\"><span class=\"ez-toc-section\" id=\"Personal_Membership\"><\/span>Pers\u00f6nliche Mitgliedschaft<span class=\"ez-toc-section-end\"><\/span><\/h3>\r\n\r\n\r\n\r\n<p>Das Personal Membership Programm ist f\u00fcr regelm\u00e4\u00dfige Reisende gedacht. Mit diesem Programm erhalten Sie eine Erm\u00e4\u00dfigung von 5% auf jeden Flug sowie eine im Preis enthaltene R\u00fccktrittsversicherung.&nbsp;<\/p>\r\n\r\n\r\n\r\n<h3 class=\"wp-block-heading\"><span class=\"ez-toc-section\" id=\"Business_Membership\"><\/span>Business-Mitgliedschaft<span class=\"ez-toc-section-end\"><\/span><\/h3>\r\n\r\n\r\n\r\n<p>Fly Aeolus bietet das Business Membership Programm f\u00fcr Vielreisende an. Um Mitglied zu werden, ist ein monatlicher Mitgliedsbeitrag von 100,00 \u20ac erforderlich. Sie erhalten eine Erm\u00e4\u00dfigung von 10% auf alle Ihre Fl\u00fcge sowie eine R\u00fccktrittsversicherung und Unterst\u00fctzung bei der Taxibuchung, alles im Preis inbegriffen.<\/p>\r\n\r\n\r\n\r\n<h2 class=\"wp-block-heading\"><span class=\"ez-toc-section\" id=\"The_Fleet\"><\/span>Die Flotte&nbsp;<span class=\"ez-toc-section-end\"><\/span><\/h2>\r\n\r\n\r\n\r\n<figure class=\"wp-block-image size-full is-style-default\"><img loading=\"lazy\" decoding=\"async\" width=\"1000\" height=\"667\" src=\"https:\/\/comparemyjet.com\/wp-content\/uploads\/2022\/07\/The-Cirrus-SR22.jpg\" alt=\"Fliege \u00c4olus\" class=\"wp-image-3145\" srcset=\"https:\/\/comparemyjet.com\/wp-content\/uploads\/2022\/07\/The-Cirrus-SR22-18x12.jpg 18w, https:\/\/comparemyjet.com\/wp-content\/uploads\/2022\/07\/The-Cirrus-SR22-300x200.jpg 300w, https:\/\/comparemyjet.com\/wp-content\/uploads\/2022\/07\/The-Cirrus-SR22-768x512.jpg 768w, https:\/\/comparemyjet.com\/wp-content\/uploads\/2022\/07\/The-Cirrus-SR22.jpg 1000w\" sizes=\"auto, (max-width: 1000px) 100vw, 1000px\" \/><\/figure>\r\n\r\n\r\n\r\n<p>Fly Aeolus verf\u00fcgt \u00fcber eine Flotte, die ausschlie\u00dflich aus Cirrus SR-22-Flugzeugen besteht. Und das ist kein Zufall - diese Flugzeuge werden von der COPA (Cirrus Owners &amp; Pilots Association) und der AOPA (Aircraft Owners &amp; Pilots Association) dank des Cirrus Airframe Parachute System als eines der sichersten einmotorigen Jets in der Luftfahrtindustrie angesehen. Fly Aeolus ist Europas gr\u00f6\u00dfter Cirrus-Lieferant und hat 15 SR-22-Flugzeuge im Einsatz, von denen jedes bis zu drei Passagiere bef\u00f6rdern kann.&nbsp;<\/p>\r\n\r\n\r\n\r\n<h3 class=\"wp-block-heading\"><span class=\"ez-toc-section\" id=\"1_Light_Private_Jets\"><\/span>1. Leichte Privatjets<span class=\"ez-toc-section-end\"><\/span><\/h3>\r\n\r\n\r\n\r\n<p>Leichte Privatjets eignen sich perfekt f\u00fcr Reisen zu kleinen Flugh\u00e4fen und schwer zug\u00e4nglichen Orten und erm\u00f6glichen es Ihnen, unzug\u00e4ngliche Berge und sch\u00f6ne Str\u00e4nde zu besuchen.<\/p>\r\n\r\n\r\n\r\n<h4 class=\"wp-block-heading\"><span class=\"ez-toc-section\" id=\"Our_Recommendation_The_Cirrus_SR22\"><\/span>Unsere Empfehlung: Die Cirrus SR22<span class=\"ez-toc-section-end\"><\/span><\/h4>\r\n\r\n\r\n\r\n<p>Die Cirrus SR22 ist ein Verbundwerkstoff-Jet, das 2001 von Cirrus Aircraft hergestellt wurde. Es handelt sich um eine leistungsst\u00e4rkere Variante der Cirrus CIRRUS SR-20, die \u00fcber einen gr\u00f6\u00dferen Fl\u00fcgel und eine h\u00f6here Treibstoffkapazit\u00e4t mit festem Fahrwerk verf\u00fcgt.<\/p>\r\n\r\n\r\n\r\n<p>Dies ist ein viersitziges Flugzeug (1 Pilot und drei Passagiere), das f\u00fcr die Landung auf lokalen Flugh\u00e4fen ausgelegt ist. Die Cirrus SR22 bietet Zugang zu mehr als 1.500 Flugh\u00e4fen in ganz Europa und erm\u00f6glicht es Ihnen, auf lokalen Flugh\u00e4fen zu landen, die von kommerziellen Fl\u00fcgen selten angeflogen werden.&nbsp;<\/p>\r\n\r\n\r\n\r\n<p>Die Cirrus-Flugzeuge haben eine Gep\u00e4ckkapazit\u00e4t von 10 Kilogramm pro Passagier und sind die einzigen Flugzeuge, die serienm\u00e4\u00dfig mit einem Notfallsystem f\u00fcr das gesamte Flugzeug ausgestattet sind.<\/p>\r\n\r\n\r\n\r\n<p>Spezifikationen:<\/p>\r\n\r\n\r\n\r\n<ul class=\"wp-block-list\"><li>Passagiere: 3;<\/li><li>Kabinenbreite: 4 ft 1 in;<\/li><li>Kabinenvolumen: 137 cu ft;<\/li><li>Kabinenh\u00f6he: 4 ft 2 in;<\/li><li>Kabinenl\u00e4nge: 8 ft;<\/li><li>Internes Reisegep\u00e4ck: 32 cu ft;<\/li><li>H\u00f6chstgeschwindigkeit: 186 kts;<\/li><li>Maximale Reichweite: 1100 nm;<\/li><li>Besatzung: 1;<\/li><li>Keine Toilette;<\/li><li>Kein WiFi.<\/li><\/ul>\r\n\r\n\r\n\r\n<h2 class=\"wp-block-heading\"><span class=\"ez-toc-section\" id=\"Cancellation_Insurance\"><\/span>Annullierungsversicherung<span class=\"ez-toc-section-end\"><\/span><\/h2>\r\n\r\n\r\n\r\n<p>Fly Aeolus bietet eine Reiser\u00fccktrittsversicherung an, die 200 \u20ac (ohne Mehrwertsteuer) kostet und es Ihnen erm\u00f6glicht, Ihren Flug zu stornieren oder zu verschieben, wenn Ihre Pl\u00e4ne durch ein unvorhergesehenes Ereignis durchkreuzt werden.&nbsp;<\/p>\r\n\r\n\r\n\r\n<p>Wenn Sie die Kosten f\u00fcr die R\u00fccktrittsversicherung nicht bezahlen m\u00f6chten und Ihr Flug nach der Best\u00e4tigung storniert oder verschoben wird, fallen zus\u00e4tzliche Geb\u00fchren an. Wenn Sie Ihren Flug zwischen 7 Tagen und 24 Stunden vor der geplanten Abflugzeit stornieren, berechnet Fly Aeolus eine Geb\u00fchr von 25% der gesamten Flugkosten. Wenn die Stornierung zwischen 24 und 5 Stunden vor dem Abflug erfolgt, berechnet das Unternehmen eine Stornierungsgeb\u00fchr von 50% der gesamten Flugkosten. Eine Stornierungsgeb\u00fchr von 100% der gesamten Flugkosten wird berechnet, wenn Sie weniger als 5 Stunden vor der geplanten Abflugzeit stornieren oder nicht erscheinen.<\/p>\r\n\r\n\r\n\r\n<h2 class=\"wp-block-heading\"><span class=\"ez-toc-section\" id=\"De-icing_Insurance\"><\/span>Enteisungsversicherung<span class=\"ez-toc-section-end\"><\/span><\/h2>\r\n\r\n\r\n\r\n<figure class=\"wp-block-image size-full is-style-default\"><img loading=\"lazy\" decoding=\"async\" width=\"1000\" height=\"667\" src=\"https:\/\/comparemyjet.com\/wp-content\/uploads\/2022\/07\/De-icing-Insurance.jpg\" alt=\"\" class=\"wp-image-3146\" srcset=\"https:\/\/comparemyjet.com\/wp-content\/uploads\/2022\/07\/De-icing-Insurance-18x12.jpg 18w, https:\/\/comparemyjet.com\/wp-content\/uploads\/2022\/07\/De-icing-Insurance-300x200.jpg 300w, https:\/\/comparemyjet.com\/wp-content\/uploads\/2022\/07\/De-icing-Insurance-768x512.jpg 768w, https:\/\/comparemyjet.com\/wp-content\/uploads\/2022\/07\/De-icing-Insurance.jpg 1000w\" sizes=\"auto, (max-width: 1000px) 100vw, 1000px\" \/><\/figure>\r\n\r\n\r\n\r\n<p>Diese Art von Versicherung ist vor allem in den k\u00e4lteren Monaten von gro\u00dfem Nutzen. Fly Aeolus r\u00e4t Ihnen, diesen Service vor dem Abflug in Anspruch zu nehmen.&nbsp;<\/p>\r\n\r\n\r\n\r\n<p>Im Winter kann das Lufttaxi mit Eis oder Schnee bedeckt sein, und das Eis und der Schnee m\u00fcssen gereinigt werden, bevor es abheben kann. Die damit verbundenen Kosten sind schwer vorhersehbar, daher bietet das Unternehmen einige Enteisungsversicherungen an, die sich nach der Gefahr der Vereisung richten, um Sie zu beruhigen.<\/p>\r\n\r\n\r\n\r\n<ul class=\"wp-block-list\"><li>Bis f\u00fcnf Tage vor dem Abflug kostet die Enteisungsversicherung 150,00 \u20ac (ohne MwSt.) f\u00fcr einen Hinflug.<\/li><li>Zwischen 5 und 72 Stunden vor dem Abflug kostet diese Versicherung 250,00 \u20ac (ohne MwSt.) f\u00fcr eine einfache Fahrt.<\/li><li>Zwischen 72 und 24 Stunden vor dem Abflug m\u00fcssen Sie bis zu 350,00 \u20ac (ohne MwSt.) f\u00fcr eine Einweg-Enteisungsversicherung bezahlen.<\/li><\/ul>\r\n\r\n\r\n\r\n<p>Wenn Sie sich nicht f\u00fcr eine der oben genannten M\u00f6glichkeiten entscheiden, werden Ihnen nach der Fahrt alle notwendigen Enteisungsgeb\u00fchren in Rechnung gestellt.<\/p>\r\n\r\n\r\n\r\n<h2 class=\"wp-block-heading\"><span class=\"ez-toc-section\" id=\"Fly_Aeolus_Taxi_Service\"><\/span>Fliegen Aeolus Taxidienst<span class=\"ez-toc-section-end\"><\/span><\/h2>\r\n\r\n\r\n\r\n<p>Fly Aeolus kann f\u00fcr Sie eine Taxi-Reservierung bei einem seiner h\u00e4ufigen Taxi-Partner vornehmen. Teilen Sie dem Unternehmen Ihr Reiseziel mit, und es wird daf\u00fcr sorgen, dass das Taxi bei Ihrer Ankunft am Flughafen auf Sie wartet. Wenn Sie jemand vom Flughafen abholt, bietet das Unternehmen an, Ihre spezifischen Flugdaten zu senden, damit Ihre Freunde oder Familie das Lufttaxi in Echtzeit verfolgen k\u00f6nnen.<\/p>\r\n\r\n\r\n\r\n<h2 class=\"wp-block-heading\"><span class=\"ez-toc-section\" id=\"Pet_Policy\"><\/span>Haustier-Politik<span class=\"ez-toc-section-end\"><\/span><\/h2>\r\n\r\n\r\n\r\n<p>Bei kommerziellen Fl\u00fcgen k\u00f6nnen Sie Ihr Haustier im Flugzeug mitnehmen, wenn die L\u00e4nge des Transportbeh\u00e4lters weniger als 47 cm, die Breite weniger als 30 cm und die H\u00f6he weniger als 27 cm betr\u00e4gt. Das Haustier muss sich au\u00dferdem in einem daf\u00fcr vorgesehenen Transportbeh\u00e4lter unter Ihrem Sitz befinden und darf nicht mehr als 10 Kilogramm wiegen. Aus Sicherheitsgr\u00fcnden k\u00f6nnen Sie die Transportbox nicht \u00f6ffnen oder an einen anderen Ort bringen. Dies scheint der gr\u00f6\u00dfte Nachteil gegen\u00fcber anderen privaten Charterfluggesellschaften zu sein, ist aber immer noch besser als die Bef\u00f6rderung im Frachtraum eines kommerziellen Fluges.<\/p>\r\n\r\n\r\n\r\n<p>Die Mitnahme Ihres Haustieres auf einem Privatflug ist eine ganz andere Sache. Fly Aeolus behandelt jedes Haustier, das mit ihnen fliegt, wie einen Gast und sorgt daf\u00fcr, dass Ihr Haustier eine ruhige und angenehme Reise genie\u00dft.<\/p>\r\n\r\n\r\n\r\n<p>Ihr Haustier ist nicht im Kofferraum eingesperrt, sondern kann sich auf einer Decke neben Sie kuscheln, und Sie k\u00f6nnen sicher sein, dass Ihr Haustier es bequem und sicher hat.&nbsp;<\/p>\r\n\r\n\r\n\r\n<p>Auch wenn Sie mit Ihrem Haustier verreisen k\u00f6nnen, ist eine gewisse Vorausplanung erforderlich, die Sie wie folgt vornehmen k\u00f6nnen <a href=\"https:\/\/flyaeolus.com\/blog\/pet-travel-private-jet-air-taxi\/\" target=\"_blank\" rel=\"noopener\">Link<\/a> f\u00fcr zus\u00e4tzliche Informationen \u00fcber den Transport Ihres Haustieres mit Aeolus.<\/p>\r\n\r\n\r\n\r\n<h2 class=\"wp-block-heading\"><span class=\"ez-toc-section\" id=\"Company_Safety_Policy_and_Standards\"><\/span>Sicherheitspolitik und -standards des Unternehmens<span class=\"ez-toc-section-end\"><\/span><\/h2>\r\n\r\n\r\n\r\n<p>Alle Flugzeuge werden regelm\u00e4\u00dfig untersucht, und die Piloten werden j\u00e4hrlich medizinisch untersucht. Au\u00dferdem sind alle Flugzeuge mit einem CAPS (Cirrus Airframe Parachute System) ausgestattet, einem ballistischen Fallschirmsystem f\u00fcr das gesamte Flugzeug, das ausschlie\u00dflich f\u00fcr Cirrus-Flugzeuge entwickelt wurde.<\/p>\r\n\r\n\r\n\r\n<h2 class=\"wp-block-heading\"><span class=\"ez-toc-section\" id=\"Company_Staff\"><\/span>Unternehmen Personal<span class=\"ez-toc-section-end\"><\/span><\/h2>\r\n\r\n\r\n\r\n<p>Zu den Mitarbeitern von Aeolus geh\u00f6ren Experten aus verschiedenen Bereichen der Gesch\u00e4ftsluftfahrt sowie qualifizierte Cirrus-Piloten und -Ausbilder. Alle Piloten von Fly Aeolus haben eine Berufspilotenlizenz (CPL) oder eine Fluglizenz (ATPL), verf\u00fcgen \u00fcber mindestens 500 Flugstunden und haben das Cirrus SR22 Trainingsprogramm absolviert.&nbsp;<\/p>\r\n\r\n\r\n\r\n<h2 class=\"wp-block-heading\"><span class=\"ez-toc-section\" id=\"Conclusion\"><\/span>Schlussfolgerung<span class=\"ez-toc-section-end\"><\/span><\/h2>\r\n\r\n\r\n\r\n<figure class=\"wp-block-image size-full is-style-default\"><img loading=\"lazy\" decoding=\"async\" width=\"1000\" height=\"667\" src=\"https:\/\/comparemyjet.com\/wp-content\/uploads\/2022\/07\/cute.dog_.dressed.as_.a.pilot_.standing.infront.of_.a.jet_.jpg\" alt=\"\" class=\"wp-image-3147\" srcset=\"https:\/\/comparemyjet.com\/wp-content\/uploads\/2022\/07\/cute.dog_.dressed.as_.a.pilot_.standing.infront.of_.a.jet_-18x12.jpg 18w, https:\/\/comparemyjet.com\/wp-content\/uploads\/2022\/07\/cute.dog_.dressed.as_.a.pilot_.standing.infront.of_.a.jet_-300x200.jpg 300w, https:\/\/comparemyjet.com\/wp-content\/uploads\/2022\/07\/cute.dog_.dressed.as_.a.pilot_.standing.infront.of_.a.jet_-768x512.jpg 768w, https:\/\/comparemyjet.com\/wp-content\/uploads\/2022\/07\/cute.dog_.dressed.as_.a.pilot_.standing.infront.of_.a.jet_.jpg 1000w\" sizes=\"auto, (max-width: 1000px) 100vw, 1000px\" \/><\/figure>\r\n\r\n\r\n\r\n<p>Fly Aeolus ist das erste Unternehmen in Europa, das ein Fractional-Ownership-Modell verwendet, um Lufttaxidienste mit einzelnen Kolbenflugzeugen anzubieten. Das Unternehmen bietet au\u00dferdem drei verschiedene Jet-Card-Programme an und erm\u00f6glicht mit seiner Cirrus SR22-Flotte den Zugang zu mehr als 1.000 kleinen Flugh\u00e4fen in ganz Europa. Wenn Sie Sightseeing machen wollen oder nur mit ein paar Begleitern unterwegs sind, ist Fly Aeolus Ihr Lufttaxidienst.&nbsp;<\/p>","protected":false},"excerpt":{"rendered":"<p>Fly Aeolus ist ein belgisches Lufttaxi (privater Charterdienst), das seit 2009 in Europa t\u00e4tig ist. Das Unternehmen hat seinen Sitz in Antwerpen und verf\u00fcgt \u00fcber B\u00fcros in Berlin und Rotterdam.  Sie k\u00f6nnen von \u00fcber 1.500 Flugh\u00e4fen in ganz Europa mit einer Cirrus SR-22 fliegen, die als eines der sichersten einmotorigen Flugzeuge in Europa gilt...<\/p>","protected":false},"author":2,"featured_media":3098,"parent":0,"menu_order":0,"comment_status":"closed","ping_status":"closed","template":"","meta":{"_acf_changed":false,"_genesis_hide_title":false,"_genesis_hide_breadcrumbs":false,"_genesis_hide_singular_image":false,"_genesis_hide_footer_widgets":false,"_genesis_custom_body_class":"","_genesis_custom_post_class":"","_genesis_layout":"","footnotes":""},"class_list":{"1":"page","2":"type-page","6":"entry"},"acf":[],"_links":{"self":[{"href":"https:\/\/comparemyjet.com\/de\/wp-json\/wp\/v2\/pages\/3144","targetHints":{"allow":["GET"]}}],"collection":[{"href":"https:\/\/comparemyjet.com\/de\/wp-json\/wp\/v2\/pages"}],"about":[{"href":"https:\/\/comparemyjet.com\/de\/wp-json\/wp\/v2\/types\/page"}],"author":[{"embeddable":true,"href":"https:\/\/comparemyjet.com\/de\/wp-json\/wp\/v2\/users\/2"}],"replies":[{"embeddable":true,"href":"https:\/\/comparemyjet.com\/de\/wp-json\/wp\/v2\/comments?post=3144"}],"version-history":[{"count":2,"href":"https:\/\/comparemyjet.com\/de\/wp-json\/wp\/v2\/pages\/3144\/revisions"}],"predecessor-version":[{"id":3444,"href":"https:\/\/comparemyjet.com\/de\/wp-json\/wp\/v2\/pages\/3144\/revisions\/3444"}],"wp:featuredmedia":[{"embeddable":true,"href":"https:\/\/comparemyjet.com\/de\/wp-json\/wp\/v2\/media\/3098"}],"wp:attachment":[{"href":"https:\/\/comparemyjet.com\/de\/wp-json\/wp\/v2\/media?parent=3144"}],"curies":[{"name":"wp","href":"https:\/\/api.w.org\/{rel}","templated":true}]}}