{"id":3172,"date":"2022-08-10T21:51:12","date_gmt":"2022-08-10T21:51:12","guid":{"rendered":"https:\/\/comparemyjet.com\/?page_id=3172"},"modified":"2025-09-04T09:58:21","modified_gmt":"2025-09-04T09:58:21","slug":"hopscotch-air","status":"publish","type":"page","link":"https:\/\/comparemyjet.com\/de\/hopscotch-air\/","title":{"rendered":"Hopscotch Air Flug Preisgestaltung"},"content":{"rendered":"<p>Hopscotch Air ist ein hochmodernes <a href=\"https:\/\/comparemyjet.com\/de\/wieviel-kostet-ein-flugtaxi\/\" data-internallinksmanager029f6b8e52c=\"23\" title=\"Wie viel kostet ein Lufttaxi?\">Lufttaxi<\/a> Unternehmen, das Passagiere im Nordosten, im mittleren Atlantik und in Kanada mit kleinen, aber technisch hoch entwickelten Cirrus-Flugzeugen bef\u00f6rdert. Das Unternehmen wurde 2009 zertifiziert und fliegt nun j\u00e4hrlich etwa 1400 Fl\u00fcge zu einem Bruchteil der Kosten regul\u00e4rer Charterfl\u00fcge, vor allem aufgrund der g\u00fcnstigeren Wirtschaftlichkeit der Flugzeuge.<\/p>\r\n\r\n\r\n\r\n<p>Hopscotch Air ist ein Pionier im Bereich der Kleinflugzeug-Lufttaxidienste im Nordosten und plant, bis Ende 2022 neue regionale Flugdienste zu beliebten Orten im Nordosten anzubieten.&nbsp;<\/p>\r\n\r\n\r\n\r\n<div id=\"ez-toc-container\" class=\"ez-toc-v2_0_76 counter-hierarchy ez-toc-counter ez-toc-grey ez-toc-container-direction\">\n<p class=\"ez-toc-title\" style=\"cursor:inherit\">Themen<\/p>\n<label for=\"ez-toc-cssicon-toggle-item-69f15b3791f44\" class=\"ez-toc-cssicon-toggle-label\"><span class=\"\"><span class=\"eztoc-hide\" style=\"display:none;\">Umschalten auf<\/span><span class=\"ez-toc-icon-toggle-span\"><svg style=\"fill: #999;color:#999\" xmlns=\"http:\/\/www.w3.org\/2000\/svg\" class=\"list-377408\" width=\"20px\" height=\"20px\" viewbox=\"0 0 24 24\" fill=\"none\"><path d=\"M6 6H4v2h2V6zm14 0H8v2h12V6zM4 11h2v2H4v-2zm16 0H8v2h12v-2zM4 16h2v2H4v-2zm16 0H8v2h12v-2z\" fill=\"currentColor\"><\/path><\/svg><svg style=\"fill: #999;color:#999\" class=\"arrow-unsorted-368013\" xmlns=\"http:\/\/www.w3.org\/2000\/svg\" width=\"10px\" height=\"10px\" viewbox=\"0 0 24 24\" version=\"1.2\" baseprofile=\"tiny\"><path d=\"M18.2 9.3l-6.2-6.3-6.2 6.3c-.2.2-.3.4-.3.7s.1.5.3.7c.2.2.4.3.7.3h11c.3 0 .5-.1.7-.3.2-.2.3-.5.3-.7s-.1-.5-.3-.7zM5.8 14.7l6.2 6.3 6.2-6.3c.2-.2.3-.5.3-.7s-.1-.5-.3-.7c-.2-.2-.4-.3-.7-.3h-11c-.3 0-.5.1-.7.3-.2.2-.3.5-.3.7s.1.5.3.7z\"\/><\/svg><\/span><\/span><\/label><input type=\"checkbox\"  id=\"ez-toc-cssicon-toggle-item-69f15b3791f44\" checked aria-label=\"Umschalten auf\" \/><nav><ul class='ez-toc-list ez-toc-list-level-1' ><li class='ez-toc-page-1 ez-toc-heading-level-2'><a class=\"ez-toc-link ez-toc-heading-1\" href=\"https:\/\/comparemyjet.com\/de\/hopscotch-air\/#About_the_Company\" >\u00dcber das Unternehmen<\/a><\/li><li class='ez-toc-page-1 ez-toc-heading-level-2'><a class=\"ez-toc-link ez-toc-heading-2\" href=\"https:\/\/comparemyjet.com\/de\/hopscotch-air\/#Membership_Programs\" >Programme f\u00fcr die Mitgliedschaft<\/a><ul class='ez-toc-list-level-3' ><li class='ez-toc-heading-level-3'><a class=\"ez-toc-link ez-toc-heading-3\" href=\"https:\/\/comparemyjet.com\/de\/hopscotch-air\/#ClubScotch\" >ClubScotch<\/a><\/li><\/ul><\/li><li class='ez-toc-page-1 ez-toc-heading-level-2'><a class=\"ez-toc-link ez-toc-heading-4\" href=\"https:\/\/comparemyjet.com\/de\/hopscotch-air\/#Destinations_and_Pricing\" >Reiseziele und Preisgestaltung<\/a><\/li><li class='ez-toc-page-1 ez-toc-heading-level-2'><a class=\"ez-toc-link ez-toc-heading-5\" href=\"https:\/\/comparemyjet.com\/de\/hopscotch-air\/#The_Fleet\" >Die Flotte&nbsp;<\/a><ul class='ez-toc-list-level-3' ><li class='ez-toc-heading-level-3'><a class=\"ez-toc-link ez-toc-heading-6\" href=\"https:\/\/comparemyjet.com\/de\/hopscotch-air\/#1_Very_Light_Jets\" >1. Sehr leichte Jets<\/a><ul class='ez-toc-list-level-4' ><li class='ez-toc-heading-level-4'><a class=\"ez-toc-link ez-toc-heading-7\" href=\"https:\/\/comparemyjet.com\/de\/hopscotch-air\/#Our_Recommendation_The_Cirrus_SR20\" >Unsere Empfehlung: Der Cirrus SR20&nbsp;<\/a><\/li><li class='ez-toc-page-1 ez-toc-heading-level-4'><a class=\"ez-toc-link ez-toc-heading-8\" href=\"https:\/\/comparemyjet.com\/de\/hopscotch-air\/#Our_Recommendation_The_Cirrus_SR22\" >Unsere Empfehlung: Die Cirrus SR22<\/a><\/li><\/ul><\/li><\/ul><\/li><li class='ez-toc-page-1 ez-toc-heading-level-2'><a class=\"ez-toc-link ez-toc-heading-9\" href=\"https:\/\/comparemyjet.com\/de\/hopscotch-air\/#Company_Safety_Policy_and_Standards\" >Sicherheitspolitik und -standards des Unternehmens&nbsp;<\/a><\/li><li class='ez-toc-page-1 ez-toc-heading-level-2'><a class=\"ez-toc-link ez-toc-heading-10\" href=\"https:\/\/comparemyjet.com\/de\/hopscotch-air\/#Partnerships\" >Partnerschaften<\/a><\/li><li class='ez-toc-page-1 ez-toc-heading-level-2'><a class=\"ez-toc-link ez-toc-heading-11\" href=\"https:\/\/comparemyjet.com\/de\/hopscotch-air\/#Conclusion\" >Schlussfolgerung<\/a><\/li><\/ul><\/nav><\/div>\n<h2 class=\"wp-block-heading\"><span class=\"ez-toc-section\" id=\"About_the_Company\"><\/span>\u00dcber das Unternehmen<span class=\"ez-toc-section-end\"><\/span><\/h2>\r\n\r\n\r\n\r\n<p>Hopscotch Air ist ein <a href=\"https:\/\/www.faa.gov\/\" target=\"_blank\" rel=\"noopener\">FAA<\/a>-zertifiziertes Luftfahrtunternehmen mit Sitz in <a href=\"https:\/\/comparemyjet.com\/de\/privatfuhrungen\/new-york-city-privatfuhrungen\/\" data-internallinksmanager029f6b8e52c=\"427\" title=\"11 beste private Touren durch New York City ab $48.00\">New York<\/a>mit Drehkreuzen an den Flugh\u00e4fen Republic Farmingdale, Westchester County und Teterboro.&nbsp;<\/p>\r\n\r\n\r\n\r\n<p>Das Unternehmen verf\u00fcgt \u00fcber eine eigene Flugzeugflotte und bietet ein Mitgliedschaftsprogramm an, dessen Eintritts- und Mitgliedsgeb\u00fchren bei $3.900 beginnen. Das Einstiegsprogramm ist die Jet Card, ein Pay-as-you-go-Service mit festen, pauschalen Preisen f\u00fcr die jeweilige Strecke.&nbsp;<\/p>\r\n\r\n\r\n\r\n<p>Schauen wir uns diese Mitgliedschaftsprogramme genauer an.<\/p>\r\n\r\n\r\n\r\n<h2 class=\"wp-block-heading\"><span class=\"ez-toc-section\" id=\"Membership_Programs\"><\/span>Programme f\u00fcr die Mitgliedschaft<span class=\"ez-toc-section-end\"><\/span><\/h2>\r\n\r\n\r\n\r\n<figure class=\"wp-block-image size-full is-style-default\"><img loading=\"lazy\" decoding=\"async\" width=\"1000\" height=\"667\" src=\"https:\/\/comparemyjet.com\/wp-content\/uploads\/2022\/07\/cirrus.sr_.22.jpg\" alt=\"\" class=\"wp-image-3174\" srcset=\"https:\/\/comparemyjet.com\/wp-content\/uploads\/2022\/07\/cirrus.sr_.22-18x12.jpg 18w, https:\/\/comparemyjet.com\/wp-content\/uploads\/2022\/07\/cirrus.sr_.22-300x200.jpg 300w, https:\/\/comparemyjet.com\/wp-content\/uploads\/2022\/07\/cirrus.sr_.22-768x512.jpg 768w, https:\/\/comparemyjet.com\/wp-content\/uploads\/2022\/07\/cirrus.sr_.22.jpg 1000w\" sizes=\"auto, (max-width: 1000px) 100vw, 1000px\" \/><\/figure>\r\n\r\n\r\n\r\n<p>Das Unternehmen hat 2019 sein Mitgliedschaftsprogramm gestartet. Mitglieder zahlen $325 pro Monat und genie\u00dfen exklusive Rabatte und andere Vorteile.&nbsp;<\/p>\r\n\r\n\r\n\r\n<p>Sie k\u00f6nnen Mitglied werden, indem Sie sich mit ihnen in Verbindung setzen <a href=\"https:\/\/flyhopscotch.com\/join-clubscotch\/\" target=\"_blank\" rel=\"noopener\">Website<\/a>.<\/p>\r\n\r\n\r\n\r\n<h3 class=\"wp-block-heading\"><span class=\"ez-toc-section\" id=\"ClubScotch\"><\/span>ClubScotch<span class=\"ez-toc-section-end\"><\/span><\/h3>\r\n\r\n\r\n\r\n<p>Im gesamten Nordosten, im mittleren Atlantik und in Kanada fliegt Hopscotch Sie zu Hunderten von Flugh\u00e4fen, von den kleinsten bis zu den gr\u00f6\u00dften. Die Flugzeuge k\u00f6nnen Sie zu kleineren, weniger \u00fcberf\u00fcllten Flugh\u00e4fen bringen, die n\u00e4her an Ihrem Zielort liegen. Alle Fl\u00fcge starten nach Ihrem Zeitplan.<\/p>\r\n\r\n\r\n\r\n<p>Um Mitglied im ClubScoth zu werden, m\u00fcssen Sie sich f\u00fcr ein Jahr verpflichten. Sie k\u00f6nnen w\u00e4hlen, ob Sie $325 pro Monat oder $3.250 pro Jahr zahlen.<\/p>\r\n\r\n\r\n\r\n<p>Die Mitglieder erhalten eine bevorzugte Terminvergabe und haben schnellen Zugang zu ihrem Customer Experience Team. Als ClubScotch-Mitglied haben Sie Anspruch auf Last-Minute-Termine und eine kostenlose Wartezeit von bis zu 15 Stunden. Diese 15 Stunden kostenlose Wartezeit k\u00f6nnen Sie das ganze Jahr \u00fcber in Anspruch nehmen. Das ist ein j\u00e4hrlicher Rabatt von mehr als $1.000.<\/p>\r\n\r\n\r\n\r\n<p>Vielleicht m\u00f6chten Sie an Ihrem Zielort \u00fcbernachten? Einmal im Jahr wird eine kostenlose \u00dcbernachtung angeboten (<a href=\"https:\/\/comparemyjet.com\/de\/hotels\/\" data-internallinksmanager029f6b8e52c=\"470\" title=\"Die 100 besten Hotels in der N\u00e4he von Flugh\u00e4fen aus aller Welt\">Hotel<\/a> und Essen nicht inbegriffen). Ihr Flugzeug wird am n\u00e4chsten Tag auf Sie warten, um Ihre Rundreise zu beenden.&nbsp;<\/p>\r\n\r\n\r\n\r\n<p>Die Stornierungsbedingungen des Unternehmens erm\u00f6glichen es Ihnen, Ihr Datum bzw. Ihre Route zu \u00e4ndern, und sind f\u00fcr Mitglieder recht flexibel. F\u00fcr \u00c4nderungen, die Sie w\u00e4hrend Ihrer Reise vornehmen, werden Ihnen keine Kosten in Rechnung gestellt. Nicht-Mitglieder haben 48 Stunden Zeit, um Fl\u00fcge zu stornieren und eine Erstattung zu erhalten, w\u00e4hrend Mitglieder 24 Stunden Zeit haben.<\/p>\r\n\r\n\r\n\r\n<p>Der gr\u00f6\u00dfte Vorteil f\u00fcr ClubScotch-Mitglieder besteht darin, dass sie im Allgemeinen etwa 25% weniger als Nichtmitglieder zahlen und Zugang zur ClubScotch-Website erhalten, um ihre Flugdaten und ihren Kontostand online zu \u00fcberpr\u00fcfen.<\/p>\r\n\r\n\r\n\r\n<h2 class=\"wp-block-heading\"><span class=\"ez-toc-section\" id=\"Destinations_and_Pricing\"><\/span>Reiseziele und Preisgestaltung<span class=\"ez-toc-section-end\"><\/span><\/h2>\r\n\r\n\r\n\r\n<p>Die SR22 holt die Passagiere in der Regel an den Flugh\u00e4fen von New York City ab, und die weiter entfernten Ziele liegen im Westen bis <a href=\"https:\/\/comparemyjet.com\/de\/privat-jet-charter-nach-chicago\/\" data-internallinksmanager029f6b8e52c=\"170\" title=\"Privatjet-Charter nach Chicago\">Chicago<\/a> oder s\u00fcdlich nach South Carolina.&nbsp;<\/p>\r\n\r\n\r\n\r\n<p>Die folgende Tabelle enth\u00e4lt Preise f\u00fcr eine einfache Fahrt am selben Tag ab White Plains, Farmingdale und Teterboro.&nbsp;<\/p>\r\n\r\n\r\n\r\n<figure class=\"wp-block-table\"><table><tbody><tr><td>Reiseziele<\/td><td>Einweg-Preise<\/td><\/tr><tr><td><a href=\"https:\/\/comparemyjet.com\/de\/privatfuhrungen\/philadelphia-private-tours\/\" data-internallinksmanager029f6b8e52c=\"430\" title=\"11 beste Philadelphia Privatf\u00fchrungen von $245.00\">Philadelphia<\/a>&nbsp;<\/td><td>$1,956<\/td><\/tr><tr><td>Atlantic City&nbsp;<\/td><td>$2,019<\/td><\/tr><tr><td>Newport&nbsp;<\/td><td>$2,144<\/td><\/tr><tr><td><a href=\"https:\/\/comparemyjet.com\/de\/privat-jet-charter-nach-boston\/\" data-internallinksmanager029f6b8e52c=\"177\" title=\"Privatjet-Charter nach Boston\">Boston<\/a> - Bedford&nbsp;<\/td><td>$2,426<\/td><\/tr><tr><td>Martha's Vineyard&nbsp;<\/td><td>$2,489<\/td><\/tr><tr><td>Nantucket&nbsp;<\/td><td>$2,802<\/td><\/tr><tr><td>Provincetown&nbsp;<\/td><td>$2,834<\/td><\/tr><tr><td>Boston - Logan&nbsp;<\/td><td>$2,888<\/td><\/tr><tr><td>Burlington&nbsp;<\/td><td>$3,335<\/td><\/tr><\/tbody><\/table><\/figure>\r\n\r\n\r\n\r\n<p>Hopscotch bedient den Nordosten der Vereinigten Staaten, die mittelatlantische Region sowie Teile von Ontario und Quebec. Beliebte Ausflugsziele im Fr\u00fchling und Sommer sind:<\/p>\r\n\r\n\r\n\r\n<ul class=\"wp-block-list\"><li>Cape Cod,&nbsp;<\/li><li>Provincetown, Provincetown,&nbsp;<\/li><li>Martha's Vineyard,&nbsp;<\/li><li>East Hampton,&nbsp;<\/li><li>Burlington,&nbsp;<\/li><li><a href=\"https:\/\/comparemyjet.com\/de\/privatfuhrungen\/portland-private-tours\/\" data-internallinksmanager029f6b8e52c=\"432\" title=\"11 Beste Portland Private Touren von $48.00\">Portland<\/a>,&nbsp;<\/li><li>Block Island,&nbsp;<\/li><li>Great Barrington,&nbsp;<\/li><li>und Stowe.&nbsp;<\/li><\/ul>\r\n\r\n\r\n\r\n<p>Sie fliegen aber auch zu abgelegenen Orten im Hinterland von New York, Massachusetts, Pennsylvania und New <a href=\"https:\/\/comparemyjet.com\/de\/privat-jet-charter-nach-jersey\/\" data-internallinksmanager029f6b8e52c=\"176\" title=\"Privatjet-Charter nach Jersey\">Jersey<\/a>. Die Ziele in Neuengland geh\u00f6ren zu den beliebtesten Strecken von Hopscotch Air.<\/p>\r\n\r\n\r\n\r\n<p>Es gibt keine Garantie f\u00fcr die Verf\u00fcgbarkeit von Flugzeugen, und die Tarife h\u00e4ngen von der Strecke ab.<\/p>\r\n\r\n\r\n\r\n<h2 class=\"wp-block-heading\"><span class=\"ez-toc-section\" id=\"The_Fleet\"><\/span>Die Flotte&nbsp;<span class=\"ez-toc-section-end\"><\/span><\/h2>\r\n\r\n\r\n\r\n<figure class=\"wp-block-image size-full is-style-default\"><img loading=\"lazy\" decoding=\"async\" width=\"1000\" height=\"606\" src=\"https:\/\/comparemyjet.com\/wp-content\/uploads\/2022\/07\/cirrus.fleet_.jpg\" alt=\"\" class=\"wp-image-3173\" srcset=\"https:\/\/comparemyjet.com\/wp-content\/uploads\/2022\/07\/cirrus.fleet_-18x12.jpg 18w, https:\/\/comparemyjet.com\/wp-content\/uploads\/2022\/07\/cirrus.fleet_-300x182.jpg 300w, https:\/\/comparemyjet.com\/wp-content\/uploads\/2022\/07\/cirrus.fleet_-768x465.jpg 768w, https:\/\/comparemyjet.com\/wp-content\/uploads\/2022\/07\/cirrus.fleet_.jpg 1000w\" sizes=\"auto, (max-width: 1000px) 100vw, 1000px\" \/><\/figure>\r\n\r\n\r\n\r\n<p>Hopscotch Air ist ein Lufttaxiunternehmen, das eine Flotte von Cirrus SR-20\/22-Flugzeugen betreibt. Diese Flugzeuge k\u00f6nnen bis zu 800 Meilen fliegen, ohne zum Auftanken anzuhalten.&nbsp;<\/p>\r\n\r\n\r\n\r\n<p>Obwohl Fl\u00fcge mit einem einmotorigen Kolbenflugzeug l\u00e4nger dauern als Fl\u00fcge in einem D\u00fcsenflugzeug, k\u00f6nnen sie auf kleineren Flugh\u00e4fen mit k\u00fcrzeren Start- und Landebahnen landen und sind perfekt f\u00fcr eine Gruppe von drei Personen. Cirrus-Flugzeuge k\u00f6nnen Tausende von \u00f6ffentlichen Flugh\u00e4fen in der Region Nordost anfliegen.<\/p>\r\n\r\n\r\n\r\n<h3 class=\"wp-block-heading\"><span class=\"ez-toc-section\" id=\"1_Very_Light_Jets\"><\/span>1. Sehr leichte Jets<span class=\"ez-toc-section-end\"><\/span><\/h3>\r\n\r\n\r\n\r\n<p>Der Very Light Jet ist die kleinste und wirtschaftlichste Form eines Privatjets. Sie sind ideal f\u00fcr k\u00fcrzere Reisen \u00fcber kleine Entfernungen, mit einer Reichweite von etwa 2.000 Meilen und einer Stundengeschwindigkeit von mehr als 600 mph. Diese Flugzeuge sind ideal f\u00fcr regionale Reisen und bieten normalerweise Platz f\u00fcr 3 bis 6 Personen.<\/p>\r\n\r\n\r\n\r\n<h4 class=\"wp-block-heading\"><span class=\"ez-toc-section\" id=\"Our_Recommendation_The_Cirrus_SR20\"><\/span>Unsere Empfehlung: Der Cirrus SR20&nbsp;<span class=\"ez-toc-section-end\"><\/span><\/h4>\r\n\r\n\r\n\r\n<p>Cirrus Aircraft aus Duluth, Minnesota, stellt die Cirrus SR20 her, einen viersitzigen Eindecker aus Verbundwerkstoff, der von einem Kolbenmotor angetrieben wird.<\/p>\r\n\r\n\r\n\r\n<p>Die SR20 war das erste Flugzeug der allgemeinen Luftfahrt, das mit einem Fallschirm ausgestattet war, um in Notf\u00e4llen sicher landen zu k\u00f6nnen. Es ist auch das erste Leichtflugzeug, das vollst\u00e4ndig aus Verbundwerkstoffen gebaut wurde.<\/p>\r\n\r\n\r\n\r\n<p>Spezifikationen und Leistung des Cirrus SR20:<\/p>\r\n\r\n\r\n\r\n<ul class=\"wp-block-list\"><li>Passagiere: 3;<\/li><li>\u00c4u\u00dfere H\u00f6he: 8 ft 11 in;<\/li><li>Au\u00dfenl\u00e4nge: 26 ft;<\/li><li>Kabinenbreite: 4 ft 1 in;<\/li><li>Kabinenh\u00f6he: 4 ft 2 in;<\/li><li>Kabinenl\u00e4nge: 10 ft 10 in;<\/li><li>Steiggeschwindigkeit: 920 fpm;<\/li><li>Normale Reisegeschwindigkeit: 155 kts;<\/li><li>H\u00f6chstgeschwindigkeit: 155 kts;<\/li><li>Maximale Reichweite: 785 nm;<\/li><li>Kraftstoffkapazit\u00e4t: 336 lbs lb;<\/li><li>Maximale Nutzlast: 720 lb;<\/li><li>Besatzung: 1.<\/li><\/ul>\r\n\r\n\r\n\r\n<h4 class=\"wp-block-heading\"><span class=\"ez-toc-section\" id=\"Our_Recommendation_The_Cirrus_SR22\"><\/span>Unsere Empfehlung: Die Cirrus SR22<span class=\"ez-toc-section-end\"><\/span><\/h4>\r\n\r\n\r\n\r\n<p>Die Cirrus SR22 wurde mit gr\u00f6\u00dfter Sorgfalt entwickelt, um Ihnen das beste Flugerlebnis zu bieten. Sie bietet ausgefeilte technische Innovation, berauschende Leistung und ein unvergleichliches Flair. Der ger\u00e4umige Innenraum der SR22, der viel Beinfreiheit f\u00fcr die Passagiere bietet, ist eine ihrer st\u00e4rksten Eigenschaften.<\/p>\r\n\r\n\r\n\r\n<p>Spezifikationen und Leistung der Cirrus SR22:<\/p>\r\n\r\n\r\n\r\n<ul class=\"wp-block-list\"><li>Passagiere: 4;<\/li><li>\u00c4u\u00dfere H\u00f6he: 8 ft 11 in;<\/li><li>Fl\u00fcgelspannweite: 38 ft 4 in;<\/li><li>Au\u00dfenl\u00e4nge: 26 ft;<\/li><li>Kabinenvolumen: 137 cu ft;<\/li><li>Kabinenbreite: 4 ft 1 in;<\/li><li>Kabinenh\u00f6he: 4 ft 2 in;<\/li><li>Kabinenl\u00e4nge: 8 ft;<\/li><li>Internes Reisegep\u00e4ck: 32 cu ft;<\/li><li>Kraftstoffkapazit\u00e4t: 486 lbs lb;<\/li><li>Maximale Nutzlast: 950 lb;<\/li><li>H\u00f6chstgeschwindigkeit: 186 kts;<\/li><li>Flugbereich: 659 nm - 1100 nm;<\/li><li>Landestrecke: 4005 ft;<\/li><li>Steiggeschwindigkeit: 1400 fpm;<\/li><li>Besatzung: 1.<\/li><\/ul>\r\n\r\n\r\n\r\n<h2 class=\"wp-block-heading\"><span class=\"ez-toc-section\" id=\"Company_Safety_Policy_and_Standards\"><\/span>Sicherheitspolitik und -standards des Unternehmens&nbsp;<span class=\"ez-toc-section-end\"><\/span><\/h2>\r\n\r\n\r\n\r\n<figure class=\"wp-block-image size-full is-style-default\"><img loading=\"lazy\" decoding=\"async\" width=\"1000\" height=\"662\" src=\"https:\/\/comparemyjet.com\/wp-content\/uploads\/2022\/07\/pilot.greeting.young_.couple-1.jpg\" alt=\"Himmel-und-H\u00f6lle-Luft\" class=\"wp-image-3176\" srcset=\"https:\/\/comparemyjet.com\/wp-content\/uploads\/2022\/07\/pilot.greeting.young_.couple-1-18x12.jpg 18w, https:\/\/comparemyjet.com\/wp-content\/uploads\/2022\/07\/pilot.greeting.young_.couple-1-300x199.jpg 300w, https:\/\/comparemyjet.com\/wp-content\/uploads\/2022\/07\/pilot.greeting.young_.couple-1-768x508.jpg 768w, https:\/\/comparemyjet.com\/wp-content\/uploads\/2022\/07\/pilot.greeting.young_.couple-1.jpg 1000w\" sizes=\"auto, (max-width: 1000px) 100vw, 1000px\" \/><\/figure>\r\n\r\n\r\n\r\n<p>Das hochentwickelte Kampfdeck und der Autopilot der SR 22\/20 erm\u00f6glichen das Fliegen mit nur einem Piloten, aber die Jets werden mit einem Full-Plane-Notfallschirm ausgeliefert, der nach Angaben des Unternehmens ein wichtiges Verkaufsargument f\u00fcr die Kunden ist.<\/p>\r\n\r\n\r\n\r\n<p>SR 20\/22 sind auch <a href=\"https:\/\/www.faa.gov\/about\/office_org\/headquarters_offices\/ato\/service_units\/techops\/navservices\/gnss\/waas\" target=\"_blank\" rel=\"noopener\">WAAS (Wide Area Augmentation System)<\/a>), die f\u00fcr den Flug unter schwierigen Vereisungsbedingungen geeignet und zertifiziert sind. Dar\u00fcber hinaus sind die Jets mit WAAS ausgestattet, einem bodengest\u00fctzten\/GPS-Kombisystem, das es den Flugzeugen erm\u00f6glicht, pr\u00e4zise Landungen auf Flugh\u00e4fen durchzuf\u00fchren, auf denen ein <a href=\"https:\/\/skybrary.aero\/articles\/instrument-landing-system-ils\" target=\"_blank\" rel=\"noopener\">ILS<\/a> nicht vorhanden oder nicht betriebsbereit ist.<\/p>\r\n\r\n\r\n\r\n<p>Nassau Flyers, eine nahe gelegene, vom Cirrus-Werk autorisierte Reparaturwerkstatt, f\u00fchrt alle Modifikationen und andere strukturelle und motorische Wartungsarbeiten am Boden durch.<\/p>\r\n\r\n\r\n\r\n<h2 class=\"wp-block-heading\"><span class=\"ez-toc-section\" id=\"Partnerships\"><\/span>Partnerschaften<span class=\"ez-toc-section-end\"><\/span><\/h2>\r\n\r\n\r\n\r\n<p>Hopscotch und Linear Air haben sich zusammengetan, um den einzigen Nonstop-Linienflug zwischen White Plains und dem Gro\u00dfraum Boston anzubieten.<\/p>\r\n\r\n\r\n\r\n<p>\u00c4hnlich wie Hopscotch betreibt Linear Air auch Eclipse VLJs (Very Light Jets). Gemeinsam bieten die beiden Unternehmen den Verbrauchern eine Vielzahl von Geschwindigkeits- und Reichweitenoptionen f\u00fcr Lufttaxis auf Abruf.<\/p>\r\n\r\n\r\n\r\n<h2 class=\"wp-block-heading\"><span class=\"ez-toc-section\" id=\"Conclusion\"><\/span>Schlussfolgerung<span class=\"ez-toc-section-end\"><\/span><\/h2>\r\n\r\n\r\n\r\n<p>Unter der Marke ClubScotch bietet Hopscotch Air ein Mitgliedschaftsprogramm f\u00fcr einmotorige Kolbenflugzeuge des Typs Cirrus SR22 und SR20 im gesamten Nordosten und im mittleren Atlantik mit festen Streckenpreisen an. Jedes Flugzeug bietet Platz f\u00fcr bis zu vier Reisende.<\/p>\r\n\r\n\r\n\r\n<p>Aufgrund der steigenden Kundenzahl plant das Unternehmen die Einf\u00fchrung einer neuen Flotte von Turboprop-Flugzeugen mit acht Sitzen, um die Kapazit\u00e4t zu erh\u00f6hen, w\u00e4hrend es bereits mit der Transcend Air Corporation einen Vertrag \u00fcber den Kauf des preisgekr\u00f6nten Senkrechtstarters Vy 400 unterzeichnet hat. Diese Flugzeuge werden f\u00fcr den Ausbau von Strecken au\u00dferhalb von Flugh\u00e4fen eingesetzt.&nbsp;<\/p>\r\n\r\n\r\n\r\n<p>Im Gegensatz zu typischen Charterunternehmen berechnet Hopscotch keine Stunden- oder Treibstoffkosten. Zum Zeitpunkt der Buchung wird ein einheitlicher, fester Preis angegeben.&nbsp;<\/p>","protected":false},"excerpt":{"rendered":"<p>Hopscotch Air ist ein modernes Lufttaxi-Unternehmen, das Passagiere mit kleinen, aber technologisch hoch entwickelten Cirrus-Flugzeugen durch den Nordosten, den mittleren Atlantik und Kanada fliegt. Das Unternehmen wurde 2009 zertifiziert und fliegt nun j\u00e4hrlich etwa 1400 Fl\u00fcge zu einem Bruchteil der Kosten von regul\u00e4ren Charterfl\u00fcgen, vor allem aufgrund der g\u00fcnstigeren Wirtschaftlichkeit ...<\/p>","protected":false},"author":2,"featured_media":3175,"parent":0,"menu_order":0,"comment_status":"closed","ping_status":"closed","template":"","meta":{"_acf_changed":false,"_genesis_hide_title":false,"_genesis_hide_breadcrumbs":false,"_genesis_hide_singular_image":false,"_genesis_hide_footer_widgets":false,"_genesis_custom_body_class":"","_genesis_custom_post_class":"","_genesis_layout":"","footnotes":""},"class_list":{"1":"page","2":"type-page","6":"entry"},"acf":[],"_links":{"self":[{"href":"https:\/\/comparemyjet.com\/de\/wp-json\/wp\/v2\/pages\/3172","targetHints":{"allow":["GET"]}}],"collection":[{"href":"https:\/\/comparemyjet.com\/de\/wp-json\/wp\/v2\/pages"}],"about":[{"href":"https:\/\/comparemyjet.com\/de\/wp-json\/wp\/v2\/types\/page"}],"author":[{"embeddable":true,"href":"https:\/\/comparemyjet.com\/de\/wp-json\/wp\/v2\/users\/2"}],"replies":[{"embeddable":true,"href":"https:\/\/comparemyjet.com\/de\/wp-json\/wp\/v2\/comments?post=3172"}],"version-history":[{"count":2,"href":"https:\/\/comparemyjet.com\/de\/wp-json\/wp\/v2\/pages\/3172\/revisions"}],"predecessor-version":[{"id":3451,"href":"https:\/\/comparemyjet.com\/de\/wp-json\/wp\/v2\/pages\/3172\/revisions\/3451"}],"wp:featuredmedia":[{"embeddable":true,"href":"https:\/\/comparemyjet.com\/de\/wp-json\/wp\/v2\/media\/3175"}],"wp:attachment":[{"href":"https:\/\/comparemyjet.com\/de\/wp-json\/wp\/v2\/media?parent=3172"}],"curies":[{"name":"wp","href":"https:\/\/api.w.org\/{rel}","templated":true}]}}