{"id":3182,"date":"2022-08-04T21:07:59","date_gmt":"2022-08-04T21:07:59","guid":{"rendered":"https:\/\/comparemyjet.com\/?page_id=3182"},"modified":"2025-09-04T09:58:20","modified_gmt":"2025-09-04T09:58:20","slug":"fxair","status":"publish","type":"page","link":"https:\/\/comparemyjet.com\/de\/fxair\/","title":{"rendered":"FXAIR Flugpreise"},"content":{"rendered":"<p>FXAIR ist ein relativ neues privates Charterunternehmen, das seinen Betrieb im Jahr 2020 aufnahm. Seitdem ist das Unternehmen exponentiell gewachsen, was zum Teil auf die zunehmende Beliebtheit privater Flugreisen aufgrund der COVID-19-Pandemie zur\u00fcckzuf\u00fchren ist.<\/p>\r\n\r\n\r\n\r\n<p>FXAIR ist Teil der von Ken Ricci gegr\u00fcndeten Directional Aviation Unternehmensfamilie, zu der folgende Unternehmen geh\u00f6ren <a href=\"https:\/\/comparemyjet.com\/de\/flexjet\/\" data-internallinksmanager029f6b8e52c=\"187\" title=\"Flexjet Fractional Jet Ownership\">Flexjet<\/a>, <a href=\"https:\/\/comparemyjet.com\/de\/sentient-jet\/\" data-internallinksmanager029f6b8e52c=\"106\" title=\"Sentient Jet Flugpreise\">Sentient Jet<\/a>, <a href=\"https:\/\/comparemyjet.com\/de\/privatefly\/\" data-internallinksmanager029f6b8e52c=\"115\" title=\"PrivateFly Flugpreisgestaltung\">PrivatFly<\/a>, Tivoli und FXAIR sowie Nextant Aerospace (Jet-Hersteller) und Sojourn Aviation (Jet-Verkaufsfirma). Das Unternehmen bietet ein Charter-Mitgliedschaftsprogramm und das Leasing von Privatjets auf Abruf an. Werfen wir einen Blick auf diese Dienstleistungen im Detail, aber zun\u00e4chst ein Wort \u00fcber das Unternehmen selbst.<\/p>\r\n\r\n\r\n\r\n<div id=\"ez-toc-container\" class=\"ez-toc-v2_0_76 counter-hierarchy ez-toc-counter ez-toc-grey ez-toc-container-direction\">\n<p class=\"ez-toc-title\" style=\"cursor:inherit\">Themen<\/p>\n<label for=\"ez-toc-cssicon-toggle-item-69de7ce48c8d1\" class=\"ez-toc-cssicon-toggle-label\"><span class=\"\"><span class=\"eztoc-hide\" style=\"display:none;\">Umschalten auf<\/span><span class=\"ez-toc-icon-toggle-span\"><svg style=\"fill: #999;color:#999\" xmlns=\"http:\/\/www.w3.org\/2000\/svg\" class=\"list-377408\" width=\"20px\" height=\"20px\" viewbox=\"0 0 24 24\" fill=\"none\"><path d=\"M6 6H4v2h2V6zm14 0H8v2h12V6zM4 11h2v2H4v-2zm16 0H8v2h12v-2zM4 16h2v2H4v-2zm16 0H8v2h12v-2z\" fill=\"currentColor\"><\/path><\/svg><svg style=\"fill: #999;color:#999\" class=\"arrow-unsorted-368013\" xmlns=\"http:\/\/www.w3.org\/2000\/svg\" width=\"10px\" height=\"10px\" viewbox=\"0 0 24 24\" version=\"1.2\" baseprofile=\"tiny\"><path d=\"M18.2 9.3l-6.2-6.3-6.2 6.3c-.2.2-.3.4-.3.7s.1.5.3.7c.2.2.4.3.7.3h11c.3 0 .5-.1.7-.3.2-.2.3-.5.3-.7s-.1-.5-.3-.7zM5.8 14.7l6.2 6.3 6.2-6.3c.2-.2.3-.5.3-.7s-.1-.5-.3-.7c-.2-.2-.4-.3-.7-.3h-11c-.3 0-.5.1-.7.3-.2.2-.3.5-.3.7s.1.5.3.7z\"\/><\/svg><\/span><\/span><\/label><input type=\"checkbox\"  id=\"ez-toc-cssicon-toggle-item-69de7ce48c8d1\" checked aria-label=\"Umschalten auf\" \/><nav><ul class='ez-toc-list ez-toc-list-level-1' ><li class='ez-toc-page-1 ez-toc-heading-level-2'><a class=\"ez-toc-link ez-toc-heading-1\" href=\"https:\/\/comparemyjet.com\/de\/fxair\/#About_the_Company\" >\u00dcber das Unternehmen<\/a><\/li><li class='ez-toc-page-1 ez-toc-heading-level-2'><a class=\"ez-toc-link ez-toc-heading-2\" href=\"https:\/\/comparemyjet.com\/de\/fxair\/#Company_Membership_Program\" >Firmenmitgliedschaftsprogramm<\/a><\/li><li class='ez-toc-page-1 ez-toc-heading-level-2'><a class=\"ez-toc-link ez-toc-heading-3\" href=\"https:\/\/comparemyjet.com\/de\/fxair\/#On-Demand_Charter_Flight\" >On-Demand-Charterflug<\/a><\/li><li class='ez-toc-page-1 ez-toc-heading-level-2'><a class=\"ez-toc-link ez-toc-heading-4\" href=\"https:\/\/comparemyjet.com\/de\/fxair\/#The_Fleet\" >Die Flotte&nbsp;<\/a><ul class='ez-toc-list-level-3' ><li class='ez-toc-heading-level-3'><a class=\"ez-toc-link ez-toc-heading-5\" href=\"https:\/\/comparemyjet.com\/de\/fxair\/#1_Light_Private_Jets\" >1. Leichte Privatjets<\/a><ul class='ez-toc-list-level-4' ><li class='ez-toc-heading-level-4'><a class=\"ez-toc-link ez-toc-heading-6\" href=\"https:\/\/comparemyjet.com\/de\/fxair\/#Our_Recommendation_The_Nextant_400XT\" >Unsere Empfehlung: Der Nextant 400XT<\/a><\/li><\/ul><\/li><li class='ez-toc-page-1 ez-toc-heading-level-3'><a class=\"ez-toc-link ez-toc-heading-7\" href=\"https:\/\/comparemyjet.com\/de\/fxair\/#2_Midsize_Private_Jets\" >2. Private Jets mittlerer Gr\u00f6\u00dfe<\/a><ul class='ez-toc-list-level-4' ><li class='ez-toc-heading-level-4'><a class=\"ez-toc-link ez-toc-heading-8\" href=\"https:\/\/comparemyjet.com\/de\/fxair\/#Our_Recommendation_The_Citation_Excel\" >Unsere Empfehlung: Die Citation Excel<\/a><\/li><\/ul><\/li><li class='ez-toc-page-1 ez-toc-heading-level-3'><a class=\"ez-toc-link ez-toc-heading-9\" href=\"https:\/\/comparemyjet.com\/de\/fxair\/#3_Super-Midsize_Private_Jets\" >3. Super-Mittelgro\u00dfe Privatjets&nbsp;<\/a><ul class='ez-toc-list-level-4' ><li class='ez-toc-heading-level-4'><a class=\"ez-toc-link ez-toc-heading-10\" href=\"https:\/\/comparemyjet.com\/de\/fxair\/#Our_Recommendation_The_Falcon_50\" >Unsere Empfehlung: Der Falcon 50&nbsp;<\/a><\/li><\/ul><\/li><li class='ez-toc-page-1 ez-toc-heading-level-3'><a class=\"ez-toc-link ez-toc-heading-11\" href=\"https:\/\/comparemyjet.com\/de\/fxair\/#4_Large_Private_Jets\" >4. Gro\u00dfe Privatjets<\/a><ul class='ez-toc-list-level-4' ><li class='ez-toc-heading-level-4'><a class=\"ez-toc-link ez-toc-heading-12\" href=\"https:\/\/comparemyjet.com\/de\/fxair\/#Our_Recommendation_The_Gulfstream_GIV\" >Unsere Empfehlung: Die Gulfstream GIV<\/a><\/li><\/ul><\/li><li class='ez-toc-page-1 ez-toc-heading-level-3'><a class=\"ez-toc-link ez-toc-heading-13\" href=\"https:\/\/comparemyjet.com\/de\/fxair\/#5_Ultra-Long-Range_Private_Jets\" >5. Ultra-Langstrecken-Privatjets<\/a><ul class='ez-toc-list-level-4' ><li class='ez-toc-heading-level-4'><a class=\"ez-toc-link ez-toc-heading-14\" href=\"https:\/\/comparemyjet.com\/de\/fxair\/#Our_Recommendation_Gulfstream_GV\" >Unsere Empfehlung: Gulfstream GV<\/a><\/li><\/ul><\/li><\/ul><\/li><li class='ez-toc-page-1 ez-toc-heading-level-2'><a class=\"ez-toc-link ez-toc-heading-15\" href=\"https:\/\/comparemyjet.com\/de\/fxair\/#Company_Safety_Policy_and_Standards\" >Sicherheitspolitik und -standards des Unternehmens<\/a><\/li><li class='ez-toc-page-1 ez-toc-heading-level-2'><a class=\"ez-toc-link ez-toc-heading-16\" href=\"https:\/\/comparemyjet.com\/de\/fxair\/#Conclusion\" >Schlussfolgerung<\/a><\/li><\/ul><\/nav><\/div>\n<h2 class=\"wp-block-heading\"><span class=\"ez-toc-section\" id=\"About_the_Company\"><\/span>\u00dcber das Unternehmen<span class=\"ez-toc-section-end\"><\/span><\/h2>\r\n\r\n\r\n\r\n<p>FXAIR ist eine neu gegr\u00fcndete Firma im Besitz von Directional Aviation, mit Andrew Collins als CEO und Gregg Slow als Pr\u00e4sident, mit Hauptsitz in <a href=\"https:\/\/comparemyjet.com\/de\/privatfuhrungen\/new-york-city-privatfuhrungen\/\" data-internallinksmanager029f6b8e52c=\"427\" title=\"11 beste private Touren durch New York City ab $48.00\">New York City<\/a>.&nbsp;<\/p>\r\n\r\n\r\n\r\n<p>FXAIR verf\u00fcgt nicht \u00fcber eine eigene Flotte und nutzt stattdessen die Flotte von Flexjet und anderen Drittanbietern. \u00dcber das Aviator-Programm gew\u00e4hrt FXAIR seinen Kunden bevorzugten Zugang zu den gew\u00fcnschten Flugzeugen - auch an Tagen mit hoher Nachfrage. Die Flugzeuge im FXAIR System werden von Unternehmen zur Verf\u00fcgung gestellt, die sich an die h\u00f6chsten Sicherheitsanforderungen halten, die h\u00e4ufig \u00fcber das hinausgehen, was die Kunden erwarten. <a href=\"https:\/\/www.faa.gov\/\" target=\"_blank\" rel=\"noopener\">FAA<\/a> Leitlinien.<\/p>\r\n\r\n\r\n\r\n<h2 class=\"wp-block-heading\"><span class=\"ez-toc-section\" id=\"Company_Membership_Program\"><\/span>Firmenmitgliedschaftsprogramm<span class=\"ez-toc-section-end\"><\/span><\/h2>\r\n\r\n\r\n\r\n<p>Das Einstiegsprogramm von FXAIR, das Aviator-Konto, erm\u00f6glicht Ihnen einen bevorzugten Zugang zu den Flexjet-Flugzeugen der zweiten Generation. Dar\u00fcber hinaus k\u00f6nnen Sie einige besondere Anreize und Angebote in Anspruch nehmen, die exklusiv f\u00fcr Vielflieger entwickelt wurden, wie z. B. die bevorzugte Buchung an stark frequentierten Reisetagen.&nbsp;<\/p>\r\n\r\n\r\n\r\n<p>Um dieses Mitgliedschaftsprogramm zu aktivieren, ist eine Mindestinvestition von $100.000 erforderlich. Als Mitglied erhalten Sie kostenlose Verpflegung und kostenloses lokales Wi-Fi sowie kostenlose Enteisung und kostenlose Upgrades, sofern verf\u00fcgbar. Wenn Sie mindestens eine Woche im Voraus buchen, k\u00f6nnen Sie f\u00fcr einen Festpreis von $32.000 quer durch die Vereinigten Staaten in einem Flugzeug der Super-Mittelklasse fliegen. Ihr Kontostand hat kein Verfallsdatum, und Sie k\u00f6nnen sich die Mitgliedsbeitr\u00e4ge erstatten lassen.<\/p>\r\n\r\n\r\n\r\n<h2 class=\"wp-block-heading\"><span class=\"ez-toc-section\" id=\"On-Demand_Charter_Flight\"><\/span>On-Demand-Charterflug<span class=\"ez-toc-section-end\"><\/span><\/h2>\r\n\r\n\r\n\r\n<p>Der On-Demand-Charterdienst bietet eine breite Palette von Privatjets, darunter leichte, mittlere, super-mittlere, schwere und Ultra-Langstrecken-Jets. FXAIR erm\u00f6glicht Ihnen den Zugang zu Flexjet-Flugzeugen der zweiten Generation (ausgemustert), die nur \u00fcber FXAIR gemietet werden k\u00f6nnen, aber von Flexjet gewartet und betrieben werden.&nbsp;<\/p>\r\n\r\n\r\n\r\n<p>FXAIR bietet au\u00dferdem Zugang zu \u00fcber 1.200 Flugzeugen von angesehenen und zuverl\u00e4ssigen Fluggesellschaften.&nbsp;<\/p>\r\n\r\n\r\n\r\n<h2 class=\"wp-block-heading\"><span class=\"ez-toc-section\" id=\"The_Fleet\"><\/span>Die Flotte&nbsp;<span class=\"ez-toc-section-end\"><\/span><\/h2>\r\n\r\n\r\n\r\n<figure class=\"wp-block-image size-full is-style-default\"><img loading=\"lazy\" decoding=\"async\" width=\"1000\" height=\"664\" src=\"https:\/\/comparemyjet.com\/wp-content\/uploads\/2022\/08\/airplane.in_.clouds.jpg\" alt=\"\" class=\"wp-image-3185\" srcset=\"https:\/\/comparemyjet.com\/wp-content\/uploads\/2022\/08\/airplane.in_.clouds-18x12.jpg 18w, https:\/\/comparemyjet.com\/wp-content\/uploads\/2022\/08\/airplane.in_.clouds-300x199.jpg 300w, https:\/\/comparemyjet.com\/wp-content\/uploads\/2022\/08\/airplane.in_.clouds-768x510.jpg 768w, https:\/\/comparemyjet.com\/wp-content\/uploads\/2022\/08\/airplane.in_.clouds.jpg 1000w\" sizes=\"auto, (max-width: 1000px) 100vw, 1000px\" \/><\/figure>\r\n\r\n\r\n\r\n<p>Ihre Flotte besteht aus ausgemusterten Flexjet-Jets und umfasst auch den Nextant 400XTi, der von Nextant Aerospace, einem weiteren Directional-Unternehmen, \u00fcberholt wurde. <a href=\"https:\/\/comparemyjet.com\/de\/\/\" data-internallinksmanager029f6b8e52c=\"159\" title=\"Ultimativer Leitfaden f\u00fcr Bombardier Privatjets und Flugzeuge\">Bombardier<\/a> Challenger 300 und f\u00fcnf Global Express Flugzeuge.&nbsp;<\/p>\r\n\r\n\r\n\r\n<h3 class=\"wp-block-heading\"><span class=\"ez-toc-section\" id=\"1_Light_Private_Jets\"><\/span>1. Leichte Privatjets<span class=\"ez-toc-section-end\"><\/span><\/h3>\r\n\r\n\r\n\r\n<p>Dieser Flugzeugtyp ist ideal f\u00fcr kurze Inlandsreisen mit nicht mehr als sieben Passagieren. Light Jets sind schnell und effektiv, wenn Sie zu lokalen Flugh\u00e4fen reisen. Au\u00dferdem k\u00f6nnen sie problemlos an schwer zug\u00e4nglichen Orten wie Berggipfeln oder kleinen Landebahnen landen.<\/p>\r\n\r\n\r\n\r\n<h4 class=\"wp-block-heading\"><span class=\"ez-toc-section\" id=\"Our_Recommendation_The_Nextant_400XT\"><\/span>Unsere Empfehlung: Der Nextant 400XT<span class=\"ez-toc-section-end\"><\/span><\/h4>\r\n\r\n\r\n\r\n<p>Der Nextant 400XT ist einer der schnellsten Jets, schneller als jeder andere Jet in seiner Klasse. Das ergonomische Design der Kabine maximiert den Raum und die Leistung, um den Komfort der Passagiere zu erh\u00f6hen, und der Jet selbst ist gut ausgestattet und einfach zu bedienen.<\/p>\r\n\r\n\r\n\r\n<p>Spezifikationen:<\/p>\r\n\r\n\r\n\r\n<ul class=\"wp-block-list\"><li>Passagiere: 6-7;<\/li><li>Kabinenh\u00f6he: 4 ft 9 in;<\/li><li>Kabinenl\u00e4nge: 15 ft 6 in;<\/li><li>Kabinenbreite: 4 ft 11 in;<\/li><li>Maximale Reichweite: 2005 nm;<\/li><li>H\u00f6chstgeschwindigkeit: 471 kts;<\/li><li>Internes Reisegep\u00e4ck: 31 cu ft;<\/li><li>Externes Gep\u00e4ck: 25 cu ft.<\/li><\/ul>\r\n\r\n\r\n\r\n<p>FXAIR bietet au\u00dferdem <em>Citation CJ3, Citation V, Hawker 400XP, <a href=\"https:\/\/comparemyjet.com\/de\/learjet\/\" data-internallinksmanager029f6b8e52c=\"149\" title=\"Ultimativer Leitfaden f\u00fcr Learjet Privatjets &amp; Flugzeuge\">Learjet<\/a> 45, und Phenom 300 <\/em>in der leichten Kategorie der Jets.<\/p>\r\n\r\n\r\n\r\n<h3 class=\"wp-block-heading\"><span class=\"ez-toc-section\" id=\"2_Midsize_Private_Jets\"><\/span>2. Private Jets mittlerer Gr\u00f6\u00dfe<span class=\"ez-toc-section-end\"><\/span><\/h3>\r\n\r\n\r\n\r\n<p>Flugzeuge mittlerer Gr\u00f6\u00dfe sind ideal f\u00fcr l\u00e4ngere Privat- oder Gesch\u00e4ftsreisen, da sie mehr Reichweite und Komfort bieten. Mit Merkmalen wie einem gro\u00dfen Gep\u00e4ckraum und einer gr\u00f6\u00dferen Kabinenh\u00f6he sind diese Jets ideal f\u00fcr Reisen, die mehr Ausdauer erfordern.&nbsp;<\/p>\r\n\r\n\r\n\r\n<h4 class=\"wp-block-heading\"><span class=\"ez-toc-section\" id=\"Our_Recommendation_The_Citation_Excel\"><\/span>Unsere Empfehlung: Die Citation Excel<span class=\"ez-toc-section-end\"><\/span><\/h4>\r\n\r\n\r\n\r\n<p>Die Citation Excel dient als Standardmodell f\u00fcr alle anderen Flugzeuge der Mittelklasse. Sie hat eine gro\u00dfe Kabine mit viel Gep\u00e4ckraum. Aufgrund ihres Komforts, ihrer Effizienz und ihrer Langlebigkeit ist sie das bevorzugte Flugzeug f\u00fcr Mittelstreckenfl\u00fcge. Er ist eine gute Wahl f\u00fcr Gesch\u00e4ftsreisende, da er wie ein himmelhoher Konferenzraum funktioniert.<\/p>\r\n\r\n\r\n\r\n<p>Spezifikationen:<\/p>\r\n\r\n\r\n\r\n<ul class=\"wp-block-list\"><li>Passagiere: 8;<\/li><li>Gep\u00e4ckkapazit\u00e4t: 90 cu ft;<\/li><li>Kabinenbreite: 5 ft 5 in;<\/li><li>Kabinenh\u00f6he: 5 ft 7 in;<\/li><li>Kabinenl\u00e4nge: 18 ft 6 in;<\/li><li>Flugdauer: bis zu 4,5 Stunden;<\/li><li>Reisegeschwindigkeit: 487 mph.<\/li><\/ul>\r\n\r\n\r\n\r\n<p>In der FXAIR-Flotte finden Sie auch <em>Hawker 800\/850\/900XP, und Learjet 55\/60 <\/em>als Teil der Kategorie der mittelgro\u00dfen Jets.<\/p>\r\n\r\n\r\n\r\n<h3 class=\"wp-block-heading\"><span class=\"ez-toc-section\" id=\"3_Super-Midsize_Private_Jets\"><\/span>3. Super-Mittelgro\u00dfe Privatjets&nbsp;<span class=\"ez-toc-section-end\"><\/span><\/h3>\r\n\r\n\r\n\r\n<p>Super-Midsize-Jets vereinen Komfort und \u00c4sthetik. Wenn Sie mit einer gr\u00f6\u00dferen Gruppe fliegen oder \u00fcber Land reisen, ist dies die perfekte Flugzeugklasse.<\/p>\r\n\r\n\r\n\r\n<h4 class=\"wp-block-heading\"><span class=\"ez-toc-section\" id=\"Our_Recommendation_The_Falcon_50\"><\/span>Unsere Empfehlung: Der Falcon 50&nbsp;<span class=\"ez-toc-section-end\"><\/span><\/h4>\r\n\r\n\r\n\r\n<p>Mit ihrer ger\u00e4umigen Kabine, der edlen Lederausstattung und der kompletten Mikrok\u00fcche hat die Falcon 50 die Reichweite und Eleganz eines viel gr\u00f6\u00dferen Jets und bietet Reisegenuss und Luxus. Die Falcon50EX ist ein gro\u00dfes Flugzeug, das sich f\u00fcr Reisen der Mittelklasse eignet, bei denen Sie mehr Gep\u00e4ck mitnehmen m\u00fcssen.<\/p>\r\n\r\n\r\n\r\n<p>Spezifikationen:<\/p>\r\n\r\n\r\n\r\n<ul class=\"wp-block-list\"><li>Passagiere: 9;<\/li><li>Gep\u00e4ckkapazit\u00e4t: 115 cu ft;<\/li><li>Kabinenl\u00e4nge: 23 ft 5 in;<\/li><li>Kabinenbreite: 6 ft 1 in;<\/li><li>Kabinenh\u00f6he: 5 ft 9 in;<\/li><li>Maximale Reisegeschwindigkeit: 478 mph;<\/li><li>Flugreichweite: 5+ Stunden.<\/li><\/ul>\r\n\r\n\r\n\r\n<p>In der FXAIR-Flotte der Super-Midsize-Jets finden Sie auch <em>Challenger 300\/350, Citation Sovereign, Citation X, und <a href=\"https:\/\/comparemyjet.com\/de\/gulfstream\/\" data-internallinksmanager029f6b8e52c=\"175\" title=\"Ultimativer Leitfaden f\u00fcr Gulfstream Privatjets und Flugzeuge\">Gulfstream<\/a> G200<\/em>.<\/p>\r\n\r\n\r\n\r\n<h3 class=\"wp-block-heading\"><span class=\"ez-toc-section\" id=\"4_Large_Private_Jets\"><\/span>4. Gro\u00dfe Privatjets<span class=\"ez-toc-section-end\"><\/span><\/h3>\r\n\r\n\r\n\r\n<p>Gro\u00dfe Jets bieten das beste Flugerlebnis in einem Privatjet f\u00fcr Interkontinentalfl\u00fcge. Sie k\u00f6nnen gr\u00f6\u00dfere Gruppen transportieren, da sie gen\u00fcgend Platz und Komfort f\u00fcr bis zu 15 Personen bieten.<\/p>\r\n\r\n\r\n\r\n<h4 class=\"wp-block-heading\"><span class=\"ez-toc-section\" id=\"Our_Recommendation_The_Gulfstream_GIV\"><\/span>Unsere Empfehlung: Die Gulfstream GIV<span class=\"ez-toc-section-end\"><\/span><\/h4>\r\n\r\n\r\n\r\n<p>Die Raffinesse, der Luxus und die Sicherheit von Gulfstream-Jets sind bekannt, und so ist es nicht verwunderlich, dass sich der GIV einen Ruf als erstklassiger nationaler und internationaler Gesch\u00e4ftsjet erworben hat. Einzeln verstellbare St\u00fchle, ein Besprechungstisch f\u00fcr vier Personen und ein bequemes Sofa sind inbegriffen. In der Kabine gibt es bequeme Betten f\u00fcr bis zu sechs Personen.&nbsp;<\/p>\r\n\r\n\r\n\r\n<p>Spezifikationen:<\/p>\r\n\r\n\r\n\r\n<ul class=\"wp-block-list\"><li>Passagiere: 14 Sitzpl\u00e4tze\/6 Betten;<\/li><li>Flugreichweite: 3.880 nm;<\/li><li>Gep\u00e4ckraum: 169 cu ft;<\/li><li>Kabinenbreite: 7 ft 3 in;<\/li><li>Kabinenl\u00e4nge: 45 ft 1 in;<\/li><li>Kabinenh\u00f6he: 6 ft 2 in;<\/li><li>Reisegeschwindigkeit: 548 mph.<\/li><\/ul>\r\n\r\n\r\n\r\n<p>In der FXAIR-Flotte von Gro\u00dfflugzeugen finden Sie auch <em>Challenger 601\/604, Falcon 900EX, Falcon 2000EX und Gulfstream G450<\/em>.<\/p>\r\n\r\n\r\n\r\n<h3 class=\"wp-block-heading\"><span class=\"ez-toc-section\" id=\"5_Ultra-Long-Range_Private_Jets\"><\/span>5. Ultra-Langstrecken-Privatjets<span class=\"ez-toc-section-end\"><\/span><\/h3>\r\n\r\n\r\n\r\n<p>Ein Ultralangstreckenflugzeug ist die beste Alternative, wenn Sie lange Strecken im Scho\u00df des Luxus zur\u00fccklegen m\u00f6chten. F\u00fcr weltweite Fl\u00fcge gibt es nichts Besseres als ein Flugzeug mit extrem gro\u00dfer Reichweite. Dies ist die richtige Wahl, wenn Sie eine \u00dcberseereise planen, bei der Reichweite, Leistung und Komfort gefragt sind, vor allem, wenn Sie mit einer gr\u00f6\u00dferen Gruppe reisen, denn diese Flugzeuge k\u00f6nnen problemlos 13 oder mehr Passagiere aufnehmen. Diese Flugzeuge verf\u00fcgen \u00fcber Annehmlichkeiten wie eine komplette K\u00fcche, Fernseher, Kingsize-Betten, Toiletten und getrennte Bereiche zum Schlafen, Essen, Arbeiten und Unterhalten.<\/p>\r\n\r\n\r\n\r\n<h4 class=\"wp-block-heading\"><span class=\"ez-toc-section\" id=\"Our_Recommendation_Gulfstream_GV\"><\/span>Unsere Empfehlung: Gulfstream GV<span class=\"ez-toc-section-end\"><\/span><\/h4>\r\n\r\n\r\n\r\n<p>Die Gulfstream GV war der erste Ultra-Langstrecken-Gesch\u00e4ftsjet des Unternehmens, der 1995 von Gulfstream Aerospace hergestellt und 1998 auf den Markt gebracht wurde. Die Produktion endete im Jahr 2002. Das auff\u00e4lligste Merkmal des GV ist seine gro\u00dfe Flugreichweite und seine verbesserte Leistung.&nbsp;<\/p>\r\n\r\n\r\n\r\n<p>Spezifikationen:<\/p>\r\n\r\n\r\n\r\n<ul class=\"wp-block-list\"><li>Passagiere: 12-16;<\/li><li>Kabinenl\u00e4nge: 50 ft 1 in;<\/li><li>Kabinenbreite: 7 ft 3 in;<\/li><li>Kabinenh\u00f6he: 6 ft 1 in;<\/li><li>Kabinenvolumen: 1669 cu ft;<\/li><li>H\u00f6chstgeschwindigkeit: 585 mph;<\/li><li>Flugreichweite: 7389 Meilen;<\/li><li>Kofferraumvolumen: 226 cu ft;<\/li><li>Besatzung: bis zu 5.<\/li><\/ul>\r\n\r\n\r\n\r\n<p>In der FXAIR-Flotte der Ultra-Langstreckenjets finden Sie auch<em> Global Express, Falcon 7X, Global 6000 und Gulfstream G550\/G650<\/em>.<\/p>\r\n\r\n\r\n\r\n<h2 class=\"wp-block-heading\"><span class=\"ez-toc-section\" id=\"Company_Safety_Policy_and_Standards\"><\/span>Sicherheitspolitik und -standards des Unternehmens<span class=\"ez-toc-section-end\"><\/span><\/h2>\r\n\r\n\r\n\r\n<p>Alle Betreiber, die f\u00fcr FXAIR fliegen - einschlie\u00dflich aller Piloten und Jets - werden gr\u00fcndlich \u00fcberpr\u00fcft, um Ihre Sicherheit und volle Zufriedenheit zu gew\u00e4hrleisten. Sie m\u00fcssen die Anforderungen des Unternehmens erf\u00fcllen, um von FXAIR zugelassen zu werden.<\/p>\r\n\r\n\r\n\r\n<p>Was bedeutet es, von FXAIR zugelassen zu sein? Vor Ihrem Flug inspiziert das spezialisierte Sicherheitsteam den Betreiber, die Crew und das Flugzeug gr\u00fcndlich und erteilt die Genehmigung. <a href=\"https:\/\/www.faa.gov\/\" target=\"_blank\" rel=\"noopener\">FAA<\/a> und <a href=\"https:\/\/www.ntsb.gov\/Pages\/home.aspx\" target=\"_blank\" rel=\"noopener\">NTSB<\/a> Berichte, Pilotenaufzeichnungen und -zertifikate, Flugerfahrung, \u00e4rztliche Bescheinigung, Lizenzstatus des Flugzeugs und die Versicherung des Flugzeugs werden vor jedem Flug \u00fcberpr\u00fcft.<\/p>\r\n\r\n\r\n\r\n<p>Jeder Flug wird mindestens 24 Stunden vor dem Start auf m\u00f6gliche Service- oder Sicherheitsbedenken \u00fcberpr\u00fcft. Das Command Center ist f\u00fcr die \u00dcberwachung des gesamten Vorgangs zust\u00e4ndig. Wenn ein Kriterium nicht erf\u00fcllt ist, wird der Flug gestrichen und Sie erhalten einen anderen Anbieter, der alle Kriterien erf\u00fcllt.<\/p>\r\n\r\n\r\n\r\n<p>Um die Sicherheit der Passagiere zu gew\u00e4hrleisten, m\u00fcssen alle Flugzeugbetreiber im FXAIR-Netz die strengen COVID-19-Richtlinien einhalten.<\/p>\r\n\r\n\r\n\r\n<h2 class=\"wp-block-heading\"><span class=\"ez-toc-section\" id=\"Conclusion\"><\/span>Schlussfolgerung<span class=\"ez-toc-section-end\"><\/span><\/h2>\r\n\r\n\r\n\r\n<figure class=\"wp-block-image size-full is-style-default\"><img loading=\"lazy\" decoding=\"async\" width=\"1000\" height=\"667\" src=\"https:\/\/comparemyjet.com\/wp-content\/uploads\/2022\/07\/happy.woman_.listening.to_.music_.on_.a.private.jet_.jpg\" alt=\"FXAIR\" class=\"wp-image-3183\" srcset=\"https:\/\/comparemyjet.com\/wp-content\/uploads\/2022\/07\/happy.woman_.listening.to_.music_.on_.a.private.jet_-18x12.jpg 18w, https:\/\/comparemyjet.com\/wp-content\/uploads\/2022\/07\/happy.woman_.listening.to_.music_.on_.a.private.jet_-300x200.jpg 300w, https:\/\/comparemyjet.com\/wp-content\/uploads\/2022\/07\/happy.woman_.listening.to_.music_.on_.a.private.jet_-768x512.jpg 768w, https:\/\/comparemyjet.com\/wp-content\/uploads\/2022\/07\/happy.woman_.listening.to_.music_.on_.a.private.jet_.jpg 1000w\" sizes=\"auto, (max-width: 1000px) 100vw, 1000px\" \/><\/figure>\r\n\r\n\r\n\r\n<p>FXAIR wurde zwar erst k\u00fcrzlich gegr\u00fcndet, entstammt aber der alteingesessenen Directional Aviation-Familie, so dass die Betreiber mehr als genug Erfahrung in der Luftfahrtbranche haben. Das Unternehmen ist auf Charterfl\u00fcge auf Abruf spezialisiert und bietet Flexjet-Flugzeuge der zweiten Generation an, die von FXAIR zugelassen sind. Sie k\u00f6nnen aus einer gro\u00dfen Flotte von leichten, mittelgro\u00dfen, supermittelgro\u00dfen, gro\u00dfen und ultralangen Jets w\u00e4hlen, was FXAIR zu einer w\u00fcrdigen Wahl als On-Demand-Charterunternehmen macht.<\/p>","protected":false},"excerpt":{"rendered":"<p>FXAIR ist ein relativ neues privates Charterunternehmen, das seinen Betrieb im Jahr 2020 aufnahm. Seitdem ist das Unternehmen exponentiell gewachsen, was zum Teil auf die zunehmende Beliebtheit privater Flugreisen durch die COVID-19-Pandemie zur\u00fcckzuf\u00fchren ist. FXAIR ist Teil der von Ken Ricci gegr\u00fcndeten Directional Aviation Unternehmensfamilie, zu der auch Flexjet, Sentient Jet, PrivateFly, ...<\/p>","protected":false},"author":2,"featured_media":3184,"parent":0,"menu_order":0,"comment_status":"closed","ping_status":"closed","template":"","meta":{"_acf_changed":false,"_genesis_hide_title":false,"_genesis_hide_breadcrumbs":false,"_genesis_hide_singular_image":false,"_genesis_hide_footer_widgets":false,"_genesis_custom_body_class":"","_genesis_custom_post_class":"","_genesis_layout":"","footnotes":""},"class_list":{"1":"page","2":"type-page","6":"entry"},"acf":[],"_links":{"self":[{"href":"https:\/\/comparemyjet.com\/de\/wp-json\/wp\/v2\/pages\/3182","targetHints":{"allow":["GET"]}}],"collection":[{"href":"https:\/\/comparemyjet.com\/de\/wp-json\/wp\/v2\/pages"}],"about":[{"href":"https:\/\/comparemyjet.com\/de\/wp-json\/wp\/v2\/types\/page"}],"author":[{"embeddable":true,"href":"https:\/\/comparemyjet.com\/de\/wp-json\/wp\/v2\/users\/2"}],"replies":[{"embeddable":true,"href":"https:\/\/comparemyjet.com\/de\/wp-json\/wp\/v2\/comments?post=3182"}],"version-history":[{"count":2,"href":"https:\/\/comparemyjet.com\/de\/wp-json\/wp\/v2\/pages\/3182\/revisions"}],"predecessor-version":[{"id":3448,"href":"https:\/\/comparemyjet.com\/de\/wp-json\/wp\/v2\/pages\/3182\/revisions\/3448"}],"wp:featuredmedia":[{"embeddable":true,"href":"https:\/\/comparemyjet.com\/de\/wp-json\/wp\/v2\/media\/3184"}],"wp:attachment":[{"href":"https:\/\/comparemyjet.com\/de\/wp-json\/wp\/v2\/media?parent=3182"}],"curies":[{"name":"wp","href":"https:\/\/api.w.org\/{rel}","templated":true}]}}