{"id":3187,"date":"2022-08-04T21:07:44","date_gmt":"2022-08-04T21:07:44","guid":{"rendered":"https:\/\/comparemyjet.com\/?page_id=3187"},"modified":"2025-09-04T09:59:34","modified_gmt":"2025-09-04T09:59:34","slug":"nord-jet-management","status":"publish","type":"page","link":"https:\/\/comparemyjet.com\/de\/nord-jet-management\/","title":{"rendered":"Northern Jet Management"},"content":{"rendered":"<p>Der Elite-Jetreiseanbieter Northern Jet Management bietet umfassende <a href=\"https:\/\/comparemyjet.com\/de\/welche-unternehmen-gibt-es-im-bereich-flugzeugmanagement\/\" data-internallinksmanager029f6b8e52c=\"21\" title=\"Flugzeugmanagement Dienstleistungen &amp; Unternehmen\">Flugzeug-Management<\/a>Die Fluggesellschaft bietet Unternehmen und Privatpersonen ein Programm f\u00fcr gemeinsames Eigentum, Charterfl\u00fcge auf Abruf sowie den Kauf und Verkauf von Flugzeugen. Das Unternehmen fliegt mehr als 3.400 Ziele in den USA, der Karibik, Mexiko und Kanada an.<\/p>\r\n\r\n\r\n\r\n<p>Lassen Sie uns das Angebot n\u00e4her betrachten, doch zun\u00e4chst ein kurzer \u00dcberblick \u00fcber die Entstehung des Unternehmens.<\/p>\r\n\r\n\r\n\r\n<div id=\"ez-toc-container\" class=\"ez-toc-v2_0_76 counter-hierarchy ez-toc-counter ez-toc-grey ez-toc-container-direction\">\n<p class=\"ez-toc-title\" style=\"cursor:inherit\">Themen<\/p>\n<label for=\"ez-toc-cssicon-toggle-item-69db9fb9005ee\" class=\"ez-toc-cssicon-toggle-label\"><span class=\"\"><span class=\"eztoc-hide\" style=\"display:none;\">Umschalten auf<\/span><span class=\"ez-toc-icon-toggle-span\"><svg style=\"fill: #999;color:#999\" xmlns=\"http:\/\/www.w3.org\/2000\/svg\" class=\"list-377408\" width=\"20px\" height=\"20px\" viewbox=\"0 0 24 24\" fill=\"none\"><path d=\"M6 6H4v2h2V6zm14 0H8v2h12V6zM4 11h2v2H4v-2zm16 0H8v2h12v-2zM4 16h2v2H4v-2zm16 0H8v2h12v-2z\" fill=\"currentColor\"><\/path><\/svg><svg style=\"fill: #999;color:#999\" class=\"arrow-unsorted-368013\" xmlns=\"http:\/\/www.w3.org\/2000\/svg\" width=\"10px\" height=\"10px\" viewbox=\"0 0 24 24\" version=\"1.2\" baseprofile=\"tiny\"><path d=\"M18.2 9.3l-6.2-6.3-6.2 6.3c-.2.2-.3.4-.3.7s.1.5.3.7c.2.2.4.3.7.3h11c.3 0 .5-.1.7-.3.2-.2.3-.5.3-.7s-.1-.5-.3-.7zM5.8 14.7l6.2 6.3 6.2-6.3c.2-.2.3-.5.3-.7s-.1-.5-.3-.7c-.2-.2-.4-.3-.7-.3h-11c-.3 0-.5.1-.7.3-.2.2-.3.5-.3.7s.1.5.3.7z\"\/><\/svg><\/span><\/span><\/label><input type=\"checkbox\"  id=\"ez-toc-cssicon-toggle-item-69db9fb9005ee\" checked aria-label=\"Umschalten auf\" \/><nav><ul class='ez-toc-list ez-toc-list-level-1' ><li class='ez-toc-page-1 ez-toc-heading-level-2'><a class=\"ez-toc-link ez-toc-heading-1\" href=\"https:\/\/comparemyjet.com\/de\/nord-jet-management\/#About_the_Company\" >\u00dcber das Unternehmen&nbsp;<\/a><\/li><li class='ez-toc-page-1 ez-toc-heading-level-2'><a class=\"ez-toc-link ez-toc-heading-2\" href=\"https:\/\/comparemyjet.com\/de\/nord-jet-management\/#Ways_to_Fly\" >Wege zum Fliegen<\/a><ul class='ez-toc-list-level-3' ><li class='ez-toc-heading-level-3'><a class=\"ez-toc-link ez-toc-heading-3\" href=\"https:\/\/comparemyjet.com\/de\/nord-jet-management\/#Jet_Management\" >Jet Management<\/a><\/li><li class='ez-toc-page-1 ez-toc-heading-level-3'><a class=\"ez-toc-link ez-toc-heading-4\" href=\"https:\/\/comparemyjet.com\/de\/nord-jet-management\/#Company_Card_Program\" >Firmenkartenprogramm<\/a><\/li><li class='ez-toc-page-1 ez-toc-heading-level-3'><a class=\"ez-toc-link ez-toc-heading-5\" href=\"https:\/\/comparemyjet.com\/de\/nord-jet-management\/#Fractional_Jet_Ownership_Program\" >Fractional Jet Ownership Programm<\/a><\/li><li class='ez-toc-page-1 ez-toc-heading-level-3'><a class=\"ez-toc-link ez-toc-heading-6\" href=\"https:\/\/comparemyjet.com\/de\/nord-jet-management\/#Empty_Leg_Flights\" >Fl\u00fcge mit leeren Beinen<\/a><\/li><li class='ez-toc-page-1 ez-toc-heading-level-3'><a class=\"ez-toc-link ez-toc-heading-7\" href=\"https:\/\/comparemyjet.com\/de\/nord-jet-management\/#Acquiring_or_Selling_an_Aircraft\" >Erwerb oder Verkauf eines Luftfahrzeugs<\/a><\/li><\/ul><\/li><li class='ez-toc-page-1 ez-toc-heading-level-2'><a class=\"ez-toc-link ez-toc-heading-8\" href=\"https:\/\/comparemyjet.com\/de\/nord-jet-management\/#Pricing\" >Preisgestaltung<\/a><\/li><li class='ez-toc-page-1 ez-toc-heading-level-2'><a class=\"ez-toc-link ez-toc-heading-9\" href=\"https:\/\/comparemyjet.com\/de\/nord-jet-management\/#The_Fleet\" >Die Flotte&nbsp;<\/a><ul class='ez-toc-list-level-3' ><li class='ez-toc-heading-level-3'><a class=\"ez-toc-link ez-toc-heading-10\" href=\"https:\/\/comparemyjet.com\/de\/nord-jet-management\/#1_Midsize_Private_Jets\" >1. Private Jets mittlerer Gr\u00f6\u00dfe<\/a><ul class='ez-toc-list-level-4' ><li class='ez-toc-heading-level-4'><a class=\"ez-toc-link ez-toc-heading-11\" href=\"https:\/\/comparemyjet.com\/de\/nord-jet-management\/#Our_Recommendation_Learjet_40\" >Unsere Empfehlung: Learjet 40<\/a><\/li><\/ul><\/li><li class='ez-toc-page-1 ez-toc-heading-level-3'><a class=\"ez-toc-link ez-toc-heading-12\" href=\"https:\/\/comparemyjet.com\/de\/nord-jet-management\/#2_Super-Midsize_Private_Jets\" >2. Super-Mittelgro\u00dfe Privatjets&nbsp;<\/a><ul class='ez-toc-list-level-4' ><li class='ez-toc-heading-level-4'><a class=\"ez-toc-link ez-toc-heading-13\" href=\"https:\/\/comparemyjet.com\/de\/nord-jet-management\/#Our_Recommendation_Cessna_Citation_Sovereign\" >Unsere Empfehlung: Cessna Citation Sovereign<\/a><\/li><\/ul><\/li><\/ul><\/li><li class='ez-toc-page-1 ez-toc-heading-level-2'><a class=\"ez-toc-link ez-toc-heading-14\" href=\"https:\/\/comparemyjet.com\/de\/nord-jet-management\/#Company_Safety_Policy_and_Standards\" >Sicherheitspolitik und -standards des Unternehmens<\/a><\/li><li class='ez-toc-page-1 ez-toc-heading-level-2'><a class=\"ez-toc-link ez-toc-heading-15\" href=\"https:\/\/comparemyjet.com\/de\/nord-jet-management\/#The_Staff\" >Das Personal<\/a><\/li><li class='ez-toc-page-1 ez-toc-heading-level-2'><a class=\"ez-toc-link ez-toc-heading-16\" href=\"https:\/\/comparemyjet.com\/de\/nord-jet-management\/#Conclusion\" >Schlussfolgerung<\/a><\/li><\/ul><\/nav><\/div>\n<h2 class=\"wp-block-heading\"><span class=\"ez-toc-section\" id=\"About_the_Company\"><\/span>\u00dcber das Unternehmen&nbsp;<span class=\"ez-toc-section-end\"><\/span><\/h2>\r\n\r\n\r\n\r\n<p>Northern Jet Management ist ein 1995 gegr\u00fcndetes Unternehmen in Privatbesitz mit Charles Cox als CEO.&nbsp;<\/p>\r\n\r\n\r\n\r\n<p>Ihr Hauptb\u00fcro befindet sich in Grand Rapids, Michigan, und sie haben eine voll funktionsf\u00e4hige Basis in <a href=\"https:\/\/comparemyjet.com\/de\/privatfuhrungen\/naples-private-tours\/\" data-internallinksmanager029f6b8e52c=\"299\" title=\"11 Beste Neapel Privat Touren von $90.53\">Neapel<\/a>Florida.&nbsp;<\/p>\r\n\r\n\r\n\r\n<h2 class=\"wp-block-heading\"><span class=\"ez-toc-section\" id=\"Ways_to_Fly\"><\/span>Wege zum Fliegen<span class=\"ez-toc-section-end\"><\/span><\/h2>\r\n\r\n\r\n\r\n<p>Um Ihre Anforderungen an die Luftfahrt zu erf\u00fcllen, bietet Northern Jet Management eine Reihe von Speziall\u00f6sungen an - vom All-inclusive-Privatflugzeugkartenprogramm, bekannt als Private Advantage Card, bis hin zum kompletten Flugzeugmanagement und -kauf, Leasing und Beratung.<\/p>\r\n\r\n\r\n\r\n<h3 class=\"wp-block-heading\"><span class=\"ez-toc-section\" id=\"Jet_Management\"><\/span>Jet Management<span class=\"ez-toc-section-end\"><\/span><\/h3>\r\n\r\n\r\n\r\n<p>Mit Northern Jets' <a href=\"https:\/\/northernjet.net\/programs\/aircraft-management\/\" target=\"_blank\" rel=\"noopener\">Management-L\u00f6sungen<\/a>Wenn Sie sich f\u00fcr ein Flugzeug entscheiden, erhalten Sie einen Bodentransport, Sonderw\u00fcnsche und Personal f\u00fcr die Flugplanung, das 365 Tage im Jahr nach Ihren W\u00fcnschen zur Verf\u00fcgung steht. Das Buchhaltungspersonal \u00fcberwacht sorgf\u00e4ltig die Ausgaben und erstellt monatliche Berichte \u00fcber Aktivit\u00e4ten, Kosten, Wartung und andere Ausgaben, so dass Sie immer \u00fcber alle Aktivit\u00e4ten im Zusammenhang mit Ihrem Flugzeug informiert sind.<\/p>\r\n\r\n\r\n\r\n<p>Jedes Flugzeug der Northern Jet-Flotte hat eine hochqualifizierte Flugbesatzung an Bord, und jeder Pilot verf\u00fcgt \u00fcber eine Musterberechtigung f\u00fcr das Flugzeug, das er fliegt. Au\u00dferdem durchlaufen alle Mitarbeiter eine 10-j\u00e4hrige <a href=\"https:\/\/www.fbi.gov\/about\" target=\"_blank\" rel=\"noopener\">FBI<\/a> Hintergrund\u00fcberpr\u00fcfungen als Teil des Einstellungsverfahrens.<\/p>\r\n\r\n\r\n\r\n<h3 class=\"wp-block-heading\"><span class=\"ez-toc-section\" id=\"Company_Card_Program\"><\/span>Firmenkartenprogramm<span class=\"ez-toc-section-end\"><\/span><\/h3>\r\n\r\n\r\n\r\n<p>Die <a href=\"https:\/\/northernjet.net\/programs\/jet-card\/\" target=\"_blank\" rel=\"noopener\"><strong>Private Vorteilskarte<\/strong><\/a> von Northern Jet Management ist eine 25-Stunden-Karte, die sich an Freizeitreisende auf Einwegfl\u00fcgen zwischen dem Mittleren Westen und Florida richtet. Die vom Unternehmen verwaltete <a href=\"https:\/\/comparemyjet.com\/de\/learjet\/\" data-internallinksmanager029f6b8e52c=\"149\" title=\"Ultimativer Leitfaden f\u00fcr Learjet Privatjets &amp; Flugzeuge\">Learjet<\/a> 40XRs sind im Programm enthalten, und die Karteninhaber haben auch die M\u00f6glichkeit, den Learjet 70 zu w\u00e4hlen.&nbsp;<\/p>\r\n\r\n\r\n\r\n<p>Innerhalb eines Umkreises von 180 Meilen fallen keine Repositionierungskosten an.&nbsp;<\/p>\r\n\r\n\r\n\r\n<ul class=\"wp-block-list\"><li>Grand Rapids;<\/li><li>Naples, Florida;<\/li><li><a href=\"https:\/\/comparemyjet.com\/de\/privat-jet-charter-nach-chicago\/\" data-internallinksmanager029f6b8e52c=\"170\" title=\"Privatjet-Charter nach Chicago\">Chicago<\/a>Illinois;<\/li><li>und Michigan.&nbsp;<\/li><\/ul>\r\n\r\n\r\n\r\n<p>Ein pauschaler Stundenpreis und eine K\u00fcndigungsfrist von mindestens 24 Stunden sind weitere Vorteile dieser Karte, und f\u00fcr Karteninhaber aus dem Mittleren Westen gibt es keine nicht verf\u00fcgbaren Termine und keine Umzugskosten.<\/p>\r\n\r\n\r\n\r\n<h3 class=\"wp-block-heading\"><span class=\"ez-toc-section\" id=\"Fractional_Jet_Ownership_Program\"><\/span>Fractional Jet Ownership Programm<span class=\"ez-toc-section-end\"><\/span><\/h3>\r\n\r\n\r\n\r\n<p>Die <a href=\"https:\/\/northernjet.net\/programs\/fractional-jet-ownership\/\" target=\"_blank\" rel=\"noopener\"><strong>Unternehmen Jet<\/strong><\/a> ist eine <a href=\"https:\/\/comparemyjet.com\/de\/wie-funktioniert-fractional-jet-ownership-work\/\" data-internallinksmanager029f6b8e52c=\"20\" title=\"Wie funktioniert Fractional Jet Ownership?\">Fractional Jet Ownership<\/a> Programm, das speziell f\u00fcr die Bed\u00fcrfnisse von Gesch\u00e4ftsreisenden entwickelt wurde. Gesch\u00e4ftsreisende und Unternehmen sind die einzige Zielgruppe f\u00fcr das Company Jet Shared Ownership-Konzept.<\/p>\r\n\r\n\r\n\r\n<p>Die Mitglieder erhalten einen Vorgeschmack auf den Besitz eines Privatflugzeugs, ohne sich um die Verwaltung und den Betrieb k\u00fcmmern zu m\u00fcssen, und haben zudem die volle Unterst\u00fctzung eines Expertenteams. Die Vertragsunterzeichnung ist mit einer f\u00fcnfj\u00e4hrigen Verpflichtung und einer garantierten Erreichbarkeit innerhalb von mindestens 12 Stunden verbunden. Concierge-Dienste stehen rund um die Uhr zur Verf\u00fcgung, und ein Team von Branchenspezialisten hilft und unterst\u00fctzt bei Finanzen, Buchhaltung und Luftfahrtrecht.<\/p>\r\n\r\n\r\n\r\n<h3 class=\"wp-block-heading\"><span class=\"ez-toc-section\" id=\"Empty_Leg_Flights\"><\/span>Fl\u00fcge mit leeren Beinen<span class=\"ez-toc-section-end\"><\/span><\/h3>\r\n\r\n\r\n\r\n<p>Das Unternehmen verweist auf seine <a href=\"https:\/\/comparemyjet.com\/de\/how-to-book-empty-leg-flights\/\" data-internallinksmanager029f6b8e52c=\"24\" title=\"Wie man Leerfl\u00fcge bucht\">Leerfl\u00fcge<\/a> als \"<a href=\"https:\/\/northernjet.net\/flight-opportunities\/\" target=\"_blank\" rel=\"noopener\">Flugm\u00f6glichkeiten<\/a>\". Ein ziemlich passender Name, denn diese Fl\u00fcge sind ein echter Fang. Jeder kann sich anmelden, um verf\u00fcgbare Leerfl\u00fcge auf seinem E-Mail-Konto zu erhalten und zu verfolgen und eine Gelegenheit zu ergreifen, zu einem ihrer Ziele f\u00fcr einen Bruchteil des Preises zu fliegen.&nbsp;<\/p>\r\n\r\n\r\n\r\n<h3 class=\"wp-block-heading\"><span class=\"ez-toc-section\" id=\"Acquiring_or_Selling_an_Aircraft\"><\/span>Erwerb oder Verkauf eines Luftfahrzeugs<span class=\"ez-toc-section-end\"><\/span><\/h3>\r\n\r\n\r\n\r\n<p>Wenn Sie sich Northern Jet anschlie\u00dfen, haben Sie vollen Zugang zu einem Team von Fachleuten, die \u00fcber jahrzehntelange Erfahrung und Kontakte verf\u00fcgen, um die besten Flugzeuge zu finden, die auf die Bed\u00fcrfnisse ihrer Kunden zugeschnitten sind, und zwar in Bezug auf <a href=\"https:\/\/northernjet.net\/programs\/aircraft-acquisition-sales-brokerage\/\" target=\"_blank\" rel=\"noopener\">Kauf oder Verkauf eines neuen oder gebrauchten Flugzeugs<\/a>.<\/p>\r\n\r\n\r\n\r\n<h2 class=\"wp-block-heading\"><span class=\"ez-toc-section\" id=\"Pricing\"><\/span>Preisgestaltung<span class=\"ez-toc-section-end\"><\/span><\/h2>\r\n\r\n\r\n\r\n<figure class=\"wp-block-image size-full is-style-default\"><img loading=\"lazy\" decoding=\"async\" width=\"1000\" height=\"667\" src=\"https:\/\/comparemyjet.com\/wp-content\/uploads\/2022\/06\/woman.in_.blue_.dress_.enjoying.view_.from_.private.jet_.jpg\" alt=\"\" class=\"wp-image-2997\" srcset=\"https:\/\/comparemyjet.com\/wp-content\/uploads\/2022\/06\/woman.in_.blue_.dress_.enjoying.view_.from_.private.jet_-18x12.jpg 18w, https:\/\/comparemyjet.com\/wp-content\/uploads\/2022\/06\/woman.in_.blue_.dress_.enjoying.view_.from_.private.jet_-300x200.jpg 300w, https:\/\/comparemyjet.com\/wp-content\/uploads\/2022\/06\/woman.in_.blue_.dress_.enjoying.view_.from_.private.jet_-768x512.jpg 768w, https:\/\/comparemyjet.com\/wp-content\/uploads\/2022\/06\/woman.in_.blue_.dress_.enjoying.view_.from_.private.jet_.jpg 1000w\" sizes=\"auto, (max-width: 1000px) 100vw, 1000px\" \/><\/figure>\r\n\r\n\r\n\r\n<p>Northern Jet Management ist ber\u00fchmt f\u00fcr seine erschwinglichen Preise, sein Engagement f\u00fcr h\u00f6chste Sicherheitsstandards und sein Eingehen auf die Bed\u00fcrfnisse seiner Kunden.<\/p>\r\n\r\n\r\n\r\n<p>Um Karteninhaber der Private Advantage Card von Northern Jet Management zu werden, ist eine Einf\u00fchrungsgeb\u00fchr von etwas weniger als $165.000 zu entrichten.&nbsp;<\/p>\r\n\r\n\r\n\r\n<p>Flugg\u00e4ste, die die auf der Website des Unternehmens aufgef\u00fchrten Leerfl\u00fcge verfolgen und in Anspruch nehmen, sparen $1.000 gegen\u00fcber dem Standardpreis pro Stunde.<\/p>\r\n\r\n\r\n\r\n<h2 class=\"wp-block-heading\"><span class=\"ez-toc-section\" id=\"The_Fleet\"><\/span>Die Flotte&nbsp;<span class=\"ez-toc-section-end\"><\/span><\/h2>\r\n\r\n\r\n\r\n<p>Jeder einzelne Jet der 20 Flugzeuge umfassenden Flotte von Northern Jet Management wird von erfahrenen Luftfahrtprofis betreut. Alle Modelle sind neu und modern, wobei Jets der mittleren und oberen Mittelklasse die wichtigste und dominierende Flugzeugkategorie darstellen.&nbsp;<\/p>\r\n\r\n\r\n\r\n<h3 class=\"wp-block-heading\"><span class=\"ez-toc-section\" id=\"1_Midsize_Private_Jets\"><\/span>1. Private Jets mittlerer Gr\u00f6\u00dfe<span class=\"ez-toc-section-end\"><\/span><\/h3>\r\n\r\n\r\n\r\n<p>Sowohl f\u00fcr Privat- als auch f\u00fcr Gesch\u00e4ftsreisen bietet das Chartern eines mittelgro\u00dfen Flugzeugs einen komfortablen Langstreckenflug. Mittelgro\u00dfe Flugzeuge sind bei Gesch\u00e4fts- und Freizeitreisenden wegen ihrer ger\u00e4umigen Kabinen, des ausreichenden Gep\u00e4ckraums und der erstklassigen Ausstattung sehr beliebt.<\/p>\r\n\r\n\r\n\r\n<h4 class=\"wp-block-heading\"><span class=\"ez-toc-section\" id=\"Our_Recommendation_Learjet_40\"><\/span>Unsere Empfehlung: Learjet 40<span class=\"ez-toc-section-end\"><\/span><\/h4>\r\n\r\n\r\n\r\n<p>Der Learjet 40 ist ein kleines Gesch\u00e4ftsflugzeug, das von <a href=\"https:\/\/comparemyjet.com\/de\/\/\" data-internallinksmanager029f6b8e52c=\"159\" title=\"Ultimativer Leitfaden f\u00fcr Bombardier Privatjets und Flugzeuge\">Bombardier<\/a> Learjet. Er wird von zwei Triebwerken angetrieben, sein Innenraum ist gr\u00f6\u00dfer als der seiner Konkurrenten, und sein Design diente als Inspiration f\u00fcr k\u00fcnftige Modelle. Allerdings ist der Rumpf k\u00fcrzer und der Kraftstofftank kleiner als beim Learjet 45.&nbsp;<\/p>\r\n\r\n\r\n\r\n<p>Spezifikationen:<\/p>\r\n\r\n\r\n\r\n<ul class=\"wp-block-list\"><li>Passagiere: 7;<\/li><li>\u00c4u\u00dfere H\u00f6he: 14 ft 2 in;<\/li><li>Volle L\u00e4nge: 55 ft 5 in;<\/li><li>Fl\u00fcgelspannweite: 47 ft 9 in;<\/li><li>Kabinenbreite: 5 ft 1 in;<\/li><li>Kabinenh\u00f6he: 4 ft 11 in;<\/li><li>Kabinenl\u00e4nge: 17 ft 8 in;<\/li><li>Maximale Flugreichweite: 1707 nm;<\/li><li>Maximale Reisegeschwindigkeit: 465 kts;<\/li><li>Externer Gep\u00e4ckraum: 50 cu ft;<\/li><li>Interner Gep\u00e4ckraum: 15 cu ft;<\/li><li>Besatzung: 2.<\/li><\/ul>\r\n\r\n\r\n\r\n<p>Northern Jet Management bietet in seinem Katalog f\u00fcr mittelgro\u00dfe Privatjets effiziente und erschwingliche Flugzeuge an, darunter die <em>Bombardier 45 Serie<\/em>, <em><a href=\"https:\/\/comparemyjet.com\/de\/gulfstream\/\" data-internallinksmanager029f6b8e52c=\"175\" title=\"Ultimativer Leitfaden f\u00fcr Gulfstream Privatjets und Flugzeuge\">Gulfstream<\/a> G150<\/em>, <em>Learjet 70\/75<\/em>, <em>Learjet 45XR<\/em>und unser empfohlenes Modell, <em>Learjet 40<\/em>.<\/p>\r\n\r\n\r\n\r\n<h3 class=\"wp-block-heading\"><span class=\"ez-toc-section\" id=\"2_Super-Midsize_Private_Jets\"><\/span>2. Super-Mittelgro\u00dfe Privatjets&nbsp;<span class=\"ez-toc-section-end\"><\/span><\/h3>\r\n\r\n\r\n\r\n<p>Die Jets der Super-Middle-Kategorie k\u00f6nnen bis zu 6 Stunden fliegen, das sind 2 Stunden mehr als in der vorherigen Kategorie, was sie ideal f\u00fcr \u00dcberlandfl\u00fcge macht. Die Flugg\u00e4ste haben Zugang zu ger\u00e4umigen Kabinen und erstklassigen Annehmlichkeiten, einschlie\u00dflich eines gr\u00f6\u00dferen Gep\u00e4ckraums.<\/p>\r\n\r\n\r\n\r\n<h4 class=\"wp-block-heading\"><span class=\"ez-toc-section\" id=\"Our_Recommendation_Cessna_Citation_Sovereign\"><\/span>Unsere Empfehlung: Cessna Citation Sovereign<span class=\"ez-toc-section-end\"><\/span><\/h4>\r\n\r\n\r\n\r\n<p>Der Sovereign, hergestellt von einem amerikanischen Hersteller - <a href=\"https:\/\/comparemyjet.com\/de\/cessna\/\" data-internallinksmanager029f6b8e52c=\"145\" title=\"Ultimativer Leitfaden f\u00fcr Cessna Privatjets und Flugzeuge\">Cessna<\/a>ist ein Transkontinentalflugzeug. Zu den Konstruktionsmerkmalen der Citation Sovereign geh\u00f6ren ein langer Rumpf, neu gestaltete Tragfl\u00e4chen, ein Glascockpit mit vier LCD-Bildschirmen und zwei Triebwerke.&nbsp;<\/p>\r\n\r\n\r\n\r\n<p>Spezifikationen:&nbsp;<\/p>\r\n\r\n\r\n\r\n<ul class=\"wp-block-list\"><li>Passagiere: 9;<\/li><li>\u00c4u\u00dfere H\u00f6he: 20 ft 4 in;<\/li><li>Volle L\u00e4nge: 63 ft 6 in;<\/li><li>Fl\u00fcgelspannweite: 63 ft 4 in;<\/li><li>Kabinenbreite: 5 ft 6 in;<\/li><li>Kabinenh\u00f6he: 5 ft 8 in;<\/li><li>Kabinenl\u00e4nge: 25 ft 3 in;<\/li><li>Maximale Flugreichweite: 3010 nm;<\/li><li>Maximale Reisegeschwindigkeit: 459 kts;<\/li><li>Besatzung: 2;<\/li><li>Interner Gep\u00e4ckraum: 35 cu ft;<\/li><li>Externer Gep\u00e4ckraum: 100 cu ft.<\/li><\/ul>\r\n\r\n\r\n\r\n<p>Northern Jet Management bietet zwei sichere und effiziente Flugzeuge in seinem Super-Mid-Size-Privatjet-Katalog an, die <em>Herausforderer 300<\/em> und unser empfohlenes Modell <em>Cessna Citation Sovereign<\/em>.<\/p>\r\n\r\n\r\n\r\n<h2 class=\"wp-block-heading\"><span class=\"ez-toc-section\" id=\"Company_Safety_Policy_and_Standards\"><\/span>Sicherheitspolitik und -standards des Unternehmens<span class=\"ez-toc-section-end\"><\/span><\/h2>\r\n\r\n\r\n\r\n<p>Das Team von Northern Jet Management f\u00fchrt regelm\u00e4\u00dfig interne Audits und Bewertungen von Prozessen, Praktiken, Abl\u00e4ufen und Dienstleistungen in mehr als 40 operativen Bereichen durch.<\/p>\r\n\r\n\r\n\r\n<p>Au\u00dferdem hat Northern Jet Management <a href=\"https:\/\/www.argus.aero\/\" target=\"_blank\" rel=\"noopener\">ARGUS<\/a> Platin und <a href=\"https:\/\/www.acsf.aero\/\" target=\"_blank\" rel=\"noopener\">ACSF<\/a> Akkreditierung und setzt ausschlie\u00dflich Mechaniker mit <a href=\"https:\/\/www.faa.gov\/\" target=\"_blank\" rel=\"noopener\">FAA<\/a> Lizenzen. Dar\u00fcber hinaus hat Northern Jet Management die Genehmigung der Stufe 3 durch die <a href=\"https:\/\/ibac.org\/is-bao\" target=\"_blank\" rel=\"noopener\">Internationaler Standard f\u00fcr den Betrieb von Gesch\u00e4ftsflugzeugen<\/a> (IS-BAO).<\/p>\r\n\r\n\r\n\r\n<h2 class=\"wp-block-heading\"><span class=\"ez-toc-section\" id=\"The_Staff\"><\/span>Das Personal<span class=\"ez-toc-section-end\"><\/span><\/h2>\r\n\r\n\r\n\r\n<figure class=\"wp-block-image size-full is-style-default\"><img loading=\"lazy\" decoding=\"async\" width=\"1000\" height=\"667\" src=\"https:\/\/comparemyjet.com\/wp-content\/uploads\/2022\/07\/private.jet_.pilots.in_.cockpit.jpg\" alt=\"\" class=\"wp-image-3072\" srcset=\"https:\/\/comparemyjet.com\/wp-content\/uploads\/2022\/07\/private.jet_.pilots.in_.cockpit-18x12.jpg 18w, https:\/\/comparemyjet.com\/wp-content\/uploads\/2022\/07\/private.jet_.pilots.in_.cockpit-300x200.jpg 300w, https:\/\/comparemyjet.com\/wp-content\/uploads\/2022\/07\/private.jet_.pilots.in_.cockpit-768x512.jpg 768w, https:\/\/comparemyjet.com\/wp-content\/uploads\/2022\/07\/private.jet_.pilots.in_.cockpit.jpg 1000w\" sizes=\"auto, (max-width: 1000px) 100vw, 1000px\" \/><\/figure>\r\n\r\n\r\n\r\n<p>Northern Jet Management verbessert und modifiziert st\u00e4ndig die Betriebsabl\u00e4ufe des Unternehmens, um die h\u00f6chsten Sicherheitsstandards zu gew\u00e4hrleisten.<\/p>\r\n\r\n\r\n\r\n<p>Ihr Personal wird laufend in der Fliegerei ausgebildet durch <a href=\"https:\/\/www.cae.com\/\" target=\"_blank\" rel=\"noopener\">CAE<\/a> oder <a href=\"https:\/\/www.flightsafety.com\/\" target=\"_blank\" rel=\"noopener\">FlightSafety International<\/a>. Jedes Flugsegment beginnt mit einer Sicherheitsrisikoanalyse durch die Flugbesatzung. Au\u00dferdem erh\u00e4lt die Besatzung eine interne Schulung durch die <a href=\"https:\/\/www.nata.aero\/education-and-training\/safety-1st\" target=\"_blank\" rel=\"noopener\">National Air Transportation Safety First Schulungsprogramm<\/a>.<\/p>\r\n\r\n\r\n\r\n<p>Um neue und bestehende Piloten zu unterst\u00fctzen, fungieren zertifizierte Seniorpiloten als interne Spezialisten, die dem Managementteam ihr Fachwissen in Bezug auf die Betriebsabl\u00e4ufe zur Verf\u00fcgung stellen.<\/p>\r\n\r\n\r\n\r\n<h2 class=\"wp-block-heading\"><span class=\"ez-toc-section\" id=\"Conclusion\"><\/span>Schlussfolgerung<span class=\"ez-toc-section-end\"><\/span><\/h2>\r\n\r\n\r\n\r\n<p>Passagiere, die die Freiheit und den Komfort eines Privatjets genie\u00dfen m\u00f6chten, sind herzlich eingeladen, mit Northern Jet Management zu fliegen. Dank des Engagements des Unternehmens f\u00fcr einen hochwertigen Service sparen Sie viel Zeit bei der Buchung und Planung. Northern Jet Management ist dank seiner L\u00f6sungen f\u00fcr Fractional Ownership und Flugzeugmanagement das f\u00fchrende Privatflugzeugunternehmen im Mittleren Westen.<\/p>","protected":false},"excerpt":{"rendered":"<p>Der Elite-Jetreiseanbieter Northern Jet Management bietet Unternehmen und Privatpersonen ein komplettes Flugzeugmanagement, ein Programm zum gemeinsamen Besitz von Flugzeugen, Charterfl\u00fcge auf Abruf sowie den Kauf und Verkauf von Flugzeugen. Das Unternehmen fliegt mehr als 3.400 Ziele in den USA, der Karibik, Mexiko und Kanada an. Schauen wir uns das Angebot genauer an, doch zun\u00e4chst ein kurzer \u00dcberblick ...<\/p>","protected":false},"author":2,"featured_media":3188,"parent":0,"menu_order":0,"comment_status":"closed","ping_status":"closed","template":"","meta":{"_acf_changed":false,"_genesis_hide_title":false,"_genesis_hide_breadcrumbs":false,"_genesis_hide_singular_image":false,"_genesis_hide_footer_widgets":false,"_genesis_custom_body_class":"","_genesis_custom_post_class":"","_genesis_layout":"","footnotes":""},"class_list":{"1":"page","2":"type-page","6":"entry"},"acf":[],"_links":{"self":[{"href":"https:\/\/comparemyjet.com\/de\/wp-json\/wp\/v2\/pages\/3187","targetHints":{"allow":["GET"]}}],"collection":[{"href":"https:\/\/comparemyjet.com\/de\/wp-json\/wp\/v2\/pages"}],"about":[{"href":"https:\/\/comparemyjet.com\/de\/wp-json\/wp\/v2\/types\/page"}],"author":[{"embeddable":true,"href":"https:\/\/comparemyjet.com\/de\/wp-json\/wp\/v2\/users\/2"}],"replies":[{"embeddable":true,"href":"https:\/\/comparemyjet.com\/de\/wp-json\/wp\/v2\/comments?post=3187"}],"version-history":[{"count":1,"href":"https:\/\/comparemyjet.com\/de\/wp-json\/wp\/v2\/pages\/3187\/revisions"}],"predecessor-version":[{"id":3191,"href":"https:\/\/comparemyjet.com\/de\/wp-json\/wp\/v2\/pages\/3187\/revisions\/3191"}],"wp:featuredmedia":[{"embeddable":true,"href":"https:\/\/comparemyjet.com\/de\/wp-json\/wp\/v2\/media\/3188"}],"wp:attachment":[{"href":"https:\/\/comparemyjet.com\/de\/wp-json\/wp\/v2\/media?parent=3187"}],"curies":[{"name":"wp","href":"https:\/\/api.w.org\/{rel}","templated":true}]}}