{"id":3507,"date":"2022-10-07T01:01:16","date_gmt":"2022-10-07T01:01:16","guid":{"rendered":"https:\/\/comparemyjet.com\/?page_id=3507"},"modified":"2025-09-04T10:00:52","modified_gmt":"2025-09-04T10:00:52","slug":"geradeaus-privatluft","status":"publish","type":"page","link":"https:\/\/comparemyjet.com\/de\/geradeaus-privatluft\/","title":{"rendered":"StraightLine Private Air Flug Preise"},"content":{"rendered":"<p>StraightLine Private Air ist ein Charter-Vermittlungsunternehmen, das seinen Kunden hilft, den am besten geeigneten Privatjet f\u00fcr ihre Reise zu finden. Der Charterdienst unterh\u00e4lt Partnerschaften mit Privatjet-Eigent\u00fcmern und Drittanbietern in den gesamten USA, die es ihm erm\u00f6glichen, eine dynamische Preisstrategie anzuwenden, damit seine Kunden kosteng\u00fcnstige Luxusreisen genie\u00dfen k\u00f6nnen.&nbsp;<\/p>\r\n\r\n\r\n\r\n<p>Wir wollen sehen, was es damit auf sich hat.<\/p>\r\n\r\n\r\n\r\n<div id=\"ez-toc-container\" class=\"ez-toc-v2_0_76 counter-hierarchy ez-toc-counter ez-toc-grey ez-toc-container-direction\">\n<p class=\"ez-toc-title\" style=\"cursor:inherit\">Themen<\/p>\n<label for=\"ez-toc-cssicon-toggle-item-69e9e381d8a71\" class=\"ez-toc-cssicon-toggle-label\"><span class=\"\"><span class=\"eztoc-hide\" style=\"display:none;\">Umschalten auf<\/span><span class=\"ez-toc-icon-toggle-span\"><svg style=\"fill: #999;color:#999\" xmlns=\"http:\/\/www.w3.org\/2000\/svg\" class=\"list-377408\" width=\"20px\" height=\"20px\" viewbox=\"0 0 24 24\" fill=\"none\"><path d=\"M6 6H4v2h2V6zm14 0H8v2h12V6zM4 11h2v2H4v-2zm16 0H8v2h12v-2zM4 16h2v2H4v-2zm16 0H8v2h12v-2z\" fill=\"currentColor\"><\/path><\/svg><svg style=\"fill: #999;color:#999\" class=\"arrow-unsorted-368013\" xmlns=\"http:\/\/www.w3.org\/2000\/svg\" width=\"10px\" height=\"10px\" viewbox=\"0 0 24 24\" version=\"1.2\" baseprofile=\"tiny\"><path d=\"M18.2 9.3l-6.2-6.3-6.2 6.3c-.2.2-.3.4-.3.7s.1.5.3.7c.2.2.4.3.7.3h11c.3 0 .5-.1.7-.3.2-.2.3-.5.3-.7s-.1-.5-.3-.7zM5.8 14.7l6.2 6.3 6.2-6.3c.2-.2.3-.5.3-.7s-.1-.5-.3-.7c-.2-.2-.4-.3-.7-.3h-11c-.3 0-.5.1-.7.3-.2.2-.3.5-.3.7s.1.5.3.7z\"\/><\/svg><\/span><\/span><\/label><input type=\"checkbox\"  id=\"ez-toc-cssicon-toggle-item-69e9e381d8a71\" checked aria-label=\"Umschalten auf\" \/><nav><ul class='ez-toc-list ez-toc-list-level-1' ><li class='ez-toc-page-1 ez-toc-heading-level-2'><a class=\"ez-toc-link ez-toc-heading-1\" href=\"https:\/\/comparemyjet.com\/de\/geradeaus-privatluft\/#About_the_Company\" >\u00dcber das Unternehmen<\/a><\/li><li class='ez-toc-page-1 ez-toc-heading-level-2'><a class=\"ez-toc-link ez-toc-heading-2\" href=\"https:\/\/comparemyjet.com\/de\/geradeaus-privatluft\/#Membership_Programs\" >Programme f\u00fcr die Mitgliedschaft<\/a><\/li><li class='ez-toc-page-1 ez-toc-heading-level-2'><a class=\"ez-toc-link ez-toc-heading-3\" href=\"https:\/\/comparemyjet.com\/de\/geradeaus-privatluft\/#Company_Jet_Card_Programs\" >Jet Card-Programme f\u00fcr Unternehmen<\/a><ul class='ez-toc-list-level-3' ><li class='ez-toc-heading-level-3'><a class=\"ez-toc-link ez-toc-heading-4\" href=\"https:\/\/comparemyjet.com\/de\/geradeaus-privatluft\/#1_StraightLines_Silver_Jet_Card\" >1. StraightLine's Silber Jet Karte<\/a><\/li><li class='ez-toc-page-1 ez-toc-heading-level-3'><a class=\"ez-toc-link ez-toc-heading-5\" href=\"https:\/\/comparemyjet.com\/de\/geradeaus-privatluft\/#2_StraightLines_Platinum_Card\" >2. Die Platin-Karte von StraightLine<\/a><\/li><li class='ez-toc-page-1 ez-toc-heading-level-3'><a class=\"ez-toc-link ez-toc-heading-6\" href=\"https:\/\/comparemyjet.com\/de\/geradeaus-privatluft\/#3_StraightLines_Black_Card\" >3. Die Schwarze Karte von StraightLine<\/a><\/li><\/ul><\/li><li class='ez-toc-page-1 ez-toc-heading-level-2'><a class=\"ez-toc-link ez-toc-heading-7\" href=\"https:\/\/comparemyjet.com\/de\/geradeaus-privatluft\/#The_Fleet\" >Die Flotte&nbsp;<\/a><ul class='ez-toc-list-level-3' ><li class='ez-toc-heading-level-3'><a class=\"ez-toc-link ez-toc-heading-8\" href=\"https:\/\/comparemyjet.com\/de\/geradeaus-privatluft\/#1_Piston_Propellers\" >1. Kolbenpropeller&nbsp;<\/a><ul class='ez-toc-list-level-4' ><li class='ez-toc-heading-level-4'><a class=\"ez-toc-link ez-toc-heading-9\" href=\"https:\/\/comparemyjet.com\/de\/geradeaus-privatluft\/#Piston_Propellers_Specifications\" >Piston Propeller Spezifikationen<\/a><\/li><\/ul><\/li><li class='ez-toc-page-1 ez-toc-heading-level-3'><a class=\"ez-toc-link ez-toc-heading-10\" href=\"https:\/\/comparemyjet.com\/de\/geradeaus-privatluft\/#2_Turboprops\" >2. Turboprops<\/a><ul class='ez-toc-list-level-4' ><li class='ez-toc-heading-level-4'><a class=\"ez-toc-link ez-toc-heading-11\" href=\"https:\/\/comparemyjet.com\/de\/geradeaus-privatluft\/#Turboprops_Specifications\" >Turboprops Spezifikationen<\/a><\/li><\/ul><\/li><li class='ez-toc-page-1 ez-toc-heading-level-3'><a class=\"ez-toc-link ez-toc-heading-12\" href=\"https:\/\/comparemyjet.com\/de\/geradeaus-privatluft\/#3_Very_Light_and_Light_Private_Jets\" >3. Sehr leichte und leichte Privatjets<\/a><ul class='ez-toc-list-level-4' ><li class='ez-toc-heading-level-4'><a class=\"ez-toc-link ez-toc-heading-13\" href=\"https:\/\/comparemyjet.com\/de\/geradeaus-privatluft\/#Light_and_Very_Light_Jets_Specifications\" >Leichte und sehr leichte Jets Spezifikationen<\/a><\/li><\/ul><\/li><li class='ez-toc-page-1 ez-toc-heading-level-3'><a class=\"ez-toc-link ez-toc-heading-14\" href=\"https:\/\/comparemyjet.com\/de\/geradeaus-privatluft\/#4_Midsize_and_Super-Midsize_Private_Jets\" >4. Mittelgro\u00dfe und super-mittelgro\u00dfe Privatjets&nbsp;<\/a><ul class='ez-toc-list-level-4' ><li class='ez-toc-heading-level-4'><a class=\"ez-toc-link ez-toc-heading-15\" href=\"https:\/\/comparemyjet.com\/de\/geradeaus-privatluft\/#Midsize_and_Super-Midsize_Jets_Specifications\" >Spezifikationen f\u00fcr Mittelklasse- und Super-Mittelklasse-Jets<\/a><\/li><\/ul><\/li><li class='ez-toc-page-1 ez-toc-heading-level-3'><a class=\"ez-toc-link ez-toc-heading-16\" href=\"https:\/\/comparemyjet.com\/de\/geradeaus-privatluft\/#5_Large_Private_Jets\" >5. Gro\u00dfe Privatjets<\/a><ul class='ez-toc-list-level-4' ><li class='ez-toc-heading-level-4'><a class=\"ez-toc-link ez-toc-heading-17\" href=\"https:\/\/comparemyjet.com\/de\/geradeaus-privatluft\/#Large_Jets_Specifications\" >Gro\u00dfe D\u00fcsen Spezifikationen<\/a><\/li><\/ul><\/li><\/ul><\/li><li class='ez-toc-page-1 ez-toc-heading-level-2'><a class=\"ez-toc-link ez-toc-heading-18\" href=\"https:\/\/comparemyjet.com\/de\/geradeaus-privatluft\/#Company_Safety_Policy_and_Standards\" >Sicherheitspolitik und -standards des Unternehmens<\/a><\/li><li class='ez-toc-page-1 ez-toc-heading-level-2'><a class=\"ez-toc-link ez-toc-heading-19\" href=\"https:\/\/comparemyjet.com\/de\/geradeaus-privatluft\/#Conclusion\" >Schlussfolgerung<\/a><\/li><\/ul><\/nav><\/div>\n<h2 class=\"wp-block-heading\"><span class=\"ez-toc-section\" id=\"About_the_Company\"><\/span>\u00dcber das Unternehmen<span class=\"ez-toc-section-end\"><\/span><\/h2>\r\n\r\n\r\n\r\n<p>StraightLine wurde 2016 von Tom Filippini, dem Mitbegr\u00fcnder von Exclusive Resorts, als innovativer neuer Akteur auf dem Jet Card-Markt gegr\u00fcndet.&nbsp;<\/p>\r\n\r\n\r\n\r\n<p>Unternehmen, die sich an die Superreichen wenden, sind f\u00fcr ihre hochpreisigen Angebote bekannt (z. B. den Versand von Obstk\u00f6rben). Sie erstellen personenspezifische Landing Pages, die diese Zielgruppe direkt ansprechen, indem sie auf ihre besonderen Bed\u00fcrfnisse eingehen. StraightLine Private Air spricht diese Leute online auf der Grundlage ihrer Interessen an und verwandelt sie zu einem Bruchteil der Kosten traditioneller Taktiken in Leads.<\/p>\r\n\r\n\r\n\r\n<p>Der Hauptsitz von StraightLine Private Air befindet sich in <a href=\"https:\/\/comparemyjet.com\/de\/privatfuhrungen\/denver-private-tours\/\" data-internallinksmanager029f6b8e52c=\"410\" title=\"11 Beste Denver Private Touren von $49.00\">Denver<\/a>Colorado. Das Privatjet-Unternehmen bietet Dienstleistungen in den gesamten Vereinigten Staaten an und verfolgt eine dynamische Preisstrategie, die auf den sich st\u00e4ndig \u00e4ndernden Marktbedingungen basiert.<\/p>\r\n\r\n\r\n\r\n<h2 class=\"wp-block-heading\"><span class=\"ez-toc-section\" id=\"Membership_Programs\"><\/span>Programme f\u00fcr die Mitgliedschaft<span class=\"ez-toc-section-end\"><\/span><\/h2>\r\n\r\n\r\n\r\n<p>Um Mitglied zu werden, m\u00fcssen die Kunden eine Geb\u00fchr von $100.000, $200.000 oder $300.000 zahlen. Es gibt keine versteckten Kosten oder sonstigen Geb\u00fchren; der gesamte Betrag, den die Mitglieder investieren, flie\u00dft in ihre Flugkosten. Die Mitglieder k\u00f6nnen w\u00e4hlen, welches Flugzeug sie f\u00fcr jede Reise nutzen m\u00f6chten, und ihre Fl\u00fcge individuell bezahlen.&nbsp;<\/p>\r\n\r\n\r\n\r\n<p>StraightLine Private Air ist bestrebt, den niedrigsten Preis f\u00fcr jeden Flug zu finden. Anstatt einen Pauschalbetrag zu zahlen, der m\u00f6glicherweise nicht alle Kosten deckt, zahlen die Mitglieder nur f\u00fcr die Fl\u00fcge, die sie nehmen.<\/p>\r\n\r\n\r\n\r\n<p>Die Flugpreise h\u00e4ngen von verschiedenen Faktoren ab, darunter der Stundensatz des Flugzeugs, Flughafensteuern, Frachtabfertigungsgeb\u00fchren und Geh\u00e4lter f\u00fcr Piloten und Flugbegleiter. Einer der wesentlichen Faktoren f\u00fcr die Gesamtkosten sind die Betriebskosten des Flugzeugs pro Flugstunde. Alle Steuern und Zuschl\u00e4ge sind in den Preisen von StraightLine Private Flights enthalten.<\/p>\r\n\r\n\r\n\r\n<p>StraightLine Private Air belastet die Konten der Mitglieder pro Flug, und die Mitglieder k\u00f6nnen jederzeit Geld hinzuf\u00fcgen.<\/p>\r\n\r\n\r\n\r\n<h2 class=\"wp-block-heading\"><span class=\"ez-toc-section\" id=\"Company_Jet_Card_Programs\"><\/span>Jet Card-Programme f\u00fcr Unternehmen<span class=\"ez-toc-section-end\"><\/span><\/h2>\r\n\r\n\r\n\r\n<p>StraightLine Private Air bietet drei Arten von Jet Cards an. Sehen wir uns an, worum es bei ihnen geht.<\/p>\r\n\r\n\r\n\r\n<h3 class=\"wp-block-heading\"><span class=\"ez-toc-section\" id=\"1_StraightLines_Silver_Jet_Card\"><\/span>1. StraightLine's Silber Jet Karte<span class=\"ez-toc-section-end\"><\/span><\/h3>\r\n\r\n\r\n\r\n<p>Die Eintrittsgeb\u00fchr f\u00fcr die Silver Jet Card ist mit $100.000 die niedrigste der drei Kategorien. Mitglieder erhalten einen eigenen Flugbotschafter und vollen Zugang zu allen Flugzeugkategorien. Es gibt keine Sperrdaten und keine Zuschl\u00e4ge f\u00fcr Spitzentage. Die Karte ist 18 Monate lang g\u00fcltig.<\/p>\r\n\r\n\r\n\r\n<h3 class=\"wp-block-heading\"><span class=\"ez-toc-section\" id=\"2_StraightLines_Platinum_Card\"><\/span>2. Die Platin-Karte von StraightLine<span class=\"ez-toc-section-end\"><\/span><\/h3>\r\n\r\n\r\n\r\n<p>Die Platinum Card kostet $200.000 und ist ideal f\u00fcr Familien, die flexiblere Reiserouten haben. Mitglieder und ihre unmittelbaren Familienangeh\u00f6rigen erhalten alle Vorteile der Silver Jet Card, und ein stellvertretender Hauptpassagier kann die Jet Card ebenfalls nutzen. Es gibt kein Verfallsdatum und keine R\u00fcckerstattung.<\/p>\r\n\r\n\r\n\r\n<h3 class=\"wp-block-heading\"><span class=\"ez-toc-section\" id=\"3_StraightLines_Black_Card\"><\/span>3. Die Schwarze Karte von StraightLine<span class=\"ez-toc-section-end\"><\/span><\/h3>\r\n\r\n\r\n\r\n<p>Die Black Card kostet $300.000 und ist bei den Kunden die beliebteste Wahl. Mitglieder erhalten alle Vorteile der Platinum Jet Card und k\u00f6nnen f\u00fcnf stellvertretende Hauptpassagiere f\u00fcr die Nutzung der Jet Card benennen. Es gibt kein Verfallsdatum.<\/p>\r\n\r\n\r\n\r\n<h2 class=\"wp-block-heading\"><span class=\"ez-toc-section\" id=\"The_Fleet\"><\/span>Die Flotte&nbsp;<span class=\"ez-toc-section-end\"><\/span><\/h2>\r\n\r\n\r\n\r\n<figure class=\"wp-block-image size-full is-style-default\"><img loading=\"lazy\" decoding=\"async\" width=\"1000\" height=\"667\" src=\"https:\/\/comparemyjet.com\/wp-content\/uploads\/2022\/10\/plane.leaving.a.trace_.in_.the_.clouds-2.jpg\" alt=\"StraightLine Private Air\" class=\"wp-image-3509\" srcset=\"https:\/\/comparemyjet.com\/wp-content\/uploads\/2022\/10\/plane.leaving.a.trace_.in_.the_.clouds-2-18x12.jpg 18w, https:\/\/comparemyjet.com\/wp-content\/uploads\/2022\/10\/plane.leaving.a.trace_.in_.the_.clouds-2-300x200.jpg 300w, https:\/\/comparemyjet.com\/wp-content\/uploads\/2022\/10\/plane.leaving.a.trace_.in_.the_.clouds-2-768x512.jpg 768w, https:\/\/comparemyjet.com\/wp-content\/uploads\/2022\/10\/plane.leaving.a.trace_.in_.the_.clouds-2.jpg 1000w\" sizes=\"auto, (max-width: 1000px) 100vw, 1000px\" \/><\/figure>\r\n\r\n\r\n\r\n<p>StraightLine besitzt keine eigene Flotte und bezieht die Flugzeuge von Drittanbietern von Privatjets. StraightLine arbeitet mit Privatjetbesitzern in den gesamten Vereinigten Staaten zusammen und mietet Jets, um den Kunden einen bequemen und kosteng\u00fcnstigen Service zu bieten.<\/p>\r\n\r\n\r\n\r\n<h3 class=\"wp-block-heading\"><span class=\"ez-toc-section\" id=\"1_Piston_Propellers\"><\/span>1. Kolbenpropeller&nbsp;<span class=\"ez-toc-section-end\"><\/span><\/h3>\r\n\r\n\r\n\r\n<p>Passagiere k\u00f6nnen mit modernen Kolbenpropellern fliegen, um Geld zu sparen, ohne auf Komfort verzichten zu m\u00fcssen. Ein Kolbenpropeller ist eine ausgezeichnete Wahl f\u00fcr schnelle Reisen, egal ob Sie allein oder mit einer kleinen Gruppe unterwegs sind. Kolbenflugzeuge k\u00f6nnen auf fast jedem Flugplatz starten und landen.<\/p>\r\n\r\n\r\n\r\n<h4 class=\"wp-block-heading\"><span class=\"ez-toc-section\" id=\"Piston_Propellers_Specifications\"><\/span>Piston Propeller Spezifikationen<span class=\"ez-toc-section-end\"><\/span><\/h4>\r\n\r\n\r\n\r\n<p>Kolbenpropeller bieten Platz f\u00fcr bis zu vier Passagiere. Sie haben eine maximale Flugreichweite von 500 Meilen und eine Reisegeschwindigkeit von 250 mph. Der durchschnittliche Stundenpreis f\u00fcr StraightLine Private Air Mitglieder liegt zwischen $950 und $1.950.<\/p>\r\n\r\n\r\n\r\n<h3 class=\"wp-block-heading\"><span class=\"ez-toc-section\" id=\"2_Turboprops\"><\/span>2. Turboprops<span class=\"ez-toc-section-end\"><\/span><\/h3>\r\n\r\n\r\n\r\n<p>Mit Turboprop-Flugzeugen k\u00f6nnen Passagiere kurze und mittlere Distanzen zur\u00fccklegen. Diese kosteng\u00fcnstigen Flugzeuge eignen sich perfekt f\u00fcr verschiedene Reisen, da sie Zugang zu kleineren Flugh\u00e4fen bieten, die von gr\u00f6\u00dferen Flugzeugen nicht angeflogen werden k\u00f6nnen.<\/p>\r\n\r\n\r\n\r\n<h4 class=\"wp-block-heading\"><span class=\"ez-toc-section\" id=\"Turboprops_Specifications\"><\/span>Turboprops Spezifikationen<span class=\"ez-toc-section-end\"><\/span><\/h4>\r\n\r\n\r\n\r\n<p>Turboprops bieten Platz f\u00fcr bis zu acht Passagiere. Sie haben eine maximale Flugreichweite von 1.250 Meilen und eine Reisegeschwindigkeit von 350 mph. Der durchschnittliche Stundenpreis f\u00fcr StraightLine Private Air Mitglieder liegt zwischen $3.450 und $4.950.<\/p>\r\n\r\n\r\n\r\n<h3 class=\"wp-block-heading\"><span class=\"ez-toc-section\" id=\"3_Very_Light_and_Light_Private_Jets\"><\/span>3. Sehr leichte und leichte Privatjets<span class=\"ez-toc-section-end\"><\/span><\/h3>\r\n\r\n\r\n\r\n<p>Sehr leichte Jets sind eine beliebte Wahl f\u00fcr Passagiere, die kurze und mittlere Strecken fliegen. Leichte Jets werden h\u00e4ufig f\u00fcr Reisen mit einer Dauer von drei bis vier Stunden gew\u00e4hlt und k\u00f6nnen 1.500 Meilen ohne Zwischenstopp zur\u00fccklegen.&nbsp;<\/p>\r\n\r\n\r\n\r\n<h4 class=\"wp-block-heading\"><span class=\"ez-toc-section\" id=\"Light_and_Very_Light_Jets_Specifications\"><\/span>Leichte und sehr leichte Jets Spezifikationen<span class=\"ez-toc-section-end\"><\/span><\/h4>\r\n\r\n\r\n\r\n<p>Sehr leichte Jets bieten Platz f\u00fcr vier bis f\u00fcnf Passagiere und fliegen mit einer maximalen Reisegeschwindigkeit von 450 mph und einer maximalen Flugreichweite von 750 Meilen. Der durchschnittliche Stundenpreis f\u00fcr StraightLine Private Air Mitglieder liegt zwischen $3.950 und $5.250.<\/p>\r\n\r\n\r\n\r\n<p>Light Jets k\u00f6nnen bis zu acht Passagiere aufnehmen und fliegen mit einer maximalen Reisegeschwindigkeit von 500 mph und einer maximalen Flugreichweite von 1.500 Meilen. Der durchschnittliche Stundenpreis f\u00fcr StraightLine Private Air Mitglieder liegt zwischen $4.250 und $5.950.<\/p>\r\n\r\n\r\n\r\n<h3 class=\"wp-block-heading\"><span class=\"ez-toc-section\" id=\"4_Midsize_and_Super-Midsize_Private_Jets\"><\/span>4. Mittelgro\u00dfe und super-mittelgro\u00dfe Privatjets&nbsp;<span class=\"ez-toc-section-end\"><\/span><\/h3>\r\n\r\n\r\n\r\n<p>Midsize-Jets bieten eine gr\u00f6\u00dfere Flugreichweite und eine ger\u00e4umigere Kabine als Light Jets. Diese Flugzeuge verf\u00fcgen in der Regel \u00fcber ger\u00e4umige Sofas f\u00fcr den Komfort der Passagiere sowie \u00fcber eine erweiterte Bordk\u00fcche und Toilettenanlagen.<\/p>\r\n\r\n\r\n\r\n<p>Super-Midsize-Jets haben eine gr\u00f6\u00dfere Reichweite als Midsize-Jets und ger\u00e4umigere Kabinen. Diese Flugzeuge sind eine kosteng\u00fcnstige und treibstoffsparende Alternative zu gro\u00dfen Jets, da sie lange Strecken fliegen k\u00f6nnen.&nbsp;<\/p>\r\n\r\n\r\n\r\n<h4 class=\"wp-block-heading\"><span class=\"ez-toc-section\" id=\"Midsize_and_Super-Midsize_Jets_Specifications\"><\/span>Spezifikationen f\u00fcr Mittelklasse- und Super-Mittelklasse-Jets<span class=\"ez-toc-section-end\"><\/span><\/h4>\r\n\r\n\r\n\r\n<p>Mittelgro\u00dfe Jets bieten Platz f\u00fcr bis zu zehn Passagiere und fliegen mit einer maximalen Reisegeschwindigkeit von 550 mph und einer maximalen Flugreichweite von 3.000 Meilen. Der durchschnittliche Stundenpreis f\u00fcr StraightLine Private Air Mitglieder liegt zwischen $5.950 und $7.450.<\/p>\r\n\r\n\r\n\r\n<p>Die Super-Midsize-Jets bieten Platz f\u00fcr bis zu 12 Passagiere und fliegen mit einer maximalen Reisegeschwindigkeit von 600 mph und einer maximalen Flugreichweite von 4.500 Meilen. Der durchschnittliche Stundenpreis f\u00fcr StraightLine Private Air Mitglieder liegt zwischen $6.250 und $8.950.<\/p>\r\n\r\n\r\n\r\n<h3 class=\"wp-block-heading\"><span class=\"ez-toc-section\" id=\"5_Large_Private_Jets\"><\/span>5. Gro\u00dfe Privatjets<span class=\"ez-toc-section-end\"><\/span><\/h3>\r\n\r\n\r\n\r\n<p>Gro\u00dfe Privatflugzeuge, so genannte Heavy Jets, zeichnen sich durch ihre immense Gr\u00f6\u00dfe und ihren hohen Komfort aus. Die Annehmlichkeiten in dieser Klasse sind praktisch grenzenlos, und die Flugreichweite erm\u00f6glicht mehr als 12 Stunden Nonstop-Flug.&nbsp;<\/p>\r\n\r\n\r\n\r\n<p>Die Flugzeuge sind mit Wi-Fi und Unterhaltungssystemen ausgestattet, und die Innenausstattung kann f\u00fcr Gesch\u00e4ftsbesprechungen oder Unterhaltungsoptionen konfiguriert werden.<\/p>\r\n\r\n\r\n\r\n<h4 class=\"wp-block-heading\"><span class=\"ez-toc-section\" id=\"Large_Jets_Specifications\"><\/span>Gro\u00dfe D\u00fcsen Spezifikationen<span class=\"ez-toc-section-end\"><\/span><\/h4>\r\n\r\n\r\n\r\n<p>Die gro\u00dfen Jets bieten Platz f\u00fcr bis zu 16 Passagiere und haben eine maximale Reisegeschwindigkeit von 650 mph und eine maximale Flugreichweite von 6.500 Meilen. Der durchschnittliche Stundenpreis f\u00fcr StraightLine Private Air Mitglieder liegt zwischen $7.950 und $12.950.<\/p>\r\n\r\n\r\n\r\n<h2 class=\"wp-block-heading\"><span class=\"ez-toc-section\" id=\"Company_Safety_Policy_and_Standards\"><\/span>Sicherheitspolitik und -standards des Unternehmens<span class=\"ez-toc-section-end\"><\/span><\/h2>\r\n\r\n\r\n\r\n<figure class=\"wp-block-image size-full is-style-default\"><img loading=\"lazy\" decoding=\"async\" width=\"1000\" height=\"442\" src=\"https:\/\/comparemyjet.com\/wp-content\/uploads\/2022\/09\/little.plane_.in_.the_.hand_.of_.a.businessman.jpg\" alt=\"\" class=\"wp-image-3335\" srcset=\"https:\/\/comparemyjet.com\/wp-content\/uploads\/2022\/09\/little.plane_.in_.the_.hand_.of_.a.businessman-18x8.jpg 18w, https:\/\/comparemyjet.com\/wp-content\/uploads\/2022\/09\/little.plane_.in_.the_.hand_.of_.a.businessman-300x133.jpg 300w, https:\/\/comparemyjet.com\/wp-content\/uploads\/2022\/09\/little.plane_.in_.the_.hand_.of_.a.businessman-768x339.jpg 768w, https:\/\/comparemyjet.com\/wp-content\/uploads\/2022\/09\/little.plane_.in_.the_.hand_.of_.a.businessman.jpg 1000w\" sizes=\"auto, (max-width: 1000px) 100vw, 1000px\" \/><\/figure>\r\n\r\n\r\n\r\n<p>StraightLine erf\u00fcllt die <a href=\"https:\/\/www.faa.gov\/\" target=\"_blank\" rel=\"noopener\">FAA<\/a>Standards f\u00fcr den Charterbetrieb. Das Unternehmen setzt nur von der FAA zugelassene Flugzeuge ein, die in den FAR (Federal Aviation Regulations) Part 135 Charter Operators aufgef\u00fchrt sind.&nbsp;<\/p>\r\n\r\n\r\n\r\n<p>Die Fl\u00fcge werden unter der operativen Verantwortung des Charterunternehmens StraightLine Private Air durchgef\u00fchrt, das die Piloten anstellt, sich um die Wartung k\u00fcmmert und die Flugzeuge betreibt.&nbsp;<\/p>\r\n\r\n\r\n\r\n<p>StraightLine arbeitet eng mit den besten Charterunternehmen der Branche zusammen und setzt nur Flugzeuge ein, die die Inspektionen entweder durch <a href=\"https:\/\/www.wyvernltd.com\/\" target=\"_blank\" rel=\"noopener\">Wyvern <\/a>oder <a href=\"https:\/\/www.argus.aero\/\" target=\"_blank\" rel=\"noopener\">ARGUS<\/a> um die Sicherheit der Fahrg\u00e4ste zu gew\u00e4hrleisten.&nbsp;<\/p>\r\n\r\n\r\n\r\n<h2 class=\"wp-block-heading\"><span class=\"ez-toc-section\" id=\"Conclusion\"><\/span>Schlussfolgerung<span class=\"ez-toc-section-end\"><\/span><\/h2>\r\n\r\n\r\n\r\n<p>Das 2016 gegr\u00fcndete Unternehmen StraightLine Private Air vermittelt seinen Kunden Fl\u00fcge mit Flugzeugen von Drittanbietern. Kunden k\u00f6nnen jederzeit eine breite Palette von Flugzeugen chartern, von Kolbenpropellern bis zu schweren Jets.&nbsp;<\/p>\r\n\r\n\r\n\r\n<p>Mitglieder des auf Kaution basierenden StraightLine Private Air Programms k\u00f6nnen f\u00fcr jede Reise den Flugzeugtyp w\u00e4hlen, der ihren Bed\u00fcrfnissen am besten entspricht. Das Programm ist ideal f\u00fcr Vielflieger, die beabsichtigen, mehrere Flugzeugtypen zu nutzen.&nbsp;<\/p>","protected":false},"excerpt":{"rendered":"<p>StraightLine Private Air ist ein Charter-Vermittlungsunternehmen, das seinen Kunden hilft, den am besten geeigneten Privatjet f\u00fcr ihre Reise zu finden. Der Charterservice unterh\u00e4lt Partnerschaften mit Privatjetbesitzern und Drittanbietern in den gesamten USA, die es ihm erm\u00f6glichen, eine dynamische Preisstrategie anzuwenden, damit seine Kunden kosteng\u00fcnstige Luxusreisen genie\u00dfen k\u00f6nnen.  Schauen wir mal, was ...<\/p>","protected":false},"author":2,"featured_media":3508,"parent":0,"menu_order":0,"comment_status":"closed","ping_status":"closed","template":"","meta":{"_acf_changed":false,"_genesis_hide_title":false,"_genesis_hide_breadcrumbs":false,"_genesis_hide_singular_image":false,"_genesis_hide_footer_widgets":false,"_genesis_custom_body_class":"","_genesis_custom_post_class":"","_genesis_layout":"","footnotes":""},"class_list":{"1":"page","2":"type-page","6":"entry"},"acf":[],"_links":{"self":[{"href":"https:\/\/comparemyjet.com\/de\/wp-json\/wp\/v2\/pages\/3507","targetHints":{"allow":["GET"]}}],"collection":[{"href":"https:\/\/comparemyjet.com\/de\/wp-json\/wp\/v2\/pages"}],"about":[{"href":"https:\/\/comparemyjet.com\/de\/wp-json\/wp\/v2\/types\/page"}],"author":[{"embeddable":true,"href":"https:\/\/comparemyjet.com\/de\/wp-json\/wp\/v2\/users\/2"}],"replies":[{"embeddable":true,"href":"https:\/\/comparemyjet.com\/de\/wp-json\/wp\/v2\/comments?post=3507"}],"version-history":[{"count":2,"href":"https:\/\/comparemyjet.com\/de\/wp-json\/wp\/v2\/pages\/3507\/revisions"}],"predecessor-version":[{"id":3552,"href":"https:\/\/comparemyjet.com\/de\/wp-json\/wp\/v2\/pages\/3507\/revisions\/3552"}],"wp:featuredmedia":[{"embeddable":true,"href":"https:\/\/comparemyjet.com\/de\/wp-json\/wp\/v2\/media\/3508"}],"wp:attachment":[{"href":"https:\/\/comparemyjet.com\/de\/wp-json\/wp\/v2\/media?parent=3507"}],"curies":[{"name":"wp","href":"https:\/\/api.w.org\/{rel}","templated":true}]}}