{"id":3559,"date":"2022-10-15T01:08:04","date_gmt":"2022-10-15T01:08:04","guid":{"rendered":"https:\/\/comparemyjet.com\/?page_id=3559"},"modified":"2025-09-04T10:03:18","modified_gmt":"2025-09-04T10:03:18","slug":"verijet","status":"publish","type":"page","link":"https:\/\/comparemyjet.com\/de\/verijet\/","title":{"rendered":"VeriJet Flugpreisgestaltung"},"content":{"rendered":"<p>Verijet ist eine innovative Fluggesellschaft, die sich von anderen Fluggesellschaften unterscheidet. <a href=\"https:\/\/comparemyjet.com\/de\/wie-mietet-man-ein-privatflugzeug\/\" data-internallinksmanager029f6b8e52c=\"15\" title=\"Wie kann man einen Privatjet mieten oder chartern?\">Privatjet-Charter<\/a> Die meisten dieser Kriterien lassen sich auf die Flotte von Cirrus SF-50 Vision Jets des Unternehmens zur\u00fcckf\u00fchren. Das Unternehmen wurde im Jahr 2020 gegr\u00fcndet und hat seinen Hauptsitz in Vero Beach, Florida.<\/p>\r\n\r\n\r\n\r\n<p>Um Fl\u00fcge erschwinglicher zu machen, hat Verijet eine Flugoptimierungsmaschine entwickelt und eine eigene Flotte von G2+ Vision Jets auf den Markt gebracht, die leistungsf\u00e4higer und besser f\u00fcr schwierige Start- und Landebahnen und l\u00e4ngere Strecken ausger\u00fcstet sind. Diese Jets haben au\u00dfergew\u00f6hnliche Sicherheitswerte und f\u00fchren 100% klimaneutrale Fl\u00fcge durch.&nbsp;<\/p>\r\n\r\n\r\n\r\n<p>Nach einem erfolgreichen Start in der s\u00fcd\u00f6stlichen Region der Vereinigten Staaten beabsichtigt Verijet, \u00fcberall in den USA schnelle und kosteng\u00fcnstige Privatfl\u00fcge anzubieten.<\/p>\r\n\r\n\r\n\r\n<div id=\"ez-toc-container\" class=\"ez-toc-v2_0_76 counter-hierarchy ez-toc-counter ez-toc-grey ez-toc-container-direction\">\n<p class=\"ez-toc-title\" style=\"cursor:inherit\">Themen<\/p>\n<label for=\"ez-toc-cssicon-toggle-item-69f46a2aba829\" class=\"ez-toc-cssicon-toggle-label\"><span class=\"\"><span class=\"eztoc-hide\" style=\"display:none;\">Umschalten auf<\/span><span class=\"ez-toc-icon-toggle-span\"><svg style=\"fill: #999;color:#999\" xmlns=\"http:\/\/www.w3.org\/2000\/svg\" class=\"list-377408\" width=\"20px\" height=\"20px\" viewbox=\"0 0 24 24\" fill=\"none\"><path d=\"M6 6H4v2h2V6zm14 0H8v2h12V6zM4 11h2v2H4v-2zm16 0H8v2h12v-2zM4 16h2v2H4v-2zm16 0H8v2h12v-2z\" fill=\"currentColor\"><\/path><\/svg><svg style=\"fill: #999;color:#999\" class=\"arrow-unsorted-368013\" xmlns=\"http:\/\/www.w3.org\/2000\/svg\" width=\"10px\" height=\"10px\" viewbox=\"0 0 24 24\" version=\"1.2\" baseprofile=\"tiny\"><path d=\"M18.2 9.3l-6.2-6.3-6.2 6.3c-.2.2-.3.4-.3.7s.1.5.3.7c.2.2.4.3.7.3h11c.3 0 .5-.1.7-.3.2-.2.3-.5.3-.7s-.1-.5-.3-.7zM5.8 14.7l6.2 6.3 6.2-6.3c.2-.2.3-.5.3-.7s-.1-.5-.3-.7c-.2-.2-.4-.3-.7-.3h-11c-.3 0-.5.1-.7.3-.2.2-.3.5-.3.7s.1.5.3.7z\"\/><\/svg><\/span><\/span><\/label><input type=\"checkbox\"  id=\"ez-toc-cssicon-toggle-item-69f46a2aba829\" checked aria-label=\"Umschalten auf\" \/><nav><ul class='ez-toc-list ez-toc-list-level-1' ><li class='ez-toc-page-1 ez-toc-heading-level-2'><a class=\"ez-toc-link ez-toc-heading-1\" href=\"https:\/\/comparemyjet.com\/de\/verijet\/#About_the_Company\" >\u00dcber das Unternehmen<\/a><ul class='ez-toc-list-level-3' ><li class='ez-toc-heading-level-3'><a class=\"ez-toc-link ez-toc-heading-2\" href=\"https:\/\/comparemyjet.com\/de\/verijet\/#The_G2_Vision_Jets_Fleet\" >Die G2+ Vision Jets Flotte<\/a><\/li><\/ul><\/li><li class='ez-toc-page-1 ez-toc-heading-level-2'><a class=\"ez-toc-link ez-toc-heading-3\" href=\"https:\/\/comparemyjet.com\/de\/verijet\/#Pricing\" >Preisgestaltung<\/a><\/li><li class='ez-toc-page-1 ez-toc-heading-level-2'><a class=\"ez-toc-link ez-toc-heading-4\" href=\"https:\/\/comparemyjet.com\/de\/verijet\/#Company_Jet_Card_Programs\" >Jet Card-Programme f\u00fcr Unternehmen<\/a><ul class='ez-toc-list-level-3' ><li class='ez-toc-heading-level-3'><a class=\"ez-toc-link ez-toc-heading-5\" href=\"https:\/\/comparemyjet.com\/de\/verijet\/#25_Hour_JetCard\" >25-Stunden-JetCard<\/a><\/li><li class='ez-toc-page-1 ez-toc-heading-level-3'><a class=\"ez-toc-link ez-toc-heading-6\" href=\"https:\/\/comparemyjet.com\/de\/verijet\/#50_Hour_JetCard\" >50-Stunden-JetCard<\/a><\/li><li class='ez-toc-page-1 ez-toc-heading-level-3'><a class=\"ez-toc-link ez-toc-heading-7\" href=\"https:\/\/comparemyjet.com\/de\/verijet\/#100_Hour_JetCard\" >100-Stunden-JetCard<\/a><\/li><\/ul><\/li><li class='ez-toc-page-1 ez-toc-heading-level-2'><a class=\"ez-toc-link ez-toc-heading-8\" href=\"https:\/\/comparemyjet.com\/de\/verijet\/#The_Fleet\" >Die Flotte&nbsp;<\/a><ul class='ez-toc-list-level-4' ><li class='ez-toc-heading-level-4'><ul class='ez-toc-list-level-4' ><li class='ez-toc-heading-level-4'><a class=\"ez-toc-link ez-toc-heading-9\" href=\"https:\/\/comparemyjet.com\/de\/verijet\/#Characteristics_of_The_Cirrus_SF-50_Vision_Jet\" >Merkmale des Cirrus SF-50 Vision Jet<\/a><\/li><\/ul><\/li><\/ul><\/li><li class='ez-toc-page-1 ez-toc-heading-level-2'><a class=\"ez-toc-link ez-toc-heading-10\" href=\"https:\/\/comparemyjet.com\/de\/verijet\/#Company_Safety_Policy_and_Standards\" >Sicherheitspolitik und -standards des Unternehmens<\/a><\/li><li class='ez-toc-page-1 ez-toc-heading-level-2'><a class=\"ez-toc-link ez-toc-heading-11\" href=\"https:\/\/comparemyjet.com\/de\/verijet\/#Pilots\" >Lotsen<\/a><\/li><li class='ez-toc-page-1 ez-toc-heading-level-2'><a class=\"ez-toc-link ez-toc-heading-12\" href=\"https:\/\/comparemyjet.com\/de\/verijet\/#Partnerships\" >Partnerschaften<\/a><\/li><li class='ez-toc-page-1 ez-toc-heading-level-2'><a class=\"ez-toc-link ez-toc-heading-13\" href=\"https:\/\/comparemyjet.com\/de\/verijet\/#Conclusion\" >Schlussfolgerung<\/a><\/li><\/ul><\/nav><\/div>\n<h2 class=\"wp-block-heading\"><span class=\"ez-toc-section\" id=\"About_the_Company\"><\/span>\u00dcber das Unternehmen<span class=\"ez-toc-section-end\"><\/span><\/h2>\r\n\r\n\r\n\r\n<p>Richard Kane, der Vorsitzende und CEO von Verijet, hat in der Telekommunikations- und Luftfahrtbranche gearbeitet, was ihn zur Gr\u00fcndung des Unternehmens inspirierte. Da er ein talentierter Pilot ist, der Geschwindigkeitsweltrekorde aufgestellt hat und Millionen von Anrufen pro Stunde in Echtzeit abwickeln kann, hat sich Verijet schnell zur ersten Adresse f\u00fcr Privatjet-Charterunternehmen entwickelt.<\/p>\r\n\r\n\r\n\r\n<p>Verijet hat ein Optimierungssystem entwickelt, das mit einem einzigen Mausklick ein Team von Planern ersetzen kann. Als unmittelbare Folge entfallen weitere Geb\u00fchren, was zu niedrigeren Flugpreisen f\u00fchrt. Kane testete sein Optimierungsverfahren auf einem Cluster virtueller Maschinen, die sich alle denselben Speicher- und Festplattenplatzpool teilen. Nachdem er verschiedene Optionen untersucht hatte, entschied er sich f\u00fcr <a href=\"https:\/\/www.ibm.com\/cloud\/bare-metal-servers\" target=\"_blank\" rel=\"noopener\">IBM Cloud Bare Metal Server<\/a> aufgrund ihrer Stabilit\u00e4t und Rechenleistung im Vergleich zur Optimierungsmaschine sowie ihres Zugangs zur IBM-Cloud-Plattform und der Unterst\u00fctzung durch Techniker und Berater.<\/p>\r\n\r\n\r\n\r\n<h3 class=\"wp-block-heading\"><span class=\"ez-toc-section\" id=\"The_G2_Vision_Jets_Fleet\"><\/span>Die G2+ Vision Jets Flotte<span class=\"ez-toc-section-end\"><\/span><\/h3>\r\n\r\n\r\n\r\n<figure class=\"wp-block-image size-full is-style-default\"><img loading=\"lazy\" decoding=\"async\" width=\"1000\" height=\"563\" src=\"https:\/\/comparemyjet.com\/wp-content\/uploads\/2022\/10\/G2-Vision-Jet-1.jpg\" alt=\"VeriJet\" class=\"wp-image-3562\" srcset=\"https:\/\/comparemyjet.com\/wp-content\/uploads\/2022\/10\/G2-Vision-Jet-1-18x10.jpg 18w, https:\/\/comparemyjet.com\/wp-content\/uploads\/2022\/10\/G2-Vision-Jet-1-300x169.jpg 300w, https:\/\/comparemyjet.com\/wp-content\/uploads\/2022\/10\/G2-Vision-Jet-1-768x432.jpg 768w, https:\/\/comparemyjet.com\/wp-content\/uploads\/2022\/10\/G2-Vision-Jet-1.jpg 1000w\" sizes=\"auto, (max-width: 1000px) 100vw, 1000px\" \/><\/figure>\r\n\r\n\r\n\r\n<p>Mit Hilfe dieser neuen Software war Kane in der Lage, seine eigene Flotte kleiner und \u00f6kologisch nachhaltiger Jets aufzubauen. Diese ger\u00e4uscharmen Jets mit einem Piloten und dem Markennamen Vision Jets halfen ihm beim Aufbau des Optimierungsmotors und bei der Arbeit an diesem n\u00e4chsten Schritt seines Plans.<\/p>\r\n\r\n\r\n\r\n<p>Diese Privatjets sind mit zukunftsweisenden Sicherheitsma\u00dfnahmen ausgestattet, wie dem Cirrus Airplane Parachute System (CAPS) und dem \"Safe Return\"-Knopf, der eine Notlandung per Autopilot erm\u00f6glicht. Die <a href=\"https:\/\/www.faa.gov\/\" target=\"_blank\" rel=\"noopener\">Federal Aviation Administration<\/a> mussten einige zus\u00e4tzliche H\u00fcrden \u00fcberwinden, da diese Funktionen so innovativ sind, bevor sie Vision Jets ihren Segen geben konnten, was sie schlie\u00dflich auch taten.<\/p>\r\n\r\n\r\n\r\n<p>Kanes Bedarf an Rechenleistung w\u00e4chst mit der Vergr\u00f6\u00dferung seines Kundenstamms und seiner Flotte von Vision Jets. Um dieses Ziel zu erreichen, f\u00fchrt er derzeit Gespr\u00e4che mit dem Quantum-Computing-Team bei IBM, um seine Optimierungsarbeit fortzusetzen.<\/p>\r\n\r\n\r\n\r\n<p>Der derzeitige Festpreis f\u00fcr einen Hinflug f\u00fcr den VeriJets-Dienst wurde innerhalb von <a href=\"https:\/\/comparemyjet.com\/de\/privatfuhrungen\/orlando-private-tours\/\" data-internallinksmanager029f6b8e52c=\"429\" title=\"11 beste Orlando Privatf\u00fchrungen von $5.99\">Orlando<\/a>Florida, und ab 2021 der Flughafen Santa Maria in Kalifornien. Der Nordosten der Vereinigten Staaten, Kanada und Europa stehen auf der Liste der potenziellen Expansionsstandorte.<\/p>\r\n\r\n\r\n\r\n<h2 class=\"wp-block-heading\"><span class=\"ez-toc-section\" id=\"Pricing\"><\/span>Preisgestaltung<span class=\"ez-toc-section-end\"><\/span><\/h2>\r\n\r\n\r\n\r\n<p>Die derzeitige Preisstruktur ist einfach. Die Kunden zahlen ein Minimum von sechzig Minuten Flugzeit sowie eine Bundesverbrauchssteuer von 7,5%, was insgesamt $3.000 pro Stunde ausmacht.&nbsp;<\/p>\r\n\r\n\r\n\r\n<h2 class=\"wp-block-heading\"><span class=\"ez-toc-section\" id=\"Company_Jet_Card_Programs\"><\/span>Jet Card-Programme f\u00fcr Unternehmen<span class=\"ez-toc-section-end\"><\/span><\/h2>\r\n\r\n\r\n\r\n<figure class=\"wp-block-image size-full is-style-default\"><img loading=\"lazy\" decoding=\"async\" width=\"1000\" height=\"442\" src=\"https:\/\/comparemyjet.com\/wp-content\/uploads\/2022\/09\/little.plane_.in_.the_.hand_.of_.a.businessman.jpg\" alt=\"\" class=\"wp-image-3335\" srcset=\"https:\/\/comparemyjet.com\/wp-content\/uploads\/2022\/09\/little.plane_.in_.the_.hand_.of_.a.businessman-18x8.jpg 18w, https:\/\/comparemyjet.com\/wp-content\/uploads\/2022\/09\/little.plane_.in_.the_.hand_.of_.a.businessman-300x133.jpg 300w, https:\/\/comparemyjet.com\/wp-content\/uploads\/2022\/09\/little.plane_.in_.the_.hand_.of_.a.businessman-768x339.jpg 768w, https:\/\/comparemyjet.com\/wp-content\/uploads\/2022\/09\/little.plane_.in_.the_.hand_.of_.a.businessman.jpg 1000w\" sizes=\"auto, (max-width: 1000px) 100vw, 1000px\" \/><\/figure>\r\n\r\n\r\n\r\n<p>Wenn Kunden eine Verijet JetCard erwerben, erhalten sie Buchungspriorit\u00e4t und haben die M\u00f6glichkeit, Flugzeitbl\u00f6cke mit einer L\u00e4nge von 25, 50 oder 100 Stunden zu kaufen. Schauen wir uns diese Optionen an.<\/p>\r\n\r\n\r\n\r\n<h3 class=\"wp-block-heading\"><span class=\"ez-toc-section\" id=\"25_Hour_JetCard\"><\/span>25-Stunden-JetCard<span class=\"ez-toc-section-end\"><\/span><\/h3>\r\n\r\n\r\n\r\n<p>Die 25-Stunden-Jet-Card kostet in der Anschaffung $81.250, und der Stundenpreis f\u00fcr jeden Flug betr\u00e4gt fest $3.250. Es gibt keinen Mitgliedsbeitrag, so dass der Kaufpreis eigentlich eine Anzahlung ist, von der der Stundenpreis bei jedem Flug abgezogen wird.&nbsp;<\/p>\r\n\r\n\r\n\r\n<ul class=\"wp-block-list\"><li>Es k\u00f6nnen Zuschl\u00e4ge erhoben werden.&nbsp;<\/li><li>Es gibt keinen t\u00e4glichen Mindestbetrag.&nbsp;<\/li><li>Die Karte ist ein Jahr lang g\u00fcltig. Haustiere sind an Bord willkommen.&nbsp;<\/li><li>Es ist eine Mindestflugzeit von einer Stunde erforderlich.&nbsp;<\/li><li>Die Stornierungsfrist betr\u00e4gt 72 Stunden vor dem Flug, und es gibt keine Spitzentage.<\/li><\/ul>\r\n\r\n\r\n\r\n<h3 class=\"wp-block-heading\"><span class=\"ez-toc-section\" id=\"50_Hour_JetCard\"><\/span>50-Stunden-JetCard<span class=\"ez-toc-section-end\"><\/span><\/h3>\r\n\r\n\r\n\r\n<p>Die 50-Stunden-Jet-Card kostet in der Anschaffung $152.500, und der Stundenpreis f\u00fcr jeden Flug betr\u00e4gt $3.050 fix.&nbsp;<\/p>\r\n\r\n\r\n\r\n<ul class=\"wp-block-list\"><li>Keine Mitgliedsbeitr\u00e4ge.&nbsp;<\/li><li>Es k\u00f6nnen Zuschl\u00e4ge erhoben werden.&nbsp;<\/li><li>Es gibt keinen t\u00e4glichen Mindestbetrag.&nbsp;<\/li><li>Die Karte ist 15 Monate lang g\u00fcltig.<\/li><li>Haustiere sind an Bord willkommen.&nbsp;<\/li><li>Es ist eine Mindestflugzeit von einer Stunde erforderlich.&nbsp;<\/li><li>Die Stornierungsfrist betr\u00e4gt 48 Stunden vor dem Flug und es gibt keine Spitzentage.<\/li><\/ul>\r\n\r\n\r\n\r\n<h3 class=\"wp-block-heading\"><span class=\"ez-toc-section\" id=\"100_Hour_JetCard\"><\/span>100-Stunden-JetCard<span class=\"ez-toc-section-end\"><\/span><\/h3>\r\n\r\n\r\n\r\n<p>Die 50-Stunden-Jet-Card kostet in der Anschaffung $275.000, und der Stundenpreis f\u00fcr jeden Flug betr\u00e4gt $2.750 fix.&nbsp;<\/p>\r\n\r\n\r\n\r\n<ul class=\"wp-block-list\"><li>Ein Mitgliedsbeitrag wird nicht erhoben.&nbsp;<\/li><li>Es k\u00f6nnen Zuschl\u00e4ge erhoben werden.&nbsp;<\/li><li>Es gibt einen t\u00e4glichen Mindestbetrag.&nbsp;<\/li><li>Die Karte ist 18 Monate lang g\u00fcltig.&nbsp;<\/li><li>Haustiere sind an Bord willkommen.&nbsp;<\/li><li>Es ist eine Mindestflugzeit von einer Stunde erforderlich.&nbsp;<\/li><li>Die Stornierungsfrist betr\u00e4gt 120 Stunden vor dem Flug und keine Spitzentage.<\/li><\/ul>\r\n\r\n\r\n\r\n<p>Sie k\u00f6nnen den Vergleich der Jetcards nebeneinander sehen und eine Reservierung auf folgender Seite vornehmen <a href=\"https:\/\/www.verijet.com\/Verijet-JetCard\" target=\"_blank\" rel=\"noopener\">Link<\/a>.<\/p>\r\n\r\n\r\n\r\n<h2 class=\"wp-block-heading\"><span class=\"ez-toc-section\" id=\"The_Fleet\"><\/span>Die Flotte&nbsp;<span class=\"ez-toc-section-end\"><\/span><\/h2>\r\n\r\n\r\n\r\n<figure class=\"wp-block-image is-style-default\"><img decoding=\"async\" src=\"https:\/\/comparemyjet.com\/wp-content\/uploads\/ccVHG_SOHNe_ne2YdOrnGlWyXNclOSUinAFhoJmSXeT1HEmx4_1GOoLo9bqXbbqWticFT5_gfpez-U2nynnVY1wK9aDdTTij7wffVow9ytmtX1sM-S9ozw2of6wQiRhT6xGbMrqx6IOtteUpDLtWJRQd3QDb9JnlE6RZlXwhUIBVNHG1dIz8FBQHUA.jpg\" alt=\"\"\/><\/figure>\r\n\r\n\r\n\r\n<p>Der Cirrus SF-50 Vision Jet wird von einem einzigen Marschflugk\u00f6rper-Triebwerk angetrieben. Dies erm\u00f6glicht es den Jets, niedrig und langsam zu fliegen und dabei nur ein Neuntel der Kohlenstoffemissionen zu hinterlassen, die ein typisches Privatflugzeug verursacht. Da die Vision Jets vier verschiedene Arten von Biokraftstoff verbrennen k\u00f6nnen, sind sie in der Lage, v\u00f6llig kohlenstofffreie Fl\u00fcge zu absolvieren.<\/p>\r\n\r\n\r\n\r\n<p>Die Umweltvorteile dieser Elemente sind jedoch nicht der einzige Grund, warum sie w\u00fcnschenswert sind. Sie erm\u00f6glichen es Verijet auch, zahlreiche Flugh\u00e4fen anzufliegen, was die Bef\u00f6rderung der Kunden zu ihren Zielorten beschleunigt.<\/p>\r\n\r\n\r\n\r\n<h4 class=\"wp-block-heading\"><span class=\"ez-toc-section\" id=\"Characteristics_of_The_Cirrus_SF-50_Vision_Jet\"><\/span>Merkmale des Cirrus SF-50 Vision Jet<span class=\"ez-toc-section-end\"><\/span><\/h4>\r\n\r\n\r\n\r\n<p>Der Cirrus Aircraft Vision Jet ist das Ergebnis unerm\u00fcdlicher Forschungs- und Entwicklungsarbeit. Seine Leistung ist au\u00dfergew\u00f6hnlich, und er ist einfach zu fliegen und zu warten. Der Vision Jet hat viel Lob und Anerkennung erhalten, darunter auch die Robert J. Collier Trophy.&nbsp;<\/p>\r\n\r\n\r\n\r\n<p>Die Kohlefaserstruktur bietet ein Gef\u00fchl von Raum im Flugzeug, mit \u00fcberraschend viel Kopf- und Schulterfreiheit und breiten Fenstern. Die Kabine wurde als die gr\u00f6\u00dfte in ihrer Kategorie konzipiert.<\/p>\r\n\r\n\r\n\r\n<p>Das Unterhaltungsdisplay kann mit den meisten Ger\u00e4ten verbunden werden, und die Mittelkonsole l\u00e4sst sich in einen modernen Arbeitsplatz f\u00fcr die Passagiere umwandeln.<\/p>\r\n\r\n\r\n\r\n<p>Das WiFi wird von Gogo InFlight Wi-Fi zur Verf\u00fcgung gestellt, und der zus\u00e4tzliche Vorteil von USB-C-Anschl\u00fcssen erm\u00f6glicht es den Passagieren, ihre elektronischen Ger\u00e4te auch w\u00e4hrend des Fluges aufzuladen.<\/p>\r\n\r\n\r\n\r\n<p>Dar\u00fcber hinaus werden die Jets in einer umfangreichen Farbpalette hergestellt, um jedem \u00e4sthetischen Wunsch gerecht zu werden, und sind mit luxuri\u00f6sem Lederinterieur und Polsterungszubeh\u00f6r ausgestattet. Mit insgesamt 28 verschiedenen Sitzanordnungen sind die Passagiere besonders vielseitig, denn jeder Kabinensitz ist vollst\u00e4ndig modular und kann bei Bedarf m\u00fchelos entfernt werden.<\/p>\r\n\r\n\r\n\r\n<p>Spezifikationen:<\/p>\r\n\r\n\r\n\r\n<ul class=\"wp-block-list\"><li>Passagiere: 7;<\/li><li>Volle L\u00e4nge: 30 ft 7 in;&nbsp;<\/li><li>Fl\u00fcgelspannweite: 38 ft 7 in;&nbsp;<\/li><li>Volle H\u00f6he: 10 ft 9 in;<\/li><li>Kabinenh\u00f6he: 4 ft 1 in;<\/li><li>Kabinenbreite: 5 ft 1 in;&nbsp;<\/li><li>Steiggeschwindigkeit: 1.609 ft\/min;<\/li><li>Maximale Reisegeschwindigkeit: 311 ktas;<\/li><li>Maximale Flugreichweite: 1.275 nm;<\/li><li>Panoramascheiben;<\/li><li>Druckkabine;<\/li><li>Klimatisierung hinten;<\/li><li>Akzentuierte Beleuchtung<\/li><\/ul>\r\n\r\n\r\n\r\n<h2 class=\"wp-block-heading\"><span class=\"ez-toc-section\" id=\"Company_Safety_Policy_and_Standards\"><\/span>Sicherheitspolitik und -standards des Unternehmens<span class=\"ez-toc-section-end\"><\/span><\/h2>\r\n\r\n\r\n\r\n<p>W\u00e4hrend der COVID-19-Epidemie wurde das Flugzeug sowohl vor als auch nach dem Start vollst\u00e4ndig gereinigt. Die Passagiere berichteten, dass sie sich w\u00e4hrend der gesamten Zeit au\u00dferordentlich sicher f\u00fchlten, und der CO2-Fu\u00dfabdruck des Flugzeugs war nur ein Neuntel so gro\u00df wie der eines mittelgro\u00dfen Jets.<\/p>\r\n\r\n\r\n\r\n<p>Das Flugzeug, das VeriJet anbietet, verf\u00fcgt \u00fcber ein Cirrus Airframe Parachute System und eine Safe ReturnTM Notlandung. Die Safe Return Notlandung bietet eine neue Option zum Schutz der Passagiere, indem sie es den Piloten erm\u00f6glicht, den Jet in einer Notsituation mit einem einfachen Knopfdruck zu landen. Dies macht die Autoland-Funktion zu einer hervorragenden Erg\u00e4nzung des Vision Jets.<\/p>\r\n\r\n\r\n\r\n<h2 class=\"wp-block-heading\"><span class=\"ez-toc-section\" id=\"Pilots\"><\/span>Lotsen<span class=\"ez-toc-section-end\"><\/span><\/h2>\r\n\r\n\r\n\r\n<figure class=\"wp-block-image size-full is-style-default\"><img loading=\"lazy\" decoding=\"async\" width=\"1000\" height=\"667\" src=\"https:\/\/comparemyjet.com\/wp-content\/uploads\/2022\/09\/pilot.boarding.on_.a.private.jet_.jpg\" alt=\"\" class=\"wp-image-3231\" srcset=\"https:\/\/comparemyjet.com\/wp-content\/uploads\/2022\/09\/pilot.boarding.on_.a.private.jet_-18x12.jpg 18w, https:\/\/comparemyjet.com\/wp-content\/uploads\/2022\/09\/pilot.boarding.on_.a.private.jet_-300x200.jpg 300w, https:\/\/comparemyjet.com\/wp-content\/uploads\/2022\/09\/pilot.boarding.on_.a.private.jet_-768x512.jpg 768w, https:\/\/comparemyjet.com\/wp-content\/uploads\/2022\/09\/pilot.boarding.on_.a.private.jet_.jpg 1000w\" sizes=\"auto, (max-width: 1000px) 100vw, 1000px\" \/><\/figure>\r\n\r\n\r\n\r\n<p>Jeder Vision Jet ist standardm\u00e4\u00dfig mit einer erstklassigen Pilotenausbildung im Vision Center Campus ausgestattet.<\/p>\r\n\r\n\r\n\r\n<h2 class=\"wp-block-heading\"><span class=\"ez-toc-section\" id=\"Partnerships\"><\/span>Partnerschaften<span class=\"ez-toc-section-end\"><\/span><\/h2>\r\n\r\n\r\n\r\n<p>Coflyt ist eine intelligente Luftfahrtsoftware, die Flugzeugbesitzern, Unternehmen und Luftfahrtorganisationen die Sicherheit gibt, die sie f\u00fcr den Betrieb ihrer Flugzeuge ben\u00f6tigen.&nbsp;<\/p>\r\n\r\n\r\n\r\n<p>Coflyt wurde von Piloten entwickelt, um den Besitz von Flugzeugen effizienter zu gestalten. Es zentralisiert Flugaufzeichnungen, verwaltet Flugkarten, analysiert die Leistung, zeigt die Verf\u00fcgbarkeit von Flugzeugen an, liefert Status-Updates an Flugzeug- und Teilelieferanten und vereinfacht unter anderem die Zahlungen. Die VeriJet Cirrus-Flotte wird verwaltet mit <a href=\"https:\/\/coflyt.com\/verijet\/\" target=\"_blank\" rel=\"noopener\">Coflyt<\/a>und setzt branchenf\u00fchrende, patentierte k\u00fcnstliche Intelligenz und Computertechnologie ein.<\/p>\r\n\r\n\r\n\r\n<h2 class=\"wp-block-heading\"><span class=\"ez-toc-section\" id=\"Conclusion\"><\/span>Schlussfolgerung<span class=\"ez-toc-section-end\"><\/span><\/h2>\r\n\r\n\r\n\r\n<p>Laut Richard Kane kann Verijet, wenn ein Kunde eine Privatreise sucht, ihm sofort ein Angebot unterbreiten und seine Anfrage sofort beantworten. Die k\u00fcnstliche Intelligenz hat bereits \u00fcberpr\u00fcft, dass alles sicher, legitim und lieferbar ist, und die Preise sind bereits festgesetzt. Dank dieser M\u00f6glichkeit ist das private Fliegen nun f\u00fcr jedermann in einer Weise verf\u00fcgbar, die in der Vergangenheit nicht m\u00f6glich war.<\/p>","protected":false},"excerpt":{"rendered":"<p>Verijet ist eine innovative Fluggesellschaft, die sich durch eine Reihe von Kriterien von anderen Privatjet-Charteranbietern abhebt. Die meisten davon lassen sich auf die Flotte von Cirrus SF-50 Vision Jets des Unternehmens zur\u00fcckf\u00fchren. Das Unternehmen wurde im Jahr 2020 gegr\u00fcndet und hat seinen Hauptsitz in Vero Beach, Florida. Die Fl\u00fcge machen ...<\/p>","protected":false},"author":1,"featured_media":3564,"parent":0,"menu_order":0,"comment_status":"closed","ping_status":"closed","template":"","meta":{"_acf_changed":false,"_genesis_hide_title":false,"_genesis_hide_breadcrumbs":false,"_genesis_hide_singular_image":false,"_genesis_hide_footer_widgets":false,"_genesis_custom_body_class":"","_genesis_custom_post_class":"","_genesis_layout":"","footnotes":""},"class_list":{"1":"page","2":"type-page","6":"entry"},"acf":[],"_links":{"self":[{"href":"https:\/\/comparemyjet.com\/de\/wp-json\/wp\/v2\/pages\/3559","targetHints":{"allow":["GET"]}}],"collection":[{"href":"https:\/\/comparemyjet.com\/de\/wp-json\/wp\/v2\/pages"}],"about":[{"href":"https:\/\/comparemyjet.com\/de\/wp-json\/wp\/v2\/types\/page"}],"author":[{"embeddable":true,"href":"https:\/\/comparemyjet.com\/de\/wp-json\/wp\/v2\/users\/1"}],"replies":[{"embeddable":true,"href":"https:\/\/comparemyjet.com\/de\/wp-json\/wp\/v2\/comments?post=3559"}],"version-history":[{"count":3,"href":"https:\/\/comparemyjet.com\/de\/wp-json\/wp\/v2\/pages\/3559\/revisions"}],"predecessor-version":[{"id":9415,"href":"https:\/\/comparemyjet.com\/de\/wp-json\/wp\/v2\/pages\/3559\/revisions\/9415"}],"wp:featuredmedia":[{"embeddable":true,"href":"https:\/\/comparemyjet.com\/de\/wp-json\/wp\/v2\/media\/3564"}],"wp:attachment":[{"href":"https:\/\/comparemyjet.com\/de\/wp-json\/wp\/v2\/media?parent=3559"}],"curies":[{"name":"wp","href":"https:\/\/api.w.org\/{rel}","templated":true}]}}