{"id":3604,"date":"2022-10-22T21:32:48","date_gmt":"2022-10-22T21:32:48","guid":{"rendered":"https:\/\/comparemyjet.com\/?page_id=3604"},"modified":"2025-09-04T10:00:51","modified_gmt":"2025-09-04T10:00:51","slug":"silverhawk-aviation","status":"publish","type":"page","link":"https:\/\/comparemyjet.com\/de\/silverhawk-aviation\/","title":{"rendered":"Silverhawk Aviation Flugpreise"},"content":{"rendered":"<p>Silverhawk Aviation ist ein privates Charterunternehmen, das 1991 als Charterdienst f\u00fcr ein einziges Flugzeug in Seward, Nebraska, gegr\u00fcndet wurde.&nbsp;<\/p>\r\n\r\n\r\n\r\n<p>Neben den traditionellen Charterfl\u00fcgen bietet Silverhawk Aviation eine breite Palette von Dienstleistungen an, darunter Flugunterricht, Flugzeugwartung, Einbau von Avionik und Liniendienste. Sehen wir uns an, wie das Unternehmen entstanden ist und was es im Einzelnen anbietet.<\/p>\r\n\r\n\r\n\r\n<div id=\"ez-toc-container\" class=\"ez-toc-v2_0_76 counter-hierarchy ez-toc-counter ez-toc-grey ez-toc-container-direction\">\n<p class=\"ez-toc-title\" style=\"cursor:inherit\">Themen<\/p>\n<label for=\"ez-toc-cssicon-toggle-item-69e4a95c1ca97\" class=\"ez-toc-cssicon-toggle-label\"><span class=\"\"><span class=\"eztoc-hide\" style=\"display:none;\">Umschalten auf<\/span><span class=\"ez-toc-icon-toggle-span\"><svg style=\"fill: #999;color:#999\" xmlns=\"http:\/\/www.w3.org\/2000\/svg\" class=\"list-377408\" width=\"20px\" height=\"20px\" viewbox=\"0 0 24 24\" fill=\"none\"><path d=\"M6 6H4v2h2V6zm14 0H8v2h12V6zM4 11h2v2H4v-2zm16 0H8v2h12v-2zM4 16h2v2H4v-2zm16 0H8v2h12v-2z\" fill=\"currentColor\"><\/path><\/svg><svg style=\"fill: #999;color:#999\" class=\"arrow-unsorted-368013\" xmlns=\"http:\/\/www.w3.org\/2000\/svg\" width=\"10px\" height=\"10px\" viewbox=\"0 0 24 24\" version=\"1.2\" baseprofile=\"tiny\"><path d=\"M18.2 9.3l-6.2-6.3-6.2 6.3c-.2.2-.3.4-.3.7s.1.5.3.7c.2.2.4.3.7.3h11c.3 0 .5-.1.7-.3.2-.2.3-.5.3-.7s-.1-.5-.3-.7zM5.8 14.7l6.2 6.3 6.2-6.3c.2-.2.3-.5.3-.7s-.1-.5-.3-.7c-.2-.2-.4-.3-.7-.3h-11c-.3 0-.5.1-.7.3-.2.2-.3.5-.3.7s.1.5.3.7z\"\/><\/svg><\/span><\/span><\/label><input type=\"checkbox\"  id=\"ez-toc-cssicon-toggle-item-69e4a95c1ca97\" checked aria-label=\"Umschalten auf\" \/><nav><ul class='ez-toc-list ez-toc-list-level-1' ><li class='ez-toc-page-1 ez-toc-heading-level-2'><a class=\"ez-toc-link ez-toc-heading-1\" href=\"https:\/\/comparemyjet.com\/de\/silverhawk-aviation\/#About_the_Company\" >\u00dcber das Unternehmen<\/a><\/li><li class='ez-toc-page-1 ez-toc-heading-level-2'><a class=\"ez-toc-link ez-toc-heading-2\" href=\"https:\/\/comparemyjet.com\/de\/silverhawk-aviation\/#Aircraft_Maintenance\" >Wartung von Luftfahrzeugen&nbsp;<\/a><\/li><li class='ez-toc-page-1 ez-toc-heading-level-2'><a class=\"ez-toc-link ez-toc-heading-3\" href=\"https:\/\/comparemyjet.com\/de\/silverhawk-aviation\/#Aircraft_Management\" >Luftfahrzeug-Management&nbsp;<\/a><\/li><li class='ez-toc-page-1 ez-toc-heading-level-2'><a class=\"ez-toc-link ez-toc-heading-4\" href=\"https:\/\/comparemyjet.com\/de\/silverhawk-aviation\/#Company_Card_Program\" >Firmenkartenprogramm<\/a><\/li><li class='ez-toc-page-1 ez-toc-heading-level-2'><a class=\"ez-toc-link ez-toc-heading-5\" href=\"https:\/\/comparemyjet.com\/de\/silverhawk-aviation\/#On-Demand_Charter_and_Empty_Leg_Flights\" >On-Demand-Charter und Leerfl\u00fcge<\/a><\/li><li class='ez-toc-page-1 ez-toc-heading-level-2'><a class=\"ez-toc-link ez-toc-heading-6\" href=\"https:\/\/comparemyjet.com\/de\/silverhawk-aviation\/#The_Fleet\" >Die Flotte&nbsp;<\/a><ul class='ez-toc-list-level-3' ><li class='ez-toc-heading-level-3'><a class=\"ez-toc-link ez-toc-heading-7\" href=\"https:\/\/comparemyjet.com\/de\/silverhawk-aviation\/#1_Turboprops\" >1. Turboprops<\/a><ul class='ez-toc-list-level-4' ><li class='ez-toc-heading-level-4'><a class=\"ez-toc-link ez-toc-heading-8\" href=\"https:\/\/comparemyjet.com\/de\/silverhawk-aviation\/#Our_Recommendation_King_Air_C90\" >Unsere Empfehlung: King Air C90<\/a><\/li><\/ul><\/li><li class='ez-toc-page-1 ez-toc-heading-level-3'><a class=\"ez-toc-link ez-toc-heading-9\" href=\"https:\/\/comparemyjet.com\/de\/silverhawk-aviation\/#2_Light_Private_Jets\" >2. Leichte Privatjets<\/a><ul class='ez-toc-list-level-4' ><li class='ez-toc-heading-level-4'><a class=\"ez-toc-link ez-toc-heading-10\" href=\"https:\/\/comparemyjet.com\/de\/silverhawk-aviation\/#Our_Recommendation_Cessna_Citation_Encore\" >Unsere Empfehlung: Cessna Citation Encore<\/a><\/li><\/ul><\/li><li class='ez-toc-page-1 ez-toc-heading-level-3'><a class=\"ez-toc-link ez-toc-heading-11\" href=\"https:\/\/comparemyjet.com\/de\/silverhawk-aviation\/#3_Midsize_Private_Jets\" >3. Private Jets mittlerer Gr\u00f6\u00dfe<\/a><ul class='ez-toc-list-level-4' ><li class='ez-toc-heading-level-4'><a class=\"ez-toc-link ez-toc-heading-12\" href=\"https:\/\/comparemyjet.com\/de\/silverhawk-aviation\/#Our_Recommendation_Cessna_Citation_Sovereign\" >Unsere Empfehlung: Cessna Citation Sovereign+<\/a><\/li><\/ul><\/li><\/ul><\/li><li class='ez-toc-page-1 ez-toc-heading-level-2'><a class=\"ez-toc-link ez-toc-heading-13\" href=\"https:\/\/comparemyjet.com\/de\/silverhawk-aviation\/#Company_Safety_Policy_and_Standards\" >Sicherheitspolitik und -standards des Unternehmens<\/a><\/li><li class='ez-toc-page-1 ez-toc-heading-level-2'><a class=\"ez-toc-link ez-toc-heading-14\" href=\"https:\/\/comparemyjet.com\/de\/silverhawk-aviation\/#Partnerships\" >Partnerschaften<\/a><\/li><li class='ez-toc-page-1 ez-toc-heading-level-2'><a class=\"ez-toc-link ez-toc-heading-15\" href=\"https:\/\/comparemyjet.com\/de\/silverhawk-aviation\/#Conclusion\" >Schlussfolgerung<\/a><\/li><\/ul><\/nav><\/div>\n<h2 class=\"wp-block-heading\"><span class=\"ez-toc-section\" id=\"About_the_Company\"><\/span>\u00dcber das Unternehmen<span class=\"ez-toc-section-end\"><\/span><\/h2>\r\n\r\n\r\n\r\n<p>Gegr\u00fcndet im Jahr 1990 als <a href=\"https:\/\/comparemyjet.com\/de\/cessna\/\" data-internallinksmanager029f6b8e52c=\"145\" title=\"Ultimativer Leitfaden f\u00fcr Cessna Privatjets und Flugzeuge\">Cessna<\/a> 414 von Seward, Nebraska, aus operiert Silverhawk Aviation seither als Charterunternehmen. In den 1990er Jahren wuchs das Chartergesch\u00e4ft auf 15 Flugzeuge und \u00fcber 20 Piloten an, von denen einer einen Starrfl\u00fcgler flog <a href=\"https:\/\/comparemyjet.com\/de\/wie-viel-medizinische-fluge-medevac-luft-ambulanz-kosten\/\" data-internallinksmanager029f6b8e52c=\"28\" title=\"Wie viel kosten medizinische Fl\u00fcge, Medevac und Ambulanzflugdienste?\">Ambulanzflugzeug<\/a>.&nbsp;<\/p>\r\n\r\n\r\n\r\n<p>Das Unternehmen zog 1995 nach Lincoln um und erweiterte seine Dienstleistungen erfolgreich um die Wartung von Flugzeugen und ein <a href=\"https:\/\/comparemyjet.com\/de\/was-ist-ein-privates-flugzeug-fix-base-operator-fbo\/\" data-internallinksmanager029f6b8e52c=\"19\" title=\"Was ist ein Private Jet Fixed-Base Operator (FBO)?\">FBO<\/a> das eine breite Palette von Dienstleistungen anbietet, darunter Flugzeugbetankung, Flugzeugwartung und -vermietung, Ger\u00e4teverwaltung und eine Pilotenschule.<\/p>\r\n\r\n\r\n\r\n<p>Dan Hinnah, der derzeitige Gesch\u00e4ftsf\u00fchrer von Silverhawk Aviation, interessiert sich schon seit vielen Jahren f\u00fcr die Luftfahrt. Nachdem er 1990 aus einer leitenden Position in der Pharmabranche ausgeschieden war, nahm er eine Stelle bei Silverhawk Aviation als Teilzeit-Charterpilot an.<\/p>\r\n\r\n\r\n\r\n<p>Im Jahr 2006 verkaufte der Eigent\u00fcmer von Silverhawk das Unternehmen an Hinnah und zwei seiner Freunde, John Gillum und Ken Hiegel, die es seither leiten.&nbsp;<\/p>\r\n\r\n\r\n\r\n<h2 class=\"wp-block-heading\"><span class=\"ez-toc-section\" id=\"Aircraft_Maintenance\"><\/span>Wartung von Luftfahrzeugen&nbsp;<span class=\"ez-toc-section-end\"><\/span><\/h2>\r\n\r\n\r\n\r\n<figure class=\"wp-block-image size-full is-style-default\"><img loading=\"lazy\" decoding=\"async\" width=\"1000\" height=\"667\" src=\"https:\/\/comparemyjet.com\/wp-content\/uploads\/2022\/10\/maintainance.aircraft.jpg\" alt=\"\" class=\"wp-image-3607\" srcset=\"https:\/\/comparemyjet.com\/wp-content\/uploads\/2022\/10\/maintainance.aircraft-18x12.jpg 18w, https:\/\/comparemyjet.com\/wp-content\/uploads\/2022\/10\/maintainance.aircraft-300x200.jpg 300w, https:\/\/comparemyjet.com\/wp-content\/uploads\/2022\/10\/maintainance.aircraft-768x512.jpg 768w, https:\/\/comparemyjet.com\/wp-content\/uploads\/2022\/10\/maintainance.aircraft.jpg 1000w\" sizes=\"auto, (max-width: 1000px) 100vw, 1000px\" \/><\/figure>\r\n\r\n\r\n\r\n<p>Wartung und Avionik nehmen 30.000 Quadratfu\u00df der 40.000 Quadratfu\u00df gro\u00dfen Einrichtungen von Silverhawk Aviation ein. Getrennt vom Hauptgeb\u00e4ude befindet sich ein 15.000 Quadratmeter gro\u00dfer Hangar f\u00fcr die Flugzeuge.&nbsp;<\/p>\r\n\r\n\r\n\r\n<p>Das Unternehmen ist jetzt ein Servicebetrieb f\u00fcr Cessna, Cirrus, Mooney und Pratt &amp; Whitney Canada und die Wartungsabteilung besch\u00e4ftigt 45 Mitarbeiter, davon 10 Techniker. Das Wartungsteam verf\u00fcgt \u00fcber betr\u00e4chtliche Erfahrung bei der Wartung von King Airs vom Modell 90 bis zum Modell 350 sowie den Citation-Modellen 500, 501, 550 und 525.&nbsp;<\/p>\r\n\r\n\r\n\r\n<p>Silverhawk ist nicht nur Lieferant und Installateur von Garmin-, Honeywell-, Sandel- und Goodrich-Instrumenten, sondern auch ein von Garmin, Honeywell und S-Tec zugelassener H\u00e4ndler.<\/p>\r\n\r\n\r\n\r\n<p>Im Jahr 2008 ging Silverhawk eine Partnerschaft mit dem Hillaero Modification Center ein, um eine Vielzahl von Modifikationen im Innen- und Au\u00dfenbereich anbieten zu k\u00f6nnen, darunter neue Bodenbel\u00e4ge, Au\u00dfenanstriche, Aero-Med-Umbauten, Schr\u00e4nke und Eisschilde.&nbsp;<\/p>\r\n\r\n\r\n\r\n<h2 class=\"wp-block-heading\"><span class=\"ez-toc-section\" id=\"Aircraft_Management\"><\/span>Luftfahrzeug-Management&nbsp;<span class=\"ez-toc-section-end\"><\/span><\/h2>\r\n\r\n\r\n\r\n<p>Silverhawk Aviation bietet <a href=\"https:\/\/comparemyjet.com\/de\/welche-unternehmen-gibt-es-im-bereich-flugzeugmanagement\/\" data-internallinksmanager029f6b8e52c=\"21\" title=\"Flugzeugmanagement Dienstleistungen &amp; Unternehmen\">Flugzeug-Management<\/a> Dienstleistungen f\u00fcr Flugzeugeigent\u00fcmer, die sich nicht mit den M\u00fchen und Kosten der Flugzeugwartung herumschlagen wollen.&nbsp;<\/p>\r\n\r\n\r\n\r\n<p>Einige der Vorteile der Silverhawk Aviation Flugzeugmanagement-L\u00f6sungen sind:<\/p>\r\n\r\n\r\n\r\n<ul class=\"wp-block-list\"><li>Monatliche Aufstellung<\/li><li>Zugang zu allen Flugzeugen der Flotte<\/li><li>Goldene Sicherheitsbewertungen von Wyvern und ARG\/US<\/li><li>Regionale Verwaltung<\/li><li>Lokale MitarbeiterInnen<\/li><\/ul>\r\n\r\n\r\n\r\n<h2 class=\"wp-block-heading\"><span class=\"ez-toc-section\" id=\"Company_Card_Program\"><\/span>Firmenkartenprogramm<span class=\"ez-toc-section-end\"><\/span><\/h2>\r\n\r\n\r\n\r\n<p>Der Kauf von Jet Cards durch neue Kunden ist bei Silverhawk Aviation derzeit auf Eis gelegt. Das Unternehmen legt den Verkauf von Jet Cards in regelm\u00e4\u00dfigen Abst\u00e4nden auf Eis, um eine \u00dcberlastung der Besatzungen und Flugzeuge zu vermeiden und sich voll und ganz seinen bestehenden Fractional- und Jet Card-Kunden widmen zu k\u00f6nnen.<\/p>\r\n\r\n\r\n\r\n<p>Nach Angaben auf der Website des Unternehmens warten sieben Flugzeuge auf die FAA-Zulassung und es werden in diesem Jahr 20 weitere Piloten eingestellt, um der wachsenden Nachfrage nach privaten Charterfl\u00fcgen gerecht zu werden. Aufgrund dieser Expansion wird erwartet, dass im September 2022 eine kleine Anzahl von Jet Cards verf\u00fcgbar sein wird. Beachten Sie jedoch, dass Silverhawk eine Warteschlange f\u00fcr diejenigen f\u00fchrt, die die Jet Cards zuerst erhalten m\u00f6chten, sobald sie verf\u00fcgbar sind.<\/p>\r\n\r\n\r\n\r\n<p>Durch die Aufnahme in die Warteliste von Silverhawk Aviations erhalten die Kunden die M\u00f6glichkeit, in der ersten Reihe zu stehen und sich die aktuellen Jet Card-Preise zu sichern. Um in die Warteliste aufgenommen zu werden, ist eine Anzahlung von $2.500 erforderlich, die vollst\u00e4ndig zur\u00fcckerstattet wird, wenn der Kunde seinen Platz auf der Warteliste nicht mehr ben\u00f6tigt\/erhalten m\u00f6chte.<\/p>\r\n\r\n\r\n\r\n<h2 class=\"wp-block-heading\"><span class=\"ez-toc-section\" id=\"On-Demand_Charter_and_Empty_Leg_Flights\"><\/span>On-Demand-Charter und Leerfl\u00fcge<span class=\"ez-toc-section-end\"><\/span><\/h2>\r\n\r\n\r\n\r\n<p>Silverhawk Aviation bietet <a href=\"https:\/\/silverhawkaviation.com\/aircraft-charter\/\" target=\"_blank\" rel=\"noopener\">Charterfl\u00fcge auf Abruf<\/a> in Cessna Citation Jets und King Air Turboprops. Der Preis f\u00fcr diese Fl\u00fcge ist Standard.<\/p>\r\n\r\n\r\n\r\n<p>Die Buchung eines Einweg-Charterflugs f\u00fchrt jedoch zu einer <a href=\"https:\/\/silverhawkaviation.com\/empty-leg-flights\/\" target=\"_blank\" rel=\"noopener\">Leerbeinflug<\/a> - der Jet fliegt ohne Passagiere zur n\u00e4chsten Haltestelle. Silverhawk-Kunden k\u00f6nnen durch die Nutzung der Leerfl\u00fcge Geld beim Flugpreis sparen und haben die M\u00f6glichkeit, sich f\u00fcr Benachrichtigungen f\u00fcr ihr(e) bevorzugte(s) Ziel(e) anzumelden.<\/p>\r\n\r\n\r\n\r\n<h2 class=\"wp-block-heading\"><span class=\"ez-toc-section\" id=\"The_Fleet\"><\/span>Die Flotte&nbsp;<span class=\"ez-toc-section-end\"><\/span><\/h2>\r\n\r\n\r\n\r\n<p>Fractional Owners, Jet Card-Inhaber und Charterkunden k\u00f6nnen aus einem breiten Spektrum an Dienstleistungen und Annehmlichkeiten an Bord der Silverhawk Aviations-Flugzeuge w\u00e4hlen.&nbsp;<\/p>\r\n\r\n\r\n\r\n<p>Werfen wir einen genaueren Blick auf die Flugzeugflotte des Unternehmens.<\/p>\r\n\r\n\r\n\r\n<h3 class=\"wp-block-heading\"><span class=\"ez-toc-section\" id=\"1_Turboprops\"><\/span>1. Turboprops<span class=\"ez-toc-section-end\"><\/span><\/h3>\r\n\r\n\r\n\r\n<p>Ein- und zweimotorige Turboprop-Flugzeuge nutzen Gasturbinen zum Antrieb ihrer Propeller. Diese Flugzeuge sind preisg\u00fcnstiger als Privatjets und ideal f\u00fcr Reisen bis zu 1.000 nm. Ein typisches Turboprop-Flugzeug kann acht Passagiere bef\u00f6rdern.<\/p>\r\n\r\n\r\n\r\n<h4 class=\"wp-block-heading\"><span class=\"ez-toc-section\" id=\"Our_Recommendation_King_Air_C90\"><\/span>Unsere Empfehlung: King Air C90<span class=\"ez-toc-section-end\"><\/span><\/h4>\r\n\r\n\r\n\r\n<p>Die King Air C90 deb\u00fctierte 1971 und hat eine Fl\u00fcgelspannweite von etwa 50 Fu\u00df und 3 Zoll.<\/p>\r\n\r\n\r\n\r\n<p>Spezifikationen und Ausstattungsmerkmale:<\/p>\r\n\r\n\r\n\r\n<ul class=\"wp-block-list\"><li>Sitze: 5;<\/li><li>Gesamtl\u00e4nge: 35 ft 5 in;&nbsp;<\/li><li>H\u00f6he: 14 ft 7 in;&nbsp;<\/li><li>Kabinenl\u00e4nge: 12 ft 8 in;<\/li><li>Kabinenh\u00f6he: 4 ft 8 in;<\/li><li>Kabinenbreite: 4 ft 8in;<\/li><li>Flugreichweite: 1.120 Meilen;<\/li><li>Reisegeschwindigkeit: 280 mph;<\/li><li>Erfrischungszentrum mit Snacks und Getr\u00e4nken;<\/li><li>Waschbecken mit Vorhang.<\/li><\/ul>\r\n\r\n\r\n\r\n<p><em>King Air 90<\/em> ist die einzige Turbopropmaschine der Silverhawk Aviation <a href=\"https:\/\/silverhawkaviation.com\/fleet\/\" target=\"_blank\" rel=\"noopener\">Flugzeugkatalog<\/a>.<\/p>\r\n\r\n\r\n\r\n<h3 class=\"wp-block-heading\"><span class=\"ez-toc-section\" id=\"2_Light_Private_Jets\"><\/span>2. Leichte Privatjets<span class=\"ez-toc-section-end\"><\/span><\/h3>\r\n\r\n\r\n\r\n<p>Die Reichweite eines typischen Leichtflugzeugs liegt zwischen 1.500 und 2.500 Seemeilen. Diese Flugzeuge k\u00f6nnen bis zu 7 Passagiere bef\u00f6rdern und verf\u00fcgen \u00fcber verstellbare Sitze, eine kompakte Bordk\u00fcche und eine Toilette mit Sicherheitsgurt (Toilettensitz). Leichtflugzeuge k\u00f6nnen problemlos abgelegene Inseln oder Bergregionen ohne Flughafen anfliegen.<\/p>\r\n\r\n\r\n\r\n<h4 class=\"wp-block-heading\"><span class=\"ez-toc-section\" id=\"Our_Recommendation_Cessna_Citation_Encore\"><\/span>Unsere Empfehlung: Cessna Citation Encore<span class=\"ez-toc-section-end\"><\/span><\/h4>\r\n\r\n\r\n\r\n<p>Die Citation Encore ist ein weiteres fantastisches Privatflugzeug von Cessna und wird als \"Encore\" der immens beliebten Citation Ultra bezeichnet. Die Encore ist ein sehr anpassungsf\u00e4higes Flugzeug, das gro\u00dfe Entfernungen zur\u00fccklegen, auf relativ kleinen Start- und Landebahnen starten und landen und viel Fracht transportieren kann. Ihre tadellosen Flugleistungen, die komfortable Innenausstattung und die minimalen Betriebskosten machen sie zu einer beliebten Option.<\/p>\r\n\r\n\r\n\r\n<p>Spezifikationen und Ausstattungsmerkmale:<\/p>\r\n\r\n\r\n\r\n<ul class=\"wp-block-list\"><li>Sitze: 9;<\/li><li>Au\u00dfenh\u00f6he: 15 ft;<\/li><li>Gesamtl\u00e4nge: 48 ft 11 in;<\/li><li>Fl\u00fcgelspannweite: 52 ft 2 in;<\/li><li>Externer Gep\u00e4ckraum: 43 cu ft;<\/li><li>Interner Gep\u00e4ckraum: 28 cu ft;<\/li><li>Maximale Flugreichweite: 1736 nm;<\/li><li>Maximale Reisegeschwindigkeit: 430 kts;<\/li><li>Neue Lackierung und Innenausstattung;<\/li><li>Wi-Fi ausgestattet;<\/li><li>USB-Ladeanschl\u00fcsse und Steckdosen;<\/li><li>Geschlossene Toilette;<\/li><li>Sitz aus Leder;<\/li><li>Klimatisierte Kabine;<\/li><li>Besatzung: 2.<\/li><\/ul>\r\n\r\n\r\n\r\n<p><em>Cessna Citation Ultra und Cessna Citation V sind die einzigen Leichtflugzeuge, die in der Silverhawk Aviation <\/em><a href=\"https:\/\/silverhawkaviation.com\/fleet\/\" target=\"_blank\" rel=\"noopener\"><em>Flugzeugkatalog<\/em><\/a><em> neben unserem empfohlenen Modell Cessna Citation Encore.<\/em><\/p>\r\n\r\n\r\n\r\n<h3 class=\"wp-block-heading\"><span class=\"ez-toc-section\" id=\"3_Midsize_Private_Jets\"><\/span>3. Private Jets mittlerer Gr\u00f6\u00dfe<span class=\"ez-toc-section-end\"><\/span><\/h3>\r\n\r\n\r\n\r\n<p>Die typische Nonstop-Flugzeit eines mittelgro\u00dfen Jets betr\u00e4gt vier bis f\u00fcnf Stunden. Einige mittelgro\u00dfe Flugzeuge sind in der Lage, landesweit zu fliegen, ohne aufzutanken, w\u00e4hrend bei anderen ein Zwischenstopp erforderlich sein kann. In der Regel gibt es bequeme Sitze f\u00fcr sieben bis neun Passagiere, die sich drehen und zur\u00fccklehnen k\u00f6nnen.<\/p>\r\n\r\n\r\n\r\n<h4 class=\"wp-block-heading\"><span class=\"ez-toc-section\" id=\"Our_Recommendation_Cessna_Citation_Sovereign\"><\/span>Unsere Empfehlung: Cessna Citation Sovereign+<span class=\"ez-toc-section-end\"><\/span><\/h4>\r\n\r\n\r\n\r\n<p>Der amerikanische Hersteller Cessna hat die Citation Sovereign (auch bekannt als Cessna Model 680 Sovereign) als mittelgro\u00dfes Gesch\u00e4ftsreiseflugzeug entwickelt. Die Citation Sovereign+ ist mit einer verbesserten Avionik ausgestattet und bietet eine h\u00f6here Steigleistung.&nbsp;<\/p>\r\n\r\n\r\n\r\n<p>Spezifikationen und Ausstattungsmerkmale:<\/p>\r\n\r\n\r\n\r\n<ul class=\"wp-block-list\"><li>Sitze: 9;<\/li><li>Au\u00dfenl\u00e4nge: 63 ft 6 in;<\/li><li>\u00c4u\u00dfere H\u00f6he: 20 ft 4 in;<\/li><li>Fl\u00fcgelspannweite: 72 ft 4 in;<\/li><li>Kabinenbreite: 5 ft 6 in;<\/li><li>Kabinenh\u00f6he: 5 ft 8 in;<\/li><li>Kabinenl\u00e4nge: 25 ft 3 in;<\/li><li>Internes Reisegep\u00e4ck: 35 cu ft;<\/li><li>Externes Gep\u00e4ck: 100 cu ft;<\/li><li>Flugreichweite: \u00dcber 3.000 Meilen;<\/li><li>Maximale Reisegeschwindigkeit: 459 kts;<\/li><li>Wi-Fi ausgestattet;<\/li><li>Stehende Kabine;<\/li><li>Club in der Mittelkabine mit Tischen;<\/li><li>Klimatisierte Kabine;<\/li><li>Ledersitze;<\/li><li>Vollst\u00e4ndig ausgestattete Komb\u00fcse und Bar;<\/li><li>Geschlossene Toilette;<\/li><li>Besatzung: 2.<\/li><\/ul>\r\n\r\n\r\n\r\n<p><em>Cessna Citation Excel <\/em>ist der einzige mittelgro\u00dfe Jet, der in der Silverhawk Aviation <a href=\"https:\/\/silverhawkaviation.com\/fleet\/\" target=\"_blank\" rel=\"noopener\">Flugzeugkatalog<\/a> neben unserem empfohlenen Modell <em>Cessna Citation Sovereign+.<\/em><\/p>\r\n\r\n\r\n\r\n<h2 class=\"wp-block-heading\"><span class=\"ez-toc-section\" id=\"Company_Safety_Policy_and_Standards\"><\/span>Sicherheitspolitik und -standards des Unternehmens<span class=\"ez-toc-section-end\"><\/span><\/h2>\r\n\r\n\r\n\r\n<figure class=\"wp-block-image size-full is-style-default\"><img loading=\"lazy\" decoding=\"async\" width=\"1000\" height=\"667\" src=\"https:\/\/comparemyjet.com\/wp-content\/uploads\/2022\/10\/Silverhawk.Aviation.safety.jpg\" alt=\"Silverhawk Luftfahrt\" class=\"wp-image-3605\" srcset=\"https:\/\/comparemyjet.com\/wp-content\/uploads\/2022\/10\/Silverhawk.Aviation.safety-18x12.jpg 18w, https:\/\/comparemyjet.com\/wp-content\/uploads\/2022\/10\/Silverhawk.Aviation.safety-300x200.jpg 300w, https:\/\/comparemyjet.com\/wp-content\/uploads\/2022\/10\/Silverhawk.Aviation.safety-768x512.jpg 768w, https:\/\/comparemyjet.com\/wp-content\/uploads\/2022\/10\/Silverhawk.Aviation.safety.jpg 1000w\" sizes=\"auto, (max-width: 1000px) 100vw, 1000px\" \/><\/figure>\r\n\r\n\r\n\r\n<p>Die Silverhawk-Kapit\u00e4ne werden j\u00e4hrlich f\u00fcr jedes Flugzeug, das sie fliegen, bei FlightSafety geschult und erhalten alle sechs Monate eine Zusatzausbildung. FlightSafety hat einen ausgezeichneten Ruf, was Ausbildungsunternehmen angeht.&nbsp;<\/p>\r\n\r\n\r\n\r\n<p>W\u00e4hrend des mehrst\u00fcndigen Simulatortrainings und der Flugtests werden alle regul\u00e4ren und Notfallverfahren eingehend behandelt.&nbsp;<\/p>\r\n\r\n\r\n\r\n<p>Silverhawk ist Teil der Air Charter Safety Foundation, die der Charter- und Fractional-Ownership-Branche durch die Verbreitung neuester Sicherheitsinformationen, die F\u00f6rderung von Risikomanagement-Programmen und das konsequente Eintreten f\u00fcr eine verbesserte staatliche Regulierung hilft.&nbsp;<\/p>\r\n\r\n\r\n\r\n<p>Dar\u00fcber hinaus ist Silverhawk eines der wenigen Charterunternehmen, das vom ARG\/US-Rating-System (Aviation Research Group \/ United States) mit einem Gold-Grading ausgezeichnet wurde.<\/p>\r\n\r\n\r\n\r\n<h2 class=\"wp-block-heading\"><span class=\"ez-toc-section\" id=\"Partnerships\"><\/span>Partnerschaften<span class=\"ez-toc-section-end\"><\/span><\/h2>\r\n\r\n\r\n\r\n<p>Silverhawk Aviation ist Mitglied des Paragon-Netzwerks, einer exklusiven Gruppe von privaten FBOs (Fixed-Base Operators), die der weltweiten Luftfahrtgemeinschaft dienen. Bevor ein FBO Teil des Paragon-Netzwerks werden kann, muss er zun\u00e4chst ein gr\u00fcndliches Audit durch die Paragon Aviation Group bestehen, bei dem jeder Aspekt der Einrichtung und der angebotenen Dienstleistungen \u00fcberpr\u00fcft wird. Um die Mitgliedschaft aufrechtzuerhalten, muss jeder FBO eine Reihe von grundlegenden Anforderungen erf\u00fcllen, die durch einen strategischen Konsens festgelegt wurden.&nbsp;<\/p>\r\n\r\n\r\n\r\n<h2 class=\"wp-block-heading\"><span class=\"ez-toc-section\" id=\"Conclusion\"><\/span>Schlussfolgerung<span class=\"ez-toc-section-end\"><\/span><\/h2>\r\n\r\n\r\n\r\n<p>Im Jahr 1991 nahm Silverhawk in Seward, Nebraska, mit einem einzigen Flugzeug und einem einzigen Piloten den Betrieb auf. Heute bietet Silverhawk am Lincoln Municipal Airport (KLNK) vorgemischten D\u00fcsenkraftstoff von Phillips 66 an und betreibt ein florierendes Chartergesch\u00e4ft mit einer Flotte von 14 Turboprop- und Leichtflugzeugen. Dar\u00fcber hinaus ist Silverhawk Aviation eine von der FAA zugelassene Wartungseinrichtung f\u00fcr planm\u00e4\u00dfige Wartung, Reparaturen und Upgrades und damit ein One-Stop-Shop f\u00fcr alles, was mit privatem Chartern und Eigentum zu tun hat.<\/p>","protected":false},"excerpt":{"rendered":"<p>Silverhawk Aviation ist ein privates Charterunternehmen, das 1991 als Charterdienst f\u00fcr ein einziges Flugzeug in Seward, Nebraska, gegr\u00fcndet wurde.  Zus\u00e4tzlich zu den traditionellen Charterfl\u00fcgen bietet Silverhawk Aviation eine breite Palette von Dienstleistungen an, darunter Flugunterricht, Flugzeugwartung, Avionikinstallation und Liniendienste. Sehen wir uns an, wie das Unternehmen entstanden ist und was es ...<\/p>","protected":false},"author":2,"featured_media":3606,"parent":0,"menu_order":0,"comment_status":"closed","ping_status":"closed","template":"","meta":{"_acf_changed":false,"_genesis_hide_title":false,"_genesis_hide_breadcrumbs":false,"_genesis_hide_singular_image":false,"_genesis_hide_footer_widgets":false,"_genesis_custom_body_class":"","_genesis_custom_post_class":"","_genesis_layout":"","footnotes":""},"class_list":{"1":"page","2":"type-page","6":"entry"},"acf":[],"_links":{"self":[{"href":"https:\/\/comparemyjet.com\/de\/wp-json\/wp\/v2\/pages\/3604","targetHints":{"allow":["GET"]}}],"collection":[{"href":"https:\/\/comparemyjet.com\/de\/wp-json\/wp\/v2\/pages"}],"about":[{"href":"https:\/\/comparemyjet.com\/de\/wp-json\/wp\/v2\/types\/page"}],"author":[{"embeddable":true,"href":"https:\/\/comparemyjet.com\/de\/wp-json\/wp\/v2\/users\/2"}],"replies":[{"embeddable":true,"href":"https:\/\/comparemyjet.com\/de\/wp-json\/wp\/v2\/comments?post=3604"}],"version-history":[{"count":2,"href":"https:\/\/comparemyjet.com\/de\/wp-json\/wp\/v2\/pages\/3604\/revisions"}],"predecessor-version":[{"id":3618,"href":"https:\/\/comparemyjet.com\/de\/wp-json\/wp\/v2\/pages\/3604\/revisions\/3618"}],"wp:featuredmedia":[{"embeddable":true,"href":"https:\/\/comparemyjet.com\/de\/wp-json\/wp\/v2\/media\/3606"}],"wp:attachment":[{"href":"https:\/\/comparemyjet.com\/de\/wp-json\/wp\/v2\/media?parent=3604"}],"curies":[{"name":"wp","href":"https:\/\/api.w.org\/{rel}","templated":true}]}}