{"id":4399,"date":"2023-02-13T21:10:28","date_gmt":"2023-02-13T21:10:28","guid":{"rendered":"https:\/\/comparemyjet.com\/?page_id=4399"},"modified":"2025-09-04T09:58:16","modified_gmt":"2025-09-04T09:58:16","slug":"delta-private-jets","status":"publish","type":"page","link":"https:\/\/comparemyjet.com\/de\/delta-private-jets\/","title":{"rendered":"Preise f\u00fcr die Mitgliedschaft bei Delta Private Jets"},"content":{"rendered":"<p>Delta Air Lines ist die weltweit f\u00fchrende Fluggesellschaft in Bezug auf Waren, Dienstleistungen, Innovation, Zuverl\u00e4ssigkeit und Kundenerfahrung in den Vereinigten Staaten. Das Unternehmen bietet ein erstklassiges Reiseerlebnis und erwirtschaftet gleichzeitig branchenf\u00fchrende Renditen f\u00fcr seine Aktion\u00e4re.&nbsp;<\/p>\r\n\r\n\r\n\r\n<p>Delta Private Jets, der Charterdienst der Fluggesellschaft, hat sich mit der f\u00fchrenden Marke f\u00fcr private Luftfahrt zusammengeschlossen <a href=\"https:\/\/comparemyjet.com\/de\/auf-radern\/\" data-internallinksmanager029f6b8e52c=\"73\" title=\"Wheels Up Mitgliedschaftspreise\">R\u00e4der hoch<\/a> um privaten Flugreisenden weiterhin einzigartige Erlebnisse und Qualit\u00e4tsreisen zu bieten.&nbsp;&nbsp;<\/p>\r\n\r\n\r\n\r\n<p>Mal sehen, was diese Partnerschaft zwischen zwei f\u00fchrenden Luftfahrtunternehmen den Flugg\u00e4sten bietet.<\/p>\r\n\r\n\r\n\r\n<div id=\"ez-toc-container\" class=\"ez-toc-v2_0_76 counter-hierarchy ez-toc-counter ez-toc-grey ez-toc-container-direction\">\n<p class=\"ez-toc-title\" style=\"cursor:inherit\">Themen<\/p>\n<label for=\"ez-toc-cssicon-toggle-item-69dbe2aa78542\" class=\"ez-toc-cssicon-toggle-label\"><span class=\"\"><span class=\"eztoc-hide\" style=\"display:none;\">Umschalten auf<\/span><span class=\"ez-toc-icon-toggle-span\"><svg style=\"fill: #999;color:#999\" xmlns=\"http:\/\/www.w3.org\/2000\/svg\" class=\"list-377408\" width=\"20px\" height=\"20px\" viewbox=\"0 0 24 24\" fill=\"none\"><path d=\"M6 6H4v2h2V6zm14 0H8v2h12V6zM4 11h2v2H4v-2zm16 0H8v2h12v-2zM4 16h2v2H4v-2zm16 0H8v2h12v-2z\" fill=\"currentColor\"><\/path><\/svg><svg style=\"fill: #999;color:#999\" class=\"arrow-unsorted-368013\" xmlns=\"http:\/\/www.w3.org\/2000\/svg\" width=\"10px\" height=\"10px\" viewbox=\"0 0 24 24\" version=\"1.2\" baseprofile=\"tiny\"><path d=\"M18.2 9.3l-6.2-6.3-6.2 6.3c-.2.2-.3.4-.3.7s.1.5.3.7c.2.2.4.3.7.3h11c.3 0 .5-.1.7-.3.2-.2.3-.5.3-.7s-.1-.5-.3-.7zM5.8 14.7l6.2 6.3 6.2-6.3c.2-.2.3-.5.3-.7s-.1-.5-.3-.7c-.2-.2-.4-.3-.7-.3h-11c-.3 0-.5.1-.7.3-.2.2-.3.5-.3.7s.1.5.3.7z\"\/><\/svg><\/span><\/span><\/label><input type=\"checkbox\"  id=\"ez-toc-cssicon-toggle-item-69dbe2aa78542\" checked aria-label=\"Umschalten auf\" \/><nav><ul class='ez-toc-list ez-toc-list-level-1' ><li class='ez-toc-page-1 ez-toc-heading-level-2'><a class=\"ez-toc-link ez-toc-heading-1\" href=\"https:\/\/comparemyjet.com\/de\/delta-private-jets\/#Company_History\" >Geschichte des Unternehmens<\/a><\/li><li class='ez-toc-page-1 ez-toc-heading-level-2'><a class=\"ez-toc-link ez-toc-heading-2\" href=\"https:\/\/comparemyjet.com\/de\/delta-private-jets\/#Delta_Private_Jets_Wheels_Up\" >Delta Private Jets + R\u00e4der nach oben<\/a><\/li><li class='ez-toc-page-1 ez-toc-heading-level-2'><a class=\"ez-toc-link ez-toc-heading-3\" href=\"https:\/\/comparemyjet.com\/de\/delta-private-jets\/#The_Fleet\" >Die Flotte<\/a><ul class='ez-toc-list-level-3' ><li class='ez-toc-heading-level-3'><a class=\"ez-toc-link ez-toc-heading-4\" href=\"https:\/\/comparemyjet.com\/de\/delta-private-jets\/#1_Turboprop\" >1. Turboprop<\/a><ul class='ez-toc-list-level-4' ><li class='ez-toc-heading-level-4'><a class=\"ez-toc-link ez-toc-heading-5\" href=\"https:\/\/comparemyjet.com\/de\/delta-private-jets\/#Our_recommendation_The_King_Air_350\" >Unsere Empfehlung: Die King Air 350<\/a><\/li><\/ul><\/li><li class='ez-toc-page-1 ez-toc-heading-level-3'><a class=\"ez-toc-link ez-toc-heading-6\" href=\"https:\/\/comparemyjet.com\/de\/delta-private-jets\/#2_Light_Private_Jets\" >2. Leichte Privatjets<\/a><ul class='ez-toc-list-level-4' ><li class='ez-toc-heading-level-4'><a class=\"ez-toc-link ez-toc-heading-7\" href=\"https:\/\/comparemyjet.com\/de\/delta-private-jets\/#Our_Recommendation_The_Hawker_400XP\" >Unsere Empfehlung: Die Hawker 400XP<\/a><\/li><\/ul><\/li><li class='ez-toc-page-1 ez-toc-heading-level-3'><a class=\"ez-toc-link ez-toc-heading-8\" href=\"https:\/\/comparemyjet.com\/de\/delta-private-jets\/#3_Midsize_Private_Jets\" >3. Private Jets mittlerer Gr\u00f6\u00dfe<\/a><ul class='ez-toc-list-level-4' ><li class='ez-toc-heading-level-4'><a class=\"ez-toc-link ez-toc-heading-9\" href=\"https:\/\/comparemyjet.com\/de\/delta-private-jets\/#Our_Recommendation_The_Citation_ExcelXLS\" >Unsere Empfehlung: Die Citation Excel\/XLS<\/a><\/li><\/ul><\/li><li class='ez-toc-page-1 ez-toc-heading-level-3'><a class=\"ez-toc-link ez-toc-heading-10\" href=\"https:\/\/comparemyjet.com\/de\/delta-private-jets\/#4_Super-Midsize_Private_Jets\" >4. Super-Mittelgro\u00dfe Privatjets&nbsp;<\/a><ul class='ez-toc-list-level-4' ><li class='ez-toc-heading-level-4'><a class=\"ez-toc-link ez-toc-heading-11\" href=\"https:\/\/comparemyjet.com\/de\/delta-private-jets\/#Our_Recommendation_The_Citation_X\" >Unsere Empfehlung: Die Citation X<\/a><\/li><\/ul><\/li><li class='ez-toc-page-1 ez-toc-heading-level-3'><a class=\"ez-toc-link ez-toc-heading-12\" href=\"https:\/\/comparemyjet.com\/de\/delta-private-jets\/#5_Large_Private_Jets\" >5. Gro\u00dfe Privatjets<\/a><ul class='ez-toc-list-level-4' ><li class='ez-toc-heading-level-4'><a class=\"ez-toc-link ez-toc-heading-13\" href=\"https:\/\/comparemyjet.com\/de\/delta-private-jets\/#Our_Recommendation_The_Gulfstream_G450\" >Unsere Empfehlung: Die Gulfstream G450<\/a><\/li><\/ul><\/li><\/ul><\/li><li class='ez-toc-page-1 ez-toc-heading-level-2'><a class=\"ez-toc-link ez-toc-heading-14\" href=\"https:\/\/comparemyjet.com\/de\/delta-private-jets\/#Conclusion\" >Schlussfolgerung<\/a><\/li><\/ul><\/nav><\/div>\n<h2 class=\"wp-block-heading\"><span class=\"ez-toc-section\" id=\"Company_History\"><\/span>Geschichte des Unternehmens<span class=\"ez-toc-section-end\"><\/span><\/h2>\r\n\r\n\r\n\r\n<p>Delta Private Jets wurde im Jahr 2001 gegr\u00fcndet. Der Betrieb des Unternehmens wurde am 31. Januar 2020 eingestellt, nachdem es mit Wheels Up fusioniert hatte.<\/p>\r\n\r\n\r\n\r\n<h2 class=\"wp-block-heading\"><span class=\"ez-toc-section\" id=\"Delta_Private_Jets_Wheels_Up\"><\/span>Delta Private Jets + R\u00e4der nach oben<span class=\"ez-toc-section-end\"><\/span><\/h2>\r\n\r\n\r\n\r\n<figure class=\"wp-block-image size-full is-style-default\"><img loading=\"lazy\" decoding=\"async\" width=\"1000\" height=\"667\" src=\"https:\/\/comparemyjet.com\/wp-content\/uploads\/Executives-from-Wheels-Up-congregate-outside-the-New-York-Stock-Exchange.jpg\" alt=\"F\u00fchrungskr\u00e4fte von Wheels Up versammeln sich vor der New York Stock Exchange \" class=\"wp-image-4401\" srcset=\"https:\/\/comparemyjet.com\/wp-content\/uploads\/Executives-from-Wheels-Up-congregate-outside-the-New-York-Stock-Exchange-18x12.jpg 18w, https:\/\/comparemyjet.com\/wp-content\/uploads\/Executives-from-Wheels-Up-congregate-outside-the-New-York-Stock-Exchange-300x200.jpg 300w, https:\/\/comparemyjet.com\/wp-content\/uploads\/Executives-from-Wheels-Up-congregate-outside-the-New-York-Stock-Exchange-768x512.jpg 768w, https:\/\/comparemyjet.com\/wp-content\/uploads\/Executives-from-Wheels-Up-congregate-outside-the-New-York-Stock-Exchange.jpg 1000w\" sizes=\"auto, (max-width: 1000px) 100vw, 1000px\" \/><\/figure>\r\n\r\n\r\n\r\n<p>Wheels Up und Delta haben eine bahnbrechende Transaktion abgeschlossen, bei der Delta Private Jets und Wheels Up zusammengelegt wurden, um ihren Kunden plattform\u00fcbergreifende Vorteile zu bieten, die im Sektor der privaten Fluggesellschaften einzigartig sind.<\/p>\r\n\r\n\r\n\r\n<p>Dieser Zusammenschluss kombiniert die Mitgliedschaftsprogramme, die einzigartige digitale Plattform und die internationalen Erfahrungen von Wheels Up mit der anerkannten Zuverl\u00e4ssigkeit, Sicherheit, Qualit\u00e4t und Reichweite von Delta Private Jets. Mit rund 200 Flugzeugen, von der King Air 350i bis hin zu schweren Jets, bildet die Kombination eine der gr\u00f6\u00dften eigenen und betriebenen Privatflugzeugflotten der Welt. Wheels Up ist dank seiner expandierenden Privatflugzeugflotte und dem Zugang zu Deltas weltweitem Netzwerk gut aufgestellt, um die Reisebed\u00fcrfnisse seiner \u00fcber 8.000 Mitglieder und Kunden zu erf\u00fcllen.<\/p>\r\n\r\n\r\n\r\n<p>Wheels Up-Mitglieder k\u00f6nnen den Delta Medallion-Status erreichen, SkyMiles\u00ae-Treuepunkte sammeln und ihr Wheels Up-Fonds-Programmkonto nutzen, um es f\u00fcr Wheels Up-Privat- und Delta-Passagierfl\u00fcge auszugeben. Kunden von Delta Private Jets k\u00f6nnen auch die einzigartigen Vorteile der Wheels Up-Mitgliedschaft, Verg\u00fcnstigungen und den Zugang zu den Wheels Up-Flugzeugen nutzen.<\/p>\r\n\r\n\r\n\r\n<p>Dar\u00fcber hinaus hat Gil West, Chief Operating Officer von Delta, im Rahmen dieser Vereinbarung beschlossen, dem Vorstand von Wheels Up beizutreten. Die Teams von Wheels Up und Delta Private Jets arbeiten effizient zusammen, um einen reibungslosen \u00dcbergang f\u00fcr alle Mitarbeiter und Kunden von DPJ zu gew\u00e4hrleisten. Die Mitarbeiter von DPJ werden weiterhin von ihrem derzeitigen Hauptsitz in Cincinnati, Ohio, aus arbeiten.<\/p>\r\n\r\n\r\n\r\n<h2 class=\"wp-block-heading\"><span class=\"ez-toc-section\" id=\"The_Fleet\"><\/span>Die Flotte<span class=\"ez-toc-section-end\"><\/span><\/h2>\r\n\r\n\r\n\r\n<figure class=\"wp-block-image size-full is-style-default\"><img loading=\"lazy\" decoding=\"async\" width=\"1000\" height=\"442\" src=\"https:\/\/comparemyjet.com\/wp-content\/uploads\/2022\/09\/little.plane_.in_.the_.hand_.of_.a.businessman.jpg\" alt=\"Gesch\u00e4ftsmann h\u00e4lt ein Flugzeug\" class=\"wp-image-3335\" srcset=\"https:\/\/comparemyjet.com\/wp-content\/uploads\/2022\/09\/little.plane_.in_.the_.hand_.of_.a.businessman-18x8.jpg 18w, https:\/\/comparemyjet.com\/wp-content\/uploads\/2022\/09\/little.plane_.in_.the_.hand_.of_.a.businessman-300x133.jpg 300w, https:\/\/comparemyjet.com\/wp-content\/uploads\/2022\/09\/little.plane_.in_.the_.hand_.of_.a.businessman-768x339.jpg 768w, https:\/\/comparemyjet.com\/wp-content\/uploads\/2022\/09\/little.plane_.in_.the_.hand_.of_.a.businessman.jpg 1000w\" sizes=\"auto, (max-width: 1000px) 100vw, 1000px\" \/><\/figure>\r\n\r\n\r\n\r\n<p>Da Delta jetzt mit Wheels Up fusioniert ist, erhalten fr\u00fchere Delta-Benutzer jetzt noch mehr Verg\u00fcnstigungen. Wenn Sie sich f\u00fcr Privatflugzeugcharter interessieren, bietet Wheels Up sowohl eigene Flugzeuge als auch Privatjets von renommierten Charterunternehmen an. Wheels Up verwaltet mehr als 1.200 Flugzeuge und verf\u00fcgt \u00fcber eine Flotte von 350 eigenen und kontrollierten Flugzeugen.<\/p>\r\n\r\n\r\n\r\n<p>Abgesehen von einigen Ausnahmen, die sich aus dem Programm ergeben, bietet das Unternehmen eine garantierte Verf\u00fcgbarkeit. Werfen wir einen Blick auf die Jet-Kategorien.<\/p>\r\n\r\n\r\n\r\n<h3 class=\"wp-block-heading\"><span class=\"ez-toc-section\" id=\"1_Turboprop\"><\/span>1. Turboprop<span class=\"ez-toc-section-end\"><\/span><\/h3>\r\n\r\n\r\n\r\n<p>Turboprops sind eine Kombination aus Strahltriebwerken und Propellern, die von Kolbenmotoren in kleineren Flugzeugen verwendet werden. Obwohl Turboprops lauter sind, sind sie bei der Landung auf kurzen Start- und Landebahnen sicherer als D\u00fcsenflugzeuge. Turboprop-Triebwerke sind kleiner und leichter als D\u00fcsentriebwerke und erm\u00f6glichen effizientere Starts und Landungen, insbesondere auf k\u00fcrzeren Landebahnen.&nbsp;<\/p>\r\n\r\n\r\n\r\n<h4 class=\"wp-block-heading\"><span class=\"ez-toc-section\" id=\"Our_recommendation_The_King_Air_350\"><\/span>Unsere Empfehlung: Die King Air 350<span class=\"ez-toc-section-end\"><\/span><\/h4>\r\n\r\n\r\n\r\n<p>Die King Air hat in den letzten Jahren als Herzst\u00fcck der Wheels Up-Flotte ein Comeback erlebt. Dieses Turboprop-Flugzeug erhielt ein intelligentes und kreatives Marketing und hat seinen Ruhm wiederhergestellt.<\/p>\r\n\r\n\r\n\r\n<p>Spezifikationen:<\/p>\r\n\r\n\r\n\r\n<ul class=\"wp-block-list\">\r\n<li>Passagiere: 11;<\/li>\r\n\r\n\r\n\r\n<li>H\u00f6he: 57 Zoll;<\/li>\r\n\r\n\r\n\r\n<li>L\u00e4nge: 19 ft 6 in;<\/li>\r\n\r\n\r\n\r\n<li>Breite: 54 Zoll;<\/li>\r\n\r\n\r\n\r\n<li>Maximale Reichweite: 1.806 nautische Meilen;<\/li>\r\n\r\n\r\n\r\n<li>Maximale Reisegeschwindigkeit: 359 mph;<\/li>\r\n\r\n\r\n\r\n<li>Kofferraum (innen): 55 cu ft;<\/li>\r\n\r\n\r\n\r\n<li>Kofferraum (au\u00dfen): 16 cu ft.<\/li>\r\n<\/ul>\r\n\r\n\r\n\r\n<h3 class=\"wp-block-heading\"><span class=\"ez-toc-section\" id=\"2_Light_Private_Jets\"><\/span>2. Leichte Privatjets<span class=\"ez-toc-section-end\"><\/span><\/h3>\r\n\r\n\r\n\r\n<p>Wenn Sie mit acht oder weniger Personen reisen und nicht viel Gep\u00e4ck haben, ist ein leichter Privatjet eine gute Option. Ben\u00f6tigen Sie einen schnellen und einfachen Transport zu Ihrem Zielort? Bei Reisen, die weniger als vier Stunden dauern, k\u00f6nnte das Chartern eines leichten Jets die beste Option sein. Diese Jets k\u00f6nnen fast 1500 Kilometer weit fliegen, ohne eine Tankpause einzulegen. Ein Leichtflugzeug bietet problemlos Platz f\u00fcr sechs Passagiere, maximal f\u00fcr 9.<\/p>\r\n\r\n\r\n\r\n<h4 class=\"wp-block-heading\"><span class=\"ez-toc-section\" id=\"Our_Recommendation_The_Hawker_400XP\"><\/span>Unsere Empfehlung: Die Hawker 400XP<span class=\"ez-toc-section-end\"><\/span><\/h4>\r\n\r\n\r\n\r\n<p>Die Hawker 400 ist ein zweimotoriges Leichtflugzeug. Nachdem sie von Mitsubishi gebaut und hergestellt worden war, wurde sie von der Beech Aircraft Company aktualisiert. Es ist ein kleines Flugzeug mit acht Sitzen in einer Druckkabine, das von einer zweik\u00f6pfigen Besatzung geflogen wird.<\/p>\r\n\r\n\r\n\r\n<p>Die technischen Daten der Hawker 400XP sind:<\/p>\r\n\r\n\r\n\r\n<ul class=\"wp-block-list\">\r\n<li>Passagiere: 8;<\/li>\r\n\r\n\r\n\r\n<li>Kabinenh\u00f6he: 4 ft 10 in;<\/li>\r\n\r\n\r\n\r\n<li>L\u00e4nge der Kabine: 15 ft 7 in;<\/li>\r\n\r\n\r\n\r\n<li>Kabinenbreite: 4 ft 11 in;<\/li>\r\n\r\n\r\n\r\n<li>Reisegeschwindigkeit: 450 Knoten;&nbsp;<\/li>\r\n\r\n\r\n\r\n<li>Flugreichweite: 1.180 nautische Meilen.<\/li>\r\n<\/ul>\r\n\r\n\r\n\r\n<h3 class=\"wp-block-heading\"><span class=\"ez-toc-section\" id=\"3_Midsize_Private_Jets\"><\/span>3. Private Jets mittlerer Gr\u00f6\u00dfe<span class=\"ez-toc-section-end\"><\/span><\/h3>\r\n\r\n\r\n\r\n<p>Wenn Sie mehr Sitze, Kopffreiheit und Platz ben\u00f6tigen, als ein kleines Flugzeug bieten kann, sind mittelgro\u00dfe Privatjets das Richtige f\u00fcr Sie. Sie eignen sich perfekt f\u00fcr Fl\u00fcge von etwa 4 bis 5 Stunden und sind etwas schneller als ihre leichten Gegenst\u00fccke.<\/p>\r\n\r\n\r\n\r\n<h4 class=\"wp-block-heading\"><span class=\"ez-toc-section\" id=\"Our_Recommendation_The_Citation_ExcelXLS\"><\/span>Unsere Empfehlung: Die Citation Excel\/XLS<span class=\"ez-toc-section-end\"><\/span><\/h4>\r\n\r\n\r\n\r\n<p><a href=\"https:\/\/comparemyjet.com\/de\/cessna\/\" data-internallinksmanager029f6b8e52c=\"145\" title=\"Ultimativer Leitfaden f\u00fcr Cessna Privatjets und Flugzeuge\">Cessna-Flugzeug<\/a> Das Unternehmen produzierte die Cessna Citation XLS als erste Generation der Citation Excel, die im Jahr 2003 ihren Erstflug hatte. Sie ist Teil der Citation-Familie von Gesch\u00e4ftsflugzeugen, die eine Vielzahl von Modellen umfasst.<\/p>\r\n\r\n\r\n\r\n<p>Spezifikationen:<\/p>\r\n\r\n\r\n\r\n<ul class=\"wp-block-list\">\r\n<li>Passagiere: 8;<\/li>\r\n\r\n\r\n\r\n<li>Maximale Reichweite: 1989 nm;<\/li>\r\n\r\n\r\n\r\n<li>H\u00f6chstgeschwindigkeit: 433 kts;<\/li>\r\n\r\n\r\n\r\n<li>Steigrate: 3500 fpm;<\/li>\r\n\r\n\r\n\r\n<li>Kabinenh\u00f6he: 5 ft 7 in;<\/li>\r\n\r\n\r\n\r\n<li>Kabinenl\u00e4nge: 18 ft 7 in;<\/li>\r\n\r\n\r\n\r\n<li>Kabinenbreite: 5 ft 5 in.&nbsp;<\/li>\r\n<\/ul>\r\n\r\n\r\n\r\n<h3 class=\"wp-block-heading\"><span class=\"ez-toc-section\" id=\"4_Super-Midsize_Private_Jets\"><\/span>4. Super-Mittelgro\u00dfe Privatjets&nbsp;<span class=\"ez-toc-section-end\"><\/span><\/h3>\r\n\r\n\r\n\r\n<p>Super-Mid-Jets sind kleiner und treibstoffeffizienter als schwere Jets und haben eine gr\u00f6\u00dfere Reichweite bei geringeren Kosten. Wenn Sie ein Privatflugzeug mit gro\u00dfer Reichweite und guter Landebahnkapazit\u00e4t ben\u00f6tigen, k\u00f6nnen Sie sich f\u00fcr einen Jet der Super-Midsize-Kategorie entscheiden.<\/p>\r\n\r\n\r\n\r\n<h4 class=\"wp-block-heading\"><span class=\"ez-toc-section\" id=\"Our_Recommendation_The_Citation_X\"><\/span>Unsere Empfehlung: Die Citation X<span class=\"ez-toc-section-end\"><\/span><\/h4>\r\n\r\n\r\n\r\n<p>Die Cessna Citation X ist eine neue Generation mittelgro\u00dfer Gesch\u00e4ftsflugzeuge mit erh\u00f6hter Geschwindigkeit und einem geschlossenen Gep\u00e4ckraum. Dieses Flugzeug ist das schnellste derzeit produzierte Gesch\u00e4ftsreiseflugzeug, das bereits mehrere Geschwindigkeitsrekorde aufgestellt hat.<\/p>\r\n\r\n\r\n\r\n<p>Spezifikationen:<\/p>\r\n\r\n\r\n\r\n<ul class=\"wp-block-list\">\r\n<li>Passagiere: 8;<\/li>\r\n\r\n\r\n\r\n<li>H\u00f6chstgeschwindigkeit: 525 Knoten;<\/li>\r\n\r\n\r\n\r\n<li>Maximale Reichweite: 3125 nm;<\/li>\r\n\r\n\r\n\r\n<li>Kabinenh\u00f6he: 5 ft 7 in;<\/li>\r\n\r\n\r\n\r\n<li>Kabinenl\u00e4nge: 23 ft 9 in<\/li>\r\n\r\n\r\n\r\n<li>Kabinenbreite: 5 ft 5 in;<\/li>\r\n\r\n\r\n\r\n<li>Flugreichweite: 3.111 nautische Meilen.<\/li>\r\n<\/ul>\r\n\r\n\r\n\r\n<h3 class=\"wp-block-heading\"><span class=\"ez-toc-section\" id=\"5_Large_Private_Jets\"><\/span>5. Gro\u00dfe Privatjets<span class=\"ez-toc-section-end\"><\/span><\/h3>\r\n\r\n\r\n\r\n<p>Alles ist m\u00f6glich, wenn Sie Zugang zu diesen extrem anpassungsf\u00e4higen, hochmodernen, riesigen Privatflugzeugen haben. Schwere Jets k\u00f6nnen etwa 10 bis 15 Passagiere oder mehr aufnehmen und bieten zus\u00e4tzliche Beinfreiheit und Komfort.&nbsp;<\/p>\r\n\r\n\r\n\r\n<h4 class=\"wp-block-heading\"><span class=\"ez-toc-section\" id=\"Our_Recommendation_The_Gulfstream_G450\"><\/span>Unsere Empfehlung: Die Gulfstream G450<span class=\"ez-toc-section-end\"><\/span><\/h4>\r\n\r\n\r\n\r\n<p>Die <a href=\"https:\/\/comparemyjet.com\/de\/gulfstream\/\" data-internallinksmanager029f6b8e52c=\"175\" title=\"Ultimativer Leitfaden f\u00fcr Gulfstream Privatjets und Flugzeuge\">Gulfstream<\/a> Die G450 ist der fabelhafteste Gro\u00dfkabinenjet seiner Klasse.&nbsp;&nbsp;<\/p>\r\n\r\n\r\n\r\n<p>Spezifikationen:<\/p>\r\n\r\n\r\n\r\n<ul class=\"wp-block-list\">\r\n<li>Passagiere: 8-14;&nbsp;<\/li>\r\n\r\n\r\n\r\n<li>Maximale Reichweite: 4350 nm;<\/li>\r\n\r\n\r\n\r\n<li>H\u00f6chstgeschwindigkeit: 586 Knoten;<\/li>\r\n\r\n\r\n\r\n<li>Kabinenh\u00f6he: 6 ft 2 in;<\/li>\r\n\r\n\r\n\r\n<li>Kabinenl\u00e4nge: 40 ft 4 in;<\/li>\r\n\r\n\r\n\r\n<li>Kabinenbreite: 7 ft 4 in;<\/li>\r\n\r\n\r\n\r\n<li>Reisegeschwindigkeit: 533 Knoten.<\/li>\r\n<\/ul>\r\n\r\n\r\n\r\n<h2 class=\"wp-block-heading\"><span class=\"ez-toc-section\" id=\"Conclusion\"><\/span>Schlussfolgerung<span class=\"ez-toc-section-end\"><\/span><\/h2>\r\n\r\n\r\n\r\n<figure class=\"wp-block-image size-full is-style-default\"><img loading=\"lazy\" decoding=\"async\" width=\"1000\" height=\"391\" src=\"https:\/\/comparemyjet.com\/wp-content\/uploads\/A-Delta-Airlines-jet.jpg\" alt=\"Ein Flugzeug der Delta Airlines\" class=\"wp-image-4402\" srcset=\"https:\/\/comparemyjet.com\/wp-content\/uploads\/A-Delta-Airlines-jet-18x7.jpg 18w, https:\/\/comparemyjet.com\/wp-content\/uploads\/A-Delta-Airlines-jet-300x117.jpg 300w, https:\/\/comparemyjet.com\/wp-content\/uploads\/A-Delta-Airlines-jet-768x300.jpg 768w, https:\/\/comparemyjet.com\/wp-content\/uploads\/A-Delta-Airlines-jet.jpg 1000w\" sizes=\"auto, (max-width: 1000px) 100vw, 1000px\" \/><\/figure>\r\n\r\n\r\n\r\n<p>Obwohl Delta Private Jets gut funktionierte und viele zufriedene Kunden hatte, wurde es durch den Zusammenschluss mit Wheels Up noch besser. Lesen Sie unseren Artikel \u00fcber Wheels Up unter folgendem Link <a href=\"https:\/\/comparemyjet.com\/de\/auf-radern\/\">Link<\/a> um Ihnen bei der Bewertung und Auswahl Ihres Privatjet-Unternehmens zu helfen.&nbsp;<\/p>","protected":false},"excerpt":{"rendered":"<p>Delta Air Lines ist die weltweit f\u00fchrende Fluggesellschaft in Bezug auf Waren, Dienstleistungen, Innovation, Zuverl\u00e4ssigkeit und Kundenerfahrung in den Vereinigten Staaten. Das Unternehmen bietet ein erstklassiges Reiseerlebnis und erwirtschaftet gleichzeitig branchenf\u00fchrende Renditen f\u00fcr seine Aktion\u00e4re.  Delta Private Jets, der Charterdienst der Fluggesellschaft, hat sich mit der f\u00fchrenden Privatflugzeugmarke Wheels Up zusammengeschlossen, um ...<\/p>","protected":false},"author":1,"featured_media":4400,"parent":0,"menu_order":0,"comment_status":"closed","ping_status":"closed","template":"","meta":{"_acf_changed":false,"_genesis_hide_title":false,"_genesis_hide_breadcrumbs":false,"_genesis_hide_singular_image":false,"_genesis_hide_footer_widgets":false,"_genesis_custom_body_class":"","_genesis_custom_post_class":"","_genesis_layout":"","footnotes":""},"class_list":{"1":"page","2":"type-page","6":"entry"},"acf":[],"_links":{"self":[{"href":"https:\/\/comparemyjet.com\/de\/wp-json\/wp\/v2\/pages\/4399","targetHints":{"allow":["GET"]}}],"collection":[{"href":"https:\/\/comparemyjet.com\/de\/wp-json\/wp\/v2\/pages"}],"about":[{"href":"https:\/\/comparemyjet.com\/de\/wp-json\/wp\/v2\/types\/page"}],"author":[{"embeddable":true,"href":"https:\/\/comparemyjet.com\/de\/wp-json\/wp\/v2\/users\/1"}],"replies":[{"embeddable":true,"href":"https:\/\/comparemyjet.com\/de\/wp-json\/wp\/v2\/comments?post=4399"}],"version-history":[{"count":2,"href":"https:\/\/comparemyjet.com\/de\/wp-json\/wp\/v2\/pages\/4399\/revisions"}],"predecessor-version":[{"id":4434,"href":"https:\/\/comparemyjet.com\/de\/wp-json\/wp\/v2\/pages\/4399\/revisions\/4434"}],"wp:featuredmedia":[{"embeddable":true,"href":"https:\/\/comparemyjet.com\/de\/wp-json\/wp\/v2\/media\/4400"}],"wp:attachment":[{"href":"https:\/\/comparemyjet.com\/de\/wp-json\/wp\/v2\/media?parent=4399"}],"curies":[{"name":"wp","href":"https:\/\/api.w.org\/{rel}","templated":true}]}}