{"id":2034,"date":"2021-08-25T22:04:02","date_gmt":"2021-08-25T22:04:02","guid":{"rendered":"https:\/\/comparemyjet.com\/?page_id=2034"},"modified":"2025-09-04T09:58:23","modified_gmt":"2025-09-04T09:58:23","slug":"como-comprar-un-avion-privado","status":"publish","type":"page","link":"https:\/\/comparemyjet.com\/es\/como-comprar-un-avion-privado\/","title":{"rendered":"C\u00f3mo comprar un avi\u00f3n privado"},"content":{"rendered":"<p>Hace tiempo que vuela en avi\u00f3n privado. Alquilar o fletar aviones privados para usted y su equipo de viaje y reservar asientos de \u00faltima hora en vuelos compartidos para 30 personas son buenas opciones, pero cuando hace n\u00fameros, acaba pregunt\u00e1ndose: \u00bfpor qu\u00e9 no tener mi propio avi\u00f3n privado?<\/p>\r\n\r\n\r\n\r\n<p>Seg\u00fan los expertos, una vez que se empieza a pasar m\u00e1s de 200 horas de vuelo al a\u00f1o, es un buen momento para considerar la posibilidad de adquirir un avi\u00f3n propio.<\/p>\r\n\r\n\r\n\r\n<p>Y aunque se trata de una enorme inversi\u00f3n \u00fanica, es bastante realista que al final se amortice.<\/p>\r\n\r\n\r\n\r\n<p>Si no le resulta extra\u00f1o gastar decenas de miles de d\u00f3lares en un solo vuelo, la compra de un avi\u00f3n de varios millones de d\u00f3lares s\u00f3lo para su propia comodidad de vuelo deber\u00eda estar en su lista de posibilidades.<\/p>\r\n\r\n\r\n\r\n<p>Desde el <a href=\"https:\/\/www.barrons.com\/articles\/SB123992033953526967\" target=\"_blank\" rel=\"noreferrer noopener nofollow\">Recesi\u00f3n 2008<\/a>y una bajada de precios en 2009, no ha habido mejor momento para comprar un avi\u00f3n privado. La pandemia ha hecho que los aviones privados sean m\u00e1s atractivos y m\u00e1s f\u00e1ciles de conseguir que nunca, tanto para alquilarlos para vuelos de vez en cuando como para hacer la cuantiosa compra de un jet privado completo.<\/p>\r\n\r\n\r\n\r\n<p>Seg\u00fan las empresas de venta de aviones, como <a href=\"https:\/\/www.jetcraft.com\/\" target=\"_blank\" rel=\"noreferrer noopener nofollow\">Jetcraft<\/a>Los nuevos y j\u00f3venes millonarios interesados en comprar jets privados se decantan cada vez m\u00e1s por los aviones de \"segunda mano\" o seminuevos. Son m\u00e1s r\u00e1pidos de comprar y entregar, y muy a menudo est\u00e1n en excelente estado.<\/p>\r\n\r\n\r\n\r\n<p>Sin embargo, la tripulaci\u00f3n m\u00e1s veterana y experimentada de la jet-set parece preferir los art\u00edculos de vuelo nuevos y reci\u00e9n elaborados.<\/p>\r\n\r\n\r\n\r\n<p>\u00bfEn qu\u00e9 equipo est\u00e1s?<\/p>\r\n\r\n\r\n\r\n<div class=\"wp-block-image\"><figure class=\"aligncenter size-full\"><img loading=\"lazy\" decoding=\"async\" width=\"910\" height=\"607\" src=\"https:\/\/comparemyjet.com\/wp-content\/uploads\/2021\/08\/How-To-Buy-a-Private-Jet-2.jpg\" alt=\"hombre bajando del jet privado\" class=\"wp-image-2036\" srcset=\"https:\/\/comparemyjet.com\/wp-content\/uploads\/2021\/08\/How-To-Buy-a-Private-Jet-2-300x200.jpg 300w, https:\/\/comparemyjet.com\/wp-content\/uploads\/2021\/08\/How-To-Buy-a-Private-Jet-2-768x512.jpg 768w, https:\/\/comparemyjet.com\/wp-content\/uploads\/2021\/08\/How-To-Buy-a-Private-Jet-2.jpg 910w\" sizes=\"auto, (max-width: 910px) 100vw, 910px\" \/><\/figure><\/div>\r\n\r\n\r\n\r\n<h2 class=\"wp-block-heading\">Le damos un aviso...<\/h2>\r\n\r\n\r\n\r\n<p>Independientemente de la experiencia que tengas como empresario, <strong>no te metas solo en esto<\/strong>. Hay una buena raz\u00f3n por la que existen empresas especiales dedicadas a facilitar el proceso de compra y regulaci\u00f3n de su jet privado como posesi\u00f3n. A menos que usted mismo sea un experto en el tema, le recomendamos encarecidamente que deje que los expertos se aseguren de que todo est\u00e1 en regla para usted. Hay muchas cosas que pueden salir mal.<\/p>\r\n\r\n\r\n\r\n<p>Estas empresas tambi\u00e9n pueden aconsejarle sobre el tipo de avi\u00f3n que mejor se adapta a sus necesidades de vuelo y a su poder adquisitivo.&nbsp;<\/p>\r\n\r\n\r\n\r\n<p>Adem\u00e1s, ten en cuenta que no tienes que ser el due\u00f1o total del jet. Hay otras opciones que se acercan bastante, como <a href=\"https:\/\/www.investopedia.com\/terms\/f\/fractionalownership.asp\" target=\"_blank\" rel=\"noreferrer noopener nofollow\">propiedad fraccionaria<\/a>o <a href=\"https:\/\/www.sherpareport.com\/aircraft\/aircraft-overview\/charter-cards.html\" target=\"_blank\" rel=\"noreferrer noopener nofollow\">tarjetas de socio del jet club<\/a> que te dan toneladas de opciones a la hora de volar.<\/p>\r\n\r\n\r\n\r\n<p>Las tarjetas de socio de los clubes de jets son vendidas por varias empresas, cada una de las cuales ofrece diferentes condiciones. <a href=\"https:\/\/www.vistajet.com\/en-gb\/stories\/private-jet-card\/\" target=\"_blank\" rel=\"noreferrer noopener nofollow\">Vista Jet,<\/a> <a href=\"https:\/\/www.jetlinx.com\/jet-card\/\" target=\"_blank\" rel=\"noreferrer noopener nofollow\">Jet Linx<\/a>, <a href=\"https:\/\/jettly.com\/become_a_member\" target=\"_blank\" rel=\"noreferrer noopener nofollow\">Jettly<\/a>, <a href=\"https:\/\/www.wholesalejetclub.com\/\" target=\"_blank\" rel=\"noreferrer noopener nofollow\">Venta completa de Jet Club<\/a>, <a href=\"https:\/\/www.airpartner.com\/en\/private-jets\/jetcard\/\" target=\"_blank\" rel=\"noreferrer noopener nofollow\">AirPArtner<\/a> son s\u00f3lo un par de nombres populares.<\/p>\r\n\r\n\r\n\r\n<p>Adem\u00e1s, a menos que sea un piloto profesional, tenga en cuenta que la compra de un avi\u00f3n es s\u00f3lo la primera de <strong>muchos gastos que le esperan<\/strong>. Pero qu\u00e9 diablos, \u00bfqu\u00e9 son $50.000 - $60.000 para el salario de un piloto al a\u00f1o, despu\u00e9s de desembolsar varios millones de d\u00f3lares por el propio avi\u00f3n? Adem\u00e1s del piloto, est\u00e1 el resto de la tripulaci\u00f3n de cabina, los gastos de mantenimiento y explotaci\u00f3n, los costes del hangar, los impuestos, las tasas de aeropuerto, el combustible, etc.<\/p>\r\n\r\n\r\n\r\n<div class=\"wp-block-image\"><figure class=\"aligncenter size-large\"><img loading=\"lazy\" decoding=\"async\" width=\"1024\" height=\"683\" src=\"https:\/\/comparemyjet.com\/wp-content\/uploads\/2021\/08\/How-To-Buy-a-Private-Jet-3-1-1024x683.jpg\" alt=\"apret\u00f3n de manos\" class=\"wp-image-2043\" srcset=\"https:\/\/comparemyjet.com\/wp-content\/uploads\/2021\/08\/How-To-Buy-a-Private-Jet-3-1-300x200.jpg 300w, https:\/\/comparemyjet.com\/wp-content\/uploads\/2021\/08\/How-To-Buy-a-Private-Jet-3-1-768x512.jpg 768w, https:\/\/comparemyjet.com\/wp-content\/uploads\/2021\/08\/How-To-Buy-a-Private-Jet-3-1-1024x683.jpg 1024w, https:\/\/comparemyjet.com\/wp-content\/uploads\/2021\/08\/How-To-Buy-a-Private-Jet-3-1-1536x1024.jpg 1536w, https:\/\/comparemyjet.com\/wp-content\/uploads\/2021\/08\/How-To-Buy-a-Private-Jet-3-1.jpg 1920w\" sizes=\"auto, (max-width: 1024px) 100vw, 1024px\" \/><\/figure><\/div>\r\n\r\n\r\n\r\n<h2 class=\"wp-block-heading\">C\u00f3mo comprar un avi\u00f3n privado: Una gu\u00eda paso a paso<\/h2>\r\n\r\n\r\n\r\n<p>Aqu\u00ed tienes una gu\u00eda paso a paso sobre c\u00f3mo comprar un jet privado. Aseg\u00farate de seguir todos los pasos, ya que, independientemente de la cantidad de dinero que tengas, desperdiciar millones en algo que no vale ni la mitad es un doloroso error de novato.<\/p>\r\n\r\n\r\n\r\n<ol class=\"wp-block-list\"><li>Un asesor de confianza y el apoyo de un tercero son imprescindibles<\/li><\/ol>\r\n\r\n\r\n\r\n<p>Como ya hemos argumentado, la compra de un jet privado no es una inversi\u00f3n menor. Si sale mal, puede perder mucho dinero. Por supuesto, hay un rango de cu\u00e1nto le costar\u00e1. Comprar un jet de segunda mano de $2 millones puede considerarse un error muy caro, pero \u00bfqu\u00e9 ocurre si se compra el avi\u00f3n equivocado de $15 millones - $100 millones?<\/p>\r\n\r\n\r\n\r\n<p>Por eso es obligatorio colaborar con corredores o asesores de confianza (a menos que uno mismo sea un experto en aviones).<\/p>\r\n\r\n\r\n\r\n<p>Empresas como <a href=\"https:\/\/www.jetcraft.com\/\" target=\"_blank\" rel=\"noreferrer noopener nofollow\">Jetcraft<\/a>, <a href=\"https:\/\/www.jamesedition.com\/jets\" target=\"_blank\" rel=\"noreferrer noopener nofollow\">Jamesedition<\/a>, <a href=\"https:\/\/www.avbuyer.com\/aircraft\/private-jets\" target=\"_blank\" rel=\"noreferrer noopener nofollow\">Avbuyer<\/a>, <a href=\"https:\/\/www.globalair.com\/aircraft-for-sale\/Private-Jet\" target=\"_blank\" rel=\"noreferrer noopener nofollow\">Globalair<\/a>, <a href=\"https:\/\/www.worth.com\/how-to-buy-a-private-jet\/\" target=\"_blank\" rel=\"noreferrer noopener nofollow\">Vale la pena<\/a>, <a href=\"https:\/\/www.jetlinx.com\/acquisitions-sales\/\" target=\"_blank\" rel=\"noreferrer noopener nofollow\">Jetlinx<\/a>o <a href=\"https:\/\/www.privatefly.com\/privatejet-services\/private-jet-buy-or-hire.html\" target=\"_blank\" rel=\"noreferrer noopener nofollow\">Privatefly<\/a> son algunos de los principales mercados para la compra de un jet privado. Tambi\u00e9n emplean a corredores, cuyo inter\u00e9s es que usted acabe siendo un cliente satisfecho.<\/p>\r\n\r\n\r\n\r\n<div class=\"wp-block-image\"><figure class=\"aligncenter size-large\"><img loading=\"lazy\" decoding=\"async\" width=\"1024\" height=\"429\" src=\"https:\/\/comparemyjet.com\/wp-content\/uploads\/2021\/08\/How-To-Buy-a-Private-Jet-5-1024x429.jpg\" alt=\"p\u00e1gina web de la empresa\" class=\"wp-image-2039\" srcset=\"https:\/\/comparemyjet.com\/wp-content\/uploads\/2021\/08\/How-To-Buy-a-Private-Jet-5-300x126.jpg 300w, https:\/\/comparemyjet.com\/wp-content\/uploads\/2021\/08\/How-To-Buy-a-Private-Jet-5-768x322.jpg 768w, https:\/\/comparemyjet.com\/wp-content\/uploads\/2021\/08\/How-To-Buy-a-Private-Jet-5-1024x429.jpg 1024w, https:\/\/comparemyjet.com\/wp-content\/uploads\/2021\/08\/How-To-Buy-a-Private-Jet-5-1536x643.jpg 1536w, https:\/\/comparemyjet.com\/wp-content\/uploads\/2021\/08\/How-To-Buy-a-Private-Jet-5.jpg 1891w\" sizes=\"auto, (max-width: 1024px) 100vw, 1024px\" \/><\/figure><\/div>\r\n\r\n\r\n\r\n<p>Sin embargo, el apoyo de terceros no termina ah\u00ed. Tambi\u00e9n necesitar\u00e1s un abogado especializado en aviaci\u00f3n, as\u00ed como una agencia de inspecci\u00f3n, una agencia de contrataci\u00f3n de tripulaci\u00f3n de cabina, un asesor financiero\/fiscal y un contable.<\/p>\r\n\r\n\r\n\r\n<ol class=\"wp-block-list\" start=\"2\"><li>Averiguar los detalles<\/li><\/ol>\r\n\r\n\r\n\r\n<p>\u00bfA d\u00f3nde quiere viajar con su avi\u00f3n? \u00bfCon qu\u00e9 frecuencia piensa volar? \u00bfCu\u00e1ntas personas van a viajar con usted? \u00bfCu\u00e1l es su presupuesto?<\/p>\r\n\r\n\r\n\r\n<p>Todos estos detalles determinar\u00e1n el tipo de avi\u00f3n que comprar\u00e1: de tama\u00f1o medio, turboh\u00e9lice, de tama\u00f1o peque\u00f1o, de segunda mano o completamente nuevo.<\/p>\r\n\r\n\r\n\r\n<p>Los jets nuevos suelen ser m\u00e1s caros; sin embargo, vienen con una garant\u00eda de cinco a\u00f1os, mientras que esta seguridad no forma parte del trato cuando se trata de jets de segunda mano.<\/p>\r\n\r\n\r\n\r\n<p>Adem\u00e1s, es importante que conozcas el contexto. Si vuelas a nivel local, es posible que tu pa\u00eds o regi\u00f3n tenga normas y requisitos espec\u00edficos en materia de vuelos comerciales.<\/p>\r\n\r\n\r\n\r\n<p>Aseg\u00farese de que cumple esos requisitos en cuanto a equipo, seguridad, personal, impuestos, tasas, etc.<\/p>\r\n\r\n\r\n\r\n<div class=\"wp-block-image\"><figure class=\"aligncenter size-large\"><img loading=\"lazy\" decoding=\"async\" width=\"1024\" height=\"437\" src=\"https:\/\/comparemyjet.com\/wp-content\/uploads\/2021\/08\/How-To-Buy-a-Private-Jet-1-1024x437.jpg\" alt=\"C\u00f3mo comprar un jet privado-1\" class=\"wp-image-2035\" srcset=\"https:\/\/comparemyjet.com\/wp-content\/uploads\/2021\/08\/How-To-Buy-a-Private-Jet-1-300x128.jpg 300w, https:\/\/comparemyjet.com\/wp-content\/uploads\/2021\/08\/How-To-Buy-a-Private-Jet-1-768x328.jpg 768w, https:\/\/comparemyjet.com\/wp-content\/uploads\/2021\/08\/How-To-Buy-a-Private-Jet-1-1024x437.jpg 1024w, https:\/\/comparemyjet.com\/wp-content\/uploads\/2021\/08\/How-To-Buy-a-Private-Jet-1-1536x656.jpg 1536w, https:\/\/comparemyjet.com\/wp-content\/uploads\/2021\/08\/How-To-Buy-a-Private-Jet-1.jpg 1751w\" sizes=\"auto, (max-width: 1024px) 100vw, 1024px\" \/><\/figure><\/div>\r\n\r\n\r\n\r\n<ol class=\"wp-block-list\" start=\"3\"><li>Paseo de demostraci\u00f3n<\/li><\/ol>\r\n\r\n\r\n\r\n<p>Aunque es perfectamente normal valorar la est\u00e9tica de un avi\u00f3n, su comodidad, econom\u00eda y funcionalidad son de hecho mucho m\u00e1s importantes.<\/p>\r\n\r\n\r\n\r\n<p>Por eso le animamos a que lleve su posible avi\u00f3n a un viaje de demostraci\u00f3n. Si no ha estado antes en ese modelo de avi\u00f3n, quiz\u00e1 pueda encontrar una compa\u00f1\u00eda de vuelos ch\u00e1rter que tenga ese tipo de avi\u00f3n en su flota, y probar su comodidad, rendimiento, ruido y funcionalidad.<\/p>\r\n\r\n\r\n\r\n<p>Tambi\u00e9n es posible que el vendedor le permita realizar un vuelo de demostraci\u00f3n, pero a cambio tendr\u00e1 que acordar alg\u00fan tipo de compromiso, como dejar un dep\u00f3sito antes del vuelo.<\/p>\r\n\r\n\r\n\r\n<ol class=\"wp-block-list\" start=\"4\"><li>Compras y administraci\u00f3n<\/li><\/ol>\r\n\r\n\r\n\r\n<p>\u00bfRecuerdas toda la ayuda de terceros del paso 1?<\/p>\r\n\r\n\r\n\r\n<p>Una vez que haya terminado con el viaje de prueba, y una vez que est\u00e9 seguro de qu\u00e9 avi\u00f3n quiere comprar, aqu\u00ed hay una lista de pasos que usted, o mejor dicho, sus agencias de terceros deben realizar para completar la compra y convertirle en propietario de un jet privado.<\/p>\r\n\r\n\r\n\r\n<ul class=\"wp-block-list\"><li>Inspecci\u00f3n previa a la compra<\/li><\/ul>\r\n\r\n\r\n\r\n<p>Empresas como <a href=\"https:\/\/jetadvisors.com\/\" target=\"_blank\" rel=\"noreferrer noopener nofollow\">Jetadvisors<\/a>, <a href=\"https:\/\/www.vanguardairservices.com\/\" target=\"_blank\" rel=\"noreferrer noopener nofollow\">VanguardAirServices<\/a>, <a href=\"https:\/\/www.globalaviationtechnicalservices.com\/\" target=\"_blank\" rel=\"noreferrer noopener nofollow\">Servicios t\u00e9cnicos globales de aviaci\u00f3n<\/a>o <a href=\"https:\/\/cla.aero\/\" target=\"_blank\" rel=\"noreferrer noopener nofollow\">Cla.aero<\/a> son algunos de los expertos que pueden ayudarle a determinar si hay da\u00f1os, carencias o antecedentes de da\u00f1os que reducir\u00edan el valor de su avi\u00f3n de inter\u00e9s.<\/p>\r\n\r\n\r\n\r\n<ul class=\"wp-block-list\"><li>Revisi\u00f3n de documentos financieros y de venta<\/li><\/ul>\r\n\r\n\r\n\r\n<p>Como estamos hablando de millones, es muy importante que todos los documentos est\u00e9n bien ordenados y que todo est\u00e9 dentro del marco legal.<\/p>\r\n\r\n\r\n\r\n<p>Si a\u00fan no tiene un asesor personal experto en el tema, puede contratar una agencia independiente para que cubra este paso por usted. Como la aviaci\u00f3n es un nicho tan espec\u00edfico, hay empresas especializadas \u00fanicamente en los aspectos financieros o jur\u00eddicos de la venta de aviones.<\/p>\r\n\r\n\r\n\r\n<p>Algunos de ellos son <a href=\"https:\/\/www.globaljetcapital.com\/financial-services\" target=\"_blank\" rel=\"noreferrer noopener nofollow\">GlobalJetCapital<\/a>, <a href=\"https:\/\/finance.aopa.org\/aviation-finance\/first-time-buyers\" target=\"_blank\" rel=\"noreferrer noopener nofollow\">AOPA Finanzas<\/a>y <a href=\"https:\/\/theprivatejetcompany.com\/\" target=\"_blank\" rel=\"noreferrer noopener nofollow\">ThePrivateJetCompany<\/a>. Estos pueden ayudar a abordar su contexto financiero \u00fanico, ofrecerle programas de venta o lease-back, asesorarle sobre c\u00f3mo negociar el precio en funci\u00f3n de su poder financiero y de los resultados de la inspecci\u00f3n y, por \u00faltimo, cerrar el trato de compra.<\/p>\r\n\r\n\r\n\r\n<ul class=\"wp-block-list\"><li>Registro y propiedad de la aeronave<\/li><\/ul>\r\n\r\n\r\n\r\n<p>Cada pa\u00eds tiene sus propias normas sobre el registro de aeronaves. Dentro de un mismo pa\u00eds, \u00e9stas pueden diferir a\u00fan m\u00e1s dependiendo de si usted es un propietario individual, una LLC o un fideicomiso que registra un avi\u00f3n. Adem\u00e1s, hay factores como si se trata de una aeronave deportiva ligera o de una aeronave construida por un aficionado, etc.<\/p>\r\n\r\n\r\n\r\n<p>Tambi\u00e9n existen normas sobre qui\u00e9n puede y qui\u00e9n no puede matricular una aeronave en un determinado pa\u00eds.<\/p>\r\n\r\n\r\n\r\n<p>Por suerte para usted, toda esta informaci\u00f3n es <a href=\"https:\/\/www.faa.gov\/licenses_certificates\/aircraft_certification\/aircraft_registry\/register_aircraft\/\" target=\"_blank\" rel=\"noreferrer noopener nofollow\">f\u00e1cil acceso en los sitios web gubernamentales<\/a>y ofrecen explicaciones exhaustivas y detalladas sobre cu\u00e1les son sus obligaciones para con el Estado a la hora de poseer y registrar un avi\u00f3n privado.<\/p>\r\n\r\n\r\n\r\n<p>Adem\u00e1s, el registro de la propiedad tambi\u00e9n puede resultar algo complicado si se decide por la propiedad fraccionada. Por otro lado, si adquieres todo el avi\u00f3n, pr\u00e1cticamente estar\u00e1s gestionando (otro) negocio: contratando personal, planificando el mantenimiento, pagando impuestos y tasas, y gestionando las responsabilidades legales.<\/p>\r\n\r\n\r\n\r\n<p>Por eso, en este paso tambi\u00e9n se necesita un asesor externo.<\/p>\r\n\r\n\r\n\r\n<ul class=\"wp-block-list\"><li>Certificados de aeronavegabilidad para la exportaci\u00f3n<\/li><\/ul>\r\n\r\n\r\n\r\n<p>Si va a comprar una aeronave en EE.UU., es mucho m\u00e1s importante tener en cuenta d\u00f3nde tiene su base, se utiliza y se mantiene el avi\u00f3n que d\u00f3nde est\u00e1 registrado oficialmente. Incluso si el pa\u00eds de origen es conocido como un lugar sospechoso, si el avi\u00f3n fue operado desde un lugar leg\u00edtimo, y todos los documentos est\u00e1n escritos en ingl\u00e9s, y cumplen con todos los criterios requeridos, los problemas administrativos se resolver\u00e1n en poco tiempo.<\/p>\r\n\r\n\r\n\r\n<p>Sin embargo, es necesario un nivel bastante alto de diligencia debida cuando se compra una aeronave extranjera. Cada pa\u00eds tiene su propia normativa que tanto usted como el vendedor deben cumplir.<\/p>\r\n\r\n\r\n\r\n<p>Adem\u00e1s, hay que determinar las rutas de viaje anteriores de la aeronave para poder identificar cualquier posible gravamen no descargado, ya que se quiere evitar este tipo de sorpresas en el pr\u00f3ximo viaje a los mismos pa\u00edses (si los hay).<\/p>\r\n\r\n\r\n\r\n<p>El documento m\u00e1s importante que debe obtener en este momento es probablemente el <strong>certificado de aeronavegabilidad<\/strong>. Lo expide el DAR (Designated Airworthiness Representative), que es un t\u00e9cnico de mantenimiento autorizado por el Estado. Por supuesto, hay muchos pasos en este proceso que no debe realizar solo. Empresas como <a href=\"https:\/\/www.bjtonline.com\/\" target=\"_blank\" rel=\"noreferrer noopener nofollow\">BTJOnline<\/a>o <a href=\"https:\/\/www.duncanaviation.aero\/\" target=\"_blank\" rel=\"noreferrer noopener nofollow\">DuncanAviationAero<\/a> puede guiarle a lo largo de todo el proceso, proporcion\u00e1ndole todos los servicios necesarios.<\/p>\r\n\r\n\r\n\r\n<ul class=\"wp-block-list\"><li>P\u00f3lizas de seguro<\/li><\/ul>\r\n\r\n\r\n\r\n<p>Una p\u00f3liza de seguro para un jet privado es algo muy importante. Pagamos un seguro para inversiones mucho m\u00e1s peque\u00f1as, como la compra de un coche, as\u00ed que no hace falta decir que tambi\u00e9n hay que contratar uno al comprar un jet privado.<\/p>\r\n\r\n\r\n\r\n<p>Hay muchas agencias que prestan este tipo de servicio, como por ejemplo <a href=\"https:\/\/bwifly.com\/aviation-insurance\/\" target=\"_blank\" rel=\"noreferrer noopener nofollow\">BWI Fly<\/a>, <a href=\"https:\/\/www.usaa.com\/inet\/wc\/insurance_aviation\" target=\"_blank\" rel=\"noreferrer noopener nofollow\">USAA<\/a>, <a href=\"https:\/\/www.wingsinsurance.com\/\" target=\"_blank\" rel=\"noreferrer noopener nofollow\">Alas<\/a>, <a href=\"https:\/\/www.ap-aerospace.com\/aircraft-renters-insurance\" target=\"_blank\" rel=\"noreferrer noopener nofollow\">AssuredPartners Aerospace<\/a>, <a href=\"https:\/\/www.eaa.org\/eaa\/eaa-membership\/eaa-member-benefits\/insurance\/EAA-warbird-aircraft-insurance-plan\" target=\"_blank\" rel=\"noreferrer noopener nofollow\">EAA<\/a>, <a href=\"https:\/\/www.avemco.com\/\" target=\"_blank\" rel=\"noreferrer noopener nofollow\">Avemco<\/a>, <a href=\"https:\/\/www.saxoninsurancebrokers.com\/\" target=\"_blank\" rel=\"noreferrer noopener nofollow\">Saxon Insurance Brokers<\/a>, <a href=\"https:\/\/www.traversaviation.com\/\" target=\"_blank\" rel=\"noreferrer noopener nofollow\">TraverseAviation<\/a>, <a href=\"https:\/\/www.ajg.com\/\" target=\"_blank\" rel=\"noreferrer noopener nofollow\">AJG<\/a>etc.<\/p>\r\n\r\n\r\n\r\n<ul class=\"wp-block-list\"><li>Cierre y firma<\/li><\/ul>\r\n\r\n\r\n\r\n<div class=\"wp-block-image\"><figure class=\"aligncenter size-large is-resized\"><img loading=\"lazy\" decoding=\"async\" src=\"https:\/\/comparemyjet.com\/wp-content\/uploads\/2021\/08\/How-To-Buy-a-Private-Jet-4-1024x683.jpg\" alt=\"firma de documentos\" class=\"wp-image-2038\" width=\"1000\" height=\"666\" srcset=\"https:\/\/comparemyjet.com\/wp-content\/uploads\/2021\/08\/How-To-Buy-a-Private-Jet-4-300x200.jpg 300w, https:\/\/comparemyjet.com\/wp-content\/uploads\/2021\/08\/How-To-Buy-a-Private-Jet-4-768x512.jpg 768w, https:\/\/comparemyjet.com\/wp-content\/uploads\/2021\/08\/How-To-Buy-a-Private-Jet-4-1024x683.jpg 1024w, https:\/\/comparemyjet.com\/wp-content\/uploads\/2021\/08\/How-To-Buy-a-Private-Jet-4.jpg 1200w\" sizes=\"auto, (max-width: 1000px) 100vw, 1000px\" \/><\/figure><\/div>\r\n\r\n\r\n\r\n<p>No hace falta decir que el cierre del trato y la firma del contrato de venta es el \u00faltimo paso del proceso. Una vez que llegue a este paso, la estresante administraci\u00f3n habr\u00e1 terminado y estar\u00e1 listo para convertirse en propietario de un jet privado.<\/p>\r\n\r\n\r\n\r\n<h2 class=\"wp-block-heading\">Resumen<\/h2>\r\n\r\n\r\n\r\n<p>Comprar un avi\u00f3n privado o incluso optar por la propiedad fraccionada es un paso importante en la vida de cualquier persona. Sin embargo, despu\u00e9s de pasar un tiempo en el aire en vuelos privados, nunca se puede volver a los comerciales. Y una vez que se superan las 200 horas de vuelo al a\u00f1o, est\u00e1 claro que merece la pena tener un avi\u00f3n propio.<\/p>\r\n\r\n\r\n\r\n<p>Ser propietario de una aeronave es como dirigir un negocio. Si est\u00e1 dispuesto a comprar una, suponemos que ya tiene experiencia en la gesti\u00f3n, o que dispone de los fondos necesarios para delegar el trabajo en alguien de confianza.<\/p>\r\n\r\n\r\n\r\n<p>Sin embargo, por mucha experiencia que tengas, a no ser que seas un experto en aviones deber\u00edas <strong>buscar apoyo<\/strong> para todos los niveles y pasos de la compra de aviones: desde la elecci\u00f3n del avi\u00f3n perfecto hasta la finalizaci\u00f3n de los complejos procesos administrativos.<\/p>\r\n\r\n\r\n\r\n<p>Adem\u00e1s, discute con tu asesor lo que quieres hacer con tu avi\u00f3n. \u00bfCu\u00e1les ser\u00e1n sus destinos m\u00e1s habituales? \u00bfCu\u00e1ntos pasajeros tiene previsto llevar? Tiene que determinar <strong>qu\u00e9 tipo de avi\u00f3n<\/strong> satisfaga mejor sus necesidades.<\/p>\r\n\r\n\r\n\r\n<p>Una vez que est\u00e9 seguro de las especificaciones de su avi\u00f3n, es el momento de llevarlo a <strong>paseo de demostraci\u00f3n<\/strong>. O bien fleta un vuelo en ese tipo de avi\u00f3n, o bien pide al vendedor que te lleve por un determinado dep\u00f3sito.<\/p>\r\n\r\n\r\n\r\n<p>Por \u00faltimo, si est\u00e1 inequ\u00edvocamente seguro del tipo de avi\u00f3n, es el momento de resolver la administraci\u00f3n. Este es un proceso complejo que requiere:<\/p>\r\n\r\n\r\n\r\n<ul class=\"wp-block-list\"><li>Un corredor;<\/li><li>Un abogado;<\/li><li>Un contable\/experto en finanzas;<\/li><li>Una agencia de inspecci\u00f3n;<\/li><li>Asistencia para obtener un certificado de exportaci\u00f3n.<\/li><\/ul>\r\n\r\n\r\n\r\n<p>Despu\u00e9s, s\u00f3lo queda cerrar el trato y firmar el contrato.<\/p>\r\n\r\n\r\n\r\n<p>\u00bfQu\u00e9 es lo siguiente? Un viaje en avi\u00f3n en tu nuevo juguete.<\/p>","protected":false},"excerpt":{"rendered":"<p>Hace tiempo que vuela en avi\u00f3n privado. Alquilar o fletar aviones privados para usted y su equipo de viaje y reservar asientos de \u00faltima hora en vuelos compartidos para 30 personas son buenas opciones, pero cuando hace n\u00fameros, acaba pregunt\u00e1ndose: \u00bfpor qu\u00e9 no tener mi propio avi\u00f3n privado? Seg\u00fan los expertos, una vez que ...<\/p>","protected":false},"author":1,"featured_media":2035,"parent":0,"menu_order":0,"comment_status":"closed","ping_status":"closed","template":"","meta":{"_acf_changed":false,"_genesis_hide_title":false,"_genesis_hide_breadcrumbs":false,"_genesis_hide_singular_image":false,"_genesis_hide_footer_widgets":false,"_genesis_custom_body_class":"","_genesis_custom_post_class":"","_genesis_layout":"","footnotes":""},"class_list":{"1":"page","2":"type-page","6":"entry"},"acf":[],"_links":{"self":[{"href":"https:\/\/comparemyjet.com\/es\/wp-json\/wp\/v2\/pages\/2034","targetHints":{"allow":["GET"]}}],"collection":[{"href":"https:\/\/comparemyjet.com\/es\/wp-json\/wp\/v2\/pages"}],"about":[{"href":"https:\/\/comparemyjet.com\/es\/wp-json\/wp\/v2\/types\/page"}],"author":[{"embeddable":true,"href":"https:\/\/comparemyjet.com\/es\/wp-json\/wp\/v2\/users\/1"}],"replies":[{"embeddable":true,"href":"https:\/\/comparemyjet.com\/es\/wp-json\/wp\/v2\/comments?post=2034"}],"version-history":[{"count":2,"href":"https:\/\/comparemyjet.com\/es\/wp-json\/wp\/v2\/pages\/2034\/revisions"}],"predecessor-version":[{"id":2044,"href":"https:\/\/comparemyjet.com\/es\/wp-json\/wp\/v2\/pages\/2034\/revisions\/2044"}],"wp:featuredmedia":[{"embeddable":true,"href":"https:\/\/comparemyjet.com\/es\/wp-json\/wp\/v2\/media\/2035"}],"wp:attachment":[{"href":"https:\/\/comparemyjet.com\/es\/wp-json\/wp\/v2\/media?parent=2034"}],"curies":[{"name":"wp","href":"https:\/\/api.w.org\/{rel}","templated":true}]}}