{"id":3061,"date":"2022-07-11T23:51:35","date_gmt":"2022-07-11T23:51:35","guid":{"rendered":"https:\/\/comparemyjet.com\/?page_id=3061"},"modified":"2025-09-04T09:58:14","modified_gmt":"2025-09-04T09:58:14","slug":"amalfi-jets","status":"publish","type":"page","link":"https:\/\/comparemyjet.com\/es\/amalfi-jets\/","title":{"rendered":"Precios de los vuelos de Amalfi Jets"},"content":{"rendered":"<p>No hay nada mejor que viajar por el mundo volando en un jet privado. Para que la experiencia de volar en un avi\u00f3n privado sea m\u00e1s agradable, Amalfi Jets env\u00eda a uno de sus representantes al aeropuerto para recibir a cada cliente antes de la salida y asegurarse de que se cuidan todos los detalles para que el vuelo sea de lo m\u00e1s agradable.&nbsp;<\/p>\r\n\r\n\r\n\r\n<p>La empresa ofrece servicios como el ch\u00e1rter a la carta y los programas de afiliaci\u00f3n a la tarjeta jet. Tambi\u00e9n prometen una disponibilidad garantizada con s\u00f3lo 18 horas de antelaci\u00f3n, y usted puede beneficiarse de ascensos de categor\u00eda de avi\u00f3n gratuitos y de muchas otras ventajas. Exploremos con m\u00e1s detalle las ventajas de volar con los jets de Amalfi.<\/p>\r\n\r\n\r\n\r\n<div id=\"ez-toc-container\" class=\"ez-toc-v2_0_76 counter-hierarchy ez-toc-counter ez-toc-grey ez-toc-container-direction\">\n<p class=\"ez-toc-title\" style=\"cursor:inherit\">Temas<\/p>\n<label for=\"ez-toc-cssicon-toggle-item-69f038d7b03cd\" class=\"ez-toc-cssicon-toggle-label\"><span class=\"\"><span class=\"eztoc-hide\" style=\"display:none;\">Toggle<\/span><span class=\"ez-toc-icon-toggle-span\"><svg style=\"fill: #999;color:#999\" xmlns=\"http:\/\/www.w3.org\/2000\/svg\" class=\"list-377408\" width=\"20px\" height=\"20px\" viewbox=\"0 0 24 24\" fill=\"none\"><path d=\"M6 6H4v2h2V6zm14 0H8v2h12V6zM4 11h2v2H4v-2zm16 0H8v2h12v-2zM4 16h2v2H4v-2zm16 0H8v2h12v-2z\" fill=\"currentColor\"><\/path><\/svg><svg style=\"fill: #999;color:#999\" class=\"arrow-unsorted-368013\" xmlns=\"http:\/\/www.w3.org\/2000\/svg\" width=\"10px\" height=\"10px\" viewbox=\"0 0 24 24\" version=\"1.2\" baseprofile=\"tiny\"><path d=\"M18.2 9.3l-6.2-6.3-6.2 6.3c-.2.2-.3.4-.3.7s.1.5.3.7c.2.2.4.3.7.3h11c.3 0 .5-.1.7-.3.2-.2.3-.5.3-.7s-.1-.5-.3-.7zM5.8 14.7l6.2 6.3 6.2-6.3c.2-.2.3-.5.3-.7s-.1-.5-.3-.7c-.2-.2-.4-.3-.7-.3h-11c-.3 0-.5.1-.7.3-.2.2-.3.5-.3.7s.1.5.3.7z\"\/><\/svg><\/span><\/span><\/label><input type=\"checkbox\"  id=\"ez-toc-cssicon-toggle-item-69f038d7b03cd\" checked aria-label=\"Alternar\" \/><nav><ul class='ez-toc-list ez-toc-list-level-1' ><li class='ez-toc-page-1 ez-toc-heading-level-2'><a class=\"ez-toc-link ez-toc-heading-1\" href=\"https:\/\/comparemyjet.com\/es\/amalfi-jets\/#Company_History\" >Historia de la empresa<\/a><ul class='ez-toc-list-level-3' ><li class='ez-toc-heading-level-3'><a class=\"ez-toc-link ez-toc-heading-2\" href=\"https:\/\/comparemyjet.com\/es\/amalfi-jets\/#Why_Choose_Amalfi_Jets\" >\u00bfPor qu\u00e9 elegir Amalfi Jets?<\/a><\/li><\/ul><\/li><li class='ez-toc-page-1 ez-toc-heading-level-2'><a class=\"ez-toc-link ez-toc-heading-3\" href=\"https:\/\/comparemyjet.com\/es\/amalfi-jets\/#Ways_to_Fly\" >Formas de volar<\/a><\/li><li class='ez-toc-page-1 ez-toc-heading-level-2'><a class=\"ez-toc-link ez-toc-heading-4\" href=\"https:\/\/comparemyjet.com\/es\/amalfi-jets\/#The_Company_Card_Program\" >El programa de tarjetas de empresa<\/a><\/li><li class='ez-toc-page-1 ez-toc-heading-level-2'><a class=\"ez-toc-link ez-toc-heading-5\" href=\"https:\/\/comparemyjet.com\/es\/amalfi-jets\/#Pricing\" >Precios<\/a><\/li><li class='ez-toc-page-1 ez-toc-heading-level-2'><a class=\"ez-toc-link ez-toc-heading-6\" href=\"https:\/\/comparemyjet.com\/es\/amalfi-jets\/#The_Fleet\" >La flota&nbsp;<\/a><ul class='ez-toc-list-level-3' ><li class='ez-toc-heading-level-3'><a class=\"ez-toc-link ez-toc-heading-7\" href=\"https:\/\/comparemyjet.com\/es\/amalfi-jets\/#1_Light_Private_Jets\" >1. Jets privados ligeros<\/a><\/li><li class='ez-toc-page-1 ez-toc-heading-level-3'><a class=\"ez-toc-link ez-toc-heading-8\" href=\"https:\/\/comparemyjet.com\/es\/amalfi-jets\/#2_Midsize_and_Super-Midsize_Private_Jets\" >2. Jets privados de tama\u00f1o medio y supermedio&nbsp;<\/a><\/li><li class='ez-toc-page-1 ez-toc-heading-level-3'><a class=\"ez-toc-link ez-toc-heading-9\" href=\"https:\/\/comparemyjet.com\/es\/amalfi-jets\/#3_Large_Private_Jets\" >3. Grandes aviones privados<\/a><\/li><li class='ez-toc-page-1 ez-toc-heading-level-3'><a class=\"ez-toc-link ez-toc-heading-10\" href=\"https:\/\/comparemyjet.com\/es\/amalfi-jets\/#4_Ultra-Long-Range_Private_Jets\" >4. Jets privados de largo alcance<\/a><\/li><\/ul><\/li><li class='ez-toc-page-1 ez-toc-heading-level-2'><a class=\"ez-toc-link ez-toc-heading-11\" href=\"https:\/\/comparemyjet.com\/es\/amalfi-jets\/#Company_Safety_Policy_and_Standards\" >Pol\u00edtica y normas de seguridad de la empresa<\/a><\/li><li class='ez-toc-page-1 ez-toc-heading-level-2'><a class=\"ez-toc-link ez-toc-heading-12\" href=\"https:\/\/comparemyjet.com\/es\/amalfi-jets\/#Partnerships\" >Asociaciones<\/a><\/li><li class='ez-toc-page-1 ez-toc-heading-level-2'><a class=\"ez-toc-link ez-toc-heading-13\" href=\"https:\/\/comparemyjet.com\/es\/amalfi-jets\/#Conclusion\" >Conclusi\u00f3n<\/a><\/li><\/ul><\/nav><\/div>\n<h2 class=\"wp-block-heading\"><span class=\"ez-toc-section\" id=\"Company_History\"><\/span>Historia de la empresa<span class=\"ez-toc-section-end\"><\/span><\/h2>\r\n\r\n\r\n\r\n<p>Amalfi Jets es un <a href=\"https:\/\/comparemyjet.com\/es\/como-alquilar-o-alquilar-un-jet-privado\/\" data-internallinksmanager029f6b8e52c=\"15\" title=\"\u00bfC\u00f3mo se alquila o se fleta un avi\u00f3n privado?\">alquiler de aviones privados<\/a> agencia que fue fundada por Kolin Jones en 2020. Con sede en <a href=\"https:\/\/comparemyjet.com\/es\/visitas-privadas\/los-angeles-private-tours\/\" data-internallinksmanager029f6b8e52c=\"421\" title=\"11 Mejores Tours Privados en Los Angeles Desde $55.00\">Los \u00c1ngeles<\/a>Amalfi ofrece a los viajeros tanto el alquiler a la carta como una opci\u00f3n de afiliaci\u00f3n para viajeros frecuentes. Particulares, empresas y familias se han beneficiado de los servicios de vuelo especializados de la compa\u00f1\u00eda, como el catering personalizado y el servicio complementario de coche negro.&nbsp;<\/p>\r\n\r\n\r\n\r\n<p>Amalfi Jets, LLC es una de las empresas de mayor crecimiento en el sector de la aviaci\u00f3n bajo la direcci\u00f3n de Kolin. Desde la rapidez de sus pilotos y personal hasta garantizar la seguridad de su clientela, Amalfi jets toma todas las precauciones para que su viaje se desarrolle sin problemas, por lo que no tendr\u00e1 que preocuparse de nada m\u00e1s que de pasarlo bien en un avi\u00f3n privado.<\/p>\r\n\r\n\r\n\r\n<p>Amalfi Jets cuenta con una amplia red de aproximadamente 2.000 aviones ubicados en todo el mundo. Todos los vuelos son realizados por <a href=\"https:\/\/www.faa.gov\/\" target=\"_blank\" rel=\"noopener\">FAA<\/a>-Operadores de aeronaves certificados seg\u00fan la Parte 135 o sus equivalentes en otros pa\u00edses.&nbsp;<\/p>\r\n\r\n\r\n\r\n<h3 class=\"wp-block-heading\"><span class=\"ez-toc-section\" id=\"Why_Choose_Amalfi_Jets\"><\/span>\u00bfPor qu\u00e9 elegir Amalfi Jets?<span class=\"ez-toc-section-end\"><\/span><\/h3>\r\n\r\n\r\n\r\n<p>Amalfi Jets se esfuerza por ofrecer la mejor calidad de servicio al cliente. Una de las cosas que les hace destacar de otras compa\u00f1\u00edas de vuelos ch\u00e1rter privados es su equipo global de representantes de Amalfi que est\u00e1n volando para recibir a los pasajeros en todos y cada uno de los puntos de salida.&nbsp;<\/p>\r\n\r\n\r\n\r\n<p>La compa\u00f1\u00eda tambi\u00e9n proporciona recogida gratuita desde su casa o desde el punto de partida de su viaje, ofreciendo servicio de coche negro en SUV para todos los viajeros. Usted recibir\u00e1 un servicio de taxi desde su punto de partida hasta el aeropuerto de llegada en cualquier viaje que planifique y ejecute con Amalfi Jets. Ser\u00e1n su acompa\u00f1ante durante todo su viaje.<\/p>\r\n\r\n\r\n\r\n<p>En cuanto al catering a bordo, Amalfi Jets se complace en colaborar con algunos de los chefs m\u00e1s reconocidos del mundo. Antes de cada viaje, el personal de atenci\u00f3n al cliente organiza men\u00fas para que usted elija, en funci\u00f3n de sus preferencias y su dieta.<\/p>\r\n\r\n\r\n\r\n<p>Adem\u00e1s, sus asesores de aviaci\u00f3n le ayudar\u00e1n a elegir el avi\u00f3n m\u00e1s adecuado y asequible para su viaje espec\u00edfico entre m\u00e1s de 2.000 aviones. Cada viaje es supervisado por especialistas en aviaci\u00f3n para garantizar un servicio de calidad y la satisfacci\u00f3n del cliente.<\/p>\r\n\r\n\r\n\r\n<h2 class=\"wp-block-heading\"><span class=\"ez-toc-section\" id=\"Ways_to_Fly\"><\/span>Formas de volar<span class=\"ez-toc-section-end\"><\/span><\/h2>\r\n\r\n\r\n\r\n<p>Hay dos formas de volar con Amalfi Jets:<\/p>\r\n\r\n\r\n\r\n<ol class=\"wp-block-list\"><li>Solicite las alternativas de aviones disponibles en cada viaje a trav\u00e9s del <a href=\"https:\/\/amalfijets.com\/on-demand-charter\/\" target=\"_blank\" rel=\"noopener\">a la carta<\/a> aspecto de la carta.&nbsp;<\/li><li>Convi\u00e9rtete en un <a href=\"https:\/\/amalfijets.com\/the-amalfi-one-jet-card-program\/\" target=\"_blank\" rel=\"noopener\">Una tarjeta Jet<\/a> miembro si eres un viajero frecuente que quiere tener un avi\u00f3n sin pagar las tasas que conlleva.<\/li><\/ol>\r\n\r\n\r\n\r\n<p>Exploremos el programa de afiliaci\u00f3n con m\u00e1s detalle.<\/p>\r\n\r\n\r\n\r\n<h2 class=\"wp-block-heading\"><span class=\"ez-toc-section\" id=\"The_Company_Card_Program\"><\/span>El programa de tarjetas de empresa<span class=\"ez-toc-section-end\"><\/span><\/h2>\r\n\r\n\r\n\r\n<p>El objetivo del programa Amalfi One Jet Card es ofrecerle una red de servicios en la que pueda disfrutar de lo mejor que ofrece el sector: un viaje por todo el mundo.<\/p>\r\n\r\n\r\n\r\n<p>La tarjeta Amalfi One Jet es la \u00fanica tarjeta de avi\u00f3n del sector que puede utilizarse en m\u00e1s de 30 pa\u00edses diferentes. Como titular de la tarjeta, puede volar y pagar por hora siempre que viaje dentro o entre los pa\u00edses del \u00e1rea de servicio principal de la compa\u00f1\u00eda. Independientemente de d\u00f3nde le lleve su viaje, puede estar seguro de que una flota de aviones le estar\u00e1 esperando para transportarle a su destino.<\/p>\r\n\r\n\r\n\r\n<p>Otra de las ventajas de ser titular de la tarjeta es que puede fletar un avi\u00f3n s\u00f3lo con 18 horas de antelaci\u00f3n dentro de EE.UU., o 72 horas para el resto de lugares dentro del \u00e1rea de servicio principal de Amalfis.<\/p>\r\n\r\n\r\n\r\n<p>Por \u00faltimo, pero no por ello menos importante, como titular de la tarjeta, recibir\u00e1 un servicio de coche negro de cortes\u00eda, un catering personalizado en cada vuelo y el alcohol y las bebidas que prefiera. Un representante de Amalfi Jets le recibir\u00e1 en todos y cada uno de los aeropuertos de salida para asegurarse de que recibe el mejor nivel de servicio.<\/p>\r\n\r\n\r\n\r\n<h2 class=\"wp-block-heading\"><span class=\"ez-toc-section\" id=\"Pricing\"><\/span>Precios<span class=\"ez-toc-section-end\"><\/span><\/h2>\r\n\r\n\r\n\r\n<p>Se requiere un dep\u00f3sito inicial m\u00ednimo de $50.000 USD para el Programa One, con la totalidad de los $50.000 que se ingresan inmediatamente en su cuenta de vuelo para viajar, y sin cuotas de afiliaci\u00f3n, cuotas anuales, ni costes de iniciaci\u00f3n.<\/p>\r\n\r\n\r\n\r\n<p>Como miembro del programa One Jet Card, usted paga las siguientes tarifas horarias:<\/p>\r\n\r\n\r\n\r\n<ul class=\"wp-block-list\"><li>$5,800 para chorros ligeros;&nbsp;<\/li><li>$7.800 para aviones de tama\u00f1o medio;&nbsp;<\/li><li>$9.800 para los jets supermedios;&nbsp;<\/li><li>$10.800 para aviones de cabina grande;&nbsp;<\/li><li>$13.500 para los aviones de gran alcance.<\/li><\/ul>\r\n\r\n\r\n\r\n<h2 class=\"wp-block-heading\"><span class=\"ez-toc-section\" id=\"The_Fleet\"><\/span>La flota&nbsp;<span class=\"ez-toc-section-end\"><\/span><\/h2>\r\n\r\n\r\n\r\n<figure class=\"wp-block-image size-full is-style-default\"><img loading=\"lazy\" decoding=\"async\" width=\"1000\" height=\"667\" src=\"https:\/\/comparemyjet.com\/wp-content\/uploads\/2022\/07\/amalfi.jets_.white_.private.jet_.on_.the_.runway.jpg\" alt=\"amalfi.jets.blanco.avi\u00f3n.privado.en.la.pista.\" class=\"wp-image-3067\" srcset=\"https:\/\/comparemyjet.com\/wp-content\/uploads\/2022\/07\/amalfi.jets_.white_.private.jet_.on_.the_.runway-18x12.jpg 18w, https:\/\/comparemyjet.com\/wp-content\/uploads\/2022\/07\/amalfi.jets_.white_.private.jet_.on_.the_.runway-300x200.jpg 300w, https:\/\/comparemyjet.com\/wp-content\/uploads\/2022\/07\/amalfi.jets_.white_.private.jet_.on_.the_.runway-768x512.jpg 768w, https:\/\/comparemyjet.com\/wp-content\/uploads\/2022\/07\/amalfi.jets_.white_.private.jet_.on_.the_.runway.jpg 1000w\" sizes=\"auto, (max-width: 1000px) 100vw, 1000px\" \/><\/figure>\r\n\r\n\r\n\r\n<p>Eche un vistazo a las siguientes categor\u00edas de aviones y utilice nuestras explicaciones para elegir el avi\u00f3n ideal para su pr\u00f3ximo viaje.<\/p>\r\n\r\n\r\n\r\n<h3 class=\"wp-block-heading\"><span class=\"ez-toc-section\" id=\"1_Light_Private_Jets\"><\/span>1. Jets privados ligeros<span class=\"ez-toc-section-end\"><\/span><\/h3>\r\n\r\n\r\n\r\n<p>Si su viaje es de hasta tres horas, con un grupo peque\u00f1o de 4 a 6 pasajeros, los aviones de la categor\u00eda de aviones ligeros son una opci\u00f3n conveniente.&nbsp;<\/p>\r\n\r\n\r\n\r\n<p>Los jets ligeros son una elecci\u00f3n com\u00fan debido a sus bajos costes de funcionamiento y su alta eficiencia. Algunos jets ligeros pueden ser relativamente peque\u00f1os, mientras que otros son m\u00e1s grandes de lo que cabr\u00eda esperar, as\u00ed que todo depende del modelo de avi\u00f3n. Puede que no haya mesas ni ba\u00f1os, y no suele haber espacio para estar de pie, por lo que los auxiliares de vuelo no suelen acompa\u00f1ar a los pasajeros en estos jets. Sin embargo, proporcionan vuelos m\u00e1s tranquilos que los turboh\u00e9lices a un bajo coste, y son perfectos para pistas m\u00e1s peque\u00f1as.&nbsp;<\/p>\r\n\r\n\r\n\r\n<h3 class=\"wp-block-heading\"><span class=\"ez-toc-section\" id=\"2_Midsize_and_Super-Midsize_Private_Jets\"><\/span>2. Jets privados de tama\u00f1o medio y supermedio&nbsp;<span class=\"ez-toc-section-end\"><\/span><\/h3>\r\n\r\n\r\n\r\n<p>La categor\u00eda midsize, con capacidad para hasta 9 pasajeros, es popular para viajes de hasta 4 horas y para los pasajeros que desean una capacidad de equipaje adicional, una cabina espaciosa y un alojamiento sofisticado. A diferencia de los reactores ligeros, los aviones de la categor\u00eda midsize cuentan con compartimentos de refresco m\u00e1s grandes, que permiten llevar a bordo comida y aperitivos adicionales, as\u00ed como bebidas. La categor\u00eda de aviones supermedios es otra de las favoritas de los clientes. Estos aviones privados cuentan con cabinas de pie, asientos para hasta 9 pasajeros y la posibilidad de viajar a trav\u00e9s de los continentes.<\/p>\r\n\r\n\r\n\r\n<h3 class=\"wp-block-heading\"><span class=\"ez-toc-section\" id=\"3_Large_Private_Jets\"><\/span>3. Grandes aviones privados<span class=\"ez-toc-section-end\"><\/span><\/h3>\r\n\r\n\r\n\r\n<p>La clase de jet privado grande es la m\u00e1s adecuada para los vuelos intercontinentales o las grandes fiestas, gracias a sus amplias cabinas, independientemente del alcance del viaje. Esta clase de jet privado tambi\u00e9n ofrece un excelente rendimiento en pista, velocidad de ascenso y velocidad, mayor capacidad de pasajeros y equipaje, y una mayor autonom\u00eda.&nbsp;<\/p>\r\n\r\n\r\n\r\n<p>Los aviones pesados pueden transportar unos quince pasajeros, con espacio para dormir para seis. En casi todos los aviones pesados hay camas para dormir, zonas de almacenamiento de alimentos, ba\u00f1os y modernos sistemas de entretenimiento, y hay al menos un auxiliar de vuelo durante el trayecto.&nbsp;<\/p>\r\n\r\n\r\n\r\n<p>A unas 500 millas por hora, los aviones pesados tienen un alcance de unas 6.000 millas. Son m\u00e1s peque\u00f1os que los aviones comerciales y ofrecen m\u00e1s posibilidades de aterrizaje.&nbsp;<\/p>\r\n\r\n\r\n\r\n<h3 class=\"wp-block-heading\"><span class=\"ez-toc-section\" id=\"4_Ultra-Long-Range_Private_Jets\"><\/span>4. Jets privados de largo alcance<span class=\"ez-toc-section-end\"><\/span><\/h3>\r\n\r\n\r\n\r\n<p>Si necesita estar al otro lado del mundo en muy poco tiempo, los jets de ultra largo alcance est\u00e1n ah\u00ed para usted. Esta categor\u00eda incluye jets capaces de volar entre 8.500 y 12.900 kil\u00f3metros sin parar para repostar. Estos aviones privados son espaciosos y agradables, con tres zonas designadas para trabajar, sentarse y descansar. La altura de la cabina oscila entre 1,85 y 1,95 metros.&nbsp;<\/p>\r\n\r\n\r\n\r\n<h2 class=\"wp-block-heading\"><span class=\"ez-toc-section\" id=\"Company_Safety_Policy_and_Standards\"><\/span>Pol\u00edtica y normas de seguridad de la empresa<span class=\"ez-toc-section-end\"><\/span><\/h2>\r\n\r\n\r\n\r\n<p>Todos los vuelos son realizados por compa\u00f1\u00edas a\u00e9reas de la Parte 135 de la FAA, que cuentan con un certificado de seguridad. Todas las aeronaves est\u00e1n equipadas con equipos de \u00faltima generaci\u00f3n y pilotos con amplia experiencia. Dos pilotos controlan cada vuelo de Jet Card, y solo se utilizan aviones y tripulaciones que han sido sometidos a una exhaustiva auditor\u00eda de seguridad de tercera parte de ARG\/US, Wyvern o IS-BAO.<\/p>\r\n\r\n\r\n\r\n<h2 class=\"wp-block-heading\"><span class=\"ez-toc-section\" id=\"Partnerships\"><\/span>Asociaciones<span class=\"ez-toc-section-end\"><\/span><\/h2>\r\n\r\n\r\n\r\n<figure class=\"wp-block-image size-full is-style-default\"><img loading=\"lazy\" decoding=\"async\" width=\"1000\" height=\"667\" src=\"https:\/\/comparemyjet.com\/wp-content\/uploads\/2022\/07\/white.plane_.flying.over_.buildings.jpg\" alt=\"\" class=\"wp-image-3064\" srcset=\"https:\/\/comparemyjet.com\/wp-content\/uploads\/2022\/07\/white.plane_.flying.over_.buildings-18x12.jpg 18w, https:\/\/comparemyjet.com\/wp-content\/uploads\/2022\/07\/white.plane_.flying.over_.buildings-300x200.jpg 300w, https:\/\/comparemyjet.com\/wp-content\/uploads\/2022\/07\/white.plane_.flying.over_.buildings-768x512.jpg 768w, https:\/\/comparemyjet.com\/wp-content\/uploads\/2022\/07\/white.plane_.flying.over_.buildings.jpg 1000w\" sizes=\"auto, (max-width: 1000px) 100vw, 1000px\" \/><\/figure>\r\n\r\n\r\n\r\n<p>Adem\u00e1s de ofrecer a sus clientes servicios ch\u00e1rter y la tarjeta Jet Card, Amalfi Jet cuenta con una red mundial de socios repartidos por los cinco continentes. Gracias a sus socios, los titulares de la tarjeta de la empresa tienen acceso a lugares y ventajas \u00fanicos, como privilegios en algunos de los mejores hoteles del mundo. <a href=\"https:\/\/comparemyjet.com\/es\/hotels\/\" data-internallinksmanager029f6b8e52c=\"470\" title=\"Los 100 mejores hoteles cerca de aeropuertos de todo el mundo\">hoteles<\/a>, clubes gastron\u00f3micos y otros locales culturales y de ocio.&nbsp;<\/p>\r\n\r\n\r\n\r\n<p>La tarjeta Amalfi One Jet es aceptada en 32 pa\u00edses, por lo que podr\u00e1 viajar a casi todo el mundo.&nbsp;<\/p>\r\n\r\n\r\n\r\n<p>Amalfi Jets tiene el honor de trabajar con algunas de las empresas m\u00e1s prestigiosas del mundo, como The Ritz - Carlton Residences, The Langham - The Ritz - Carlton Residences, The Langham - The Langham Residences, y de contar con su respaldo. <a href=\"https:\/\/comparemyjet.com\/es\/visitas-privadas\/viajes-privados-a-sydney\/\" data-internallinksmanager029f6b8e52c=\"208\" title=\"11 Mejores Tours Privados en Sydney Desde $31.99\">Sydney<\/a>Hotel Palace - <a href=\"https:\/\/comparemyjet.com\/es\/charteres-privados-a-tokyo\/\" data-internallinksmanager029f6b8e52c=\"121\" title=\"Alquiler de aviones privados a Tokio\">Tokio<\/a>Castello di Amorosa - <a href=\"https:\/\/comparemyjet.com\/es\/visitas-privadas\/napa-private-tours\/\" data-internallinksmanager029f6b8e52c=\"424\" title=\"11 Mejores Tours Privados en Napa Desde $99.00\">Napa<\/a> Valley, Stein Eriksen Lodge y muchos otros.<\/p>\r\n\r\n\r\n\r\n<h2 class=\"wp-block-heading\"><span class=\"ez-toc-section\" id=\"Conclusion\"><\/span>Conclusi\u00f3n<span class=\"ez-toc-section-end\"><\/span><\/h2>\r\n\r\n\r\n\r\n<p>Es fundamental contar con una compa\u00f1\u00eda de vuelos ch\u00e1rter fiable para su seguridad y la de su familia. Si se pregunta a d\u00f3nde acudir cuando los gastos de alquiler de aviones y el combustible de los aviones aumentan por segundos, recurra a Amalfi Jets. Su atenci\u00f3n al detalle y su servicio al cliente garantizan un viaje seguro y satisfactorio. El programa One Jet Card le ofrece tarifas horarias bajas, acceso a su avi\u00f3n preferido en s\u00f3lo 18 horas, sin cargos adicionales ni fechas no disponibles.&nbsp;<\/p>","protected":false},"excerpt":{"rendered":"<p>No hay nada mejor que viajar por el mundo volando en un jet privado. Para que la experiencia de volar en un avi\u00f3n privado sea m\u00e1s agradable, Amalfi Jets env\u00eda a uno de sus representantes al aeropuerto para que reciba a cada cliente antes de la salida y se asegure de que se cuidan todos los detalles para que el vuelo sea de lo m\u00e1s agradable.  La compa\u00f1\u00eda ofrece servicios como ...<\/p>","protected":false},"author":2,"featured_media":3063,"parent":0,"menu_order":0,"comment_status":"closed","ping_status":"closed","template":"","meta":{"_acf_changed":false,"_genesis_hide_title":false,"_genesis_hide_breadcrumbs":false,"_genesis_hide_singular_image":false,"_genesis_hide_footer_widgets":false,"_genesis_custom_body_class":"","_genesis_custom_post_class":"","_genesis_layout":"","footnotes":""},"class_list":{"1":"page","2":"type-page","6":"entry"},"acf":[],"_links":{"self":[{"href":"https:\/\/comparemyjet.com\/es\/wp-json\/wp\/v2\/pages\/3061","targetHints":{"allow":["GET"]}}],"collection":[{"href":"https:\/\/comparemyjet.com\/es\/wp-json\/wp\/v2\/pages"}],"about":[{"href":"https:\/\/comparemyjet.com\/es\/wp-json\/wp\/v2\/types\/page"}],"author":[{"embeddable":true,"href":"https:\/\/comparemyjet.com\/es\/wp-json\/wp\/v2\/users\/2"}],"replies":[{"embeddable":true,"href":"https:\/\/comparemyjet.com\/es\/wp-json\/wp\/v2\/comments?post=3061"}],"version-history":[{"count":3,"href":"https:\/\/comparemyjet.com\/es\/wp-json\/wp\/v2\/pages\/3061\/revisions"}],"predecessor-version":[{"id":3437,"href":"https:\/\/comparemyjet.com\/es\/wp-json\/wp\/v2\/pages\/3061\/revisions\/3437"}],"wp:featuredmedia":[{"embeddable":true,"href":"https:\/\/comparemyjet.com\/es\/wp-json\/wp\/v2\/media\/3063"}],"wp:attachment":[{"href":"https:\/\/comparemyjet.com\/es\/wp-json\/wp\/v2\/media?parent=3061"}],"curies":[{"name":"wp","href":"https:\/\/api.w.org\/{rel}","templated":true}]}}