{"id":3070,"date":"2022-07-11T23:51:45","date_gmt":"2022-07-11T23:51:45","guid":{"rendered":"https:\/\/comparemyjet.com\/?page_id=3070"},"modified":"2025-09-04T09:58:16","modified_gmt":"2025-09-04T09:58:16","slug":"concordia-jet-privado","status":"publish","type":"page","link":"https:\/\/comparemyjet.com\/es\/concordia-jet-privado\/","title":{"rendered":"Precios de vuelos en jet privado en Concord"},"content":{"rendered":"<p>Concord Private Jet se fund\u00f3 bajo el principio de proporcionar los mejores aviones a los precios m\u00e1s bajos posibles. La empresa opera como agente de vuelos ch\u00e1rter, alquilando aviones privados para sus clientes.<\/p>\r\n\r\n\r\n\r\n<p>El propietario, Neal Impellizzeri, supervisa cada tarjeta Fleet Access y se asegura de que todo, desde la programaci\u00f3n hasta el catering o el traslado, sea perfecto para usted. Impellizzeri aprecia el valor de cumplir con los horarios, y \u00e9l y su equipo est\u00e1n accesibles las 24 horas del d\u00eda, los 7 d\u00edas de la semana para asegurar que cada horario se cumpla estrictamente. Veamos con m\u00e1s detalle qu\u00e9 m\u00e1s ofrece Concord Private.<\/p>\r\n\r\n\r\n\r\n<div id=\"ez-toc-container\" class=\"ez-toc-v2_0_76 counter-hierarchy ez-toc-counter ez-toc-grey ez-toc-container-direction\">\n<p class=\"ez-toc-title\" style=\"cursor:inherit\">Temas<\/p>\n<label for=\"ez-toc-cssicon-toggle-item-69f19838c5c34\" class=\"ez-toc-cssicon-toggle-label\"><span class=\"\"><span class=\"eztoc-hide\" style=\"display:none;\">Toggle<\/span><span class=\"ez-toc-icon-toggle-span\"><svg style=\"fill: #999;color:#999\" xmlns=\"http:\/\/www.w3.org\/2000\/svg\" class=\"list-377408\" width=\"20px\" height=\"20px\" viewbox=\"0 0 24 24\" fill=\"none\"><path d=\"M6 6H4v2h2V6zm14 0H8v2h12V6zM4 11h2v2H4v-2zm16 0H8v2h12v-2zM4 16h2v2H4v-2zm16 0H8v2h12v-2z\" fill=\"currentColor\"><\/path><\/svg><svg style=\"fill: #999;color:#999\" class=\"arrow-unsorted-368013\" xmlns=\"http:\/\/www.w3.org\/2000\/svg\" width=\"10px\" height=\"10px\" viewbox=\"0 0 24 24\" version=\"1.2\" baseprofile=\"tiny\"><path d=\"M18.2 9.3l-6.2-6.3-6.2 6.3c-.2.2-.3.4-.3.7s.1.5.3.7c.2.2.4.3.7.3h11c.3 0 .5-.1.7-.3.2-.2.3-.5.3-.7s-.1-.5-.3-.7zM5.8 14.7l6.2 6.3 6.2-6.3c.2-.2.3-.5.3-.7s-.1-.5-.3-.7c-.2-.2-.4-.3-.7-.3h-11c-.3 0-.5.1-.7.3-.2.2-.3.5-.3.7s.1.5.3.7z\"\/><\/svg><\/span><\/span><\/label><input type=\"checkbox\"  id=\"ez-toc-cssicon-toggle-item-69f19838c5c34\" checked aria-label=\"Alternar\" \/><nav><ul class='ez-toc-list ez-toc-list-level-1' ><li class='ez-toc-page-1 ez-toc-heading-level-2'><a class=\"ez-toc-link ez-toc-heading-1\" href=\"https:\/\/comparemyjet.com\/es\/concordia-jet-privado\/#Company_History\" >Historia de la empresa<\/a><\/li><li class='ez-toc-page-1 ez-toc-heading-level-2'><a class=\"ez-toc-link ez-toc-heading-2\" href=\"https:\/\/comparemyjet.com\/es\/concordia-jet-privado\/#Company_Jet_Card_Program\" >Programa de tarjetas Jet de la empresa<\/a><\/li><li class='ez-toc-page-1 ez-toc-heading-level-2'><a class=\"ez-toc-link ez-toc-heading-3\" href=\"https:\/\/comparemyjet.com\/es\/concordia-jet-privado\/#The_Fleet\" >La flota&nbsp;<\/a><ul class='ez-toc-list-level-3' ><li class='ez-toc-heading-level-3'><a class=\"ez-toc-link ez-toc-heading-4\" href=\"https:\/\/comparemyjet.com\/es\/concordia-jet-privado\/#1_Light_Private_Jets\" >1. Jets privados ligeros<\/a><ul class='ez-toc-list-level-4' ><li class='ez-toc-heading-level-4'><a class=\"ez-toc-link ez-toc-heading-5\" href=\"https:\/\/comparemyjet.com\/es\/concordia-jet-privado\/#Our_Recommendation_Premier_I\" >Nuestra recomendaci\u00f3n: Premier I<\/a><\/li><\/ul><\/li><li class='ez-toc-page-1 ez-toc-heading-level-3'><a class=\"ez-toc-link ez-toc-heading-6\" href=\"https:\/\/comparemyjet.com\/es\/concordia-jet-privado\/#2_Midsize_Private_Jets\" >2. Jets privados de tama\u00f1o medio<\/a><ul class='ez-toc-list-level-4' ><li class='ez-toc-heading-level-4'><a class=\"ez-toc-link ez-toc-heading-7\" href=\"https:\/\/comparemyjet.com\/es\/concordia-jet-privado\/#Our_Recommendation_Astra_SPX\" >Nuestra recomendaci\u00f3n: Astra SPX<\/a><\/li><\/ul><\/li><li class='ez-toc-page-1 ez-toc-heading-level-3'><a class=\"ez-toc-link ez-toc-heading-8\" href=\"https:\/\/comparemyjet.com\/es\/concordia-jet-privado\/#3_Super-Midsize_Private_Jets\" >3. Aviones privados de tama\u00f1o medio&nbsp;<\/a><ul class='ez-toc-list-level-4' ><li class='ez-toc-heading-level-4'><a class=\"ez-toc-link ez-toc-heading-9\" href=\"https:\/\/comparemyjet.com\/es\/concordia-jet-privado\/#Our_Recommendation_The_Citation_Sovereign\" >Nuestra recomendaci\u00f3n: El Citation Sovereign<\/a><\/li><\/ul><\/li><li class='ez-toc-page-1 ez-toc-heading-level-3'><a class=\"ez-toc-link ez-toc-heading-10\" href=\"https:\/\/comparemyjet.com\/es\/concordia-jet-privado\/#4_Large_Private_Jets\" >4. Grandes jets privados<\/a><ul class='ez-toc-list-level-4' ><li class='ez-toc-heading-level-4'><a class=\"ez-toc-link ez-toc-heading-11\" href=\"https:\/\/comparemyjet.com\/es\/concordia-jet-privado\/#Our_Recommendation_The_Falcon_900EX\" >Nuestra recomendaci\u00f3n: El Falcon 900EX<\/a><\/li><\/ul><\/li><\/ul><\/li><li class='ez-toc-page-1 ez-toc-heading-level-2'><a class=\"ez-toc-link ez-toc-heading-12\" href=\"https:\/\/comparemyjet.com\/es\/concordia-jet-privado\/#Company_Safety_Policy_and_Standards\" >Pol\u00edtica y normas de seguridad de la empresa<\/a><\/li><li class='ez-toc-page-1 ez-toc-heading-level-2'><a class=\"ez-toc-link ez-toc-heading-13\" href=\"https:\/\/comparemyjet.com\/es\/concordia-jet-privado\/#Conclusion\" >Conclusi\u00f3n<\/a><\/li><\/ul><\/nav><\/div>\n<h2 class=\"wp-block-heading\"><span class=\"ez-toc-section\" id=\"Company_History\"><\/span>Historia de la empresa<span class=\"ez-toc-section-end\"><\/span><\/h2>\r\n\r\n\r\n\r\n<p>Concord Private Jet fue creada en 2008 como una empresa familiar por Neal Impellizzeri, su esposa Michelle Impellizzeri y su hijo AJ, en Nueva York, <a href=\"https:\/\/comparemyjet.com\/es\/visitas-privadas\/new-york-city-private-tours\/\" data-internallinksmanager029f6b8e52c=\"427\" title=\"Las 11 mejores visitas privadas a Nueva York desde $48.00\">Nueva York<\/a>.&nbsp;<\/p>\r\n\r\n\r\n\r\n<p>Concord es una peque\u00f1a empresa familiar que carece de la robusta organizaci\u00f3n corporativa que tienen las empresas m\u00e1s grandes. Y la raz\u00f3n por la que pueden ofrecer precios asequibles y bajos es precisamente porque no gastan decenas de miles de d\u00f3lares en marketing y ventas.<\/p>\r\n\r\n\r\n\r\n<p>Concord Private Jet opera con ch\u00e1rteres de terceros. No hay cuotas de iniciaci\u00f3n ni de afiliaci\u00f3n y el programa de entrada incluye 25 horas en un avi\u00f3n ligero o turboh\u00e9lice. La tarifa por hora es fija y garantizada, y los titulares de la tarjeta pueden utilizar varios aviones simult\u00e1neamente.&nbsp;<\/p>\r\n\r\n\r\n\r\n<p>Impellizzeri ha creado un plan \u00fanico que le permite volar del punto A al punto B por entre %0 y 40% menos de lo que cobran otras compa\u00f1\u00edas de vuelos ch\u00e1rter privados. S\u00f3lo alquilan aviones con certificaci\u00f3n Platinum Argus para cumplir los criterios m\u00e1s exigentes. Para ponerlo en perspectiva, de los aproximadamente 3.500 operadores comerciales de todo el pa\u00eds, s\u00f3lo hay 31 compa\u00f1\u00edas con certificaci\u00f3n Argus Platino.<\/p>\r\n\r\n\r\n\r\n<h2 class=\"wp-block-heading\"><span class=\"ez-toc-section\" id=\"Company_Jet_Card_Program\"><\/span>Programa de tarjetas Jet de la empresa<span class=\"ez-toc-section-end\"><\/span><\/h2>\r\n\r\n\r\n\r\n<figure class=\"wp-block-image size-full is-style-default\"><img loading=\"lazy\" decoding=\"async\" width=\"1000\" height=\"667\" src=\"https:\/\/comparemyjet.com\/wp-content\/uploads\/2022\/07\/private.jet_.pilots.in_.cockpit.jpg\" alt=\"Concord,Private,Jet,pilotos,en,la,cabina,listos,para,volar\" class=\"wp-image-3072\" srcset=\"https:\/\/comparemyjet.com\/wp-content\/uploads\/2022\/07\/private.jet_.pilots.in_.cockpit-18x12.jpg 18w, https:\/\/comparemyjet.com\/wp-content\/uploads\/2022\/07\/private.jet_.pilots.in_.cockpit-300x200.jpg 300w, https:\/\/comparemyjet.com\/wp-content\/uploads\/2022\/07\/private.jet_.pilots.in_.cockpit-768x512.jpg 768w, https:\/\/comparemyjet.com\/wp-content\/uploads\/2022\/07\/private.jet_.pilots.in_.cockpit.jpg 1000w\" sizes=\"auto, (max-width: 1000px) 100vw, 1000px\" \/><\/figure>\r\n\r\n\r\n\r\n<p>La Tarjeta Jet Privada de 25 horas de Concord le permite seleccionar el modelo y la categor\u00eda de jet que mejor se adapte a sus necesidades espec\u00edficas de viaje. Concord ofrece el mayor nivel de seguridad con el pago por hora m\u00e1s asequible, que est\u00e1 garantizado durante 24 meses. Cada tarjeta puede dividirse en hasta cuatro pagos en el transcurso de cuatro meses.<\/p>\r\n\r\n\r\n\r\n<p>Si decide convertirse en titular del programa de afiliaci\u00f3n de Concord Private Jet, disfrutar\u00e1 de ventajas como la ausencia de tasas por pernoctaci\u00f3n, sin recargos por aterrizaje, reposicionamiento o combustible, y sin gastos de gesti\u00f3n. Es gratis subir (o bajar) de clase de avi\u00f3n y tiene disponibilidad garantizada los 365 d\u00edas del a\u00f1o.<\/p>\r\n\r\n\r\n\r\n<p>Los afiliados tambi\u00e9n tienen acceso a un conserje de viajes personal que est\u00e1 cualificado para responder a las consultas y ofrecer informaci\u00f3n las 24 horas del d\u00eda.<\/p>\r\n\r\n\r\n\r\n<p>El programa 25 Hour Jet Card tiene un precio por hora, con todos los impuestos incluidos. Por ejemplo, para volar con un jet de tama\u00f1o medio, pagar\u00e1 $5,750 por hora, mientras que volar con un jet de la categor\u00eda ligera es $4,750 por hora.<\/p>\r\n\r\n\r\n\r\n<p>La compa\u00f1\u00eda no cobra una tasa de combustible a los propietarios de la Jet Card, y ofrece a sus clientes opciones de men\u00fa en cada viaje. Como cliente, s\u00f3lo se le cobra por las horas que realmente vuela.<\/p>\r\n\r\n\r\n\r\n<h2 class=\"wp-block-heading\"><span class=\"ez-toc-section\" id=\"The_Fleet\"><\/span>La flota&nbsp;<span class=\"ez-toc-section-end\"><\/span><\/h2>\r\n\r\n\r\n\r\n<p>Concord tiene un jet privado para todos, tanto si busca un jet peque\u00f1o como uno grande. Como corredor de vuelos ch\u00e1rter, tienen acceso a muchas compa\u00f1\u00edas a\u00e9reas, lo que es una buena noticia para usted: tiene garantizado el modelo de avi\u00f3n que desea con muy poco tiempo de antelaci\u00f3n.<\/p>\r\n\r\n\r\n\r\n<p>Echemos un vistazo a las categor\u00edas y modelos de jets que ofrece Concord Private Jet.<\/p>\r\n\r\n\r\n\r\n<h3 class=\"wp-block-heading\"><span class=\"ez-toc-section\" id=\"1_Light_Private_Jets\"><\/span>1. Jets privados ligeros<span class=\"ez-toc-section-end\"><\/span><\/h3>\r\n\r\n\r\n\r\n<p>Los jets ligeros son una opci\u00f3n muy popular gracias a sus bajos precios y su alta eficiencia. Permiten acceder a destinos de dif\u00edcil acceso en los que s\u00f3lo pueden aterrizar jets peque\u00f1os debido a las pistas m\u00e1s cortas. La autonom\u00eda de un avi\u00f3n ligero es inferior a cuatro horas, lo que lo hace perfecto para viajes cortos y nacionales. Estos aviones son bastante r\u00e1pidos y le llevan a su destino en poco tiempo.<\/p>\r\n\r\n\r\n\r\n<h4 class=\"wp-block-heading\"><span class=\"ez-toc-section\" id=\"Our_Recommendation_Premier_I\"><\/span>Nuestra recomendaci\u00f3n: Premier I<span class=\"ez-toc-section-end\"><\/span><\/h4>\r\n\r\n\r\n\r\n<p>El Beechcraft Premier I pertenece a la categor\u00eda de aviones ligeros, producidos por <a href=\"https:\/\/comparemyjet.com\/es\/hawker-beechcraft\/\" data-internallinksmanager029f6b8e52c=\"153\" title=\"Gu\u00eda definitiva de aviones privados Hawker Beechcraft\">Hawker Beechcraft<\/a>. El avi\u00f3n fue creado en 1996, para competir con el <a href=\"https:\/\/comparemyjet.com\/es\/cessna\/\" data-internallinksmanager029f6b8e52c=\"145\" title=\"Gu\u00eda definitiva de aviones privados Cessna\">Cessna<\/a> Familia de citas.<\/p>\r\n\r\n\r\n\r\n<p>Especificaciones:<\/p>\r\n\r\n\r\n\r\n<ul class=\"wp-block-list\"><li>El volumen de la cabina es de 285 pies c\u00fabicos;<\/li><li>Espacio interior para el equipaje de 23 pies c\u00fabicos;<\/li><li>Espacio exterior para el equipaje de 55 pies c\u00fabicos;<\/li><li>Una velocidad m\u00e1xima de crucero de 461 nudos;<\/li><li>Una velocidad de crucero normal de 426 nudos;<\/li><li>Puede ser operado por uno o dos pilotos;<\/li><li>Tiene capacidad para seis pasajeros;<\/li><li>Un rango de vuelo normal de 850 nm;<\/li><li>Una autonom\u00eda de vuelo m\u00e1xima de 1430 nm.<\/li><\/ul>\r\n\r\n\r\n\r\n<p>Concord Private Jet ofrece una variedad de modelos de aviones ligeros, como <em>Citation Jet \/CJ1\/CJ2\/CJ3, Nextant 400XT, Citation II\/V\/Bravo\/Encore\/Ultra, Beechjet 400\/400A, <a href=\"https:\/\/comparemyjet.com\/es\/learjet\/\" data-internallinksmanager029f6b8e52c=\"149\" title=\"Gu\u00eda definitiva de aviones privados Learjet\">Learjet<\/a> 40, Hawker 400XP, <\/em>y nuestra recomendaci\u00f3n <em>Premier<\/em>.<\/p>\r\n\r\n\r\n\r\n<h3 class=\"wp-block-heading\"><span class=\"ez-toc-section\" id=\"2_Midsize_Private_Jets\"><\/span>2. Jets privados de tama\u00f1o medio<span class=\"ez-toc-section-end\"><\/span><\/h3>\r\n\r\n\r\n\r\n<p>La autonom\u00eda de un avi\u00f3n de tama\u00f1o medio var\u00eda, pero no supera las seis horas. Estos aviones son m\u00e1s espaciosos que los ligeros y ofrecen m\u00e1s comodidad. Pueden llevarle en viajes cortos y m\u00e1s largos, por lo que son bastante vers\u00e1tiles y siempre son una buena opci\u00f3n cuando se duda sobre qu\u00e9 clase de avi\u00f3n alquilar. Suelen venir con un ba\u00f1o cerrado, una cocina y m\u00e1s espacio para el equipaje.<\/p>\r\n\r\n\r\n\r\n<h4 class=\"wp-block-heading\"><span class=\"ez-toc-section\" id=\"Our_Recommendation_Astra_SPX\"><\/span>Nuestra recomendaci\u00f3n: Astra SPX<span class=\"ez-toc-section-end\"><\/span><\/h4>\r\n\r\n\r\n\r\n<p>Israel Aircraft Industries desarroll\u00f3 el Astra SPX en los a\u00f1os 90. A principios de la d\u00e9cada de 2000, <a href=\"https:\/\/comparemyjet.com\/es\/gulfstream\/\" data-internallinksmanager029f6b8e52c=\"175\" title=\"Gu\u00eda definitiva de aviones y jets privados Gulfstream\">Gulfstream<\/a> compr\u00f3 el dise\u00f1o y lo llam\u00f3 G-100.&nbsp;<\/p>\r\n\r\n\r\n\r\n<p>El Astra SPX ofrece alojamiento para siete viajeros. La cabina incluye un div\u00e1n para tres personas que permite estirarse y descansar, y un asiento de aseo con cintur\u00f3n.&nbsp;<\/p>\r\n\r\n\r\n\r\n<p>Especificaciones y comodidades:<\/p>\r\n\r\n\r\n\r\n<ul class=\"wp-block-list\"><li>Tiene capacidad para siete pasajeros;<\/li><li>La autonom\u00eda de vuelo m\u00e1xima es de 2790 nm;<\/li><li>Una velocidad m\u00e1xima de 470 nudos;<\/li><li>Un lavabo cerrado de tama\u00f1o completo;&nbsp;<\/li><li>Una gran galera frontal;<\/li><li>Internet de alta velocidad GoGo 5G;&nbsp;<\/li><li>Luces LCD y tel\u00e9fono por sat\u00e9lite;&nbsp;<\/li><li>Un sistema de entretenimiento a bordo;<\/li><li>La altura de la cabina es de 1,5 m;<\/li><li>La longitud de la cabina es de 17' 1\";<\/li><li>El espacio interior para el equipaje es de 9 pies c\u00fabicos;<\/li><li>El espacio exterior para el equipaje es de 42 pies c\u00fabicos;<\/li><li>Puede ser operado por dos pilotos.<\/li><\/ul>\r\n\r\n\r\n\r\n<p>Concord Private Jet ofrece una variedad de modelos de aviones en esta clase de aviones privados de tama\u00f1o medio, como <em>Falcon 20\/200, Citation III\/VI\/VII, G150, Citation Excel\/XLS, Hawker 800\/800XP\/900, Learjet 45\/55\/60, <\/em>y nuestra recomendaci\u00f3n <em>Astra SPX<\/em>.<\/p>\r\n\r\n\r\n\r\n<h3 class=\"wp-block-heading\"><span class=\"ez-toc-section\" id=\"3_Super-Midsize_Private_Jets\"><\/span>3. Aviones privados de tama\u00f1o medio&nbsp;<span class=\"ez-toc-section-end\"><\/span><\/h3>\r\n\r\n\r\n\r\n<p>Con amplias cabinas en las que puede estar c\u00f3modamente de pie y la capacidad de volar entre continentes, descubrir\u00e1 por qu\u00e9 volar con un jet privado es la mejor manera de viajar. Los jets supermedios tienen mayor resistencia que los medianos y pueden volar m\u00e1s de 7 horas sin parar a repostar.&nbsp;<\/p>\r\n\r\n\r\n\r\n<h4 class=\"wp-block-heading\"><span class=\"ez-toc-section\" id=\"Our_Recommendation_The_Citation_Sovereign\"><\/span>Nuestra recomendaci\u00f3n: El Citation Sovereign<span class=\"ez-toc-section-end\"><\/span><\/h4>\r\n\r\n\r\n\r\n<p>El Cessna Citation Sovereign combina un rendimiento excepcional con el lujo. Cuenta con una gran resistencia en campo corto y una amplia autonom\u00eda de vuelo, lo que lo convierte en una opci\u00f3n vers\u00e1til.&nbsp;<\/p>\r\n\r\n\r\n\r\n<p>La espaciosa cabina del Citation Sovereign incluye una zona de bebidas completa, as\u00ed como una configuraci\u00f3n de asientos de doble club. Viaje con estilo en uno de los jets privados de tama\u00f1o medio m\u00e1s lujosos del sector.<\/p>\r\n\r\n\r\n\r\n<p>Especificaciones:<\/p>\r\n\r\n\r\n\r\n<ul class=\"wp-block-list\"><li>Tiene capacidad para nueve pasajeros;<\/li><li>Puede volar 7:15 horas sin parar;<\/li><li>Una autonom\u00eda de vuelo m\u00e1xima de 3010 nm;<\/li><li>La altura de la cabina es de 1,5 m;<\/li><li>La anchura de la cabina es de 5' 6\";<\/li><li>La longitud de la cabina es de 25' 3\";<\/li><li>Un espacio interior para el equipaje de 35 pies c\u00fabicos;<\/li><li>Una velocidad m\u00e1xima de crucero de 459 kts.<\/li><\/ul>\r\n\r\n\r\n\r\n<p>Concord Private Jet ofrece una variedad de aviones privados de tama\u00f1o supermedio, como <em>Citation X, Gulfstream G200\/G280, Falcon 50 \/ 50EX, Challenger 300, <\/em>y nuestra recomendaci\u00f3n <em>Citaci\u00f3n Soberana.<\/em><\/p>\r\n\r\n\r\n\r\n<h3 class=\"wp-block-heading\"><span class=\"ez-toc-section\" id=\"4_Large_Private_Jets\"><\/span>4. Grandes jets privados<span class=\"ez-toc-section-end\"><\/span><\/h3>\r\n\r\n\r\n\r\n<p>Si su pr\u00f3ximo viaje implica una traves\u00eda del pa\u00eds o un viaje intercontinental, elegir un avi\u00f3n de esta clase es la elecci\u00f3n correcta. Obtendr\u00e1 un <a href=\"https:\/\/comparemyjet.com\/es\/aviones-privados-mas-rapidos\/\" data-internallinksmanager029f6b8e52c=\"183\" title=\"Los 11 aviones privados m\u00e1s r\u00e1pidos del mundo [Con im\u00e1genes]\">chorro r\u00e1pido<\/a> que no tiene que parar a repostar en la mayor\u00eda de los casos. Con un jet pesado, usted recibe la m\u00e1xima experiencia de viaje en jet privado y otro nivel de lujo.<\/p>\r\n\r\n\r\n\r\n<h4 class=\"wp-block-heading\"><span class=\"ez-toc-section\" id=\"Our_Recommendation_The_Falcon_900EX\"><\/span>Nuestra recomendaci\u00f3n: El Falcon 900EX<span class=\"ez-toc-section-end\"><\/span><\/h4>\r\n\r\n\r\n\r\n<p>Con una autonom\u00eda de 5.000 millas, una cabina extraordinariamente agradable y un revolucionario dise\u00f1o de tres motores, el Falcon 900EX es perfecto para los vuelos transoce\u00e1nicos y ofrece una enorme flexibilidad.&nbsp;<\/p>\r\n\r\n\r\n\r\n<p>Especificaciones y comodidades:<\/p>\r\n\r\n\r\n\r\n<ul class=\"wp-block-list\"><li>Operado por dos pilotos;<\/li><li>Tiene capacidad para doce pasajeros;<\/li><li>Una velocidad m\u00e1xima de crucero de 870 kmph (470 kt);<\/li><li>Una autonom\u00eda de vuelo m\u00e1xima de 5.180 millas;<\/li><li>La altura de la cabina es de 1,80 m;<\/li><li>La longitud interior de la cabina es de 33 pies y 2 pulgadas;<\/li><li>El volumen del espacio para el equipaje es de 127 pies c\u00fabicos;<\/li><li>Una galera;<\/li><li>Tel\u00e9fono por sat\u00e9lite, fax, sistema de entretenimiento;<\/li><li>Dos aseos y una sala de maquillaje.<\/li><\/ul>\r\n\r\n\r\n\r\n<p>Concord Private Jet ofrece una variedad de aviones privados pesados, tales como<em> Serie Falcon 2000, Challenger 600\/601\/604, Global Express, serie Gulfstream, <\/em>y nuestra recomendaci\u00f3n <em>Falcon 900EX.<\/em><\/p>\r\n\r\n\r\n\r\n<h2 class=\"wp-block-heading\"><span class=\"ez-toc-section\" id=\"Company_Safety_Policy_and_Standards\"><\/span>Pol\u00edtica y normas de seguridad de la empresa<span class=\"ez-toc-section-end\"><\/span><\/h2>\r\n\r\n\r\n\r\n<figure class=\"wp-block-image size-full is-style-default\"><img loading=\"lazy\" decoding=\"async\" width=\"1000\" height=\"707\" src=\"https:\/\/comparemyjet.com\/wp-content\/uploads\/2022\/07\/safejourney.jpg\" alt=\"\" class=\"wp-image-3073\" srcset=\"https:\/\/comparemyjet.com\/wp-content\/uploads\/2022\/07\/safejourney-18x12.jpg 18w, https:\/\/comparemyjet.com\/wp-content\/uploads\/2022\/07\/safejourney-300x212.jpg 300w, https:\/\/comparemyjet.com\/wp-content\/uploads\/2022\/07\/safejourney-768x543.jpg 768w, https:\/\/comparemyjet.com\/wp-content\/uploads\/2022\/07\/safejourney.jpg 1000w\" sizes=\"auto, (max-width: 1000px) 100vw, 1000px\" \/><\/figure>\r\n\r\n\r\n\r\n<p>Concord Private Jet pone la seguridad de sus clientes en primer lugar y s\u00f3lo utiliza Platinum <a href=\"https:\/\/www.argus.aero\/\" target=\"_blank\" rel=\"noopener\">Argus<\/a> Operadores con certificaci\u00f3n de seguridad. El grado Platinum requiere pasar una estricta evaluaci\u00f3n in situ realizada por inspectores cualificados, por lo que volar con operadores certificados es mucho m\u00e1s seguro que hacerlo en un avi\u00f3n comercial.<\/p>\r\n\r\n\r\n\r\n<p>Si un avi\u00f3n no cumple los criterios de seguridad, la compa\u00f1\u00eda le asigna r\u00e1pidamente un nuevo avi\u00f3n para su viaje.<\/p>\r\n\r\n\r\n\r\n<h2 class=\"wp-block-heading\"><span class=\"ez-toc-section\" id=\"Conclusion\"><\/span>Conclusi\u00f3n<span class=\"ez-toc-section-end\"><\/span><\/h2>\r\n\r\n\r\n\r\n<p>El servicio personalizado distingue a Concord Private Jet de sus competidores corporativos. La compa\u00f1\u00eda trabaja para asegurar que todas sus preguntas, preocupaciones y necesidades sean atendidas. El propietario supervisa personalmente cada viaje, asegur\u00e1ndose de que se cumple el programa, de que el catering est\u00e1 en marcha y de que el transporte terrestre est\u00e1 disponible en el destino. Mientras que otras empresas cobran una cuota por este tipo de servicios, Concord se enorgullece de su tarjeta Jet Card con todo incluido.&nbsp;<\/p>\r\n\r\n\r\n\r\n<p>Puedes hacerte cliente y probar sus servicios con poco o ning\u00fan compromiso.&nbsp;<\/p>","protected":false},"excerpt":{"rendered":"<p>Concord Private Jet se fund\u00f3 bajo el principio de proporcionar los mejores aviones a los precios m\u00e1s bajos posibles. La empresa opera como agente de vuelos ch\u00e1rter, alquilando aviones privados para sus clientes. El propietario, Neal Impellizzeri, supervisa cada tarjeta de acceso a la flota y se asegura de que todo, desde la programaci\u00f3n hasta el catering o el traslado, sea perfecto...<\/p>","protected":false},"author":2,"featured_media":3071,"parent":0,"menu_order":0,"comment_status":"closed","ping_status":"closed","template":"","meta":{"_acf_changed":false,"_genesis_hide_title":false,"_genesis_hide_breadcrumbs":false,"_genesis_hide_singular_image":false,"_genesis_hide_footer_widgets":false,"_genesis_custom_body_class":"","_genesis_custom_post_class":"","_genesis_layout":"","footnotes":""},"class_list":{"1":"page","2":"type-page","6":"entry"},"acf":[],"_links":{"self":[{"href":"https:\/\/comparemyjet.com\/es\/wp-json\/wp\/v2\/pages\/3070","targetHints":{"allow":["GET"]}}],"collection":[{"href":"https:\/\/comparemyjet.com\/es\/wp-json\/wp\/v2\/pages"}],"about":[{"href":"https:\/\/comparemyjet.com\/es\/wp-json\/wp\/v2\/types\/page"}],"author":[{"embeddable":true,"href":"https:\/\/comparemyjet.com\/es\/wp-json\/wp\/v2\/users\/2"}],"replies":[{"embeddable":true,"href":"https:\/\/comparemyjet.com\/es\/wp-json\/wp\/v2\/comments?post=3070"}],"version-history":[{"count":2,"href":"https:\/\/comparemyjet.com\/es\/wp-json\/wp\/v2\/pages\/3070\/revisions"}],"predecessor-version":[{"id":3438,"href":"https:\/\/comparemyjet.com\/es\/wp-json\/wp\/v2\/pages\/3070\/revisions\/3438"}],"wp:featuredmedia":[{"embeddable":true,"href":"https:\/\/comparemyjet.com\/es\/wp-json\/wp\/v2\/media\/3071"}],"wp:attachment":[{"href":"https:\/\/comparemyjet.com\/es\/wp-json\/wp\/v2\/media?parent=3070"}],"curies":[{"name":"wp","href":"https:\/\/api.w.org\/{rel}","templated":true}]}}