{"id":3144,"date":"2022-07-23T00:30:19","date_gmt":"2022-07-23T00:30:19","guid":{"rendered":"https:\/\/comparemyjet.com\/?page_id=3144"},"modified":"2025-09-04T09:58:20","modified_gmt":"2025-09-04T09:58:20","slug":"mosca-eolus","status":"publish","type":"page","link":"https:\/\/comparemyjet.com\/es\/mosca-eolus\/","title":{"rendered":"Precios de los vuelos de Fly Aeolus"},"content":{"rendered":"<p>Fly Aeolus es una empresa belga <a href=\"https:\/\/comparemyjet.com\/es\/cuanto-cuesta-el-taxi-aereo\/\" data-internallinksmanager029f6b8e52c=\"23\" title=\"\u00bfCu\u00e1nto cuesta un taxi a\u00e9reo?\">taxi a\u00e9reo<\/a> (ch\u00e1rter privado) que opera en Europa desde 2009. La empresa tiene su sede en Amberes, con oficinas en <a href=\"https:\/\/comparemyjet.com\/es\/visitas-privadas\/visitas-privadas-a-berlin\/\" data-internallinksmanager029f6b8e52c=\"254\" title=\"11 Mejores Tours Privados de Berl\u00edn Desde $68.86\">Berl\u00edn<\/a> y Rotterdam.&nbsp;<\/p>\r\n\r\n\r\n\r\n<p>Puedes volar desde m\u00e1s de 1.500 aeropuertos de todo el continente europeo en uno de sus aviones Cirrus SR-22, considerado uno de los monomotores m\u00e1s seguros del sector de la aviaci\u00f3n. Veamos qu\u00e9 m\u00e1s ofrece la compa\u00f1\u00eda.<\/p>\r\n\r\n\r\n\r\n<div id=\"ez-toc-container\" class=\"ez-toc-v2_0_76 counter-hierarchy ez-toc-counter ez-toc-grey ez-toc-container-direction\">\n<p class=\"ez-toc-title\" style=\"cursor:inherit\">Temas<\/p>\n<label for=\"ez-toc-cssicon-toggle-item-69f228355e3dc\" class=\"ez-toc-cssicon-toggle-label\"><span class=\"\"><span class=\"eztoc-hide\" style=\"display:none;\">Toggle<\/span><span class=\"ez-toc-icon-toggle-span\"><svg style=\"fill: #999;color:#999\" xmlns=\"http:\/\/www.w3.org\/2000\/svg\" class=\"list-377408\" width=\"20px\" height=\"20px\" viewbox=\"0 0 24 24\" fill=\"none\"><path d=\"M6 6H4v2h2V6zm14 0H8v2h12V6zM4 11h2v2H4v-2zm16 0H8v2h12v-2zM4 16h2v2H4v-2zm16 0H8v2h12v-2z\" fill=\"currentColor\"><\/path><\/svg><svg style=\"fill: #999;color:#999\" class=\"arrow-unsorted-368013\" xmlns=\"http:\/\/www.w3.org\/2000\/svg\" width=\"10px\" height=\"10px\" viewbox=\"0 0 24 24\" version=\"1.2\" baseprofile=\"tiny\"><path d=\"M18.2 9.3l-6.2-6.3-6.2 6.3c-.2.2-.3.4-.3.7s.1.5.3.7c.2.2.4.3.7.3h11c.3 0 .5-.1.7-.3.2-.2.3-.5.3-.7s-.1-.5-.3-.7zM5.8 14.7l6.2 6.3 6.2-6.3c.2-.2.3-.5.3-.7s-.1-.5-.3-.7c-.2-.2-.4-.3-.7-.3h-11c-.3 0-.5.1-.7.3-.2.2-.3.5-.3.7s.1.5.3.7z\"\/><\/svg><\/span><\/span><\/label><input type=\"checkbox\"  id=\"ez-toc-cssicon-toggle-item-69f228355e3dc\" checked aria-label=\"Alternar\" \/><nav><ul class='ez-toc-list ez-toc-list-level-1' ><li class='ez-toc-page-1 ez-toc-heading-level-2'><a class=\"ez-toc-link ez-toc-heading-1\" href=\"https:\/\/comparemyjet.com\/es\/mosca-eolus\/#Company_History\" >Historia de la empresa<\/a><\/li><li class='ez-toc-page-1 ez-toc-heading-level-2'><a class=\"ez-toc-link ez-toc-heading-2\" href=\"https:\/\/comparemyjet.com\/es\/mosca-eolus\/#Pricing\" >Precios<\/a><\/li><li class='ez-toc-page-1 ez-toc-heading-level-2'><a class=\"ez-toc-link ez-toc-heading-3\" href=\"https:\/\/comparemyjet.com\/es\/mosca-eolus\/#Membership_Programs\" >Programas de afiliaci\u00f3n<\/a><ul class='ez-toc-list-level-3' ><li class='ez-toc-heading-level-3'><a class=\"ez-toc-link ez-toc-heading-4\" href=\"https:\/\/comparemyjet.com\/es\/mosca-eolus\/#Pay_As_You_Fly\" >Pagar por volar<\/a><\/li><li class='ez-toc-page-1 ez-toc-heading-level-3'><a class=\"ez-toc-link ez-toc-heading-5\" href=\"https:\/\/comparemyjet.com\/es\/mosca-eolus\/#Personal_Membership\" >Afiliaci\u00f3n personal<\/a><\/li><li class='ez-toc-page-1 ez-toc-heading-level-3'><a class=\"ez-toc-link ez-toc-heading-6\" href=\"https:\/\/comparemyjet.com\/es\/mosca-eolus\/#Business_Membership\" >Afiliaci\u00f3n a la empresa<\/a><\/li><\/ul><\/li><li class='ez-toc-page-1 ez-toc-heading-level-2'><a class=\"ez-toc-link ez-toc-heading-7\" href=\"https:\/\/comparemyjet.com\/es\/mosca-eolus\/#The_Fleet\" >La flota&nbsp;<\/a><ul class='ez-toc-list-level-3' ><li class='ez-toc-heading-level-3'><a class=\"ez-toc-link ez-toc-heading-8\" href=\"https:\/\/comparemyjet.com\/es\/mosca-eolus\/#1_Light_Private_Jets\" >1. Jets privados ligeros<\/a><ul class='ez-toc-list-level-4' ><li class='ez-toc-heading-level-4'><a class=\"ez-toc-link ez-toc-heading-9\" href=\"https:\/\/comparemyjet.com\/es\/mosca-eolus\/#Our_Recommendation_The_Cirrus_SR22\" >Nuestra recomendaci\u00f3n: El Cirrus SR22<\/a><\/li><\/ul><\/li><\/ul><\/li><li class='ez-toc-page-1 ez-toc-heading-level-2'><a class=\"ez-toc-link ez-toc-heading-10\" href=\"https:\/\/comparemyjet.com\/es\/mosca-eolus\/#Cancellation_Insurance\" >Seguro de anulaci\u00f3n<\/a><\/li><li class='ez-toc-page-1 ez-toc-heading-level-2'><a class=\"ez-toc-link ez-toc-heading-11\" href=\"https:\/\/comparemyjet.com\/es\/mosca-eolus\/#De-icing_Insurance\" >Seguro de deshielo<\/a><\/li><li class='ez-toc-page-1 ez-toc-heading-level-2'><a class=\"ez-toc-link ez-toc-heading-12\" href=\"https:\/\/comparemyjet.com\/es\/mosca-eolus\/#Fly_Aeolus_Taxi_Service\" >Servicio de taxi Fly Aeolus<\/a><\/li><li class='ez-toc-page-1 ez-toc-heading-level-2'><a class=\"ez-toc-link ez-toc-heading-13\" href=\"https:\/\/comparemyjet.com\/es\/mosca-eolus\/#Pet_Policy\" >Pol\u00edtica de mascotas<\/a><\/li><li class='ez-toc-page-1 ez-toc-heading-level-2'><a class=\"ez-toc-link ez-toc-heading-14\" href=\"https:\/\/comparemyjet.com\/es\/mosca-eolus\/#Company_Safety_Policy_and_Standards\" >Pol\u00edtica y normas de seguridad de la empresa<\/a><\/li><li class='ez-toc-page-1 ez-toc-heading-level-2'><a class=\"ez-toc-link ez-toc-heading-15\" href=\"https:\/\/comparemyjet.com\/es\/mosca-eolus\/#Company_Staff\" >Personal de la empresa<\/a><\/li><li class='ez-toc-page-1 ez-toc-heading-level-2'><a class=\"ez-toc-link ez-toc-heading-16\" href=\"https:\/\/comparemyjet.com\/es\/mosca-eolus\/#Conclusion\" >Conclusi\u00f3n<\/a><\/li><\/ul><\/nav><\/div>\n<h2 class=\"wp-block-heading\"><span class=\"ez-toc-section\" id=\"Company_History\"><\/span>Historia de la empresa<span class=\"ez-toc-section-end\"><\/span><\/h2>\r\n\r\n\r\n\r\n<p>Fly Aeolus fue creada en 2009 por los cofundadores y entusiastas de la aviaci\u00f3n Stefaan Ghijs y Vincent Wigmans. Ghijs tiene un m\u00e1ster en ingenier\u00eda aeron\u00e1utica, mientras que Wigmans ten\u00eda experiencia en el sector de la reparaci\u00f3n de aviones privados.&nbsp;<\/p>\r\n\r\n\r\n\r\n<p>El primer vuelo de la compa\u00f1\u00eda tuvo lugar desde Amberes (B\u00e9lgica) a Vichy (Francia) en 2011. Fly Aeolus no tard\u00f3 en ampliar el \u00e1rea de operaciones para incluir todo el continente, comenzando con destinos en Alemania y Holanda.&nbsp;<\/p>\r\n\r\n\r\n\r\n<p>En 2015, Fly Aeolus estableci\u00f3 una asociaci\u00f3n con la empresa belga de taxis a\u00e9reos SkyCab, mientras que en 2019 fundaron Fly Aeolus Aircraft Sales and Acquisitions, una nueva rama de Fly Aeolus.<\/p>\r\n\r\n\r\n\r\n<p>Un acuerdo de propiedad fraccionada es la base del servicio de la compa\u00f1\u00eda. Los propietarios privados ponen sus aviones a disposici\u00f3n del cliente y reciben una comisi\u00f3n por cada hora de vuelo.&nbsp;<\/p>\r\n\r\n\r\n\r\n<h2 class=\"wp-block-heading\"><span class=\"ez-toc-section\" id=\"Pricing\"><\/span>Precios<span class=\"ez-toc-section-end\"><\/span><\/h2>\r\n\r\n\r\n\r\n<p>Fly Aeolus cobra una tarifa plana para todos los vuelos. El precio se determina en funci\u00f3n de su itinerario de viaje: las circunstancias del mismo, las horas de vuelo y si es de ida o de ida y vuelta. Si quiere gastar menos, lo mejor es reservar un viaje de ida y vuelta en el mismo d\u00eda, y siempre puede compartir el vuelo y dividir el coste llevando compa\u00f1eros de viaje.<\/p>\r\n\r\n\r\n\r\n<p>Fly Aeolus funciona en r\u00e9gimen de propiedad compartida. La empresa cobra una cuota de entrada de 995,00 euros (sin IVA) a los nuevos clientes, lo que les convierte en accionistas de una aeronave de la flota de Fly Aeolus. Si decide no utilizar sus servicios despu\u00e9s de la inscripci\u00f3n, Fly Aeolus le devolver\u00e1 el cargo menos una tasa de administraci\u00f3n de 150,00 euros. Puede realizar un vuelo de prueba antes de la inscripci\u00f3n para experimentar el avi\u00f3n y ver si es lo que est\u00e1 buscando.<\/p>\r\n\r\n\r\n\r\n<h2 class=\"wp-block-heading\"><span class=\"ez-toc-section\" id=\"Membership_Programs\"><\/span>Programas de afiliaci\u00f3n<span class=\"ez-toc-section-end\"><\/span><\/h2>\r\n\r\n\r\n\r\n<p>Los programas de afiliaci\u00f3n de Fly Aeolus pretenden ahorrar a los pasajeros dinero y tiempo en los vuelos continentales, ya que todos los aviones y pilotos se encuentran en Europa, ya que permiten a los miembros ahorrar entre 5 y 10% en los vuelos en comparaci\u00f3n con el coste de venta al p\u00fablico para los no miembros. Vamos a explorarlos brevemente.<\/p>\r\n\r\n\r\n\r\n<h3 class=\"wp-block-heading\"><span class=\"ez-toc-section\" id=\"Pay_As_You_Fly\"><\/span>Pagar por volar<span class=\"ez-toc-section-end\"><\/span><\/h3>\r\n\r\n\r\n\r\n<p>No es necesario ser socio para volar con el Cirrus SR-22; existe la opci\u00f3n de pagar a medida que se vuela. Fly Aeolus tiene una calculadora online que te ayudar\u00e1 a planificar y reservar tu pr\u00f3ximo viaje, a la que puedes acceder siguiendo este enlace <a href=\"https:\/\/flyaeolus.com\/plan-book\/\" target=\"_blank\" rel=\"noopener\">enlace<\/a> para obtener informaci\u00f3n m\u00e1s detallada.<\/p>\r\n\r\n\r\n\r\n<h3 class=\"wp-block-heading\"><span class=\"ez-toc-section\" id=\"Personal_Membership\"><\/span>Afiliaci\u00f3n personal<span class=\"ez-toc-section-end\"><\/span><\/h3>\r\n\r\n\r\n\r\n<p>El programa de Afiliaci\u00f3n Personal est\u00e1 dise\u00f1ado para los viajeros habituales. Con este programa, obtendr\u00e1s un descuento de 5% en cada vuelo, adem\u00e1s de un seguro de cancelaci\u00f3n que est\u00e1 incluido en el precio.&nbsp;<\/p>\r\n\r\n\r\n\r\n<h3 class=\"wp-block-heading\"><span class=\"ez-toc-section\" id=\"Business_Membership\"><\/span>Afiliaci\u00f3n a la empresa<span class=\"ez-toc-section-end\"><\/span><\/h3>\r\n\r\n\r\n\r\n<p>Fly Aeolus ofrece el programa Business Membership para viajeros frecuentes. Se requiere una cuota mensual de 100,00 euros para convertirse en miembro. Obtendr\u00e1 un descuento de 10% en todos sus vuelos, adem\u00e1s de un seguro de cancelaci\u00f3n y asistencia en la reserva de taxis, todo incluido en el precio.<\/p>\r\n\r\n\r\n\r\n<h2 class=\"wp-block-heading\"><span class=\"ez-toc-section\" id=\"The_Fleet\"><\/span>La flota&nbsp;<span class=\"ez-toc-section-end\"><\/span><\/h2>\r\n\r\n\r\n\r\n<figure class=\"wp-block-image size-full is-style-default\"><img loading=\"lazy\" decoding=\"async\" width=\"1000\" height=\"667\" src=\"https:\/\/comparemyjet.com\/wp-content\/uploads\/2022\/07\/The-Cirrus-SR22.jpg\" alt=\"Mosca Aeolus\" class=\"wp-image-3145\" srcset=\"https:\/\/comparemyjet.com\/wp-content\/uploads\/2022\/07\/The-Cirrus-SR22-18x12.jpg 18w, https:\/\/comparemyjet.com\/wp-content\/uploads\/2022\/07\/The-Cirrus-SR22-300x200.jpg 300w, https:\/\/comparemyjet.com\/wp-content\/uploads\/2022\/07\/The-Cirrus-SR22-768x512.jpg 768w, https:\/\/comparemyjet.com\/wp-content\/uploads\/2022\/07\/The-Cirrus-SR22.jpg 1000w\" sizes=\"auto, (max-width: 1000px) 100vw, 1000px\" \/><\/figure>\r\n\r\n\r\n\r\n<p>Fly Aeolus cuenta con una flota compuesta \u00fanicamente por aviones Cirrus SR-22. Y no es una coincidencia: estos aviones est\u00e1n considerados como uno de los monomotores m\u00e1s seguros de la industria de la aviaci\u00f3n por la COPA (Cirrus Owners &amp; Pilots Association) y la AOPA (Aircraft Owners &amp; Pilots Association), gracias al sistema de paraca\u00eddas del fuselaje de Cirrus. Fly Aeolus es el mayor proveedor europeo de Cirrus, con 15 aviones SR-22 en servicio, cada uno de los cuales puede transportar hasta tres pasajeros.&nbsp;<\/p>\r\n\r\n\r\n\r\n<h3 class=\"wp-block-heading\"><span class=\"ez-toc-section\" id=\"1_Light_Private_Jets\"><\/span>1. Jets privados ligeros<span class=\"ez-toc-section-end\"><\/span><\/h3>\r\n\r\n\r\n\r\n<p>Los jets privados ligeros son perfectos para viajar a aeropuertos peque\u00f1os y lugares de dif\u00edcil acceso, permiti\u00e9ndole visitar monta\u00f1as inaccesibles y hermosas playas.<\/p>\r\n\r\n\r\n\r\n<h4 class=\"wp-block-heading\"><span class=\"ez-toc-section\" id=\"Our_Recommendation_The_Cirrus_SR22\"><\/span>Nuestra recomendaci\u00f3n: El Cirrus SR22<span class=\"ez-toc-section-end\"><\/span><\/h4>\r\n\r\n\r\n\r\n<p>El Cirrus SR22 es un avi\u00f3n compuesto fabricado por Cirrus Aircraft en 2001. Es una variante m\u00e1s potente del Cirrus CIRRUS SR-20, con un ala m\u00e1s grande y una mayor capacidad de combustible con tren de aterrizaje fijo.<\/p>\r\n\r\n\r\n\r\n<p>Se trata de un avi\u00f3n de cuatro plazas (1 piloto y tres pasajeros), dise\u00f1ado para aterrizar en aeropuertos locales. El Cirrus SR22 proporciona acceso a m\u00e1s de 1.500 aeropuertos de toda Europa, permiti\u00e9ndole aterrizar en aeropuertos locales que los vuelos comerciales raramente visitan.&nbsp;<\/p>\r\n\r\n\r\n\r\n<p>Los aviones Cirrus tienen una capacidad de equipaje de 10 kilogramos por pasajero y son los \u00fanicos con un sistema de paraca\u00eddas para operaciones de emergencia para todo el avi\u00f3n como equipamiento est\u00e1ndar.<\/p>\r\n\r\n\r\n\r\n<p>Especificaciones:<\/p>\r\n\r\n\r\n\r\n<ul class=\"wp-block-list\"><li>Pasajeros: 3;<\/li><li>Anchura de la cabina: 4 pies y 1 pulgada;<\/li><li>Volumen de la cabina: 137 pies c\u00fabicos;<\/li><li>Altura de la cabina: 4 pies y 2 pulgadas;<\/li><li>Longitud de la cabina: 8 pies;<\/li><li>Equipaje interno: 32 pies c\u00fabicos;<\/li><li>Velocidad m\u00e1xima: 186 kts;<\/li><li>Alcance m\u00e1ximo: 1100 nm;<\/li><li>Tripulaci\u00f3n: 1;<\/li><li>No hay lavabo;<\/li><li>No hay WiFi.<\/li><\/ul>\r\n\r\n\r\n\r\n<h2 class=\"wp-block-heading\"><span class=\"ez-toc-section\" id=\"Cancellation_Insurance\"><\/span>Seguro de anulaci\u00f3n<span class=\"ez-toc-section-end\"><\/span><\/h2>\r\n\r\n\r\n\r\n<p>Fly Aeolus ofrece un seguro de anulaci\u00f3n, con un coste de 200 euros (sin IVA), que le permite anular o aplazar su vuelo si sus planes se ven alterados por un imprevisto.&nbsp;<\/p>\r\n\r\n\r\n\r\n<p>Si no desea pagar el coste del seguro de cancelaci\u00f3n y su vuelo se cancela o pospone despu\u00e9s de la confirmaci\u00f3n, estar\u00e1 sujeto a cargos adicionales. Si cancela su vuelo entre 7 d\u00edas y 24 horas antes de la hora de salida programada, Fly Aeolus cobrar\u00e1 un cargo de 25% del total de los gastos de vuelo. Si la cancelaci\u00f3n se produce entre 24 y 5 horas antes del vuelo, la compa\u00f1\u00eda cobrar\u00e1 una tasa de cancelaci\u00f3n de 50% del total de los gastos de vuelo. Se cobrar\u00e1 una tasa de cancelaci\u00f3n de 100% del total de los gastos de vuelo si se cancela con menos de 5 horas de antelaci\u00f3n a la hora de salida prevista o si no se presenta.<\/p>\r\n\r\n\r\n\r\n<h2 class=\"wp-block-heading\"><span class=\"ez-toc-section\" id=\"De-icing_Insurance\"><\/span>Seguro de deshielo<span class=\"ez-toc-section-end\"><\/span><\/h2>\r\n\r\n\r\n\r\n<figure class=\"wp-block-image size-full is-style-default\"><img loading=\"lazy\" decoding=\"async\" width=\"1000\" height=\"667\" src=\"https:\/\/comparemyjet.com\/wp-content\/uploads\/2022\/07\/De-icing-Insurance.jpg\" alt=\"\" class=\"wp-image-3146\" srcset=\"https:\/\/comparemyjet.com\/wp-content\/uploads\/2022\/07\/De-icing-Insurance-18x12.jpg 18w, https:\/\/comparemyjet.com\/wp-content\/uploads\/2022\/07\/De-icing-Insurance-300x200.jpg 300w, https:\/\/comparemyjet.com\/wp-content\/uploads\/2022\/07\/De-icing-Insurance-768x512.jpg 768w, https:\/\/comparemyjet.com\/wp-content\/uploads\/2022\/07\/De-icing-Insurance.jpg 1000w\" sizes=\"auto, (max-width: 1000px) 100vw, 1000px\" \/><\/figure>\r\n\r\n\r\n\r\n<p>Este tipo de seguro le resultar\u00e1 muy \u00fatil, especialmente durante los meses m\u00e1s fr\u00edos. Fly Aeolus le aconseja que contrate este servicio antes del despegue.&nbsp;<\/p>\r\n\r\n\r\n\r\n<p>Durante el invierno, el aerotaxi puede quedar cubierto de hielo o nieve, y hay que limpiar el hielo y la nieve antes de que pueda despegar. Los costes asociados son dif\u00edciles de predecir, por lo que la compa\u00f1\u00eda ofrece algunas opciones de seguro de deshielo basadas en el peligro de la formaci\u00f3n de hielo para que te quedes tranquilo.<\/p>\r\n\r\n\r\n\r\n<ul class=\"wp-block-list\"><li>Hasta cinco d\u00edas antes de la salida, el seguro de deshielo le costar\u00e1 150,00 euros (sin IVA) para un vuelo de ida.<\/li><li>Entre 5 y 72 horas antes de la salida, este seguro le costar\u00e1 250,00 euros (sin IVA) para un viaje de ida.<\/li><li>Entre 72 y 24 horas antes de la salida, tendr\u00e1 que pagar hasta 350,00 euros (sin IVA) por un seguro de deshielo de ida.<\/li><\/ul>\r\n\r\n\r\n\r\n<p>Si no elige una de las opciones anteriores, se le facturar\u00e1n todos los gastos de deshielo necesarios despu\u00e9s del viaje.<\/p>\r\n\r\n\r\n\r\n<h2 class=\"wp-block-heading\"><span class=\"ez-toc-section\" id=\"Fly_Aeolus_Taxi_Service\"><\/span>Servicio de taxi Fly Aeolus<span class=\"ez-toc-section-end\"><\/span><\/h2>\r\n\r\n\r\n\r\n<p>Fly Aeolus puede hacer una reserva de taxi para usted con uno de sus socios frecuentes de taxi. Ind\u00edqueles su destino y se asegurar\u00e1n de que el taxi le est\u00e9 esperando cuando llegue al aeropuerto. Si alguien le recoge en el aeropuerto, la empresa se ofrece a enviar los datos de su vuelo espec\u00edfico para que sus amigos o familiares puedan seguir el taxi a\u00e9reo en tiempo real.<\/p>\r\n\r\n\r\n\r\n<h2 class=\"wp-block-heading\"><span class=\"ez-toc-section\" id=\"Pet_Policy\"><\/span>Pol\u00edtica de mascotas<span class=\"ez-toc-section-end\"><\/span><\/h2>\r\n\r\n\r\n\r\n<p>En los vuelos comerciales, puede llevar a su mascota en el avi\u00f3n si la longitud del transport\u00edn es inferior a 47 cm, su anchura inferior a 30 cm y su altura inferior a 27 cm. La mascota tambi\u00e9n debe estar debajo de su asiento en un transport\u00edn designado y no debe pesar m\u00e1s de 10 kilogramos. Por razones de seguridad, no se puede abrir el transport\u00edn ni cambiarlo de sitio. Esta parece ser la mayor desventaja que tienen en comparaci\u00f3n con otras compa\u00f1\u00edas ch\u00e1rter privadas, pero sigue siendo preferible a llevarlos en el departamento de carga de un vuelo comercial.<\/p>\r\n\r\n\r\n\r\n<p>Llevar a su mascota en su vuelo privado es una historia totalmente diferente. Fly Aeolus trata a cualquier mascota que vuele con ellos como un invitado, asegur\u00e1ndose de que su mascota disfrute de un viaje tranquilo y agradable.<\/p>\r\n\r\n\r\n\r\n<p>Su mascota no estar\u00e1 aprisionada en el maletero; podr\u00e1 acurrucarse junto a usted en una manta, y podr\u00e1 estar seguro de que su mascota est\u00e1 c\u00f3moda y segura.&nbsp;<\/p>\r\n\r\n\r\n\r\n<p>Aunque pueda viajar con su mascota, los viajes con ella implican cierta planificaci\u00f3n previa. <a href=\"https:\/\/flyaeolus.com\/blog\/pet-travel-private-jet-air-taxi\/\" target=\"_blank\" rel=\"noopener\">enlace<\/a> para obtener informaci\u00f3n adicional sobre el transporte de su mascota con Aeolus.<\/p>\r\n\r\n\r\n\r\n<h2 class=\"wp-block-heading\"><span class=\"ez-toc-section\" id=\"Company_Safety_Policy_and_Standards\"><\/span>Pol\u00edtica y normas de seguridad de la empresa<span class=\"ez-toc-section-end\"><\/span><\/h2>\r\n\r\n\r\n\r\n<p>Todos sus aviones se examinan regularmente y los pilotos se someten a una revisi\u00f3n m\u00e9dica anual. Adem\u00e1s, todas las aeronaves est\u00e1n equipadas con un sistema CAPS (Cirrus Airframe Parachute System), que es un sistema de recuperaci\u00f3n de paraca\u00eddas bal\u00edstico para todo el avi\u00f3n construido exclusivamente para las aeronaves Cirrus.<\/p>\r\n\r\n\r\n\r\n<h2 class=\"wp-block-heading\"><span class=\"ez-toc-section\" id=\"Company_Staff\"><\/span>Personal de la empresa<span class=\"ez-toc-section-end\"><\/span><\/h2>\r\n\r\n\r\n\r\n<p>El personal de Aeolus incluye expertos de diversos campos de la aviaci\u00f3n de negocios y pilotos e instructores cualificados de Cirrus. Todos los pilotos de Fly Aeolus son titulares de una licencia de piloto comercial (CPL) o de una licencia de piloto de avi\u00f3n (ATPL), tienen 500 horas o m\u00e1s de vuelo y han pasado por el programa de formaci\u00f3n de Cirrus SR22.&nbsp;<\/p>\r\n\r\n\r\n\r\n<h2 class=\"wp-block-heading\"><span class=\"ez-toc-section\" id=\"Conclusion\"><\/span>Conclusi\u00f3n<span class=\"ez-toc-section-end\"><\/span><\/h2>\r\n\r\n\r\n\r\n<figure class=\"wp-block-image size-full is-style-default\"><img loading=\"lazy\" decoding=\"async\" width=\"1000\" height=\"667\" src=\"https:\/\/comparemyjet.com\/wp-content\/uploads\/2022\/07\/cute.dog_.dressed.as_.a.pilot_.standing.infront.of_.a.jet_.jpg\" alt=\"\" class=\"wp-image-3147\" srcset=\"https:\/\/comparemyjet.com\/wp-content\/uploads\/2022\/07\/cute.dog_.dressed.as_.a.pilot_.standing.infront.of_.a.jet_-18x12.jpg 18w, https:\/\/comparemyjet.com\/wp-content\/uploads\/2022\/07\/cute.dog_.dressed.as_.a.pilot_.standing.infront.of_.a.jet_-300x200.jpg 300w, https:\/\/comparemyjet.com\/wp-content\/uploads\/2022\/07\/cute.dog_.dressed.as_.a.pilot_.standing.infront.of_.a.jet_-768x512.jpg 768w, https:\/\/comparemyjet.com\/wp-content\/uploads\/2022\/07\/cute.dog_.dressed.as_.a.pilot_.standing.infront.of_.a.jet_.jpg 1000w\" sizes=\"auto, (max-width: 1000px) 100vw, 1000px\" \/><\/figure>\r\n\r\n\r\n\r\n<p>Fly Aeolus es la primera empresa de Europa que utiliza un modelo de propiedad fraccionada para ofrecer servicios de taxi a\u00e9reo utilizando aviones de un solo pist\u00f3n. La empresa tambi\u00e9n ofrece tres programas distintos de tarjetas de avi\u00f3n y da acceso a m\u00e1s de 1.000 aeropuertos peque\u00f1os de toda Europa utilizando su flota de Cirrus SR22. Si quiere hacer turismo o viaja con un par de acompa\u00f1antes, Fly Aeolus es su servicio de aerotaxi.&nbsp;<\/p>","protected":false},"excerpt":{"rendered":"<p>Fly Aeolus es un servicio belga de taxi a\u00e9reo (ch\u00e1rter privado) que opera en Europa desde 2009. La empresa tiene su sede en Amberes, con oficinas en Berl\u00edn y Rotterdam.  Puedes volar desde m\u00e1s de 1.500 aeropuertos de todo el continente europeo en uno de sus aviones Cirrus SR-22, considerado uno de los monomotores m\u00e1s seguros de ...<\/p>","protected":false},"author":2,"featured_media":3098,"parent":0,"menu_order":0,"comment_status":"closed","ping_status":"closed","template":"","meta":{"_acf_changed":false,"_genesis_hide_title":false,"_genesis_hide_breadcrumbs":false,"_genesis_hide_singular_image":false,"_genesis_hide_footer_widgets":false,"_genesis_custom_body_class":"","_genesis_custom_post_class":"","_genesis_layout":"","footnotes":""},"class_list":{"1":"page","2":"type-page","6":"entry"},"acf":[],"_links":{"self":[{"href":"https:\/\/comparemyjet.com\/es\/wp-json\/wp\/v2\/pages\/3144","targetHints":{"allow":["GET"]}}],"collection":[{"href":"https:\/\/comparemyjet.com\/es\/wp-json\/wp\/v2\/pages"}],"about":[{"href":"https:\/\/comparemyjet.com\/es\/wp-json\/wp\/v2\/types\/page"}],"author":[{"embeddable":true,"href":"https:\/\/comparemyjet.com\/es\/wp-json\/wp\/v2\/users\/2"}],"replies":[{"embeddable":true,"href":"https:\/\/comparemyjet.com\/es\/wp-json\/wp\/v2\/comments?post=3144"}],"version-history":[{"count":2,"href":"https:\/\/comparemyjet.com\/es\/wp-json\/wp\/v2\/pages\/3144\/revisions"}],"predecessor-version":[{"id":3444,"href":"https:\/\/comparemyjet.com\/es\/wp-json\/wp\/v2\/pages\/3144\/revisions\/3444"}],"wp:featuredmedia":[{"embeddable":true,"href":"https:\/\/comparemyjet.com\/es\/wp-json\/wp\/v2\/media\/3098"}],"wp:attachment":[{"href":"https:\/\/comparemyjet.com\/es\/wp-json\/wp\/v2\/media?parent=3144"}],"curies":[{"name":"wp","href":"https:\/\/api.w.org\/{rel}","templated":true}]}}