{"id":3182,"date":"2022-08-04T21:07:59","date_gmt":"2022-08-04T21:07:59","guid":{"rendered":"https:\/\/comparemyjet.com\/?page_id=3182"},"modified":"2025-09-04T09:58:20","modified_gmt":"2025-09-04T09:58:20","slug":"fxair","status":"publish","type":"page","link":"https:\/\/comparemyjet.com\/es\/fxair\/","title":{"rendered":"Precios de los vuelos FXAIR"},"content":{"rendered":"<p>FXAIR es una empresa de vuelos ch\u00e1rter privados relativamente nueva que comenz\u00f3 a operar en 2020. La empresa ha crecido exponencialmente desde entonces, en parte debido a la creciente popularidad de los viajes a\u00e9reos privados con la pandemia del COVID-19.<\/p>\r\n\r\n\r\n\r\n<p>FXAIR forma parte de la familia de empresas Directional Aviation fundada por Ken Ricci, que incluye <a href=\"https:\/\/comparemyjet.com\/es\/flexjet\/\" data-internallinksmanager029f6b8e52c=\"187\" title=\"Flexjet Propiedad Fraccionada de Jets\">Flexjet<\/a>, <a href=\"https:\/\/comparemyjet.com\/es\/sentient-jet\/\" data-internallinksmanager029f6b8e52c=\"106\" title=\"Precios de los vuelos de Sentient Jet\">Sentient Jet<\/a>, <a href=\"https:\/\/comparemyjet.com\/es\/privatefly\/\" data-internallinksmanager029f6b8e52c=\"115\" title=\"Precios de los vuelos PrivateFly\">PrivateFly<\/a>Tivoli y FXAIR, as\u00ed como Nextant Aerospace (fabricante de aviones) y Sojourn Aviation (empresa de venta de aviones). Ofrece un programa de afiliaci\u00f3n de ch\u00e1rteres y de alquiler de aviones privados a la carta. Veamos estos servicios con m\u00e1s detalle, pero antes, unas palabras sobre la propia empresa.<\/p>\r\n\r\n\r\n\r\n<div id=\"ez-toc-container\" class=\"ez-toc-v2_0_76 counter-hierarchy ez-toc-counter ez-toc-grey ez-toc-container-direction\">\n<p class=\"ez-toc-title\" style=\"cursor:inherit\">Temas<\/p>\n<label for=\"ez-toc-cssicon-toggle-item-69de7d3896e78\" class=\"ez-toc-cssicon-toggle-label\"><span class=\"\"><span class=\"eztoc-hide\" style=\"display:none;\">Toggle<\/span><span class=\"ez-toc-icon-toggle-span\"><svg style=\"fill: #999;color:#999\" xmlns=\"http:\/\/www.w3.org\/2000\/svg\" class=\"list-377408\" width=\"20px\" height=\"20px\" viewbox=\"0 0 24 24\" fill=\"none\"><path d=\"M6 6H4v2h2V6zm14 0H8v2h12V6zM4 11h2v2H4v-2zm16 0H8v2h12v-2zM4 16h2v2H4v-2zm16 0H8v2h12v-2z\" fill=\"currentColor\"><\/path><\/svg><svg style=\"fill: #999;color:#999\" class=\"arrow-unsorted-368013\" xmlns=\"http:\/\/www.w3.org\/2000\/svg\" width=\"10px\" height=\"10px\" viewbox=\"0 0 24 24\" version=\"1.2\" baseprofile=\"tiny\"><path d=\"M18.2 9.3l-6.2-6.3-6.2 6.3c-.2.2-.3.4-.3.7s.1.5.3.7c.2.2.4.3.7.3h11c.3 0 .5-.1.7-.3.2-.2.3-.5.3-.7s-.1-.5-.3-.7zM5.8 14.7l6.2 6.3 6.2-6.3c.2-.2.3-.5.3-.7s-.1-.5-.3-.7c-.2-.2-.4-.3-.7-.3h-11c-.3 0-.5.1-.7.3-.2.2-.3.5-.3.7s.1.5.3.7z\"\/><\/svg><\/span><\/span><\/label><input type=\"checkbox\"  id=\"ez-toc-cssicon-toggle-item-69de7d3896e78\" checked aria-label=\"Alternar\" \/><nav><ul class='ez-toc-list ez-toc-list-level-1' ><li class='ez-toc-page-1 ez-toc-heading-level-2'><a class=\"ez-toc-link ez-toc-heading-1\" href=\"https:\/\/comparemyjet.com\/es\/fxair\/#About_the_Company\" >Acerca de la empresa<\/a><\/li><li class='ez-toc-page-1 ez-toc-heading-level-2'><a class=\"ez-toc-link ez-toc-heading-2\" href=\"https:\/\/comparemyjet.com\/es\/fxair\/#Company_Membership_Program\" >Programa de afiliaci\u00f3n de empresas<\/a><\/li><li class='ez-toc-page-1 ez-toc-heading-level-2'><a class=\"ez-toc-link ez-toc-heading-3\" href=\"https:\/\/comparemyjet.com\/es\/fxair\/#On-Demand_Charter_Flight\" >Vuelo ch\u00e1rter a la carta<\/a><\/li><li class='ez-toc-page-1 ez-toc-heading-level-2'><a class=\"ez-toc-link ez-toc-heading-4\" href=\"https:\/\/comparemyjet.com\/es\/fxair\/#The_Fleet\" >La flota&nbsp;<\/a><ul class='ez-toc-list-level-3' ><li class='ez-toc-heading-level-3'><a class=\"ez-toc-link ez-toc-heading-5\" href=\"https:\/\/comparemyjet.com\/es\/fxair\/#1_Light_Private_Jets\" >1. Jets privados ligeros<\/a><ul class='ez-toc-list-level-4' ><li class='ez-toc-heading-level-4'><a class=\"ez-toc-link ez-toc-heading-6\" href=\"https:\/\/comparemyjet.com\/es\/fxair\/#Our_Recommendation_The_Nextant_400XT\" >Nuestra recomendaci\u00f3n: El Nextant 400XT<\/a><\/li><\/ul><\/li><li class='ez-toc-page-1 ez-toc-heading-level-3'><a class=\"ez-toc-link ez-toc-heading-7\" href=\"https:\/\/comparemyjet.com\/es\/fxair\/#2_Midsize_Private_Jets\" >2. Jets privados de tama\u00f1o medio<\/a><ul class='ez-toc-list-level-4' ><li class='ez-toc-heading-level-4'><a class=\"ez-toc-link ez-toc-heading-8\" href=\"https:\/\/comparemyjet.com\/es\/fxair\/#Our_Recommendation_The_Citation_Excel\" >Nuestra recomendaci\u00f3n: El Citation Excel<\/a><\/li><\/ul><\/li><li class='ez-toc-page-1 ez-toc-heading-level-3'><a class=\"ez-toc-link ez-toc-heading-9\" href=\"https:\/\/comparemyjet.com\/es\/fxair\/#3_Super-Midsize_Private_Jets\" >3. Aviones privados de tama\u00f1o medio&nbsp;<\/a><ul class='ez-toc-list-level-4' ><li class='ez-toc-heading-level-4'><a class=\"ez-toc-link ez-toc-heading-10\" href=\"https:\/\/comparemyjet.com\/es\/fxair\/#Our_Recommendation_The_Falcon_50\" >Nuestra recomendaci\u00f3n: El Falcon 50&nbsp;<\/a><\/li><\/ul><\/li><li class='ez-toc-page-1 ez-toc-heading-level-3'><a class=\"ez-toc-link ez-toc-heading-11\" href=\"https:\/\/comparemyjet.com\/es\/fxair\/#4_Large_Private_Jets\" >4. Grandes jets privados<\/a><ul class='ez-toc-list-level-4' ><li class='ez-toc-heading-level-4'><a class=\"ez-toc-link ez-toc-heading-12\" href=\"https:\/\/comparemyjet.com\/es\/fxair\/#Our_Recommendation_The_Gulfstream_GIV\" >Nuestra recomendaci\u00f3n: El Gulfstream GIV<\/a><\/li><\/ul><\/li><li class='ez-toc-page-1 ez-toc-heading-level-3'><a class=\"ez-toc-link ez-toc-heading-13\" href=\"https:\/\/comparemyjet.com\/es\/fxair\/#5_Ultra-Long-Range_Private_Jets\" >5. Jets privados de largo alcance<\/a><ul class='ez-toc-list-level-4' ><li class='ez-toc-heading-level-4'><a class=\"ez-toc-link ez-toc-heading-14\" href=\"https:\/\/comparemyjet.com\/es\/fxair\/#Our_Recommendation_Gulfstream_GV\" >Nuestra recomendaci\u00f3n: Gulfstream GV<\/a><\/li><\/ul><\/li><\/ul><\/li><li class='ez-toc-page-1 ez-toc-heading-level-2'><a class=\"ez-toc-link ez-toc-heading-15\" href=\"https:\/\/comparemyjet.com\/es\/fxair\/#Company_Safety_Policy_and_Standards\" >Pol\u00edtica y normas de seguridad de la empresa<\/a><\/li><li class='ez-toc-page-1 ez-toc-heading-level-2'><a class=\"ez-toc-link ez-toc-heading-16\" href=\"https:\/\/comparemyjet.com\/es\/fxair\/#Conclusion\" >Conclusi\u00f3n<\/a><\/li><\/ul><\/nav><\/div>\n<h2 class=\"wp-block-heading\"><span class=\"ez-toc-section\" id=\"About_the_Company\"><\/span>Acerca de la empresa<span class=\"ez-toc-section-end\"><\/span><\/h2>\r\n\r\n\r\n\r\n<p>FXAIR es una empresa de reciente creaci\u00f3n propiedad de Directional Aviation, con Andrew Collins como director general y Gregg Slow como presidente, con sede en <a href=\"https:\/\/comparemyjet.com\/es\/visitas-privadas\/new-york-city-private-tours\/\" data-internallinksmanager029f6b8e52c=\"427\" title=\"Las 11 mejores visitas privadas a Nueva York desde $48.00\">Nueva York<\/a>.&nbsp;<\/p>\r\n\r\n\r\n\r\n<p>FXAIR no tiene su propia flota, sino que utiliza la de Flexjet y la de otros operadores. A trav\u00e9s de su Programa de Aviadores, FXAIR da a sus clientes acceso prioritario a los aviones que deseen, incluso en los d\u00edas de mayor demanda. Las aeronaves del sistema FXAIR son proporcionadas por empresas que cumplen con los m\u00e1s altos requisitos de seguridad, que con frecuencia van m\u00e1s all\u00e1 de <a href=\"https:\/\/www.faa.gov\/\" target=\"_blank\" rel=\"noopener\">FAA<\/a> directrices.<\/p>\r\n\r\n\r\n\r\n<h2 class=\"wp-block-heading\"><span class=\"ez-toc-section\" id=\"Company_Membership_Program\"><\/span>Programa de afiliaci\u00f3n de empresas<span class=\"ez-toc-section-end\"><\/span><\/h2>\r\n\r\n\r\n\r\n<p>El programa de membres\u00eda de nivel b\u00e1sico de FXAIR, la Cuenta de Aviador, le permite el acceso prioritario a los aviones Flexjet de segunda generaci\u00f3n. Tambi\u00e9n puede beneficiarse de algunos incentivos y ofertas especiales desarrollados exclusivamente para los viajeros habituales, como la reserva prioritaria en los d\u00edas de mayor afluencia.&nbsp;<\/p>\r\n\r\n\r\n\r\n<p>Se requiere una inversi\u00f3n m\u00ednima de $100.000 para activar este programa de afiliaci\u00f3n. Como miembro, obtendr\u00e1 catering gratuito y Wi-Fi local de cortes\u00eda, as\u00ed como descongelaci\u00f3n sin coste y ascensos de categor\u00eda gratuitos cuando est\u00e9n disponibles. Si reserva con al menos una semana de antelaci\u00f3n, podr\u00e1 volar por Estados Unidos en un avi\u00f3n de cabina supermedia por un cargo fijo de $32.000. El saldo de su cuenta no tiene fecha de caducidad y puede obtener el reembolso de las cuotas de afiliaci\u00f3n.<\/p>\r\n\r\n\r\n\r\n<h2 class=\"wp-block-heading\"><span class=\"ez-toc-section\" id=\"On-Demand_Charter_Flight\"><\/span>Vuelo ch\u00e1rter a la carta<span class=\"ez-toc-section-end\"><\/span><\/h2>\r\n\r\n\r\n\r\n<p>Sus servicios de ch\u00e1rter a la carta ofrecen una amplia gama de jets privados, incluyendo jets ligeros, medios, supermedios, pesados y ultralargos. FXAIR le da acceso a aviones Flexjet de segunda generaci\u00f3n (retirados), disponibles para su alquiler s\u00f3lo a trav\u00e9s de FXAIR, pero atendidos y operados por Flexjet.&nbsp;<\/p>\r\n\r\n\r\n\r\n<p>FXAIR tambi\u00e9n ofrece acceso a m\u00e1s de 1.200 aviones de operadores de vuelo respetados y fiables.&nbsp;<\/p>\r\n\r\n\r\n\r\n<h2 class=\"wp-block-heading\"><span class=\"ez-toc-section\" id=\"The_Fleet\"><\/span>La flota&nbsp;<span class=\"ez-toc-section-end\"><\/span><\/h2>\r\n\r\n\r\n\r\n<figure class=\"wp-block-image size-full is-style-default\"><img loading=\"lazy\" decoding=\"async\" width=\"1000\" height=\"664\" src=\"https:\/\/comparemyjet.com\/wp-content\/uploads\/2022\/08\/airplane.in_.clouds.jpg\" alt=\"\" class=\"wp-image-3185\" srcset=\"https:\/\/comparemyjet.com\/wp-content\/uploads\/2022\/08\/airplane.in_.clouds-18x12.jpg 18w, https:\/\/comparemyjet.com\/wp-content\/uploads\/2022\/08\/airplane.in_.clouds-300x199.jpg 300w, https:\/\/comparemyjet.com\/wp-content\/uploads\/2022\/08\/airplane.in_.clouds-768x510.jpg 768w, https:\/\/comparemyjet.com\/wp-content\/uploads\/2022\/08\/airplane.in_.clouds.jpg 1000w\" sizes=\"auto, (max-width: 1000px) 100vw, 1000px\" \/><\/figure>\r\n\r\n\r\n\r\n<p>Su flota est\u00e1 formada por reactores Flexjet retirados e incluye el Nextant 400XTi, reacondicionado por Nextant Aerospace, otra empresa de Directional, doce <a href=\"https:\/\/comparemyjet.com\/es\/bombardero\/\" data-internallinksmanager029f6b8e52c=\"159\" title=\"Gu\u00eda definitiva de aviones y jets privados Bombardier\">Bombardier<\/a> Challenger 300 y cinco aviones Global Express.&nbsp;<\/p>\r\n\r\n\r\n\r\n<h3 class=\"wp-block-heading\"><span class=\"ez-toc-section\" id=\"1_Light_Private_Jets\"><\/span>1. Jets privados ligeros<span class=\"ez-toc-section-end\"><\/span><\/h3>\r\n\r\n\r\n\r\n<p>Este tipo de avi\u00f3n es ideal para viajes nacionales cortos con no m\u00e1s de siete pasajeros. Los aviones ligeros son r\u00e1pidos y eficaces cuando se viaja a aeropuertos locales. Adem\u00e1s, pueden aterrizar f\u00e1cilmente en lugares de dif\u00edcil acceso, como las cimas de las monta\u00f1as o las pistas diminutas.<\/p>\r\n\r\n\r\n\r\n<h4 class=\"wp-block-heading\"><span class=\"ez-toc-section\" id=\"Our_Recommendation_The_Nextant_400XT\"><\/span>Nuestra recomendaci\u00f3n: El Nextant 400XT<span class=\"ez-toc-section-end\"><\/span><\/h4>\r\n\r\n\r\n\r\n<p>El Nextant 400XT es uno de los reactores m\u00e1s r\u00e1pidos, m\u00e1s r\u00e1pido que cualquier otro de su clase. El dise\u00f1o ergon\u00f3mico de la cabina maximiza el espacio y el rendimiento para aumentar el confort de los pasajeros, y el propio avi\u00f3n est\u00e1 bien equipado y es f\u00e1cil de manejar.<\/p>\r\n\r\n\r\n\r\n<p>Especificaciones:<\/p>\r\n\r\n\r\n\r\n<ul class=\"wp-block-list\"><li>Pasajeros: 6-7;<\/li><li>Altura de la cabina: 4 pies y 9 pulgadas;<\/li><li>Longitud de la cabina: 15 pies 6 pulgadas;<\/li><li>Anchura de la cabina: 4 pies y 11 pulgadas;<\/li><li>Alcance m\u00e1ximo: 2005 nm;<\/li><li>Velocidad m\u00e1xima: 471 kts;<\/li><li>Equipaje interno: 31 pies c\u00fabicos;<\/li><li>Equipaje exterior: 25 pies c\u00fabicos.<\/li><\/ul>\r\n\r\n\r\n\r\n<p>FXAIR tambi\u00e9n ofrece <em>Citation CJ3, Citation V, Hawker 400XP, <a href=\"https:\/\/comparemyjet.com\/es\/learjet\/\" data-internallinksmanager029f6b8e52c=\"149\" title=\"Gu\u00eda definitiva de aviones privados Learjet\">Learjet<\/a> 45, y Phenom 300 <\/em>en la categor\u00eda de chorros ligeros.<\/p>\r\n\r\n\r\n\r\n<h3 class=\"wp-block-heading\"><span class=\"ez-toc-section\" id=\"2_Midsize_Private_Jets\"><\/span>2. Jets privados de tama\u00f1o medio<span class=\"ez-toc-section-end\"><\/span><\/h3>\r\n\r\n\r\n\r\n<p>Los aviones de tama\u00f1o medio son ideales para viajes personales o de negocios m\u00e1s largos, ya que ofrecen m\u00e1s autonom\u00eda y comodidad. Con caracter\u00edsticas como un amplio espacio para el equipaje y una mayor altura de la cabina, estos aviones son ideales para los viajes que requieren m\u00e1s resistencia.&nbsp;<\/p>\r\n\r\n\r\n\r\n<h4 class=\"wp-block-heading\"><span class=\"ez-toc-section\" id=\"Our_Recommendation_The_Citation_Excel\"><\/span>Nuestra recomendaci\u00f3n: El Citation Excel<span class=\"ez-toc-section-end\"><\/span><\/h4>\r\n\r\n\r\n\r\n<p>El Citation Excel sirve de modelo est\u00e1ndar para todos los dem\u00e1s aviones de tama\u00f1o medio. Dispone de una amplia cabina con mucho espacio para el equipaje. Por su comodidad, eficiencia y durabilidad, es el avi\u00f3n preferido para los viajes de media distancia. Es una gran elecci\u00f3n para los viajeros de negocios porque funciona como una zona de conferencias en el cielo.<\/p>\r\n\r\n\r\n\r\n<p>Especificaciones:<\/p>\r\n\r\n\r\n\r\n<ul class=\"wp-block-list\"><li>Pasajeros: 8;<\/li><li>Capacidad del equipaje: 90 pies c\u00fabicos;<\/li><li>Anchura de la cabina: 1,5 m;<\/li><li>Altura de la cabina: 1,5 m;<\/li><li>Longitud de la cabina: 18 pies y 6 pulgadas;<\/li><li>Autonom\u00eda de vuelo: hasta 4,5 horas;<\/li><li>Velocidad de crucero: 487 mph.<\/li><\/ul>\r\n\r\n\r\n\r\n<p>En la flota de FXAIR, tambi\u00e9n puede encontrar <em>Hawker 800\/850\/900XP, y Learjet 55\/60 <\/em>como parte de la categor\u00eda de aviones de tama\u00f1o medio.<\/p>\r\n\r\n\r\n\r\n<h3 class=\"wp-block-heading\"><span class=\"ez-toc-section\" id=\"3_Super-Midsize_Private_Jets\"><\/span>3. Aviones privados de tama\u00f1o medio&nbsp;<span class=\"ez-toc-section-end\"><\/span><\/h3>\r\n\r\n\r\n\r\n<p>Los aviones supermedios combinan comodidad y est\u00e9tica. Si vuela con un grupo grande o viaja a trav\u00e9s del pa\u00eds, es la clase de avi\u00f3n perfecta.<\/p>\r\n\r\n\r\n\r\n<h4 class=\"wp-block-heading\"><span class=\"ez-toc-section\" id=\"Our_Recommendation_The_Falcon_50\"><\/span>Nuestra recomendaci\u00f3n: El Falcon 50&nbsp;<span class=\"ez-toc-section-end\"><\/span><\/h4>\r\n\r\n\r\n\r\n<p>Con una cabina espaciosa, una sofisticada tapicer\u00eda de cuero y una completa micrococina, el Falcon 50 tiene la autonom\u00eda y la elegancia de un avi\u00f3n mucho m\u00e1s grande y proporciona satisfacci\u00f3n y lujo en los viajes. El Falcon50EX es un avi\u00f3n grande adecuado para viajes de gama media cuando se necesita llevar m\u00e1s equipaje.<\/p>\r\n\r\n\r\n\r\n<p>Especificaciones:<\/p>\r\n\r\n\r\n\r\n<ul class=\"wp-block-list\"><li>Pasajeros: 9;<\/li><li>Capacidad del equipaje: 115 pies c\u00fabicos;<\/li><li>Longitud de la cabina: 23 pies y 5 pulgadas;<\/li><li>Anchura de la cabina: 6 pies y 1 pulgada;<\/li><li>Altura de la cabina: 1,5 m;<\/li><li>Velocidad m\u00e1xima de crucero: 478 mph;<\/li><li>Rango de vuelo: 5+ horas.<\/li><\/ul>\r\n\r\n\r\n\r\n<p>En la flota de jets supermedios de FXAIR, tambi\u00e9n puede encontrar <em>Challenger 300\/350, Citation Sovereign, Citation X, y <a href=\"https:\/\/comparemyjet.com\/es\/gulfstream\/\" data-internallinksmanager029f6b8e52c=\"175\" title=\"Gu\u00eda definitiva de aviones y jets privados Gulfstream\">Gulfstream<\/a> G200<\/em>.<\/p>\r\n\r\n\r\n\r\n<h3 class=\"wp-block-heading\"><span class=\"ez-toc-section\" id=\"4_Large_Private_Jets\"><\/span>4. Grandes jets privados<span class=\"ez-toc-section-end\"><\/span><\/h3>\r\n\r\n\r\n\r\n<p>Los jets grandes ofrecen la mejor experiencia de vuelo en jet privado para vuelos intercontinentales. Pueden transportar a grupos m\u00e1s grandes, ya que ofrecen suficiente espacio y comodidad para hasta 15 personas.<\/p>\r\n\r\n\r\n\r\n<h4 class=\"wp-block-heading\"><span class=\"ez-toc-section\" id=\"Our_Recommendation_The_Gulfstream_GIV\"><\/span>Nuestra recomendaci\u00f3n: El Gulfstream GIV<span class=\"ez-toc-section-end\"><\/span><\/h4>\r\n\r\n\r\n\r\n<p>La sofisticaci\u00f3n, el lujo y la seguridad de los jets Gulfstream son bien conocidos, por lo que no es de extra\u00f1ar que el GIV se haya ganado la reputaci\u00f3n de ser un jet de negocios nacional e internacional de primer nivel. Se incluyen sillas reclinables individualmente, una mesa de reuniones para cuatro personas y un c\u00f3modo sof\u00e1. En la cabina hay c\u00f3modas camas para hasta seis personas.&nbsp;<\/p>\r\n\r\n\r\n\r\n<p>Especificaciones:<\/p>\r\n\r\n\r\n\r\n<ul class=\"wp-block-list\"><li>Pasajeros: 14 plazas\/6 camas;<\/li><li>Rango de vuelo: 3.880 nm;<\/li><li>Espacio para el equipaje: 169 pies c\u00fabicos;<\/li><li>Anchura de la cabina: 7 pies y 3 pulgadas;<\/li><li>Longitud de la cabina: 45 pies 1 pulgadas;<\/li><li>Altura de la cabina: 6 pies 2 pulgadas;<\/li><li>Velocidad de crucero: 548 mph.<\/li><\/ul>\r\n\r\n\r\n\r\n<p>En la flota de aviones grandes de FXAIR, tambi\u00e9n puede encontrar <em>Challenger 601\/604, Falcon 900EX, Falcon 2000EX y Gulfstream G450<\/em>.<\/p>\r\n\r\n\r\n\r\n<h3 class=\"wp-block-heading\"><span class=\"ez-toc-section\" id=\"5_Ultra-Long-Range_Private_Jets\"><\/span>5. Jets privados de largo alcance<span class=\"ez-toc-section-end\"><\/span><\/h3>\r\n\r\n\r\n\r\n<p>Un avi\u00f3n de ultra largo alcance es la mejor alternativa cuando se quiere viajar largas distancias en el regazo del lujo. No hay nada mejor que un avi\u00f3n de muy largo alcance para los vuelos mundiales. Esta es la forma de volar si est\u00e1 planeando un viaje al extranjero que exige autonom\u00eda, potencia y comodidad, especialmente si es con un grupo m\u00e1s grande, ya que pueden acomodar f\u00e1cilmente a 13 o m\u00e1s pasajeros. Estos aviones incluyen comodidades como una cocina completa, televisores, camas kingsize, lavabos y lugares separados para dormir, comer, trabajar y entretenerse.<\/p>\r\n\r\n\r\n\r\n<h4 class=\"wp-block-heading\"><span class=\"ez-toc-section\" id=\"Our_Recommendation_Gulfstream_GV\"><\/span>Nuestra recomendaci\u00f3n: Gulfstream GV<span class=\"ez-toc-section-end\"><\/span><\/h4>\r\n\r\n\r\n\r\n<p>El Gulfstream GV fue el primer avi\u00f3n de negocios de ultra largo alcance de la compa\u00f1\u00eda, fabricado por Gulfstream Aerospace en 1995 y lanzado al mercado en 1998. La producci\u00f3n finaliz\u00f3 en 2002. La caracter\u00edstica m\u00e1s destacada del GV es su amplia autonom\u00eda de vuelo y su mayor rendimiento.&nbsp;<\/p>\r\n\r\n\r\n\r\n<p>Especificaciones:<\/p>\r\n\r\n\r\n\r\n<ul class=\"wp-block-list\"><li>Pasajeros: 12-16;<\/li><li>Longitud de la cabina: 50 pies 1 pulgada;<\/li><li>Anchura de la cabina: 7 pies y 3 pulgadas;<\/li><li>Altura de la cabina: 6 pies 1 pulgadas;<\/li><li>Volumen de la cabina: 1669 pies c\u00fabicos;<\/li><li>Velocidad m\u00e1xima: 585 mph;<\/li><li>Rango de vuelo: 7389 millas;<\/li><li>Volumen del equipaje: 226 pies c\u00fabicos;<\/li><li>Tripulaci\u00f3n: hasta 5.<\/li><\/ul>\r\n\r\n\r\n\r\n<p>En la flota de jets de ultra largo alcance de FXAIR, tambi\u00e9n puede encontrar<em> Global Express, Falcon 7X, Global 6000 y Gulfstream G550\/G650<\/em>.<\/p>\r\n\r\n\r\n\r\n<h2 class=\"wp-block-heading\"><span class=\"ez-toc-section\" id=\"Company_Safety_Policy_and_Standards\"><\/span>Pol\u00edtica y normas de seguridad de la empresa<span class=\"ez-toc-section-end\"><\/span><\/h2>\r\n\r\n\r\n\r\n<p>Todos los operadores que transportan para FXAIR -incluidos todos los pilotos y los aviones- se someten a un control exhaustivo para garantizar su seguridad y su completa satisfacci\u00f3n. Deben cumplir los requisitos de la compa\u00f1\u00eda para ser aprobados por FXAIR.<\/p>\r\n\r\n\r\n\r\n<p>\u00bfQu\u00e9 significa estar aprobado por FXAIR? Antes de su vuelo, el equipo de seguridad especializado inspecciona a fondo y autoriza al operador, la tripulaci\u00f3n y el avi\u00f3n. <a href=\"https:\/\/www.faa.gov\/\" target=\"_blank\" rel=\"noopener\">FAA<\/a> y <a href=\"https:\/\/www.ntsb.gov\/Pages\/home.aspx\" target=\"_blank\" rel=\"noopener\">NTSB<\/a> Los informes, los registros y certificados de los pilotos, la experiencia de vuelo, la certificaci\u00f3n m\u00e9dica, el estado de la licencia de la aeronave y el seguro de la aeronave se comprueban antes de cada vuelo.<\/p>\r\n\r\n\r\n\r\n<p>Cada vuelo se revisa al menos 24 horas antes del despegue para detectar probables problemas de servicio o seguridad. El Centro de Mando se encarga de supervisar toda la actividad. Si no se cumple un criterio, se cancela el vuelo y se le asigna otro operador que cumpla todos los criterios.<\/p>\r\n\r\n\r\n\r\n<p>Adem\u00e1s, para garantizar la seguridad de los pasajeros, todos los operadores a\u00e9reos de la red FXAIR est\u00e1n obligados a seguir las rigurosas directrices COVID-19.<\/p>\r\n\r\n\r\n\r\n<h2 class=\"wp-block-heading\"><span class=\"ez-toc-section\" id=\"Conclusion\"><\/span>Conclusi\u00f3n<span class=\"ez-toc-section-end\"><\/span><\/h2>\r\n\r\n\r\n\r\n<figure class=\"wp-block-image size-full is-style-default\"><img loading=\"lazy\" decoding=\"async\" width=\"1000\" height=\"667\" src=\"https:\/\/comparemyjet.com\/wp-content\/uploads\/2022\/07\/happy.woman_.listening.to_.music_.on_.a.private.jet_.jpg\" alt=\"FXAIR\" class=\"wp-image-3183\" srcset=\"https:\/\/comparemyjet.com\/wp-content\/uploads\/2022\/07\/happy.woman_.listening.to_.music_.on_.a.private.jet_-18x12.jpg 18w, https:\/\/comparemyjet.com\/wp-content\/uploads\/2022\/07\/happy.woman_.listening.to_.music_.on_.a.private.jet_-300x200.jpg 300w, https:\/\/comparemyjet.com\/wp-content\/uploads\/2022\/07\/happy.woman_.listening.to_.music_.on_.a.private.jet_-768x512.jpg 768w, https:\/\/comparemyjet.com\/wp-content\/uploads\/2022\/07\/happy.woman_.listening.to_.music_.on_.a.private.jet_.jpg 1000w\" sizes=\"auto, (max-width: 1000px) 100vw, 1000px\" \/><\/figure>\r\n\r\n\r\n\r\n<p>Aunque es de reciente creaci\u00f3n, FXAIR procede de la veterana familia Directional Aviation, por lo que las personas que la dirigen tienen experiencia m\u00e1s que suficiente en el sector de la aviaci\u00f3n. Especializada en vuelos ch\u00e1rter a la carta, la empresa ofrece aviones Flexjet de segunda generaci\u00f3n homologados por FXAIR. Puede elegir entre su gran flota de aviones ligeros, medios y supermedios, grandes y ultralargos, lo que convierte a FXAIR en una opci\u00f3n digna como compa\u00f1\u00eda de vuelos ch\u00e1rter a la carta.<\/p>","protected":false},"excerpt":{"rendered":"<p>FXAIR es una empresa de vuelos ch\u00e1rter privados relativamente nueva que comenz\u00f3 a operar en 2020. La empresa ha crecido exponencialmente desde entonces, en parte debido a la creciente popularidad de los viajes a\u00e9reos privados con la pandemia del COVID-19. FXAIR forma parte de la familia de empresas de Directional Aviation fundada por Ken Ricci, que incluye Flexjet, Sentient Jet, PrivateFly, ...<\/p>","protected":false},"author":2,"featured_media":3184,"parent":0,"menu_order":0,"comment_status":"closed","ping_status":"closed","template":"","meta":{"_acf_changed":false,"_genesis_hide_title":false,"_genesis_hide_breadcrumbs":false,"_genesis_hide_singular_image":false,"_genesis_hide_footer_widgets":false,"_genesis_custom_body_class":"","_genesis_custom_post_class":"","_genesis_layout":"","footnotes":""},"class_list":{"1":"page","2":"type-page","6":"entry"},"acf":[],"_links":{"self":[{"href":"https:\/\/comparemyjet.com\/es\/wp-json\/wp\/v2\/pages\/3182","targetHints":{"allow":["GET"]}}],"collection":[{"href":"https:\/\/comparemyjet.com\/es\/wp-json\/wp\/v2\/pages"}],"about":[{"href":"https:\/\/comparemyjet.com\/es\/wp-json\/wp\/v2\/types\/page"}],"author":[{"embeddable":true,"href":"https:\/\/comparemyjet.com\/es\/wp-json\/wp\/v2\/users\/2"}],"replies":[{"embeddable":true,"href":"https:\/\/comparemyjet.com\/es\/wp-json\/wp\/v2\/comments?post=3182"}],"version-history":[{"count":2,"href":"https:\/\/comparemyjet.com\/es\/wp-json\/wp\/v2\/pages\/3182\/revisions"}],"predecessor-version":[{"id":3448,"href":"https:\/\/comparemyjet.com\/es\/wp-json\/wp\/v2\/pages\/3182\/revisions\/3448"}],"wp:featuredmedia":[{"embeddable":true,"href":"https:\/\/comparemyjet.com\/es\/wp-json\/wp\/v2\/media\/3184"}],"wp:attachment":[{"href":"https:\/\/comparemyjet.com\/es\/wp-json\/wp\/v2\/media?parent=3182"}],"curies":[{"name":"wp","href":"https:\/\/api.w.org\/{rel}","templated":true}]}}