{"id":3187,"date":"2022-08-04T21:07:44","date_gmt":"2022-08-04T21:07:44","guid":{"rendered":"https:\/\/comparemyjet.com\/?page_id=3187"},"modified":"2025-09-04T09:59:34","modified_gmt":"2025-09-04T09:59:34","slug":"northern-jet-management","status":"publish","type":"page","link":"https:\/\/comparemyjet.com\/es\/northern-jet-management\/","title":{"rendered":"Northern Jet Management"},"content":{"rendered":"<p>El proveedor de viajes en jet de \u00e9lite Northern Jet Management ofrece <a href=\"https:\/\/comparemyjet.com\/es\/cuales-son-algunas-empresas-de-gestion-de-aviones\/\" data-internallinksmanager029f6b8e52c=\"21\" title=\"Servicios y empresas de gesti\u00f3n de aeronaves\">gesti\u00f3n de aeronaves<\/a>La compa\u00f1\u00eda ofrece un programa de propiedad compartida, vuelos ch\u00e1rter a la carta y la compra y venta de aviones tanto a empresas como a particulares. Vuelan a m\u00e1s de 3.400 destinos en Estados Unidos, el Caribe, M\u00e9xico y Canad\u00e1.<\/p>\r\n\r\n\r\n\r\n<p>Exploremos lo que ofrecen con m\u00e1s detalle, pero primero, un breve resumen de c\u00f3mo surgi\u00f3 la empresa.<\/p>\r\n\r\n\r\n\r\n<div id=\"ez-toc-container\" class=\"ez-toc-v2_0_76 counter-hierarchy ez-toc-counter ez-toc-grey ez-toc-container-direction\">\n<p class=\"ez-toc-title\" style=\"cursor:inherit\">Temas<\/p>\n<label for=\"ez-toc-cssicon-toggle-item-69de36181228e\" class=\"ez-toc-cssicon-toggle-label\"><span class=\"\"><span class=\"eztoc-hide\" style=\"display:none;\">Toggle<\/span><span class=\"ez-toc-icon-toggle-span\"><svg style=\"fill: #999;color:#999\" xmlns=\"http:\/\/www.w3.org\/2000\/svg\" class=\"list-377408\" width=\"20px\" height=\"20px\" viewbox=\"0 0 24 24\" fill=\"none\"><path d=\"M6 6H4v2h2V6zm14 0H8v2h12V6zM4 11h2v2H4v-2zm16 0H8v2h12v-2zM4 16h2v2H4v-2zm16 0H8v2h12v-2z\" fill=\"currentColor\"><\/path><\/svg><svg style=\"fill: #999;color:#999\" class=\"arrow-unsorted-368013\" xmlns=\"http:\/\/www.w3.org\/2000\/svg\" width=\"10px\" height=\"10px\" viewbox=\"0 0 24 24\" version=\"1.2\" baseprofile=\"tiny\"><path d=\"M18.2 9.3l-6.2-6.3-6.2 6.3c-.2.2-.3.4-.3.7s.1.5.3.7c.2.2.4.3.7.3h11c.3 0 .5-.1.7-.3.2-.2.3-.5.3-.7s-.1-.5-.3-.7zM5.8 14.7l6.2 6.3 6.2-6.3c.2-.2.3-.5.3-.7s-.1-.5-.3-.7c-.2-.2-.4-.3-.7-.3h-11c-.3 0-.5.1-.7.3-.2.2-.3.5-.3.7s.1.5.3.7z\"\/><\/svg><\/span><\/span><\/label><input type=\"checkbox\"  id=\"ez-toc-cssicon-toggle-item-69de36181228e\" checked aria-label=\"Alternar\" \/><nav><ul class='ez-toc-list ez-toc-list-level-1' ><li class='ez-toc-page-1 ez-toc-heading-level-2'><a class=\"ez-toc-link ez-toc-heading-1\" href=\"https:\/\/comparemyjet.com\/es\/northern-jet-management\/#About_the_Company\" >Acerca de la empresa&nbsp;<\/a><\/li><li class='ez-toc-page-1 ez-toc-heading-level-2'><a class=\"ez-toc-link ez-toc-heading-2\" href=\"https:\/\/comparemyjet.com\/es\/northern-jet-management\/#Ways_to_Fly\" >Formas de volar<\/a><ul class='ez-toc-list-level-3' ><li class='ez-toc-heading-level-3'><a class=\"ez-toc-link ez-toc-heading-3\" href=\"https:\/\/comparemyjet.com\/es\/northern-jet-management\/#Jet_Management\" >Gesti\u00f3n de chorro<\/a><\/li><li class='ez-toc-page-1 ez-toc-heading-level-3'><a class=\"ez-toc-link ez-toc-heading-4\" href=\"https:\/\/comparemyjet.com\/es\/northern-jet-management\/#Company_Card_Program\" >Programa de tarjetas de empresa<\/a><\/li><li class='ez-toc-page-1 ez-toc-heading-level-3'><a class=\"ez-toc-link ez-toc-heading-5\" href=\"https:\/\/comparemyjet.com\/es\/northern-jet-management\/#Fractional_Jet_Ownership_Program\" >Programa de propiedad de jets fraccionados<\/a><\/li><li class='ez-toc-page-1 ez-toc-heading-level-3'><a class=\"ez-toc-link ez-toc-heading-6\" href=\"https:\/\/comparemyjet.com\/es\/northern-jet-management\/#Empty_Leg_Flights\" >Vuelos en vac\u00edo<\/a><\/li><li class='ez-toc-page-1 ez-toc-heading-level-3'><a class=\"ez-toc-link ez-toc-heading-7\" href=\"https:\/\/comparemyjet.com\/es\/northern-jet-management\/#Acquiring_or_Selling_an_Aircraft\" >Adquisici\u00f3n o venta de una aeronave<\/a><\/li><\/ul><\/li><li class='ez-toc-page-1 ez-toc-heading-level-2'><a class=\"ez-toc-link ez-toc-heading-8\" href=\"https:\/\/comparemyjet.com\/es\/northern-jet-management\/#Pricing\" >Precios<\/a><\/li><li class='ez-toc-page-1 ez-toc-heading-level-2'><a class=\"ez-toc-link ez-toc-heading-9\" href=\"https:\/\/comparemyjet.com\/es\/northern-jet-management\/#The_Fleet\" >La flota&nbsp;<\/a><ul class='ez-toc-list-level-3' ><li class='ez-toc-heading-level-3'><a class=\"ez-toc-link ez-toc-heading-10\" href=\"https:\/\/comparemyjet.com\/es\/northern-jet-management\/#1_Midsize_Private_Jets\" >1. Jets privados de tama\u00f1o medio<\/a><ul class='ez-toc-list-level-4' ><li class='ez-toc-heading-level-4'><a class=\"ez-toc-link ez-toc-heading-11\" href=\"https:\/\/comparemyjet.com\/es\/northern-jet-management\/#Our_Recommendation_Learjet_40\" >Nuestra recomendaci\u00f3n: Learjet 40<\/a><\/li><\/ul><\/li><li class='ez-toc-page-1 ez-toc-heading-level-3'><a class=\"ez-toc-link ez-toc-heading-12\" href=\"https:\/\/comparemyjet.com\/es\/northern-jet-management\/#2_Super-Midsize_Private_Jets\" >2. Aviones privados de tama\u00f1o medio&nbsp;<\/a><ul class='ez-toc-list-level-4' ><li class='ez-toc-heading-level-4'><a class=\"ez-toc-link ez-toc-heading-13\" href=\"https:\/\/comparemyjet.com\/es\/northern-jet-management\/#Our_Recommendation_Cessna_Citation_Sovereign\" >Nuestra recomendaci\u00f3n: Cessna Citation Sovereign<\/a><\/li><\/ul><\/li><\/ul><\/li><li class='ez-toc-page-1 ez-toc-heading-level-2'><a class=\"ez-toc-link ez-toc-heading-14\" href=\"https:\/\/comparemyjet.com\/es\/northern-jet-management\/#Company_Safety_Policy_and_Standards\" >Pol\u00edtica y normas de seguridad de la empresa<\/a><\/li><li class='ez-toc-page-1 ez-toc-heading-level-2'><a class=\"ez-toc-link ez-toc-heading-15\" href=\"https:\/\/comparemyjet.com\/es\/northern-jet-management\/#The_Staff\" >El personal<\/a><\/li><li class='ez-toc-page-1 ez-toc-heading-level-2'><a class=\"ez-toc-link ez-toc-heading-16\" href=\"https:\/\/comparemyjet.com\/es\/northern-jet-management\/#Conclusion\" >Conclusi\u00f3n<\/a><\/li><\/ul><\/nav><\/div>\n<h2 class=\"wp-block-heading\"><span class=\"ez-toc-section\" id=\"About_the_Company\"><\/span>Acerca de la empresa&nbsp;<span class=\"ez-toc-section-end\"><\/span><\/h2>\r\n\r\n\r\n\r\n<p>Northern Jet Management es una empresa privada creada en 1995, con Charles Cox como director general.&nbsp;<\/p>\r\n\r\n\r\n\r\n<p>Su oficina principal est\u00e1 en Michigan, en Grand Rapids, y tienen una base plenamente operativa en <a href=\"https:\/\/comparemyjet.com\/es\/visitas-privadas\/naples-private-tours\/\" data-internallinksmanager029f6b8e52c=\"299\" title=\"11 Mejores Tours Privados en N\u00e1poles Desde $90.53\">N\u00e1poles<\/a>Florida.&nbsp;<\/p>\r\n\r\n\r\n\r\n<h2 class=\"wp-block-heading\"><span class=\"ez-toc-section\" id=\"Ways_to_Fly\"><\/span>Formas de volar<span class=\"ez-toc-section-end\"><\/span><\/h2>\r\n\r\n\r\n\r\n<p>Para satisfacer sus demandas de aviaci\u00f3n, Northern Jet Management ofrece una gama de soluciones especializadas, desde el programa de tarjeta de avi\u00f3n privado todo incluido conocido como Private Advantage Card, hasta la gesti\u00f3n y compra completa de aviones, el arrendamiento y la consulta.<\/p>\r\n\r\n\r\n\r\n<h3 class=\"wp-block-heading\"><span class=\"ez-toc-section\" id=\"Jet_Management\"><\/span>Gesti\u00f3n de chorro<span class=\"ez-toc-section-end\"><\/span><\/h3>\r\n\r\n\r\n\r\n<p>Con los Jets del Norte <a href=\"https:\/\/northernjet.net\/programs\/aircraft-management\/\" target=\"_blank\" rel=\"noopener\">soluciones de gesti\u00f3n<\/a>, obtendr\u00e1 transporte en tierra, solicitudes especiales y personal de programaci\u00f3n disponible los 365 d\u00edas del a\u00f1o, seg\u00fan sus necesidades. El personal de contabilidad supervisa cuidadosamente los gastos y crea informes mensuales sobre la actividad, los costes, el mantenimiento y otros gastos, para que siempre est\u00e9 al tanto de cualquier actividad relacionada con su avi\u00f3n.<\/p>\r\n\r\n\r\n\r\n<p>Cada avi\u00f3n de la flota de Northern Jet cuenta con una tripulaci\u00f3n de vuelo altamente cualificada a bordo, y cada piloto tiene una habilitaci\u00f3n de tipo para el avi\u00f3n que vuela. Adem\u00e1s, todos los empleados se someten a 10 a\u00f1os de <a href=\"https:\/\/www.fbi.gov\/about\" target=\"_blank\" rel=\"noopener\">FBI<\/a> la comprobaci\u00f3n de los antecedentes como parte del proceso de contrataci\u00f3n.<\/p>\r\n\r\n\r\n\r\n<h3 class=\"wp-block-heading\"><span class=\"ez-toc-section\" id=\"Company_Card_Program\"><\/span>Programa de tarjetas de empresa<span class=\"ez-toc-section-end\"><\/span><\/h3>\r\n\r\n\r\n\r\n<p>El <a href=\"https:\/\/northernjet.net\/programs\/jet-card\/\" target=\"_blank\" rel=\"noopener\"><strong>Tarjeta Private Advantage<\/strong><\/a> de Northern Jet Management es una tarjeta de 25 horas dirigida a los viajeros de ocio en vuelos de ida entre el Medio Oeste y Florida. La empresa gestiona <a href=\"https:\/\/comparemyjet.com\/es\/learjet\/\" data-internallinksmanager029f6b8e52c=\"149\" title=\"Gu\u00eda definitiva de aviones privados Learjet\">Learjet<\/a> Los 40XR est\u00e1n incluidos en el programa, y los titulares de la tarjeta tambi\u00e9n tienen la opci\u00f3n de elegir el Learjet 70.&nbsp;<\/p>\r\n\r\n\r\n\r\n<p>No hay costes de reubicaci\u00f3n en un radio de 180 millas de&nbsp;<\/p>\r\n\r\n\r\n\r\n<ul class=\"wp-block-list\"><li>Grand Rapids;<\/li><li>Naples, Florida;<\/li><li><a href=\"https:\/\/comparemyjet.com\/es\/vuelos-charter-privados-a-chicago\/\" data-internallinksmanager029f6b8e52c=\"170\" title=\"Vuelos Privados a Chicago\">Chicago<\/a>Illinois;<\/li><li>y Michigan.&nbsp;<\/li><\/ul>\r\n\r\n\r\n\r\n<p>Un precio por hora con todo incluido y un plazo de preaviso de al menos 24 horas son algunas de las otras ventajas que ofrece esta tarjeta, mientras que para los titulares de la tarjeta con sede en el Medio Oeste, no hay fechas no disponibles ni costes de traslado.<\/p>\r\n\r\n\r\n\r\n<h3 class=\"wp-block-heading\"><span class=\"ez-toc-section\" id=\"Fractional_Jet_Ownership_Program\"><\/span>Programa de propiedad de jets fraccionados<span class=\"ez-toc-section-end\"><\/span><\/h3>\r\n\r\n\r\n\r\n<p>El <a href=\"https:\/\/northernjet.net\/programs\/fractional-jet-ownership\/\" target=\"_blank\" rel=\"noopener\"><strong>Empresa Jet<\/strong><\/a> es un <a href=\"https:\/\/comparemyjet.com\/es\/como-funciona-la-propiedad-de-aviones-fraccionados\/\" data-internallinksmanager029f6b8e52c=\"20\" title=\"\u00bfC\u00f3mo funciona la propiedad fraccionada de un jet?\">propiedad fraccionaria de jets<\/a> programa creado espec\u00edficamente para las necesidades de los viajeros de negocios. Los viajeros de negocios y las empresas son el \u00fanico p\u00fablico objetivo del concepto de propiedad compartida de Company Jet.<\/p>\r\n\r\n\r\n\r\n<p>Los socios tienen una idea de lo que significa ser propietario de un avi\u00f3n privado, sin las preocupaciones sobre la gesti\u00f3n y las operaciones, adem\u00e1s de contar con todo el apoyo de un equipo de expertos. La firma de un contrato conlleva un compromiso de cinco a\u00f1os y una accesibilidad garantizada con un m\u00ednimo de 12 horas de antelaci\u00f3n. Los servicios de conserjer\u00eda est\u00e1n disponibles las veinticuatro horas del d\u00eda, y un equipo de especialistas del sector facilitar\u00e1 y ofrecer\u00e1 apoyo en materia de finanzas, contabilidad y legislaci\u00f3n aeron\u00e1utica.<\/p>\r\n\r\n\r\n\r\n<h3 class=\"wp-block-heading\"><span class=\"ez-toc-section\" id=\"Empty_Leg_Flights\"><\/span>Vuelos en vac\u00edo<span class=\"ez-toc-section-end\"><\/span><\/h3>\r\n\r\n\r\n\r\n<p>La empresa se refiere a su <a href=\"https:\/\/comparemyjet.com\/es\/como-reservar-vuelos-con-las-piernas-vacias\/\" data-internallinksmanager029f6b8e52c=\"24\" title=\"C\u00f3mo reservar vuelos en vac\u00edo\">vuelos en vac\u00edo<\/a> como \"<a href=\"https:\/\/northernjet.net\/flight-opportunities\/\" target=\"_blank\" rel=\"noopener\">oportunidades de vuelo<\/a>\". Un nombre bastante apropiado, ya que estos vuelos son un verdadero fil\u00f3n. Cualquiera puede suscribirse para recibir y seguir los vuelos de tramo vac\u00edo disponibles en su cuenta de correo electr\u00f3nico y aprovechar la oportunidad de volar a uno de sus destinos por una fracci\u00f3n del coste.&nbsp;<\/p>\r\n\r\n\r\n\r\n<h3 class=\"wp-block-heading\"><span class=\"ez-toc-section\" id=\"Acquiring_or_Selling_an_Aircraft\"><\/span>Adquisici\u00f3n o venta de una aeronave<span class=\"ez-toc-section-end\"><\/span><\/h3>\r\n\r\n\r\n\r\n<p>Unirse a Northern Jet significa tener pleno acceso a su equipo de profesionales, que cuenta con d\u00e9cadas de experiencia y contactos para identificar las mejores opciones de aeronaves adaptadas a las necesidades de sus clientes en relaci\u00f3n con <a href=\"https:\/\/northernjet.net\/programs\/aircraft-acquisition-sales-brokerage\/\" target=\"_blank\" rel=\"noopener\">comprar o vender un avi\u00f3n nuevo o usado<\/a>.<\/p>\r\n\r\n\r\n\r\n<h2 class=\"wp-block-heading\"><span class=\"ez-toc-section\" id=\"Pricing\"><\/span>Precios<span class=\"ez-toc-section-end\"><\/span><\/h2>\r\n\r\n\r\n\r\n<figure class=\"wp-block-image size-full is-style-default\"><img loading=\"lazy\" decoding=\"async\" width=\"1000\" height=\"667\" src=\"https:\/\/comparemyjet.com\/wp-content\/uploads\/2022\/06\/woman.in_.blue_.dress_.enjoying.view_.from_.private.jet_.jpg\" alt=\"\" class=\"wp-image-2997\" srcset=\"https:\/\/comparemyjet.com\/wp-content\/uploads\/2022\/06\/woman.in_.blue_.dress_.enjoying.view_.from_.private.jet_-18x12.jpg 18w, https:\/\/comparemyjet.com\/wp-content\/uploads\/2022\/06\/woman.in_.blue_.dress_.enjoying.view_.from_.private.jet_-300x200.jpg 300w, https:\/\/comparemyjet.com\/wp-content\/uploads\/2022\/06\/woman.in_.blue_.dress_.enjoying.view_.from_.private.jet_-768x512.jpg 768w, https:\/\/comparemyjet.com\/wp-content\/uploads\/2022\/06\/woman.in_.blue_.dress_.enjoying.view_.from_.private.jet_.jpg 1000w\" sizes=\"auto, (max-width: 1000px) 100vw, 1000px\" \/><\/figure>\r\n\r\n\r\n\r\n<p>Northern Jet Management es famosa por sus precios asequibles, su dedicaci\u00f3n a los m\u00e1s altos est\u00e1ndares de seguridad y su atenci\u00f3n a las necesidades de sus clientes.<\/p>\r\n\r\n\r\n\r\n<p>Para ser titular de la tarjeta Private Advantage de Northern Jet Management, hay que pagar una cuota de iniciaci\u00f3n de algo menos de $165.000.&nbsp;<\/p>\r\n\r\n\r\n\r\n<p>Los viajeros que siguen la pista y obtienen la ventaja de los vuelos de tramo vac\u00edo de la compa\u00f1\u00eda que aparecen en su sitio web ahorran $1.000 de la tarifa est\u00e1ndar por hora.<\/p>\r\n\r\n\r\n\r\n<h2 class=\"wp-block-heading\"><span class=\"ez-toc-section\" id=\"The_Fleet\"><\/span>La flota&nbsp;<span class=\"ez-toc-section-end\"><\/span><\/h2>\r\n\r\n\r\n\r\n<p>Todos y cada uno de los aviones de la flota de 20 aeronaves de Northern Jet Management son manejados por profesionales de la aviaci\u00f3n con experiencia. Todos los modelos son nuevos y modernos, con jets de tama\u00f1o medio y supermedio como categor\u00eda de avi\u00f3n principal y dominante.&nbsp;<\/p>\r\n\r\n\r\n\r\n<h3 class=\"wp-block-heading\"><span class=\"ez-toc-section\" id=\"1_Midsize_Private_Jets\"><\/span>1. Jets privados de tama\u00f1o medio<span class=\"ez-toc-section-end\"><\/span><\/h3>\r\n\r\n\r\n\r\n<p>Tanto para los viajes personales como para los corporativos, el alquiler de un avi\u00f3n de tama\u00f1o medio le proporcionar\u00e1 un vuelo c\u00f3modo y de largo alcance. Los aviones de tama\u00f1o medio son populares entre los pasajeros de negocios y de ocio por sus amplias cabinas, el espacio adecuado para el equipaje y las comodidades de primera calidad.<\/p>\r\n\r\n\r\n\r\n<h4 class=\"wp-block-heading\"><span class=\"ez-toc-section\" id=\"Our_Recommendation_Learjet_40\"><\/span>Nuestra recomendaci\u00f3n: Learjet 40<span class=\"ez-toc-section-end\"><\/span><\/h4>\r\n\r\n\r\n\r\n<p>El Learjet 40 es un peque\u00f1o avi\u00f3n de negocios fabricado por <a href=\"https:\/\/comparemyjet.com\/es\/bombardero\/\" data-internallinksmanager029f6b8e52c=\"159\" title=\"Gu\u00eda definitiva de aviones y jets privados Bombardier\">Bombardier<\/a> Learjet. Est\u00e1 propulsado por dos motores, su interior es m\u00e1s grande que el de sus rivales y su dise\u00f1o sirve de inspiraci\u00f3n para futuros modelos. Sin embargo, la carrocer\u00eda es m\u00e1s corta y el dep\u00f3sito de combustible es m\u00e1s peque\u00f1o que el del Learjet 45.&nbsp;<\/p>\r\n\r\n\r\n\r\n<p>Especificaciones:<\/p>\r\n\r\n\r\n\r\n<ul class=\"wp-block-list\"><li>Pasajeros: 7;<\/li><li>Altura exterior: 14 pies y 2 pulgadas;<\/li><li>Longitud total: 55 pies y 5 pulgadas;<\/li><li>Envergadura del ala: 47 pies 9 pulgadas;<\/li><li>Anchura de la cabina: 1,5 m;<\/li><li>Altura de la cabina: 4 pies y 11 pulgadas;<\/li><li>Longitud de la cabina: 17 pies 8 pulgadas;<\/li><li>Alcance m\u00e1ximo de vuelo: 1707 nm;<\/li><li>Velocidad m\u00e1xima de crucero: 465 kts;<\/li><li>Espacio exterior para el equipaje: 50 pies c\u00fabicos;<\/li><li>Espacio interior para el equipaje: 15 pies c\u00fabicos;<\/li><li>Tripulaci\u00f3n: 2.<\/li><\/ul>\r\n\r\n\r\n\r\n<p>Northern Jet Management ofrece aviones eficientes y asequibles en su cat\u00e1logo de jets privados de tama\u00f1o medio, incluyendo el <em>Bombardier Serie 45<\/em>, <em><a href=\"https:\/\/comparemyjet.com\/es\/gulfstream\/\" data-internallinksmanager029f6b8e52c=\"175\" title=\"Gu\u00eda definitiva de aviones y jets privados Gulfstream\">Gulfstream<\/a> G150<\/em>, <em>Learjet 70\/75<\/em>, <em>Learjet 45XR<\/em>y nuestro modelo recomendado, <em>Learjet 40<\/em>.<\/p>\r\n\r\n\r\n\r\n<h3 class=\"wp-block-heading\"><span class=\"ez-toc-section\" id=\"2_Super-Midsize_Private_Jets\"><\/span>2. Aviones privados de tama\u00f1o medio&nbsp;<span class=\"ez-toc-section-end\"><\/span><\/h3>\r\n\r\n\r\n\r\n<p>Los jets de la categor\u00eda supermoderna pueden volar hasta 6 horas, es decir, 2 horas m\u00e1s que la categor\u00eda anterior, lo que los hace ideales para vuelos a trav\u00e9s del pa\u00eds. Los pasajeros tienen acceso a cabinas espaciosas y comodidades de primera clase, incluyendo m\u00e1s espacio para el equipaje.<\/p>\r\n\r\n\r\n\r\n<h4 class=\"wp-block-heading\"><span class=\"ez-toc-section\" id=\"Our_Recommendation_Cessna_Citation_Sovereign\"><\/span>Nuestra recomendaci\u00f3n: Cessna Citation Sovereign<span class=\"ez-toc-section-end\"><\/span><\/h4>\r\n\r\n\r\n\r\n<p>El Soberano, producido por un fabricante americano - <a href=\"https:\/\/comparemyjet.com\/es\/cessna\/\" data-internallinksmanager029f6b8e52c=\"145\" title=\"Gu\u00eda definitiva de aviones privados Cessna\">Cessna<\/a>es un avi\u00f3n transcontinental. Las caracter\u00edsticas de dise\u00f1o del Citation Sovereign incluyen una carrocer\u00eda larga, alas redise\u00f1adas, equipo de cabina de cristal con cuatro paneles LCD y dos motores.&nbsp;<\/p>\r\n\r\n\r\n\r\n<p>Especificaciones:&nbsp;<\/p>\r\n\r\n\r\n\r\n<ul class=\"wp-block-list\"><li>Pasajeros: 9;<\/li><li>Altura exterior: 20 pies y 4 pulgadas;<\/li><li>Longitud total: 63 pies y 6 pulgadas;<\/li><li>Envergadura del ala: 63 pies 4 pulgadas;<\/li><li>Anchura de la cabina: 1,5 m;<\/li><li>Altura de la cabina: 1,5 m;<\/li><li>Longitud de la cabina: 25 pies 3 pulgadas;<\/li><li>Alcance m\u00e1ximo de vuelo: 3010 nm;<\/li><li>Velocidad m\u00e1xima de crucero: 459 kts;<\/li><li>Tripulaci\u00f3n: 2;<\/li><li>Espacio interior para el equipaje: 35 pies c\u00fabicos;<\/li><li>Espacio exterior para el equipaje: 100 pies c\u00fabicos.<\/li><\/ul>\r\n\r\n\r\n\r\n<p>Northern Jet Management ofrece dos aeronaves seguras y eficientes en su cat\u00e1logo de jets privados de tama\u00f1o supermedio, el <em>Challenger 300<\/em> y nuestro modelo recomendado <em>Cessna Citation Sovereign<\/em>.<\/p>\r\n\r\n\r\n\r\n<h2 class=\"wp-block-heading\"><span class=\"ez-toc-section\" id=\"Company_Safety_Policy_and_Standards\"><\/span>Pol\u00edtica y normas de seguridad de la empresa<span class=\"ez-toc-section-end\"><\/span><\/h2>\r\n\r\n\r\n\r\n<p>El equipo de Northern Jet Management realiza regularmente auditor\u00edas internas y evaluaciones de procesos, pr\u00e1cticas, operaciones y servicios en m\u00e1s de 40 \u00e1reas operativas.<\/p>\r\n\r\n\r\n\r\n<p>Adem\u00e1s, Northern Jet Management ha <a href=\"https:\/\/www.argus.aero\/\" target=\"_blank\" rel=\"noopener\">ARGUS<\/a> Platino y <a href=\"https:\/\/www.acsf.aero\/\" target=\"_blank\" rel=\"noopener\">ACSF<\/a> acreditaci\u00f3n y utiliza exclusivamente mec\u00e1nicos con <a href=\"https:\/\/www.faa.gov\/\" target=\"_blank\" rel=\"noopener\">FAA<\/a> licencias. Adem\u00e1s, Northern Jet Management cuenta con la aprobaci\u00f3n de la fase 3 de la <a href=\"https:\/\/ibac.org\/is-bao\" target=\"_blank\" rel=\"noopener\">Norma internacional para las operaciones de las aeronaves de negocios<\/a> (IS-BAO).<\/p>\r\n\r\n\r\n\r\n<h2 class=\"wp-block-heading\"><span class=\"ez-toc-section\" id=\"The_Staff\"><\/span>El personal<span class=\"ez-toc-section-end\"><\/span><\/h2>\r\n\r\n\r\n\r\n<figure class=\"wp-block-image size-full is-style-default\"><img loading=\"lazy\" decoding=\"async\" width=\"1000\" height=\"667\" src=\"https:\/\/comparemyjet.com\/wp-content\/uploads\/2022\/07\/private.jet_.pilots.in_.cockpit.jpg\" alt=\"\" class=\"wp-image-3072\" srcset=\"https:\/\/comparemyjet.com\/wp-content\/uploads\/2022\/07\/private.jet_.pilots.in_.cockpit-18x12.jpg 18w, https:\/\/comparemyjet.com\/wp-content\/uploads\/2022\/07\/private.jet_.pilots.in_.cockpit-300x200.jpg 300w, https:\/\/comparemyjet.com\/wp-content\/uploads\/2022\/07\/private.jet_.pilots.in_.cockpit-768x512.jpg 768w, https:\/\/comparemyjet.com\/wp-content\/uploads\/2022\/07\/private.jet_.pilots.in_.cockpit.jpg 1000w\" sizes=\"auto, (max-width: 1000px) 100vw, 1000px\" \/><\/figure>\r\n\r\n\r\n\r\n<p>Northern Jet Management mejora y modifica constantemente las operaciones de la empresa para garantizar los m\u00e1s altos niveles de seguridad.<\/p>\r\n\r\n\r\n\r\n<p>Su personal recibe continuamente formaci\u00f3n de vuelo por parte de <a href=\"https:\/\/www.cae.com\/\" target=\"_blank\" rel=\"noopener\">CAE<\/a> o <a href=\"https:\/\/www.flightsafety.com\/\" target=\"_blank\" rel=\"noopener\">FlightSafety Internacional<\/a>. Cada segmento de vuelo comienza con un an\u00e1lisis de riesgos de seguridad por parte de la tripulaci\u00f3n. Adem\u00e1s, la tripulaci\u00f3n recibe formaci\u00f3n interna a trav\u00e9s del <a href=\"https:\/\/www.nata.aero\/education-and-training\/safety-1st\" target=\"_blank\" rel=\"noopener\">Programa nacional de formaci\u00f3n sobre seguridad en el transporte a\u00e9reo<\/a>.<\/p>\r\n\r\n\r\n\r\n<p>Para ayudar a los pilotos nuevos y a los actuales, los pilotos senior certificados act\u00faan como especialistas internos que ofrecen su experiencia al equipo directivo en lo que respecta a los procedimientos operativos.<\/p>\r\n\r\n\r\n\r\n<h2 class=\"wp-block-heading\"><span class=\"ez-toc-section\" id=\"Conclusion\"><\/span>Conclusi\u00f3n<span class=\"ez-toc-section-end\"><\/span><\/h2>\r\n\r\n\r\n\r\n<p>Los pasajeros que deseen la libertad y la comodidad que garantizan los viajes en jets privados son m\u00e1s que bienvenidos a volar con Northern Jet Management. Gracias a la dedicaci\u00f3n de la empresa a proporcionar un servicio de calidad, le ahorrar\u00e1n mucho tiempo de reserva y planificaci\u00f3n. Northern Jet Management es la principal compa\u00f1\u00eda de aviones privados del Medio Oeste, gracias a las soluciones de propiedad fraccionada y gesti\u00f3n de aviones.<\/p>","protected":false},"excerpt":{"rendered":"<p>El proveedor de viajes en jet de \u00e9lite Northern Jet Management ofrece gesti\u00f3n completa de aviones, un programa de propiedad compartida, vuelos ch\u00e1rter a la carta y compra y venta de aviones tanto a empresas como a particulares. Vuelan a m\u00e1s de 3.400 destinos en Estados Unidos, el Caribe, M\u00e9xico y Canad\u00e1. Exploremos lo que ofrecen con m\u00e1s detalle, pero primero, un breve resumen ...<\/p>","protected":false},"author":2,"featured_media":3188,"parent":0,"menu_order":0,"comment_status":"closed","ping_status":"closed","template":"","meta":{"_acf_changed":false,"_genesis_hide_title":false,"_genesis_hide_breadcrumbs":false,"_genesis_hide_singular_image":false,"_genesis_hide_footer_widgets":false,"_genesis_custom_body_class":"","_genesis_custom_post_class":"","_genesis_layout":"","footnotes":""},"class_list":{"1":"page","2":"type-page","6":"entry"},"acf":[],"_links":{"self":[{"href":"https:\/\/comparemyjet.com\/es\/wp-json\/wp\/v2\/pages\/3187","targetHints":{"allow":["GET"]}}],"collection":[{"href":"https:\/\/comparemyjet.com\/es\/wp-json\/wp\/v2\/pages"}],"about":[{"href":"https:\/\/comparemyjet.com\/es\/wp-json\/wp\/v2\/types\/page"}],"author":[{"embeddable":true,"href":"https:\/\/comparemyjet.com\/es\/wp-json\/wp\/v2\/users\/2"}],"replies":[{"embeddable":true,"href":"https:\/\/comparemyjet.com\/es\/wp-json\/wp\/v2\/comments?post=3187"}],"version-history":[{"count":1,"href":"https:\/\/comparemyjet.com\/es\/wp-json\/wp\/v2\/pages\/3187\/revisions"}],"predecessor-version":[{"id":3191,"href":"https:\/\/comparemyjet.com\/es\/wp-json\/wp\/v2\/pages\/3187\/revisions\/3191"}],"wp:featuredmedia":[{"embeddable":true,"href":"https:\/\/comparemyjet.com\/es\/wp-json\/wp\/v2\/media\/3188"}],"wp:attachment":[{"href":"https:\/\/comparemyjet.com\/es\/wp-json\/wp\/v2\/media?parent=3187"}],"curies":[{"name":"wp","href":"https:\/\/api.w.org\/{rel}","templated":true}]}}