{"id":3223,"date":"2022-08-23T00:45:05","date_gmt":"2022-08-23T00:45:05","guid":{"rendered":"https:\/\/comparemyjet.com\/?page_id=3223"},"modified":"2025-09-04T09:58:21","modified_gmt":"2025-09-04T09:58:21","slug":"grandview-aviation","status":"publish","type":"page","link":"https:\/\/comparemyjet.com\/es\/grandview-aviation\/","title":{"rendered":"Precios de los vuelos de GrandView Aviation"},"content":{"rendered":"<p>GrandView Aviation es una empresa con sede en Baltimore <a href=\"https:\/\/comparemyjet.com\/es\/como-alquilar-o-alquilar-un-jet-privado\/\" data-internallinksmanager029f6b8e52c=\"15\" title=\"\u00bfC\u00f3mo se alquila o se fleta un avi\u00f3n privado?\">alquiler de aviones privados<\/a> que opera en Estados Unidos. Puede volar por todo el pa\u00eds con sus aviones a reacci\u00f3n Phenom 300 y alquilar sus <a href=\"https:\/\/comparemyjet.com\/es\/sikorsky\/\" data-internallinksmanager029f6b8e52c=\"160\" title=\"Gu\u00eda definitiva de jets privados y helic\u00f3pteros Sikorsky\">Sikorsky<\/a> Helic\u00f3pteros S-76D y Bell 407GXI en Baltimore y Washington, D.C.<\/p>\r\n\r\n\r\n\r\n<p>Dado que la compa\u00f1\u00eda cuenta con la certificaci\u00f3n Wyvern Wingman, sus pilotos siguen las \u00faltimas y mejores pr\u00e1cticas de seguridad, mientras que la tripulaci\u00f3n se compromete a ofrecer un servicio inigualable. El departamento de ch\u00e1rter est\u00e1 preparado para realizar itinerarios y vuelos personalizados las 24 horas del d\u00eda, los siete d\u00edas de la semana.<\/p>\r\n\r\n\r\n\r\n<p>Veamos de qu\u00e9 se trata.<\/p>\r\n\r\n\r\n\r\n<div id=\"ez-toc-container\" class=\"ez-toc-v2_0_76 counter-hierarchy ez-toc-counter ez-toc-grey ez-toc-container-direction\">\n<p class=\"ez-toc-title\" style=\"cursor:inherit\">Temas<\/p>\n<label for=\"ez-toc-cssicon-toggle-item-69d78a39add09\" class=\"ez-toc-cssicon-toggle-label\"><span class=\"\"><span class=\"eztoc-hide\" style=\"display:none;\">Toggle<\/span><span class=\"ez-toc-icon-toggle-span\"><svg style=\"fill: #999;color:#999\" xmlns=\"http:\/\/www.w3.org\/2000\/svg\" class=\"list-377408\" width=\"20px\" height=\"20px\" viewbox=\"0 0 24 24\" fill=\"none\"><path d=\"M6 6H4v2h2V6zm14 0H8v2h12V6zM4 11h2v2H4v-2zm16 0H8v2h12v-2zM4 16h2v2H4v-2zm16 0H8v2h12v-2z\" fill=\"currentColor\"><\/path><\/svg><svg style=\"fill: #999;color:#999\" class=\"arrow-unsorted-368013\" xmlns=\"http:\/\/www.w3.org\/2000\/svg\" width=\"10px\" height=\"10px\" viewbox=\"0 0 24 24\" version=\"1.2\" baseprofile=\"tiny\"><path d=\"M18.2 9.3l-6.2-6.3-6.2 6.3c-.2.2-.3.4-.3.7s.1.5.3.7c.2.2.4.3.7.3h11c.3 0 .5-.1.7-.3.2-.2.3-.5.3-.7s-.1-.5-.3-.7zM5.8 14.7l6.2 6.3 6.2-6.3c.2-.2.3-.5.3-.7s-.1-.5-.3-.7c-.2-.2-.4-.3-.7-.3h-11c-.3 0-.5.1-.7.3-.2.2-.3.5-.3.7s.1.5.3.7z\"\/><\/svg><\/span><\/span><\/label><input type=\"checkbox\"  id=\"ez-toc-cssicon-toggle-item-69d78a39add09\" checked aria-label=\"Alternar\" \/><nav><ul class='ez-toc-list ez-toc-list-level-1' ><li class='ez-toc-page-1 ez-toc-heading-level-2'><a class=\"ez-toc-link ez-toc-heading-1\" href=\"https:\/\/comparemyjet.com\/es\/grandview-aviation\/#About_the_Company\" >Acerca de la empresa<\/a><\/li><li class='ez-toc-page-1 ez-toc-heading-level-2'><a class=\"ez-toc-link ez-toc-heading-2\" href=\"https:\/\/comparemyjet.com\/es\/grandview-aviation\/#Empty_Leg_Flight\" >Vuelo a pierna vac\u00eda<\/a><\/li><li class='ez-toc-page-1 ez-toc-heading-level-2'><a class=\"ez-toc-link ez-toc-heading-3\" href=\"https:\/\/comparemyjet.com\/es\/grandview-aviation\/#Company_Card_Programs\" >Programas de tarjetas de empresa<\/a><\/li><li class='ez-toc-page-1 ez-toc-heading-level-2'><a class=\"ez-toc-link ez-toc-heading-4\" href=\"https:\/\/comparemyjet.com\/es\/grandview-aviation\/#Pricing\" >Precios<\/a><\/li><li class='ez-toc-page-1 ez-toc-heading-level-2'><a class=\"ez-toc-link ez-toc-heading-5\" href=\"https:\/\/comparemyjet.com\/es\/grandview-aviation\/#The_Fleet\" >La flota&nbsp;<\/a><ul class='ez-toc-list-level-3' ><li class='ez-toc-heading-level-3'><a class=\"ez-toc-link ez-toc-heading-6\" href=\"https:\/\/comparemyjet.com\/es\/grandview-aviation\/#1_Light_Private_Jets\" >1. Jets privados ligeros<\/a><ul class='ez-toc-list-level-4' ><li class='ez-toc-heading-level-4'><a class=\"ez-toc-link ez-toc-heading-7\" href=\"https:\/\/comparemyjet.com\/es\/grandview-aviation\/#Our_Recommendation_Embraer_Phenom_300\" >Nuestra recomendaci\u00f3n: Embraer Phenom 300<\/a><\/li><\/ul><\/li><li class='ez-toc-page-1 ez-toc-heading-level-3'><a class=\"ez-toc-link ez-toc-heading-8\" href=\"https:\/\/comparemyjet.com\/es\/grandview-aviation\/#2_Helicopters\" >2. Helic\u00f3pteros<\/a><ul class='ez-toc-list-level-4' ><li class='ez-toc-heading-level-4'><a class=\"ez-toc-link ez-toc-heading-9\" href=\"https:\/\/comparemyjet.com\/es\/grandview-aviation\/#Our_Recommendation_Bell_407GXI\" >Nuestra recomendaci\u00f3n: Bell 407GXI<\/a><\/li><\/ul><\/li><\/ul><\/li><li class='ez-toc-page-1 ez-toc-heading-level-2'><a class=\"ez-toc-link ez-toc-heading-10\" href=\"https:\/\/comparemyjet.com\/es\/grandview-aviation\/#Company_Safety_Policy_and_Standards\" >Pol\u00edtica y normas de seguridad de la empresa<\/a><\/li><li class='ez-toc-page-1 ez-toc-heading-level-2'><a class=\"ez-toc-link ez-toc-heading-11\" href=\"https:\/\/comparemyjet.com\/es\/grandview-aviation\/#The_Staff\" >El personal<\/a><\/li><li class='ez-toc-page-1 ez-toc-heading-level-2'><a class=\"ez-toc-link ez-toc-heading-12\" href=\"https:\/\/comparemyjet.com\/es\/grandview-aviation\/#Conclusion\" >Conclusi\u00f3n<\/a><\/li><\/ul><\/nav><\/div>\n<h2 class=\"wp-block-heading\"><span class=\"ez-toc-section\" id=\"About_the_Company\"><\/span>Acerca de la empresa<span class=\"ez-toc-section-end\"><\/span><\/h2>\r\n\r\n\r\n\r\n<p>GrandView Aviation es una empresa privada fundada en 2004, con Jerry Edwards como director general. La empresa es propietaria de su flota de <a href=\"https:\/\/comparemyjet.com\/es\/embraer\/\" data-internallinksmanager029f6b8e52c=\"151\" title=\"Gu\u00eda definitiva de aviones privados Embraer\">Embraer<\/a> Phenom 300 y cuenta con unos 130 empleados.<\/p>\r\n\r\n\r\n\r\n<p>El programa de entrada en GrandView Aviation es un dep\u00f3sito de $150.000 sin disponibilidad asegurada.<\/p>\r\n\r\n\r\n\r\n<p>Adem\u00e1s de los vuelos ch\u00e1rter privados, la empresa es pionera en el transporte de trasplantes de \u00f3rganos, habiendo transportado m\u00e1s de 250 equipos de cirug\u00eda para salvar vidas en 2021 y m\u00e1s de 2.200 desde sus inicios.<\/p>\r\n\r\n\r\n\r\n<p>La \u00faltima noticia que tenemos sobre GrandView Aviation es que Global Medical Response (GMR) ha anunciado la adquisici\u00f3n de la empresa en 2022. Global Medical Response proporciona atenci\u00f3n m\u00e9dica de alta calidad, principalmente en servicios de emergencia y reubicaci\u00f3n de pacientes en Estados Unidos y en todo el mundo, por lo que este movimiento tiene mucho sentido.&nbsp;<\/p>\r\n\r\n\r\n\r\n<p>Gracias a su reciente crecimiento, la empresa cuenta con centros en <a href=\"https:\/\/comparemyjet.com\/es\/visitas-privadas\/atlanta-private-tours\/\" data-internallinksmanager029f6b8e52c=\"403\" title=\"11 Mejores Tours Privados de Atlanta Desde $89.99\">Atlanta<\/a>, <a href=\"https:\/\/comparemyjet.com\/es\/visitas-privadas\/austin-private-tours\/\" data-internallinksmanager029f6b8e52c=\"404\" title=\"11 Mejores Tours Privados en Austin Desde $25.00\">Austin<\/a>Baltimore, <a href=\"https:\/\/comparemyjet.com\/es\/alquiler-de-aviones-privados-a-boston\/\" data-internallinksmanager029f6b8e52c=\"177\" title=\"Vuelos Privados a Boston\">Boston<\/a>, <a href=\"https:\/\/comparemyjet.com\/es\/vuelos-charter-privados-a-chicago\/\" data-internallinksmanager029f6b8e52c=\"170\" title=\"Vuelos Privados a Chicago\">Chicago<\/a>, <a href=\"https:\/\/comparemyjet.com\/es\/visitas-privadas\/denver-private-tours\/\" data-internallinksmanager029f6b8e52c=\"410\" title=\"11 Mejores Excursiones Privadas en Denver Desde $49.00\">Denver<\/a>, <a href=\"https:\/\/comparemyjet.com\/es\/visitas-privadas\/los-angeles-private-tours\/\" data-internallinksmanager029f6b8e52c=\"421\" title=\"11 Mejores Tours Privados en Los Angeles Desde $55.00\">Los \u00c1ngeles<\/a>y Scottsdale.<\/p>\r\n\r\n\r\n\r\n<h2 class=\"wp-block-heading\"><span class=\"ez-toc-section\" id=\"Empty_Leg_Flight\"><\/span>Vuelo a pierna vac\u00eda<span class=\"ez-toc-section-end\"><\/span><\/h2>\r\n\r\n\r\n\r\n<p>Adem\u00e1s de los vuelos ch\u00e1rter regulares, GrandView Aviation puede ayudarle a <a href=\"https:\/\/comparemyjet.com\/es\/como-reservar-vuelos-con-las-piernas-vacias\/\" data-internallinksmanager029f6b8e52c=\"24\" title=\"C\u00f3mo reservar vuelos en vac\u00edo\">reservar vuelos con la pierna vac\u00eda<\/a>. Un tramo vac\u00edo es un vuelo que ya est\u00e1 programado para volar a un destino espec\u00edfico sin ning\u00fan pasajero. Los vuelos de tramo vac\u00edo suelen estar disponibles cuando un avi\u00f3n tiene que ser reubicado o devuelto para otra ruta.&nbsp;<\/p>\r\n\r\n\r\n\r\n<p>Si puede hacer arreglos de \u00faltima hora para algunos viajes, un <a href=\"https:\/\/flygv.com\/empty-legs\/\" target=\"_blank\" rel=\"noopener\">Vuelo en vac\u00edo<\/a> es siempre una opci\u00f3n ideal, ya que son mucho m\u00e1s baratos que la tarifa est\u00e1ndar.&nbsp;<\/p>\r\n\r\n\r\n\r\n<h2 class=\"wp-block-heading\"><span class=\"ez-toc-section\" id=\"Company_Card_Programs\"><\/span>Programas de tarjetas de empresa<span class=\"ez-toc-section-end\"><\/span><\/h2>\r\n\r\n\r\n\r\n<p>GrandView Aviation ofrece dos tipos de paquetes de afiliaci\u00f3n para viajeros frecuentes: <strong><em>Altitud Millas<\/em><\/strong> y <strong><em>Altitud m\u00e1s millas<\/em><\/strong>.&nbsp;<\/p>\r\n\r\n\r\n\r\n<p>Para convertirse en miembro del programa de tarjetas jet de GrandView Aviations <strong>Altitud Plus<\/strong>Se requiere un dep\u00f3sito de $150.000. Al hacer el dep\u00f3sito, obtienes instant\u00e1neamente un bloqueo de tarifa durante 24 meses, y puedes aprovechar los precios fijos para m\u00e1s de 65 destinos, incluyendo un descuento de 10% en cada vuelo. Si viaja con m\u00e1s frecuencia, ganar\u00e1 m\u00e1s ventajas y privilegios, como por ejemplo<\/p>\r\n\r\n\r\n\r\n<ul class=\"wp-block-list\"><li>Catering a bordo&nbsp;<\/li><li>Cr\u00e9ditos de vuelo&nbsp;<\/li><li>Cancelaciones flexibles: GrandView le reembolsar\u00e1 el coste del billete en su cuenta<\/li><li>$200 de cr\u00e9dito de restauraci\u00f3n por cada d\u00eda de vuelo que realice<\/li><li>Ofertas de vuelos en vac\u00edo<\/li><\/ul>\r\n\r\n\r\n\r\n<p>A diferencia de Altitude Plus, convertirse en un <strong>Altitud Millas <\/strong>miembro, pero no obtendr\u00e1 descuentos en los vuelos ni precios fijos. Los viajeros frecuentes pueden obtener ventajas y privilegios, como:<\/p>\r\n\r\n\r\n\r\n<ul class=\"wp-block-list\"><li>Catering a bordo&nbsp;<\/li><li>Cr\u00e9ditos de vuelo&nbsp;<\/li><li>Cancelaciones flexibles: GrandView le reembolsar\u00e1 el coste del billete en su cuenta<\/li><li>$200 de cr\u00e9dito de restauraci\u00f3n por cada d\u00eda de vuelo<\/li><li>Ofertas de vuelos en vac\u00edo<\/li><\/ul>\r\n\r\n\r\n\r\n<h2 class=\"wp-block-heading\"><span class=\"ez-toc-section\" id=\"Pricing\"><\/span>Precios<span class=\"ez-toc-section-end\"><\/span><\/h2>\r\n\r\n\r\n\r\n<p>La tarifa por hora est\u00e1 garantizada para los socios, y los costes se calculan en funci\u00f3n del total de horas de vuelo. El precio incluye el traslado desde Atlanta, Austin, Baltimore, Boston, Chicago, Denver, Los \u00c1ngeles y Scottsdale. Hay tarifas de transporte establecidas para m\u00e1s de 65 destinos principales.&nbsp;<\/p>\r\n\r\n\r\n\r\n<p>El coste por hora de vuelo con su flota de Phenom 300 comienza en torno a los $3.100, incluido el FET (impuesto federal sobre el consumo) pero sin tasas de reposici\u00f3n.<\/p>\r\n\r\n\r\n\r\n<h2 class=\"wp-block-heading\"><span class=\"ez-toc-section\" id=\"The_Fleet\"><\/span>La flota&nbsp;<span class=\"ez-toc-section-end\"><\/span><\/h2>\r\n\r\n\r\n\r\n<figure class=\"wp-block-image size-full is-style-default\"><img loading=\"lazy\" decoding=\"async\" width=\"1000\" height=\"667\" src=\"https:\/\/comparemyjet.com\/wp-content\/uploads\/2022\/08\/phenom300.jet_.jpg\" alt=\"\" class=\"wp-image-3224\" srcset=\"https:\/\/comparemyjet.com\/wp-content\/uploads\/2022\/08\/phenom300.jet_-18x12.jpg 18w, https:\/\/comparemyjet.com\/wp-content\/uploads\/2022\/08\/phenom300.jet_-300x200.jpg 300w, https:\/\/comparemyjet.com\/wp-content\/uploads\/2022\/08\/phenom300.jet_-768x512.jpg 768w, https:\/\/comparemyjet.com\/wp-content\/uploads\/2022\/08\/phenom300.jet_.jpg 1000w\" sizes=\"auto, (max-width: 1000px) 100vw, 1000px\" \/><\/figure>\r\n\r\n\r\n\r\n<p>GrandView Aviation mantiene su flota de aviones privados Phenom 300 y algunos helic\u00f3pteros en sus centros de Boston, Baltimore\/DC, Los \u00c1ngeles, Chicago, Atlanta y Austin, <a href=\"https:\/\/comparemyjet.com\/es\/vuelos-charter-privados-a-fenix\/\" data-internallinksmanager029f6b8e52c=\"199\" title=\"Vuelos Privados a Phoenix\">Phoenix<\/a>y Denver.<\/p>\r\n\r\n\r\n\r\n<h3 class=\"wp-block-heading\"><span class=\"ez-toc-section\" id=\"1_Light_Private_Jets\"><\/span>1. Jets privados ligeros<span class=\"ez-toc-section-end\"><\/span><\/h3>\r\n\r\n\r\n\r\n<p>En comparaci\u00f3n con los helic\u00f3pteros, los jets ligeros son m\u00e1s grandes y tienen m\u00e1s alcance. Pueden transportar hasta ocho pasajeros con comodidad garantizada gracias a su mayor cabina y al almacenamiento de equipaje.<\/p>\r\n\r\n\r\n\r\n<p>Las aeronaves ligeras tambi\u00e9n pueden aterrizar y despegar desde pistas diminutas y aeropuertos locales, lo que le permite visitar zonas de dif\u00edcil acceso y aeropuertos con pistas m\u00e1s cortas.<\/p>\r\n\r\n\r\n\r\n<h4 class=\"wp-block-heading\"><span class=\"ez-toc-section\" id=\"Our_Recommendation_Embraer_Phenom_300\"><\/span>Nuestra recomendaci\u00f3n: Embraer Phenom 300<span class=\"ez-toc-section-end\"><\/span><\/h4>\r\n\r\n\r\n\r\n<p>El Phenom 300 puede acomodar hasta 8 viajeros, y su amplia cabina cuenta con mucho espacio para el equipaje. Hay suficiente espacio para el equipo de golf, las bolsas y otros art\u00edculos que pueda necesitar para su viaje. El interior ofrece un c\u00f3modo espacio para las piernas y cuenta con mobiliario de alta gama, como sillones reclinables de cuero, mesas de madera y alfombras de felpa, incluyendo un lavabo. Adem\u00e1s de los aperitivos y el vino de cortes\u00eda, pueden ofrecer un servicio de catering a bordo si se solicita.&nbsp;<\/p>\r\n\r\n\r\n\r\n<p>De 2013 a 2015, el Phenom 300 fue el avi\u00f3n de negocios m\u00e1s popular. La autonom\u00eda de este avi\u00f3n supera a la de la mayor\u00eda de los dem\u00e1s reactores ligeros, ofreci\u00e9ndole un rendimiento propio de un avi\u00f3n de tama\u00f1o medio a un coste menor.&nbsp;<\/p>\r\n\r\n\r\n\r\n<p>Especificaciones y comodidades del Phenom 300:<\/p>\r\n\r\n\r\n\r\n<ul class=\"wp-block-list\"><li>Pasajeros: 8;<\/li><li>Altura de la cabina: 4 pies y 11 pulgadas;<\/li><li>Anchura de la cabina: 1,5 m;<\/li><li>Longitud de la cabina: 17 pies 2 pulgadas;<\/li><li>Altura exterior: 16 pies y 5 pulgadas;<\/li><li>Equipaje exterior: 66 pies c\u00fabicos;<\/li><li>Equipaje interno: 19 pies c\u00fabicos;<\/li><li>Velocidad m\u00e1xima: 453 kts;<\/li><li>Alcance m\u00e1ximo: 2077 nm;<\/li><li>Velocidad de ascenso: 3335 fpm;<\/li><li>Tripulaci\u00f3n: 2;<\/li><li>Internet inal\u00e1mbrico;<\/li><li>Lavabo;<\/li><li>Tomas de corriente y servicio de tel\u00e9fono por sat\u00e9lite.<\/li><\/ul>\r\n\r\n\r\n\r\n<p><em>El Phenom 300<\/em> Los aviones ch\u00e1rter est\u00e1n estacionados en Baltimore\/DC, Chicago, Austin, Atlanta y Scottsdale, lo que le permite volar desde el Atl\u00e1ntico Medio, el Noreste y el Centro de Estados Unidos.&nbsp;<\/p>\r\n\r\n\r\n\r\n<h3 class=\"wp-block-heading\"><span class=\"ez-toc-section\" id=\"2_Helicopters\"><\/span>2. Helic\u00f3pteros<span class=\"ez-toc-section-end\"><\/span><\/h3>\r\n\r\n\r\n\r\n<p>Los vuelos ch\u00e1rter en helic\u00f3ptero permiten despegar y aterrizar en cualquier lugar preciso, incluidos helipuertos, complejos tur\u00edsticos e incluso casas particulares. Pueden aterrizar en casi cualquier lugar en caso de emergencia y suponen menos peligros para los pasajeros. Sin embargo, se ven afectados m\u00e1s f\u00e1cilmente por las condiciones meteorol\u00f3gicas, y su vuelo puede ser cancelado si las circunstancias meteorol\u00f3gicas no son ideales.&nbsp;<\/p>\r\n\r\n\r\n\r\n<p>GrandView Aviation ofrece helic\u00f3pteros VIP con sistemas de entretenimiento en vuelo y espacio para hasta 12 pasajeros. Todos los vuelos ch\u00e1rter en helic\u00f3ptero son operados por dos pilotos cualificados para la \u00f3ptima seguridad de los clientes.<\/p>\r\n\r\n\r\n\r\n<h4 class=\"wp-block-heading\"><span class=\"ez-toc-section\" id=\"Our_Recommendation_Bell_407GXI\"><\/span>Nuestra recomendaci\u00f3n: Bell 407GXI<span class=\"ez-toc-section-end\"><\/span><\/h4>\r\n\r\n\r\n\r\n<p>El Bell 407GXI es un helic\u00f3ptero monomotor polivalente de cuatro palas que se lanz\u00f3 por primera vez en 1995. El material compuesto utilizado para las palas y el cubo aumenta el rendimiento y proporciona un vuelo m\u00e1s c\u00f3modo. Se utiliza con frecuencia en el cumplimiento de la ley, la recopilaci\u00f3n de noticias electr\u00f3nicas y la creaci\u00f3n de pel\u00edculas, as\u00ed como en el comercio y la navegaci\u00f3n en alta mar. La cabina puede configurarse para acomodar una variedad de tareas y cargas \u00fatiles, incluyendo asientos para pasajeros de club para hasta seis personas.&nbsp;<\/p>\r\n\r\n\r\n\r\n<p>Especificaciones:<\/p>\r\n\r\n\r\n\r\n<ul class=\"wp-block-list\"><li>Pasajeros: 5;<\/li><li>Altura exterior: 11 pies y 8 pulgadas;<\/li><li>Equipaje externo: 20 pies c\u00fabicos;<\/li><li>Longitud: 41 pies 8 pulgadas;<\/li><li>Equipaje interno: 3 pies c\u00fabicos;<\/li><li>Velocidad m\u00e1xima: 140 kts;<\/li><li>Los asientos son lujosos y est\u00e1n muy acolchados;<\/li><li>Tapicer\u00eda de cuero.<\/li><\/ul>\r\n\r\n\r\n\r\n<p>Adem\u00e1s de nuestro helic\u00f3ptero recomendado <em>Campana 407<\/em>GrandView Aviation ofrece uno m\u00e1s en su cat\u00e1logo: el<em>l Sikorsky S-76D<\/em>.<\/p>\r\n\r\n\r\n\r\n<h2 class=\"wp-block-heading\"><span class=\"ez-toc-section\" id=\"Company_Safety_Policy_and_Standards\"><\/span>Pol\u00edtica y normas de seguridad de la empresa<span class=\"ez-toc-section-end\"><\/span><\/h2>\r\n\r\n\r\n\r\n<p><a href=\"https:\/\/nbaa.org\/flight-department-administration\/sms\/is-bao\/\" target=\"_blank\" rel=\"noopener\">La norma internacional para las operaciones de las aeronaves de negocios<\/a> (IS-BAO) se cre\u00f3 para ayudar a los departamentos de vuelo de todo el mundo a alcanzar altos niveles de seguridad y profesionalidad. Como cliente de GrandView Aviation, puede estar seguro de que una <a href=\"https:\/\/www.faa.gov\/about\/initiatives\/sms\" target=\"_blank\" rel=\"noopener\">Sistema de gesti\u00f3n de la seguridad<\/a> (SMS) se ha implantado en todos los vuelos ch\u00e1rter en helic\u00f3ptero, gracias a esta calificaci\u00f3n de seguridad.<\/p>\r\n\r\n\r\n\r\n<p>Adem\u00e1s, <a href=\"https:\/\/nbaa.org\/\" target=\"_blank\" rel=\"noopener\">La Asociaci\u00f3n Nacional de Aviaci\u00f3n de Negocios<\/a> honr\u00f3 a GrandView Aviation con un certificado de seguridad de 10 a\u00f1os sin accidentes ni incidentes, y los pilotos de la compa\u00f1\u00eda son <a href=\"https:\/\/www.wyvernltd.com\/\" target=\"_blank\" rel=\"noopener\">Wyvern Wingman<\/a> de seguridad y <a href=\"https:\/\/www.argus.aero\/\" target=\"_blank\" rel=\"noopener\">ARGUS<\/a> Operadores con calificaci\u00f3n de oro.<\/p>\r\n\r\n\r\n\r\n<p>GrandView cuenta con una p\u00f3liza de seguro de responsabilidad civil de $150 millones, y todos los vuelos son operados por dos pilotos.<\/p>\r\n\r\n\r\n\r\n<h2 class=\"wp-block-heading\"><span class=\"ez-toc-section\" id=\"The_Staff\"><\/span>El personal<span class=\"ez-toc-section-end\"><\/span><\/h2>\r\n\r\n\r\n\r\n<figure class=\"wp-block-image size-full is-style-default\"><img loading=\"lazy\" decoding=\"async\" width=\"1000\" height=\"667\" src=\"https:\/\/comparemyjet.com\/wp-content\/uploads\/2022\/07\/two.private.jet_.pilots.jpg\" alt=\"GrandView Aviation\" class=\"wp-image-3137\" srcset=\"https:\/\/comparemyjet.com\/wp-content\/uploads\/2022\/07\/two.private.jet_.pilots-18x12.jpg 18w, https:\/\/comparemyjet.com\/wp-content\/uploads\/2022\/07\/two.private.jet_.pilots-300x200.jpg 300w, https:\/\/comparemyjet.com\/wp-content\/uploads\/2022\/07\/two.private.jet_.pilots-768x512.jpg 768w, https:\/\/comparemyjet.com\/wp-content\/uploads\/2022\/07\/two.private.jet_.pilots.jpg 1000w\" sizes=\"auto, (max-width: 1000px) 100vw, 1000px\" \/><\/figure>\r\n\r\n\r\n\r\n<p>GrandView ha pasado de ser una empresa de 65 personas a tener m\u00e1s de 120 empleados, entre pilotos, despachadores de vuelo y t\u00e9cnicos. En 2022, la empresa gener\u00f3 m\u00e1s de $50 millones en ventas y ha sido nombrada en el <a href=\"https:\/\/thedailyrecord.com\/2022\/01\/21\/grandview-aviation-moves-to-new-hq-in-middle-river\/\" target=\"_blank\" rel=\"noopener\">Lista Inc 5000 de las empresas de m\u00e1s r\u00e1pido crecimiento de Estados Unidos<\/a>. La empresa tiene el mayor n\u00famero de empleados de la aviaci\u00f3n privada en Maryland.&nbsp;<\/p>\r\n\r\n\r\n\r\n<h2 class=\"wp-block-heading\"><span class=\"ez-toc-section\" id=\"Conclusion\"><\/span>Conclusi\u00f3n<span class=\"ez-toc-section-end\"><\/span><\/h2>\r\n\r\n\r\n\r\n<p>GrandView es una destacada empresa norteamericana de aviaci\u00f3n privada de ch\u00e1rter y transporte de \u00f3rganos con 130 empleados y una flota de Phenom 300 con sede en Baltimore, Maryland.&nbsp;<\/p>\r\n\r\n\r\n\r\n<p>Puede unirse a sus programas de tarjeta jet Altitude Plus y Altitude Miles para convertirse en miembro y obtener algunas de las ventajas ofrecidas. Como propietario de una tarjeta jet, gana millas a medida que vuela y las millas de recompensa pueden utilizarse para obtener cr\u00e9ditos de la aerol\u00ednea, catering y otros servicios. Los miembros de Altitude Plus tambi\u00e9n obtienen un descuento en los vuelos. Adem\u00e1s, ofrecen una pol\u00edtica de cancelaci\u00f3n flexible, para que pueda hacer planes flexibles sin preocupaciones.&nbsp;<\/p>","protected":false},"excerpt":{"rendered":"<p>GrandView Aviation es una empresa de alquiler de jets privados con sede en Baltimore que opera en Estados Unidos. Puede volar por todo el pa\u00eds con sus aviones a reacci\u00f3n Phenom 300, y alquilar sus helic\u00f3pteros Sikorsky S-76D y Bell 407GXI en Baltimore y Washington, D.C. Dado que la empresa est\u00e1 certificada por Wyvern Wingman, sus pilotos siguen las \u00faltimas y mejores ...<\/p>","protected":false},"author":2,"featured_media":3225,"parent":0,"menu_order":0,"comment_status":"closed","ping_status":"closed","template":"","meta":{"_acf_changed":false,"_genesis_hide_title":false,"_genesis_hide_breadcrumbs":false,"_genesis_hide_singular_image":false,"_genesis_hide_footer_widgets":false,"_genesis_custom_body_class":"","_genesis_custom_post_class":"","_genesis_layout":"","footnotes":""},"class_list":{"1":"page","2":"type-page","6":"entry"},"acf":[],"_links":{"self":[{"href":"https:\/\/comparemyjet.com\/es\/wp-json\/wp\/v2\/pages\/3223","targetHints":{"allow":["GET"]}}],"collection":[{"href":"https:\/\/comparemyjet.com\/es\/wp-json\/wp\/v2\/pages"}],"about":[{"href":"https:\/\/comparemyjet.com\/es\/wp-json\/wp\/v2\/types\/page"}],"author":[{"embeddable":true,"href":"https:\/\/comparemyjet.com\/es\/wp-json\/wp\/v2\/users\/2"}],"replies":[{"embeddable":true,"href":"https:\/\/comparemyjet.com\/es\/wp-json\/wp\/v2\/comments?post=3223"}],"version-history":[{"count":2,"href":"https:\/\/comparemyjet.com\/es\/wp-json\/wp\/v2\/pages\/3223\/revisions"}],"predecessor-version":[{"id":3460,"href":"https:\/\/comparemyjet.com\/es\/wp-json\/wp\/v2\/pages\/3223\/revisions\/3460"}],"wp:featuredmedia":[{"embeddable":true,"href":"https:\/\/comparemyjet.com\/es\/wp-json\/wp\/v2\/media\/3225"}],"wp:attachment":[{"href":"https:\/\/comparemyjet.com\/es\/wp-json\/wp\/v2\/media?parent=3223"}],"curies":[{"name":"wp","href":"https:\/\/api.w.org\/{rel}","templated":true}]}}