{"id":3482,"date":"2022-10-03T23:23:31","date_gmt":"2022-10-03T23:23:31","guid":{"rendered":"https:\/\/comparemyjet.com\/?page_id=3482"},"modified":"2025-09-04T10:00:52","modified_gmt":"2025-09-04T10:00:52","slug":"starflight-aviation","status":"publish","type":"page","link":"https:\/\/comparemyjet.com\/es\/starflight-aviation\/","title":{"rendered":"Precios de los vuelos de Starflight Aviation"},"content":{"rendered":"<p>Starflite Aviation es una veterana empresa de vuelos ch\u00e1rter privados que lleva m\u00e1s de 30 a\u00f1os operando. Esta empresa con sede en Estados Unidos cuenta con una clientela global y con frecuencia ofrece servicios de transporte para m\u00fasicos, artistas, pol\u00edticos y otra clientela VIP.\u00a0<\/p>\r\n\r\n\r\n\r\n<p>Veamos con m\u00e1s detalle en qu\u00e9 consisten.\u00a0<\/p>\r\n\r\n\r\n\r\n<div id=\"ez-toc-container\" class=\"ez-toc-v2_0_76 counter-hierarchy ez-toc-counter ez-toc-grey ez-toc-container-direction\">\n<p class=\"ez-toc-title\" style=\"cursor:inherit\">Temas<\/p>\n<label for=\"ez-toc-cssicon-toggle-item-69ef7538ad13c\" class=\"ez-toc-cssicon-toggle-label\"><span class=\"\"><span class=\"eztoc-hide\" style=\"display:none;\">Toggle<\/span><span class=\"ez-toc-icon-toggle-span\"><svg style=\"fill: #999;color:#999\" xmlns=\"http:\/\/www.w3.org\/2000\/svg\" class=\"list-377408\" width=\"20px\" height=\"20px\" viewbox=\"0 0 24 24\" fill=\"none\"><path d=\"M6 6H4v2h2V6zm14 0H8v2h12V6zM4 11h2v2H4v-2zm16 0H8v2h12v-2zM4 16h2v2H4v-2zm16 0H8v2h12v-2z\" fill=\"currentColor\"><\/path><\/svg><svg style=\"fill: #999;color:#999\" class=\"arrow-unsorted-368013\" xmlns=\"http:\/\/www.w3.org\/2000\/svg\" width=\"10px\" height=\"10px\" viewbox=\"0 0 24 24\" version=\"1.2\" baseprofile=\"tiny\"><path d=\"M18.2 9.3l-6.2-6.3-6.2 6.3c-.2.2-.3.4-.3.7s.1.5.3.7c.2.2.4.3.7.3h11c.3 0 .5-.1.7-.3.2-.2.3-.5.3-.7s-.1-.5-.3-.7zM5.8 14.7l6.2 6.3 6.2-6.3c.2-.2.3-.5.3-.7s-.1-.5-.3-.7c-.2-.2-.4-.3-.7-.3h-11c-.3 0-.5.1-.7.3-.2.2-.3.5-.3.7s.1.5.3.7z\"\/><\/svg><\/span><\/span><\/label><input type=\"checkbox\"  id=\"ez-toc-cssicon-toggle-item-69ef7538ad13c\" checked aria-label=\"Alternar\" \/><nav><ul class='ez-toc-list ez-toc-list-level-1' ><li class='ez-toc-page-1 ez-toc-heading-level-2'><a class=\"ez-toc-link ez-toc-heading-1\" href=\"https:\/\/comparemyjet.com\/es\/starflight-aviation\/#About_the_Company\" >Acerca de la empresa<\/a><\/li><li class='ez-toc-page-1 ez-toc-heading-level-2'><a class=\"ez-toc-link ez-toc-heading-2\" href=\"https:\/\/comparemyjet.com\/es\/starflight-aviation\/#On-Demand_Charter\" >Carta a la carta<\/a><\/li><li class='ez-toc-page-1 ez-toc-heading-level-2'><a class=\"ez-toc-link ez-toc-heading-3\" href=\"https:\/\/comparemyjet.com\/es\/starflight-aviation\/#Company_Jet_Card_Program\" >Programa de tarjetas Jet de la empresa<\/a><\/li><li class='ez-toc-page-1 ez-toc-heading-level-2'><a class=\"ez-toc-link ez-toc-heading-4\" href=\"https:\/\/comparemyjet.com\/es\/starflight-aviation\/#The_Fleet\" >La flota<\/a><\/li><li class='ez-toc-page-1 ez-toc-heading-level-2'><a class=\"ez-toc-link ez-toc-heading-5\" href=\"https:\/\/comparemyjet.com\/es\/starflight-aviation\/#Starflight_Aviation_Carbon_Program\" >Programa Starflight Aviation Carbon\u00a0<\/a><\/li><li class='ez-toc-page-1 ez-toc-heading-level-2'><a class=\"ez-toc-link ez-toc-heading-6\" href=\"https:\/\/comparemyjet.com\/es\/starflight-aviation\/#Conclusion\" >Conclusi\u00f3n<\/a><\/li><\/ul><\/nav><\/div>\n<h2 class=\"wp-block-heading\"><span class=\"ez-toc-section\" id=\"About_the_Company\"><\/span>Acerca de la empresa<span class=\"ez-toc-section-end\"><\/span><\/h2>\r\n\r\n\r\n\r\n<p>Starflight Aviation es una aerol\u00ednea de propiedad privada que ofrece servicios de mensajer\u00eda y carga, adem\u00e1s de vuelos ch\u00e1rter privados. La empresa se fund\u00f3 el 13 de junio de 1989 y tiene su sede en Farnborough, Hampshire.<\/p>\r\n\r\n\r\n\r\n<p>La empresa organiza vuelos ch\u00e1rter para ejecutivos y personalidades, contratando jets, helic\u00f3pteros y turboh\u00e9lices de otras compa\u00f1\u00edas a\u00e9reas. Starflight Aviation atiende a clientes de todo el mundo, incluidos los Estados Unidos, el Reino Unido y Europa. Ofrecen una garant\u00eda de disponibilidad 100% con 24 horas de antelaci\u00f3n.<\/p>\r\n\r\n\r\n\r\n<h2 class=\"wp-block-heading\"><span class=\"ez-toc-section\" id=\"On-Demand_Charter\"><\/span>Carta a la carta<span class=\"ez-toc-section-end\"><\/span><\/h2>\r\n\r\n\r\n\r\n<figure class=\"wp-block-image size-full is-style-default\"><img loading=\"lazy\" decoding=\"async\" width=\"1000\" height=\"667\" class=\"wp-image-3137\" src=\"https:\/\/comparemyjet.com\/wp-content\/uploads\/2022\/07\/two.private.jet_.pilots.jpg\" alt=\"Starflight Aviation\" srcset=\"https:\/\/comparemyjet.com\/wp-content\/uploads\/2022\/07\/two.private.jet_.pilots-18x12.jpg 18w, https:\/\/comparemyjet.com\/wp-content\/uploads\/2022\/07\/two.private.jet_.pilots-300x200.jpg 300w, https:\/\/comparemyjet.com\/wp-content\/uploads\/2022\/07\/two.private.jet_.pilots-768x512.jpg 768w, https:\/\/comparemyjet.com\/wp-content\/uploads\/2022\/07\/two.private.jet_.pilots.jpg 1000w\" sizes=\"auto, (max-width: 1000px) 100vw, 1000px\" \/><\/figure>\r\n\r\n\r\n\r\n<p>Starflight Aviation es uno de los corredores de vuelos ch\u00e1rter m\u00e1s reputados, ya que lleva 30 a\u00f1os en el mercado. Tanto si se trata de un viaje r\u00e1pido en helic\u00f3ptero como de un vuelo de larga distancia en un avi\u00f3n de lujo, solo obtendr\u00e1 el mejor servicio, los interiores m\u00e1s elegantes y muchas comodidades.\u00a0<\/p>\r\n\r\n\r\n\r\n<p>La empresa ha organizado y realizado giras internacionales para algunos de los artistas y grupos m\u00e1s famosos de la historia, desde bandas unipersonales hasta orquestas sinf\u00f3nicas completas. Su dedicaci\u00f3n a ofrecer un servicio excelente y una atenci\u00f3n inquebrantable a los detalles les diferencia de la competencia.<\/p>\r\n\r\n\r\n\r\n<p>El personal de Starflight Aviation tiene en cuenta sus necesidades de viaje, incluidas sus restricciones diet\u00e9ticas y sus h\u00e1bitos de lectura de peri\u00f3dicos, antes de organizar su vuelo.\u00a0<\/p>\r\n\r\n\r\n\r\n<h2 class=\"wp-block-heading\"><span class=\"ez-toc-section\" id=\"Company_Jet_Card_Program\"><\/span>Programa de tarjetas Jet de la empresa<span class=\"ez-toc-section-end\"><\/span><\/h2>\r\n\r\n\r\n\r\n<p>Los clientes que deseen una combinaci\u00f3n de disponibilidad garantizada, condiciones completamente personalizables y precios con todo incluido, encontrar\u00e1n lo que buscan en Starflight Aviations <a href=\"https:\/\/flystarflight.com\/#jetcard\" target=\"_blank\" rel=\"noopener\">Soluci\u00f3n de la tarjeta Jet<\/a>.\u00a0<\/p>\r\n\r\n\r\n\r\n<p>Starflight ha creado una de las tarjetas Jet m\u00e1s abiertas y c\u00f3modas del mercado, eliminando los costes posteriores al vuelo y las limitaciones contractuales que se observan en las ofertas de muchos rivales. El programa es una de las mejores opciones de prepago del mercado. No hay l\u00edmites de tiempo para utilizar sus millas, y hay ahorros para viajes de ida y vuelta y una garant\u00eda de devoluci\u00f3n del dinero.<\/p>\r\n\r\n\r\n\r\n<p>El compromiso con su prop\u00f3sito se muestra en la inclusi\u00f3n habitual de su <a href=\"https:\/\/flystarflight.com\/#carbon-programme\" target=\"_blank\" rel=\"noopener\">Programa Cool Earth Planet Positive<\/a>.<\/p>\r\n\r\n\r\n\r\n<h2 class=\"wp-block-heading\"><span class=\"ez-toc-section\" id=\"The_Fleet\"><\/span>La flota<span class=\"ez-toc-section-end\"><\/span><\/h2>\r\n\r\n\r\n\r\n<p>Starflight Aviation Limited es un corredor de servicios de ch\u00e1rter a\u00e9reo, lo que significa que no posee una flota de aviones. La empresa trabaja con una amplia red de compa\u00f1\u00edas a\u00e9reas directas de terceros y compa\u00f1\u00edas a\u00e9reas internacionales directas para encontrarle el mejor avi\u00f3n para su viaje.<\/p>\r\n\r\n\r\n\r\n<p>Starflight siempre tiende a ofrecer un servicio de primera calidad, tanto si sus pasajeros realizan un r\u00e1pido viaje en helic\u00f3ptero como un vuelo de larga distancia en un avi\u00f3n de lujo, por lo que todas las aerol\u00edneas de terceros cuentan con las licencias adecuadas que exige la ley.<\/p>\r\n\r\n\r\n\r\n<h2 class=\"wp-block-heading\"><span class=\"ez-toc-section\" id=\"Starflight_Aviation_Carbon_Program\"><\/span>Programa Starflight Aviation Carbon\u00a0<span class=\"ez-toc-section-end\"><\/span><\/h2>\r\n\r\n\r\n\r\n<figure class=\"wp-block-image size-full is-style-default\"><img loading=\"lazy\" decoding=\"async\" width=\"1000\" height=\"644\" class=\"wp-image-2974\" src=\"https:\/\/comparemyjet.com\/wp-content\/uploads\/2022\/06\/plane.in_.the_.sky_.against.polution.jpg\" alt=\"\" srcset=\"https:\/\/comparemyjet.com\/wp-content\/uploads\/2022\/06\/plane.in_.the_.sky_.against.polution-18x12.jpg 18w, https:\/\/comparemyjet.com\/wp-content\/uploads\/2022\/06\/plane.in_.the_.sky_.against.polution-300x193.jpg 300w, https:\/\/comparemyjet.com\/wp-content\/uploads\/2022\/06\/plane.in_.the_.sky_.against.polution-768x495.jpg 768w, https:\/\/comparemyjet.com\/wp-content\/uploads\/2022\/06\/plane.in_.the_.sky_.against.polution.jpg 1000w\" sizes=\"auto, (max-width: 1000px) 100vw, 1000px\" \/><\/figure>\r\n\r\n\r\n\r\n<p>Starlight Aviation ha estado trabajando con activistas medioambientales y organizaciones ben\u00e9ficas de todo el mundo para compensar los efectos de las emisiones de carbono.\u00a0<\/p>\r\n\r\n\r\n\r\n<p>Mientras que otras compa\u00f1\u00edas de vuelos ch\u00e1rter privados tambi\u00e9n se centran en compensar su huella de carbono, Starflight Aviation va un paso m\u00e1s all\u00e1 ampliando sus esfuerzos para evitar la deforestaci\u00f3n, ayudar a la poblaci\u00f3n local y ofrecer a los clientes formas adicionales de controlar el efecto medioambiental de sus viajes.\u00a0<\/p>\r\n\r\n\r\n\r\n<p>Para contribuir a la lucha contra la deforestaci\u00f3n y ayudar a las comunidades ind\u00edgenas como los Ash\u00e1ninka de la Amazonia peruana, Starflight Aviation se asoci\u00f3 con la innovadora organizaci\u00f3n ben\u00e9fica <a href=\"https:\/\/www.coolearth.org\/\" target=\"_blank\" rel=\"noopener\">Tierra fr\u00eda<\/a> en 2009. Cool Earth y el <a href=\"https:\/\/www.survivalinternational.org\/galleries\/ashaninka\" target=\"_blank\" rel=\"noopener\">Ash\u00e1ninka<\/a> han podido trabajar juntos para preservar casi 10.000 acres de selva tropical en el Amazonas peruano, ya que los bosques tropicales desempe\u00f1an un papel fundamental para atemperar los efectos de la crisis clim\u00e1tica.\u00a0<\/p>\r\n\r\n\r\n\r\n<p>Starflight Aviation estren\u00f3 su nuevo programa Planet Positive en 2021 en colaboraci\u00f3n con Cool Earth. El programa pretende crear recursos de ingresos sostenibles en \u00c1frica para mejorar las condiciones de vida de las personas y ayudar a preservar los bosques de la regi\u00f3n.\u00a0<\/p>\r\n\r\n\r\n\r\n<p>La compa\u00f1\u00eda tambi\u00e9n tiene previsto poner en marcha el programa Climate Neutral, en el que los clientes podr\u00e1n compensar la totalidad de las emisiones de carbono de cada vuelo mediante la cooperaci\u00f3n con la organizaci\u00f3n sin \u00e1nimo de lucro MyClimate.<\/p>\r\n\r\n\r\n\r\n<h2 class=\"wp-block-heading\"><span class=\"ez-toc-section\" id=\"Conclusion\"><\/span>Conclusi\u00f3n<span class=\"ez-toc-section-end\"><\/span><\/h2>\r\n\r\n\r\n\r\n<p>Starflight Aviation se fund\u00f3 en 1989 como agente de vuelos ch\u00e1rter para satisfacer las necesidades de celebridades, pol\u00edticos, m\u00fasicos y otras figuras p\u00fablicas. La atenci\u00f3n del personal a los detalles hace que sea uno de los mejores corredores de vuelos ch\u00e1rter de todo el mundo.<\/p>\r\n\r\n\r\n\r\n<p>Una parte de los beneficios del programa Jet Card de la compa\u00f1\u00eda se destina al Programa de Carbono Responsable que est\u00e1n aplicando para preservar la selva tropical en la Amazonia peruana. Este programa est\u00e1 en marcha desde 2009 y ha ayudado a mantener a salvo 8.500 acres de bosque.<\/p>","protected":false},"excerpt":{"rendered":"<p>Starflite Aviation es una veterana empresa de vuelos ch\u00e1rter privados que lleva m\u00e1s de 30 a\u00f1os operando. Esta empresa con sede en EE.UU. tiene una clientela global y con frecuencia proporciona servicios de transporte para m\u00fasicos, artistas, pol\u00edticos y otra clientela VIP.  Veamos con m\u00e1s detalle de qu\u00e9 se trata.  Acerca de la empresa Starflight Aviation es una empresa privada ...<\/p>","protected":false},"author":2,"featured_media":3483,"parent":0,"menu_order":0,"comment_status":"closed","ping_status":"closed","template":"","meta":{"_acf_changed":false,"_genesis_hide_title":false,"_genesis_hide_breadcrumbs":false,"_genesis_hide_singular_image":false,"_genesis_hide_footer_widgets":false,"_genesis_custom_body_class":"","_genesis_custom_post_class":"","_genesis_layout":"","footnotes":""},"class_list":{"1":"page","2":"type-page","6":"entry"},"acf":[],"_links":{"self":[{"href":"https:\/\/comparemyjet.com\/es\/wp-json\/wp\/v2\/pages\/3482","targetHints":{"allow":["GET"]}}],"collection":[{"href":"https:\/\/comparemyjet.com\/es\/wp-json\/wp\/v2\/pages"}],"about":[{"href":"https:\/\/comparemyjet.com\/es\/wp-json\/wp\/v2\/types\/page"}],"author":[{"embeddable":true,"href":"https:\/\/comparemyjet.com\/es\/wp-json\/wp\/v2\/users\/2"}],"replies":[{"embeddable":true,"href":"https:\/\/comparemyjet.com\/es\/wp-json\/wp\/v2\/comments?post=3482"}],"version-history":[{"count":6,"href":"https:\/\/comparemyjet.com\/es\/wp-json\/wp\/v2\/pages\/3482\/revisions"}],"predecessor-version":[{"id":3513,"href":"https:\/\/comparemyjet.com\/es\/wp-json\/wp\/v2\/pages\/3482\/revisions\/3513"}],"wp:featuredmedia":[{"embeddable":true,"href":"https:\/\/comparemyjet.com\/es\/wp-json\/wp\/v2\/media\/3483"}],"wp:attachment":[{"href":"https:\/\/comparemyjet.com\/es\/wp-json\/wp\/v2\/media?parent=3482"}],"curies":[{"name":"wp","href":"https:\/\/api.w.org\/{rel}","templated":true}]}}